{"id":217,"date":"2016-10-28T13:34:47","date_gmt":"2016-10-28T11:34:47","guid":{"rendered":"https:\/\/wl.heimpixel.de\/vorlage\/produkte\/"},"modified":"2022-09-23T12:31:02","modified_gmt":"2022-09-23T10:31:02","slug":"unser-sortiment","status":"publish","type":"page","link":"https:\/\/weltlaeden.de\/essen-borbeck\/unser-sortiment\/","title":{"rendered":"Unser Sortiment"},"content":{"rendered":"<div class=\"wpb-content-wrapper\"><p>[vc_row][vc_column][vc_column_text]<\/p>\n<h1><strong>Unser Sortiment<\/strong><\/h1>\n<p>Wir laden Sie herzlich ein, uns im Weltladen zu besuchen und sich \u00fcberraschen zu lassen. Es erwartet sie ein vielf\u00e4ltiges Angebot.[\/vc_column_text][vc_empty_space][vc_column_text]<\/p>\n<h2>Lebensmittel<\/h2>\n<p>[\/vc_column_text][\/vc_column][\/vc_row][vc_row][vc_column width=&#8220;1\/3&#8243;][vc_single_image image=&#8220;727&#8243; img_size=&#8220;medium&#8220;][\/vc_column][vc_column width=&#8220;2\/3&#8243;][vc_column_text]Sie finden unterschiedlichste Kaffeesorten \u2013 vom entkoffeinierten Kaffee bis zum Espresso.<br \/>\nTee in gro\u00dfer Auswahl \u2013 vom Gr\u00fcntee \u00fcber diverse Kr\u00e4utertees bis zu schwarzen Teesorten.<\/p>\n<p>Viele verschiedene Honigsorten.<\/p>\n<p>Dazu Kekse, Bonbons, Knabberartikel.<\/p>\n<p>Weine unterschiedlicher Herkunftsl\u00e4nder.<br \/>\nEin reichhaltiges Angebot an Confiserie und Schokolade.[\/vc_column_text][\/vc_column][\/vc_row][vc_row][vc_column][vc_empty_space][vc_separator][vc_column_text]<\/p>\n<h2>Kunsthandwerk<\/h2>\n<p>Sollten Sie ein ausgefallenes Geschenk suchen oder etwas Sch\u00f6nes f\u00fcr sich selbst kaufen wollen, bei uns werden Sie f\u00fcndig![\/vc_column_text][\/vc_column][\/vc_row][vc_row][vc_column width=&#8220;1\/3&#8243;][vc_single_image image=&#8220;733&#8243; img_size=&#8220;medium&#8220;][\/vc_column][vc_column width=&#8220;2\/3&#8243;][vc_column_text]<strong>Taschen, Geldb\u00f6rsen, Kleinlederartikel<\/strong>\u00a0\u2013 aus Leder, Stoff, Filz, Recyclingmaterial.<\/p>\n<p><strong>K\u00f6rbe<\/strong>, u.a. Bolgak\u00f6rbe aus Elefantengras<\/p>\n<p><strong>T\u00fccher\u00a0<\/strong>und\u00a0<strong>Schals<\/strong>\u00a0\u2013 aus Wolle, Seide, Bio-Baumwolle<\/p>\n<p><strong>Keramikketten<\/strong>\u00a0und\u00a0<strong>Ohrstecker<\/strong>\u00a0aus Kenia<\/p>\n<p><strong>Silberschmuck<\/strong>\u00a0aus Thailand und Mexiko<\/p>\n<p><strong>Filzartikel<\/strong>\u00a0unterschiedlichster Art<\/p>\n<p>Kleine und gro\u00dfe\u00a0<strong>Sonnengl\u00e4ser<\/strong>[\/vc_column_text][\/vc_column][\/vc_row][vc_row][vc_column][vc_empty_space][vc_separator][vc_column_text]Wir bestellen bei den vom\u00a0<em>Weltladen-Dachverband<\/em>\u00a0anerkannten Lieferanten.<\/p>\n<p>Gern sind wir bereit, f\u00fcr Sie etwas zu bestellen, das aktuell nicht im Laden vorhanden ist.<\/p>\n\n<p>[\/vc_column_text][\/vc_column][\/vc_row]<\/p>\n<\/div>","protected":false},"excerpt":{"rendered":"<p>[vc_row][vc_column][vc_column_text] Unser Sortiment Wir laden Sie herzlich ein, uns im Weltladen zu besuchen und sich \u00fcberraschen zu lassen. Es erwartet sie ein vielf\u00e4ltiges Angebot.[\/vc_column_text][vc_empty_space][vc_column_text] Lebensmittel [\/vc_column_text][\/vc_column][\/vc_row][vc_row][vc_column width=&#8220;1\/3&#8243;][vc_single_image image=&#8220;727&#8243; img_size=&#8220;medium&#8220;][\/vc_column][vc_column width=&#8220;2\/3&#8243;][vc_column_text]Sie finden unterschiedlichste Kaffeesorten \u2013 vom entkoffeinierten Kaffee bis zum Espresso. Tee in gro\u00dfer Auswahl \u2013 vom Gr\u00fcntee \u00fcber diverse Kr\u00e4utertees bis zu schwarzen Teesorten. Viele&hellip;<\/p>\n","protected":false},"author":1,"featured_media":0,"parent":0,"menu_order":3,"comment_status":"closed","ping_status":"closed","template":"","meta":{"footnotes":""},"class_list":["post-217","page","type-page","status-publish","hentry","description-off"],"yoast_head":"<!-- This site is optimized with the Yoast SEO plugin v26.8 - https:\/\/yoast.com\/product\/yoast-seo-wordpress\/ -->\n<title>Unser Sortiment - \u00d6kumenischer Weltladen Essen-Borbeck<\/title>\n<meta name=\"robots\" content=\"index, follow, max-snippet:-1, max-image-preview:large, max-video-preview:-1\" \/>\n<link rel=\"canonical\" href=\"https:\/\/weltlaeden.de\/essen-borbeck\/unser-sortiment\/\" \/>\n<meta property=\"og:locale\" content=\"de_DE\" \/>\n<meta property=\"og:type\" content=\"article\" \/>\n<meta property=\"og:title\" content=\"Unser Sortiment - \u00d6kumenischer Weltladen Essen-Borbeck\" \/>\n<meta property=\"og:description\" content=\"[vc_row][vc_column][vc_column_text] Unser Sortiment Wir laden Sie herzlich ein, uns im Weltladen zu besuchen und sich \u00fcberraschen zu lassen. Es erwartet sie ein vielf\u00e4ltiges Angebot.[\/vc_column_text][vc_empty_space][vc_column_text] Lebensmittel [\/vc_column_text][\/vc_column][\/vc_row][vc_row][vc_column width=&#8220;1\/3&#8243;][vc_single_image image=&#8220;727&#8243; img_size=&#8220;medium&#8220;][\/vc_column][vc_column width=&#8220;2\/3&#8243;][vc_column_text]Sie finden unterschiedlichste Kaffeesorten \u2013 vom entkoffeinierten Kaffee bis zum Espresso. Tee in gro\u00dfer Auswahl \u2013 vom Gr\u00fcntee \u00fcber diverse Kr\u00e4utertees bis zu schwarzen Teesorten. Viele&hellip;\" \/>\n<meta property=\"og:url\" content=\"https:\/\/weltlaeden.de\/essen-borbeck\/unser-sortiment\/\" \/>\n<meta property=\"og:site_name\" content=\"\u00d6kumenischer Weltladen Essen-Borbeck\" \/>\n<meta property=\"article:modified_time\" content=\"2022-09-23T10:31:02+00:00\" \/>\n<meta property=\"og:image\" content=\"https:\/\/weltlaeden.de\/essen-borbeck\/wp-content\/uploads\/sites\/70\/2021\/03\/L1040760-150x150.jpg\" \/>\n<meta name=\"twitter:card\" content=\"summary_large_image\" \/>\n<meta name=\"twitter:label1\" content=\"Gesch\u00e4tzte Lesezeit\" \/>\n\t<meta name=\"twitter:data1\" content=\"1\u00a0Minute\" \/>\n<script type=\"application\/ld+json\" class=\"yoast-schema-graph\">{\"@context\":\"https:\/\/schema.org\",\"@graph\":[{\"@type\":\"WebPage\",\"@id\":\"https:\/\/weltlaeden.de\/essen-borbeck\/unser-sortiment\/\",\"url\":\"https:\/\/weltlaeden.de\/essen-borbeck\/unser-sortiment\/\",\"name\":\"Unser Sortiment - \u00d6kumenischer Weltladen Essen-Borbeck\",\"isPartOf\":{\"@id\":\"https:\/\/weltlaeden.de\/essen-borbeck\/#website\"},\"datePublished\":\"2016-10-28T11:34:47+00:00\",\"dateModified\":\"2022-09-23T10:31:02+00:00\",\"breadcrumb\":{\"@id\":\"https:\/\/weltlaeden.de\/essen-borbeck\/unser-sortiment\/#breadcrumb\"},\"inLanguage\":\"de\",\"potentialAction\":[{\"@type\":\"ReadAction\",\"target\":[\"https:\/\/weltlaeden.de\/essen-borbeck\/unser-sortiment\/\"]}]},{\"@type\":\"BreadcrumbList\",\"@id\":\"https:\/\/weltlaeden.de\/essen-borbeck\/unser-sortiment\/#breadcrumb\",\"itemListElement\":[{\"@type\":\"ListItem\",\"position\":1,\"name\":\"Startseite\",\"item\":\"https:\/\/weltlaeden.de\/essen-borbeck\/\"},{\"@type\":\"ListItem\",\"position\":2,\"name\":\"Unser Sortiment\"}]},{\"@type\":\"WebSite\",\"@id\":\"https:\/\/weltlaeden.de\/essen-borbeck\/#website\",\"url\":\"https:\/\/weltlaeden.de\/essen-borbeck\/\",\"name\":\"\u00d6kumenischer Weltladen Essen-Borbeck\",\"description\":\"Faire Produkte seit 1982\",\"potentialAction\":[{\"@type\":\"SearchAction\",\"target\":{\"@type\":\"EntryPoint\",\"urlTemplate\":\"https:\/\/weltlaeden.de\/essen-borbeck\/?s={search_term_string}\"},\"query-input\":{\"@type\":\"PropertyValueSpecification\",\"valueRequired\":true,\"valueName\":\"search_term_string\"}}],\"inLanguage\":\"de\"}]}<\/script>\n<!-- \/ Yoast SEO plugin. -->","yoast_head_json":{"title":"Unser Sortiment - \u00d6kumenischer Weltladen Essen-Borbeck","robots":{"index":"index","follow":"follow","max-snippet":"max-snippet:-1","max-image-preview":"max-image-preview:large","max-video-preview":"max-video-preview:-1"},"canonical":"https:\/\/weltlaeden.de\/essen-borbeck\/unser-sortiment\/","og_locale":"de_DE","og_type":"article","og_title":"Unser Sortiment - \u00d6kumenischer Weltladen Essen-Borbeck","og_description":"[vc_row][vc_column][vc_column_text] Unser Sortiment Wir laden Sie herzlich ein, uns im Weltladen zu besuchen und sich \u00fcberraschen zu lassen. Es erwartet sie ein vielf\u00e4ltiges Angebot.[\/vc_column_text][vc_empty_space][vc_column_text] Lebensmittel [\/vc_column_text][\/vc_column][\/vc_row][vc_row][vc_column width=&#8220;1\/3&#8243;][vc_single_image image=&#8220;727&#8243; img_size=&#8220;medium&#8220;][\/vc_column][vc_column width=&#8220;2\/3&#8243;][vc_column_text]Sie finden unterschiedlichste Kaffeesorten \u2013 vom entkoffeinierten Kaffee bis zum Espresso. Tee in gro\u00dfer Auswahl \u2013 vom Gr\u00fcntee \u00fcber diverse Kr\u00e4utertees bis zu schwarzen Teesorten. Viele&hellip;","og_url":"https:\/\/weltlaeden.de\/essen-borbeck\/unser-sortiment\/","og_site_name":"\u00d6kumenischer Weltladen Essen-Borbeck","article_modified_time":"2022-09-23T10:31:02+00:00","og_image":[{"url":"https:\/\/weltlaeden.de\/essen-borbeck\/wp-content\/uploads\/sites\/70\/2021\/03\/L1040760-150x150.jpg","type":"","width":"","height":""}],"twitter_card":"summary_large_image","twitter_misc":{"Gesch\u00e4tzte Lesezeit":"1\u00a0Minute"},"schema":{"@context":"https:\/\/schema.org","@graph":[{"@type":"WebPage","@id":"https:\/\/weltlaeden.de\/essen-borbeck\/unser-sortiment\/","url":"https:\/\/weltlaeden.de\/essen-borbeck\/unser-sortiment\/","name":"Unser Sortiment - \u00d6kumenischer Weltladen Essen-Borbeck","isPartOf":{"@id":"https:\/\/weltlaeden.de\/essen-borbeck\/#website"},"datePublished":"2016-10-28T11:34:47+00:00","dateModified":"2022-09-23T10:31:02+00:00","breadcrumb":{"@id":"https:\/\/weltlaeden.de\/essen-borbeck\/unser-sortiment\/#breadcrumb"},"inLanguage":"de","potentialAction":[{"@type":"ReadAction","target":["https:\/\/weltlaeden.de\/essen-borbeck\/unser-sortiment\/"]}]},{"@type":"BreadcrumbList","@id":"https:\/\/weltlaeden.de\/essen-borbeck\/unser-sortiment\/#breadcrumb","itemListElement":[{"@type":"ListItem","position":1,"name":"Startseite","item":"https:\/\/weltlaeden.de\/essen-borbeck\/"},{"@type":"ListItem","position":2,"name":"Unser Sortiment"}]},{"@type":"WebSite","@id":"https:\/\/weltlaeden.de\/essen-borbeck\/#website","url":"https:\/\/weltlaeden.de\/essen-borbeck\/","name":"\u00d6kumenischer Weltladen Essen-Borbeck","description":"Faire Produkte seit 1982","potentialAction":[{"@type":"SearchAction","target":{"@type":"EntryPoint","urlTemplate":"https:\/\/weltlaeden.de\/essen-borbeck\/?s={search_term_string}"},"query-input":{"@type":"PropertyValueSpecification","valueRequired":true,"valueName":"search_term_string"}}],"inLanguage":"de"}]}},"_links":{"self":[{"href":"https:\/\/weltlaeden.de\/essen-borbeck\/wp-json\/wp\/v2\/pages\/217","targetHints":{"allow":["GET"]}}],"collection":[{"href":"https:\/\/weltlaeden.de\/essen-borbeck\/wp-json\/wp\/v2\/pages"}],"about":[{"href":"https:\/\/weltlaeden.de\/essen-borbeck\/wp-json\/wp\/v2\/types\/page"}],"author":[{"embeddable":true,"href":"https:\/\/weltlaeden.de\/essen-borbeck\/wp-json\/wp\/v2\/users\/1"}],"replies":[{"embeddable":true,"href":"https:\/\/weltlaeden.de\/essen-borbeck\/wp-json\/wp\/v2\/comments?post=217"}],"version-history":[{"count":58,"href":"https:\/\/weltlaeden.de\/essen-borbeck\/wp-json\/wp\/v2\/pages\/217\/revisions"}],"predecessor-version":[{"id":859,"href":"https:\/\/weltlaeden.de\/essen-borbeck\/wp-json\/wp\/v2\/pages\/217\/revisions\/859"}],"wp:attachment":[{"href":"https:\/\/weltlaeden.de\/essen-borbeck\/wp-json\/wp\/v2\/media?parent=217"}],"curies":[{"name":"wp","href":"https:\/\/api.w.org\/{rel}","templated":true}]}}