{"id":20,"date":"2026-05-03T08:00:21","date_gmt":"2026-05-03T06:00:21","guid":{"rendered":"https:\/\/wl.heimpixel.de\/vorlage\/weltladen-musterdorf\/"},"modified":"2026-05-03T08:42:08","modified_gmt":"2026-05-03T06:42:08","slug":"weltladen-musterdorf","status":"publish","type":"page","link":"https:\/\/weltlaeden.de\/essen-borbeck\/","title":{"rendered":"\u00d6kumenischer Weltladen Essen-Borbeck"},"content":{"rendered":"<h3><\/h3>\n<h3><img loading=\"lazy\" decoding=\"async\" class=\"alignnone wp-image-2962\" src=\"https:\/\/weltlaeden.de\/essen-borbeck\/wp-content\/uploads\/sites\/70\/2024\/07\/WL_E-Borbeck_MK-Logo-300x133.jpg\" alt=\"\" width=\"198\" height=\"88\" srcset=\"https:\/\/weltlaeden.de\/essen-borbeck\/wp-content\/uploads\/sites\/70\/2024\/07\/WL_E-Borbeck_MK-Logo-300x133.jpg 300w, https:\/\/weltlaeden.de\/essen-borbeck\/wp-content\/uploads\/sites\/70\/2024\/07\/WL_E-Borbeck_MK-Logo-1024x455.jpg 1024w, https:\/\/weltlaeden.de\/essen-borbeck\/wp-content\/uploads\/sites\/70\/2024\/07\/WL_E-Borbeck_MK-Logo-768x342.jpg 768w, https:\/\/weltlaeden.de\/essen-borbeck\/wp-content\/uploads\/sites\/70\/2024\/07\/WL_E-Borbeck_MK-Logo.jpg 1340w\" sizes=\"auto, (max-width: 198px) 100vw, 198px\" \/><\/h3>\n<div>\n<div>\n<p><strong>Freundliche Erinnerung:<\/strong><\/p>\n<p>Montag, 04.05.2026\u00a0 \u00a0 \u00a0 \u00a0 \u00a0 \u00a0 \u00a0 \u00a0 \u00a0 &#8222;Bittere Orangen&#8220; Dr. G: Reckinger\u00a0 \u00a0 \u00a0 \u00a019.00 Uhr\u00a0 \u00a0 Dreifaltigkeitskirche\u00a0 Essen-Borbeck<\/p>\n<p>Freitag,\u00a0 08.05.2026\u00a0 \u00a0 \u00a0 \u00a0 \u00a0 \u00a0 \u00a0 \u00a0 \u00a0 &#8222;Gefairt&#8220;\u00a0 \u00a0Fair gehandelte Kleidung\u00a0 \u00a0 \u00a0 ab 10.00 Uhr\u00a0 \u00a0Dionysiuskirchplatz<\/p>\n<h6><\/h6>\n<h6><img loading=\"lazy\" decoding=\"async\" class=\"alignnone wp-image-3869\" src=\"https:\/\/weltlaeden.de\/essen-borbeck\/wp-content\/uploads\/sites\/70\/2026\/03\/05_Kokoblock-Ceylon-Garden-Coir-Sri-Lanka1-819x10242-1-240x300.jpg\" alt=\"\" width=\"90\" height=\"113\" srcset=\"https:\/\/weltlaeden.de\/essen-borbeck\/wp-content\/uploads\/sites\/70\/2026\/03\/05_Kokoblock-Ceylon-Garden-Coir-Sri-Lanka1-819x10242-1-240x300.jpg 240w, https:\/\/weltlaeden.de\/essen-borbeck\/wp-content\/uploads\/sites\/70\/2026\/03\/05_Kokoblock-Ceylon-Garden-Coir-Sri-Lanka1-819x10242-1-768x960.jpg 768w, https:\/\/weltlaeden.de\/essen-borbeck\/wp-content\/uploads\/sites\/70\/2026\/03\/05_Kokoblock-Ceylon-Garden-Coir-Sri-Lanka1-819x10242-1.jpg 819w\" sizes=\"auto, (max-width: 90px) 100vw, 90px\" \/>\u00a0 \u00a0 \u00a0\u00a0<img loading=\"lazy\" decoding=\"async\" class=\"alignnone wp-image-3916\" src=\"https:\/\/weltlaeden.de\/essen-borbeck\/wp-content\/uploads\/sites\/70\/2026\/04\/kokoblock-pflanze-300x200.png\" alt=\"\" width=\"165\" height=\"110\" srcset=\"https:\/\/weltlaeden.de\/essen-borbeck\/wp-content\/uploads\/sites\/70\/2026\/04\/kokoblock-pflanze-300x200.png 300w, https:\/\/weltlaeden.de\/essen-borbeck\/wp-content\/uploads\/sites\/70\/2026\/04\/kokoblock-pflanze-768x512.png 768w, https:\/\/weltlaeden.de\/essen-borbeck\/wp-content\/uploads\/sites\/70\/2026\/04\/kokoblock-pflanze.png 787w\" sizes=\"auto, (max-width: 165px) 100vw, 165px\" \/>\u00a0 \u00a0 \u00a0 <img loading=\"lazy\" decoding=\"async\" class=\"alignnone wp-image-3918\" src=\"https:\/\/weltlaeden.de\/essen-borbeck\/wp-content\/uploads\/sites\/70\/2026\/04\/kokoblock-palme.png\" alt=\"\" width=\"155\" height=\"114\" \/>\u00a0 \u00a0 Fotos GEPA<\/h6>\n<h3><strong>Fr\u00fchling<\/strong> &#8211;<strong> auf der Fensterbank!\u00a0 <\/strong>G\u00e4rtnern mit dem<strong> Kokoblock!\u00a0 <\/strong><\/h3>\n<p><strong>Nachhaltig und umweltvertr\u00e4glich!<\/strong><\/p>\n<p>G\u00f6nnen Sie Ihren Balkon-, Zimmer-, oder Gartenpflanzen etwas Gutes: Unser Kokoblock aus reinen Kokosfasern ist klein, handlich und extrem ergiebig! Einfach mit Wasser aufgie\u00dfen und Sie erhalten ca. neun Liter gebrauchsfertige Erde. Sie speichert extrem gut Wasser und ist auch super als Anzuchterde einsetzbar.<\/p>\n<p>\ud83c\udf34 Die Kokoblocks werden in Sri Lanka von dem kleinen Betrieb Ceylon Garden Coir aus Kokosfaserresten hergestellt, genauer gesagt aus dem zarten Gewebe zwischen den Kokosfasern. Es bleibt bei der Herstellung von Kokosfasermatten, Seilen oder Teppichen \u00fcbrig.<br \/>\n\ud83c\udf34 Die Nutzung eines urspr\u00fcnglichen Abfallproduktes schafft neue Arbeitspl\u00e4tze und zus\u00e4tzliche Einkommensquellen f\u00fcr Kokosbauern und Kleinbetriebe.<\/p>\n<p>Machen Sie mit und setzen Sie auf torffreie Blumenerde!\u00a0 Lesen Sie <a href=\"https:\/\/www.gepa.de\/handelspartner\/unsere-partner\/partner\/cocomix\">hier:<\/a><\/p>\n<h6><\/h6>\n<h4><\/h4>\n<h4><\/h4>\n<h4><\/h4>\n<h4><\/h4>\n<h4><\/h4>\n<h4><\/h4>\n<h4><img loading=\"lazy\" decoding=\"async\" class=\"alignnone wp-image-3888\" src=\"https:\/\/weltlaeden.de\/essen-borbeck\/wp-content\/uploads\/sites\/70\/2026\/04\/20260327_153825-278x300.jpg\" alt=\"\" width=\"122\" height=\"131\" srcset=\"https:\/\/weltlaeden.de\/essen-borbeck\/wp-content\/uploads\/sites\/70\/2026\/04\/20260327_153825-278x300.jpg 278w, https:\/\/weltlaeden.de\/essen-borbeck\/wp-content\/uploads\/sites\/70\/2026\/04\/20260327_153825-948x1024.jpg 948w, https:\/\/weltlaeden.de\/essen-borbeck\/wp-content\/uploads\/sites\/70\/2026\/04\/20260327_153825-768x829.jpg 768w, https:\/\/weltlaeden.de\/essen-borbeck\/wp-content\/uploads\/sites\/70\/2026\/04\/20260327_153825-1423x1536.jpg 1423w, https:\/\/weltlaeden.de\/essen-borbeck\/wp-content\/uploads\/sites\/70\/2026\/04\/20260327_153825.jpg 1707w\" sizes=\"auto, (max-width: 122px) 100vw, 122px\" \/>\u00a0 \u00a0 TRUSTED KRAFT DESIGN &#8211; Handgemachte Sch\u00e4tze aus S\u00fcdafrika<\/h4>\n<p><strong>Wieder eingetroffen<\/strong>: Bunte Taschen unterschiedlicher Form und Gr\u00f6\u00dfe, farbenfrohe, originelle Ohrringe. Bei<strong> Trusted Craft\u00a0<\/strong>stehen Fair Trade, Handarbeit und h\u00f6chste Qualit\u00e4t im Mittelpunkt. Jedes Produkt erz\u00e4hlt die Geschichte von talentierten Kunsthandwerker:innen und verantwortungsvoller Herstellung. \u00dcberzeugen Sie sich <a href=\"http:\/\/www.trusted-craft.com\">selbst!<\/a><\/p>\n<p><img loading=\"lazy\" decoding=\"async\" class=\"alignnone wp-image-3895\" src=\"https:\/\/weltlaeden.de\/essen-borbeck\/wp-content\/uploads\/sites\/70\/2026\/04\/Trusted-Craft-2-294x300.png\" alt=\"\" width=\"120\" height=\"123\" srcset=\"https:\/\/weltlaeden.de\/essen-borbeck\/wp-content\/uploads\/sites\/70\/2026\/04\/Trusted-Craft-2-294x300.png 294w, https:\/\/weltlaeden.de\/essen-borbeck\/wp-content\/uploads\/sites\/70\/2026\/04\/Trusted-Craft-2.png 392w\" sizes=\"auto, (max-width: 120px) 100vw, 120px\" \/>\u00a0 \u00a0 \u00a0 \u00a0 <img loading=\"lazy\" decoding=\"async\" class=\"alignnone wp-image-3885\" src=\"https:\/\/weltlaeden.de\/essen-borbeck\/wp-content\/uploads\/sites\/70\/2026\/04\/20260327_153853-300x174.jpg\" alt=\"\" width=\"211\" height=\"122\" srcset=\"https:\/\/weltlaeden.de\/essen-borbeck\/wp-content\/uploads\/sites\/70\/2026\/04\/20260327_153853-300x174.jpg 300w, https:\/\/weltlaeden.de\/essen-borbeck\/wp-content\/uploads\/sites\/70\/2026\/04\/20260327_153853-1024x592.jpg 1024w, https:\/\/weltlaeden.de\/essen-borbeck\/wp-content\/uploads\/sites\/70\/2026\/04\/20260327_153853-768x444.jpg 768w, https:\/\/weltlaeden.de\/essen-borbeck\/wp-content\/uploads\/sites\/70\/2026\/04\/20260327_153853-1536x888.jpg 1536w, https:\/\/weltlaeden.de\/essen-borbeck\/wp-content\/uploads\/sites\/70\/2026\/04\/20260327_153853-2048x1184.jpg 2048w\" sizes=\"auto, (max-width: 211px) 100vw, 211px\" \/>\u00a0 \u00a0 \u00a0 \u00a0 <img loading=\"lazy\" decoding=\"async\" class=\"alignnone wp-image-3890\" src=\"https:\/\/weltlaeden.de\/essen-borbeck\/wp-content\/uploads\/sites\/70\/2026\/04\/20260327_154840-300x187.jpg\" alt=\"\" width=\"196\" height=\"122\" srcset=\"https:\/\/weltlaeden.de\/essen-borbeck\/wp-content\/uploads\/sites\/70\/2026\/04\/20260327_154840-300x187.jpg 300w, https:\/\/weltlaeden.de\/essen-borbeck\/wp-content\/uploads\/sites\/70\/2026\/04\/20260327_154840-1024x640.jpg 1024w, https:\/\/weltlaeden.de\/essen-borbeck\/wp-content\/uploads\/sites\/70\/2026\/04\/20260327_154840-768x480.jpg 768w, https:\/\/weltlaeden.de\/essen-borbeck\/wp-content\/uploads\/sites\/70\/2026\/04\/20260327_154840-1536x960.jpg 1536w, https:\/\/weltlaeden.de\/essen-borbeck\/wp-content\/uploads\/sites\/70\/2026\/04\/20260327_154840.jpg 1930w\" sizes=\"auto, (max-width: 196px) 100vw, 196px\" \/><\/p>\n<h6>(Foto Trusted Craft)<\/h6>\n<p>&nbsp;<\/p>\n<h4><img loading=\"lazy\" decoding=\"async\" class=\"alignnone wp-image-3851\" src=\"https:\/\/weltlaeden.de\/essen-borbeck\/wp-content\/uploads\/sites\/70\/2026\/02\/Weltladen_Plakat-Saison_A2-2-scaled-1-212x300.jpg\" alt=\"\" width=\"110\" height=\"155\" srcset=\"https:\/\/weltlaeden.de\/essen-borbeck\/wp-content\/uploads\/sites\/70\/2026\/02\/Weltladen_Plakat-Saison_A2-2-scaled-1-212x300.jpg 212w, https:\/\/weltlaeden.de\/essen-borbeck\/wp-content\/uploads\/sites\/70\/2026\/02\/Weltladen_Plakat-Saison_A2-2-scaled-1-724x1024.jpg 724w, https:\/\/weltlaeden.de\/essen-borbeck\/wp-content\/uploads\/sites\/70\/2026\/02\/Weltladen_Plakat-Saison_A2-2-scaled-1-768x1086.jpg 768w, https:\/\/weltlaeden.de\/essen-borbeck\/wp-content\/uploads\/sites\/70\/2026\/02\/Weltladen_Plakat-Saison_A2-2-scaled-1-1087x1536.jpg 1087w, https:\/\/weltlaeden.de\/essen-borbeck\/wp-content\/uploads\/sites\/70\/2026\/02\/Weltladen_Plakat-Saison_A2-2-scaled-1-1449x2048.jpg 1449w, https:\/\/weltlaeden.de\/essen-borbeck\/wp-content\/uploads\/sites\/70\/2026\/02\/Weltladen_Plakat-Saison_A2-2-scaled-1.jpg 1811w\" sizes=\"auto, (max-width: 110px) 100vw, 110px\" \/><\/h4>\n<p><strong>Fr\u00fchling im Weltladen!<\/strong><\/p>\n<p>Wir laden Sie ein, den Fr\u00fchling im Weltladen zu entdecken: wundersch\u00f6ne Filzblumen und -tiere, fr\u00fchlingshafte Mobiles, wundersch\u00f6ne V\u00f6gelchen und H\u00fchner aus dem Blechsortiment und, wie in jedem Jahr, finden Sie &#8222;Ostern&#8220; im Schokoladenregal!<\/p>\n<p><img loading=\"lazy\" decoding=\"async\" class=\"alignnone wp-image-3862\" src=\"https:\/\/weltlaeden.de\/essen-borbeck\/wp-content\/uploads\/sites\/70\/2026\/03\/20260302_105903-264x300.jpg\" alt=\"\" width=\"73\" height=\"83\" srcset=\"https:\/\/weltlaeden.de\/essen-borbeck\/wp-content\/uploads\/sites\/70\/2026\/03\/20260302_105903-264x300.jpg 264w, https:\/\/weltlaeden.de\/essen-borbeck\/wp-content\/uploads\/sites\/70\/2026\/03\/20260302_105903-902x1024.jpg 902w, https:\/\/weltlaeden.de\/essen-borbeck\/wp-content\/uploads\/sites\/70\/2026\/03\/20260302_105903-768x872.jpg 768w, https:\/\/weltlaeden.de\/essen-borbeck\/wp-content\/uploads\/sites\/70\/2026\/03\/20260302_105903-1352x1536.jpg 1352w, https:\/\/weltlaeden.de\/essen-borbeck\/wp-content\/uploads\/sites\/70\/2026\/03\/20260302_105903.jpg 1384w\" sizes=\"auto, (max-width: 73px) 100vw, 73px\" \/>\u00a0 \u00a0 \u00a0 <img loading=\"lazy\" decoding=\"async\" class=\"alignnone wp-image-3864\" src=\"https:\/\/weltlaeden.de\/essen-borbeck\/wp-content\/uploads\/sites\/70\/2026\/03\/20260302_105610-189x300.jpg\" alt=\"\" width=\"62\" height=\"98\" srcset=\"https:\/\/weltlaeden.de\/essen-borbeck\/wp-content\/uploads\/sites\/70\/2026\/03\/20260302_105610-189x300.jpg 189w, https:\/\/weltlaeden.de\/essen-borbeck\/wp-content\/uploads\/sites\/70\/2026\/03\/20260302_105610-647x1024.jpg 647w, https:\/\/weltlaeden.de\/essen-borbeck\/wp-content\/uploads\/sites\/70\/2026\/03\/20260302_105610-768x1216.jpg 768w, https:\/\/weltlaeden.de\/essen-borbeck\/wp-content\/uploads\/sites\/70\/2026\/03\/20260302_105610-970x1536.jpg 970w, https:\/\/weltlaeden.de\/essen-borbeck\/wp-content\/uploads\/sites\/70\/2026\/03\/20260302_105610-1293x2048.jpg 1293w, https:\/\/weltlaeden.de\/essen-borbeck\/wp-content\/uploads\/sites\/70\/2026\/03\/20260302_105610-scaled.jpg 1616w\" sizes=\"auto, (max-width: 62px) 100vw, 62px\" \/>\u00a0 \u00a0 <img loading=\"lazy\" decoding=\"async\" class=\"alignnone wp-image-3865\" src=\"https:\/\/weltlaeden.de\/essen-borbeck\/wp-content\/uploads\/sites\/70\/2026\/03\/20260302_105846-199x300.jpg\" alt=\"\" width=\"57\" height=\"86\" srcset=\"https:\/\/weltlaeden.de\/essen-borbeck\/wp-content\/uploads\/sites\/70\/2026\/03\/20260302_105846-199x300.jpg 199w, https:\/\/weltlaeden.de\/essen-borbeck\/wp-content\/uploads\/sites\/70\/2026\/03\/20260302_105846-678x1024.jpg 678w, https:\/\/weltlaeden.de\/essen-borbeck\/wp-content\/uploads\/sites\/70\/2026\/03\/20260302_105846-768x1159.jpg 768w, https:\/\/weltlaeden.de\/essen-borbeck\/wp-content\/uploads\/sites\/70\/2026\/03\/20260302_105846-1018x1536.jpg 1018w, https:\/\/weltlaeden.de\/essen-borbeck\/wp-content\/uploads\/sites\/70\/2026\/03\/20260302_105846-1357x2048.jpg 1357w, https:\/\/weltlaeden.de\/essen-borbeck\/wp-content\/uploads\/sites\/70\/2026\/03\/20260302_105846.jpg 1623w\" sizes=\"auto, (max-width: 57px) 100vw, 57px\" \/><\/p>\n<p>&nbsp;<\/p>\n<div class=\"wpb_column vc_column_container vc_col-sm-9\">\n<div class=\"vc_column-inner\">\n<div class=\"wpb_wrapper\">\n<div class=\"wpb_text_column wpb_content_element \">\n<div class=\"wpb_wrapper\">\n<p>&nbsp;<\/p>\n<\/div>\n<\/div>\n<\/div>\n<\/div>\n<\/div>\n<\/div>\n<div><\/div>\n<div><\/div>\n<\/div>\n<div>\n<p data-start=\"592\" data-end=\"842\"><strong><img loading=\"lazy\" decoding=\"async\" class=\"alignnone wp-image-2502\" src=\"https:\/\/weltlaeden.de\/essen-borbeck\/wp-content\/uploads\/sites\/70\/2023\/09\/WL-innen-Panoramafoto-3-300x96.jpg\" alt=\"\" width=\"434\" height=\"139\" srcset=\"https:\/\/weltlaeden.de\/essen-borbeck\/wp-content\/uploads\/sites\/70\/2023\/09\/WL-innen-Panoramafoto-3-300x96.jpg 300w, https:\/\/weltlaeden.de\/essen-borbeck\/wp-content\/uploads\/sites\/70\/2023\/09\/WL-innen-Panoramafoto-3-1024x326.jpg 1024w, https:\/\/weltlaeden.de\/essen-borbeck\/wp-content\/uploads\/sites\/70\/2023\/09\/WL-innen-Panoramafoto-3-768x245.jpg 768w, https:\/\/weltlaeden.de\/essen-borbeck\/wp-content\/uploads\/sites\/70\/2023\/09\/WL-innen-Panoramafoto-3-1536x489.jpg 1536w, https:\/\/weltlaeden.de\/essen-borbeck\/wp-content\/uploads\/sites\/70\/2023\/09\/WL-innen-Panoramafoto-3-scaled.jpg 2048w\" sizes=\"auto, (max-width: 434px) 100vw, 434px\" \/><\/strong><\/p>\n<\/div>\n<p>&nbsp;<\/p>\n<p><strong>Willkommen<\/strong> im <strong>\u00d6kumenischen Weltladen Essen-Borbeck<\/strong><br \/>\n&#8211; Ihr <strong>Fachgesch\u00e4ft f\u00fcr Fairen Handel!<\/strong><\/p>\n<p>Unser Weltladen bietet Ihnen eine gro\u00dfe Auswahl fair gehandelter Produkte:<\/p>\n<ul>\n<li>exzellente Kaffee- und Teesorten, dazu Geb\u00e4ck und Knabbereien<\/li>\n<li>k\u00f6stliche Schokoladen und Kakaoprodukte<\/li>\n<li>ausgew\u00e4hlte Honigsorten<\/li>\n<li>unterschiedliche Weine u.a. aus S\u00fcdafrika, Argentinien, Chile<\/li>\n<\/ul>\n<p>Au\u00dferdem finden Sie bei uns:<\/p>\n<ul>\n<li>hochwertiges Kunsthandwerk<\/li>\n<li>landestypische Geschenkideen<\/li>\n<li>eine gro\u00dfe Auswahl an Schals und T\u00fcchern<\/li>\n<li>Taschen, B\u00f6rsen, K\u00f6rbe aus unterschiedlichsten Materialien<\/li>\n<li>ausgefallene Schmuckst\u00fccke<\/li>\n<\/ul>\n<p><strong>Besuchen Sie uns und lassen Sie sich begeistern!<\/strong><\/p>\n<p>&nbsp;<\/p>\n<p><strong>\u00a0<\/strong>Eine Auswahl aus unserem Sortiment finden Sie im<\/p>\n<p>Kirchenladen &#8222;Mittendrin&#8220;<br \/>\nGermaniaplatz 7<\/p>\n<p>Ge\u00f6ffnet: Dienstag und Samstag von 11.00 &#8211; 12.30 Uhr<\/p>\n","protected":false},"excerpt":{"rendered":"<p>Freundliche Erinnerung: Montag, 04.05.2026\u00a0 \u00a0 \u00a0 \u00a0 \u00a0 \u00a0 \u00a0 \u00a0 \u00a0 &#8222;Bittere Orangen&#8220; Dr. G: Reckinger\u00a0 \u00a0 \u00a0 \u00a019.00 Uhr\u00a0 \u00a0 Dreifaltigkeitskirche\u00a0 Essen-Borbeck Freitag,\u00a0 08.05.2026\u00a0 \u00a0 \u00a0 \u00a0 \u00a0 \u00a0 \u00a0 \u00a0 \u00a0 &#8222;Gefairt&#8220;\u00a0 \u00a0Fair gehandelte Kleidung\u00a0 \u00a0 \u00a0 ab 10.00 Uhr\u00a0 \u00a0Dionysiuskirchplatz \u00a0 \u00a0 \u00a0\u00a0\u00a0 \u00a0 \u00a0 \u00a0 \u00a0 Fotos GEPA Fr\u00fchling &#8211;&hellip;<\/p>\n","protected":false},"author":1,"featured_media":2899,"parent":0,"menu_order":0,"comment_status":"closed","ping_status":"closed","template":"","meta":{"footnotes":""},"class_list":["post-20","page","type-page","status-publish","has-post-thumbnail","hentry","description-off"],"yoast_head":"<!-- This site is optimized with the Yoast SEO plugin v26.8 - https:\/\/yoast.com\/product\/yoast-seo-wordpress\/ -->\n<title>\u00d6kumenischer Weltladen Essen-Borbeck - \u00d6kumenischer Weltladen Essen-Borbeck<\/title>\n<meta name=\"robots\" content=\"index, follow, max-snippet:-1, max-image-preview:large, max-video-preview:-1\" \/>\n<link rel=\"canonical\" href=\"https:\/\/weltlaeden.de\/essen-borbeck\/\" \/>\n<meta property=\"og:locale\" content=\"de_DE\" \/>\n<meta property=\"og:type\" content=\"article\" \/>\n<meta property=\"og:title\" content=\"\u00d6kumenischer Weltladen Essen-Borbeck - \u00d6kumenischer Weltladen Essen-Borbeck\" \/>\n<meta property=\"og:description\" content=\"Freundliche Erinnerung: Montag, 04.05.2026\u00a0 \u00a0 \u00a0 \u00a0 \u00a0 \u00a0 \u00a0 \u00a0 \u00a0 &#8222;Bittere Orangen&#8220; Dr. G: Reckinger\u00a0 \u00a0 \u00a0 \u00a019.00 Uhr\u00a0 \u00a0 Dreifaltigkeitskirche\u00a0 Essen-Borbeck Freitag,\u00a0 08.05.2026\u00a0 \u00a0 \u00a0 \u00a0 \u00a0 \u00a0 \u00a0 \u00a0 \u00a0 &#8222;Gefairt&#8220;\u00a0 \u00a0Fair gehandelte Kleidung\u00a0 \u00a0 \u00a0 ab 10.00 Uhr\u00a0 \u00a0Dionysiuskirchplatz \u00a0 \u00a0 \u00a0\u00a0\u00a0 \u00a0 \u00a0 \u00a0 \u00a0 Fotos GEPA Fr\u00fchling &#8211;&hellip;\" \/>\n<meta property=\"og:url\" content=\"https:\/\/weltlaeden.de\/essen-borbeck\/\" \/>\n<meta property=\"og:site_name\" content=\"\u00d6kumenischer Weltladen Essen-Borbeck\" \/>\n<meta property=\"article:modified_time\" content=\"2026-05-03T06:42:08+00:00\" \/>\n<meta property=\"og:image\" content=\"https:\/\/weltlaeden.de\/essen-borbeck\/wp-content\/uploads\/sites\/70\/2024\/06\/20240601_112036.jpg\" \/>\n\t<meta property=\"og:image:width\" content=\"2048\" \/>\n\t<meta property=\"og:image:height\" content=\"1357\" \/>\n\t<meta property=\"og:image:type\" content=\"image\/jpeg\" \/>\n<meta name=\"twitter:card\" content=\"summary_large_image\" \/>\n<meta name=\"twitter:label1\" content=\"Gesch\u00e4tzte Lesezeit\" \/>\n\t<meta name=\"twitter:data1\" content=\"5\u00a0Minuten\" \/>\n<script type=\"application\/ld+json\" class=\"yoast-schema-graph\">{\"@context\":\"https:\/\/schema.org\",\"@graph\":[{\"@type\":\"WebPage\",\"@id\":\"https:\/\/weltlaeden.de\/essen-borbeck\/\",\"url\":\"https:\/\/weltlaeden.de\/essen-borbeck\/\",\"name\":\"\u00d6kumenischer Weltladen Essen-Borbeck - \u00d6kumenischer Weltladen Essen-Borbeck\",\"isPartOf\":{\"@id\":\"https:\/\/weltlaeden.de\/essen-borbeck\/#website\"},\"primaryImageOfPage\":{\"@id\":\"https:\/\/weltlaeden.de\/essen-borbeck\/#primaryimage\"},\"image\":{\"@id\":\"https:\/\/weltlaeden.de\/essen-borbeck\/#primaryimage\"},\"thumbnailUrl\":\"https:\/\/weltlaeden.de\/essen-borbeck\/wp-content\/uploads\/sites\/70\/2024\/06\/20240601_112036.jpg\",\"datePublished\":\"2026-05-03T06:00:21+00:00\",\"dateModified\":\"2026-05-03T06:42:08+00:00\",\"breadcrumb\":{\"@id\":\"https:\/\/weltlaeden.de\/essen-borbeck\/#breadcrumb\"},\"inLanguage\":\"de\",\"potentialAction\":[{\"@type\":\"ReadAction\",\"target\":[\"https:\/\/weltlaeden.de\/essen-borbeck\/\"]}]},{\"@type\":\"ImageObject\",\"inLanguage\":\"de\",\"@id\":\"https:\/\/weltlaeden.de\/essen-borbeck\/#primaryimage\",\"url\":\"https:\/\/weltlaeden.de\/essen-borbeck\/wp-content\/uploads\/sites\/70\/2024\/06\/20240601_112036.jpg\",\"contentUrl\":\"https:\/\/weltlaeden.de\/essen-borbeck\/wp-content\/uploads\/sites\/70\/2024\/06\/20240601_112036.jpg\",\"width\":2048,\"height\":1357},{\"@type\":\"BreadcrumbList\",\"@id\":\"https:\/\/weltlaeden.de\/essen-borbeck\/#breadcrumb\",\"itemListElement\":[{\"@type\":\"ListItem\",\"position\":1,\"name\":\"Startseite\",\"item\":\"https:\/\/weltlaeden.de\/essen-borbeck\/\"},{\"@type\":\"ListItem\",\"position\":2,\"name\":\"\u00d6kumenischer Weltladen Essen-Borbeck\"}]},{\"@type\":\"WebSite\",\"@id\":\"https:\/\/weltlaeden.de\/essen-borbeck\/#website\",\"url\":\"https:\/\/weltlaeden.de\/essen-borbeck\/\",\"name\":\"\u00d6kumenischer Weltladen Essen-Borbeck\",\"description\":\"Faire Produkte seit 1982\",\"potentialAction\":[{\"@type\":\"SearchAction\",\"target\":{\"@type\":\"EntryPoint\",\"urlTemplate\":\"https:\/\/weltlaeden.de\/essen-borbeck\/?s={search_term_string}\"},\"query-input\":{\"@type\":\"PropertyValueSpecification\",\"valueRequired\":true,\"valueName\":\"search_term_string\"}}],\"inLanguage\":\"de\"}]}<\/script>\n<!-- \/ Yoast SEO plugin. -->","yoast_head_json":{"title":"\u00d6kumenischer Weltladen Essen-Borbeck - \u00d6kumenischer Weltladen Essen-Borbeck","robots":{"index":"index","follow":"follow","max-snippet":"max-snippet:-1","max-image-preview":"max-image-preview:large","max-video-preview":"max-video-preview:-1"},"canonical":"https:\/\/weltlaeden.de\/essen-borbeck\/","og_locale":"de_DE","og_type":"article","og_title":"\u00d6kumenischer Weltladen Essen-Borbeck - \u00d6kumenischer Weltladen Essen-Borbeck","og_description":"Freundliche Erinnerung: Montag, 04.05.2026\u00a0 \u00a0 \u00a0 \u00a0 \u00a0 \u00a0 \u00a0 \u00a0 \u00a0 &#8222;Bittere Orangen&#8220; Dr. G: Reckinger\u00a0 \u00a0 \u00a0 \u00a019.00 Uhr\u00a0 \u00a0 Dreifaltigkeitskirche\u00a0 Essen-Borbeck Freitag,\u00a0 08.05.2026\u00a0 \u00a0 \u00a0 \u00a0 \u00a0 \u00a0 \u00a0 \u00a0 \u00a0 &#8222;Gefairt&#8220;\u00a0 \u00a0Fair gehandelte Kleidung\u00a0 \u00a0 \u00a0 ab 10.00 Uhr\u00a0 \u00a0Dionysiuskirchplatz \u00a0 \u00a0 \u00a0\u00a0\u00a0 \u00a0 \u00a0 \u00a0 \u00a0 Fotos GEPA Fr\u00fchling &#8211;&hellip;","og_url":"https:\/\/weltlaeden.de\/essen-borbeck\/","og_site_name":"\u00d6kumenischer Weltladen Essen-Borbeck","article_modified_time":"2026-05-03T06:42:08+00:00","og_image":[{"width":2048,"height":1357,"url":"https:\/\/weltlaeden.de\/essen-borbeck\/wp-content\/uploads\/sites\/70\/2024\/06\/20240601_112036.jpg","type":"image\/jpeg"}],"twitter_card":"summary_large_image","twitter_misc":{"Gesch\u00e4tzte Lesezeit":"5\u00a0Minuten"},"schema":{"@context":"https:\/\/schema.org","@graph":[{"@type":"WebPage","@id":"https:\/\/weltlaeden.de\/essen-borbeck\/","url":"https:\/\/weltlaeden.de\/essen-borbeck\/","name":"\u00d6kumenischer Weltladen Essen-Borbeck - \u00d6kumenischer Weltladen Essen-Borbeck","isPartOf":{"@id":"https:\/\/weltlaeden.de\/essen-borbeck\/#website"},"primaryImageOfPage":{"@id":"https:\/\/weltlaeden.de\/essen-borbeck\/#primaryimage"},"image":{"@id":"https:\/\/weltlaeden.de\/essen-borbeck\/#primaryimage"},"thumbnailUrl":"https:\/\/weltlaeden.de\/essen-borbeck\/wp-content\/uploads\/sites\/70\/2024\/06\/20240601_112036.jpg","datePublished":"2026-05-03T06:00:21+00:00","dateModified":"2026-05-03T06:42:08+00:00","breadcrumb":{"@id":"https:\/\/weltlaeden.de\/essen-borbeck\/#breadcrumb"},"inLanguage":"de","potentialAction":[{"@type":"ReadAction","target":["https:\/\/weltlaeden.de\/essen-borbeck\/"]}]},{"@type":"ImageObject","inLanguage":"de","@id":"https:\/\/weltlaeden.de\/essen-borbeck\/#primaryimage","url":"https:\/\/weltlaeden.de\/essen-borbeck\/wp-content\/uploads\/sites\/70\/2024\/06\/20240601_112036.jpg","contentUrl":"https:\/\/weltlaeden.de\/essen-borbeck\/wp-content\/uploads\/sites\/70\/2024\/06\/20240601_112036.jpg","width":2048,"height":1357},{"@type":"BreadcrumbList","@id":"https:\/\/weltlaeden.de\/essen-borbeck\/#breadcrumb","itemListElement":[{"@type":"ListItem","position":1,"name":"Startseite","item":"https:\/\/weltlaeden.de\/essen-borbeck\/"},{"@type":"ListItem","position":2,"name":"\u00d6kumenischer Weltladen Essen-Borbeck"}]},{"@type":"WebSite","@id":"https:\/\/weltlaeden.de\/essen-borbeck\/#website","url":"https:\/\/weltlaeden.de\/essen-borbeck\/","name":"\u00d6kumenischer Weltladen Essen-Borbeck","description":"Faire Produkte seit 1982","potentialAction":[{"@type":"SearchAction","target":{"@type":"EntryPoint","urlTemplate":"https:\/\/weltlaeden.de\/essen-borbeck\/?s={search_term_string}"},"query-input":{"@type":"PropertyValueSpecification","valueRequired":true,"valueName":"search_term_string"}}],"inLanguage":"de"}]}},"_links":{"self":[{"href":"https:\/\/weltlaeden.de\/essen-borbeck\/wp-json\/wp\/v2\/pages\/20","targetHints":{"allow":["GET"]}}],"collection":[{"href":"https:\/\/weltlaeden.de\/essen-borbeck\/wp-json\/wp\/v2\/pages"}],"about":[{"href":"https:\/\/weltlaeden.de\/essen-borbeck\/wp-json\/wp\/v2\/types\/page"}],"author":[{"embeddable":true,"href":"https:\/\/weltlaeden.de\/essen-borbeck\/wp-json\/wp\/v2\/users\/1"}],"replies":[{"embeddable":true,"href":"https:\/\/weltlaeden.de\/essen-borbeck\/wp-json\/wp\/v2\/comments?post=20"}],"version-history":[{"count":510,"href":"https:\/\/weltlaeden.de\/essen-borbeck\/wp-json\/wp\/v2\/pages\/20\/revisions"}],"predecessor-version":[{"id":3940,"href":"https:\/\/weltlaeden.de\/essen-borbeck\/wp-json\/wp\/v2\/pages\/20\/revisions\/3940"}],"wp:featuredmedia":[{"embeddable":true,"href":"https:\/\/weltlaeden.de\/essen-borbeck\/wp-json\/wp\/v2\/media\/2899"}],"wp:attachment":[{"href":"https:\/\/weltlaeden.de\/essen-borbeck\/wp-json\/wp\/v2\/media?parent=20"}],"curies":[{"name":"wp","href":"https:\/\/api.w.org\/{rel}","templated":true}]}}