{"id":218,"date":"2016-10-28T13:34:47","date_gmt":"2016-10-28T11:34:47","guid":{"rendered":"https:\/\/wl.heimpixel.de\/vorlage\/fairer-handel\/"},"modified":"2021-03-08T17:25:43","modified_gmt":"2021-03-08T16:25:43","slug":"fairer-handel","status":"publish","type":"page","link":"https:\/\/weltlaeden.de\/eisenberg\/fairer-handel\/","title":{"rendered":"Fairer Handel"},"content":{"rendered":"<div class=\"wpb-content-wrapper\"><p>[vc_row][vc_column]<div class=\"wl_einzelbild\"><p><img loading=\"lazy\" decoding=\"async\" class=\"alignnone size-medium wp-image-459 aligncenter\" src=\"https:\/\/weltlaeden.de\/eisenberg\/wp-content\/uploads\/sites\/54\/2019\/02\/World-Fair-Trade-Organization-Logo-300x300.jpg\" alt=\"\" width=\"300\" height=\"300\" srcset=\"https:\/\/weltlaeden.de\/eisenberg\/wp-content\/uploads\/sites\/54\/2019\/02\/World-Fair-Trade-Organization-Logo-300x300.jpg 300w, https:\/\/weltlaeden.de\/eisenberg\/wp-content\/uploads\/sites\/54\/2019\/02\/World-Fair-Trade-Organization-Logo-150x150.jpg 150w, https:\/\/weltlaeden.de\/eisenberg\/wp-content\/uploads\/sites\/54\/2019\/02\/World-Fair-Trade-Organization-Logo.jpg 425w\" sizes=\"auto, (max-width: 300px) 100vw, 300px\" \/><\/p><\/div>[\/vc_column][\/vc_row][vc_row][vc_column][vc_empty_space][vc_column_text]<\/p>\n<h1>Fairer Handel bedeutet f\u00fcr uns&#8230;<\/h1>\n<p>[\/vc_column_text][vc_column_text]<\/p>\n<div class=\"wpb_text_column wpb_content_element \">\n<div class=\"wpb_wrapper\">\n<p><strong>Kaufen und Verkaufen:\u00a0<\/strong>Die Weltl\u00e4den kaufen ihre Waren zu h\u00f6heren Preisen als auf dem Weltmarkt ein. Damit wird den Produzent\/innen ein faires Einkommen garantiert. Durch den Kauf unserer Produkte leistest Du einen Beitrag zur weltweiten Bek\u00e4mpfung der Armut.<\/p>\n<p><strong>Informieren: <\/strong>Wir informieren Dich \u00fcber die Herkunft unserer Produkte und \u00fcber die Rahmenbedingungen, unter denen sie produziert werden.<\/p>\n<p><strong>Lernen:<\/strong> Wir Mitarbeiter\/innen\u00a0wollen viel \u00fcber die globalisierte Welt wissen, um zu verstehen, wie unser Konsum die Welt ver\u00e4ndert \u2013 zum Guten oder zum Schlechten. Unser Wissen wollen wir an unsere Kunden weitergeben.<\/p>\n<\/div>\n<\/div>\n<p>[\/vc_column_text][\/vc_column][\/vc_row][vc_row][vc_column][vc_empty_space][vc_column_text]<\/p>\n<h1>Kriterien des Fairen Handels<\/h1>\n<p>[\/vc_column_text][vc_column_text]<\/p>\n<div class=\"wpb_text_column wpb_content_element \">\n<div class=\"wpb_wrapper\">\n<p><span class=\"normal\">Die<strong> <a href=\"https:\/\/weltlaeden.de\/bilderpool\/wp-content\/uploads\/sites\/3\/2019\/09\/Konvention_der_Weltl%C3%A4den.pdf\" target=\"_blank\" rel=\"noopener\">Konvention der Weltl\u00e4den<\/a><\/strong> ist das Grundsatzpapier f\u00fcr den Fairen Handel der Weltl\u00e4den und Fair-Handels-Gruppen. Die Kriterien der Konvention\u00a0decken sich mit den zehn Prinzipien der World Fair Trade Organization (<a href=\"http:\/\/www.wfto.com\" target=\"_blank\" rel=\"noopener\">WFTO<\/a>).<br \/>\n<\/span><\/p>\n<p><span class=\"normal\">Fairer Handel, wie ihn die Weltl\u00e4den betreiben, strebt eine gleichberechtigte Partnerschaft des Nordens mit dem S\u00fcden an. Daher wendet die Konvention die Kriterien auf alle wesentlichen Akteure im Fairen Handel an: auf Produzent\/innen, Importeure sowie Weltl\u00e4den und Fair-Handels-Gruppen.<\/span><\/p>\n<\/div>\n<\/div>\n<p>[\/vc_column_text][vc_column_text]<span class=\"normal\"><strong>Grundkriterien der Konvention:<\/strong><\/span><\/p>\n<ul>\n<li><strong>Handelspraktiken: <\/strong>Die am Fairen Handel Beteiligten vermeiden unfairen Wettbewerb. Sie kooperieren miteinander. So werden z. B. faire Preise ausgehandelt, die den Produzenten\/innen ein menschenw\u00fcrdiges Leben erm\u00f6glichen, die aber auch marktf\u00e4hig sind.<\/li>\n<li><strong>Arbeitsbedingungen: <\/strong>Wichtig ist im Fairen Handel, dass bei der Herstellung der Produkte L\u00f6hne gezahlt werden, die die Existenz sichern. Au\u00dferdem\u00a0werden Diskriminierung,\u00a0ausbeuterische Kinderarbeit und\u00a0Zwangsarbeit ausgeschlossen. Die Arbeitnehmer\/innen haben ein Recht auf Gewerkschaftszugeh\u00f6rigkeit.<\/li>\n<li><strong>Transparenz: <\/strong>Die Beteiligten am Fairen Handel arbeiten transparent, das hei\u00dft, sie gew\u00e4hren untereinander Einsicht in ihre Ziele, ihre Organisationsstruktur und ihre finanzielle Situation.<\/li>\n<li><strong>Bildungs- und Informationsarbeit: \u00a0<\/strong>Alle Beteiligten\u00a0vermitteln Informationen\u00a0\u00fcber den Fairen Handel und \u00fcber Fragen der globalen Gerechtigkeit. Dies geschieht z. B. durch Fortbildungen der Weltladen-Mitarbeiter\/innen, durch Aktionen f\u00fcr Schulklassen oder durch Besuche von Produzenten und Produzentinnen in unseren L\u00e4den.<\/li>\n<li><strong>\u00d6ffentlichkeitsarbeit: <\/strong>\u00dcber \u00d6ffentlichkeitsarbeit und Kampagnen weisen wir auf unsere handels- und entwicklungspolitischen Ziele und Forderungen hin. Eine Aktion ist zum Beispiel der j\u00e4hrliche Weltladentag, der immer ein bestimmtes Thema des Fairen Handels hervorhebt.<\/li>\n<li><strong>Umweltschutz: <\/strong>Die Waren im Fairen Handel sollen m\u00f6glichst aus nachhaltig erzeugten Rohstoffen stammen oder durch \u00f6kologische Anbaumethoden produziert werden. Alle achten darauf, M\u00fcll zu vermeiden und ihren Energieverbrauch gering zu halten. Die Transportwege sollen\u00a0nach sozial und \u00f6kologisch vertretbaren Kriterien\u00a0ausgew\u00e4hlt werden.<\/li>\n<li><strong>Erg\u00e4nzungsprodukte (z.B. regionale Produkte): <\/strong>Der Schwerpunkt der Weltladen-Arbeit liegt auf dem Handel mit Produkten aus dem globalen S\u00fcden. Wir verstehen uns aber auch als &#8222;Botschafter&#8220; f\u00fcr einen nachhaltigen Konsum und k\u00f6nnen daher auch regionale Produkte aus sozial- und umweltvertr\u00e4glicher Produktion anbieten. Des Weiteren erg\u00e4nzen wir unser Sortiment durch B\u00fccher, Kalender oder CDs, die Teil unserer Bildungsarbeit sind.<\/li>\n<\/ul>\n<p>[\/vc_column_text][\/vc_column][\/vc_row][vc_row][vc_column][vc_empty_space][vc_column_text]<\/p>\n<h1>Links zu Akteuren des Fairen Handels<\/h1>\n<p>[\/vc_column_text][vc_column_text]<\/p>\n<div class=\"wpb_text_column wpb_content_element \">\n<div class=\"wpb_wrapper\">\n<p><strong>Weltl\u00e4den<\/strong><\/p>\n<ul>\n<li><a href=\"http:\/\/www.weltladen.de\" target=\"_blank\" rel=\"noopener\">Weltladen-Dachverband<\/a><\/li>\n<\/ul>\n<p><strong>Importorganisationen (Auswahl)<br \/>\n<\/strong><\/p>\n<ul>\n<li><a href=\"http:\/\/www.banafair.de\" target=\"_blank\" rel=\"noopener\">BanaFair<\/a><\/li>\n<li><a href=\"http:\/\/www.weltpartner.de\">WeltPartner<\/a><\/li>\n<li><a href=\"http:\/\/www.el-puente.de\" target=\"_blank\" rel=\"noopener\">El Puente<\/a><\/li>\n<li><a href=\"http:\/\/www.gepa.de\/\" target=\"_blank\" rel=\"noopener\">GEPA \u2013 The Fair Trade Company<\/a><\/li>\n<li><a href=\"https:\/\/www.globo-fairtrade.com\/\" target=\"_blank\" rel=\"noopener\">GLOBO<\/a><\/li>\n<\/ul>\n<p><strong>Netzwerke und Infos \u00fcber Produzent\/innen<br \/>\n<\/strong><\/p>\n<ul>\n<li><a href=\"http:\/\/www.forum-fairer-handel.de\" target=\"_blank\" rel=\"noopener\">Forum Fairer Handel<\/a><\/li>\n<li><a href=\"https:\/\/www.fair-band.de\" target=\"_blank\" rel=\"noopener\">FAIR BAND<\/a><\/li>\n<li><a href=\"http:\/\/www.wfto.com\/\" target=\"_blank\" rel=\"noopener\">World Fair Trade Organization\u00a0(WFTO)<\/a><\/li>\n<li><a href=\"http:\/\/fairtrade.de\">fairtrade.de<\/a><\/li>\n<li><a href=\"http:\/\/www.regenwaldladen.de\">Regenwaldladen<\/a><\/li>\n<\/ul>\n<p><strong>Siegelorganisationen<\/strong><\/p>\n<ul>\n<li><a href=\"http:\/\/www.naturland.de\/index.php?option=com_content&amp;view=category&amp;layout=blog&amp;id=148&amp;Itemid=888&amp;lang=de\">Naturland Fair<\/a><\/li>\n<li><a href=\"http:\/\/www.fairtrade-deutschland.de\" target=\"_blank\" rel=\"noopener\">Fairtrade Deutschland<\/a><\/li>\n<li><a href=\"http:\/\/www.fairtrade.net\" target=\"_blank\" rel=\"noopener\">Fairtrade International<\/a><\/li>\n<\/ul>\n<\/div>\n<\/div>\n<p>[\/vc_column_text][\/vc_column][\/vc_row]<\/p>\n<\/div>","protected":false},"excerpt":{"rendered":"<p>[vc_row][vc_column][\/vc_column][\/vc_row][vc_row][vc_column][vc_empty_space][vc_column_text] Fairer Handel bedeutet f\u00fcr uns&#8230; [\/vc_column_text][vc_column_text] Kaufen und Verkaufen:\u00a0Die Weltl\u00e4den kaufen ihre Waren zu h\u00f6heren Preisen als auf dem Weltmarkt ein. Damit wird den Produzent\/innen ein faires Einkommen garantiert. Durch den Kauf unserer Produkte leistest Du einen Beitrag zur weltweiten Bek\u00e4mpfung der Armut. Informieren: Wir informieren Dich \u00fcber die Herkunft unserer Produkte und \u00fcber&hellip;<\/p>\n","protected":false},"author":1,"featured_media":0,"parent":0,"menu_order":2,"comment_status":"closed","ping_status":"closed","template":"","meta":{"footnotes":""},"class_list":["post-218","page","type-page","status-publish","hentry","description-off"],"yoast_head":"<!-- This site is optimized with the Yoast SEO plugin v26.8 - https:\/\/yoast.com\/product\/yoast-seo-wordpress\/ -->\n<title>Fairer Handel - Weltladen Eisenberg<\/title>\n<meta name=\"robots\" content=\"index, follow, max-snippet:-1, max-image-preview:large, max-video-preview:-1\" \/>\n<link rel=\"canonical\" href=\"https:\/\/weltlaeden.de\/eisenberg\/fairer-handel\/\" \/>\n<meta property=\"og:locale\" content=\"de_DE\" \/>\n<meta property=\"og:type\" content=\"article\" \/>\n<meta property=\"og:title\" content=\"Fairer Handel - Weltladen Eisenberg\" \/>\n<meta property=\"og:description\" content=\"[vc_row][vc_column][\/vc_column][\/vc_row][vc_row][vc_column][vc_empty_space][vc_column_text] Fairer Handel bedeutet f\u00fcr uns&#8230; [\/vc_column_text][vc_column_text] Kaufen und Verkaufen:\u00a0Die Weltl\u00e4den kaufen ihre Waren zu h\u00f6heren Preisen als auf dem Weltmarkt ein. Damit wird den Produzent\/innen ein faires Einkommen garantiert. Durch den Kauf unserer Produkte leistest Du einen Beitrag zur weltweiten Bek\u00e4mpfung der Armut. Informieren: Wir informieren Dich \u00fcber die Herkunft unserer Produkte und \u00fcber&hellip;\" \/>\n<meta property=\"og:url\" content=\"https:\/\/weltlaeden.de\/eisenberg\/fairer-handel\/\" \/>\n<meta property=\"og:site_name\" content=\"Weltladen Eisenberg\" \/>\n<meta property=\"article:modified_time\" content=\"2021-03-08T16:25:43+00:00\" \/>\n<meta property=\"og:image\" content=\"https:\/\/weltlaeden.de\/eisenberg\/wp-content\/uploads\/sites\/54\/2019\/02\/World-Fair-Trade-Organization-Logo-300x300.jpg\" \/>\n<meta name=\"twitter:card\" content=\"summary_large_image\" \/>\n<meta name=\"twitter:label1\" content=\"Gesch\u00e4tzte Lesezeit\" \/>\n\t<meta name=\"twitter:data1\" content=\"3\u00a0Minuten\" \/>\n<script type=\"application\/ld+json\" class=\"yoast-schema-graph\">{\"@context\":\"https:\/\/schema.org\",\"@graph\":[{\"@type\":\"WebPage\",\"@id\":\"https:\/\/weltlaeden.de\/eisenberg\/fairer-handel\/\",\"url\":\"https:\/\/weltlaeden.de\/eisenberg\/fairer-handel\/\",\"name\":\"Fairer Handel - Weltladen Eisenberg\",\"isPartOf\":{\"@id\":\"https:\/\/weltlaeden.de\/eisenberg\/#website\"},\"primaryImageOfPage\":{\"@id\":\"https:\/\/weltlaeden.de\/eisenberg\/fairer-handel\/#primaryimage\"},\"image\":{\"@id\":\"https:\/\/weltlaeden.de\/eisenberg\/fairer-handel\/#primaryimage\"},\"thumbnailUrl\":\"https:\/\/weltlaeden.de\/eisenberg\/wp-content\/uploads\/sites\/54\/2019\/02\/World-Fair-Trade-Organization-Logo-300x300.jpg\",\"datePublished\":\"2016-10-28T11:34:47+00:00\",\"dateModified\":\"2021-03-08T16:25:43+00:00\",\"breadcrumb\":{\"@id\":\"https:\/\/weltlaeden.de\/eisenberg\/fairer-handel\/#breadcrumb\"},\"inLanguage\":\"de\",\"potentialAction\":[{\"@type\":\"ReadAction\",\"target\":[\"https:\/\/weltlaeden.de\/eisenberg\/fairer-handel\/\"]}]},{\"@type\":\"ImageObject\",\"inLanguage\":\"de\",\"@id\":\"https:\/\/weltlaeden.de\/eisenberg\/fairer-handel\/#primaryimage\",\"url\":\"https:\/\/weltlaeden.de\/eisenberg\/wp-content\/uploads\/sites\/54\/2019\/02\/World-Fair-Trade-Organization-Logo.jpg\",\"contentUrl\":\"https:\/\/weltlaeden.de\/eisenberg\/wp-content\/uploads\/sites\/54\/2019\/02\/World-Fair-Trade-Organization-Logo.jpg\",\"width\":425,\"height\":424},{\"@type\":\"BreadcrumbList\",\"@id\":\"https:\/\/weltlaeden.de\/eisenberg\/fairer-handel\/#breadcrumb\",\"itemListElement\":[{\"@type\":\"ListItem\",\"position\":1,\"name\":\"Startseite\",\"item\":\"https:\/\/weltlaeden.de\/eisenberg\/\"},{\"@type\":\"ListItem\",\"position\":2,\"name\":\"Fairer Handel\"}]},{\"@type\":\"WebSite\",\"@id\":\"https:\/\/weltlaeden.de\/eisenberg\/#website\",\"url\":\"https:\/\/weltlaeden.de\/eisenberg\/\",\"name\":\"Vorlage\",\"description\":\"Faire Produkte seit 1990\",\"potentialAction\":[{\"@type\":\"SearchAction\",\"target\":{\"@type\":\"EntryPoint\",\"urlTemplate\":\"https:\/\/weltlaeden.de\/eisenberg\/?s={search_term_string}\"},\"query-input\":{\"@type\":\"PropertyValueSpecification\",\"valueRequired\":true,\"valueName\":\"search_term_string\"}}],\"inLanguage\":\"de\"}]}<\/script>\n<!-- \/ Yoast SEO plugin. -->","yoast_head_json":{"title":"Fairer Handel - Weltladen Eisenberg","robots":{"index":"index","follow":"follow","max-snippet":"max-snippet:-1","max-image-preview":"max-image-preview:large","max-video-preview":"max-video-preview:-1"},"canonical":"https:\/\/weltlaeden.de\/eisenberg\/fairer-handel\/","og_locale":"de_DE","og_type":"article","og_title":"Fairer Handel - Weltladen Eisenberg","og_description":"[vc_row][vc_column][\/vc_column][\/vc_row][vc_row][vc_column][vc_empty_space][vc_column_text] Fairer Handel bedeutet f\u00fcr uns&#8230; [\/vc_column_text][vc_column_text] Kaufen und Verkaufen:\u00a0Die Weltl\u00e4den kaufen ihre Waren zu h\u00f6heren Preisen als auf dem Weltmarkt ein. Damit wird den Produzent\/innen ein faires Einkommen garantiert. Durch den Kauf unserer Produkte leistest Du einen Beitrag zur weltweiten Bek\u00e4mpfung der Armut. Informieren: Wir informieren Dich \u00fcber die Herkunft unserer Produkte und \u00fcber&hellip;","og_url":"https:\/\/weltlaeden.de\/eisenberg\/fairer-handel\/","og_site_name":"Weltladen Eisenberg","article_modified_time":"2021-03-08T16:25:43+00:00","og_image":[{"url":"https:\/\/weltlaeden.de\/eisenberg\/wp-content\/uploads\/sites\/54\/2019\/02\/World-Fair-Trade-Organization-Logo-300x300.jpg","type":"","width":"","height":""}],"twitter_card":"summary_large_image","twitter_misc":{"Gesch\u00e4tzte Lesezeit":"3\u00a0Minuten"},"schema":{"@context":"https:\/\/schema.org","@graph":[{"@type":"WebPage","@id":"https:\/\/weltlaeden.de\/eisenberg\/fairer-handel\/","url":"https:\/\/weltlaeden.de\/eisenberg\/fairer-handel\/","name":"Fairer Handel - Weltladen Eisenberg","isPartOf":{"@id":"https:\/\/weltlaeden.de\/eisenberg\/#website"},"primaryImageOfPage":{"@id":"https:\/\/weltlaeden.de\/eisenberg\/fairer-handel\/#primaryimage"},"image":{"@id":"https:\/\/weltlaeden.de\/eisenberg\/fairer-handel\/#primaryimage"},"thumbnailUrl":"https:\/\/weltlaeden.de\/eisenberg\/wp-content\/uploads\/sites\/54\/2019\/02\/World-Fair-Trade-Organization-Logo-300x300.jpg","datePublished":"2016-10-28T11:34:47+00:00","dateModified":"2021-03-08T16:25:43+00:00","breadcrumb":{"@id":"https:\/\/weltlaeden.de\/eisenberg\/fairer-handel\/#breadcrumb"},"inLanguage":"de","potentialAction":[{"@type":"ReadAction","target":["https:\/\/weltlaeden.de\/eisenberg\/fairer-handel\/"]}]},{"@type":"ImageObject","inLanguage":"de","@id":"https:\/\/weltlaeden.de\/eisenberg\/fairer-handel\/#primaryimage","url":"https:\/\/weltlaeden.de\/eisenberg\/wp-content\/uploads\/sites\/54\/2019\/02\/World-Fair-Trade-Organization-Logo.jpg","contentUrl":"https:\/\/weltlaeden.de\/eisenberg\/wp-content\/uploads\/sites\/54\/2019\/02\/World-Fair-Trade-Organization-Logo.jpg","width":425,"height":424},{"@type":"BreadcrumbList","@id":"https:\/\/weltlaeden.de\/eisenberg\/fairer-handel\/#breadcrumb","itemListElement":[{"@type":"ListItem","position":1,"name":"Startseite","item":"https:\/\/weltlaeden.de\/eisenberg\/"},{"@type":"ListItem","position":2,"name":"Fairer Handel"}]},{"@type":"WebSite","@id":"https:\/\/weltlaeden.de\/eisenberg\/#website","url":"https:\/\/weltlaeden.de\/eisenberg\/","name":"Vorlage","description":"Faire Produkte seit 1990","potentialAction":[{"@type":"SearchAction","target":{"@type":"EntryPoint","urlTemplate":"https:\/\/weltlaeden.de\/eisenberg\/?s={search_term_string}"},"query-input":{"@type":"PropertyValueSpecification","valueRequired":true,"valueName":"search_term_string"}}],"inLanguage":"de"}]}},"_links":{"self":[{"href":"https:\/\/weltlaeden.de\/eisenberg\/wp-json\/wp\/v2\/pages\/218","targetHints":{"allow":["GET"]}}],"collection":[{"href":"https:\/\/weltlaeden.de\/eisenberg\/wp-json\/wp\/v2\/pages"}],"about":[{"href":"https:\/\/weltlaeden.de\/eisenberg\/wp-json\/wp\/v2\/types\/page"}],"author":[{"embeddable":true,"href":"https:\/\/weltlaeden.de\/eisenberg\/wp-json\/wp\/v2\/users\/1"}],"replies":[{"embeddable":true,"href":"https:\/\/weltlaeden.de\/eisenberg\/wp-json\/wp\/v2\/comments?post=218"}],"version-history":[{"count":26,"href":"https:\/\/weltlaeden.de\/eisenberg\/wp-json\/wp\/v2\/pages\/218\/revisions"}],"predecessor-version":[{"id":635,"href":"https:\/\/weltlaeden.de\/eisenberg\/wp-json\/wp\/v2\/pages\/218\/revisions\/635"}],"wp:attachment":[{"href":"https:\/\/weltlaeden.de\/eisenberg\/wp-json\/wp\/v2\/media?parent=218"}],"curies":[{"name":"wp","href":"https:\/\/api.w.org\/{rel}","templated":true}]}}