{"id":217,"date":"2016-10-28T13:34:47","date_gmt":"2016-10-28T11:34:47","guid":{"rendered":"https:\/\/wl.heimpixel.de\/vorlage\/produkte\/"},"modified":"2021-03-08T17:25:44","modified_gmt":"2021-03-08T16:25:44","slug":"produkte","status":"publish","type":"page","link":"https:\/\/weltlaeden.de\/eisenberg\/produkte\/","title":{"rendered":"Produkte"},"content":{"rendered":"<div class=\"wpb-content-wrapper\"><p>[vc_row][vc_column]<div class=\"wl_einzelbild\"><p><\/p><\/div>[vc_empty_space][vc_column_text]<\/p>\n<h1>Unser Sortiment<\/h1>\n<p>[\/vc_column_text][vc_column_text]Ein Besuch im Weltladen ist wie eine Entdeckungsreise rund um den Globus. Von Kunsthandwerk \u00fcber Lebensmittel, Kleidung, Papeterie und Kosmetik bieten wir haupts\u00e4chlich Waren\u00a0aus Afrika, Asien und S\u00fcdamerika.<\/p>\n<p>Solltest Du bei uns einmal nicht f\u00fcndig werden, sind wir auch gerne bereit, Waren unserer Handelspartner f\u00fcr dich\u00a0aus dem Katalog zu bestellen.[\/vc_column_text][vc_empty_space][vc_row_inner][vc_column_inner width=&#8220;1\/2&#8243;][vc_column_text]<\/p>\n<h2>Lebensmittel<\/h2>\n<p>[\/vc_column_text]<div class=\"wl_einzelbild\"><p><img loading=\"lazy\" decoding=\"async\" class=\"alignnone wp-image-509 aligncenter\" src=\"https:\/\/weltlaeden.de\/eisenberg\/wp-content\/uploads\/sites\/54\/2019\/05\/laden62-e1559982527926-300x225.jpg\" alt=\"\" width=\"585\" height=\"439\" \/><\/p><\/div>[vc_column_text]An Lebensmitteln f\u00fchren wir:<\/p>\n<ul style=\"list-style-type: disc\">\n<li><strong>Kaffee<\/strong> in verschiedenen Sorten, ob gemahlen, als ganze Bohnen oder als Pads<\/li>\n<li>gro\u00dfe Auswahl an <strong>Tees <\/strong>(lose oder in Beuteln)<\/li>\n<li><strong>Grundnahrungsmittel<\/strong> wie Reis, Quinoa, Bohnen, Linsen, \u00d6l, Honig und Zucker<\/li>\n<li>leckere <strong>Schokoladen, Geb\u00e4ck und S\u00fc\u00dfwaren<\/strong> (z. B. Fruchtgummi oder Bonbons)<\/li>\n<li><strong>Gew\u00fcrze<\/strong> und Salze<\/li>\n<li>verschiedene <strong>vegetarische Aufstriche<\/strong><\/li>\n<li><strong>S\u00e4fte<\/strong>, Limonade und Cola<\/li>\n<li><strong>Bananen<\/strong><\/li>\n<li><strong>N\u00fcsse und Trockenfr\u00fcchte<\/strong> zum Knabbern<\/li>\n<\/ul>\n<p>[\/vc_column_text][\/vc_column_inner][vc_column_inner width=&#8220;1\/2&#8243;][vc_column_text]<\/p>\n<h2>Kunsthandwerk &amp; Textilien<\/h2>\n<p>[\/vc_column_text]<div class=\"wl_einzelbild\"><p><img loading=\"lazy\" decoding=\"async\" class=\" wp-image-494 aligncenter\" src=\"https:\/\/weltlaeden.de\/eisenberg\/wp-content\/uploads\/sites\/54\/2019\/05\/laden08-e1559982821885-300x225.jpg\" alt=\"\" width=\"585\" height=\"439\" srcset=\"https:\/\/weltlaeden.de\/eisenberg\/wp-content\/uploads\/sites\/54\/2019\/05\/laden08-e1559982821885-300x225.jpg 300w, https:\/\/weltlaeden.de\/eisenberg\/wp-content\/uploads\/sites\/54\/2019\/05\/laden08-e1559982821885-768x576.jpg 768w, https:\/\/weltlaeden.de\/eisenberg\/wp-content\/uploads\/sites\/54\/2019\/05\/laden08-e1559982821885-1024x769.jpg 1024w\" sizes=\"auto, (max-width: 585px) 100vw, 585px\" \/><\/p><\/div>[vc_column_text]Im Bereich Kunsthandwerk und Textilien findest du bei uns:<\/p>\n<ul>\n<li>handwerklich gestaltete <strong>Dekoartikel<\/strong><\/li>\n<li><strong>Musikinstrumente<\/strong> wie Trommeln, Rasseln und Fl\u00f6ten<\/li>\n<li>eine gro\u00dfe Auswahl an <strong>K\u00f6rben und Taschen<\/strong><\/li>\n<li><strong>Schmuck<\/strong> vom kleinen Armband aus Leder bis zum hochwertigen Silberschmuck mit Edelsteinen<\/li>\n<li><strong>Papeteriewaren<\/strong> wie Geschenkpapier, Geschenkt\u00fcten oder\u00a0handwerklich gestaltete Karten<\/li>\n<li><strong>Kerzen und R\u00e4ucherwerk<\/strong><\/li>\n<li><strong>B\u00fccher<\/strong><\/li>\n<li><strong>Textilien<\/strong> wie Kissenbez\u00fcge, Tischdecken, Handt\u00fccher oder H\u00e4ngematten<\/li>\n<li>handgefertigte <strong>Seifen<\/strong> (u. a. Aleppo-Seife)<\/li>\n<li>neuerdings haben wir auch<strong> Kosmetik<\/strong> im Angebot wie Duschcremes, Lotionen, Lippenbalsam oder Handcreme<\/li>\n<\/ul>\n<p>[\/vc_column_text][\/vc_column_inner][\/vc_row_inner][\/vc_column][\/vc_row]<\/p>\n<\/div>","protected":false},"excerpt":{"rendered":"<p>[vc_row][vc_column][vc_empty_space][vc_column_text] Unser Sortiment [\/vc_column_text][vc_column_text]Ein Besuch im Weltladen ist wie eine Entdeckungsreise rund um den Globus. Von Kunsthandwerk \u00fcber Lebensmittel, Kleidung, Papeterie und Kosmetik bieten wir haupts\u00e4chlich Waren\u00a0aus Afrika, Asien und S\u00fcdamerika. Solltest Du bei uns einmal nicht f\u00fcndig werden, sind wir auch gerne bereit, Waren unserer Handelspartner f\u00fcr dich\u00a0aus dem Katalog zu bestellen.[\/vc_column_text][vc_empty_space][vc_row_inner][vc_column_inner width=&#8220;1\/2&#8243;][vc_column_text] Lebensmittel&hellip;<\/p>\n","protected":false},"author":1,"featured_media":0,"parent":0,"menu_order":4,"comment_status":"closed","ping_status":"closed","template":"","meta":{"footnotes":""},"class_list":["post-217","page","type-page","status-publish","hentry","description-off"],"yoast_head":"<!-- This site is optimized with the Yoast SEO plugin v26.8 - https:\/\/yoast.com\/product\/yoast-seo-wordpress\/ -->\n<title>Produkte - Weltladen Eisenberg<\/title>\n<meta name=\"robots\" content=\"index, follow, max-snippet:-1, max-image-preview:large, max-video-preview:-1\" \/>\n<link rel=\"canonical\" href=\"https:\/\/weltlaeden.de\/eisenberg\/produkte\/\" \/>\n<meta property=\"og:locale\" content=\"de_DE\" \/>\n<meta property=\"og:type\" content=\"article\" \/>\n<meta property=\"og:title\" content=\"Produkte - Weltladen Eisenberg\" \/>\n<meta property=\"og:description\" content=\"[vc_row][vc_column][vc_empty_space][vc_column_text] Unser Sortiment [\/vc_column_text][vc_column_text]Ein Besuch im Weltladen ist wie eine Entdeckungsreise rund um den Globus. Von Kunsthandwerk \u00fcber Lebensmittel, Kleidung, Papeterie und Kosmetik bieten wir haupts\u00e4chlich Waren\u00a0aus Afrika, Asien und S\u00fcdamerika. Solltest Du bei uns einmal nicht f\u00fcndig werden, sind wir auch gerne bereit, Waren unserer Handelspartner f\u00fcr dich\u00a0aus dem Katalog zu bestellen.[\/vc_column_text][vc_empty_space][vc_row_inner][vc_column_inner width=&#8220;1\/2&#8243;][vc_column_text] Lebensmittel&hellip;\" \/>\n<meta property=\"og:url\" content=\"https:\/\/weltlaeden.de\/eisenberg\/produkte\/\" \/>\n<meta property=\"og:site_name\" content=\"Weltladen Eisenberg\" \/>\n<meta property=\"article:modified_time\" content=\"2021-03-08T16:25:44+00:00\" \/>\n<meta property=\"og:image\" content=\"https:\/\/weltlaeden.de\/eisenberg\/wp-content\/uploads\/sites\/54\/2019\/05\/laden62-e1559982527926-300x225.jpg\" \/>\n<meta name=\"twitter:card\" content=\"summary_large_image\" \/>\n<meta name=\"twitter:label1\" content=\"Gesch\u00e4tzte Lesezeit\" \/>\n\t<meta name=\"twitter:data1\" content=\"1\u00a0Minute\" \/>\n<script type=\"application\/ld+json\" class=\"yoast-schema-graph\">{\"@context\":\"https:\/\/schema.org\",\"@graph\":[{\"@type\":\"WebPage\",\"@id\":\"https:\/\/weltlaeden.de\/eisenberg\/produkte\/\",\"url\":\"https:\/\/weltlaeden.de\/eisenberg\/produkte\/\",\"name\":\"Produkte - Weltladen Eisenberg\",\"isPartOf\":{\"@id\":\"https:\/\/weltlaeden.de\/eisenberg\/#website\"},\"primaryImageOfPage\":{\"@id\":\"https:\/\/weltlaeden.de\/eisenberg\/produkte\/#primaryimage\"},\"image\":{\"@id\":\"https:\/\/weltlaeden.de\/eisenberg\/produkte\/#primaryimage\"},\"thumbnailUrl\":\"https:\/\/weltlaeden.de\/eisenberg\/wp-content\/uploads\/sites\/54\/2019\/05\/laden62-e1559982527926-300x225.jpg\",\"datePublished\":\"2016-10-28T11:34:47+00:00\",\"dateModified\":\"2021-03-08T16:25:44+00:00\",\"breadcrumb\":{\"@id\":\"https:\/\/weltlaeden.de\/eisenberg\/produkte\/#breadcrumb\"},\"inLanguage\":\"de\",\"potentialAction\":[{\"@type\":\"ReadAction\",\"target\":[\"https:\/\/weltlaeden.de\/eisenberg\/produkte\/\"]}]},{\"@type\":\"ImageObject\",\"inLanguage\":\"de\",\"@id\":\"https:\/\/weltlaeden.de\/eisenberg\/produkte\/#primaryimage\",\"url\":\"https:\/\/weltlaeden.de\/eisenberg\/wp-content\/uploads\/sites\/54\/2019\/05\/laden62-e1559982527926-300x225.jpg\",\"contentUrl\":\"https:\/\/weltlaeden.de\/eisenberg\/wp-content\/uploads\/sites\/54\/2019\/05\/laden62-e1559982527926-300x225.jpg\"},{\"@type\":\"BreadcrumbList\",\"@id\":\"https:\/\/weltlaeden.de\/eisenberg\/produkte\/#breadcrumb\",\"itemListElement\":[{\"@type\":\"ListItem\",\"position\":1,\"name\":\"Startseite\",\"item\":\"https:\/\/weltlaeden.de\/eisenberg\/\"},{\"@type\":\"ListItem\",\"position\":2,\"name\":\"Produkte\"}]},{\"@type\":\"WebSite\",\"@id\":\"https:\/\/weltlaeden.de\/eisenberg\/#website\",\"url\":\"https:\/\/weltlaeden.de\/eisenberg\/\",\"name\":\"Vorlage\",\"description\":\"Faire Produkte seit 1990\",\"potentialAction\":[{\"@type\":\"SearchAction\",\"target\":{\"@type\":\"EntryPoint\",\"urlTemplate\":\"https:\/\/weltlaeden.de\/eisenberg\/?s={search_term_string}\"},\"query-input\":{\"@type\":\"PropertyValueSpecification\",\"valueRequired\":true,\"valueName\":\"search_term_string\"}}],\"inLanguage\":\"de\"}]}<\/script>\n<!-- \/ Yoast SEO plugin. -->","yoast_head_json":{"title":"Produkte - Weltladen Eisenberg","robots":{"index":"index","follow":"follow","max-snippet":"max-snippet:-1","max-image-preview":"max-image-preview:large","max-video-preview":"max-video-preview:-1"},"canonical":"https:\/\/weltlaeden.de\/eisenberg\/produkte\/","og_locale":"de_DE","og_type":"article","og_title":"Produkte - Weltladen Eisenberg","og_description":"[vc_row][vc_column][vc_empty_space][vc_column_text] Unser Sortiment [\/vc_column_text][vc_column_text]Ein Besuch im Weltladen ist wie eine Entdeckungsreise rund um den Globus. Von Kunsthandwerk \u00fcber Lebensmittel, Kleidung, Papeterie und Kosmetik bieten wir haupts\u00e4chlich Waren\u00a0aus Afrika, Asien und S\u00fcdamerika. Solltest Du bei uns einmal nicht f\u00fcndig werden, sind wir auch gerne bereit, Waren unserer Handelspartner f\u00fcr dich\u00a0aus dem Katalog zu bestellen.[\/vc_column_text][vc_empty_space][vc_row_inner][vc_column_inner width=&#8220;1\/2&#8243;][vc_column_text] Lebensmittel&hellip;","og_url":"https:\/\/weltlaeden.de\/eisenberg\/produkte\/","og_site_name":"Weltladen Eisenberg","article_modified_time":"2021-03-08T16:25:44+00:00","og_image":[{"url":"https:\/\/weltlaeden.de\/eisenberg\/wp-content\/uploads\/sites\/54\/2019\/05\/laden62-e1559982527926-300x225.jpg","type":"","width":"","height":""}],"twitter_card":"summary_large_image","twitter_misc":{"Gesch\u00e4tzte Lesezeit":"1\u00a0Minute"},"schema":{"@context":"https:\/\/schema.org","@graph":[{"@type":"WebPage","@id":"https:\/\/weltlaeden.de\/eisenberg\/produkte\/","url":"https:\/\/weltlaeden.de\/eisenberg\/produkte\/","name":"Produkte - Weltladen Eisenberg","isPartOf":{"@id":"https:\/\/weltlaeden.de\/eisenberg\/#website"},"primaryImageOfPage":{"@id":"https:\/\/weltlaeden.de\/eisenberg\/produkte\/#primaryimage"},"image":{"@id":"https:\/\/weltlaeden.de\/eisenberg\/produkte\/#primaryimage"},"thumbnailUrl":"https:\/\/weltlaeden.de\/eisenberg\/wp-content\/uploads\/sites\/54\/2019\/05\/laden62-e1559982527926-300x225.jpg","datePublished":"2016-10-28T11:34:47+00:00","dateModified":"2021-03-08T16:25:44+00:00","breadcrumb":{"@id":"https:\/\/weltlaeden.de\/eisenberg\/produkte\/#breadcrumb"},"inLanguage":"de","potentialAction":[{"@type":"ReadAction","target":["https:\/\/weltlaeden.de\/eisenberg\/produkte\/"]}]},{"@type":"ImageObject","inLanguage":"de","@id":"https:\/\/weltlaeden.de\/eisenberg\/produkte\/#primaryimage","url":"https:\/\/weltlaeden.de\/eisenberg\/wp-content\/uploads\/sites\/54\/2019\/05\/laden62-e1559982527926-300x225.jpg","contentUrl":"https:\/\/weltlaeden.de\/eisenberg\/wp-content\/uploads\/sites\/54\/2019\/05\/laden62-e1559982527926-300x225.jpg"},{"@type":"BreadcrumbList","@id":"https:\/\/weltlaeden.de\/eisenberg\/produkte\/#breadcrumb","itemListElement":[{"@type":"ListItem","position":1,"name":"Startseite","item":"https:\/\/weltlaeden.de\/eisenberg\/"},{"@type":"ListItem","position":2,"name":"Produkte"}]},{"@type":"WebSite","@id":"https:\/\/weltlaeden.de\/eisenberg\/#website","url":"https:\/\/weltlaeden.de\/eisenberg\/","name":"Vorlage","description":"Faire Produkte seit 1990","potentialAction":[{"@type":"SearchAction","target":{"@type":"EntryPoint","urlTemplate":"https:\/\/weltlaeden.de\/eisenberg\/?s={search_term_string}"},"query-input":{"@type":"PropertyValueSpecification","valueRequired":true,"valueName":"search_term_string"}}],"inLanguage":"de"}]}},"_links":{"self":[{"href":"https:\/\/weltlaeden.de\/eisenberg\/wp-json\/wp\/v2\/pages\/217","targetHints":{"allow":["GET"]}}],"collection":[{"href":"https:\/\/weltlaeden.de\/eisenberg\/wp-json\/wp\/v2\/pages"}],"about":[{"href":"https:\/\/weltlaeden.de\/eisenberg\/wp-json\/wp\/v2\/types\/page"}],"author":[{"embeddable":true,"href":"https:\/\/weltlaeden.de\/eisenberg\/wp-json\/wp\/v2\/users\/1"}],"replies":[{"embeddable":true,"href":"https:\/\/weltlaeden.de\/eisenberg\/wp-json\/wp\/v2\/comments?post=217"}],"version-history":[{"count":11,"href":"https:\/\/weltlaeden.de\/eisenberg\/wp-json\/wp\/v2\/pages\/217\/revisions"}],"predecessor-version":[{"id":523,"href":"https:\/\/weltlaeden.de\/eisenberg\/wp-json\/wp\/v2\/pages\/217\/revisions\/523"}],"wp:attachment":[{"href":"https:\/\/weltlaeden.de\/eisenberg\/wp-json\/wp\/v2\/media?parent=217"}],"curies":[{"name":"wp","href":"https:\/\/api.w.org\/{rel}","templated":true}]}}