{"id":219,"date":"2016-10-28T13:34:47","date_gmt":"2016-10-28T11:34:47","guid":{"rendered":"https:\/\/wl.heimpixel.de\/eckernfoerde\/ueber-uns\/"},"modified":"2026-05-04T11:24:40","modified_gmt":"2026-05-04T09:24:40","slug":"ueber-uns","status":"publish","type":"page","link":"https:\/\/weltlaeden.de\/eckernfoerde\/ueber-uns\/","title":{"rendered":"\u00dcber uns"},"content":{"rendered":"<div class=\"wpb-content-wrapper\"><p>[vc_row][vc_column]<div class=\"wl_einzelbild\"><p><img loading=\"lazy\" decoding=\"async\" class=\" wp-image-548 aligncenter\" src=\"https:\/\/weltlaeden.de\/eckernfoerde\/wp-content\/uploads\/sites\/21\/2016\/10\/Foto-3-300x107.jpg\" alt=\"\" width=\"452\" height=\"161\" srcset=\"https:\/\/weltlaeden.de\/eckernfoerde\/wp-content\/uploads\/sites\/21\/2016\/10\/Foto-3-300x107.jpg 300w, https:\/\/weltlaeden.de\/eckernfoerde\/wp-content\/uploads\/sites\/21\/2016\/10\/Foto-3-768x274.jpg 768w, https:\/\/weltlaeden.de\/eckernfoerde\/wp-content\/uploads\/sites\/21\/2016\/10\/Foto-3-1024x365.jpg 1024w, https:\/\/weltlaeden.de\/eckernfoerde\/wp-content\/uploads\/sites\/21\/2016\/10\/Foto-3.jpg 1920w\" sizes=\"auto, (max-width: 452px) 100vw, 452px\" \/><\/p><\/div>[vc_empty_space][vc_column_text]<\/p>\n<h1>\u00dcber den Weltladen Eckernf\u00f6rde<\/h1>\n<p>[\/vc_column_text][vc_column_text]Der Weltladen befindet sich in der St.-Nicolai-Str. 21 in Eckernf\u00f6rde, er liegt somit nicht nur inmitten der Fu\u00dfg\u00e4ngerzone, sondern auch fast(!) in Sichtweite der Eckernf\u00f6rder Bucht.<\/p>\n<p>Das Besondere ist, dass er sich\u00a0im so genannten Gr\u00fcnen Haus befindet. Dieses Geb\u00e4ude\u00a0geh\u00f6rt dem Ev.-Luth. Kirchenkreis Rendsburg-Eckernf\u00f6rde und wurde bereits seit den 1980er Jahren f\u00fcr eine Offene Jugendarbeit genutzt,\u00a0inhaltlich vornehmlich getragen von der Kirchengemeinde St. Nicolai. Das Gr\u00fcne Haus besa\u00df schon damals in seinen unteren R\u00e4umlichkeiten einen kleinen Weltladen. Vor ein paar Jahren musste das vordere Geb\u00e4ude\u00a0aufgrund der maroden Bausubstanz\u00a0abgerissen werden. Nach umfangreichen Bauma\u00dfen konnte das neuerrichtete Gr\u00fcne Haus im September 2014 seine T\u00fcren wieder \u00f6ffnen. Selbstverst\u00e4ndlich befand sich dann auch im neuen Gr\u00fcnen Haus\u00a0wieder ein Weltladen, der im November 2014 f\u00fcr seine Kunden wieder er\u00f6ffnete. Auf einer Fl\u00e4che von rund 18 Quadratmetern erstreckt sich die bunte Produktvielfalt unseres Weltladens.<\/p>\n<p>Doch unser Weltladen ist nicht nur ein Fachgesch\u00e4ft des Fairen Handels, sondern mehr und mehr auch im Bereich der Bildungs- und Kampagnenarbeit eine wichtige S\u00e4ule.<\/p>\n<p>Rund um Eckernf\u00f6rde gibt es einige\u00a0Kooperationspartner, die mit dem Weltladen sehr eng zusammenarbeiten. Ein gutes Beispiel hierf\u00fcr ist die Jungmannschule in Eckernf\u00f6rde: dort wird in den Pausen ein Kiosk mit fair gehandelten Produkten ge\u00f6ffnet, der von Sch\u00fclern betreut wird. Aber auch andere Schulen, Kirchengemeinden, Unternehmen und auch das Rathaus beziehen ihre Waren bei uns.[\/vc_column_text][\/vc_column][\/vc_row][vc_row][vc_column][vc_empty_space][vc_video link=&#8220;https:\/\/www.youtube.com\/watch?v=PpD3VpvgU2s&#8220; align=&#8220;center&#8220; css=&#8220;.vc_custom_1524062412218{background-color: #cecece !important;}&#8220;][vc_empty_space][vc_column_text]<\/p>\n<h1>Im Weltladen engagieren<\/h1>\n<p>[\/vc_column_text][vc_column_text]Aber klar, wir freuen uns \u00fcber jedes neue Gesicht in unserem Team.<\/p>\n<p>Wir sind immer auf der Suche nach<b> <\/b>Menschen, die Lust haben, sich ehrenamtlich f\u00fcr eine offene, transparente, \u00f6kologische und nachhaltige Form des Wirtschaftens zu engagieren. Ob im Verkauf, der Informations- oder Bildungsarbeit &#8211; die M\u00f6glichkeiten, in unserem Team mitzumachen sind vielf\u00e4ltig und lassen sich bestimmt auch in Deinen Alltag integrieren! Deine Bereitschaft und Dein Engagement sind gefragt.<\/p>\n<p><strong>Wir bieten<\/strong> ein nettes Team aus Engagierten mit vielf\u00e4ltigen M\u00f6glichkeiten, sich selbst einzubringen. Eine Gemeinschaft, die Dich herzlich aufnimmt, einarbeitet und bei Fragen zur Verf\u00fcgung steht. Fortbildungsm\u00f6glichkeiten nach Deinen Interessen und Aufgaben.<\/p>\n<p><strong>Wir freuen uns auf Dich!<\/strong>[\/vc_column_text][\/vc_column][\/vc_row]<\/p>\n<\/div>","protected":false},"excerpt":{"rendered":"<p>[vc_row][vc_column][vc_empty_space][vc_column_text] \u00dcber den Weltladen Eckernf\u00f6rde [\/vc_column_text][vc_column_text]Der Weltladen befindet sich in der St.-Nicolai-Str. 21 in Eckernf\u00f6rde, er liegt somit nicht nur inmitten der Fu\u00dfg\u00e4ngerzone, sondern auch fast(!) in Sichtweite der Eckernf\u00f6rder Bucht. Das Besondere ist, dass er sich\u00a0im so genannten Gr\u00fcnen Haus befindet. Dieses Geb\u00e4ude\u00a0geh\u00f6rt dem Ev.-Luth. Kirchenkreis Rendsburg-Eckernf\u00f6rde und wurde bereits seit den 1980er Jahren&hellip;<\/p>\n","protected":false},"author":1,"featured_media":346,"parent":0,"menu_order":2,"comment_status":"closed","ping_status":"closed","template":"","meta":{"footnotes":""},"class_list":["post-219","page","type-page","status-publish","has-post-thumbnail","hentry","description-off"],"_links":{"self":[{"href":"https:\/\/weltlaeden.de\/eckernfoerde\/wp-json\/wp\/v2\/pages\/219","targetHints":{"allow":["GET"]}}],"collection":[{"href":"https:\/\/weltlaeden.de\/eckernfoerde\/wp-json\/wp\/v2\/pages"}],"about":[{"href":"https:\/\/weltlaeden.de\/eckernfoerde\/wp-json\/wp\/v2\/types\/page"}],"author":[{"embeddable":true,"href":"https:\/\/weltlaeden.de\/eckernfoerde\/wp-json\/wp\/v2\/users\/1"}],"replies":[{"embeddable":true,"href":"https:\/\/weltlaeden.de\/eckernfoerde\/wp-json\/wp\/v2\/comments?post=219"}],"version-history":[{"count":25,"href":"https:\/\/weltlaeden.de\/eckernfoerde\/wp-json\/wp\/v2\/pages\/219\/revisions"}],"predecessor-version":[{"id":827,"href":"https:\/\/weltlaeden.de\/eckernfoerde\/wp-json\/wp\/v2\/pages\/219\/revisions\/827"}],"wp:featuredmedia":[{"embeddable":true,"href":"https:\/\/weltlaeden.de\/eckernfoerde\/wp-json\/wp\/v2\/media\/346"}],"wp:attachment":[{"href":"https:\/\/weltlaeden.de\/eckernfoerde\/wp-json\/wp\/v2\/media?parent=219"}],"curies":[{"name":"wp","href":"https:\/\/api.w.org\/{rel}","templated":true}]}}