{"id":495,"date":"2020-09-09T12:31:08","date_gmt":"2020-09-09T10:31:08","guid":{"rendered":"https:\/\/weltlaeden.de\/dillenburg\/?page_id=495"},"modified":"2020-10-27T13:58:45","modified_gmt":"2020-10-27T12:58:45","slug":"lernort-weltladen","status":"publish","type":"page","link":"https:\/\/weltlaeden.de\/dillenburg\/lernort-weltladen\/","title":{"rendered":"Bildungsarbeit"},"content":{"rendered":"<div class=\"blocks__block block block--text usertext\">\n<p><img loading=\"lazy\" decoding=\"async\" class=\"wp-image-597\" src=\"https:\/\/weltlaeden.de\/dillenburg\/wp-content\/uploads\/sites\/137\/2020\/10\/bildungssaeule_2018_ca_900x01280x0-1024x682.jpg\" alt=\"\" width=\"780\" height=\"520\" srcset=\"https:\/\/weltlaeden.de\/dillenburg\/wp-content\/uploads\/sites\/137\/2020\/10\/bildungssaeule_2018_ca_900x01280x0-1024x682.jpg 1024w, https:\/\/weltlaeden.de\/dillenburg\/wp-content\/uploads\/sites\/137\/2020\/10\/bildungssaeule_2018_ca_900x01280x0-300x200.jpg 300w, https:\/\/weltlaeden.de\/dillenburg\/wp-content\/uploads\/sites\/137\/2020\/10\/bildungssaeule_2018_ca_900x01280x0-768x512.jpg 768w, https:\/\/weltlaeden.de\/dillenburg\/wp-content\/uploads\/sites\/137\/2020\/10\/bildungssaeule_2018_ca_900x01280x0.jpg 1280w\" sizes=\"auto, (max-width: 780px) 100vw, 780px\" \/><\/p>\n<h1>Der Weltladen als Lernort<\/h1>\n<p>Die Besucher in unserem Weltladen sind nicht nur eingeladen, fair gehandelte Produkte einzukaufen, sondern auch Fragen zu stellen:<\/p>\n<ul>\n<li>Was ist eigentlich das Faire am Fairen Handel?<\/li>\n<li>Wo kommen der Kakao oder die Milch f\u00fcr diese Schokolade her?<\/li>\n<li>Wo und mit welchen Methoden wird dieser Tee oder Kaffee angebaut?<\/li>\n<li>Wer hat dieses Produkt hergestellt?<\/li>\n<\/ul>\n<\/div>\n<p>Der Weltladen kann als au\u00dferschulischer Lernort von Schulklassen, kirchlichen und anderen Gruppen genutzt werden, um den Fairen Handel und seine Themen kennenzulernen.\u00a0 Bildungsmaterial, das dabei genutzt wird, wurde vom Weltladen-Dachverband entwickelt:<\/p>\n<h2>Die Bildungss\u00e4ule<\/h2>\n<p>Die Bildungss\u00e4ule besteht aus sieben Stehsammlern zu den Themen Fu\u00dfball, Kaffee, Kakao, Handy, Textilien, Fairer Handel und S\u00fcdfr\u00fcchte. Sie umfasst einen Grundstock an Materialien zu den gefragtesten Themen der entwicklungspolitischen Bildungsarbeit in Weltl\u00e4den.<\/p>\n<h2>Fair-Flixt! Die Weltladenerkundung als Stationen-Lernen<\/h2>\n<p>Mithilfe der Materialien aus Fair-Flixt! werden Sch\u00fcler*innen spielerisch an den Weltladen und die Grundlagen des Fairen Handels herangef\u00fchrt. An verschiedenen Stationen wird beispielsweise das Lieblingsprodukt im Regal gesucht, Mitarbeiter*innen befragt oder der Produktionsweg des Kakaos mithilfe von Bild- und Textkarten nachgestellt.<\/p>\n<h2>Ausstellungen und Workshops<\/h2>\n<p>In Zusammenarbeit mit <a href=\"https:\/\/weltlaeden-hessen.de\">Weltl\u00e4den in Hessen e.V.<\/a> haben wir in den vergangenen Jahren in Dillenburg immer wieder Ausstellungen und Workshops durchgef\u00fchrt, z.B.<\/p>\n<ul>\n<li><a href=\"https:\/\/weltlaeden-hessen.de\/ausstellung\/\">Hessen fair\u00e4ndert<\/a><\/li>\n<li>Tee-Workshop<\/li>\n<\/ul>\n<h2>Vortr\u00e4ge<\/h2>\n<p>Schulklassen, Kitas, kirchliche und andere Gruppen d\u00fcrfen uns gerne einladen, einen Vortrag zu halten zu Themen wie z.B.<\/p>\n<ul>\n<li>Fair Trade for Fair Life<\/li>\n<li>Schokolade &#8211; eine s\u00fc\u00dfe Versuchung<\/li>\n<\/ul>\n<p><strong>Sprechen Sie uns an!<\/strong><\/p>\n","protected":false},"excerpt":{"rendered":"<p>Der Weltladen als Lernort Die Besucher in unserem Weltladen sind nicht nur eingeladen, fair gehandelte Produkte einzukaufen, sondern auch Fragen zu stellen: Was ist eigentlich das Faire am Fairen Handel? Wo kommen der Kakao oder die Milch f\u00fcr diese Schokolade her? Wo und mit welchen Methoden wird dieser Tee oder Kaffee angebaut? Wer hat dieses&hellip;<\/p>\n","protected":false},"author":200,"featured_media":0,"parent":0,"menu_order":0,"comment_status":"closed","ping_status":"closed","template":"","meta":{"footnotes":""},"class_list":["post-495","page","type-page","status-publish","hentry","description-off"],"yoast_head":"<!-- This site is optimized with the Yoast SEO plugin v26.8 - https:\/\/yoast.com\/product\/yoast-seo-wordpress\/ -->\n<title>Bildungsarbeit - Weltladen Dillenburg<\/title>\n<meta name=\"robots\" content=\"index, follow, max-snippet:-1, max-image-preview:large, max-video-preview:-1\" \/>\n<link rel=\"canonical\" href=\"https:\/\/weltlaeden.de\/dillenburg\/lernort-weltladen\/\" \/>\n<meta property=\"og:locale\" content=\"de_DE\" \/>\n<meta property=\"og:type\" content=\"article\" \/>\n<meta property=\"og:title\" content=\"Bildungsarbeit - Weltladen Dillenburg\" \/>\n<meta property=\"og:description\" content=\"Der Weltladen als Lernort Die Besucher in unserem Weltladen sind nicht nur eingeladen, fair gehandelte Produkte einzukaufen, sondern auch Fragen zu stellen: Was ist eigentlich das Faire am Fairen Handel? Wo kommen der Kakao oder die Milch f\u00fcr diese Schokolade her? Wo und mit welchen Methoden wird dieser Tee oder Kaffee angebaut? Wer hat dieses&hellip;\" \/>\n<meta property=\"og:url\" content=\"https:\/\/weltlaeden.de\/dillenburg\/lernort-weltladen\/\" \/>\n<meta property=\"og:site_name\" content=\"Weltladen Dillenburg\" \/>\n<meta property=\"article:modified_time\" content=\"2020-10-27T12:58:45+00:00\" \/>\n<meta property=\"og:image\" content=\"https:\/\/weltlaeden.de\/dillenburg\/wp-content\/uploads\/sites\/137\/2020\/10\/bildungssaeule_2018_ca_900x01280x0-1024x682.jpg\" \/>\n<meta name=\"twitter:card\" content=\"summary_large_image\" \/>\n<meta name=\"twitter:label1\" content=\"Gesch\u00e4tzte Lesezeit\" \/>\n\t<meta name=\"twitter:data1\" content=\"1\u00a0Minute\" \/>\n<script type=\"application\/ld+json\" class=\"yoast-schema-graph\">{\"@context\":\"https:\/\/schema.org\",\"@graph\":[{\"@type\":\"WebPage\",\"@id\":\"https:\/\/weltlaeden.de\/dillenburg\/lernort-weltladen\/\",\"url\":\"https:\/\/weltlaeden.de\/dillenburg\/lernort-weltladen\/\",\"name\":\"Bildungsarbeit - Weltladen Dillenburg\",\"isPartOf\":{\"@id\":\"https:\/\/weltlaeden.de\/dillenburg\/#website\"},\"primaryImageOfPage\":{\"@id\":\"https:\/\/weltlaeden.de\/dillenburg\/lernort-weltladen\/#primaryimage\"},\"image\":{\"@id\":\"https:\/\/weltlaeden.de\/dillenburg\/lernort-weltladen\/#primaryimage\"},\"thumbnailUrl\":\"https:\/\/weltlaeden.de\/dillenburg\/wp-content\/uploads\/sites\/137\/2020\/10\/bildungssaeule_2018_ca_900x01280x0-1024x682.jpg\",\"datePublished\":\"2020-09-09T10:31:08+00:00\",\"dateModified\":\"2020-10-27T12:58:45+00:00\",\"breadcrumb\":{\"@id\":\"https:\/\/weltlaeden.de\/dillenburg\/lernort-weltladen\/#breadcrumb\"},\"inLanguage\":\"de\",\"potentialAction\":[{\"@type\":\"ReadAction\",\"target\":[\"https:\/\/weltlaeden.de\/dillenburg\/lernort-weltladen\/\"]}]},{\"@type\":\"ImageObject\",\"inLanguage\":\"de\",\"@id\":\"https:\/\/weltlaeden.de\/dillenburg\/lernort-weltladen\/#primaryimage\",\"url\":\"https:\/\/weltlaeden.de\/dillenburg\/wp-content\/uploads\/sites\/137\/2020\/10\/bildungssaeule_2018_ca_900x01280x0.jpg\",\"contentUrl\":\"https:\/\/weltlaeden.de\/dillenburg\/wp-content\/uploads\/sites\/137\/2020\/10\/bildungssaeule_2018_ca_900x01280x0.jpg\",\"width\":1280,\"height\":853},{\"@type\":\"BreadcrumbList\",\"@id\":\"https:\/\/weltlaeden.de\/dillenburg\/lernort-weltladen\/#breadcrumb\",\"itemListElement\":[{\"@type\":\"ListItem\",\"position\":1,\"name\":\"Startseite\",\"item\":\"https:\/\/weltlaeden.de\/dillenburg\/\"},{\"@type\":\"ListItem\",\"position\":2,\"name\":\"Bildungsarbeit\"}]},{\"@type\":\"WebSite\",\"@id\":\"https:\/\/weltlaeden.de\/dillenburg\/#website\",\"url\":\"https:\/\/weltlaeden.de\/dillenburg\/\",\"name\":\"Weltladen Dillenburg\",\"description\":\"Fair gehandelte Produkte seit 1994\",\"potentialAction\":[{\"@type\":\"SearchAction\",\"target\":{\"@type\":\"EntryPoint\",\"urlTemplate\":\"https:\/\/weltlaeden.de\/dillenburg\/?s={search_term_string}\"},\"query-input\":{\"@type\":\"PropertyValueSpecification\",\"valueRequired\":true,\"valueName\":\"search_term_string\"}}],\"inLanguage\":\"de\"}]}<\/script>\n<!-- \/ Yoast SEO plugin. -->","yoast_head_json":{"title":"Bildungsarbeit - Weltladen Dillenburg","robots":{"index":"index","follow":"follow","max-snippet":"max-snippet:-1","max-image-preview":"max-image-preview:large","max-video-preview":"max-video-preview:-1"},"canonical":"https:\/\/weltlaeden.de\/dillenburg\/lernort-weltladen\/","og_locale":"de_DE","og_type":"article","og_title":"Bildungsarbeit - Weltladen Dillenburg","og_description":"Der Weltladen als Lernort Die Besucher in unserem Weltladen sind nicht nur eingeladen, fair gehandelte Produkte einzukaufen, sondern auch Fragen zu stellen: Was ist eigentlich das Faire am Fairen Handel? Wo kommen der Kakao oder die Milch f\u00fcr diese Schokolade her? Wo und mit welchen Methoden wird dieser Tee oder Kaffee angebaut? Wer hat dieses&hellip;","og_url":"https:\/\/weltlaeden.de\/dillenburg\/lernort-weltladen\/","og_site_name":"Weltladen Dillenburg","article_modified_time":"2020-10-27T12:58:45+00:00","og_image":[{"url":"https:\/\/weltlaeden.de\/dillenburg\/wp-content\/uploads\/sites\/137\/2020\/10\/bildungssaeule_2018_ca_900x01280x0-1024x682.jpg","type":"","width":"","height":""}],"twitter_card":"summary_large_image","twitter_misc":{"Gesch\u00e4tzte Lesezeit":"1\u00a0Minute"},"schema":{"@context":"https:\/\/schema.org","@graph":[{"@type":"WebPage","@id":"https:\/\/weltlaeden.de\/dillenburg\/lernort-weltladen\/","url":"https:\/\/weltlaeden.de\/dillenburg\/lernort-weltladen\/","name":"Bildungsarbeit - Weltladen Dillenburg","isPartOf":{"@id":"https:\/\/weltlaeden.de\/dillenburg\/#website"},"primaryImageOfPage":{"@id":"https:\/\/weltlaeden.de\/dillenburg\/lernort-weltladen\/#primaryimage"},"image":{"@id":"https:\/\/weltlaeden.de\/dillenburg\/lernort-weltladen\/#primaryimage"},"thumbnailUrl":"https:\/\/weltlaeden.de\/dillenburg\/wp-content\/uploads\/sites\/137\/2020\/10\/bildungssaeule_2018_ca_900x01280x0-1024x682.jpg","datePublished":"2020-09-09T10:31:08+00:00","dateModified":"2020-10-27T12:58:45+00:00","breadcrumb":{"@id":"https:\/\/weltlaeden.de\/dillenburg\/lernort-weltladen\/#breadcrumb"},"inLanguage":"de","potentialAction":[{"@type":"ReadAction","target":["https:\/\/weltlaeden.de\/dillenburg\/lernort-weltladen\/"]}]},{"@type":"ImageObject","inLanguage":"de","@id":"https:\/\/weltlaeden.de\/dillenburg\/lernort-weltladen\/#primaryimage","url":"https:\/\/weltlaeden.de\/dillenburg\/wp-content\/uploads\/sites\/137\/2020\/10\/bildungssaeule_2018_ca_900x01280x0.jpg","contentUrl":"https:\/\/weltlaeden.de\/dillenburg\/wp-content\/uploads\/sites\/137\/2020\/10\/bildungssaeule_2018_ca_900x01280x0.jpg","width":1280,"height":853},{"@type":"BreadcrumbList","@id":"https:\/\/weltlaeden.de\/dillenburg\/lernort-weltladen\/#breadcrumb","itemListElement":[{"@type":"ListItem","position":1,"name":"Startseite","item":"https:\/\/weltlaeden.de\/dillenburg\/"},{"@type":"ListItem","position":2,"name":"Bildungsarbeit"}]},{"@type":"WebSite","@id":"https:\/\/weltlaeden.de\/dillenburg\/#website","url":"https:\/\/weltlaeden.de\/dillenburg\/","name":"Weltladen Dillenburg","description":"Fair gehandelte Produkte seit 1994","potentialAction":[{"@type":"SearchAction","target":{"@type":"EntryPoint","urlTemplate":"https:\/\/weltlaeden.de\/dillenburg\/?s={search_term_string}"},"query-input":{"@type":"PropertyValueSpecification","valueRequired":true,"valueName":"search_term_string"}}],"inLanguage":"de"}]}},"_links":{"self":[{"href":"https:\/\/weltlaeden.de\/dillenburg\/wp-json\/wp\/v2\/pages\/495","targetHints":{"allow":["GET"]}}],"collection":[{"href":"https:\/\/weltlaeden.de\/dillenburg\/wp-json\/wp\/v2\/pages"}],"about":[{"href":"https:\/\/weltlaeden.de\/dillenburg\/wp-json\/wp\/v2\/types\/page"}],"author":[{"embeddable":true,"href":"https:\/\/weltlaeden.de\/dillenburg\/wp-json\/wp\/v2\/users\/200"}],"replies":[{"embeddable":true,"href":"https:\/\/weltlaeden.de\/dillenburg\/wp-json\/wp\/v2\/comments?post=495"}],"version-history":[{"count":13,"href":"https:\/\/weltlaeden.de\/dillenburg\/wp-json\/wp\/v2\/pages\/495\/revisions"}],"predecessor-version":[{"id":606,"href":"https:\/\/weltlaeden.de\/dillenburg\/wp-json\/wp\/v2\/pages\/495\/revisions\/606"}],"wp:attachment":[{"href":"https:\/\/weltlaeden.de\/dillenburg\/wp-json\/wp\/v2\/media?parent=495"}],"curies":[{"name":"wp","href":"https:\/\/api.w.org\/{rel}","templated":true}]}}