{"id":219,"date":"2020-10-20T13:34:47","date_gmt":"2020-10-20T11:34:47","guid":{"rendered":"https:\/\/wl.heimpixel.de\/vorlage\/ueber-uns\/"},"modified":"2020-10-26T11:59:59","modified_gmt":"2020-10-26T10:59:59","slug":"ueber-uns","status":"publish","type":"page","link":"https:\/\/weltlaeden.de\/dillenburg\/ueber-uns\/","title":{"rendered":"\u00dcber uns"},"content":{"rendered":"<div class=\"wpb-content-wrapper\"><p>[vc_row][vc_column][vc_column_text]<img loading=\"lazy\" decoding=\"async\" class=\"aligncenter wp-image-461 size-large\" src=\"https:\/\/weltlaeden.de\/vorlage\/wp-content\/uploads\/sites\/2\/2019\/04\/board-game-challenge-chess-209728_1200x519-e1555324787982.png\" alt=\"Zugang zum Weltladen Dillenburg\" width=\"1024\" height=\"768\" \/><\/p>\n<h1>\u00dcber den Weltladen Dillenburg<\/h1>\n<div>\n<div class=\"_1mf _1mj\">Schon seit 1994 wurden in den R\u00e4umen der <a href=\"https:\/\/www.herzjesu-dillenburg.de\/\">Katholischen Pfarrei Herz Jesu Dillenburg<\/a> vor und nach den Gottesdiensten und bei besonderen Anl\u00e4ssen fair gehandelte Waren verkauft.<\/div>\n<div><\/div>\n<div class=\"_1mf _1mj\">Ende Oktober 2013 wurde dann &#8211; mit Unterst\u00fctzung der <a href=\"https:\/\/www.ev-kirche-dillenburg.de\/\">Evangelischen Kirchengemeinde Dillenburg<\/a> und der Pfarrei Herz Jesu Dillenburg &#8211; in der Fu\u00dfg\u00e4ngerzone von Dillenburg unser Weltladen als <strong>Fachgesch\u00e4ft des Fairen Handels<\/strong> neu er\u00f6ffnet. Hier sorgen jetzt rund 20 Ehrenamtliche f\u00fcr den Ladenbetrieb.<\/div>\n<div><\/div>\n<div>2014 wurde als Tr\u00e4ger-Verein der gemeinn\u00fctzige Weltladen Dillenburg e.V. gegr\u00fcndet, dessen Vorsitz abwechselnd eine evangelische und katholische Pfarrperson inne hat. Mitgliedsbeitr\u00e4ge, Spenden und erwirtschaftete Gewinne werden zur Finanzierung der laufenden Kosten verwendet. Was dar\u00fcber hinaus \u00fcbrig bleibt, dient zur Unterst\u00fctzung von Projekten.<\/div>\n<\/div>\n<p>[\/vc_column_text][vc_empty_space][vc_column_text]<\/p>\n<h1>Unsere Aktivit\u00e4ten<\/h1>\n<div>Neben dem <strong>Verkauf von fair gehandelten Produkten und der Beratung unserer Kund*innen<\/strong> leisten wir <strong>Bildungs- und Informationsarbeit<\/strong>. Gerne empfangen und besuchen wir dazu Kitas, Schulklassen, kirchliche und andere interessierte Gruppen. Fragen Sie uns an!<\/div>\n<div><\/div>\n<div>Wir beteiligen uns regelm\u00e4\u00dfig am \u00f6kumenischen Weltgebetstag, dem Weltladentag, der Fairen Woche, dem Tag der Nachhaltigkeit und weiteren <strong>Aktionen und Kampagnen<\/strong>.<\/div>\n<div><\/div>\n<div>Ab und zu bieten wir Workshops, Verkostungen und andere \u00f6ffentliche Veranstaltungen an.<\/div>\n<div><\/div>\n<div>Gemeinsam mit anderen Akteuren arbeiten wir darauf hin, dass Dillenburg &#8211; wie viele andere Kommunen in der Region und in ganz Deutschland &#8211; bald auch eine <a href=\"https:\/\/www.dillenburg.de\/fairtradetown\/\"><strong>Fairtrade-Stadt<\/strong><\/a> wird.<\/div>\n<div><\/div>\n<div>Wir sind Mitglied des <a href=\"https:\/\/www.weltladen.de\/weltladen-dachverband\/\">Weltladen-Dachverbands<\/a> und des Vereins <a href=\"https:\/\/weltlaeden.weltladen.de\/hessen#verein\">Weltl\u00e4den in Hessen<\/a>.<\/div>\n<p>[\/vc_column_text][vc_empty_space][vc_column_text]<\/p>\n<h1>Mitmachen im Weltladen Dillenburg<\/h1>\n<p><strong>Bei uns kann man nicht nur Einkaufen, sondern auch <a href=\"https:\/\/www.weltladen.de\/ueber-weltlaeden\/mitmachen\/\">Mitmachen<\/a>:<\/strong> Wir suchen Menschen, die Lust haben, sich ehrenamtlich f\u00fcr eine offene, transparente, \u00f6kologische und nachhaltige Form des Wirtschaftens zu engagieren. Ob im Verkauf, der Informations- oder Bildungsarbeit &#8211; die M\u00f6glichkeiten, in unserem Team mitzumachen sind vielf\u00e4ltig und lassen sich bestimmt auch in Ihren Alltag integrieren!<\/p>\n<p>Neben regelm\u00e4\u00dfigen Aufgaben gibt es bei uns auch immer wieder einzelne zeitlich befristete Projekte, f\u00fcr die wir Unterst\u00fctzer\/innen suchen. Viele Aufgaben erfordern keine speziellen Vorkenntnisse, sondern nur Ihre Bereitschaft, Ihre F\u00e4higkeiten einzubringen und eventuell in neuen Bereichen dazuzulernen.<\/p>\n<p><strong>Wir bieten<\/strong> ein nettes Team aus Engagierten mit vielf\u00e4ltigen M\u00f6glichkeiten, sich selbst einzubringen. Eine Gemeinschaft, die Sie herzlich aufnimmt, einarbeitet und bei Fragen zur Verf\u00fcgung steht. Dazu Fortbildungsm\u00f6glichkeiten nach Ihren Interessen und Aufgaben.<\/p>\n<p><strong>Ansprechpartner\/in:<\/strong><br \/>\nBeatrix Schlausch<br \/>\nKontaktdaten :<br \/>\nTel: 02771-22409 oder 0177 44 55 347<br \/>\ne-mail: <a href=\"mailto:schlausch@t-online.de\" target=\"_blank\" rel=\"noopener\">schlausch@t-online.de<\/a><\/p>\n<p><strong>Wir freuen uns auf Sie!<\/strong>[\/vc_column_text][\/vc_column][\/vc_row]<\/p>\n<\/div>","protected":false},"excerpt":{"rendered":"<p>[vc_row][vc_column][vc_column_text] \u00dcber den Weltladen Dillenburg Schon seit 1994 wurden in den R\u00e4umen der Katholischen Pfarrei Herz Jesu Dillenburg vor und nach den Gottesdiensten und bei besonderen Anl\u00e4ssen fair gehandelte Waren verkauft. Ende Oktober 2013 wurde dann &#8211; mit Unterst\u00fctzung der Evangelischen Kirchengemeinde Dillenburg und der Pfarrei Herz Jesu Dillenburg &#8211; in der Fu\u00dfg\u00e4ngerzone von Dillenburg&hellip;<\/p>\n","protected":false},"author":1,"featured_media":461,"parent":0,"menu_order":4,"comment_status":"closed","ping_status":"closed","template":"","meta":{"footnotes":""},"class_list":["post-219","page","type-page","status-publish","has-post-thumbnail","hentry","description-off"],"yoast_head":"<!-- This site is optimized with the Yoast SEO plugin v26.8 - https:\/\/yoast.com\/product\/yoast-seo-wordpress\/ -->\n<title>\u00dcber uns - Weltladen Dillenburg<\/title>\n<meta name=\"description\" content=\"Seit 2013 gibt es den Weltladen Dillenburg - doch angefangen hat alles schon 1994\" \/>\n<meta name=\"robots\" content=\"index, follow, max-snippet:-1, max-image-preview:large, max-video-preview:-1\" \/>\n<link rel=\"canonical\" href=\"https:\/\/weltlaeden.de\/dillenburg\/ueber-uns\/\" \/>\n<meta property=\"og:locale\" content=\"de_DE\" \/>\n<meta property=\"og:type\" content=\"article\" \/>\n<meta property=\"og:title\" content=\"\u00dcber uns - Weltladen Dillenburg\" \/>\n<meta property=\"og:description\" content=\"Seit 2013 gibt es den Weltladen Dillenburg - doch angefangen hat alles schon 1994\" \/>\n<meta property=\"og:url\" content=\"https:\/\/weltlaeden.de\/dillenburg\/ueber-uns\/\" \/>\n<meta property=\"og:site_name\" content=\"Weltladen Dillenburg\" \/>\n<meta property=\"article:modified_time\" content=\"2020-10-26T10:59:59+00:00\" \/>\n<meta property=\"og:image\" content=\"https:\/\/weltlaeden.de\/dillenburg\/wp-content\/uploads\/sites\/137\/2020\/08\/20200730_083223910_iOS-e1603197357199.jpg\" \/>\n\t<meta property=\"og:image:width\" content=\"1910\" \/>\n\t<meta property=\"og:image:height\" content=\"873\" \/>\n\t<meta property=\"og:image:type\" content=\"image\/jpeg\" \/>\n<meta name=\"twitter:card\" content=\"summary_large_image\" \/>\n<meta name=\"twitter:label1\" content=\"Gesch\u00e4tzte Lesezeit\" \/>\n\t<meta name=\"twitter:data1\" content=\"2\u00a0Minuten\" \/>\n<script type=\"application\/ld+json\" class=\"yoast-schema-graph\">{\"@context\":\"https:\/\/schema.org\",\"@graph\":[{\"@type\":\"WebPage\",\"@id\":\"https:\/\/weltlaeden.de\/dillenburg\/ueber-uns\/\",\"url\":\"https:\/\/weltlaeden.de\/dillenburg\/ueber-uns\/\",\"name\":\"\u00dcber uns - Weltladen Dillenburg\",\"isPartOf\":{\"@id\":\"https:\/\/weltlaeden.de\/dillenburg\/#website\"},\"primaryImageOfPage\":{\"@id\":\"https:\/\/weltlaeden.de\/dillenburg\/ueber-uns\/#primaryimage\"},\"image\":{\"@id\":\"https:\/\/weltlaeden.de\/dillenburg\/ueber-uns\/#primaryimage\"},\"thumbnailUrl\":\"https:\/\/weltlaeden.de\/dillenburg\/wp-content\/uploads\/sites\/137\/2020\/08\/20200730_083223910_iOS-e1603197357199.jpg\",\"datePublished\":\"2020-10-20T11:34:47+00:00\",\"dateModified\":\"2020-10-26T10:59:59+00:00\",\"description\":\"Seit 2013 gibt es den Weltladen Dillenburg - doch angefangen hat alles schon 1994\",\"breadcrumb\":{\"@id\":\"https:\/\/weltlaeden.de\/dillenburg\/ueber-uns\/#breadcrumb\"},\"inLanguage\":\"de\",\"potentialAction\":[{\"@type\":\"ReadAction\",\"target\":[\"https:\/\/weltlaeden.de\/dillenburg\/ueber-uns\/\"]}]},{\"@type\":\"ImageObject\",\"inLanguage\":\"de\",\"@id\":\"https:\/\/weltlaeden.de\/dillenburg\/ueber-uns\/#primaryimage\",\"url\":\"https:\/\/weltlaeden.de\/dillenburg\/wp-content\/uploads\/sites\/137\/2020\/08\/20200730_083223910_iOS-e1603197357199.jpg\",\"contentUrl\":\"https:\/\/weltlaeden.de\/dillenburg\/wp-content\/uploads\/sites\/137\/2020\/08\/20200730_083223910_iOS-e1603197357199.jpg\",\"width\":1910,\"height\":873,\"caption\":\"Zugang zum Weltladen Dillenburg\"},{\"@type\":\"BreadcrumbList\",\"@id\":\"https:\/\/weltlaeden.de\/dillenburg\/ueber-uns\/#breadcrumb\",\"itemListElement\":[{\"@type\":\"ListItem\",\"position\":1,\"name\":\"Startseite\",\"item\":\"https:\/\/weltlaeden.de\/dillenburg\/\"},{\"@type\":\"ListItem\",\"position\":2,\"name\":\"\u00dcber uns\"}]},{\"@type\":\"WebSite\",\"@id\":\"https:\/\/weltlaeden.de\/dillenburg\/#website\",\"url\":\"https:\/\/weltlaeden.de\/dillenburg\/\",\"name\":\"Weltladen Dillenburg\",\"description\":\"Fair gehandelte Produkte seit 1994\",\"potentialAction\":[{\"@type\":\"SearchAction\",\"target\":{\"@type\":\"EntryPoint\",\"urlTemplate\":\"https:\/\/weltlaeden.de\/dillenburg\/?s={search_term_string}\"},\"query-input\":{\"@type\":\"PropertyValueSpecification\",\"valueRequired\":true,\"valueName\":\"search_term_string\"}}],\"inLanguage\":\"de\"}]}<\/script>\n<!-- \/ Yoast SEO plugin. -->","yoast_head_json":{"title":"\u00dcber uns - Weltladen Dillenburg","description":"Seit 2013 gibt es den Weltladen Dillenburg - doch angefangen hat alles schon 1994","robots":{"index":"index","follow":"follow","max-snippet":"max-snippet:-1","max-image-preview":"max-image-preview:large","max-video-preview":"max-video-preview:-1"},"canonical":"https:\/\/weltlaeden.de\/dillenburg\/ueber-uns\/","og_locale":"de_DE","og_type":"article","og_title":"\u00dcber uns - Weltladen Dillenburg","og_description":"Seit 2013 gibt es den Weltladen Dillenburg - doch angefangen hat alles schon 1994","og_url":"https:\/\/weltlaeden.de\/dillenburg\/ueber-uns\/","og_site_name":"Weltladen Dillenburg","article_modified_time":"2020-10-26T10:59:59+00:00","og_image":[{"width":1910,"height":873,"url":"https:\/\/weltlaeden.de\/dillenburg\/wp-content\/uploads\/sites\/137\/2020\/08\/20200730_083223910_iOS-e1603197357199.jpg","type":"image\/jpeg"}],"twitter_card":"summary_large_image","twitter_misc":{"Gesch\u00e4tzte Lesezeit":"2\u00a0Minuten"},"schema":{"@context":"https:\/\/schema.org","@graph":[{"@type":"WebPage","@id":"https:\/\/weltlaeden.de\/dillenburg\/ueber-uns\/","url":"https:\/\/weltlaeden.de\/dillenburg\/ueber-uns\/","name":"\u00dcber uns - Weltladen Dillenburg","isPartOf":{"@id":"https:\/\/weltlaeden.de\/dillenburg\/#website"},"primaryImageOfPage":{"@id":"https:\/\/weltlaeden.de\/dillenburg\/ueber-uns\/#primaryimage"},"image":{"@id":"https:\/\/weltlaeden.de\/dillenburg\/ueber-uns\/#primaryimage"},"thumbnailUrl":"https:\/\/weltlaeden.de\/dillenburg\/wp-content\/uploads\/sites\/137\/2020\/08\/20200730_083223910_iOS-e1603197357199.jpg","datePublished":"2020-10-20T11:34:47+00:00","dateModified":"2020-10-26T10:59:59+00:00","description":"Seit 2013 gibt es den Weltladen Dillenburg - doch angefangen hat alles schon 1994","breadcrumb":{"@id":"https:\/\/weltlaeden.de\/dillenburg\/ueber-uns\/#breadcrumb"},"inLanguage":"de","potentialAction":[{"@type":"ReadAction","target":["https:\/\/weltlaeden.de\/dillenburg\/ueber-uns\/"]}]},{"@type":"ImageObject","inLanguage":"de","@id":"https:\/\/weltlaeden.de\/dillenburg\/ueber-uns\/#primaryimage","url":"https:\/\/weltlaeden.de\/dillenburg\/wp-content\/uploads\/sites\/137\/2020\/08\/20200730_083223910_iOS-e1603197357199.jpg","contentUrl":"https:\/\/weltlaeden.de\/dillenburg\/wp-content\/uploads\/sites\/137\/2020\/08\/20200730_083223910_iOS-e1603197357199.jpg","width":1910,"height":873,"caption":"Zugang zum Weltladen Dillenburg"},{"@type":"BreadcrumbList","@id":"https:\/\/weltlaeden.de\/dillenburg\/ueber-uns\/#breadcrumb","itemListElement":[{"@type":"ListItem","position":1,"name":"Startseite","item":"https:\/\/weltlaeden.de\/dillenburg\/"},{"@type":"ListItem","position":2,"name":"\u00dcber uns"}]},{"@type":"WebSite","@id":"https:\/\/weltlaeden.de\/dillenburg\/#website","url":"https:\/\/weltlaeden.de\/dillenburg\/","name":"Weltladen Dillenburg","description":"Fair gehandelte Produkte seit 1994","potentialAction":[{"@type":"SearchAction","target":{"@type":"EntryPoint","urlTemplate":"https:\/\/weltlaeden.de\/dillenburg\/?s={search_term_string}"},"query-input":{"@type":"PropertyValueSpecification","valueRequired":true,"valueName":"search_term_string"}}],"inLanguage":"de"}]}},"_links":{"self":[{"href":"https:\/\/weltlaeden.de\/dillenburg\/wp-json\/wp\/v2\/pages\/219","targetHints":{"allow":["GET"]}}],"collection":[{"href":"https:\/\/weltlaeden.de\/dillenburg\/wp-json\/wp\/v2\/pages"}],"about":[{"href":"https:\/\/weltlaeden.de\/dillenburg\/wp-json\/wp\/v2\/types\/page"}],"author":[{"embeddable":true,"href":"https:\/\/weltlaeden.de\/dillenburg\/wp-json\/wp\/v2\/users\/1"}],"replies":[{"embeddable":true,"href":"https:\/\/weltlaeden.de\/dillenburg\/wp-json\/wp\/v2\/comments?post=219"}],"version-history":[{"count":32,"href":"https:\/\/weltlaeden.de\/dillenburg\/wp-json\/wp\/v2\/pages\/219\/revisions"}],"predecessor-version":[{"id":593,"href":"https:\/\/weltlaeden.de\/dillenburg\/wp-json\/wp\/v2\/pages\/219\/revisions\/593"}],"wp:featuredmedia":[{"embeddable":true,"href":"https:\/\/weltlaeden.de\/dillenburg\/wp-json\/wp\/v2\/media\/461"}],"wp:attachment":[{"href":"https:\/\/weltlaeden.de\/dillenburg\/wp-json\/wp\/v2\/media?parent=219"}],"curies":[{"name":"wp","href":"https:\/\/api.w.org\/{rel}","templated":true}]}}