{"id":20,"date":"2016-10-14T09:05:21","date_gmt":"2016-10-14T07:05:21","guid":{"rendered":"https:\/\/wl.heimpixel.de\/vorlage\/weltladen-musterdorf\/"},"modified":"2023-04-29T15:41:11","modified_gmt":"2023-04-29T13:41:11","slug":"weltladen-musterdorf","status":"publish","type":"page","link":"https:\/\/weltlaeden.de\/dillenburg\/","title":{"rendered":"Weltladen Dillenburg"},"content":{"rendered":"<div class=\"wpb-content-wrapper\"><p><img loading=\"lazy\" decoding=\"async\" class=\"wp-image-701 aligncenter\" src=\"https:\/\/weltlaeden.de\/dillenburg\/wp-content\/uploads\/sites\/137\/2023\/04\/IMG_5041b-300x186.jpg\" alt=\"\" width=\"642\" height=\"398\" srcset=\"https:\/\/weltlaeden.de\/dillenburg\/wp-content\/uploads\/sites\/137\/2023\/04\/IMG_5041b-300x186.jpg 300w, https:\/\/weltlaeden.de\/dillenburg\/wp-content\/uploads\/sites\/137\/2023\/04\/IMG_5041b-1024x636.jpg 1024w, https:\/\/weltlaeden.de\/dillenburg\/wp-content\/uploads\/sites\/137\/2023\/04\/IMG_5041b-768x477.jpg 768w, https:\/\/weltlaeden.de\/dillenburg\/wp-content\/uploads\/sites\/137\/2023\/04\/IMG_5041b-1536x954.jpg 1536w, https:\/\/weltlaeden.de\/dillenburg\/wp-content\/uploads\/sites\/137\/2023\/04\/IMG_5041b-scaled.jpg 2048w\" sizes=\"auto, (max-width: 642px) 100vw, 642px\" \/><\/p>\n<h1 style=\"text-align: left\">Willkommen im Weltladen Dillenburg!<\/h1>\n<p>[vc_row][vc_column]<div class=\"wl_einzelbild\"><p><\/p><\/div>[vc_empty_space height=&#8220;20px&#8220;][\/vc_column][\/vc_row][vc_row][vc_column][vc_column_text][\/vc_column_text][vc_column_text]Bei uns <span class=\"d2edcug0 hpfvmrgz qv66sw1b c1et5uql rrkovp55 a8c37x1j keod5gw0 nxhoafnm aigsh9s9 d3f4x2em fe6kdd0r mau55g9w c8b282yb iv3no6db jq4qci2q a3bd9o3v knj5qynh oo9gr5id hzawbc8m\" dir=\"auto\"><span class=\"d2edcug0 hpfvmrgz qv66sw1b c1et5uql rrkovp55 jq4qci2q a3bd9o3v knj5qynh oo9gr5id hzawbc8m\">finden Sie fair gehandelte Produkte: Lebensmittel, Textilien, Kunsthandwerk und anderes mehr. Als Fachgesch\u00e4ft des Fairen Handels beraten wir Sie gerne! <\/span><\/span>Doch bei uns kann man nicht nur Einkaufen, sondern auch Mitmachen. <strong>Schauen Sie sich bei uns um und sprechen Sie uns an!<\/strong>[\/vc_column_text][vc_empty_space height=&#8220;30px&#8220;][\/vc_column][\/vc_row][vc_row][vc_column][vc_column_text]<\/p>\n<h2>Neuigkeiten<\/h2>\n<p>[\/vc_column_text]<section class=\"items-grid wf-container\"><div class=\"wf-cell wf-1-2\"><article class=\"post-format-standard\"><div class=\"mini-post-img\"><a class=\"alignleft post-rollover no-avatar\" href=\"https:\/\/weltlaeden.de\/dillenburg\/weltladen-dillenburg-e-v-unterstuetzt-erneut-die-dillenburger-tafel\/\"  style=\"width:60px; height: 60px;\" aria-label=\"Post image\"><\/a><\/div><div class=\"post-content\"><a href=\"https:\/\/weltlaeden.de\/dillenburg\/weltladen-dillenburg-e-v-unterstuetzt-erneut-die-dillenburger-tafel\/\">Weltladen Dillenburg e.V. unterst\u00fctzt erneut die Dillenburger Tafel<\/a><br \/><time class=\"text-secondary\" datetime=\"2025-11-17T12:14:55+01:00\">17. November 2025<\/time><\/div><\/article><\/div><div class=\"wf-cell wf-1-2\"><article class=\"post-format-standard\"><div class=\"mini-post-img\"><a class=\"alignleft post-rollover no-avatar\" href=\"https:\/\/weltlaeden.de\/dillenburg\/weltladen-dillenburg-e-v-unterstuetzt-die-ukrainehilfe-breitscheid\/\"  style=\"width:60px; height: 60px;\" aria-label=\"Post image\"><\/a><\/div><div class=\"post-content\"><a href=\"https:\/\/weltlaeden.de\/dillenburg\/weltladen-dillenburg-e-v-unterstuetzt-die-ukrainehilfe-breitscheid\/\">Weltladen Dillenburg e.V. unterst\u00fctzt die Ukrainehilfe Breitscheid<\/a><br \/><time class=\"text-secondary\" datetime=\"2025-10-25T09:41:26+02:00\">25. Oktober 2025<\/time><\/div><\/article><\/div><div class=\"wf-cell wf-1-2\"><article class=\"post-format-standard\"><div class=\"mini-post-img\"><a class=\"alignleft post-rollover layzr-bg\" href=\"https:\/\/weltlaeden.de\/dillenburg\/faires-fruehstueck-im-kleidertreff\/\" aria-label=\"Post image\"><img decoding=\"async\" class=\"preload-me lazy-load aspect\" src=\"data:image\/svg+xml,%3Csvg%20xmlns%3D&#39;http%3A%2F%2Fwww.w3.org%2F2000%2Fsvg&#39;%20viewBox%3D&#39;0%200%2060%2060&#39;%2F%3E\" data-src=\"https:\/\/weltlaeden.de\/dillenburg\/wp-content\/uploads\/sites\/137\/2025\/09\/5050-Fruehstuecke-kleiner-60x60.png\" data-srcset=\"https:\/\/weltlaeden.de\/dillenburg\/wp-content\/uploads\/sites\/137\/2025\/09\/5050-Fruehstuecke-kleiner-60x60.png 60w, https:\/\/weltlaeden.de\/dillenburg\/wp-content\/uploads\/sites\/137\/2025\/09\/5050-Fruehstuecke-kleiner-120x120.png 120w\" loading=\"eager\" style=\"--ratio: 60 \/ 60\" sizes=\"(max-width: 60px) 100vw, 60px\" width=\"60\" height=\"60\"  alt=\"\" \/><\/a><\/div><div class=\"post-content\"><a href=\"https:\/\/weltlaeden.de\/dillenburg\/faires-fruehstueck-im-kleidertreff\/\">Faires Fr\u00fchst\u00fcck im KleiderTREFF<\/a><br \/><time class=\"text-secondary\" datetime=\"2025-09-03T10:19:49+02:00\">3. September 2025<\/time><\/div><\/article><\/div><div class=\"wf-cell wf-1-2\"><article class=\"post-format-standard\"><div class=\"mini-post-img\"><a class=\"alignleft post-rollover layzr-bg\" href=\"https:\/\/weltlaeden.de\/dillenburg\/751-2\/\" aria-label=\"Post image\"><img decoding=\"async\" class=\"preload-me lazy-load aspect\" src=\"data:image\/svg+xml,%3Csvg%20xmlns%3D&#39;http%3A%2F%2Fwww.w3.org%2F2000%2Fsvg&#39;%20viewBox%3D&#39;0%200%2060%2060&#39;%2F%3E\" data-src=\"https:\/\/weltlaeden.de\/dillenburg\/wp-content\/uploads\/sites\/137\/2024\/05\/postkarten_weltladentag_2024_640x0-60x60.jpg\" data-srcset=\"https:\/\/weltlaeden.de\/dillenburg\/wp-content\/uploads\/sites\/137\/2024\/05\/postkarten_weltladentag_2024_640x0-60x60.jpg 60w, https:\/\/weltlaeden.de\/dillenburg\/wp-content\/uploads\/sites\/137\/2024\/05\/postkarten_weltladentag_2024_640x0-120x120.jpg 120w\" loading=\"eager\" style=\"--ratio: 60 \/ 60\" sizes=\"(max-width: 60px) 100vw, 60px\" width=\"60\" height=\"60\"  alt=\"\" \/><\/a><\/div><div class=\"post-content\"><a href=\"https:\/\/weltlaeden.de\/dillenburg\/751-2\/\">Weltladentag 2024: F\u00fcr Klimasch\u00e4den Verantwortung \u00fcbernehmen<\/a><br \/><time class=\"text-secondary\" datetime=\"2024-05-07T11:00:00+02:00\">7. Mai 2024<\/time><\/div><\/article><\/div><div class=\"wf-cell wf-1-2\"><article class=\"post-format-standard\"><div class=\"mini-post-img\"><a class=\"alignleft post-rollover no-avatar\" href=\"https:\/\/weltlaeden.de\/dillenburg\/mut-und-zivilcourage-kooperation-zwischen-goldbachschule-und-weltladen\/\"  style=\"width:60px; height: 60px;\" aria-label=\"Post image\"><\/a><\/div><div class=\"post-content\"><a href=\"https:\/\/weltlaeden.de\/dillenburg\/mut-und-zivilcourage-kooperation-zwischen-goldbachschule-und-weltladen\/\">Mut und Zivilcourage &#8211; Kooperation zwischen Goldbachschule und Weltladen<\/a><br \/><time class=\"text-secondary\" datetime=\"2024-04-15T11:50:52+02:00\">15. April 2024<\/time><\/div><\/article><\/div><div class=\"wf-cell wf-1-2\"><article class=\"post-format-standard\"><div class=\"mini-post-img\"><a class=\"alignleft post-rollover layzr-bg\" href=\"https:\/\/weltlaeden.de\/dillenburg\/fairer-kaffee-vom-strauch-bis-in-die-tasse\/\" aria-label=\"Post image\"><img decoding=\"async\" class=\"preload-me lazy-load aspect\" src=\"data:image\/svg+xml,%3Csvg%20xmlns%3D&#39;http%3A%2F%2Fwww.w3.org%2F2000%2Fsvg&#39;%20viewBox%3D&#39;0%200%2060%2060&#39;%2F%3E\" data-src=\"https:\/\/weltlaeden.de\/dillenburg\/wp-content\/uploads\/sites\/137\/2020\/09\/20200909_143424387_iOS-60x60.jpg\" data-srcset=\"https:\/\/weltlaeden.de\/dillenburg\/wp-content\/uploads\/sites\/137\/2020\/09\/20200909_143424387_iOS-60x60.jpg 60w, https:\/\/weltlaeden.de\/dillenburg\/wp-content\/uploads\/sites\/137\/2020\/09\/20200909_143424387_iOS-120x120.jpg 120w\" loading=\"eager\" style=\"--ratio: 60 \/ 60\" sizes=\"(max-width: 60px) 100vw, 60px\" width=\"60\" height=\"60\"  alt=\"\" \/><\/a><\/div><div class=\"post-content\"><a href=\"https:\/\/weltlaeden.de\/dillenburg\/fairer-kaffee-vom-strauch-bis-in-die-tasse\/\">Fairer Kaffee: Vom Strauch bis in die Tasse<\/a><br \/><time class=\"text-secondary\" datetime=\"2024-02-12T10:39:15+01:00\">12. Februar 2024<\/time><\/div><\/article><\/div><\/section><a href=\"https:\/\/weltlaeden.de\/dillenburg\/neuigkeiten\" class=\"btn-shortcode dt-btn-s dt-btn default-btn-color default-btn-hover-color default-btn-bg-color default-btn-bg-hover-color\" target=\"_blank\" id=\"dt-btn-1\" rel=\"noopener\"><span>Alle Neuigkeiten<\/span><\/a>[vc_empty_space height=&#8220;30px&#8220;][\/vc_column][\/vc_row][vc_row][vc_column][vc_column_text]<\/p>\n<h2>Was Sie noch auf dieser Website finden:<\/h2>\n<p>[\/vc_column_text][vc_empty_space height=&#8220;20px&#8220;][vc_row_inner][vc_column_inner width=&#8220;1\/4&#8243;]<div class=\"wl_einzelbild\"><p><img loading=\"lazy\" decoding=\"async\" class=\"size-thumbnail wp-image-448 alignleft\" src=\"https:\/\/weltlaeden.de\/dillenburg\/wp-content\/uploads\/sites\/137\/2019\/04\/board-game-challenge-chess-209728_1200x519-150x150.png\" alt=\"\" width=\"150\" height=\"150\" \/><\/p><\/div>[\/vc_column_inner][vc_column_inner width=&#8220;3\/4&#8243;][vc_column_text]<\/p>\n<h3>\u00dcber uns<\/h3>\n<p>Wer wir sind, warum wir uns f\u00fcr Fairen Handel engagieren und wie man bei uns mitmachen kann &#8211; <a href=\"https:\/\/weltlaeden.de\/dillenburg\/ueber-uns\/\">hier stellen wir uns vor &#8230;<\/a>[\/vc_column_text][\/vc_column_inner][\/vc_row_inner][vc_separator][vc_row_inner][vc_column_inner width=&#8220;1\/4&#8243;]<div class=\"wl_einzelbild\"><p><img loading=\"lazy\" decoding=\"async\" class=\"alignleft size-thumbnail wp-image-nsm-3-15\" src=\"https:\/\/weltlaeden.de\/vorlage\/wp-content\/uploads\/sites\/3\/2016\/11\/FairerHandel_ElPuente_Fingerpuppen_EccoExe_Peru-150x150.jpg\" alt=\"\" width=\"150\" height=\"150\" \/><\/p><\/div>[\/vc_column_inner][vc_column_inner width=&#8220;3\/4&#8243;][vc_column_text]<\/p>\n<h3>Fairer Handel<\/h3>\n<p>Was meint Fairer Handel \u00fcberhaupt? Welche Kriterien m\u00fcssen eingehalten werden und wer \u00fcberpr\u00fcft diese? <a href=\"https:\/\/weltlaeden.de\/dillenburg\/fairer-handel\/\">Erfahren Sie mehr &#8230;<\/a>[\/vc_column_text][\/vc_column_inner][\/vc_row_inner][vc_separator][vc_row_inner][vc_column_inner width=&#8220;1\/4&#8243;]<div class=\"wl_einzelbild\"><p><img loading=\"lazy\" decoding=\"async\" class=\"alignleft size-full wp-image-nsm-3-28\" src=\"https:\/\/weltlaeden.de\/vorlage\/wp-content\/uploads\/sites\/3\/2018\/05\/Lebensmittel_WL-Bornheim-Christian-Schilling_150x150.jpg\" alt=\"\" width=\"150\" height=\"150\" \/><\/p><\/div>[\/vc_column_inner][vc_column_inner width=&#8220;3\/4&#8243;][vc_column_text]<\/p>\n<h3>Produkte<\/h3>\n<p>Unsere Produkte im Weltladen sind nat\u00fcrlich alle aus Fairem Handel, dennoch kommen sie von unterschiedlichen Fair-Handels-Importeuren. <a href=\"https:\/\/weltlaeden.de\/dillenburg\/produkte\/\">Hier zeigen wir Ihnen unser Sortiment &#8230;<\/a>[\/vc_column_text][\/vc_column_inner][\/vc_row_inner][vc_separator][vc_row_inner][vc_column_inner width=&#8220;1\/4&#8243;]<div class=\"wl_einzelbild\"><p><img loading=\"lazy\" decoding=\"async\" class=\"alignnone wp-image-585 size-thumbnail\" src=\"https:\/\/weltlaeden.de\/dillenburg\/wp-content\/uploads\/sites\/137\/2020\/10\/Lernort-150x150.jpg\" alt=\"\" width=\"150\" height=\"150\" \/><\/p><\/div>[\/vc_column_inner][vc_column_inner width=&#8220;3\/4&#8243;][vc_column_text]<\/p>\n<h3>Bildungsarbeit<\/h3>\n<p>Die Besucher in unserem Weltladen sind nicht nur eingeladen, fair gehandelte Produkte einzukaufen, sondern auch Fragen zu stellen.\u00a0 <a href=\"https:\/\/weltlaeden.de\/dillenburg\/lernort-weltladen\/\">Der Weltladen als Lernort \u2026<\/a>[\/vc_column_text][\/vc_column_inner][\/vc_row_inner][vc_separator][vc_row_inner][vc_column_inner width=&#8220;1\/4&#8243;]<div class=\"wl_einzelbild\"><p><img loading=\"lazy\" decoding=\"async\" class=\"alignleft size-full wp-image-nsm-3-35\" src=\"https:\/\/weltlaeden.de\/vorlage\/wp-content\/uploads\/sites\/3\/2018\/08\/pocket-watch-1637396_1920_150x150.png\" alt=\"\" width=\"150\" height=\"150\" \/><\/p><\/div>[\/vc_column_inner][vc_column_inner width=&#8220;3\/4&#8243;][vc_column_text]<\/p>\n<h3>Termine<\/h3>\n<p>Wir treffen uns regelm\u00e4\u00dfig zu Teamsitzungen und Fortbildungen, organisieren aber auch immer mal wieder eine Veranstaltung zum Fairen Handel und verwandten Themen. <a href=\"https:\/\/weltlaeden.de\/dillenburg\/termine\/\">Hier erfahren Sie was bei uns los ist \u2026<\/a><br \/>\n[\/vc_column_text][\/vc_column_inner][\/vc_row_inner][vc_empty_space][vc_separator][\/vc_column][\/vc_row]<\/p>\n<\/div>","protected":false},"excerpt":{"rendered":"<p>Willkommen im Weltladen Dillenburg! [vc_row][vc_column][vc_empty_space height=&#8220;20px&#8220;][\/vc_column][\/vc_row][vc_row][vc_column][vc_column_text][\/vc_column_text][vc_column_text]Bei uns finden Sie fair gehandelte Produkte: Lebensmittel, Textilien, Kunsthandwerk und anderes mehr. Als Fachgesch\u00e4ft des Fairen Handels beraten wir Sie gerne! Doch bei uns kann man nicht nur Einkaufen, sondern auch Mitmachen. Schauen Sie sich bei uns um und sprechen Sie uns an![\/vc_column_text][vc_empty_space height=&#8220;30px&#8220;][\/vc_column][\/vc_row][vc_row][vc_column][vc_column_text] Neuigkeiten [\/vc_column_text][vc_empty_space height=&#8220;30px&#8220;][\/vc_column][\/vc_row][vc_row][vc_column][vc_column_text] Was Sie&hellip;<\/p>\n","protected":false},"author":1,"featured_media":0,"parent":0,"menu_order":0,"comment_status":"closed","ping_status":"closed","template":"","meta":{"footnotes":""},"class_list":["post-20","page","type-page","status-publish","hentry","description-off"],"yoast_head":"<!-- This site is optimized with the Yoast SEO plugin v26.8 - https:\/\/yoast.com\/product\/yoast-seo-wordpress\/ -->\n<title>Weltladen Dillenburg - Weltladen Dillenburg<\/title>\n<meta name=\"description\" content=\"Weltladen Dillenburg - Bei uns finden Sie fair gehandelte Produkte: Lebensmittel, Textilien, Kunsthandwerk und anderes mehr. Als Fachgesch\u00e4ft des Fairen Handels beraten wir Sie gerne! Doch bei uns kann man nicht nur Einkaufen, sondern auch Mitmachen. Schauen Sie sich bei uns um und sprechen Sie uns an!\" \/>\n<meta name=\"robots\" content=\"index, follow, max-snippet:-1, max-image-preview:large, max-video-preview:-1\" \/>\n<link rel=\"canonical\" href=\"https:\/\/weltlaeden.de\/dillenburg\/\" \/>\n<meta property=\"og:locale\" content=\"de_DE\" \/>\n<meta property=\"og:type\" content=\"article\" \/>\n<meta property=\"og:title\" content=\"Weltladen Dillenburg - Weltladen Dillenburg\" \/>\n<meta property=\"og:description\" content=\"Weltladen Dillenburg - Bei uns finden Sie fair gehandelte Produkte: Lebensmittel, Textilien, Kunsthandwerk und anderes mehr. Als Fachgesch\u00e4ft des Fairen Handels beraten wir Sie gerne! Doch bei uns kann man nicht nur Einkaufen, sondern auch Mitmachen. Schauen Sie sich bei uns um und sprechen Sie uns an!\" \/>\n<meta property=\"og:url\" content=\"https:\/\/weltlaeden.de\/dillenburg\/\" \/>\n<meta property=\"og:site_name\" content=\"Weltladen Dillenburg\" \/>\n<meta property=\"article:modified_time\" content=\"2023-04-29T13:41:11+00:00\" \/>\n<meta property=\"og:image\" content=\"https:\/\/weltlaeden.de\/dillenburg\/wp-content\/uploads\/sites\/137\/2023\/04\/IMG_5041b-300x186.jpg\" \/>\n<meta name=\"twitter:card\" content=\"summary_large_image\" \/>\n<meta name=\"twitter:label1\" content=\"Gesch\u00e4tzte Lesezeit\" \/>\n\t<meta name=\"twitter:data1\" content=\"3\u00a0Minuten\" \/>\n<script type=\"application\/ld+json\" class=\"yoast-schema-graph\">{\"@context\":\"https:\/\/schema.org\",\"@graph\":[{\"@type\":\"WebPage\",\"@id\":\"https:\/\/weltlaeden.de\/dillenburg\/\",\"url\":\"https:\/\/weltlaeden.de\/dillenburg\/\",\"name\":\"Weltladen Dillenburg - Weltladen Dillenburg\",\"isPartOf\":{\"@id\":\"https:\/\/weltlaeden.de\/dillenburg\/#website\"},\"primaryImageOfPage\":{\"@id\":\"https:\/\/weltlaeden.de\/dillenburg\/#primaryimage\"},\"image\":{\"@id\":\"https:\/\/weltlaeden.de\/dillenburg\/#primaryimage\"},\"thumbnailUrl\":\"https:\/\/weltlaeden.de\/dillenburg\/wp-content\/uploads\/sites\/137\/2023\/04\/IMG_5041b-300x186.jpg\",\"datePublished\":\"2016-10-14T07:05:21+00:00\",\"dateModified\":\"2023-04-29T13:41:11+00:00\",\"description\":\"Weltladen Dillenburg - Bei uns finden Sie fair gehandelte Produkte: Lebensmittel, Textilien, Kunsthandwerk und anderes mehr. Als Fachgesch\u00e4ft des Fairen Handels beraten wir Sie gerne! Doch bei uns kann man nicht nur Einkaufen, sondern auch Mitmachen. Schauen Sie sich bei uns um und sprechen Sie uns an!\",\"breadcrumb\":{\"@id\":\"https:\/\/weltlaeden.de\/dillenburg\/#breadcrumb\"},\"inLanguage\":\"de\",\"potentialAction\":[{\"@type\":\"ReadAction\",\"target\":[\"https:\/\/weltlaeden.de\/dillenburg\/\"]}]},{\"@type\":\"ImageObject\",\"inLanguage\":\"de\",\"@id\":\"https:\/\/weltlaeden.de\/dillenburg\/#primaryimage\",\"url\":\"https:\/\/weltlaeden.de\/dillenburg\/wp-content\/uploads\/sites\/137\/2023\/04\/IMG_5041b.jpg\",\"contentUrl\":\"https:\/\/weltlaeden.de\/dillenburg\/wp-content\/uploads\/sites\/137\/2023\/04\/IMG_5041b.jpg\",\"width\":2048,\"height\":1273},{\"@type\":\"BreadcrumbList\",\"@id\":\"https:\/\/weltlaeden.de\/dillenburg\/#breadcrumb\",\"itemListElement\":[{\"@type\":\"ListItem\",\"position\":1,\"name\":\"Startseite\",\"item\":\"https:\/\/weltlaeden.de\/dillenburg\/\"},{\"@type\":\"ListItem\",\"position\":2,\"name\":\"Weltladen Dillenburg\"}]},{\"@type\":\"WebSite\",\"@id\":\"https:\/\/weltlaeden.de\/dillenburg\/#website\",\"url\":\"https:\/\/weltlaeden.de\/dillenburg\/\",\"name\":\"Weltladen Dillenburg\",\"description\":\"Fair gehandelte Produkte seit 1994\",\"potentialAction\":[{\"@type\":\"SearchAction\",\"target\":{\"@type\":\"EntryPoint\",\"urlTemplate\":\"https:\/\/weltlaeden.de\/dillenburg\/?s={search_term_string}\"},\"query-input\":{\"@type\":\"PropertyValueSpecification\",\"valueRequired\":true,\"valueName\":\"search_term_string\"}}],\"inLanguage\":\"de\"}]}<\/script>\n<!-- \/ Yoast SEO plugin. -->","yoast_head_json":{"title":"Weltladen Dillenburg - Weltladen Dillenburg","description":"Weltladen Dillenburg - Bei uns finden Sie fair gehandelte Produkte: Lebensmittel, Textilien, Kunsthandwerk und anderes mehr. Als Fachgesch\u00e4ft des Fairen Handels beraten wir Sie gerne! Doch bei uns kann man nicht nur Einkaufen, sondern auch Mitmachen. Schauen Sie sich bei uns um und sprechen Sie uns an!","robots":{"index":"index","follow":"follow","max-snippet":"max-snippet:-1","max-image-preview":"max-image-preview:large","max-video-preview":"max-video-preview:-1"},"canonical":"https:\/\/weltlaeden.de\/dillenburg\/","og_locale":"de_DE","og_type":"article","og_title":"Weltladen Dillenburg - Weltladen Dillenburg","og_description":"Weltladen Dillenburg - Bei uns finden Sie fair gehandelte Produkte: Lebensmittel, Textilien, Kunsthandwerk und anderes mehr. Als Fachgesch\u00e4ft des Fairen Handels beraten wir Sie gerne! Doch bei uns kann man nicht nur Einkaufen, sondern auch Mitmachen. Schauen Sie sich bei uns um und sprechen Sie uns an!","og_url":"https:\/\/weltlaeden.de\/dillenburg\/","og_site_name":"Weltladen Dillenburg","article_modified_time":"2023-04-29T13:41:11+00:00","og_image":[{"url":"https:\/\/weltlaeden.de\/dillenburg\/wp-content\/uploads\/sites\/137\/2023\/04\/IMG_5041b-300x186.jpg","type":"","width":"","height":""}],"twitter_card":"summary_large_image","twitter_misc":{"Gesch\u00e4tzte Lesezeit":"3\u00a0Minuten"},"schema":{"@context":"https:\/\/schema.org","@graph":[{"@type":"WebPage","@id":"https:\/\/weltlaeden.de\/dillenburg\/","url":"https:\/\/weltlaeden.de\/dillenburg\/","name":"Weltladen Dillenburg - Weltladen Dillenburg","isPartOf":{"@id":"https:\/\/weltlaeden.de\/dillenburg\/#website"},"primaryImageOfPage":{"@id":"https:\/\/weltlaeden.de\/dillenburg\/#primaryimage"},"image":{"@id":"https:\/\/weltlaeden.de\/dillenburg\/#primaryimage"},"thumbnailUrl":"https:\/\/weltlaeden.de\/dillenburg\/wp-content\/uploads\/sites\/137\/2023\/04\/IMG_5041b-300x186.jpg","datePublished":"2016-10-14T07:05:21+00:00","dateModified":"2023-04-29T13:41:11+00:00","description":"Weltladen Dillenburg - Bei uns finden Sie fair gehandelte Produkte: Lebensmittel, Textilien, Kunsthandwerk und anderes mehr. Als Fachgesch\u00e4ft des Fairen Handels beraten wir Sie gerne! Doch bei uns kann man nicht nur Einkaufen, sondern auch Mitmachen. Schauen Sie sich bei uns um und sprechen Sie uns an!","breadcrumb":{"@id":"https:\/\/weltlaeden.de\/dillenburg\/#breadcrumb"},"inLanguage":"de","potentialAction":[{"@type":"ReadAction","target":["https:\/\/weltlaeden.de\/dillenburg\/"]}]},{"@type":"ImageObject","inLanguage":"de","@id":"https:\/\/weltlaeden.de\/dillenburg\/#primaryimage","url":"https:\/\/weltlaeden.de\/dillenburg\/wp-content\/uploads\/sites\/137\/2023\/04\/IMG_5041b.jpg","contentUrl":"https:\/\/weltlaeden.de\/dillenburg\/wp-content\/uploads\/sites\/137\/2023\/04\/IMG_5041b.jpg","width":2048,"height":1273},{"@type":"BreadcrumbList","@id":"https:\/\/weltlaeden.de\/dillenburg\/#breadcrumb","itemListElement":[{"@type":"ListItem","position":1,"name":"Startseite","item":"https:\/\/weltlaeden.de\/dillenburg\/"},{"@type":"ListItem","position":2,"name":"Weltladen Dillenburg"}]},{"@type":"WebSite","@id":"https:\/\/weltlaeden.de\/dillenburg\/#website","url":"https:\/\/weltlaeden.de\/dillenburg\/","name":"Weltladen Dillenburg","description":"Fair gehandelte Produkte seit 1994","potentialAction":[{"@type":"SearchAction","target":{"@type":"EntryPoint","urlTemplate":"https:\/\/weltlaeden.de\/dillenburg\/?s={search_term_string}"},"query-input":{"@type":"PropertyValueSpecification","valueRequired":true,"valueName":"search_term_string"}}],"inLanguage":"de"}]}},"_links":{"self":[{"href":"https:\/\/weltlaeden.de\/dillenburg\/wp-json\/wp\/v2\/pages\/20","targetHints":{"allow":["GET"]}}],"collection":[{"href":"https:\/\/weltlaeden.de\/dillenburg\/wp-json\/wp\/v2\/pages"}],"about":[{"href":"https:\/\/weltlaeden.de\/dillenburg\/wp-json\/wp\/v2\/types\/page"}],"author":[{"embeddable":true,"href":"https:\/\/weltlaeden.de\/dillenburg\/wp-json\/wp\/v2\/users\/1"}],"replies":[{"embeddable":true,"href":"https:\/\/weltlaeden.de\/dillenburg\/wp-json\/wp\/v2\/comments?post=20"}],"version-history":[{"count":55,"href":"https:\/\/weltlaeden.de\/dillenburg\/wp-json\/wp\/v2\/pages\/20\/revisions"}],"predecessor-version":[{"id":473,"href":"https:\/\/weltlaeden.de\/dillenburg\/wp-json\/wp\/v2\/pages\/20\/revisions\/473"}],"wp:attachment":[{"href":"https:\/\/weltlaeden.de\/dillenburg\/wp-json\/wp\/v2\/media?parent=20"}],"curies":[{"name":"wp","href":"https:\/\/api.w.org\/{rel}","templated":true}]}}