{"id":636,"date":"2019-08-28T11:41:45","date_gmt":"2019-08-28T09:41:45","guid":{"rendered":"https:\/\/weltlaeden.de\/celle\/?page_id=636"},"modified":"2025-02-18T15:03:56","modified_gmt":"2025-02-18T14:03:56","slug":"fairer-handel","status":"publish","type":"page","link":"https:\/\/weltlaeden.de\/celle\/sortiment\/fairer-handel\/","title":{"rendered":"Was ist fairer Handel?"},"content":{"rendered":"<div class=\"wpb-content-wrapper\"><p>[vc_row][vc_column]<div class=\"wl_einzelbild\"><p><\/p>\n<h1>Was ist \u201eFairer Handel\u201c?<\/h1>\n<div id=\"generalCenter\" class=\"generalCenter\">\n<div id=\"generalCenter_inner\" class=\"defaultFull\">\n<div id=\"generalCenter_contentPage\" class=\"generalCenterContent_inner\">\n<p>In\u00a0 unserem\u00a0 Weltladen\u00a0 angebotene\u00a0 Produkte\u00a0 sind nach\u00a0 den\u00a0 Standards\u00a0 und\u00a0 Kriterien\u00a0 des\u00a0 \u201eFairen Handels\u201c\u00a0 importiert.\u00a0 Diese\u00a0 werden\u00a0 von\u00a0 der WFTO (World Fair Trade Organization) gesetzt und \u00fcberpr\u00fcft.\u00a0 Damit\u00a0 ist\u00a0 gemeint,\u00a0 dass\u00a0 Menschen\u00a0 und\u00a0 ihre elementaren\u00a0 Bed\u00fcrfnisse\u00a0 im\u00a0 Vordergrund\u00a0 stehen.<\/p>\n<\/div>\n<\/div>\n<\/div>\n<div id=\"generalCenter\" class=\"generalCenter\">\n<div id=\"generalCenter_inner\" class=\"defaultFull\">\n<div id=\"generalCenter_contentPage\" class=\"generalCenterContent_inner\">\n<p>&nbsp;<\/p>\n<p>Das Pr\u00fcfsystem der WFTO basiert auf 10 Fairhandels-Standards, die von den Mitgliedern erf\u00fcllt werden m\u00fcssen. Diese Standards umfassen folgende Bereiche:<\/p>\n<p>1. Chancen f\u00fcr wirtschaftlich benachteiligte Produzenten schaffen<br \/>\n2. Transparenz und Verantwortlichkeit<br \/>\n3. Partnerschaftliche Handelspraktiken<br \/>\n4. Zahlung fairer Preise<br \/>\n5. Ausschluss von ausbeuterischer Kinderarbeit und Zwangsarbeit<br \/>\n6. Geschlechtergleichheit, Versammlungsfreiheit, keine Diskriminierung<br \/>\n7. Bessere Arbeitsbedingungen<br \/>\n8. F\u00f6rderung der F\u00e4higkeiten\/Weiterbildung<br \/>\n9. \u00d6ffentlichkeits- und Bildungsarbeit<br \/>\n10. Umweltschutz<\/p>\n<p>Mehr dazu <a href=\"https:\/\/wfto.com\/sites\/default\/files\/10%20WFTO%20Prinzipien_%282017%29.pdf\" target=\"_blank\" rel=\"noopener\">hier<\/a><\/p>\n<\/div>\n<\/div>\n<\/div>\n<p><\/p><\/div>[vc_empty_space][\/vc_column][\/vc_row][vc_row][vc_column][vc_single_image image=&#8220;1694&#8243; img_size=&#8220;large&#8220; style=&#8220;vc_box_shadow_border&#8220;][vc_column_text]<\/p>\n<p>[\/vc_column_text][\/vc_column][\/vc_row]<\/p>\n<\/div>","protected":false},"excerpt":{"rendered":"<p>[vc_row][vc_column][vc_empty_space][\/vc_column][\/vc_row][vc_row][vc_column][vc_single_image image=&#8220;1694&#8243; img_size=&#8220;large&#8220; style=&#8220;vc_box_shadow_border&#8220;][vc_column_text] [\/vc_column_text][\/vc_column][\/vc_row]<\/p>\n","protected":false},"author":124,"featured_media":1694,"parent":2531,"menu_order":5,"comment_status":"closed","ping_status":"closed","template":"","meta":{"footnotes":""},"class_list":["post-636","page","type-page","status-publish","has-post-thumbnail","hentry","description-off"],"yoast_head":"<!-- This site is optimized with the Yoast SEO plugin v26.8 - https:\/\/yoast.com\/product\/yoast-seo-wordpress\/ -->\n<title>Was ist fairer Handel? - Weltladen Celle<\/title>\n<meta name=\"description\" content=\"Eine gerechte Handelspartnerschaft auf Augenh\u00f6he: Produktion unter Schutz und Achtung von Menschen und Umwelt.\" \/>\n<meta name=\"robots\" content=\"index, follow, max-snippet:-1, max-image-preview:large, max-video-preview:-1\" \/>\n<link rel=\"canonical\" href=\"https:\/\/weltlaeden.de\/celle\/sortiment\/fairer-handel\/\" \/>\n<meta property=\"og:locale\" content=\"de_DE\" \/>\n<meta property=\"og:type\" content=\"article\" \/>\n<meta property=\"og:title\" content=\"Was ist fairer Handel? - Weltladen Celle\" \/>\n<meta property=\"og:description\" content=\"Eine gerechte Handelspartnerschaft auf Augenh\u00f6he: Produktion unter Schutz und Achtung von Menschen und Umwelt.\" \/>\n<meta property=\"og:url\" content=\"https:\/\/weltlaeden.de\/celle\/sortiment\/fairer-handel\/\" \/>\n<meta property=\"og:site_name\" content=\"Weltladen Celle\" \/>\n<meta property=\"article:modified_time\" content=\"2025-02-18T14:03:56+00:00\" \/>\n<meta property=\"og:image\" content=\"https:\/\/weltlaeden.de\/celle\/wp-content\/uploads\/sites\/82\/2023\/06\/IMG_2474-min.jpg\" \/>\n\t<meta property=\"og:image:width\" content=\"1536\" \/>\n\t<meta property=\"og:image:height\" content=\"1214\" \/>\n\t<meta property=\"og:image:type\" content=\"image\/jpeg\" \/>\n<meta name=\"twitter:card\" content=\"summary_large_image\" \/>\n<meta name=\"twitter:label1\" content=\"Gesch\u00e4tzte Lesezeit\" \/>\n\t<meta name=\"twitter:data1\" content=\"2\u00a0Minuten\" \/>\n<script type=\"application\/ld+json\" class=\"yoast-schema-graph\">{\"@context\":\"https:\/\/schema.org\",\"@graph\":[{\"@type\":\"WebPage\",\"@id\":\"https:\/\/weltlaeden.de\/celle\/sortiment\/fairer-handel\/\",\"url\":\"https:\/\/weltlaeden.de\/celle\/sortiment\/fairer-handel\/\",\"name\":\"Was ist fairer Handel? - Weltladen Celle\",\"isPartOf\":{\"@id\":\"https:\/\/weltlaeden.de\/celle\/#website\"},\"primaryImageOfPage\":{\"@id\":\"https:\/\/weltlaeden.de\/celle\/sortiment\/fairer-handel\/#primaryimage\"},\"image\":{\"@id\":\"https:\/\/weltlaeden.de\/celle\/sortiment\/fairer-handel\/#primaryimage\"},\"thumbnailUrl\":\"https:\/\/weltlaeden.de\/celle\/wp-content\/uploads\/sites\/82\/2023\/06\/IMG_2474-min.jpg\",\"datePublished\":\"2019-08-28T09:41:45+00:00\",\"dateModified\":\"2025-02-18T14:03:56+00:00\",\"description\":\"Eine gerechte Handelspartnerschaft auf Augenh\u00f6he: Produktion unter Schutz und Achtung von Menschen und Umwelt.\",\"breadcrumb\":{\"@id\":\"https:\/\/weltlaeden.de\/celle\/sortiment\/fairer-handel\/#breadcrumb\"},\"inLanguage\":\"de\",\"potentialAction\":[{\"@type\":\"ReadAction\",\"target\":[\"https:\/\/weltlaeden.de\/celle\/sortiment\/fairer-handel\/\"]}]},{\"@type\":\"ImageObject\",\"inLanguage\":\"de\",\"@id\":\"https:\/\/weltlaeden.de\/celle\/sortiment\/fairer-handel\/#primaryimage\",\"url\":\"https:\/\/weltlaeden.de\/celle\/wp-content\/uploads\/sites\/82\/2023\/06\/IMG_2474-min.jpg\",\"contentUrl\":\"https:\/\/weltlaeden.de\/celle\/wp-content\/uploads\/sites\/82\/2023\/06\/IMG_2474-min.jpg\",\"width\":1536,\"height\":1214,\"caption\":\"Grunds\u00e4tze Fairer Handel\"},{\"@type\":\"BreadcrumbList\",\"@id\":\"https:\/\/weltlaeden.de\/celle\/sortiment\/fairer-handel\/#breadcrumb\",\"itemListElement\":[{\"@type\":\"ListItem\",\"position\":1,\"name\":\"Startseite\",\"item\":\"https:\/\/weltlaeden.de\/celle\/\"},{\"@type\":\"ListItem\",\"position\":2,\"name\":\"Sortiment und Lieferanten\",\"item\":\"https:\/\/weltlaeden.de\/celle\/sortiment\/\"},{\"@type\":\"ListItem\",\"position\":3,\"name\":\"Was ist fairer Handel?\"}]},{\"@type\":\"WebSite\",\"@id\":\"https:\/\/weltlaeden.de\/celle\/#website\",\"url\":\"https:\/\/weltlaeden.de\/celle\/\",\"name\":\"Weltladen Celle\",\"description\":\"Faire Produkte seit 1990\",\"potentialAction\":[{\"@type\":\"SearchAction\",\"target\":{\"@type\":\"EntryPoint\",\"urlTemplate\":\"https:\/\/weltlaeden.de\/celle\/?s={search_term_string}\"},\"query-input\":{\"@type\":\"PropertyValueSpecification\",\"valueRequired\":true,\"valueName\":\"search_term_string\"}}],\"inLanguage\":\"de\"}]}<\/script>\n<!-- \/ Yoast SEO plugin. -->","yoast_head_json":{"title":"Was ist fairer Handel? - Weltladen Celle","description":"Eine gerechte Handelspartnerschaft auf Augenh\u00f6he: Produktion unter Schutz und Achtung von Menschen und Umwelt.","robots":{"index":"index","follow":"follow","max-snippet":"max-snippet:-1","max-image-preview":"max-image-preview:large","max-video-preview":"max-video-preview:-1"},"canonical":"https:\/\/weltlaeden.de\/celle\/sortiment\/fairer-handel\/","og_locale":"de_DE","og_type":"article","og_title":"Was ist fairer Handel? - Weltladen Celle","og_description":"Eine gerechte Handelspartnerschaft auf Augenh\u00f6he: Produktion unter Schutz und Achtung von Menschen und Umwelt.","og_url":"https:\/\/weltlaeden.de\/celle\/sortiment\/fairer-handel\/","og_site_name":"Weltladen Celle","article_modified_time":"2025-02-18T14:03:56+00:00","og_image":[{"width":1536,"height":1214,"url":"https:\/\/weltlaeden.de\/celle\/wp-content\/uploads\/sites\/82\/2023\/06\/IMG_2474-min.jpg","type":"image\/jpeg"}],"twitter_card":"summary_large_image","twitter_misc":{"Gesch\u00e4tzte Lesezeit":"2\u00a0Minuten"},"schema":{"@context":"https:\/\/schema.org","@graph":[{"@type":"WebPage","@id":"https:\/\/weltlaeden.de\/celle\/sortiment\/fairer-handel\/","url":"https:\/\/weltlaeden.de\/celle\/sortiment\/fairer-handel\/","name":"Was ist fairer Handel? - Weltladen Celle","isPartOf":{"@id":"https:\/\/weltlaeden.de\/celle\/#website"},"primaryImageOfPage":{"@id":"https:\/\/weltlaeden.de\/celle\/sortiment\/fairer-handel\/#primaryimage"},"image":{"@id":"https:\/\/weltlaeden.de\/celle\/sortiment\/fairer-handel\/#primaryimage"},"thumbnailUrl":"https:\/\/weltlaeden.de\/celle\/wp-content\/uploads\/sites\/82\/2023\/06\/IMG_2474-min.jpg","datePublished":"2019-08-28T09:41:45+00:00","dateModified":"2025-02-18T14:03:56+00:00","description":"Eine gerechte Handelspartnerschaft auf Augenh\u00f6he: Produktion unter Schutz und Achtung von Menschen und Umwelt.","breadcrumb":{"@id":"https:\/\/weltlaeden.de\/celle\/sortiment\/fairer-handel\/#breadcrumb"},"inLanguage":"de","potentialAction":[{"@type":"ReadAction","target":["https:\/\/weltlaeden.de\/celle\/sortiment\/fairer-handel\/"]}]},{"@type":"ImageObject","inLanguage":"de","@id":"https:\/\/weltlaeden.de\/celle\/sortiment\/fairer-handel\/#primaryimage","url":"https:\/\/weltlaeden.de\/celle\/wp-content\/uploads\/sites\/82\/2023\/06\/IMG_2474-min.jpg","contentUrl":"https:\/\/weltlaeden.de\/celle\/wp-content\/uploads\/sites\/82\/2023\/06\/IMG_2474-min.jpg","width":1536,"height":1214,"caption":"Grunds\u00e4tze Fairer Handel"},{"@type":"BreadcrumbList","@id":"https:\/\/weltlaeden.de\/celle\/sortiment\/fairer-handel\/#breadcrumb","itemListElement":[{"@type":"ListItem","position":1,"name":"Startseite","item":"https:\/\/weltlaeden.de\/celle\/"},{"@type":"ListItem","position":2,"name":"Sortiment und Lieferanten","item":"https:\/\/weltlaeden.de\/celle\/sortiment\/"},{"@type":"ListItem","position":3,"name":"Was ist fairer Handel?"}]},{"@type":"WebSite","@id":"https:\/\/weltlaeden.de\/celle\/#website","url":"https:\/\/weltlaeden.de\/celle\/","name":"Weltladen Celle","description":"Faire Produkte seit 1990","potentialAction":[{"@type":"SearchAction","target":{"@type":"EntryPoint","urlTemplate":"https:\/\/weltlaeden.de\/celle\/?s={search_term_string}"},"query-input":{"@type":"PropertyValueSpecification","valueRequired":true,"valueName":"search_term_string"}}],"inLanguage":"de"}]}},"_links":{"self":[{"href":"https:\/\/weltlaeden.de\/celle\/wp-json\/wp\/v2\/pages\/636","targetHints":{"allow":["GET"]}}],"collection":[{"href":"https:\/\/weltlaeden.de\/celle\/wp-json\/wp\/v2\/pages"}],"about":[{"href":"https:\/\/weltlaeden.de\/celle\/wp-json\/wp\/v2\/types\/page"}],"author":[{"embeddable":true,"href":"https:\/\/weltlaeden.de\/celle\/wp-json\/wp\/v2\/users\/124"}],"replies":[{"embeddable":true,"href":"https:\/\/weltlaeden.de\/celle\/wp-json\/wp\/v2\/comments?post=636"}],"version-history":[{"count":14,"href":"https:\/\/weltlaeden.de\/celle\/wp-json\/wp\/v2\/pages\/636\/revisions"}],"predecessor-version":[{"id":2421,"href":"https:\/\/weltlaeden.de\/celle\/wp-json\/wp\/v2\/pages\/636\/revisions\/2421"}],"up":[{"embeddable":true,"href":"https:\/\/weltlaeden.de\/celle\/wp-json\/wp\/v2\/pages\/2531"}],"wp:featuredmedia":[{"embeddable":true,"href":"https:\/\/weltlaeden.de\/celle\/wp-json\/wp\/v2\/media\/1694"}],"wp:attachment":[{"href":"https:\/\/weltlaeden.de\/celle\/wp-json\/wp\/v2\/media?parent=636"}],"curies":[{"name":"wp","href":"https:\/\/api.w.org\/{rel}","templated":true}]}}