{"id":2533,"date":"2025-02-18T14:21:04","date_gmt":"2025-02-18T13:21:04","guid":{"rendered":"https:\/\/weltlaeden.de\/celle\/?page_id=2533"},"modified":"2025-02-18T15:03:56","modified_gmt":"2025-02-18T14:03:56","slug":"lebensmittel","status":"publish","type":"page","link":"https:\/\/weltlaeden.de\/celle\/sortiment\/lebensmittel\/","title":{"rendered":"Lebensmittel"},"content":{"rendered":"<div class=\"wpb-content-wrapper\"><p>[vc_row][vc_column][vc_column_text css=&#8220;&#8220;]<\/p>\n<h1>Lebensmittel<\/h1>\n<p>Kaffee\/Kakao * Tee\/Zucker * Honig * Schokolade * N\u00fcsse * Weingummi * Geb\u00e4ck * Gew\u00fcrze\/Pesto * Mangoprodukte * Reis\/Quinoa * Linsen\/Bohnen * Wein * Prosecco * Backmischungen[\/vc_column_text][vc_empty_space][\/vc_column][\/vc_row][vc_row][vc_column width=&#8220;1\/3&#8243;][vc_single_image image=&#8220;2238&#8243; img_size=&#8220;medium&#8220; onclick=&#8220;zoom&#8220; css=&#8220;&#8220;][\/vc_column][vc_column width=&#8220;1\/3&#8243;][vc_single_image image=&#8220;2250&#8243; img_size=&#8220;medium&#8220; onclick=&#8220;zoom&#8220; css=&#8220;&#8220;][\/vc_column][vc_column width=&#8220;1\/3&#8243;][vc_single_image image=&#8220;2249&#8243; img_size=&#8220;medium&#8220; onclick=&#8220;zoom&#8220; css=&#8220;&#8220;][\/vc_column][\/vc_row][vc_row][vc_column][vc_empty_space height=&#8220;15px&#8220;][\/vc_column][\/vc_row][vc_row][vc_column width=&#8220;1\/3&#8243;][vc_single_image image=&#8220;2267&#8243; img_size=&#8220;medium&#8220; onclick=&#8220;zoom&#8220; css=&#8220;&#8220;][\/vc_column][vc_column width=&#8220;1\/3&#8243;][vc_single_image image=&#8220;2262&#8243; img_size=&#8220;medium&#8220; onclick=&#8220;zoom&#8220; css=&#8220;&#8220;][\/vc_column][vc_column width=&#8220;1\/3&#8243;][vc_single_image image=&#8220;2237&#8243; img_size=&#8220;medium&#8220; onclick=&#8220;zoom&#8220; css=&#8220;&#8220;][\/vc_column][\/vc_row][vc_row][vc_column][vc_empty_space height=&#8220;15px&#8220;][\/vc_column][\/vc_row][vc_row][vc_column width=&#8220;1\/3&#8243;][vc_single_image image=&#8220;2254&#8243; img_size=&#8220;medium&#8220; onclick=&#8220;zoom&#8220; css=&#8220;&#8220;][\/vc_column][vc_column width=&#8220;1\/3&#8243;][vc_single_image image=&#8220;2256&#8243; img_size=&#8220;medium&#8220; onclick=&#8220;zoom&#8220; css=&#8220;&#8220;][\/vc_column][vc_column width=&#8220;1\/3&#8243;][vc_single_image image=&#8220;2247&#8243; img_size=&#8220;medium&#8220; onclick=&#8220;zoom&#8220; css=&#8220;&#8220;][\/vc_column][\/vc_row][vc_row][vc_column][vc_empty_space height=&#8220;15px&#8220;][\/vc_column][\/vc_row][vc_row][vc_column width=&#8220;1\/3&#8243;][vc_single_image image=&#8220;2253&#8243; img_size=&#8220;medium&#8220; onclick=&#8220;zoom&#8220; css=&#8220;&#8220;][\/vc_column][vc_column width=&#8220;1\/3&#8243;][vc_single_image image=&#8220;2259&#8243; img_size=&#8220;medium&#8220; onclick=&#8220;zoom&#8220; css=&#8220;&#8220;][\/vc_column][vc_column width=&#8220;1\/3&#8243;][vc_single_image image=&#8220;2242&#8243; img_size=&#8220;medium&#8220; onclick=&#8220;zoom&#8220; css=&#8220;&#8220;][\/vc_column][\/vc_row][vc_row][vc_column][vc_empty_space height=&#8220;15px&#8220;][\/vc_column][\/vc_row][vc_row][vc_column width=&#8220;1\/3&#8243;][vc_single_image image=&#8220;2241&#8243; img_size=&#8220;medium&#8220; onclick=&#8220;zoom&#8220; css=&#8220;&#8220;][\/vc_column][vc_column width=&#8220;1\/3&#8243;][vc_single_image image=&#8220;2239&#8243; img_size=&#8220;medium&#8220; onclick=&#8220;zoom&#8220; css=&#8220;&#8220;][\/vc_column][vc_column width=&#8220;1\/3&#8243;][vc_single_image image=&#8220;2249&#8243; img_size=&#8220;medium&#8220; onclick=&#8220;zoom&#8220; css=&#8220;&#8220;][\/vc_column][\/vc_row][vc_row][vc_column][vc_empty_space height=&#8220;15px&#8220;][\/vc_column][\/vc_row][vc_row][vc_column width=&#8220;1\/3&#8243;][vc_single_image image=&#8220;2258&#8243; img_size=&#8220;medium&#8220; onclick=&#8220;zoom&#8220; css=&#8220;&#8220;][\/vc_column][vc_column width=&#8220;1\/3&#8243;][vc_single_image image=&#8220;2275&#8243; img_size=&#8220;medium&#8220; onclick=&#8220;zoom&#8220; css=&#8220;&#8220;][\/vc_column][vc_column width=&#8220;1\/3&#8243;][vc_single_image image=&#8220;2252&#8243; img_size=&#8220;medium&#8220; onclick=&#8220;zoom&#8220; css=&#8220;&#8220;][\/vc_column][\/vc_row]<\/p>\n<\/div>","protected":false},"excerpt":{"rendered":"<p>[vc_row][vc_column][vc_column_text css=&#8220;&#8220;] Lebensmittel Kaffee\/Kakao * Tee\/Zucker * Honig * Schokolade * N\u00fcsse * Weingummi * Geb\u00e4ck * Gew\u00fcrze\/Pesto * Mangoprodukte * Reis\/Quinoa * Linsen\/Bohnen * Wein * Prosecco * Backmischungen[\/vc_column_text][vc_empty_space][\/vc_column][\/vc_row][vc_row][vc_column width=&#8220;1\/3&#8243;][vc_single_image image=&#8220;2238&#8243; img_size=&#8220;medium&#8220; onclick=&#8220;zoom&#8220; css=&#8220;&#8220;][\/vc_column][vc_column width=&#8220;1\/3&#8243;][vc_single_image image=&#8220;2250&#8243; img_size=&#8220;medium&#8220; onclick=&#8220;zoom&#8220; css=&#8220;&#8220;][\/vc_column][vc_column width=&#8220;1\/3&#8243;][vc_single_image image=&#8220;2249&#8243; img_size=&#8220;medium&#8220; onclick=&#8220;zoom&#8220; css=&#8220;&#8220;][\/vc_column][\/vc_row][vc_row][vc_column][vc_empty_space height=&#8220;15px&#8220;][\/vc_column][\/vc_row][vc_row][vc_column width=&#8220;1\/3&#8243;][vc_single_image image=&#8220;2267&#8243; img_size=&#8220;medium&#8220; onclick=&#8220;zoom&#8220; css=&#8220;&#8220;][\/vc_column][vc_column width=&#8220;1\/3&#8243;][vc_single_image image=&#8220;2262&#8243; img_size=&#8220;medium&#8220; onclick=&#8220;zoom&#8220;&hellip;<\/p>\n","protected":false},"author":124,"featured_media":0,"parent":2531,"menu_order":0,"comment_status":"closed","ping_status":"closed","template":"","meta":{"footnotes":""},"class_list":["post-2533","page","type-page","status-publish","hentry","description-off"],"yoast_head":"<!-- This site is optimized with the Yoast SEO plugin v26.8 - https:\/\/yoast.com\/product\/yoast-seo-wordpress\/ -->\n<title>Lebensmittel - Weltladen Celle<\/title>\n<meta name=\"robots\" content=\"index, follow, max-snippet:-1, max-image-preview:large, max-video-preview:-1\" \/>\n<link rel=\"canonical\" href=\"https:\/\/weltlaeden.de\/celle\/sortiment\/lebensmittel\/\" \/>\n<meta property=\"og:locale\" content=\"de_DE\" \/>\n<meta property=\"og:type\" content=\"article\" \/>\n<meta property=\"og:title\" content=\"Lebensmittel - Weltladen Celle\" \/>\n<meta property=\"og:description\" content=\"[vc_row][vc_column][vc_column_text css=&#8220;&#8220;] Lebensmittel Kaffee\/Kakao * Tee\/Zucker * Honig * Schokolade * N\u00fcsse * Weingummi * Geb\u00e4ck * Gew\u00fcrze\/Pesto * Mangoprodukte * Reis\/Quinoa * Linsen\/Bohnen * Wein * Prosecco * Backmischungen[\/vc_column_text][vc_empty_space][\/vc_column][\/vc_row][vc_row][vc_column width=&#8220;1\/3&#8243;][vc_single_image image=&#8220;2238&#8243; img_size=&#8220;medium&#8220; onclick=&#8220;zoom&#8220; css=&#8220;&#8220;][\/vc_column][vc_column width=&#8220;1\/3&#8243;][vc_single_image image=&#8220;2250&#8243; img_size=&#8220;medium&#8220; onclick=&#8220;zoom&#8220; css=&#8220;&#8220;][\/vc_column][vc_column width=&#8220;1\/3&#8243;][vc_single_image image=&#8220;2249&#8243; img_size=&#8220;medium&#8220; onclick=&#8220;zoom&#8220; css=&#8220;&#8220;][\/vc_column][\/vc_row][vc_row][vc_column][vc_empty_space height=&#8220;15px&#8220;][\/vc_column][\/vc_row][vc_row][vc_column width=&#8220;1\/3&#8243;][vc_single_image image=&#8220;2267&#8243; img_size=&#8220;medium&#8220; onclick=&#8220;zoom&#8220; css=&#8220;&#8220;][\/vc_column][vc_column width=&#8220;1\/3&#8243;][vc_single_image image=&#8220;2262&#8243; img_size=&#8220;medium&#8220; onclick=&#8220;zoom&#8220;&hellip;\" \/>\n<meta property=\"og:url\" content=\"https:\/\/weltlaeden.de\/celle\/sortiment\/lebensmittel\/\" \/>\n<meta property=\"og:site_name\" content=\"Weltladen Celle\" \/>\n<meta property=\"article:modified_time\" content=\"2025-02-18T14:03:56+00:00\" \/>\n<meta name=\"twitter:card\" content=\"summary_large_image\" \/>\n<meta name=\"twitter:label1\" content=\"Gesch\u00e4tzte Lesezeit\" \/>\n\t<meta name=\"twitter:data1\" content=\"3\u00a0Minuten\" \/>\n<script type=\"application\/ld+json\" class=\"yoast-schema-graph\">{\"@context\":\"https:\/\/schema.org\",\"@graph\":[{\"@type\":\"WebPage\",\"@id\":\"https:\/\/weltlaeden.de\/celle\/sortiment\/lebensmittel\/\",\"url\":\"https:\/\/weltlaeden.de\/celle\/sortiment\/lebensmittel\/\",\"name\":\"Lebensmittel - Weltladen Celle\",\"isPartOf\":{\"@id\":\"https:\/\/weltlaeden.de\/celle\/#website\"},\"datePublished\":\"2025-02-18T13:21:04+00:00\",\"dateModified\":\"2025-02-18T14:03:56+00:00\",\"breadcrumb\":{\"@id\":\"https:\/\/weltlaeden.de\/celle\/sortiment\/lebensmittel\/#breadcrumb\"},\"inLanguage\":\"de\",\"potentialAction\":[{\"@type\":\"ReadAction\",\"target\":[\"https:\/\/weltlaeden.de\/celle\/sortiment\/lebensmittel\/\"]}]},{\"@type\":\"BreadcrumbList\",\"@id\":\"https:\/\/weltlaeden.de\/celle\/sortiment\/lebensmittel\/#breadcrumb\",\"itemListElement\":[{\"@type\":\"ListItem\",\"position\":1,\"name\":\"Startseite\",\"item\":\"https:\/\/weltlaeden.de\/celle\/\"},{\"@type\":\"ListItem\",\"position\":2,\"name\":\"Sortiment und Lieferanten\",\"item\":\"https:\/\/weltlaeden.de\/celle\/sortiment\/\"},{\"@type\":\"ListItem\",\"position\":3,\"name\":\"Lebensmittel\"}]},{\"@type\":\"WebSite\",\"@id\":\"https:\/\/weltlaeden.de\/celle\/#website\",\"url\":\"https:\/\/weltlaeden.de\/celle\/\",\"name\":\"Weltladen Celle\",\"description\":\"Faire Produkte seit 1990\",\"potentialAction\":[{\"@type\":\"SearchAction\",\"target\":{\"@type\":\"EntryPoint\",\"urlTemplate\":\"https:\/\/weltlaeden.de\/celle\/?s={search_term_string}\"},\"query-input\":{\"@type\":\"PropertyValueSpecification\",\"valueRequired\":true,\"valueName\":\"search_term_string\"}}],\"inLanguage\":\"de\"}]}<\/script>\n<!-- \/ Yoast SEO plugin. -->","yoast_head_json":{"title":"Lebensmittel - Weltladen Celle","robots":{"index":"index","follow":"follow","max-snippet":"max-snippet:-1","max-image-preview":"max-image-preview:large","max-video-preview":"max-video-preview:-1"},"canonical":"https:\/\/weltlaeden.de\/celle\/sortiment\/lebensmittel\/","og_locale":"de_DE","og_type":"article","og_title":"Lebensmittel - Weltladen Celle","og_description":"[vc_row][vc_column][vc_column_text css=&#8220;&#8220;] Lebensmittel Kaffee\/Kakao * Tee\/Zucker * Honig * Schokolade * N\u00fcsse * Weingummi * Geb\u00e4ck * Gew\u00fcrze\/Pesto * Mangoprodukte * Reis\/Quinoa * Linsen\/Bohnen * Wein * Prosecco * Backmischungen[\/vc_column_text][vc_empty_space][\/vc_column][\/vc_row][vc_row][vc_column width=&#8220;1\/3&#8243;][vc_single_image image=&#8220;2238&#8243; img_size=&#8220;medium&#8220; onclick=&#8220;zoom&#8220; css=&#8220;&#8220;][\/vc_column][vc_column width=&#8220;1\/3&#8243;][vc_single_image image=&#8220;2250&#8243; img_size=&#8220;medium&#8220; onclick=&#8220;zoom&#8220; css=&#8220;&#8220;][\/vc_column][vc_column width=&#8220;1\/3&#8243;][vc_single_image image=&#8220;2249&#8243; img_size=&#8220;medium&#8220; onclick=&#8220;zoom&#8220; css=&#8220;&#8220;][\/vc_column][\/vc_row][vc_row][vc_column][vc_empty_space height=&#8220;15px&#8220;][\/vc_column][\/vc_row][vc_row][vc_column width=&#8220;1\/3&#8243;][vc_single_image image=&#8220;2267&#8243; img_size=&#8220;medium&#8220; onclick=&#8220;zoom&#8220; css=&#8220;&#8220;][\/vc_column][vc_column width=&#8220;1\/3&#8243;][vc_single_image image=&#8220;2262&#8243; img_size=&#8220;medium&#8220; onclick=&#8220;zoom&#8220;&hellip;","og_url":"https:\/\/weltlaeden.de\/celle\/sortiment\/lebensmittel\/","og_site_name":"Weltladen Celle","article_modified_time":"2025-02-18T14:03:56+00:00","twitter_card":"summary_large_image","twitter_misc":{"Gesch\u00e4tzte Lesezeit":"3\u00a0Minuten"},"schema":{"@context":"https:\/\/schema.org","@graph":[{"@type":"WebPage","@id":"https:\/\/weltlaeden.de\/celle\/sortiment\/lebensmittel\/","url":"https:\/\/weltlaeden.de\/celle\/sortiment\/lebensmittel\/","name":"Lebensmittel - Weltladen Celle","isPartOf":{"@id":"https:\/\/weltlaeden.de\/celle\/#website"},"datePublished":"2025-02-18T13:21:04+00:00","dateModified":"2025-02-18T14:03:56+00:00","breadcrumb":{"@id":"https:\/\/weltlaeden.de\/celle\/sortiment\/lebensmittel\/#breadcrumb"},"inLanguage":"de","potentialAction":[{"@type":"ReadAction","target":["https:\/\/weltlaeden.de\/celle\/sortiment\/lebensmittel\/"]}]},{"@type":"BreadcrumbList","@id":"https:\/\/weltlaeden.de\/celle\/sortiment\/lebensmittel\/#breadcrumb","itemListElement":[{"@type":"ListItem","position":1,"name":"Startseite","item":"https:\/\/weltlaeden.de\/celle\/"},{"@type":"ListItem","position":2,"name":"Sortiment und Lieferanten","item":"https:\/\/weltlaeden.de\/celle\/sortiment\/"},{"@type":"ListItem","position":3,"name":"Lebensmittel"}]},{"@type":"WebSite","@id":"https:\/\/weltlaeden.de\/celle\/#website","url":"https:\/\/weltlaeden.de\/celle\/","name":"Weltladen Celle","description":"Faire Produkte seit 1990","potentialAction":[{"@type":"SearchAction","target":{"@type":"EntryPoint","urlTemplate":"https:\/\/weltlaeden.de\/celle\/?s={search_term_string}"},"query-input":{"@type":"PropertyValueSpecification","valueRequired":true,"valueName":"search_term_string"}}],"inLanguage":"de"}]}},"_links":{"self":[{"href":"https:\/\/weltlaeden.de\/celle\/wp-json\/wp\/v2\/pages\/2533","targetHints":{"allow":["GET"]}}],"collection":[{"href":"https:\/\/weltlaeden.de\/celle\/wp-json\/wp\/v2\/pages"}],"about":[{"href":"https:\/\/weltlaeden.de\/celle\/wp-json\/wp\/v2\/types\/page"}],"author":[{"embeddable":true,"href":"https:\/\/weltlaeden.de\/celle\/wp-json\/wp\/v2\/users\/124"}],"replies":[{"embeddable":true,"href":"https:\/\/weltlaeden.de\/celle\/wp-json\/wp\/v2\/comments?post=2533"}],"version-history":[{"count":2,"href":"https:\/\/weltlaeden.de\/celle\/wp-json\/wp\/v2\/pages\/2533\/revisions"}],"predecessor-version":[{"id":2676,"href":"https:\/\/weltlaeden.de\/celle\/wp-json\/wp\/v2\/pages\/2533\/revisions\/2676"}],"up":[{"embeddable":true,"href":"https:\/\/weltlaeden.de\/celle\/wp-json\/wp\/v2\/pages\/2531"}],"wp:attachment":[{"href":"https:\/\/weltlaeden.de\/celle\/wp-json\/wp\/v2\/media?parent=2533"}],"curies":[{"name":"wp","href":"https:\/\/api.w.org\/{rel}","templated":true}]}}