{"id":2495,"date":"2025-02-18T13:21:21","date_gmt":"2025-02-18T12:21:21","guid":{"rendered":"https:\/\/weltlaeden.de\/celle\/?page_id=2495"},"modified":"2025-02-18T15:03:56","modified_gmt":"2025-02-18T14:03:56","slug":"fair-trade-point","status":"publish","type":"page","link":"https:\/\/weltlaeden.de\/celle\/unser-weltladen\/fair-trade-point\/","title":{"rendered":"Fair Trade Point"},"content":{"rendered":"<div class=\"wpb-content-wrapper\"><p>[vc_row][vc_column][vc_column_text]<\/p>\n<h1>Fair Trade Point<\/h1>\n<p>Der <strong>Fair Trade Point<\/strong> ist ein mobiler Verkaufs- und Informationsstand f\u00fcr fair gehandelte Produkte, der eigens f\u00fcr Weltl\u00e4den entworfen wurde. Mit einem <strong>Fair Trade Point<\/strong> k\u00f6nnen Schulen und Jugendeinrichtungen einen konkreten Beitrag zur Verbesserung der Lebensbedingungen von benachteiligten Produzent\/innen im S\u00fcden leisten.<\/p>\n<p>Dar\u00fcberhinaus k\u00f6nnen die Jugendlichen Erfahrungen im fairen Ein- und Verkauf sammeln .Dabei lernen sie sich mit dem System der fairen Warenproduktion bis zum Verkauf kritisch auseinanderzusetzen.<\/p>\n<p>Wir freuen uns \u00fcber Ihr Interesse evtl. auf diesem Wege mit uns zusammenzuarbeiten.<\/p>\n<p>Aktuell arbeiten die Sch\u00fcler des H\u00f6lty-Gymnasiums mit unserem Fair Trade Point<\/p>\n<p>[\/vc_column_text][\/vc_column][\/vc_row]<\/p>\n<\/div>","protected":false},"excerpt":{"rendered":"<p>[vc_row][vc_column][vc_column_text] Fair Trade Point Der Fair Trade Point ist ein mobiler Verkaufs- und Informationsstand f\u00fcr fair gehandelte Produkte, der eigens f\u00fcr Weltl\u00e4den entworfen wurde. Mit einem Fair Trade Point k\u00f6nnen Schulen und Jugendeinrichtungen einen konkreten Beitrag zur Verbesserung der Lebensbedingungen von benachteiligten Produzent\/innen im S\u00fcden leisten. Dar\u00fcberhinaus k\u00f6nnen die Jugendlichen Erfahrungen im fairen Ein- und&hellip;<\/p>\n","protected":false},"author":124,"featured_media":0,"parent":2483,"menu_order":2,"comment_status":"closed","ping_status":"closed","template":"","meta":{"footnotes":""},"class_list":["post-2495","page","type-page","status-publish","hentry","description-off"],"yoast_head":"<!-- This site is optimized with the Yoast SEO plugin v26.8 - https:\/\/yoast.com\/product\/yoast-seo-wordpress\/ -->\n<title>Fair Trade Point - Weltladen Celle<\/title>\n<meta name=\"robots\" content=\"index, follow, max-snippet:-1, max-image-preview:large, max-video-preview:-1\" \/>\n<link rel=\"canonical\" href=\"https:\/\/weltlaeden.de\/celle\/unser-weltladen\/fair-trade-point\/\" \/>\n<meta property=\"og:locale\" content=\"de_DE\" \/>\n<meta property=\"og:type\" content=\"article\" \/>\n<meta property=\"og:title\" content=\"Fair Trade Point - Weltladen Celle\" \/>\n<meta property=\"og:description\" content=\"[vc_row][vc_column][vc_column_text] Fair Trade Point Der Fair Trade Point ist ein mobiler Verkaufs- und Informationsstand f\u00fcr fair gehandelte Produkte, der eigens f\u00fcr Weltl\u00e4den entworfen wurde. Mit einem Fair Trade Point k\u00f6nnen Schulen und Jugendeinrichtungen einen konkreten Beitrag zur Verbesserung der Lebensbedingungen von benachteiligten Produzent\/innen im S\u00fcden leisten. Dar\u00fcberhinaus k\u00f6nnen die Jugendlichen Erfahrungen im fairen Ein- und&hellip;\" \/>\n<meta property=\"og:url\" content=\"https:\/\/weltlaeden.de\/celle\/unser-weltladen\/fair-trade-point\/\" \/>\n<meta property=\"og:site_name\" content=\"Weltladen Celle\" \/>\n<meta property=\"article:modified_time\" content=\"2025-02-18T14:03:56+00:00\" \/>\n<meta name=\"twitter:card\" content=\"summary_large_image\" \/>\n<meta name=\"twitter:label1\" content=\"Gesch\u00e4tzte Lesezeit\" \/>\n\t<meta name=\"twitter:data1\" content=\"1\u00a0Minute\" \/>\n<script type=\"application\/ld+json\" class=\"yoast-schema-graph\">{\"@context\":\"https:\/\/schema.org\",\"@graph\":[{\"@type\":\"WebPage\",\"@id\":\"https:\/\/weltlaeden.de\/celle\/unser-weltladen\/fair-trade-point\/\",\"url\":\"https:\/\/weltlaeden.de\/celle\/unser-weltladen\/fair-trade-point\/\",\"name\":\"Fair Trade Point - Weltladen Celle\",\"isPartOf\":{\"@id\":\"https:\/\/weltlaeden.de\/celle\/#website\"},\"datePublished\":\"2025-02-18T12:21:21+00:00\",\"dateModified\":\"2025-02-18T14:03:56+00:00\",\"breadcrumb\":{\"@id\":\"https:\/\/weltlaeden.de\/celle\/unser-weltladen\/fair-trade-point\/#breadcrumb\"},\"inLanguage\":\"de\",\"potentialAction\":[{\"@type\":\"ReadAction\",\"target\":[\"https:\/\/weltlaeden.de\/celle\/unser-weltladen\/fair-trade-point\/\"]}]},{\"@type\":\"BreadcrumbList\",\"@id\":\"https:\/\/weltlaeden.de\/celle\/unser-weltladen\/fair-trade-point\/#breadcrumb\",\"itemListElement\":[{\"@type\":\"ListItem\",\"position\":1,\"name\":\"Startseite\",\"item\":\"https:\/\/weltlaeden.de\/celle\/\"},{\"@type\":\"ListItem\",\"position\":2,\"name\":\"Unser Weltladen\",\"item\":\"https:\/\/weltlaeden.de\/celle\/unser-weltladen\/\"},{\"@type\":\"ListItem\",\"position\":3,\"name\":\"Fair Trade Point\"}]},{\"@type\":\"WebSite\",\"@id\":\"https:\/\/weltlaeden.de\/celle\/#website\",\"url\":\"https:\/\/weltlaeden.de\/celle\/\",\"name\":\"Weltladen Celle\",\"description\":\"Faire Produkte seit 1990\",\"potentialAction\":[{\"@type\":\"SearchAction\",\"target\":{\"@type\":\"EntryPoint\",\"urlTemplate\":\"https:\/\/weltlaeden.de\/celle\/?s={search_term_string}\"},\"query-input\":{\"@type\":\"PropertyValueSpecification\",\"valueRequired\":true,\"valueName\":\"search_term_string\"}}],\"inLanguage\":\"de\"}]}<\/script>\n<!-- \/ Yoast SEO plugin. -->","yoast_head_json":{"title":"Fair Trade Point - Weltladen Celle","robots":{"index":"index","follow":"follow","max-snippet":"max-snippet:-1","max-image-preview":"max-image-preview:large","max-video-preview":"max-video-preview:-1"},"canonical":"https:\/\/weltlaeden.de\/celle\/unser-weltladen\/fair-trade-point\/","og_locale":"de_DE","og_type":"article","og_title":"Fair Trade Point - Weltladen Celle","og_description":"[vc_row][vc_column][vc_column_text] Fair Trade Point Der Fair Trade Point ist ein mobiler Verkaufs- und Informationsstand f\u00fcr fair gehandelte Produkte, der eigens f\u00fcr Weltl\u00e4den entworfen wurde. Mit einem Fair Trade Point k\u00f6nnen Schulen und Jugendeinrichtungen einen konkreten Beitrag zur Verbesserung der Lebensbedingungen von benachteiligten Produzent\/innen im S\u00fcden leisten. Dar\u00fcberhinaus k\u00f6nnen die Jugendlichen Erfahrungen im fairen Ein- und&hellip;","og_url":"https:\/\/weltlaeden.de\/celle\/unser-weltladen\/fair-trade-point\/","og_site_name":"Weltladen Celle","article_modified_time":"2025-02-18T14:03:56+00:00","twitter_card":"summary_large_image","twitter_misc":{"Gesch\u00e4tzte Lesezeit":"1\u00a0Minute"},"schema":{"@context":"https:\/\/schema.org","@graph":[{"@type":"WebPage","@id":"https:\/\/weltlaeden.de\/celle\/unser-weltladen\/fair-trade-point\/","url":"https:\/\/weltlaeden.de\/celle\/unser-weltladen\/fair-trade-point\/","name":"Fair Trade Point - Weltladen Celle","isPartOf":{"@id":"https:\/\/weltlaeden.de\/celle\/#website"},"datePublished":"2025-02-18T12:21:21+00:00","dateModified":"2025-02-18T14:03:56+00:00","breadcrumb":{"@id":"https:\/\/weltlaeden.de\/celle\/unser-weltladen\/fair-trade-point\/#breadcrumb"},"inLanguage":"de","potentialAction":[{"@type":"ReadAction","target":["https:\/\/weltlaeden.de\/celle\/unser-weltladen\/fair-trade-point\/"]}]},{"@type":"BreadcrumbList","@id":"https:\/\/weltlaeden.de\/celle\/unser-weltladen\/fair-trade-point\/#breadcrumb","itemListElement":[{"@type":"ListItem","position":1,"name":"Startseite","item":"https:\/\/weltlaeden.de\/celle\/"},{"@type":"ListItem","position":2,"name":"Unser Weltladen","item":"https:\/\/weltlaeden.de\/celle\/unser-weltladen\/"},{"@type":"ListItem","position":3,"name":"Fair Trade Point"}]},{"@type":"WebSite","@id":"https:\/\/weltlaeden.de\/celle\/#website","url":"https:\/\/weltlaeden.de\/celle\/","name":"Weltladen Celle","description":"Faire Produkte seit 1990","potentialAction":[{"@type":"SearchAction","target":{"@type":"EntryPoint","urlTemplate":"https:\/\/weltlaeden.de\/celle\/?s={search_term_string}"},"query-input":{"@type":"PropertyValueSpecification","valueRequired":true,"valueName":"search_term_string"}}],"inLanguage":"de"}]}},"_links":{"self":[{"href":"https:\/\/weltlaeden.de\/celle\/wp-json\/wp\/v2\/pages\/2495","targetHints":{"allow":["GET"]}}],"collection":[{"href":"https:\/\/weltlaeden.de\/celle\/wp-json\/wp\/v2\/pages"}],"about":[{"href":"https:\/\/weltlaeden.de\/celle\/wp-json\/wp\/v2\/types\/page"}],"author":[{"embeddable":true,"href":"https:\/\/weltlaeden.de\/celle\/wp-json\/wp\/v2\/users\/124"}],"replies":[{"embeddable":true,"href":"https:\/\/weltlaeden.de\/celle\/wp-json\/wp\/v2\/comments?post=2495"}],"version-history":[{"count":2,"href":"https:\/\/weltlaeden.de\/celle\/wp-json\/wp\/v2\/pages\/2495\/revisions"}],"predecessor-version":[{"id":2497,"href":"https:\/\/weltlaeden.de\/celle\/wp-json\/wp\/v2\/pages\/2495\/revisions\/2497"}],"up":[{"embeddable":true,"href":"https:\/\/weltlaeden.de\/celle\/wp-json\/wp\/v2\/pages\/2483"}],"wp:attachment":[{"href":"https:\/\/weltlaeden.de\/celle\/wp-json\/wp\/v2\/media?parent=2495"}],"curies":[{"name":"wp","href":"https:\/\/api.w.org\/{rel}","templated":true}]}}