{"id":2488,"date":"2025-02-18T13:16:48","date_gmt":"2025-02-18T12:16:48","guid":{"rendered":"https:\/\/weltlaeden.de\/celle\/?page_id=2488"},"modified":"2025-02-18T15:03:56","modified_gmt":"2025-02-18T14:03:56","slug":"team-verein","status":"publish","type":"page","link":"https:\/\/weltlaeden.de\/celle\/unser-weltladen\/team-verein\/","title":{"rendered":"Team \/ Verein"},"content":{"rendered":"<div class=\"wpb-content-wrapper\"><p>[vc_row][vc_column][vc_column_text css=&#8220;&#8220;]<\/p>\n<h4>Team<\/h4>\n<p>[\/vc_column_text][vc_column_text]<\/p>\n<p>Der Weltladen Celle wird von 25 engagierten Ehrenamtlichen gef\u00fchrt. Ihnen liegt der Faire Handel am Herzen.<\/p>\n<p>Unser buntes Team vereint Berufst\u00e4tige, Menschen im Ruhestand, Studierende und viele mehr. Es gibt unterschiedliche Arbeitsgruppen und Projekte, die ein Einbringen eigener Kenntnisse und Ideen erm\u00f6glichen.<\/p>\n<p>Die Arbeit im Laden bietet daher jeder und jedem Gelegenheit sich mit seinen F\u00e4higkeiten einzubringen und auch von anderen zu lernen.[\/vc_column_text][vc_empty_space][\/vc_column][\/vc_row][vc_row][vc_column][vc_column_text css=&#8220;&#8220;]<\/p>\n<h3><strong>Verein<\/strong><\/h3>\n<p>Seit 1977 gibt es einen <strong>WELTLADEN<\/strong>\u00a0in Celle. Im Jahr 1980 wurden wir zun\u00e4chst ein nicht eingetragener Verein. 1992 \u00e4nderte sich die Bezeichnung in <strong>Eine Welt Arbeitskreis, <\/strong>und seit 1997 sind wir ein offiziell e<span style=\"color: #000000\">ingetragener Verein.<\/span><\/p>\n<p>Den Laden an der Bergstra\u00dfe haben wir wehm\u00fctig verlassen und bieten nun wiederholt und zuversichtlich in der Z\u00f6llnerstra\u00dfe Lebensmittel und Kunsthandwerk an. Ein weiterer Schwerpunkt ist, neben dem Ladengesch\u00e4ft, die Bildungsarbeit: Berichte \u00fcber Projekte in den Produzentenl\u00e4ndern, Fachvortr\u00e4ge\/Filme aus dem Fairen Handel, sowie Zusammenh\u00e4nge mit politischen Tagesthemen.[\/vc_column_text][\/vc_column][\/vc_row]<\/p>\n<\/div>","protected":false},"excerpt":{"rendered":"<p>[vc_row][vc_column][vc_column_text css=&#8220;&#8220;] Team [\/vc_column_text][vc_column_text] Der Weltladen Celle wird von 25 engagierten Ehrenamtlichen gef\u00fchrt. Ihnen liegt der Faire Handel am Herzen. Unser buntes Team vereint Berufst\u00e4tige, Menschen im Ruhestand, Studierende und viele mehr. Es gibt unterschiedliche Arbeitsgruppen und Projekte, die ein Einbringen eigener Kenntnisse und Ideen erm\u00f6glichen. Die Arbeit im Laden bietet daher jeder und jedem&hellip;<\/p>\n","protected":false},"author":124,"featured_media":0,"parent":2483,"menu_order":0,"comment_status":"closed","ping_status":"closed","template":"","meta":{"footnotes":""},"class_list":["post-2488","page","type-page","status-publish","hentry","description-off"],"yoast_head":"<!-- This site is optimized with the Yoast SEO plugin v26.8 - https:\/\/yoast.com\/product\/yoast-seo-wordpress\/ -->\n<title>Team \/ Verein - Weltladen Celle<\/title>\n<meta name=\"robots\" content=\"index, follow, max-snippet:-1, max-image-preview:large, max-video-preview:-1\" \/>\n<link rel=\"canonical\" href=\"https:\/\/weltlaeden.de\/celle\/unser-weltladen\/team-verein\/\" \/>\n<meta property=\"og:locale\" content=\"de_DE\" \/>\n<meta property=\"og:type\" content=\"article\" \/>\n<meta property=\"og:title\" content=\"Team \/ Verein - Weltladen Celle\" \/>\n<meta property=\"og:description\" content=\"[vc_row][vc_column][vc_column_text css=&#8220;&#8220;] Team [\/vc_column_text][vc_column_text] Der Weltladen Celle wird von 25 engagierten Ehrenamtlichen gef\u00fchrt. Ihnen liegt der Faire Handel am Herzen. Unser buntes Team vereint Berufst\u00e4tige, Menschen im Ruhestand, Studierende und viele mehr. Es gibt unterschiedliche Arbeitsgruppen und Projekte, die ein Einbringen eigener Kenntnisse und Ideen erm\u00f6glichen. Die Arbeit im Laden bietet daher jeder und jedem&hellip;\" \/>\n<meta property=\"og:url\" content=\"https:\/\/weltlaeden.de\/celle\/unser-weltladen\/team-verein\/\" \/>\n<meta property=\"og:site_name\" content=\"Weltladen Celle\" \/>\n<meta property=\"article:modified_time\" content=\"2025-02-18T14:03:56+00:00\" \/>\n<meta name=\"twitter:card\" content=\"summary_large_image\" \/>\n<meta name=\"twitter:label1\" content=\"Gesch\u00e4tzte Lesezeit\" \/>\n\t<meta name=\"twitter:data1\" content=\"1\u00a0Minute\" \/>\n<script type=\"application\/ld+json\" class=\"yoast-schema-graph\">{\"@context\":\"https:\/\/schema.org\",\"@graph\":[{\"@type\":\"WebPage\",\"@id\":\"https:\/\/weltlaeden.de\/celle\/unser-weltladen\/team-verein\/\",\"url\":\"https:\/\/weltlaeden.de\/celle\/unser-weltladen\/team-verein\/\",\"name\":\"Team \/ Verein - Weltladen Celle\",\"isPartOf\":{\"@id\":\"https:\/\/weltlaeden.de\/celle\/#website\"},\"datePublished\":\"2025-02-18T12:16:48+00:00\",\"dateModified\":\"2025-02-18T14:03:56+00:00\",\"breadcrumb\":{\"@id\":\"https:\/\/weltlaeden.de\/celle\/unser-weltladen\/team-verein\/#breadcrumb\"},\"inLanguage\":\"de\",\"potentialAction\":[{\"@type\":\"ReadAction\",\"target\":[\"https:\/\/weltlaeden.de\/celle\/unser-weltladen\/team-verein\/\"]}]},{\"@type\":\"BreadcrumbList\",\"@id\":\"https:\/\/weltlaeden.de\/celle\/unser-weltladen\/team-verein\/#breadcrumb\",\"itemListElement\":[{\"@type\":\"ListItem\",\"position\":1,\"name\":\"Startseite\",\"item\":\"https:\/\/weltlaeden.de\/celle\/\"},{\"@type\":\"ListItem\",\"position\":2,\"name\":\"Unser Weltladen\",\"item\":\"https:\/\/weltlaeden.de\/celle\/unser-weltladen\/\"},{\"@type\":\"ListItem\",\"position\":3,\"name\":\"Team \/ Verein\"}]},{\"@type\":\"WebSite\",\"@id\":\"https:\/\/weltlaeden.de\/celle\/#website\",\"url\":\"https:\/\/weltlaeden.de\/celle\/\",\"name\":\"Weltladen Celle\",\"description\":\"Faire Produkte seit 1990\",\"potentialAction\":[{\"@type\":\"SearchAction\",\"target\":{\"@type\":\"EntryPoint\",\"urlTemplate\":\"https:\/\/weltlaeden.de\/celle\/?s={search_term_string}\"},\"query-input\":{\"@type\":\"PropertyValueSpecification\",\"valueRequired\":true,\"valueName\":\"search_term_string\"}}],\"inLanguage\":\"de\"}]}<\/script>\n<!-- \/ Yoast SEO plugin. -->","yoast_head_json":{"title":"Team \/ Verein - Weltladen Celle","robots":{"index":"index","follow":"follow","max-snippet":"max-snippet:-1","max-image-preview":"max-image-preview:large","max-video-preview":"max-video-preview:-1"},"canonical":"https:\/\/weltlaeden.de\/celle\/unser-weltladen\/team-verein\/","og_locale":"de_DE","og_type":"article","og_title":"Team \/ Verein - Weltladen Celle","og_description":"[vc_row][vc_column][vc_column_text css=&#8220;&#8220;] Team [\/vc_column_text][vc_column_text] Der Weltladen Celle wird von 25 engagierten Ehrenamtlichen gef\u00fchrt. Ihnen liegt der Faire Handel am Herzen. Unser buntes Team vereint Berufst\u00e4tige, Menschen im Ruhestand, Studierende und viele mehr. Es gibt unterschiedliche Arbeitsgruppen und Projekte, die ein Einbringen eigener Kenntnisse und Ideen erm\u00f6glichen. Die Arbeit im Laden bietet daher jeder und jedem&hellip;","og_url":"https:\/\/weltlaeden.de\/celle\/unser-weltladen\/team-verein\/","og_site_name":"Weltladen Celle","article_modified_time":"2025-02-18T14:03:56+00:00","twitter_card":"summary_large_image","twitter_misc":{"Gesch\u00e4tzte Lesezeit":"1\u00a0Minute"},"schema":{"@context":"https:\/\/schema.org","@graph":[{"@type":"WebPage","@id":"https:\/\/weltlaeden.de\/celle\/unser-weltladen\/team-verein\/","url":"https:\/\/weltlaeden.de\/celle\/unser-weltladen\/team-verein\/","name":"Team \/ Verein - Weltladen Celle","isPartOf":{"@id":"https:\/\/weltlaeden.de\/celle\/#website"},"datePublished":"2025-02-18T12:16:48+00:00","dateModified":"2025-02-18T14:03:56+00:00","breadcrumb":{"@id":"https:\/\/weltlaeden.de\/celle\/unser-weltladen\/team-verein\/#breadcrumb"},"inLanguage":"de","potentialAction":[{"@type":"ReadAction","target":["https:\/\/weltlaeden.de\/celle\/unser-weltladen\/team-verein\/"]}]},{"@type":"BreadcrumbList","@id":"https:\/\/weltlaeden.de\/celle\/unser-weltladen\/team-verein\/#breadcrumb","itemListElement":[{"@type":"ListItem","position":1,"name":"Startseite","item":"https:\/\/weltlaeden.de\/celle\/"},{"@type":"ListItem","position":2,"name":"Unser Weltladen","item":"https:\/\/weltlaeden.de\/celle\/unser-weltladen\/"},{"@type":"ListItem","position":3,"name":"Team \/ Verein"}]},{"@type":"WebSite","@id":"https:\/\/weltlaeden.de\/celle\/#website","url":"https:\/\/weltlaeden.de\/celle\/","name":"Weltladen Celle","description":"Faire Produkte seit 1990","potentialAction":[{"@type":"SearchAction","target":{"@type":"EntryPoint","urlTemplate":"https:\/\/weltlaeden.de\/celle\/?s={search_term_string}"},"query-input":{"@type":"PropertyValueSpecification","valueRequired":true,"valueName":"search_term_string"}}],"inLanguage":"de"}]}},"_links":{"self":[{"href":"https:\/\/weltlaeden.de\/celle\/wp-json\/wp\/v2\/pages\/2488","targetHints":{"allow":["GET"]}}],"collection":[{"href":"https:\/\/weltlaeden.de\/celle\/wp-json\/wp\/v2\/pages"}],"about":[{"href":"https:\/\/weltlaeden.de\/celle\/wp-json\/wp\/v2\/types\/page"}],"author":[{"embeddable":true,"href":"https:\/\/weltlaeden.de\/celle\/wp-json\/wp\/v2\/users\/124"}],"replies":[{"embeddable":true,"href":"https:\/\/weltlaeden.de\/celle\/wp-json\/wp\/v2\/comments?post=2488"}],"version-history":[{"count":1,"href":"https:\/\/weltlaeden.de\/celle\/wp-json\/wp\/v2\/pages\/2488\/revisions"}],"predecessor-version":[{"id":2489,"href":"https:\/\/weltlaeden.de\/celle\/wp-json\/wp\/v2\/pages\/2488\/revisions\/2489"}],"up":[{"embeddable":true,"href":"https:\/\/weltlaeden.de\/celle\/wp-json\/wp\/v2\/pages\/2483"}],"wp:attachment":[{"href":"https:\/\/weltlaeden.de\/celle\/wp-json\/wp\/v2\/media?parent=2488"}],"curies":[{"name":"wp","href":"https:\/\/api.w.org\/{rel}","templated":true}]}}