{"id":779,"date":"2022-11-14T15:13:02","date_gmt":"2022-11-14T14:13:02","guid":{"rendered":"https:\/\/weltlaeden.de\/buchloe\/?page_id=779"},"modified":"2023-10-17T12:44:26","modified_gmt":"2023-10-17T10:44:26","slug":"jubilaeumsjahr-2","status":"publish","type":"page","link":"https:\/\/weltlaeden.de\/buchloe\/jubilaeumsjahr-2\/","title":{"rendered":"Jubil\u00e4umsjahr 2023"},"content":{"rendered":"<div class=\"wpb-content-wrapper\"><p>[vc_row][vc_column]<div class=\"wl_einzelbild\"><p><\/p><\/div>[\/vc_column][\/vc_row][vc_row][vc_column][vc_column_text]<\/p>\n<h1><span style=\"color: #ff6600\">Wir feierten 30 Jahre Fairer Handel in Buchloe!<\/span><\/h1>\n<p>[\/vc_column_text][\/vc_column][\/vc_row][vc_row][vc_column][vc_column_text]Bereits seit 1993 gibt es den Weltladen und den Verein &#8222;Arbeitskreis Eine Welt Buchloe e.V.&#8220;. In den letzten 30 Jahren haben wir viele Herausforderungen gemeistert, sind gewachsen, haben uns ver\u00e4ndert und sind uns und unserer Idee einer gerechteren Welt doch immer treu geblieben. Das war Grund zum Feiern!<\/p>\n<p>Nachfolgend finden Sie einen R\u00fcckblick auf ein Jahr voller Feierlichkeiten.[\/vc_column_text][\/vc_column][\/vc_row][vc_row][vc_column]<blockquote class=\"text-big shortcode-blockquote\"><h3>Er\u00f6ffnungsveranstaltung:<\/h3>\n<h1><span style=\"font-size: 13pt;font-family: 'Arial', sans-serif;color: #ff6600\">Multivisionsshow &#8222;Weltreise&#8220; von und mit lobOlmo<\/span><\/h1>\n<h2><span style=\"font-size: 13.0pt;font-family: 'Arial',sans-serif\">Samstag, 11. Februar 2023, 19 Uhr im Kolpinghaus Buchloe<\/span><\/h2>\n<p>Den Auftakt einer abwechslungsreichen Veranstaltungsreihe anl\u00e4sslich des 30-j\u00e4hrigen Vereins- und Ladenjubil\u00e4ums bildete eine ganz besondere Weltreise. Mit grandiosen Aufnahmen, begleitet von inspirierenden Erz\u00e4hlungen und stimmungsvoller Musik wurden Einblicke in das allt\u00e4gliche Leben von Fair-Trade-Produzenten in Ghana, Israel\/Pal\u00e4stina, Sri Lanka, Nepal und Ecuador gew\u00e4hrt. Die beiden Fotojournalisten Jutta Ulmer und Michael Wolfsteiner verstanden es mit ihren wundersch\u00f6nen Fotos und ihrem pers\u00f6nlichen Reisebericht mit informativen Texten zur politischen Situation in den jeweiligen L\u00e4ndern sowie zu den dortigen Lebens- und Arbeitsbedingungen, das Publikum im voll besetzten Kolpinghaus von der ersten bis zur letzten Minute zu fesseln.<\/p>\n<p>F\u00fcr die rund 20-min\u00fctige Pause hatte das Team des Weltladens ein vielf\u00e4ltiges B\u00fcfett mit zahlreichen wohlschmeckenden H\u00e4ppchen sowie diversen Getr\u00e4nke vorbereitet.<\/p>\n<\/blockquote>[vc_video link=&#8220;https:\/\/www.youtube.com\/watch?v=rjW6EImFYnU&#8220;][vc_empty_space][\/vc_column][\/vc_row][vc_row][vc_column]<blockquote class=\"text-big shortcode-blockquote\"><h3>Fairer Genuss in der Fastenzeit:<\/h3>\n<h1><span style=\"font-size: 13pt;font-family: 'Arial', sans-serif;color: #ff6600\">Fastent\u00fcte <\/span><\/h1>\n<h2><span style=\"font-size: 13.0pt;font-family: 'Arial',sans-serif\">Mittwoch, 22.02. &#8211; Samstag, 08.04.2023 im Weltladen<br \/>\n<\/span><\/h2>\n<p>Sieben Wochen ohne Ausbeutung von Menschen, Ressourcen und Umwelt \u2013 stattdessen sieben Wochen voller Impulsen f\u00fcr ein gutes Leben, so die Idee hinter dieser Aktion.<\/p>\n<p>\u00dcber den gesamten Zeitraum der Fastenzeit wurden T\u00fcten mit w\u00f6chentlich wechselnden Lebensmitteln aus dem Weltladen, einem darauf abgestimmten Rezept, einem Fastenimpuls und einer kleinen \u00dcberraschung liebevoll zusammengestellt. Zahlreiche Kundinnen und Kunden lie\u00dfen sich motivieren, das eigene Konsumverhalten zu \u00fcberdenken und freuten sich Woche f\u00fcr Woche auf eine neue Rezeptidee.<\/p>\n<\/blockquote>[\/vc_column][\/vc_row][vc_row][vc_column]<blockquote class=\"text-big shortcode-blockquote\"><h3>Zum Weltladentag:<\/h3>\n<h1><span style=\"font-size: 13pt;font-family: 'Arial', sans-serif;color: #ff6600\">Gro\u00dfe Wettveranstaltung auf dem Bauernmarkt<br \/>\n<\/span><\/h1>\n<h2><span style=\"font-size: 13.0pt;font-family: 'Arial',sans-serif\">Samstag, 13.05.2023, Immleplatz Buchloe<br \/>\n<\/span><\/h2>\n<p>Am 13.5.2023 kurz vor 9:00 Uhr war es so weit, dass sich der 1. B\u00fcrgermeister der Stadt Buchloe unter Aufsicht auf einer historischen Dezimalwaage wiegen lie\u00df.<\/p>\n<p><img loading=\"lazy\" decoding=\"async\" class=\"alignnone size-medium wp-image-921\" src=\"https:\/\/weltlaeden.de\/buchloe\/wp-content\/uploads\/sites\/185\/2023\/05\/PXL_20230513_070555325-226x300.jpg\" alt=\"\" width=\"226\" height=\"300\" srcset=\"https:\/\/weltlaeden.de\/buchloe\/wp-content\/uploads\/sites\/185\/2023\/05\/PXL_20230513_070555325-226x300.jpg 226w, https:\/\/weltlaeden.de\/buchloe\/wp-content\/uploads\/sites\/185\/2023\/05\/PXL_20230513_070555325-771x1024.jpg 771w, https:\/\/weltlaeden.de\/buchloe\/wp-content\/uploads\/sites\/185\/2023\/05\/PXL_20230513_070555325-768x1020.jpg 768w, https:\/\/weltlaeden.de\/buchloe\/wp-content\/uploads\/sites\/185\/2023\/05\/PXL_20230513_070555325-1157x1536.jpg 1157w, https:\/\/weltlaeden.de\/buchloe\/wp-content\/uploads\/sites\/185\/2023\/05\/PXL_20230513_070555325-scaled.jpg 1542w\" sizes=\"auto, (max-width: 226px) 100vw, 226px\" \/><\/p>\n<p>Danach galt es in nur 3 Stunden dieses Gewicht mit dem Verkauf von fair gehandelter Schokolade, Bananen und Kaffee aufzuwiegen. Die Aktion fand gro\u00dfartige Unterst\u00fctzung von Seiten der Buchloer B\u00fcrger, so dass am Ende die zu erreichende Marke deutlich \u00fcberschritten wurde.<\/p>\n<p><img loading=\"lazy\" decoding=\"async\" class=\"alignnone size-medium wp-image-920\" src=\"https:\/\/weltlaeden.de\/buchloe\/wp-content\/uploads\/sites\/185\/2023\/05\/IMG-20230514-WA0003-300x225.jpg\" alt=\"\" width=\"300\" height=\"225\" srcset=\"https:\/\/weltlaeden.de\/buchloe\/wp-content\/uploads\/sites\/185\/2023\/05\/IMG-20230514-WA0003-300x225.jpg 300w, https:\/\/weltlaeden.de\/buchloe\/wp-content\/uploads\/sites\/185\/2023\/05\/IMG-20230514-WA0003-1024x768.jpg 1024w, https:\/\/weltlaeden.de\/buchloe\/wp-content\/uploads\/sites\/185\/2023\/05\/IMG-20230514-WA0003-768x576.jpg 768w, https:\/\/weltlaeden.de\/buchloe\/wp-content\/uploads\/sites\/185\/2023\/05\/IMG-20230514-WA0003-1536x1152.jpg 1536w, https:\/\/weltlaeden.de\/buchloe\/wp-content\/uploads\/sites\/185\/2023\/05\/IMG-20230514-WA0003.jpg 2048w\" sizes=\"auto, (max-width: 300px) 100vw, 300px\" \/><\/p>\n<p>Am 06.07.2023 l\u00f6ste der Weltladen die gerne verlorene Wette ein und bot ganzt\u00e4gig Kaffee und\u00a0 Kuchen f\u00fcr alle Kund*innen an. Erster B\u00fcrgermeister Robert P\u00f6schl unterst\u00fctzte in der Zeit von 14:00 &#8211; 16:00 Uhr das Weltladenteam beim Kaffeeausschank.<\/p>\n<\/blockquote>[\/vc_column][\/vc_row][vc_row][vc_column]<blockquote class=\"text-big shortcode-blockquote\"><h3>Kooperation mit den Buchloer Fairtrade Schools:<\/h3>\n<h1><span style=\"font-size: 13pt;font-family: 'Arial', sans-serif;color: #ff6600\">Sch\u00fcler*innen der Mittelschule Buchloe bieten ein faires Mittagessen an<br \/>\n<\/span><\/h1>\n<h2><span style=\"font-size: 13.0pt;font-family: 'Arial',sans-serif\">Donnerstag, 22.06.2023, Weltladen<br \/>\n<\/span><\/h2>\n<p style=\"margin: 0cm;margin-bottom: .0001pt\"><span style=\"font-family: 'Arial',sans-serif\">Unter dem Thema \u201eFAIRkocht\u201c luden Sch\u00fclerinnen und Sch\u00fcler der Buchloer Mittelschule am Donnerstag, 22. Juni 2023, ab 11.00 Uhr zu einem fairen Mittagessen in und vor den Weltladen Buchloe ein. <\/span><\/p>\n<p style=\"margin: 0cm;margin-bottom: .0001pt\"><span style=\"font-family: 'Arial',sans-serif\">Angeboten wurden ein fruchtig-pikantes Curry sowie eine Mousse au Chocolat als Dessert. Die Jugendlichen hatten die Mahlzeit aus \u00fcberwiegend fair gehandelten Produkten des Weltladens selbst zubereitet und \u00fcbernahmen dar\u00fcber hinaus auch den Verkauf vor Ort.<\/span><\/p>\n<p style=\"margin: 0cm;margin-bottom: .0001pt\"><span style=\"font-family: 'Arial',sans-serif\">Bei fr\u00fchsommerlichem Sonnenschein waren die Tische vor dem Weltladen schnell besetzt, wor\u00fcber sich nicht nur die Sch\u00fclerinnen und Sch\u00fcler, sondern auch die anwesenden Mitarbeiterinnen und Mitarbeiter des Weltladens freuten. Auch Vertreter der Stadt sowie die \u00f6rtliche Presse lie\u00dfen sich diesen Genuss nicht entgehen.<\/span><\/p>\n<\/blockquote>[\/vc_column][\/vc_row][vc_row][vc_column]<blockquote class=\"text-big shortcode-blockquote\"><h3>Kooperation mit den Buchloer Fairtrade Schools:<\/h3>\n<h1><span style=\"font-size: 13pt;font-family: 'Arial', sans-serif;color: #ff6600\">Sch\u00fcler*innen des Gymnasiums Buchloe gestalten das Weltladen-Schaufenster<br \/>\n<\/span><\/h1>\n<h2><span style=\"font-size: 13.0pt;font-family: 'Arial',sans-serif\">Juli und August 2023<\/span><\/h2>\n<p>Zusammen mit ihrem Geografie-Lehrer erarbeiteten Sch\u00fclerinnen und Sch\u00fcler der Klasse 10a des Fairtrade Gymnasiums Buchloe Materialien zur Schaufenstergestaltung. Im vorbereitenden Unterricht standen die Themen \u201eAfrika\u201c sowie die Agenda 2030 der Vereinten Nationen mit ihren 17 Zielen f\u00fcr \u201enachhaltige Entwicklung zum Schutz unseres Planeten\u201c im Mittelpunkt. Dabei kristallisierte sich das Thema \u201eBildung als Schl\u00fcssel zur Welt\u201c heraus. Kreativ umgesetzt mit einem \u00fcberdimensioniert gro\u00dfen Stift, der aus vielen einzelnen Stiften, die von allen Sch\u00fclern des Gymnasiums gesammelt wurden, zusammengesetzt war, stellte dieser einen Blickfang im Schaufenster dar. Mit Zitaten bedeutender Pers\u00f6nlichkeiten zum Thema \u201eBildung\u201c sowie verschiedenen Produkten aus dem Weltladen wurde die Dekoration komplettiert.<\/p>\n<p>Erfreulicherweise erregte das Schaufenster die Aufmerksamkeit vieler Passanten.<\/p>\n<\/blockquote>[\/vc_column][\/vc_row][vc_row][vc_column]<blockquote class=\"text-big shortcode-blockquote\"><h3>Gut in den Tag starten:<\/h3>\n<h1><span style=\"font-size: 13pt;font-family: 'Arial', sans-serif;color: #ff6600\">FAIRES Klima-Fr\u00fchst\u00fcck<br \/>\n<\/span><\/h1>\n<h2><span style=\"font-size: 13.0pt;font-family: 'Arial',sans-serif\">Samstag, 16. September 2023, ab 9 Uhr im Immlepark Buchloe<br \/>\n<\/span><\/h2>\n<p><span style=\"font-family: 'Arial',sans-serif\">\u201eStarten Sie mit einem fairen Fr\u00fchst\u00fcck gut in den Tag.\u201c Diesem Aufruf folgten zahlreiche Buchloer B\u00fcrgerinnen und B\u00fcrger und nahmen am Fairen Klimafr\u00fchst\u00fcck, veranstaltet vom Arbeitskreis &#8222;Fairtrade Town Buchloe&#8220; in Zusammenarbeit mit dem Weltladen, teil.<\/span><\/p>\n<p><span style=\"font-family: 'Arial',sans-serif\">Dabei stand das Thema der Fairen Woche 2023 stets im Vordergrund. Mit Tischaufstellern, die die CO2 Bilanz verschiedener Produkte aufzeigten, wurden die rund 100 G\u00e4ste entsprechend auf das Thema aufmerksam gemacht. Ein Smoothie-Bike lud ein, ganz klimaneutral \u2013 nur mit eigener Muskelkraft &#8211; einen schmackhaften Powerdrink zu erradeln. Ein reibungsloser Ablauf, traumhaftes Wetter und zahlreiche G\u00e4ste, die mit der Sonne um die Wette strahlten und sich gerne am B\u00fcfett bedienten, das aus verschiedensten Produkten ganz nach dem Motto: bio, regional, fair zusammengestellt war, lie\u00dfen diese Veranstaltung zu einem weiteren Highlight des Jubil\u00e4umsjahres werden.<\/span><\/p>\n<p><span style=\"font-family: 'Arial',sans-serif\">F\u00fcr beste musikalische Unterhaltung sorgte der neu gegr\u00fcndete Verein \u201eKulturlawine\u201c, entstanden aus der ehemaligen Erwachsenenbl\u00e4serklasse der Stadtkapelle Buchloe. <\/span><\/p>\n<\/blockquote>[\/vc_column][\/vc_row][vc_row][vc_column]<blockquote class=\"text-big shortcode-blockquote\"><h3>Gemeinsam feiern:<\/h3>\n<h1><span style=\"font-size: 13pt;font-family: 'Arial', sans-serif;color: #ff6600\">Abschlussveranstaltung: Gottesdienst und Festakt<br \/>\n<\/span><\/h1>\n<h2><span style=\"font-size: 13.0pt;font-family: 'Arial',sans-serif\">Freitag, 22.09.2023, 19 Uhr, Haus der Begegnung Buchloe<br \/>\n<\/span><\/h2>\n<p><span style=\"font-family: 'Arial',sans-serif\">Ganz \u201eFAIR\u201cgn\u00fcgt ging das Jubil\u00e4umsjahr zu Ende.<\/span><\/p>\n<p><span style=\"font-family: 'Arial',sans-serif\">Schon beim \u00f6kumenischen Gottesdienst zu Beginn der Abschlussveranstaltung stand dieses Schlagwort im Mittelpunkt. Welches Wortspiel durch kleine Ver\u00e4nderungen daraus entstehen kann, zeigten Stadtpfarrer Dieter Zitzler und Religionsp\u00e4dagogin Ulrike Wappler in ihrer Predigt auf. <\/span><\/p>\n<p style=\"text-align: center\" align=\"center\"><span style=\"font-family: 'Arial',sans-serif\">FAIR-G (wie Gott) -GEN\u00dcGT<\/span><\/p>\n<p><span style=\"font-family: 'Arial',sans-serif\">Nach dem Gottesdienst sprachen 1. B\u00fcrgermeister Robert P\u00f6schl, Markus Raschke (Gesch\u00e4ftsf\u00fchrer des Fairhandelshauses in Amperpettenbach) sowie Christine Weiner (GEPA-Beraterin) anerkennende Gru\u00dfworte zum 30-j\u00e4hrigen Bestehen. Beim anschlie\u00dfenden Sektempfang mit wohlschmeckenden H\u00e4ppchen, zubereitet von flei\u00dfigen H\u00e4nden des Weltladenteams, gab es einen kurzen R\u00fcckblick auf besondere Punkte des Vereinsgeschehens und auch auf die vielf\u00e4ltige Veranstaltungsreihe des Jubil\u00e4umsjahres. Sch\u00fclerinnen des Fairtrade Gymnasiums waren f\u00fcr diesen Abend in die Rolle der Servicekraft geschl\u00fcpft und sorgten daf\u00fcr, dass die zahlreichen G\u00e4ste mit ausreichend Getr\u00e4nken versorgt wurden. Nicht nur die sch\u00f6n gedeckten Stehtische gaben der Veranstaltung einen feierlichen Rahmen, sondern auch die mit Bedacht ausgew\u00e4hlten musikalischen Beitr\u00e4ge von Christiane Eberhard sowie Lucia und Johannes Buch und der Musikschule Buchloe. <\/span><\/p>\n<p><span style=\"font-family: 'Arial',sans-serif\">Gute Stimmung sowie viele vergn\u00fcgte und zufriedene Gesichter zeugten von einem gelungenen Abschluss des Jubil\u00e4umsjahres.<\/span><\/p>\n<p><span style=\"font-family: 'Arial',sans-serif\">Das Weltladenteam bedankt sich bei allen G\u00e4sten f\u00fcr Ihr Dasein, die vielen sch\u00f6nen Begegnungen und Gespr\u00e4che und nicht zuletzt f\u00fcr die gro\u00dfartige Unterst\u00fctzung des Projektes Mango-Tango (10.000 Mangobaumsetzlinge f\u00fcr PREDA\/Philippinen &#8211; Spenden Aktion zum 25-j\u00e4hrigen Jubil\u00e4um des Vereins Tatort Stra\u00dfen der Welt), dem die Kollekte aus dem Gottesdienst zugutekommen wird.<\/span><\/p>\n<\/blockquote>[\/vc_column][\/vc_row]<\/p>\n<\/div>","protected":false},"excerpt":{"rendered":"<p>[vc_row][vc_column][\/vc_column][\/vc_row][vc_row][vc_column][vc_column_text] Wir feierten 30 Jahre Fairer Handel in Buchloe! [\/vc_column_text][\/vc_column][\/vc_row][vc_row][vc_column][vc_column_text]Bereits seit 1993 gibt es den Weltladen und den Verein &#8222;Arbeitskreis Eine Welt Buchloe e.V.&#8220;. In den letzten 30 Jahren haben wir viele Herausforderungen gemeistert, sind gewachsen, haben uns ver\u00e4ndert und sind uns und unserer Idee einer gerechteren Welt doch immer treu geblieben. Das war Grund&hellip;<\/p>\n","protected":false},"author":277,"featured_media":577,"parent":0,"menu_order":1,"comment_status":"closed","ping_status":"closed","template":"","meta":{"footnotes":""},"class_list":["post-779","page","type-page","status-publish","has-post-thumbnail","hentry","description-off"],"yoast_head":"<!-- This site is optimized with the Yoast SEO plugin v26.8 - https:\/\/yoast.com\/product\/yoast-seo-wordpress\/ -->\n<title>Jubil\u00e4umsjahr 2023 - Weltladen Buchloe<\/title>\n<meta name=\"robots\" content=\"index, follow, max-snippet:-1, max-image-preview:large, max-video-preview:-1\" \/>\n<link rel=\"canonical\" href=\"https:\/\/weltlaeden.de\/buchloe\/jubilaeumsjahr-2\/\" \/>\n<meta property=\"og:locale\" content=\"de_DE\" \/>\n<meta property=\"og:type\" content=\"article\" \/>\n<meta property=\"og:title\" content=\"Jubil\u00e4umsjahr 2023 - Weltladen Buchloe\" \/>\n<meta property=\"og:description\" content=\"[vc_row][vc_column][\/vc_column][\/vc_row][vc_row][vc_column][vc_column_text] Wir feierten 30 Jahre Fairer Handel in Buchloe! [\/vc_column_text][\/vc_column][\/vc_row][vc_row][vc_column][vc_column_text]Bereits seit 1993 gibt es den Weltladen und den Verein &#8222;Arbeitskreis Eine Welt Buchloe e.V.&#8220;. In den letzten 30 Jahren haben wir viele Herausforderungen gemeistert, sind gewachsen, haben uns ver\u00e4ndert und sind uns und unserer Idee einer gerechteren Welt doch immer treu geblieben. Das war Grund&hellip;\" \/>\n<meta property=\"og:url\" content=\"https:\/\/weltlaeden.de\/buchloe\/jubilaeumsjahr-2\/\" \/>\n<meta property=\"og:site_name\" content=\"Weltladen Buchloe\" \/>\n<meta property=\"article:modified_time\" content=\"2023-10-17T10:44:26+00:00\" \/>\n<meta property=\"og:image\" content=\"https:\/\/weltlaeden.de\/buchloe\/wp-content\/uploads\/sites\/185\/2022\/06\/IMG_0262-scaled.jpg\" \/>\n\t<meta property=\"og:image:width\" content=\"1920\" \/>\n\t<meta property=\"og:image:height\" content=\"1440\" \/>\n\t<meta property=\"og:image:type\" content=\"image\/jpeg\" \/>\n<meta name=\"twitter:card\" content=\"summary_large_image\" \/>\n<meta name=\"twitter:label1\" content=\"Gesch\u00e4tzte Lesezeit\" \/>\n\t<meta name=\"twitter:data1\" content=\"7\u00a0Minuten\" \/>\n<script type=\"application\/ld+json\" class=\"yoast-schema-graph\">{\"@context\":\"https:\/\/schema.org\",\"@graph\":[{\"@type\":\"WebPage\",\"@id\":\"https:\/\/weltlaeden.de\/buchloe\/jubilaeumsjahr-2\/\",\"url\":\"https:\/\/weltlaeden.de\/buchloe\/jubilaeumsjahr-2\/\",\"name\":\"Jubil\u00e4umsjahr 2023 - Weltladen Buchloe\",\"isPartOf\":{\"@id\":\"https:\/\/weltlaeden.de\/buchloe\/#website\"},\"primaryImageOfPage\":{\"@id\":\"https:\/\/weltlaeden.de\/buchloe\/jubilaeumsjahr-2\/#primaryimage\"},\"image\":{\"@id\":\"https:\/\/weltlaeden.de\/buchloe\/jubilaeumsjahr-2\/#primaryimage\"},\"thumbnailUrl\":\"https:\/\/weltlaeden.de\/buchloe\/wp-content\/uploads\/sites\/185\/2022\/06\/IMG_0262-scaled.jpg\",\"datePublished\":\"2022-11-14T14:13:02+00:00\",\"dateModified\":\"2023-10-17T10:44:26+00:00\",\"breadcrumb\":{\"@id\":\"https:\/\/weltlaeden.de\/buchloe\/jubilaeumsjahr-2\/#breadcrumb\"},\"inLanguage\":\"de\",\"potentialAction\":[{\"@type\":\"ReadAction\",\"target\":[\"https:\/\/weltlaeden.de\/buchloe\/jubilaeumsjahr-2\/\"]}]},{\"@type\":\"ImageObject\",\"inLanguage\":\"de\",\"@id\":\"https:\/\/weltlaeden.de\/buchloe\/jubilaeumsjahr-2\/#primaryimage\",\"url\":\"https:\/\/weltlaeden.de\/buchloe\/wp-content\/uploads\/sites\/185\/2022\/06\/IMG_0262-scaled.jpg\",\"contentUrl\":\"https:\/\/weltlaeden.de\/buchloe\/wp-content\/uploads\/sites\/185\/2022\/06\/IMG_0262-scaled.jpg\",\"width\":1920,\"height\":1440},{\"@type\":\"BreadcrumbList\",\"@id\":\"https:\/\/weltlaeden.de\/buchloe\/jubilaeumsjahr-2\/#breadcrumb\",\"itemListElement\":[{\"@type\":\"ListItem\",\"position\":1,\"name\":\"Startseite\",\"item\":\"https:\/\/weltlaeden.de\/buchloe\/\"},{\"@type\":\"ListItem\",\"position\":2,\"name\":\"Jubil\u00e4umsjahr 2023\"}]},{\"@type\":\"WebSite\",\"@id\":\"https:\/\/weltlaeden.de\/buchloe\/#website\",\"url\":\"https:\/\/weltlaeden.de\/buchloe\/\",\"name\":\"Weltladen Buchloe\",\"description\":\"Faire Produkte seit 1990\",\"potentialAction\":[{\"@type\":\"SearchAction\",\"target\":{\"@type\":\"EntryPoint\",\"urlTemplate\":\"https:\/\/weltlaeden.de\/buchloe\/?s={search_term_string}\"},\"query-input\":{\"@type\":\"PropertyValueSpecification\",\"valueRequired\":true,\"valueName\":\"search_term_string\"}}],\"inLanguage\":\"de\"}]}<\/script>\n<!-- \/ Yoast SEO plugin. -->","yoast_head_json":{"title":"Jubil\u00e4umsjahr 2023 - Weltladen Buchloe","robots":{"index":"index","follow":"follow","max-snippet":"max-snippet:-1","max-image-preview":"max-image-preview:large","max-video-preview":"max-video-preview:-1"},"canonical":"https:\/\/weltlaeden.de\/buchloe\/jubilaeumsjahr-2\/","og_locale":"de_DE","og_type":"article","og_title":"Jubil\u00e4umsjahr 2023 - Weltladen Buchloe","og_description":"[vc_row][vc_column][\/vc_column][\/vc_row][vc_row][vc_column][vc_column_text] Wir feierten 30 Jahre Fairer Handel in Buchloe! [\/vc_column_text][\/vc_column][\/vc_row][vc_row][vc_column][vc_column_text]Bereits seit 1993 gibt es den Weltladen und den Verein &#8222;Arbeitskreis Eine Welt Buchloe e.V.&#8220;. In den letzten 30 Jahren haben wir viele Herausforderungen gemeistert, sind gewachsen, haben uns ver\u00e4ndert und sind uns und unserer Idee einer gerechteren Welt doch immer treu geblieben. Das war Grund&hellip;","og_url":"https:\/\/weltlaeden.de\/buchloe\/jubilaeumsjahr-2\/","og_site_name":"Weltladen Buchloe","article_modified_time":"2023-10-17T10:44:26+00:00","og_image":[{"width":1920,"height":1440,"url":"https:\/\/weltlaeden.de\/buchloe\/wp-content\/uploads\/sites\/185\/2022\/06\/IMG_0262-scaled.jpg","type":"image\/jpeg"}],"twitter_card":"summary_large_image","twitter_misc":{"Gesch\u00e4tzte Lesezeit":"7\u00a0Minuten"},"schema":{"@context":"https:\/\/schema.org","@graph":[{"@type":"WebPage","@id":"https:\/\/weltlaeden.de\/buchloe\/jubilaeumsjahr-2\/","url":"https:\/\/weltlaeden.de\/buchloe\/jubilaeumsjahr-2\/","name":"Jubil\u00e4umsjahr 2023 - Weltladen Buchloe","isPartOf":{"@id":"https:\/\/weltlaeden.de\/buchloe\/#website"},"primaryImageOfPage":{"@id":"https:\/\/weltlaeden.de\/buchloe\/jubilaeumsjahr-2\/#primaryimage"},"image":{"@id":"https:\/\/weltlaeden.de\/buchloe\/jubilaeumsjahr-2\/#primaryimage"},"thumbnailUrl":"https:\/\/weltlaeden.de\/buchloe\/wp-content\/uploads\/sites\/185\/2022\/06\/IMG_0262-scaled.jpg","datePublished":"2022-11-14T14:13:02+00:00","dateModified":"2023-10-17T10:44:26+00:00","breadcrumb":{"@id":"https:\/\/weltlaeden.de\/buchloe\/jubilaeumsjahr-2\/#breadcrumb"},"inLanguage":"de","potentialAction":[{"@type":"ReadAction","target":["https:\/\/weltlaeden.de\/buchloe\/jubilaeumsjahr-2\/"]}]},{"@type":"ImageObject","inLanguage":"de","@id":"https:\/\/weltlaeden.de\/buchloe\/jubilaeumsjahr-2\/#primaryimage","url":"https:\/\/weltlaeden.de\/buchloe\/wp-content\/uploads\/sites\/185\/2022\/06\/IMG_0262-scaled.jpg","contentUrl":"https:\/\/weltlaeden.de\/buchloe\/wp-content\/uploads\/sites\/185\/2022\/06\/IMG_0262-scaled.jpg","width":1920,"height":1440},{"@type":"BreadcrumbList","@id":"https:\/\/weltlaeden.de\/buchloe\/jubilaeumsjahr-2\/#breadcrumb","itemListElement":[{"@type":"ListItem","position":1,"name":"Startseite","item":"https:\/\/weltlaeden.de\/buchloe\/"},{"@type":"ListItem","position":2,"name":"Jubil\u00e4umsjahr 2023"}]},{"@type":"WebSite","@id":"https:\/\/weltlaeden.de\/buchloe\/#website","url":"https:\/\/weltlaeden.de\/buchloe\/","name":"Weltladen Buchloe","description":"Faire Produkte seit 1990","potentialAction":[{"@type":"SearchAction","target":{"@type":"EntryPoint","urlTemplate":"https:\/\/weltlaeden.de\/buchloe\/?s={search_term_string}"},"query-input":{"@type":"PropertyValueSpecification","valueRequired":true,"valueName":"search_term_string"}}],"inLanguage":"de"}]}},"_links":{"self":[{"href":"https:\/\/weltlaeden.de\/buchloe\/wp-json\/wp\/v2\/pages\/779","targetHints":{"allow":["GET"]}}],"collection":[{"href":"https:\/\/weltlaeden.de\/buchloe\/wp-json\/wp\/v2\/pages"}],"about":[{"href":"https:\/\/weltlaeden.de\/buchloe\/wp-json\/wp\/v2\/types\/page"}],"author":[{"embeddable":true,"href":"https:\/\/weltlaeden.de\/buchloe\/wp-json\/wp\/v2\/users\/277"}],"replies":[{"embeddable":true,"href":"https:\/\/weltlaeden.de\/buchloe\/wp-json\/wp\/v2\/comments?post=779"}],"version-history":[{"count":27,"href":"https:\/\/weltlaeden.de\/buchloe\/wp-json\/wp\/v2\/pages\/779\/revisions"}],"predecessor-version":[{"id":1010,"href":"https:\/\/weltlaeden.de\/buchloe\/wp-json\/wp\/v2\/pages\/779\/revisions\/1010"}],"wp:featuredmedia":[{"embeddable":true,"href":"https:\/\/weltlaeden.de\/buchloe\/wp-json\/wp\/v2\/media\/577"}],"wp:attachment":[{"href":"https:\/\/weltlaeden.de\/buchloe\/wp-json\/wp\/v2\/media?parent=779"}],"curies":[{"name":"wp","href":"https:\/\/api.w.org\/{rel}","templated":true}]}}