{"id":608,"date":"2022-07-14T11:13:57","date_gmt":"2022-07-14T09:13:57","guid":{"rendered":"https:\/\/weltlaeden.de\/buchloe\/?page_id=608"},"modified":"2024-04-15T15:49:01","modified_gmt":"2024-04-15T13:49:01","slug":"weltstation-buchloe","status":"publish","type":"page","link":"https:\/\/weltlaeden.de\/buchloe\/weltstation-buchloe\/","title":{"rendered":"Eine Welt-Station Buchloe"},"content":{"rendered":"<div class=\"wpb-content-wrapper\"><p>[vc_row][vc_column width=&#8220;1\/4&#8243;][vc_column_text]<img loading=\"lazy\" decoding=\"async\" class=\"alignnone wp-image-609\" src=\"https:\/\/weltlaeden.de\/buchloe\/wp-content\/uploads\/sites\/185\/2022\/07\/csm_RollUp_01_1b34c3ae65.jpg\" alt=\"\" width=\"142\" height=\"192\" \/>[\/vc_column_text][\/vc_column][vc_column width=&#8220;3\/4&#8243;][vc_column_text]<\/p>\n<h1><strong>Eine-Welt-Station Buchloe<br \/>\n<\/strong><\/h1>\n<p>Die Eine Welt-Stationen an verschiedenen Orten in Bayern sind Teil des Projekts &#8222;Entwicklungsland Bayern&#8220; des Eine Welt Netzwerks Bayern. Sie sind Anlaufstellen f\u00fcr alle Fragen rund um das komplexe Thema Globales Lernen.<\/p>\n<p><strong>Wissen to go<\/strong><\/p>\n<p>Im Weltladen sind Besucher*innen nicht nur eingeladen, leckere und vielseitige Produkte einzukaufen, sondern auch Fragen zu stellen. Wo und mit welchen Methoden wird dieser Kaffee angebaut? Wer hat dieses Kleid gen\u00e4ht? Wo kommen die N\u00fcsse oder die Milch f\u00fcr die Schokolade her?<\/p>\n<p>Hinter jedem Produkt verbirgt sich eine einzigartige Geschichte \u00fcber Menschen, Warenfl\u00fcsse, globale Herausforderungen und Chancen. Der Weltladen bietet mit seiner Bildungsarbeit Raum, all diesen Geschichten Rechnung zu tragen, sie zu erz\u00e4hlen, zu diskutieren und voneinander, miteinander und \u00fcbereinander zu lernen.<\/p>\n<p><strong>Wissen delivery<\/strong><\/p>\n<p>F\u00fcr unsere Bildungsarbeit kommen wir gerne zu Ihnen, z.B. an Ihre Schule, in Ihre Gemeinde oder zu Ihrem Projekttag. Daneben bietet unser Weltladen einen au\u00dferschulischen Erlebnisort, an dem das Thema Fairer Handel zum Anfassen und Be-greifen einl\u00e4dt.<\/p>\n<p>Besonders freuen wir uns \u00fcber die Zusammenarbeit mit Schulen aus der Region, welche beispielsweise im Rahmen einer Fair-Handels-Arbeitsgruppe einen kleinen Fair-Trade Schulverkauf betreiben, oder Projekttage nutzen, um zusammen mit unserer Bildungsreferentin Sandra Luxenhofer zu verschiedenen Themen die Wahrnehmung f\u00fcr fairen Handel sch\u00e4rfen.<\/p>\n<p><strong>Wissen for do it yourself<\/strong><\/p>\n<p>Sch\u00fcler*innen, Lehrkr\u00e4fte, aber auch Multiplikator*innen des Globalen Lernens zum Beispiel in der Erwachsenenbildung oder der Jugendarbeit und andere Interessierte finden hier Bildungsangebote und Informationsmaterialien zu Themen rund um den Fairen Handel.<\/p>\n<p>Wir bieten auch Materialien und Infos f\u00fcr Schule, Jugendarbeit und Erwachsenenbildung an, die effektiv und ohne gro\u00dfe eigene Vorbereitung sowie ohne weitere ReferentIn eingesetzt werden k\u00f6nnen.<\/p>\n<p><strong>Neugierig geworden?<\/strong><\/p>\n<p>Dann wenden Sie an uns, wir beraten Sie gerne.<\/p>\n<div class=\"blocks__block block block--text usertext\">\n<p>&nbsp;<\/p>\n<\/div>\n<p>[\/vc_column_text][\/vc_column][\/vc_row]<\/p>\n<\/div>","protected":false},"excerpt":{"rendered":"<p>[vc_row][vc_column width=&#8220;1\/4&#8243;][vc_column_text][\/vc_column_text][\/vc_column][vc_column width=&#8220;3\/4&#8243;][vc_column_text] Eine-Welt-Station Buchloe Die Eine Welt-Stationen an verschiedenen Orten in Bayern sind Teil des Projekts &#8222;Entwicklungsland Bayern&#8220; des Eine Welt Netzwerks Bayern. Sie sind Anlaufstellen f\u00fcr alle Fragen rund um das komplexe Thema Globales Lernen. Wissen to go Im Weltladen sind Besucher*innen nicht nur eingeladen, leckere und vielseitige Produkte einzukaufen, sondern auch Fragen&hellip;<\/p>\n","protected":false},"author":277,"featured_media":0,"parent":0,"menu_order":5,"comment_status":"closed","ping_status":"closed","template":"","meta":{"footnotes":""},"class_list":["post-608","page","type-page","status-publish","hentry","description-off"],"yoast_head":"<!-- This site is optimized with the Yoast SEO plugin v26.8 - https:\/\/yoast.com\/product\/yoast-seo-wordpress\/ -->\n<title>Eine Welt-Station Buchloe - Weltladen Buchloe<\/title>\n<meta name=\"robots\" content=\"index, follow, max-snippet:-1, max-image-preview:large, max-video-preview:-1\" \/>\n<link rel=\"canonical\" href=\"https:\/\/weltlaeden.de\/buchloe\/weltstation-buchloe\/\" \/>\n<meta property=\"og:locale\" content=\"de_DE\" \/>\n<meta property=\"og:type\" content=\"article\" \/>\n<meta property=\"og:title\" content=\"Eine Welt-Station Buchloe - Weltladen Buchloe\" \/>\n<meta property=\"og:description\" content=\"[vc_row][vc_column width=&#8220;1\/4&#8243;][vc_column_text][\/vc_column_text][\/vc_column][vc_column width=&#8220;3\/4&#8243;][vc_column_text] Eine-Welt-Station Buchloe Die Eine Welt-Stationen an verschiedenen Orten in Bayern sind Teil des Projekts &#8222;Entwicklungsland Bayern&#8220; des Eine Welt Netzwerks Bayern. Sie sind Anlaufstellen f\u00fcr alle Fragen rund um das komplexe Thema Globales Lernen. Wissen to go Im Weltladen sind Besucher*innen nicht nur eingeladen, leckere und vielseitige Produkte einzukaufen, sondern auch Fragen&hellip;\" \/>\n<meta property=\"og:url\" content=\"https:\/\/weltlaeden.de\/buchloe\/weltstation-buchloe\/\" \/>\n<meta property=\"og:site_name\" content=\"Weltladen Buchloe\" \/>\n<meta property=\"article:modified_time\" content=\"2024-04-15T13:49:01+00:00\" \/>\n<meta property=\"og:image\" content=\"https:\/\/weltlaeden.de\/buchloe\/wp-content\/uploads\/sites\/185\/2022\/07\/csm_RollUp_01_1b34c3ae65.jpg\" \/>\n<meta name=\"twitter:card\" content=\"summary_large_image\" \/>\n<meta name=\"twitter:label1\" content=\"Gesch\u00e4tzte Lesezeit\" \/>\n\t<meta name=\"twitter:data1\" content=\"2\u00a0Minuten\" \/>\n<script type=\"application\/ld+json\" class=\"yoast-schema-graph\">{\"@context\":\"https:\/\/schema.org\",\"@graph\":[{\"@type\":\"WebPage\",\"@id\":\"https:\/\/weltlaeden.de\/buchloe\/weltstation-buchloe\/\",\"url\":\"https:\/\/weltlaeden.de\/buchloe\/weltstation-buchloe\/\",\"name\":\"Eine Welt-Station Buchloe - Weltladen Buchloe\",\"isPartOf\":{\"@id\":\"https:\/\/weltlaeden.de\/buchloe\/#website\"},\"primaryImageOfPage\":{\"@id\":\"https:\/\/weltlaeden.de\/buchloe\/weltstation-buchloe\/#primaryimage\"},\"image\":{\"@id\":\"https:\/\/weltlaeden.de\/buchloe\/weltstation-buchloe\/#primaryimage\"},\"thumbnailUrl\":\"https:\/\/weltlaeden.de\/buchloe\/wp-content\/uploads\/sites\/185\/2022\/07\/csm_RollUp_01_1b34c3ae65.jpg\",\"datePublished\":\"2022-07-14T09:13:57+00:00\",\"dateModified\":\"2024-04-15T13:49:01+00:00\",\"breadcrumb\":{\"@id\":\"https:\/\/weltlaeden.de\/buchloe\/weltstation-buchloe\/#breadcrumb\"},\"inLanguage\":\"de\",\"potentialAction\":[{\"@type\":\"ReadAction\",\"target\":[\"https:\/\/weltlaeden.de\/buchloe\/weltstation-buchloe\/\"]}]},{\"@type\":\"ImageObject\",\"inLanguage\":\"de\",\"@id\":\"https:\/\/weltlaeden.de\/buchloe\/weltstation-buchloe\/#primaryimage\",\"url\":\"https:\/\/weltlaeden.de\/buchloe\/wp-content\/uploads\/sites\/185\/2022\/07\/csm_RollUp_01_1b34c3ae65-e1660218476432.jpg\",\"contentUrl\":\"https:\/\/weltlaeden.de\/buchloe\/wp-content\/uploads\/sites\/185\/2022\/07\/csm_RollUp_01_1b34c3ae65-e1660218476432.jpg\",\"width\":168,\"height\":148},{\"@type\":\"BreadcrumbList\",\"@id\":\"https:\/\/weltlaeden.de\/buchloe\/weltstation-buchloe\/#breadcrumb\",\"itemListElement\":[{\"@type\":\"ListItem\",\"position\":1,\"name\":\"Startseite\",\"item\":\"https:\/\/weltlaeden.de\/buchloe\/\"},{\"@type\":\"ListItem\",\"position\":2,\"name\":\"Eine Welt-Station Buchloe\"}]},{\"@type\":\"WebSite\",\"@id\":\"https:\/\/weltlaeden.de\/buchloe\/#website\",\"url\":\"https:\/\/weltlaeden.de\/buchloe\/\",\"name\":\"Weltladen Buchloe\",\"description\":\"Faire Produkte seit 1990\",\"potentialAction\":[{\"@type\":\"SearchAction\",\"target\":{\"@type\":\"EntryPoint\",\"urlTemplate\":\"https:\/\/weltlaeden.de\/buchloe\/?s={search_term_string}\"},\"query-input\":{\"@type\":\"PropertyValueSpecification\",\"valueRequired\":true,\"valueName\":\"search_term_string\"}}],\"inLanguage\":\"de\"}]}<\/script>\n<!-- \/ Yoast SEO plugin. -->","yoast_head_json":{"title":"Eine Welt-Station Buchloe - Weltladen Buchloe","robots":{"index":"index","follow":"follow","max-snippet":"max-snippet:-1","max-image-preview":"max-image-preview:large","max-video-preview":"max-video-preview:-1"},"canonical":"https:\/\/weltlaeden.de\/buchloe\/weltstation-buchloe\/","og_locale":"de_DE","og_type":"article","og_title":"Eine Welt-Station Buchloe - Weltladen Buchloe","og_description":"[vc_row][vc_column width=&#8220;1\/4&#8243;][vc_column_text][\/vc_column_text][\/vc_column][vc_column width=&#8220;3\/4&#8243;][vc_column_text] Eine-Welt-Station Buchloe Die Eine Welt-Stationen an verschiedenen Orten in Bayern sind Teil des Projekts &#8222;Entwicklungsland Bayern&#8220; des Eine Welt Netzwerks Bayern. Sie sind Anlaufstellen f\u00fcr alle Fragen rund um das komplexe Thema Globales Lernen. Wissen to go Im Weltladen sind Besucher*innen nicht nur eingeladen, leckere und vielseitige Produkte einzukaufen, sondern auch Fragen&hellip;","og_url":"https:\/\/weltlaeden.de\/buchloe\/weltstation-buchloe\/","og_site_name":"Weltladen Buchloe","article_modified_time":"2024-04-15T13:49:01+00:00","og_image":[{"url":"https:\/\/weltlaeden.de\/buchloe\/wp-content\/uploads\/sites\/185\/2022\/07\/csm_RollUp_01_1b34c3ae65.jpg","type":"","width":"","height":""}],"twitter_card":"summary_large_image","twitter_misc":{"Gesch\u00e4tzte Lesezeit":"2\u00a0Minuten"},"schema":{"@context":"https:\/\/schema.org","@graph":[{"@type":"WebPage","@id":"https:\/\/weltlaeden.de\/buchloe\/weltstation-buchloe\/","url":"https:\/\/weltlaeden.de\/buchloe\/weltstation-buchloe\/","name":"Eine Welt-Station Buchloe - Weltladen Buchloe","isPartOf":{"@id":"https:\/\/weltlaeden.de\/buchloe\/#website"},"primaryImageOfPage":{"@id":"https:\/\/weltlaeden.de\/buchloe\/weltstation-buchloe\/#primaryimage"},"image":{"@id":"https:\/\/weltlaeden.de\/buchloe\/weltstation-buchloe\/#primaryimage"},"thumbnailUrl":"https:\/\/weltlaeden.de\/buchloe\/wp-content\/uploads\/sites\/185\/2022\/07\/csm_RollUp_01_1b34c3ae65.jpg","datePublished":"2022-07-14T09:13:57+00:00","dateModified":"2024-04-15T13:49:01+00:00","breadcrumb":{"@id":"https:\/\/weltlaeden.de\/buchloe\/weltstation-buchloe\/#breadcrumb"},"inLanguage":"de","potentialAction":[{"@type":"ReadAction","target":["https:\/\/weltlaeden.de\/buchloe\/weltstation-buchloe\/"]}]},{"@type":"ImageObject","inLanguage":"de","@id":"https:\/\/weltlaeden.de\/buchloe\/weltstation-buchloe\/#primaryimage","url":"https:\/\/weltlaeden.de\/buchloe\/wp-content\/uploads\/sites\/185\/2022\/07\/csm_RollUp_01_1b34c3ae65-e1660218476432.jpg","contentUrl":"https:\/\/weltlaeden.de\/buchloe\/wp-content\/uploads\/sites\/185\/2022\/07\/csm_RollUp_01_1b34c3ae65-e1660218476432.jpg","width":168,"height":148},{"@type":"BreadcrumbList","@id":"https:\/\/weltlaeden.de\/buchloe\/weltstation-buchloe\/#breadcrumb","itemListElement":[{"@type":"ListItem","position":1,"name":"Startseite","item":"https:\/\/weltlaeden.de\/buchloe\/"},{"@type":"ListItem","position":2,"name":"Eine Welt-Station Buchloe"}]},{"@type":"WebSite","@id":"https:\/\/weltlaeden.de\/buchloe\/#website","url":"https:\/\/weltlaeden.de\/buchloe\/","name":"Weltladen Buchloe","description":"Faire Produkte seit 1990","potentialAction":[{"@type":"SearchAction","target":{"@type":"EntryPoint","urlTemplate":"https:\/\/weltlaeden.de\/buchloe\/?s={search_term_string}"},"query-input":{"@type":"PropertyValueSpecification","valueRequired":true,"valueName":"search_term_string"}}],"inLanguage":"de"}]}},"_links":{"self":[{"href":"https:\/\/weltlaeden.de\/buchloe\/wp-json\/wp\/v2\/pages\/608","targetHints":{"allow":["GET"]}}],"collection":[{"href":"https:\/\/weltlaeden.de\/buchloe\/wp-json\/wp\/v2\/pages"}],"about":[{"href":"https:\/\/weltlaeden.de\/buchloe\/wp-json\/wp\/v2\/types\/page"}],"author":[{"embeddable":true,"href":"https:\/\/weltlaeden.de\/buchloe\/wp-json\/wp\/v2\/users\/277"}],"replies":[{"embeddable":true,"href":"https:\/\/weltlaeden.de\/buchloe\/wp-json\/wp\/v2\/comments?post=608"}],"version-history":[{"count":7,"href":"https:\/\/weltlaeden.de\/buchloe\/wp-json\/wp\/v2\/pages\/608\/revisions"}],"predecessor-version":[{"id":1034,"href":"https:\/\/weltlaeden.de\/buchloe\/wp-json\/wp\/v2\/pages\/608\/revisions\/1034"}],"wp:attachment":[{"href":"https:\/\/weltlaeden.de\/buchloe\/wp-json\/wp\/v2\/media?parent=608"}],"curies":[{"name":"wp","href":"https:\/\/api.w.org\/{rel}","templated":true}]}}