{"id":23,"date":"2016-10-14T09:05:06","date_gmt":"2016-10-14T07:05:21","guid":{"rendered":"https:\/\/wl.heimpixel.de\/vorlage\/termine\/"},"modified":"2022-07-14T12:28:00","modified_gmt":"2022-07-14T10:28:00","slug":"termine","status":"publish","type":"page","link":"https:\/\/weltlaeden.de\/buchloe\/termine\/","title":{"rendered":"Termine"},"content":{"rendered":"<div class=\"wpb-content-wrapper\"><p>[vc_row][vc_column]<div class=\"wl_einzelbild\"><p><img loading=\"lazy\" decoding=\"async\" class=\"aligncenter size-full wp-image-nsm-3-33\" src=\"https:\/\/weltlaeden.de\/buchloe\/wp-content\/uploads\/sites\/3\/2018\/07\/pocket-watch-1637396_1920_pixabay.png\" alt=\"\" width=\"787\" height=\"340\" \/><\/p><\/div>[vc_empty_space height=&#8220;30px&#8220;][vc_column_text]<\/p>\n<h1>Termine<\/h1>\n<h4><\/h4>\n<p>[\/vc_column_text][vc_empty_space height=&#8220;30px&#8220;][\/vc_column][\/vc_row][vc_row][vc_column width=&#8220;2\/3&#8243;][vc_column_text]<\/p>\n<h2>Kommende Termine<\/h2>\n<p>[\/vc_column_text]<ul class=\"termine-page current aktuell\">[vc_empty_space height=&#8220;30px&#8220;][vc_column_text]<\/p>\n<h2>Vergangene Termine<\/h2>\n<p>[\/vc_column_text]<ul class=\"termine-page past vergangen\"><li><h5 class=\"termine-titel\"><a href=\"https:\/\/weltlaeden.de\/buchloe\/termin\/mitgliederversammlung-und-vorstandswahl\/\">Mitgliederversammlung und Vorstandswahl<\/a><\/h5><p class=\"termine-date\">Mo., 20.11.2023, 19:00<\/p><p class=\"termine-auszug\">Die Mitgliederversammlung und Vorstandswahl findet statt am 20.11.2023 um 19:00 Uhr im Haus der Begegnung<p class=termine-ort\"><small>Ort: <i>Haus der Begegnung, Buchloe<\/i><\/small><\/p><\/li><li><h5 class=\"termine-titel\"><a href=\"https:\/\/weltlaeden.de\/buchloe\/termin\/gottesdienst-zum-jubilaeum\/\">Gottesdienst und Festakt zum Jubil\u00e4um<\/a><\/h5><p class=\"termine-date\">Fr., 22.09.2023<\/p><p class=\"termine-auszug\">Freitag, 22.09.2023, 19 Uhr, Haus der Begegnung Buchloe. Mit einem \u00f6kumenischen Gottesdienst, passend zum Thema der Fairen Woche 2023, beenden wir uns Jubil\u00e4umsjahr. Beim anschlie\u00dfenden Festakt mit gem\u00fctlichem Beisammensein lassen wir 30 Jahre Vereinsgeschichte und das Jahr 2023 noch einmal Revue passieren.<p class=termine-ort\"><small>Ort: <i>Haus der Begegnung, Buchloe<\/i><\/small><\/p><\/li><li><h5 class=\"termine-titel\"><a href=\"https:\/\/weltlaeden.de\/buchloe\/termin\/faires-klima-fruehstueck\/\">FAIRES Klima-Fr\u00fchst\u00fcck<\/a><\/h5><p class=\"termine-date\">Sa., 16.09.2023, 09:00<\/p><p class=\"termine-auszug\">Samstag, 16. September 2023, ab 9 Uhr im Immlepark Buchloe. Starten Sie mit einem fairen Fr\u00fchst\u00fcck gut in den Tag. Der Arbeitskreis \"Fairtrade Town Buchloe\" l\u00e4dt Sie in Zusammenarbeit mit dem Weltladen herzlich ein. Zeigen Sie, dass es bei der Klimakrise nicht ur um Emissionen, sondern auch um Gerechtigkeit geht. Mit Tee, Kaffee, Honig und vielen weiteren fair produzierten Produkten l\u00e4sst sich ein leckeres Fr\u00fchst\u00fcck mit gutem Gef\u00fchl genie\u00dfen. Nat\u00fcrlich sollen auch regional produzierte Lebensmittel dabei nicht zu kurz kommen, denn mit unserer Ern\u00e4hrungsweise k\u00f6nnen wir gesundheitlichen, \u00f6kologischen, wirtschaftlichen und sozialen Einfluss nehmen. &nbsp; Wir freuen uns auf Sie!<p class=termine-ort\"><small>Ort: <i>Immlepark, Buchloe<\/i><\/small><\/p><\/li><li><h5 class=\"termine-titel\"><a href=\"https:\/\/weltlaeden.de\/buchloe\/termin\/kooperation-mit-den-buchloer-fairtrade-schools\/\">Kooperation mit den Buchloer Fairtrade Schools<\/a><\/h5><p class=\"termine-date\">Sa., 01.07.2023 bis 31.08.2023<\/p><p class=\"termine-auszug\">Sch\u00fcler*innen des Gymnasiums Buchloe gestalten das Weltladen-Schaufenster Juli und August 2023 Unter dem Motto \"rewrite our story\"! verfassen die Sch\u00fcler*innen des Gymnasiums Buchloe Kurztexte, die ihr Verst\u00e4ndnis von Gerechtigkeit thematisieren. Die Sch\u00fcler*innen m\u00f6chten die Betrachter*innen damit zum Nachdenken und Handeln anregen. Schlendern Sie vorbei und bewundern Sie unsere Schaufenster!<p class=termine-ort\"><small>Ort: <i>Weltladen, Buchloe<\/i><\/small><\/p><\/li><li><h5 class=\"termine-titel\"><a href=\"https:\/\/weltlaeden.de\/buchloe\/termin\/eroeffnung-des-jubilaeumsjahrs-mit-der-multivsionsshow-weltreise-von-lobolmo\/\">Er\u00f6ffnung des Jubil\u00e4umsjahrs mit der Multivsionsshow &#8222;Weltreise&#8220; von lobOlmo<\/a><\/h5><p class=\"termine-date\">Sa., 11.02.2023, 19:00<\/p><p class=\"termine-auszug\">Gehen Sie mit uns auf eine au\u00dfergew\u00f6hnliche Reise zu Fair-Trade-Produzenten rund um unseren Planeten. Mit wundersch\u00f6nen Fotos, inspirierenden Erz\u00e4hlungen und stimmungsvoller Musik werden einzigartige Einblicke in das allt\u00e4gliche Leben von Bauern und B\u00e4uerinnen sowie Kunsthandwerker:innen gew\u00e4hrt. Ob in trocken-kargen Savannen- und W\u00fcstengebieten, an palmenbestandenen Traumstr\u00e4nden, in steilen Bergd\u00f6rfern oder im \u00fcppig-gr\u00fcnen Regenwald \u2013 diese Live-Reportage ist eine Liebeserkl\u00e4rung an unseren Planeten. Sie macht Mut, sich f\u00fcr eine gerechtere, friedlichere und menschlichere Welt zu engagieren. <b>Eintritt frei<\/b>, Spenden werden gerne angenommen.<p class=termine-ort\"><small>Ort: <i>Kolpinghaus Buchloe<\/i><\/small><\/p><\/li><li><h5 class=\"termine-titel\"><a href=\"https:\/\/weltlaeden.de\/buchloe\/termin\/fairen-kaffee-und-gebaeck-beim-buchloer-herbstmarkt\/\">Fairer Kaffee und Geb\u00e4ck beim Buchloer Herbstmarkt<\/a><\/h5><p class=\"termine-date\">So., 16.10.2022, 12:00 bis 12.10.2022, 17:00<\/p><p class=\"termine-auszug\">Am Buchloer Herbstmarkt schenken wir im Weltladen fairen Kaffee aus. Nat\u00fcrlich gibt es auch leckeres Geb\u00e4ck.\u00a0 Auch all unsere Produkte k\u00f6nnen Sie von 12 bis 17 Uhr bie uns shoppen. Kommen Sie vorbei - wir freuen uns auf Sie!<p class=termine-ort\"><small>Ort: <i>Weltladen Buchloe<\/i><\/small><\/p><\/li><li><h5 class=\"termine-titel\"><a href=\"https:\/\/weltlaeden.de\/buchloe\/termin\/jahreshauptversammlung-des-vereins-arbeitskreis-buchloe-e-v\/\">Jahreshauptversammlung des Vereins Arbeitskreis Eine Welt Buchloe e.V.<\/a><\/h5><p class=\"termine-date\">Di., 04.10.2022, 19:00<\/p><p class=\"termine-auszug\"><strong>Einladung zur Mitgliederversammlung<\/strong> &nbsp; <strong>am Dienstag, den 04. Oktober 2022 um 19:00 Uhr<\/strong> <strong>im Haus der Begegnung, Berlinerstr. 50<\/strong><strong>, Buchloe<\/strong> &nbsp; &nbsp; Liebe Mitglieder, liebe Freunde des Fairen Handels, &nbsp; wir laden Sie heute ganz herzlich zur ordentlichen Jahreshauptversammlung des Vereins Arbeitskreis Eine Welt Buchloe e.V. ein. &nbsp; Folgende Tagesordnungspunkte sind vorgesehen: &nbsp; Begr\u00fc\u00dfung Genehmigung der Tagesordnung Bericht \u00fcber unsere Arbeit in Laden und Verein Kassenbericht Entlastung des Vorstandes und Beirates F\u00f6rderung unserer Projekte Ehrungen und Dank W\u00fcnsche, Anregungen, Sonstiges Verabschiedung, Schlusswort &nbsp; Um eine beschlussf\u00e4hige Mitgliederversammlung durchf\u00fchren zu k\u00f6nnen, bitten wir um zahlreiche Teilnahme. Antr\u00e4ge auf Erg\u00e4nzungen der Tagesordnung m\u00fcssen bis eine Woche vor der Versammlung schriftlich beim Vorstand eingereicht werden, damit der Vorstand sie noch auf die Tagesordnung setzen kann &nbsp; Bitte beachten Sie die zum Zeitpunkt der Veranstaltung g\u00fcltigen Infektionsschutzma\u00dfnahmen. &nbsp; Wir freuen uns auf Ihr Kommen! &nbsp; Mit herzlichen Gr\u00fc\u00dfen Der Vorstand<p class=termine-ort\"><small>Ort: <i>Haus der Begegnung, Berlinerstr. 50, Buchloe<\/i><\/small><\/p><\/li><li><h5 class=\"termine-titel\"><a href=\"https:\/\/weltlaeden.de\/buchloe\/termin\/gottesdienst-zur-fairen-woche-2022-fair-steht-dir\/\">Gottesdienst zur Fairen Woche 2022 &#8211; Fair steht dir<\/a><\/h5><p class=\"termine-date\">Fr., 16.09.2022, 19:00<\/p><p class=\"termine-auszug\">Herzliche Einladung zu unserem Er\u00f6ffnungsgottesdienst zur Fairen Woche 2022. Motto der diesj\u00e4hrigen Fairen Woche ist \"Fair steht dir - #fairhandeln f\u00fcr Menschenrechte weltweit\". Gemeinsam\u00a0 wollen wir mit Ihnen und Euch in einem \u00f6kumenischen Gottesdienstden den Auftakt f\u00fcr spannende Veranstaltungen rund um das Thema Textil geben und uns daran erinnern, welche Auswirkungen unser Konsum f\u00fcr Gottes Sch\u00f6pfung hat.<p class=termine-ort\"><small>Ort: <i>Evangelische Hoffnungskirche Buchloe, Zeppelinstra\u00dfe 7<\/i><\/small><\/p><\/li><\/ul>[\/vc_column][\/vc_row]<\/p>\n<\/div>","protected":false},"excerpt":{"rendered":"<p>[vc_row][vc_column][vc_empty_space height=&#8220;30px&#8220;][vc_column_text] Termine [\/vc_column_text][vc_empty_space height=&#8220;30px&#8220;][\/vc_column][\/vc_row][vc_row][vc_column width=&#8220;2\/3&#8243;][vc_column_text] Kommende Termine [\/vc_column_text][vc_empty_space height=&#8220;30px&#8220;][vc_column_text] Vergangene Termine [\/vc_column_text][\/vc_column][\/vc_row]<\/p>\n","protected":false},"author":1,"featured_media":0,"parent":0,"menu_order":11,"comment_status":"closed","ping_status":"closed","template":"","meta":{"footnotes":""},"class_list":["post-23","page","type-page","status-publish","hentry","description-off"],"yoast_head":"<!-- This site is optimized with the Yoast SEO plugin v26.8 - https:\/\/yoast.com\/product\/yoast-seo-wordpress\/ -->\n<title>Termine - Weltladen Buchloe<\/title>\n<meta name=\"robots\" content=\"index, follow, max-snippet:-1, max-image-preview:large, max-video-preview:-1\" \/>\n<link rel=\"canonical\" href=\"https:\/\/weltlaeden.de\/buchloe\/termine\/\" \/>\n<meta property=\"og:locale\" content=\"de_DE\" \/>\n<meta property=\"og:type\" content=\"article\" \/>\n<meta property=\"og:title\" content=\"Termine - Weltladen Buchloe\" \/>\n<meta property=\"og:description\" content=\"[vc_row][vc_column][vc_empty_space height=&#8220;30px&#8220;][vc_column_text] Termine [\/vc_column_text][vc_empty_space height=&#8220;30px&#8220;][\/vc_column][\/vc_row][vc_row][vc_column width=&#8220;2\/3&#8243;][vc_column_text] Kommende Termine [\/vc_column_text][vc_empty_space height=&#8220;30px&#8220;][vc_column_text] Vergangene Termine [\/vc_column_text][\/vc_column][\/vc_row]\" \/>\n<meta property=\"og:url\" content=\"https:\/\/weltlaeden.de\/buchloe\/termine\/\" \/>\n<meta property=\"og:site_name\" content=\"Weltladen Buchloe\" \/>\n<meta property=\"article:modified_time\" content=\"2022-07-14T10:28:00+00:00\" \/>\n<meta property=\"og:image\" content=\"https:\/\/weltlaeden.de\/buchloe\/wp-content\/uploads\/sites\/3\/2018\/07\/pocket-watch-1637396_1920_pixabay.png\" \/>\n<meta name=\"twitter:card\" content=\"summary_large_image\" \/>\n<meta name=\"twitter:label1\" content=\"Gesch\u00e4tzte Lesezeit\" \/>\n\t<meta name=\"twitter:data1\" content=\"1\u00a0Minute\" \/>\n<script type=\"application\/ld+json\" class=\"yoast-schema-graph\">{\"@context\":\"https:\/\/schema.org\",\"@graph\":[{\"@type\":\"WebPage\",\"@id\":\"https:\/\/weltlaeden.de\/buchloe\/termine\/\",\"url\":\"https:\/\/weltlaeden.de\/buchloe\/termine\/\",\"name\":\"Termine - Weltladen Buchloe\",\"isPartOf\":{\"@id\":\"https:\/\/weltlaeden.de\/buchloe\/#website\"},\"primaryImageOfPage\":{\"@id\":\"https:\/\/weltlaeden.de\/buchloe\/termine\/#primaryimage\"},\"image\":{\"@id\":\"https:\/\/weltlaeden.de\/buchloe\/termine\/#primaryimage\"},\"thumbnailUrl\":\"https:\/\/weltlaeden.de\/buchloe\/wp-content\/uploads\/sites\/3\/2018\/07\/pocket-watch-1637396_1920_pixabay.png\",\"datePublished\":\"2016-10-14T07:05:21+00:00\",\"dateModified\":\"2022-07-14T10:28:00+00:00\",\"breadcrumb\":{\"@id\":\"https:\/\/weltlaeden.de\/buchloe\/termine\/#breadcrumb\"},\"inLanguage\":\"de\",\"potentialAction\":[{\"@type\":\"ReadAction\",\"target\":[\"https:\/\/weltlaeden.de\/buchloe\/termine\/\"]}]},{\"@type\":\"ImageObject\",\"inLanguage\":\"de\",\"@id\":\"https:\/\/weltlaeden.de\/buchloe\/termine\/#primaryimage\",\"url\":\"https:\/\/weltlaeden.de\/buchloe\/wp-content\/uploads\/sites\/3\/2018\/07\/pocket-watch-1637396_1920_pixabay.png\",\"contentUrl\":\"https:\/\/weltlaeden.de\/buchloe\/wp-content\/uploads\/sites\/3\/2018\/07\/pocket-watch-1637396_1920_pixabay.png\"},{\"@type\":\"BreadcrumbList\",\"@id\":\"https:\/\/weltlaeden.de\/buchloe\/termine\/#breadcrumb\",\"itemListElement\":[{\"@type\":\"ListItem\",\"position\":1,\"name\":\"Startseite\",\"item\":\"https:\/\/weltlaeden.de\/buchloe\/\"},{\"@type\":\"ListItem\",\"position\":2,\"name\":\"Termine\"}]},{\"@type\":\"WebSite\",\"@id\":\"https:\/\/weltlaeden.de\/buchloe\/#website\",\"url\":\"https:\/\/weltlaeden.de\/buchloe\/\",\"name\":\"Weltladen Buchloe\",\"description\":\"Faire Produkte seit 1990\",\"potentialAction\":[{\"@type\":\"SearchAction\",\"target\":{\"@type\":\"EntryPoint\",\"urlTemplate\":\"https:\/\/weltlaeden.de\/buchloe\/?s={search_term_string}\"},\"query-input\":{\"@type\":\"PropertyValueSpecification\",\"valueRequired\":true,\"valueName\":\"search_term_string\"}}],\"inLanguage\":\"de\"}]}<\/script>\n<!-- \/ Yoast SEO plugin. -->","yoast_head_json":{"title":"Termine - Weltladen Buchloe","robots":{"index":"index","follow":"follow","max-snippet":"max-snippet:-1","max-image-preview":"max-image-preview:large","max-video-preview":"max-video-preview:-1"},"canonical":"https:\/\/weltlaeden.de\/buchloe\/termine\/","og_locale":"de_DE","og_type":"article","og_title":"Termine - Weltladen Buchloe","og_description":"[vc_row][vc_column][vc_empty_space height=&#8220;30px&#8220;][vc_column_text] Termine [\/vc_column_text][vc_empty_space height=&#8220;30px&#8220;][\/vc_column][\/vc_row][vc_row][vc_column width=&#8220;2\/3&#8243;][vc_column_text] Kommende Termine [\/vc_column_text][vc_empty_space height=&#8220;30px&#8220;][vc_column_text] Vergangene Termine [\/vc_column_text][\/vc_column][\/vc_row]","og_url":"https:\/\/weltlaeden.de\/buchloe\/termine\/","og_site_name":"Weltladen Buchloe","article_modified_time":"2022-07-14T10:28:00+00:00","og_image":[{"url":"https:\/\/weltlaeden.de\/buchloe\/wp-content\/uploads\/sites\/3\/2018\/07\/pocket-watch-1637396_1920_pixabay.png","type":"","width":"","height":""}],"twitter_card":"summary_large_image","twitter_misc":{"Gesch\u00e4tzte Lesezeit":"1\u00a0Minute"},"schema":{"@context":"https:\/\/schema.org","@graph":[{"@type":"WebPage","@id":"https:\/\/weltlaeden.de\/buchloe\/termine\/","url":"https:\/\/weltlaeden.de\/buchloe\/termine\/","name":"Termine - Weltladen Buchloe","isPartOf":{"@id":"https:\/\/weltlaeden.de\/buchloe\/#website"},"primaryImageOfPage":{"@id":"https:\/\/weltlaeden.de\/buchloe\/termine\/#primaryimage"},"image":{"@id":"https:\/\/weltlaeden.de\/buchloe\/termine\/#primaryimage"},"thumbnailUrl":"https:\/\/weltlaeden.de\/buchloe\/wp-content\/uploads\/sites\/3\/2018\/07\/pocket-watch-1637396_1920_pixabay.png","datePublished":"2016-10-14T07:05:21+00:00","dateModified":"2022-07-14T10:28:00+00:00","breadcrumb":{"@id":"https:\/\/weltlaeden.de\/buchloe\/termine\/#breadcrumb"},"inLanguage":"de","potentialAction":[{"@type":"ReadAction","target":["https:\/\/weltlaeden.de\/buchloe\/termine\/"]}]},{"@type":"ImageObject","inLanguage":"de","@id":"https:\/\/weltlaeden.de\/buchloe\/termine\/#primaryimage","url":"https:\/\/weltlaeden.de\/buchloe\/wp-content\/uploads\/sites\/3\/2018\/07\/pocket-watch-1637396_1920_pixabay.png","contentUrl":"https:\/\/weltlaeden.de\/buchloe\/wp-content\/uploads\/sites\/3\/2018\/07\/pocket-watch-1637396_1920_pixabay.png"},{"@type":"BreadcrumbList","@id":"https:\/\/weltlaeden.de\/buchloe\/termine\/#breadcrumb","itemListElement":[{"@type":"ListItem","position":1,"name":"Startseite","item":"https:\/\/weltlaeden.de\/buchloe\/"},{"@type":"ListItem","position":2,"name":"Termine"}]},{"@type":"WebSite","@id":"https:\/\/weltlaeden.de\/buchloe\/#website","url":"https:\/\/weltlaeden.de\/buchloe\/","name":"Weltladen Buchloe","description":"Faire Produkte seit 1990","potentialAction":[{"@type":"SearchAction","target":{"@type":"EntryPoint","urlTemplate":"https:\/\/weltlaeden.de\/buchloe\/?s={search_term_string}"},"query-input":{"@type":"PropertyValueSpecification","valueRequired":true,"valueName":"search_term_string"}}],"inLanguage":"de"}]}},"_links":{"self":[{"href":"https:\/\/weltlaeden.de\/buchloe\/wp-json\/wp\/v2\/pages\/23","targetHints":{"allow":["GET"]}}],"collection":[{"href":"https:\/\/weltlaeden.de\/buchloe\/wp-json\/wp\/v2\/pages"}],"about":[{"href":"https:\/\/weltlaeden.de\/buchloe\/wp-json\/wp\/v2\/types\/page"}],"author":[{"embeddable":true,"href":"https:\/\/weltlaeden.de\/buchloe\/wp-json\/wp\/v2\/users\/1"}],"replies":[{"embeddable":true,"href":"https:\/\/weltlaeden.de\/buchloe\/wp-json\/wp\/v2\/comments?post=23"}],"version-history":[{"count":15,"href":"https:\/\/weltlaeden.de\/buchloe\/wp-json\/wp\/v2\/pages\/23\/revisions"}],"predecessor-version":[{"id":648,"href":"https:\/\/weltlaeden.de\/buchloe\/wp-json\/wp\/v2\/pages\/23\/revisions\/648"}],"wp:attachment":[{"href":"https:\/\/weltlaeden.de\/buchloe\/wp-json\/wp\/v2\/media?parent=23"}],"curies":[{"name":"wp","href":"https:\/\/api.w.org\/{rel}","templated":true}]}}