{"id":20,"date":"2022-07-12T11:42:06","date_gmt":"2016-10-14T07:05:21","guid":{"rendered":"https:\/\/wl.heimpixel.de\/vorlage\/weltladen-musterdorf\/"},"modified":"2025-02-10T16:03:31","modified_gmt":"2025-02-10T15:03:31","slug":"weltladen-buchloe","status":"publish","type":"page","link":"https:\/\/weltlaeden.de\/buchloe\/","title":{"rendered":"Weltladen Buchloe"},"content":{"rendered":"<div class=\"wpb-content-wrapper\"><p>[vc_row][vc_column][vc_single_image image=&#8220;1047&#8243; img_size=&#8220;full&#8220; add_caption=&#8220;yes&#8220; css=&#8220;&#8220;][\/vc_column][vc_column][\/vc_column][\/vc_row][vc_row][vc_column][vc_column_text]<\/p>\n<h1><strong>Liebe Besucher*innen, herzlich Willkommen im Weltladen BUCHLOE!<\/strong><\/h1>\n<p>[\/vc_column_text][vc_column_text]<strong>Verkaufen<\/strong>\u00a0 Seit nunmehr 30 Jahren freuen wir uns, Sie in unserem Weltladen im Zentrum Buchloes begr\u00fc\u00dfen zu d\u00fcrfen. Unser Team von ca. 30 Ehrenamtlichen f\u00fchren den Laden mit viel Liebe und Herzblut, was sich besonders in der Tiefe und Breite des Sortiments und der Ladengestaltung widerspiegelt. Mit jedem Verkauf der fair gehandelten Ware tragen Kund*innen sowie Ehrenamtliche einen kleinen Teil zur Sicherung des Weltfriedens bei.<\/p>\n<p><strong>Lernen<\/strong>\u00a0 Um eine Gesellschaft zu ver\u00e4ndern ist der erste Schritt das Verstehen und Wahrnehmen der Ist-Situation. Unser Beitrag dazu: Mit unserer Eine Welt-Station leisten wir einen Beitrag dazu, gro\u00dfe globale Fragen und ihre Auswirkungen auf jeden einzelnen Menschen verst\u00e4ndlich zu machen. Anhand von Unterrichtseinheiten an Schulen sowie Aktionen und Vortr\u00e4gen r\u00fccken wir Themen wie Fairen Handel, globale Gerechtigkeit und den Welthandel ins Bewusstsein der Teilnehmenden.<\/p>\n<p><strong>Informieren<\/strong>\u00a0 Der Faire Handel und die Weltl\u00e4den haben viel zu bieten \u2013 gehen Sie hier auf Entdeckungsreise! Lesen Sie N\u00e4heres \u00fcber fair gehandelte Produkte und innovative Ideen zur Verbesserung von Arbeitsbedingungen sowie nachhaltigem Umwelt- und Klimaschutz.<\/p>\n<p>&nbsp;<\/p>\n<p>Wir freuen uns auf Ihren Besuch \u2013 hier auf der Homepage, bei unseren Veranstaltungen und im Weltladen vor Ort.[\/vc_column_text][vc_empty_space height=&#8220;30px&#8220;][\/vc_column][\/vc_row][vc_row][vc_column][vc_column_text]<\/p>\n<h2>Produkt des Monats<\/h2>\n<p>[\/vc_column_text][\/vc_column][\/vc_row][vc_row][vc_column width=&#8220;1\/2&#8243;][\/vc_column][vc_column width=&#8220;1\/2&#8243;][vc_column_text][\/vc_column_text][\/vc_column][\/vc_row][vc_row][vc_column][vc_empty_space height=&#8220;15px&#8220;][vc_column_text]Neuigkeiten[\/vc_column_text]<a href=\"?pagename=neuigkeiten\" class=\"btn-shortcode dt-btn-s dt-btn default-btn-color default-btn-hover-color default-btn-bg-color default-btn-bg-hover-color\" target=\"_blank\" id=\"dt-btn-1\" rel=\"noopener\"><span>Alle Neuigkeiten<\/span><\/a>[\/vc_column][\/vc_row][vc_row][vc_column][vc_empty_space height=&#8220;30px&#8220;][vc_column_text]<\/p>\n<h2>Was Sie auf dieser Website finden:<\/h2>\n<p>[\/vc_column_text][vc_empty_space height=&#8220;20px&#8220;][vc_row_inner][vc_column_inner width=&#8220;1\/4&#8243;]<div class=\"wl_einzelbild\"><p><img loading=\"lazy\" decoding=\"async\" class=\"alignleft size-thumbnail wp-image-nsm-3-15\" src=\"https:\/\/weltlaeden.de\/vorlage\/wp-content\/uploads\/sites\/3\/2016\/11\/FairerHandel_ElPuente_Fingerpuppen_EccoExe_Peru-150x150.jpg\" alt=\"\" width=\"150\" height=\"150\" \/><\/p><\/div>[\/vc_column_inner][vc_column_inner width=&#8220;3\/4&#8243;][vc_column_text]<\/p>\n<h3>Fairer Handel<\/h3>\n<p>Was meint Fairer Handel \u00fcberhaupt? Welche Kriterien m\u00fcssen eingehalten werden und wer \u00fcberpr\u00fcft diese? <a href=\"?pagename=fairer-handel\">Erfahren Sie mehr&#8230;<\/a>[\/vc_column_text][\/vc_column_inner][\/vc_row_inner][vc_separator][vc_row_inner][vc_column_inner width=&#8220;1\/4&#8243;]<div class=\"wl_einzelbild\"><p><img loading=\"lazy\" decoding=\"async\" class=\"alignnone wp-image-609\" src=\"https:\/\/weltlaeden.de\/buchloe\/wp-content\/uploads\/sites\/185\/2022\/07\/csm_RollUp_01_1b34c3ae65.jpg\" alt=\"\" width=\"147\" height=\"198\" \/><\/p><\/div>[\/vc_column_inner][vc_column_inner width=&#8220;3\/4&#8243;][vc_column_text]<\/p>\n<h3>Weltstation Buchloe<\/h3>\n<p>Wer erkl\u00e4rt mir faire Handelsketten? Wie schmeckt faire Schokolade? Warum k\u00f6nnen in anderen L\u00e4ndern Kinder nicht zur Schule gehen? Ist Entwicklung(sarbeit) ein Mythos? Was kann ich ganz konkret f\u00fcr mehr globale Gerechtigkeit tun? Diese und andere Fragen beantworten die Bildungsangebote der Eine Welt-Station Buchloe.<\/p>\n<p><a href=\"?pagename=Weltstation Buchloe\">Hier k\u00f6nnen Sie sich informieren&#8230;<\/a>[\/vc_column_text][\/vc_column_inner][\/vc_row_inner][vc_separator][vc_row_inner][vc_column_inner width=&#8220;1\/4&#8243;]<div class=\"wl_einzelbild\"><p><img loading=\"lazy\" decoding=\"async\" class=\"size-thumbnail wp-image-448 alignleft\" src=\"https:\/\/weltlaeden.de\/buchloe\/wp-content\/uploads\/sites\/185\/2019\/04\/board-game-challenge-chess-209728_1200x519-150x150.png\" alt=\"\" width=\"150\" height=\"150\" \/><\/p><\/div>[\/vc_column_inner][vc_column_inner width=&#8220;3\/4&#8243;][vc_column_text]<\/p>\n<h3>\u00dcber uns<\/h3>\n<p>Wer wir sind, warum wir uns f\u00fcr Fairen Handel engagieren und wie man bei uns mitmachen kann &#8211; <a href=\"?pagename=ueber-uns\">hier stellen wir uns vor&#8230;<\/a>[\/vc_column_text][\/vc_column_inner][\/vc_row_inner][vc_separator][vc_row_inner][vc_column_inner width=&#8220;1\/4&#8243;]<div class=\"wl_einzelbild\"><p><img loading=\"lazy\" decoding=\"async\" class=\"alignnone wp-image-638 size-medium\" src=\"https:\/\/weltlaeden.de\/buchloe\/wp-content\/uploads\/sites\/185\/2022\/08\/Weltkugel-Promo-Logo-300x300.jpg\" alt=\"\" width=\"300\" height=\"300\" srcset=\"https:\/\/weltlaeden.de\/buchloe\/wp-content\/uploads\/sites\/185\/2022\/08\/Weltkugel-Promo-Logo-300x300.jpg 300w, https:\/\/weltlaeden.de\/buchloe\/wp-content\/uploads\/sites\/185\/2022\/08\/Weltkugel-Promo-Logo-150x150.jpg 150w, https:\/\/weltlaeden.de\/buchloe\/wp-content\/uploads\/sites\/185\/2022\/08\/Weltkugel-Promo-Logo.jpg 706w\" sizes=\"auto, (max-width: 300px) 100vw, 300px\" \/><\/p><\/div>[\/vc_column_inner][vc_column_inner width=&#8220;3\/4&#8243;][vc_column_text]<\/p>\n<h3>Eine Welt-Promotorin &#8222;Schwaben-S\u00fcd&#8220;<\/h3>\n<p>Das Promotor*innen-Programm zur F\u00f6rderung der Eine-Welt-Arbeit: Beratung und Vernetzung von kommunalen und zivilgesellschaftlichen Akteur*innen in den Landkreisen Ostallg\u00e4u \u2013 Oberallg\u00e4u \u2013 Lindau sowie den Kommunen Kaufbeuren und Kempten. <a href=\"https:\/\/weltlaeden.de\/buchloe\/eine-welt-regionalpromotorin\/\">Hier geht es zu den Angeboten&#8230;<\/a>[\/vc_column_text][\/vc_column_inner][\/vc_row_inner][vc_separator][vc_row_inner][vc_column_inner width=&#8220;1\/4&#8243;]<div class=\"wl_einzelbild\"><p><img loading=\"lazy\" decoding=\"async\" class=\"alignleft size-full wp-image-nsm-3-35\" src=\"https:\/\/weltlaeden.de\/vorlage\/wp-content\/uploads\/sites\/3\/2018\/08\/pocket-watch-1637396_1920_150x150.png\" alt=\"\" width=\"150\" height=\"150\" \/><\/p><\/div>[\/vc_column_inner][vc_column_inner width=&#8220;3\/4&#8243;][vc_column_text]<\/p>\n<h3>Termine<\/h3>\n<p>Bei uns ist immer etwas los! Wir treffen uns regelm\u00e4\u00dfig zu Teamsitzungen und Fortbildungen, organisieren aber auch immer mal wieder eine Veranstaltung zum Fairen Handel und verwandten Themen. <a href=\"https:\/\/weltlaeden.de\/buchloe\/termine\/\">Hier erfahren Sie was bei uns los ist\u2026<\/a>[\/vc_column_text][\/vc_column_inner][\/vc_row_inner][vc_separator][vc_empty_space][\/vc_column][\/vc_row][vc_row][vc_column][vc_wp_custommenu][\/vc_column][\/vc_row][vc_row][vc_column][vc_wp_posts number=&#8220;2&#8243;][\/vc_column][\/vc_row][vc_row][vc_column][\/vc_column][\/vc_row]<\/p>\n<\/div>","protected":false},"excerpt":{"rendered":"<p>[vc_row][vc_column][vc_single_image image=&#8220;1047&#8243; img_size=&#8220;full&#8220; add_caption=&#8220;yes&#8220; css=&#8220;&#8220;][\/vc_column][vc_column][\/vc_column][\/vc_row][vc_row][vc_column][vc_column_text] Liebe Besucher*innen, herzlich Willkommen im Weltladen BUCHLOE! [\/vc_column_text][vc_column_text]Verkaufen\u00a0 Seit nunmehr 30 Jahren freuen wir uns, Sie in unserem Weltladen im Zentrum Buchloes begr\u00fc\u00dfen zu d\u00fcrfen. Unser Team von ca. 30 Ehrenamtlichen f\u00fchren den Laden mit viel Liebe und Herzblut, was sich besonders in der Tiefe und Breite des Sortiments und&hellip;<\/p>\n","protected":false},"author":1,"featured_media":0,"parent":0,"menu_order":0,"comment_status":"closed","ping_status":"closed","template":"","meta":{"footnotes":""},"class_list":["post-20","page","type-page","status-publish","hentry","description-off"],"yoast_head":"<!-- This site is optimized with the Yoast SEO plugin v26.8 - https:\/\/yoast.com\/product\/yoast-seo-wordpress\/ -->\n<title>Weltladen Buchloe - Weltladen Buchloe<\/title>\n<meta name=\"description\" content=\"Seit nunmehr 30 Jahren freuen wir uns, Sie in unserem Weltladen im Zentrum Buchloes begr\u00fc\u00dfen zu d\u00fcrfen.\" \/>\n<meta name=\"robots\" content=\"index, follow, max-snippet:-1, max-image-preview:large, max-video-preview:-1\" \/>\n<link rel=\"canonical\" href=\"https:\/\/weltlaeden.de\/buchloe\/\" \/>\n<meta property=\"og:locale\" content=\"de_DE\" \/>\n<meta property=\"og:type\" content=\"article\" \/>\n<meta property=\"og:title\" content=\"Weltladen Buchloe - Weltladen Buchloe\" \/>\n<meta property=\"og:description\" content=\"Seit nunmehr 30 Jahren freuen wir uns, Sie in unserem Weltladen im Zentrum Buchloes begr\u00fc\u00dfen zu d\u00fcrfen.\" \/>\n<meta property=\"og:url\" content=\"https:\/\/weltlaeden.de\/buchloe\/\" \/>\n<meta property=\"og:site_name\" content=\"Weltladen Buchloe\" \/>\n<meta property=\"article:modified_time\" content=\"2025-02-10T15:03:31+00:00\" \/>\n<meta property=\"og:image\" content=\"https:\/\/weltlaeden.de\/vorlage\/wp-content\/uploads\/sites\/3\/2016\/11\/FairerHandel_ElPuente_Fingerpuppen_EccoExe_Peru-150x150.jpg\" \/>\n<meta name=\"twitter:card\" content=\"summary_large_image\" \/>\n<meta name=\"twitter:label1\" content=\"Gesch\u00e4tzte Lesezeit\" \/>\n\t<meta name=\"twitter:data1\" content=\"4\u00a0Minuten\" \/>\n<script type=\"application\/ld+json\" class=\"yoast-schema-graph\">{\"@context\":\"https:\/\/schema.org\",\"@graph\":[{\"@type\":\"WebPage\",\"@id\":\"https:\/\/weltlaeden.de\/buchloe\/\",\"url\":\"https:\/\/weltlaeden.de\/buchloe\/\",\"name\":\"Weltladen Buchloe - Weltladen Buchloe\",\"isPartOf\":{\"@id\":\"https:\/\/weltlaeden.de\/buchloe\/#website\"},\"primaryImageOfPage\":{\"@id\":\"https:\/\/weltlaeden.de\/buchloe\/#primaryimage\"},\"image\":{\"@id\":\"https:\/\/weltlaeden.de\/buchloe\/#primaryimage\"},\"thumbnailUrl\":\"https:\/\/weltlaeden.de\/vorlage\/wp-content\/uploads\/sites\/3\/2016\/11\/FairerHandel_ElPuente_Fingerpuppen_EccoExe_Peru-150x150.jpg\",\"datePublished\":\"2016-10-14T07:05:21+00:00\",\"dateModified\":\"2025-02-10T15:03:31+00:00\",\"description\":\"Seit nunmehr 30 Jahren freuen wir uns, Sie in unserem Weltladen im Zentrum Buchloes begr\u00fc\u00dfen zu d\u00fcrfen.\",\"breadcrumb\":{\"@id\":\"https:\/\/weltlaeden.de\/buchloe\/#breadcrumb\"},\"inLanguage\":\"de\",\"potentialAction\":[{\"@type\":\"ReadAction\",\"target\":[\"https:\/\/weltlaeden.de\/buchloe\/\"]}]},{\"@type\":\"ImageObject\",\"inLanguage\":\"de\",\"@id\":\"https:\/\/weltlaeden.de\/buchloe\/#primaryimage\",\"url\":\"https:\/\/weltlaeden.de\/vorlage\/wp-content\/uploads\/sites\/3\/2016\/11\/FairerHandel_ElPuente_Fingerpuppen_EccoExe_Peru-150x150.jpg\",\"contentUrl\":\"https:\/\/weltlaeden.de\/vorlage\/wp-content\/uploads\/sites\/3\/2016\/11\/FairerHandel_ElPuente_Fingerpuppen_EccoExe_Peru-150x150.jpg\"},{\"@type\":\"BreadcrumbList\",\"@id\":\"https:\/\/weltlaeden.de\/buchloe\/#breadcrumb\",\"itemListElement\":[{\"@type\":\"ListItem\",\"position\":1,\"name\":\"Startseite\",\"item\":\"https:\/\/weltlaeden.de\/buchloe\/\"},{\"@type\":\"ListItem\",\"position\":2,\"name\":\"Weltladen Buchloe\"}]},{\"@type\":\"WebSite\",\"@id\":\"https:\/\/weltlaeden.de\/buchloe\/#website\",\"url\":\"https:\/\/weltlaeden.de\/buchloe\/\",\"name\":\"Weltladen Buchloe\",\"description\":\"Faire Produkte seit 1990\",\"potentialAction\":[{\"@type\":\"SearchAction\",\"target\":{\"@type\":\"EntryPoint\",\"urlTemplate\":\"https:\/\/weltlaeden.de\/buchloe\/?s={search_term_string}\"},\"query-input\":{\"@type\":\"PropertyValueSpecification\",\"valueRequired\":true,\"valueName\":\"search_term_string\"}}],\"inLanguage\":\"de\"}]}<\/script>\n<!-- \/ Yoast SEO plugin. -->","yoast_head_json":{"title":"Weltladen Buchloe - Weltladen Buchloe","description":"Seit nunmehr 30 Jahren freuen wir uns, Sie in unserem Weltladen im Zentrum Buchloes begr\u00fc\u00dfen zu d\u00fcrfen.","robots":{"index":"index","follow":"follow","max-snippet":"max-snippet:-1","max-image-preview":"max-image-preview:large","max-video-preview":"max-video-preview:-1"},"canonical":"https:\/\/weltlaeden.de\/buchloe\/","og_locale":"de_DE","og_type":"article","og_title":"Weltladen Buchloe - Weltladen Buchloe","og_description":"Seit nunmehr 30 Jahren freuen wir uns, Sie in unserem Weltladen im Zentrum Buchloes begr\u00fc\u00dfen zu d\u00fcrfen.","og_url":"https:\/\/weltlaeden.de\/buchloe\/","og_site_name":"Weltladen Buchloe","article_modified_time":"2025-02-10T15:03:31+00:00","og_image":[{"url":"https:\/\/weltlaeden.de\/vorlage\/wp-content\/uploads\/sites\/3\/2016\/11\/FairerHandel_ElPuente_Fingerpuppen_EccoExe_Peru-150x150.jpg","type":"","width":"","height":""}],"twitter_card":"summary_large_image","twitter_misc":{"Gesch\u00e4tzte Lesezeit":"4\u00a0Minuten"},"schema":{"@context":"https:\/\/schema.org","@graph":[{"@type":"WebPage","@id":"https:\/\/weltlaeden.de\/buchloe\/","url":"https:\/\/weltlaeden.de\/buchloe\/","name":"Weltladen Buchloe - Weltladen Buchloe","isPartOf":{"@id":"https:\/\/weltlaeden.de\/buchloe\/#website"},"primaryImageOfPage":{"@id":"https:\/\/weltlaeden.de\/buchloe\/#primaryimage"},"image":{"@id":"https:\/\/weltlaeden.de\/buchloe\/#primaryimage"},"thumbnailUrl":"https:\/\/weltlaeden.de\/vorlage\/wp-content\/uploads\/sites\/3\/2016\/11\/FairerHandel_ElPuente_Fingerpuppen_EccoExe_Peru-150x150.jpg","datePublished":"2016-10-14T07:05:21+00:00","dateModified":"2025-02-10T15:03:31+00:00","description":"Seit nunmehr 30 Jahren freuen wir uns, Sie in unserem Weltladen im Zentrum Buchloes begr\u00fc\u00dfen zu d\u00fcrfen.","breadcrumb":{"@id":"https:\/\/weltlaeden.de\/buchloe\/#breadcrumb"},"inLanguage":"de","potentialAction":[{"@type":"ReadAction","target":["https:\/\/weltlaeden.de\/buchloe\/"]}]},{"@type":"ImageObject","inLanguage":"de","@id":"https:\/\/weltlaeden.de\/buchloe\/#primaryimage","url":"https:\/\/weltlaeden.de\/vorlage\/wp-content\/uploads\/sites\/3\/2016\/11\/FairerHandel_ElPuente_Fingerpuppen_EccoExe_Peru-150x150.jpg","contentUrl":"https:\/\/weltlaeden.de\/vorlage\/wp-content\/uploads\/sites\/3\/2016\/11\/FairerHandel_ElPuente_Fingerpuppen_EccoExe_Peru-150x150.jpg"},{"@type":"BreadcrumbList","@id":"https:\/\/weltlaeden.de\/buchloe\/#breadcrumb","itemListElement":[{"@type":"ListItem","position":1,"name":"Startseite","item":"https:\/\/weltlaeden.de\/buchloe\/"},{"@type":"ListItem","position":2,"name":"Weltladen Buchloe"}]},{"@type":"WebSite","@id":"https:\/\/weltlaeden.de\/buchloe\/#website","url":"https:\/\/weltlaeden.de\/buchloe\/","name":"Weltladen Buchloe","description":"Faire Produkte seit 1990","potentialAction":[{"@type":"SearchAction","target":{"@type":"EntryPoint","urlTemplate":"https:\/\/weltlaeden.de\/buchloe\/?s={search_term_string}"},"query-input":{"@type":"PropertyValueSpecification","valueRequired":true,"valueName":"search_term_string"}}],"inLanguage":"de"}]}},"_links":{"self":[{"href":"https:\/\/weltlaeden.de\/buchloe\/wp-json\/wp\/v2\/pages\/20","targetHints":{"allow":["GET"]}}],"collection":[{"href":"https:\/\/weltlaeden.de\/buchloe\/wp-json\/wp\/v2\/pages"}],"about":[{"href":"https:\/\/weltlaeden.de\/buchloe\/wp-json\/wp\/v2\/types\/page"}],"author":[{"embeddable":true,"href":"https:\/\/weltlaeden.de\/buchloe\/wp-json\/wp\/v2\/users\/1"}],"replies":[{"embeddable":true,"href":"https:\/\/weltlaeden.de\/buchloe\/wp-json\/wp\/v2\/comments?post=20"}],"version-history":[{"count":85,"href":"https:\/\/weltlaeden.de\/buchloe\/wp-json\/wp\/v2\/pages\/20\/revisions"}],"predecessor-version":[{"id":1048,"href":"https:\/\/weltlaeden.de\/buchloe\/wp-json\/wp\/v2\/pages\/20\/revisions\/1048"}],"wp:attachment":[{"href":"https:\/\/weltlaeden.de\/buchloe\/wp-json\/wp\/v2\/media?parent=20"}],"curies":[{"name":"wp","href":"https:\/\/api.w.org\/{rel}","templated":true}]}}