{"id":701,"date":"2020-12-03T14:31:26","date_gmt":"2020-12-03T13:31:26","guid":{"rendered":"https:\/\/weltlaeden.de\/bruehl\/wohnen-und-deko-3\/"},"modified":"2020-12-03T16:03:17","modified_gmt":"2020-12-03T15:03:17","slug":"wohnen-und-deko-3","status":"publish","type":"page","link":"https:\/\/weltlaeden.de\/bruehl\/wohnen-und-deko-3\/","title":{"rendered":"Essen und Genie\u00dfen"},"content":{"rendered":"<div class=\"wpb-content-wrapper\"><p>[vc_row][vc_column][vc_column_text]<\/p>\n<h2><strong>Essen und Genie\u00dfen<\/strong><\/h2>\n<p>Wie bieten eine breite Auswahl an fairem Kaffee und Tee, k\u00f6stliche Schokoladenprodukte (nicht nur zum verschenken &#8230;). Aber auch herzhafte Brotaufstriche, Gew\u00fcrze, Marmeladen und Honig. Daneben ein Angebot an Wein und fair gehandeltem Orangensaft und weiteres K\u00f6stliches mehr. Hier Beispiele aus unserem Sortiment, mehr gibts im Laden &#8230;.[\/vc_column_text][vc_empty_space][\/vc_column][\/vc_row][vc_row][vc_column][vc_media_grid gap=&#8220;10&#8243; grid_id=&#8220;vc_gid:1607007762460-a07bf3fb-b804-9&#8243; include=&#8220;621,659,568,658,679,575,665,593,672,555,564,664,678,558,675,663,559,618,677,676,566,674,574,569,671,562,670,669,660,661,666,657,667,560,680,668,567,565,571,561,563&#8243;][\/vc_column][\/vc_row]<\/p>\n<\/div>","protected":false},"excerpt":{"rendered":"<p>[vc_row][vc_column][vc_column_text] Essen und Genie\u00dfen Wie bieten eine breite Auswahl an fairem Kaffee und Tee, k\u00f6stliche Schokoladenprodukte (nicht nur zum verschenken &#8230;). Aber auch herzhafte Brotaufstriche, Gew\u00fcrze, Marmeladen und Honig. Daneben ein Angebot an Wein und fair gehandeltem Orangensaft und weiteres K\u00f6stliches mehr. Hier Beispiele aus unserem Sortiment, mehr gibts im Laden &#8230;.[\/vc_column_text][vc_empty_space][\/vc_column][\/vc_row][vc_row][vc_column][vc_media_grid gap=&#8220;10&#8243; grid_id=&#8220;vc_gid:1607007762460-a07bf3fb-b804-9&#8243; include=&#8220;621,659,568,658,679,575,665,593,672,555,564,664,678,558,675,663,559,618,677,676,566,674,574,569,671,562,670,669,660,661,666,657,667,560,680,668,567,565,571,561,563&#8243;][\/vc_column][\/vc_row]<\/p>\n","protected":false},"author":116,"featured_media":0,"parent":0,"menu_order":0,"comment_status":"closed","ping_status":"closed","template":"","meta":{"footnotes":""},"class_list":["post-701","page","type-page","status-publish","hentry","description-off"],"yoast_head":"<!-- This site is optimized with the Yoast SEO plugin v26.8 - https:\/\/yoast.com\/product\/yoast-seo-wordpress\/ -->\n<title>Essen und Genie\u00dfen - Weltladen Br\u00fchl<\/title>\n<meta name=\"robots\" content=\"index, follow, max-snippet:-1, max-image-preview:large, max-video-preview:-1\" \/>\n<link rel=\"canonical\" href=\"https:\/\/weltlaeden.de\/bruehl\/wohnen-und-deko-3\/\" \/>\n<meta property=\"og:locale\" content=\"de_DE\" \/>\n<meta property=\"og:type\" content=\"article\" \/>\n<meta property=\"og:title\" content=\"Essen und Genie\u00dfen - Weltladen Br\u00fchl\" \/>\n<meta property=\"og:description\" content=\"[vc_row][vc_column][vc_column_text] Essen und Genie\u00dfen Wie bieten eine breite Auswahl an fairem Kaffee und Tee, k\u00f6stliche Schokoladenprodukte (nicht nur zum verschenken &#8230;). Aber auch herzhafte Brotaufstriche, Gew\u00fcrze, Marmeladen und Honig. Daneben ein Angebot an Wein und fair gehandeltem Orangensaft und weiteres K\u00f6stliches mehr. Hier Beispiele aus unserem Sortiment, mehr gibts im Laden &#8230;.[\/vc_column_text][vc_empty_space][\/vc_column][\/vc_row][vc_row][vc_column][vc_media_grid gap=&#8220;10&#8243; grid_id=&#8220;vc_gid:1607007762460-a07bf3fb-b804-9&#8243; include=&#8220;621,659,568,658,679,575,665,593,672,555,564,664,678,558,675,663,559,618,677,676,566,674,574,569,671,562,670,669,660,661,666,657,667,560,680,668,567,565,571,561,563&#8243;][\/vc_column][\/vc_row]\" \/>\n<meta property=\"og:url\" content=\"https:\/\/weltlaeden.de\/bruehl\/wohnen-und-deko-3\/\" \/>\n<meta property=\"og:site_name\" content=\"Weltladen Br\u00fchl\" \/>\n<meta property=\"article:modified_time\" content=\"2020-12-03T15:03:17+00:00\" \/>\n<meta name=\"twitter:card\" content=\"summary_large_image\" \/>\n<script type=\"application\/ld+json\" class=\"yoast-schema-graph\">{\"@context\":\"https:\/\/schema.org\",\"@graph\":[{\"@type\":\"WebPage\",\"@id\":\"https:\/\/weltlaeden.de\/bruehl\/wohnen-und-deko-3\/\",\"url\":\"https:\/\/weltlaeden.de\/bruehl\/wohnen-und-deko-3\/\",\"name\":\"Essen und Genie\u00dfen - Weltladen Br\u00fchl\",\"isPartOf\":{\"@id\":\"https:\/\/weltlaeden.de\/bruehl\/#website\"},\"datePublished\":\"2020-12-03T13:31:26+00:00\",\"dateModified\":\"2020-12-03T15:03:17+00:00\",\"breadcrumb\":{\"@id\":\"https:\/\/weltlaeden.de\/bruehl\/wohnen-und-deko-3\/#breadcrumb\"},\"inLanguage\":\"de\",\"potentialAction\":[{\"@type\":\"ReadAction\",\"target\":[\"https:\/\/weltlaeden.de\/bruehl\/wohnen-und-deko-3\/\"]}]},{\"@type\":\"BreadcrumbList\",\"@id\":\"https:\/\/weltlaeden.de\/bruehl\/wohnen-und-deko-3\/#breadcrumb\",\"itemListElement\":[{\"@type\":\"ListItem\",\"position\":1,\"name\":\"Startseite\",\"item\":\"https:\/\/weltlaeden.de\/bruehl\/\"},{\"@type\":\"ListItem\",\"position\":2,\"name\":\"Essen und Genie\u00dfen\"}]},{\"@type\":\"WebSite\",\"@id\":\"https:\/\/weltlaeden.de\/bruehl\/#website\",\"url\":\"https:\/\/weltlaeden.de\/bruehl\/\",\"name\":\"Weltladen Br\u00fchl\",\"description\":\"Faire Produkte seit 1993\",\"potentialAction\":[{\"@type\":\"SearchAction\",\"target\":{\"@type\":\"EntryPoint\",\"urlTemplate\":\"https:\/\/weltlaeden.de\/bruehl\/?s={search_term_string}\"},\"query-input\":{\"@type\":\"PropertyValueSpecification\",\"valueRequired\":true,\"valueName\":\"search_term_string\"}}],\"inLanguage\":\"de\"}]}<\/script>\n<!-- \/ Yoast SEO plugin. -->","yoast_head_json":{"title":"Essen und Genie\u00dfen - Weltladen Br\u00fchl","robots":{"index":"index","follow":"follow","max-snippet":"max-snippet:-1","max-image-preview":"max-image-preview:large","max-video-preview":"max-video-preview:-1"},"canonical":"https:\/\/weltlaeden.de\/bruehl\/wohnen-und-deko-3\/","og_locale":"de_DE","og_type":"article","og_title":"Essen und Genie\u00dfen - Weltladen Br\u00fchl","og_description":"[vc_row][vc_column][vc_column_text] Essen und Genie\u00dfen Wie bieten eine breite Auswahl an fairem Kaffee und Tee, k\u00f6stliche Schokoladenprodukte (nicht nur zum verschenken &#8230;). Aber auch herzhafte Brotaufstriche, Gew\u00fcrze, Marmeladen und Honig. Daneben ein Angebot an Wein und fair gehandeltem Orangensaft und weiteres K\u00f6stliches mehr. Hier Beispiele aus unserem Sortiment, mehr gibts im Laden &#8230;.[\/vc_column_text][vc_empty_space][\/vc_column][\/vc_row][vc_row][vc_column][vc_media_grid gap=&#8220;10&#8243; grid_id=&#8220;vc_gid:1607007762460-a07bf3fb-b804-9&#8243; include=&#8220;621,659,568,658,679,575,665,593,672,555,564,664,678,558,675,663,559,618,677,676,566,674,574,569,671,562,670,669,660,661,666,657,667,560,680,668,567,565,571,561,563&#8243;][\/vc_column][\/vc_row]","og_url":"https:\/\/weltlaeden.de\/bruehl\/wohnen-und-deko-3\/","og_site_name":"Weltladen Br\u00fchl","article_modified_time":"2020-12-03T15:03:17+00:00","twitter_card":"summary_large_image","schema":{"@context":"https:\/\/schema.org","@graph":[{"@type":"WebPage","@id":"https:\/\/weltlaeden.de\/bruehl\/wohnen-und-deko-3\/","url":"https:\/\/weltlaeden.de\/bruehl\/wohnen-und-deko-3\/","name":"Essen und Genie\u00dfen - Weltladen Br\u00fchl","isPartOf":{"@id":"https:\/\/weltlaeden.de\/bruehl\/#website"},"datePublished":"2020-12-03T13:31:26+00:00","dateModified":"2020-12-03T15:03:17+00:00","breadcrumb":{"@id":"https:\/\/weltlaeden.de\/bruehl\/wohnen-und-deko-3\/#breadcrumb"},"inLanguage":"de","potentialAction":[{"@type":"ReadAction","target":["https:\/\/weltlaeden.de\/bruehl\/wohnen-und-deko-3\/"]}]},{"@type":"BreadcrumbList","@id":"https:\/\/weltlaeden.de\/bruehl\/wohnen-und-deko-3\/#breadcrumb","itemListElement":[{"@type":"ListItem","position":1,"name":"Startseite","item":"https:\/\/weltlaeden.de\/bruehl\/"},{"@type":"ListItem","position":2,"name":"Essen und Genie\u00dfen"}]},{"@type":"WebSite","@id":"https:\/\/weltlaeden.de\/bruehl\/#website","url":"https:\/\/weltlaeden.de\/bruehl\/","name":"Weltladen Br\u00fchl","description":"Faire Produkte seit 1993","potentialAction":[{"@type":"SearchAction","target":{"@type":"EntryPoint","urlTemplate":"https:\/\/weltlaeden.de\/bruehl\/?s={search_term_string}"},"query-input":{"@type":"PropertyValueSpecification","valueRequired":true,"valueName":"search_term_string"}}],"inLanguage":"de"}]}},"_links":{"self":[{"href":"https:\/\/weltlaeden.de\/bruehl\/wp-json\/wp\/v2\/pages\/701","targetHints":{"allow":["GET"]}}],"collection":[{"href":"https:\/\/weltlaeden.de\/bruehl\/wp-json\/wp\/v2\/pages"}],"about":[{"href":"https:\/\/weltlaeden.de\/bruehl\/wp-json\/wp\/v2\/types\/page"}],"author":[{"embeddable":true,"href":"https:\/\/weltlaeden.de\/bruehl\/wp-json\/wp\/v2\/users\/116"}],"replies":[{"embeddable":true,"href":"https:\/\/weltlaeden.de\/bruehl\/wp-json\/wp\/v2\/comments?post=701"}],"version-history":[{"count":5,"href":"https:\/\/weltlaeden.de\/bruehl\/wp-json\/wp\/v2\/pages\/701\/revisions"}],"predecessor-version":[{"id":725,"href":"https:\/\/weltlaeden.de\/bruehl\/wp-json\/wp\/v2\/pages\/701\/revisions\/725"}],"wp:attachment":[{"href":"https:\/\/weltlaeden.de\/bruehl\/wp-json\/wp\/v2\/media?parent=701"}],"curies":[{"name":"wp","href":"https:\/\/api.w.org\/{rel}","templated":true}]}}