{"id":697,"date":"2020-12-03T14:29:08","date_gmt":"2020-12-03T13:29:08","guid":{"rendered":"https:\/\/weltlaeden.de\/bruehl\/?page_id=697"},"modified":"2020-12-03T16:00:51","modified_gmt":"2020-12-03T15:00:51","slug":"wohnen-und-deko","status":"publish","type":"page","link":"https:\/\/weltlaeden.de\/bruehl\/wohnen-und-deko\/","title":{"rendered":"Wohnen und Deko"},"content":{"rendered":"<div class=\"wpb-content-wrapper\"><p>[vc_row][vc_column][vc_column_text]<\/p>\n<h2><strong>Wohnen und Deko<\/strong><\/h2>\n<p>In unserem Laden finden Sie originelle und n\u00fctzliche Artikel f\u00fcr die Wohnung und das Haus, einige Beispiele sehen Sie hier:[\/vc_column_text][vc_empty_space][\/vc_column][\/vc_row][vc_row][vc_column][vc_media_grid gap=&#8220;10&#8243; grid_id=&#8220;vc_gid:1607007596165-f366890a-94ad-1&#8243; include=&#8220;552,544,520,547,543,530,521,522,542,524,523,525,514,512,507&#8243;][\/vc_column][\/vc_row]<\/p>\n<\/div>","protected":false},"excerpt":{"rendered":"<p>[vc_row][vc_column][vc_column_text] Wohnen und Deko In unserem Laden finden Sie originelle und n\u00fctzliche Artikel f\u00fcr die Wohnung und das Haus, einige Beispiele sehen Sie hier:[\/vc_column_text][vc_empty_space][\/vc_column][\/vc_row][vc_row][vc_column][vc_media_grid gap=&#8220;10&#8243; grid_id=&#8220;vc_gid:1607007596165-f366890a-94ad-1&#8243; include=&#8220;552,544,520,547,543,530,521,522,542,524,523,525,514,512,507&#8243;][\/vc_column][\/vc_row]<\/p>\n","protected":false},"author":116,"featured_media":0,"parent":0,"menu_order":0,"comment_status":"closed","ping_status":"closed","template":"","meta":{"footnotes":""},"class_list":["post-697","page","type-page","status-publish","hentry","description-off"],"yoast_head":"<!-- This site is optimized with the Yoast SEO plugin v26.8 - https:\/\/yoast.com\/product\/yoast-seo-wordpress\/ -->\n<title>Wohnen und Deko - Weltladen Br\u00fchl<\/title>\n<meta name=\"robots\" content=\"index, follow, max-snippet:-1, max-image-preview:large, max-video-preview:-1\" \/>\n<link rel=\"canonical\" href=\"https:\/\/weltlaeden.de\/bruehl\/wohnen-und-deko\/\" \/>\n<meta property=\"og:locale\" content=\"de_DE\" \/>\n<meta property=\"og:type\" content=\"article\" \/>\n<meta property=\"og:title\" content=\"Wohnen und Deko - Weltladen Br\u00fchl\" \/>\n<meta property=\"og:description\" content=\"[vc_row][vc_column][vc_column_text] Wohnen und Deko In unserem Laden finden Sie originelle und n\u00fctzliche Artikel f\u00fcr die Wohnung und das Haus, einige Beispiele sehen Sie hier:[\/vc_column_text][vc_empty_space][\/vc_column][\/vc_row][vc_row][vc_column][vc_media_grid gap=&#8220;10&#8243; grid_id=&#8220;vc_gid:1607007596165-f366890a-94ad-1&#8243; include=&#8220;552,544,520,547,543,530,521,522,542,524,523,525,514,512,507&#8243;][\/vc_column][\/vc_row]\" \/>\n<meta property=\"og:url\" content=\"https:\/\/weltlaeden.de\/bruehl\/wohnen-und-deko\/\" \/>\n<meta property=\"og:site_name\" content=\"Weltladen Br\u00fchl\" \/>\n<meta property=\"article:modified_time\" content=\"2020-12-03T15:00:51+00:00\" \/>\n<meta name=\"twitter:card\" content=\"summary_large_image\" \/>\n<script type=\"application\/ld+json\" class=\"yoast-schema-graph\">{\"@context\":\"https:\/\/schema.org\",\"@graph\":[{\"@type\":\"WebPage\",\"@id\":\"https:\/\/weltlaeden.de\/bruehl\/wohnen-und-deko\/\",\"url\":\"https:\/\/weltlaeden.de\/bruehl\/wohnen-und-deko\/\",\"name\":\"Wohnen und Deko - Weltladen Br\u00fchl\",\"isPartOf\":{\"@id\":\"https:\/\/weltlaeden.de\/bruehl\/#website\"},\"datePublished\":\"2020-12-03T13:29:08+00:00\",\"dateModified\":\"2020-12-03T15:00:51+00:00\",\"breadcrumb\":{\"@id\":\"https:\/\/weltlaeden.de\/bruehl\/wohnen-und-deko\/#breadcrumb\"},\"inLanguage\":\"de\",\"potentialAction\":[{\"@type\":\"ReadAction\",\"target\":[\"https:\/\/weltlaeden.de\/bruehl\/wohnen-und-deko\/\"]}]},{\"@type\":\"BreadcrumbList\",\"@id\":\"https:\/\/weltlaeden.de\/bruehl\/wohnen-und-deko\/#breadcrumb\",\"itemListElement\":[{\"@type\":\"ListItem\",\"position\":1,\"name\":\"Startseite\",\"item\":\"https:\/\/weltlaeden.de\/bruehl\/\"},{\"@type\":\"ListItem\",\"position\":2,\"name\":\"Wohnen und Deko\"}]},{\"@type\":\"WebSite\",\"@id\":\"https:\/\/weltlaeden.de\/bruehl\/#website\",\"url\":\"https:\/\/weltlaeden.de\/bruehl\/\",\"name\":\"Weltladen Br\u00fchl\",\"description\":\"Faire Produkte seit 1993\",\"potentialAction\":[{\"@type\":\"SearchAction\",\"target\":{\"@type\":\"EntryPoint\",\"urlTemplate\":\"https:\/\/weltlaeden.de\/bruehl\/?s={search_term_string}\"},\"query-input\":{\"@type\":\"PropertyValueSpecification\",\"valueRequired\":true,\"valueName\":\"search_term_string\"}}],\"inLanguage\":\"de\"}]}<\/script>\n<!-- \/ Yoast SEO plugin. -->","yoast_head_json":{"title":"Wohnen und Deko - Weltladen Br\u00fchl","robots":{"index":"index","follow":"follow","max-snippet":"max-snippet:-1","max-image-preview":"max-image-preview:large","max-video-preview":"max-video-preview:-1"},"canonical":"https:\/\/weltlaeden.de\/bruehl\/wohnen-und-deko\/","og_locale":"de_DE","og_type":"article","og_title":"Wohnen und Deko - Weltladen Br\u00fchl","og_description":"[vc_row][vc_column][vc_column_text] Wohnen und Deko In unserem Laden finden Sie originelle und n\u00fctzliche Artikel f\u00fcr die Wohnung und das Haus, einige Beispiele sehen Sie hier:[\/vc_column_text][vc_empty_space][\/vc_column][\/vc_row][vc_row][vc_column][vc_media_grid gap=&#8220;10&#8243; grid_id=&#8220;vc_gid:1607007596165-f366890a-94ad-1&#8243; include=&#8220;552,544,520,547,543,530,521,522,542,524,523,525,514,512,507&#8243;][\/vc_column][\/vc_row]","og_url":"https:\/\/weltlaeden.de\/bruehl\/wohnen-und-deko\/","og_site_name":"Weltladen Br\u00fchl","article_modified_time":"2020-12-03T15:00:51+00:00","twitter_card":"summary_large_image","schema":{"@context":"https:\/\/schema.org","@graph":[{"@type":"WebPage","@id":"https:\/\/weltlaeden.de\/bruehl\/wohnen-und-deko\/","url":"https:\/\/weltlaeden.de\/bruehl\/wohnen-und-deko\/","name":"Wohnen und Deko - Weltladen Br\u00fchl","isPartOf":{"@id":"https:\/\/weltlaeden.de\/bruehl\/#website"},"datePublished":"2020-12-03T13:29:08+00:00","dateModified":"2020-12-03T15:00:51+00:00","breadcrumb":{"@id":"https:\/\/weltlaeden.de\/bruehl\/wohnen-und-deko\/#breadcrumb"},"inLanguage":"de","potentialAction":[{"@type":"ReadAction","target":["https:\/\/weltlaeden.de\/bruehl\/wohnen-und-deko\/"]}]},{"@type":"BreadcrumbList","@id":"https:\/\/weltlaeden.de\/bruehl\/wohnen-und-deko\/#breadcrumb","itemListElement":[{"@type":"ListItem","position":1,"name":"Startseite","item":"https:\/\/weltlaeden.de\/bruehl\/"},{"@type":"ListItem","position":2,"name":"Wohnen und Deko"}]},{"@type":"WebSite","@id":"https:\/\/weltlaeden.de\/bruehl\/#website","url":"https:\/\/weltlaeden.de\/bruehl\/","name":"Weltladen Br\u00fchl","description":"Faire Produkte seit 1993","potentialAction":[{"@type":"SearchAction","target":{"@type":"EntryPoint","urlTemplate":"https:\/\/weltlaeden.de\/bruehl\/?s={search_term_string}"},"query-input":{"@type":"PropertyValueSpecification","valueRequired":true,"valueName":"search_term_string"}}],"inLanguage":"de"}]}},"_links":{"self":[{"href":"https:\/\/weltlaeden.de\/bruehl\/wp-json\/wp\/v2\/pages\/697","targetHints":{"allow":["GET"]}}],"collection":[{"href":"https:\/\/weltlaeden.de\/bruehl\/wp-json\/wp\/v2\/pages"}],"about":[{"href":"https:\/\/weltlaeden.de\/bruehl\/wp-json\/wp\/v2\/types\/page"}],"author":[{"embeddable":true,"href":"https:\/\/weltlaeden.de\/bruehl\/wp-json\/wp\/v2\/users\/116"}],"replies":[{"embeddable":true,"href":"https:\/\/weltlaeden.de\/bruehl\/wp-json\/wp\/v2\/comments?post=697"}],"version-history":[{"count":5,"href":"https:\/\/weltlaeden.de\/bruehl\/wp-json\/wp\/v2\/pages\/697\/revisions"}],"predecessor-version":[{"id":723,"href":"https:\/\/weltlaeden.de\/bruehl\/wp-json\/wp\/v2\/pages\/697\/revisions\/723"}],"wp:attachment":[{"href":"https:\/\/weltlaeden.de\/bruehl\/wp-json\/wp\/v2\/media?parent=697"}],"curies":[{"name":"wp","href":"https:\/\/api.w.org\/{rel}","templated":true}]}}