{"id":219,"date":"2016-10-28T13:34:47","date_gmt":"2016-10-28T11:34:47","guid":{"rendered":"https:\/\/wl.heimpixel.de\/vorlage\/ueber-uns\/"},"modified":"2020-10-29T07:38:41","modified_gmt":"2020-10-29T06:38:41","slug":"ueber-uns","status":"publish","type":"page","link":"https:\/\/weltlaeden.de\/bruehl\/ueber-uns\/","title":{"rendered":"\u00dcber uns"},"content":{"rendered":"<div class=\"wpb-content-wrapper\"><p>[vc_row][vc_column]<div class=\"wl_einzelbild\"><p><img loading=\"lazy\" decoding=\"async\" class=\"alignnone size-medium wp-image-443\" src=\"https:\/\/weltlaeden.de\/bruehl\/wp-content\/uploads\/sites\/77\/2020\/09\/Ladenlokal-au\u00dfen-300x225.jpg\" alt=\"\" width=\"300\" height=\"225\" srcset=\"https:\/\/weltlaeden.de\/bruehl\/wp-content\/uploads\/sites\/77\/2020\/09\/Ladenlokal-au\u00dfen-300x225.jpg 300w, https:\/\/weltlaeden.de\/bruehl\/wp-content\/uploads\/sites\/77\/2020\/09\/Ladenlokal-au\u00dfen.jpg 640w\" sizes=\"auto, (max-width: 300px) 100vw, 300px\" \/><\/p><\/div>[vc_empty_space][vc_column_text]<\/p>\n<h1>\u00dcber den Weltladen Br\u00fchl<\/h1>\n<p>Der Verein\u00a0<strong>Unterwegs e.V.- \u00d6kumenische Initiative f\u00fcr eine gerechtere Welt<\/strong>\u00a0&#8211; ist seit 1993 auf dem Weg, zu einer besseren und gerechteren Welt beizutragen.<\/p>\n<p>Anfangs fand der Verkauf fairer Produkte jeweils einmal im Monat nach Gottesdiensten vor der Schlosskirche, im Pfarrheim St. Margareta und vor der Christuskirche statt. 1993 bezog die Gruppe ein Ladenlokal im Pfarrheim von St. Margareta, Hospitalstr. 39 und gr\u00fcndete gleichzeitig den Verein Unterwegs e.V.\u00a0 Die \u00d6ffnungszeiten konnten im Lauf der Zeit von zweimal auf jetzt f\u00fcnfmal pro Woche erweitert werden!<\/p>\n<p>Nach der Schlie\u00dfung erhielten wir ein gr\u00f6\u00dferes Ladenlokal in der Schlo\u00dfstr. 9 in einem Haus, das ebenfalls der katholischenPfarrei St. Margareta geh\u00f6rt. Dort k\u00f6nnen wir die fair gehandelten Produkte angemessen pr\u00e4sentieren und einem gr\u00f6\u00dferen Kundenkreis zug\u00e4nglich machen.<\/p>\n<p>Neben dem Verkauf im Laden nimmt der Verein an Aktionen in Schulen, auf M\u00e4rkten und Gemeindefesten Teil. Alle arbeiten ehrenamtlich, Gewinne gehen an ein Stra\u00dfenkinderprojekt in Brasilien und an ein Schulprojekt in Tansania<\/p>\n<p>2002 erhielt Unterwegs e.V. den Agendapreis der Stadt Br\u00fchl.<\/p>\n<p>Unterwegs e.V. ist Mitglied im\u00a0<a href=\"http:\/\/www.eine-welt-netz-nrw.de\/\"><strong>Eine-Welt-Netz NRW<\/strong><\/a>\u00a0und im\u00a0<a href=\"http:\/\/www.weltladen.de\/\"><strong>Weltladen-Dachverband<\/strong><\/a>.<\/p>\n<p>Im Vorstand sind: Simone Holderried, Heike Kragl-Besse,\u00a0Tanja Tr\u00f6ger und\u00a0Klaus Petruschinski<\/p>\n<p><strong>Spenden<\/strong><\/p>\n<p>Wir unterst\u00fctzen mit unseren \u00dcbersch\u00fcssen ein Stra\u00dfenkinderprojekt in Brasilien und ein Schulprojekt in Tansania.<br \/>\nWenn Sie unsere Arbeit finanziell unterst\u00fctzen wollen:<\/p>\n<p>Unterwegs e.V.<br \/>\nVR-Bank Rhein-Erft<\/p>\n<p>IBAN:\u00a0 \u00a0 DE 3237 1612 8900 3343 6017<\/p>\n<p><img loading=\"lazy\" decoding=\"async\" class=\"alignnone wp-image-420\" src=\"https:\/\/weltlaeden.de\/bruehl\/wp-content\/uploads\/sites\/77\/2020\/09\/unterwegs-Logo.jpg\" alt=\"\" width=\"128\" height=\"114\" \/>\u00a0 \u00a0 \u00a0<img loading=\"lazy\" decoding=\"async\" class=\"alignnone size-full wp-image-423\" src=\"https:\/\/weltlaeden.de\/bruehl\/wp-content\/uploads\/sites\/77\/2020\/09\/WFTO-LOGO.jpg\" alt=\"\" width=\"136\" height=\"124\" \/>[\/vc_column_text][vc_column_text][\/vc_column_text][\/vc_column][\/vc_row][vc_row][vc_column][vc_empty_space][vc_column_text][\/vc_column_text][vc_column_text][\/vc_column_text][\/vc_column][\/vc_row]<\/p>\n<\/div>","protected":false},"excerpt":{"rendered":"<p>[vc_row][vc_column][vc_empty_space][vc_column_text] \u00dcber den Weltladen Br\u00fchl Der Verein\u00a0Unterwegs e.V.- \u00d6kumenische Initiative f\u00fcr eine gerechtere Welt\u00a0&#8211; ist seit 1993 auf dem Weg, zu einer besseren und gerechteren Welt beizutragen. Anfangs fand der Verkauf fairer Produkte jeweils einmal im Monat nach Gottesdiensten vor der Schlosskirche, im Pfarrheim St. Margareta und vor der Christuskirche statt. 1993 bezog die Gruppe&hellip;<\/p>\n","protected":false},"author":1,"featured_media":0,"parent":0,"menu_order":7,"comment_status":"closed","ping_status":"closed","template":"","meta":{"footnotes":""},"class_list":["post-219","page","type-page","status-publish","hentry","description-off"],"yoast_head":"<!-- This site is optimized with the Yoast SEO plugin v26.8 - https:\/\/yoast.com\/product\/yoast-seo-wordpress\/ -->\n<title>\u00dcber uns - Weltladen Br\u00fchl<\/title>\n<meta name=\"robots\" content=\"index, follow, max-snippet:-1, max-image-preview:large, max-video-preview:-1\" \/>\n<link rel=\"canonical\" href=\"https:\/\/weltlaeden.de\/bruehl\/ueber-uns\/\" \/>\n<meta property=\"og:locale\" content=\"de_DE\" \/>\n<meta property=\"og:type\" content=\"article\" \/>\n<meta property=\"og:title\" content=\"\u00dcber uns - Weltladen Br\u00fchl\" \/>\n<meta property=\"og:description\" content=\"[vc_row][vc_column][vc_empty_space][vc_column_text] \u00dcber den Weltladen Br\u00fchl Der Verein\u00a0Unterwegs e.V.- \u00d6kumenische Initiative f\u00fcr eine gerechtere Welt\u00a0&#8211; ist seit 1993 auf dem Weg, zu einer besseren und gerechteren Welt beizutragen. Anfangs fand der Verkauf fairer Produkte jeweils einmal im Monat nach Gottesdiensten vor der Schlosskirche, im Pfarrheim St. Margareta und vor der Christuskirche statt. 1993 bezog die Gruppe&hellip;\" \/>\n<meta property=\"og:url\" content=\"https:\/\/weltlaeden.de\/bruehl\/ueber-uns\/\" \/>\n<meta property=\"og:site_name\" content=\"Weltladen Br\u00fchl\" \/>\n<meta property=\"article:modified_time\" content=\"2020-10-29T06:38:41+00:00\" \/>\n<meta property=\"og:image\" content=\"https:\/\/weltlaeden.de\/bruehl\/wp-content\/uploads\/sites\/77\/2020\/09\/Ladenlokal-au\u00dfen-300x225.jpg\" \/>\n<meta name=\"twitter:card\" content=\"summary_large_image\" \/>\n<meta name=\"twitter:label1\" content=\"Gesch\u00e4tzte Lesezeit\" \/>\n\t<meta name=\"twitter:data1\" content=\"1\u00a0Minute\" \/>\n<script type=\"application\/ld+json\" class=\"yoast-schema-graph\">{\"@context\":\"https:\/\/schema.org\",\"@graph\":[{\"@type\":\"WebPage\",\"@id\":\"https:\/\/weltlaeden.de\/bruehl\/ueber-uns\/\",\"url\":\"https:\/\/weltlaeden.de\/bruehl\/ueber-uns\/\",\"name\":\"\u00dcber uns - Weltladen Br\u00fchl\",\"isPartOf\":{\"@id\":\"https:\/\/weltlaeden.de\/bruehl\/#website\"},\"primaryImageOfPage\":{\"@id\":\"https:\/\/weltlaeden.de\/bruehl\/ueber-uns\/#primaryimage\"},\"image\":{\"@id\":\"https:\/\/weltlaeden.de\/bruehl\/ueber-uns\/#primaryimage\"},\"thumbnailUrl\":\"https:\/\/weltlaeden.de\/bruehl\/wp-content\/uploads\/sites\/77\/2020\/09\/unterwegs-Logo.jpg\",\"datePublished\":\"2016-10-28T11:34:47+00:00\",\"dateModified\":\"2020-10-29T06:38:41+00:00\",\"breadcrumb\":{\"@id\":\"https:\/\/weltlaeden.de\/bruehl\/ueber-uns\/#breadcrumb\"},\"inLanguage\":\"de\",\"potentialAction\":[{\"@type\":\"ReadAction\",\"target\":[\"https:\/\/weltlaeden.de\/bruehl\/ueber-uns\/\"]}]},{\"@type\":\"ImageObject\",\"inLanguage\":\"de\",\"@id\":\"https:\/\/weltlaeden.de\/bruehl\/ueber-uns\/#primaryimage\",\"url\":\"https:\/\/weltlaeden.de\/bruehl\/wp-content\/uploads\/sites\/77\/2020\/09\/unterwegs-Logo.jpg\",\"contentUrl\":\"https:\/\/weltlaeden.de\/bruehl\/wp-content\/uploads\/sites\/77\/2020\/09\/unterwegs-Logo.jpg\",\"width\":157,\"height\":140},{\"@type\":\"BreadcrumbList\",\"@id\":\"https:\/\/weltlaeden.de\/bruehl\/ueber-uns\/#breadcrumb\",\"itemListElement\":[{\"@type\":\"ListItem\",\"position\":1,\"name\":\"Startseite\",\"item\":\"https:\/\/weltlaeden.de\/bruehl\/\"},{\"@type\":\"ListItem\",\"position\":2,\"name\":\"\u00dcber uns\"}]},{\"@type\":\"WebSite\",\"@id\":\"https:\/\/weltlaeden.de\/bruehl\/#website\",\"url\":\"https:\/\/weltlaeden.de\/bruehl\/\",\"name\":\"Weltladen Br\u00fchl\",\"description\":\"Faire Produkte seit 1993\",\"potentialAction\":[{\"@type\":\"SearchAction\",\"target\":{\"@type\":\"EntryPoint\",\"urlTemplate\":\"https:\/\/weltlaeden.de\/bruehl\/?s={search_term_string}\"},\"query-input\":{\"@type\":\"PropertyValueSpecification\",\"valueRequired\":true,\"valueName\":\"search_term_string\"}}],\"inLanguage\":\"de\"}]}<\/script>\n<!-- \/ Yoast SEO plugin. -->","yoast_head_json":{"title":"\u00dcber uns - Weltladen Br\u00fchl","robots":{"index":"index","follow":"follow","max-snippet":"max-snippet:-1","max-image-preview":"max-image-preview:large","max-video-preview":"max-video-preview:-1"},"canonical":"https:\/\/weltlaeden.de\/bruehl\/ueber-uns\/","og_locale":"de_DE","og_type":"article","og_title":"\u00dcber uns - Weltladen Br\u00fchl","og_description":"[vc_row][vc_column][vc_empty_space][vc_column_text] \u00dcber den Weltladen Br\u00fchl Der Verein\u00a0Unterwegs e.V.- \u00d6kumenische Initiative f\u00fcr eine gerechtere Welt\u00a0&#8211; ist seit 1993 auf dem Weg, zu einer besseren und gerechteren Welt beizutragen. Anfangs fand der Verkauf fairer Produkte jeweils einmal im Monat nach Gottesdiensten vor der Schlosskirche, im Pfarrheim St. Margareta und vor der Christuskirche statt. 1993 bezog die Gruppe&hellip;","og_url":"https:\/\/weltlaeden.de\/bruehl\/ueber-uns\/","og_site_name":"Weltladen Br\u00fchl","article_modified_time":"2020-10-29T06:38:41+00:00","og_image":[{"url":"https:\/\/weltlaeden.de\/bruehl\/wp-content\/uploads\/sites\/77\/2020\/09\/Ladenlokal-au\u00dfen-300x225.jpg","type":"","width":"","height":""}],"twitter_card":"summary_large_image","twitter_misc":{"Gesch\u00e4tzte Lesezeit":"1\u00a0Minute"},"schema":{"@context":"https:\/\/schema.org","@graph":[{"@type":"WebPage","@id":"https:\/\/weltlaeden.de\/bruehl\/ueber-uns\/","url":"https:\/\/weltlaeden.de\/bruehl\/ueber-uns\/","name":"\u00dcber uns - Weltladen Br\u00fchl","isPartOf":{"@id":"https:\/\/weltlaeden.de\/bruehl\/#website"},"primaryImageOfPage":{"@id":"https:\/\/weltlaeden.de\/bruehl\/ueber-uns\/#primaryimage"},"image":{"@id":"https:\/\/weltlaeden.de\/bruehl\/ueber-uns\/#primaryimage"},"thumbnailUrl":"https:\/\/weltlaeden.de\/bruehl\/wp-content\/uploads\/sites\/77\/2020\/09\/unterwegs-Logo.jpg","datePublished":"2016-10-28T11:34:47+00:00","dateModified":"2020-10-29T06:38:41+00:00","breadcrumb":{"@id":"https:\/\/weltlaeden.de\/bruehl\/ueber-uns\/#breadcrumb"},"inLanguage":"de","potentialAction":[{"@type":"ReadAction","target":["https:\/\/weltlaeden.de\/bruehl\/ueber-uns\/"]}]},{"@type":"ImageObject","inLanguage":"de","@id":"https:\/\/weltlaeden.de\/bruehl\/ueber-uns\/#primaryimage","url":"https:\/\/weltlaeden.de\/bruehl\/wp-content\/uploads\/sites\/77\/2020\/09\/unterwegs-Logo.jpg","contentUrl":"https:\/\/weltlaeden.de\/bruehl\/wp-content\/uploads\/sites\/77\/2020\/09\/unterwegs-Logo.jpg","width":157,"height":140},{"@type":"BreadcrumbList","@id":"https:\/\/weltlaeden.de\/bruehl\/ueber-uns\/#breadcrumb","itemListElement":[{"@type":"ListItem","position":1,"name":"Startseite","item":"https:\/\/weltlaeden.de\/bruehl\/"},{"@type":"ListItem","position":2,"name":"\u00dcber uns"}]},{"@type":"WebSite","@id":"https:\/\/weltlaeden.de\/bruehl\/#website","url":"https:\/\/weltlaeden.de\/bruehl\/","name":"Weltladen Br\u00fchl","description":"Faire Produkte seit 1993","potentialAction":[{"@type":"SearchAction","target":{"@type":"EntryPoint","urlTemplate":"https:\/\/weltlaeden.de\/bruehl\/?s={search_term_string}"},"query-input":{"@type":"PropertyValueSpecification","valueRequired":true,"valueName":"search_term_string"}}],"inLanguage":"de"}]}},"_links":{"self":[{"href":"https:\/\/weltlaeden.de\/bruehl\/wp-json\/wp\/v2\/pages\/219","targetHints":{"allow":["GET"]}}],"collection":[{"href":"https:\/\/weltlaeden.de\/bruehl\/wp-json\/wp\/v2\/pages"}],"about":[{"href":"https:\/\/weltlaeden.de\/bruehl\/wp-json\/wp\/v2\/types\/page"}],"author":[{"embeddable":true,"href":"https:\/\/weltlaeden.de\/bruehl\/wp-json\/wp\/v2\/users\/1"}],"replies":[{"embeddable":true,"href":"https:\/\/weltlaeden.de\/bruehl\/wp-json\/wp\/v2\/comments?post=219"}],"version-history":[{"count":15,"href":"https:\/\/weltlaeden.de\/bruehl\/wp-json\/wp\/v2\/pages\/219\/revisions"}],"predecessor-version":[{"id":489,"href":"https:\/\/weltlaeden.de\/bruehl\/wp-json\/wp\/v2\/pages\/219\/revisions\/489"}],"wp:attachment":[{"href":"https:\/\/weltlaeden.de\/bruehl\/wp-json\/wp\/v2\/media?parent=219"}],"curies":[{"name":"wp","href":"https:\/\/api.w.org\/{rel}","templated":true}]}}