{"id":20,"date":"2016-10-14T09:05:21","date_gmt":"2016-10-14T07:05:21","guid":{"rendered":"https:\/\/wl.heimpixel.de\/vorlage\/weltladen-musterdorf\/"},"modified":"2025-12-29T09:10:52","modified_gmt":"2025-12-29T08:10:52","slug":"weltladen-musterdorf","status":"publish","type":"page","link":"https:\/\/weltlaeden.de\/bruehl\/","title":{"rendered":"Weltladen Br\u00fchl"},"content":{"rendered":"<div class=\"wpb-content-wrapper\"><p>[vc_row][vc_column]<div class=\"wl_einzelbild\"><p><img loading=\"lazy\" decoding=\"async\" class=\"alignnone size-large wp-image-880\" src=\"https:\/\/weltlaeden.de\/bruehl\/wp-content\/uploads\/sites\/77\/2024\/01\/02-Laden-Panorama-Rosel-1024x330.jpg\" alt=\"\" width=\"1024\" height=\"330\" srcset=\"https:\/\/weltlaeden.de\/bruehl\/wp-content\/uploads\/sites\/77\/2024\/01\/02-Laden-Panorama-Rosel-1024x330.jpg 1024w, https:\/\/weltlaeden.de\/bruehl\/wp-content\/uploads\/sites\/77\/2024\/01\/02-Laden-Panorama-Rosel-300x97.jpg 300w, https:\/\/weltlaeden.de\/bruehl\/wp-content\/uploads\/sites\/77\/2024\/01\/02-Laden-Panorama-Rosel-768x248.jpg 768w, https:\/\/weltlaeden.de\/bruehl\/wp-content\/uploads\/sites\/77\/2024\/01\/02-Laden-Panorama-Rosel.jpg 1280w\" sizes=\"auto, (max-width: 1024px) 100vw, 1024px\" \/><\/p><\/div>[vc_empty_space height=&#8220;20px&#8220;][\/vc_column][\/vc_row][vc_row][vc_column][vc_column_text css=&#8220;&#8220;]<\/p>\n<h1 style=\"text-align: center\">Herzlich willkommen im Weltladen Br\u00fchl, sch\u00f6n dass Sie uns besuchen!<\/h1>\n<h2 style=\"text-align: center\"><\/h2>\n<p>Sie k\u00f6nnen zwar nicht die Welt retten, aber mit dem Kauf unserer fair gehandelten Produkte leisten Sie einen ganz konkreten Beitrag, um die Lebens- und Arbeitsbedingungen von Kleinb\u00e4uerinnen und -bauern und Handwerksbetrieben in den L\u00e4ndern des globalen S\u00fcdens zu verbessern. Unser ehrenamtliches Ladenteam bietet fair gehandelte und biologisch hergestellte Lebensmittel wie Reis, Linsen, Quinoa, Gew\u00fcrze, Rohrzucker, Oliven\u00f6l, Tee, Kaffee, Honig, Schokolade sowie herzhafte und s\u00fc\u00dfe Aufstriche an. Auch finden Sie bei uns ein Angebot an fairen Weinen, Rum und Orangensaft. F\u00fcr Wohnung und Haus bieten wir originelle und n\u00fctzliche Artikel an ebenso wie Schmuck und Accessoires, K\u00f6rbe, Taschen und Halst\u00fccher<\/p>\n<p>Zur n\u00e4chsten Einladung bei Freunden oder der Familie: Nehmen Sie doch ein faires Geschenk oder Mitbringsel aus dem Weltladen mit!\u00a0 Wie w\u00e4re es mit etwas Au\u00dfergew\u00f6hnlichem zum Genie\u00dfen oder einer originellen Idee f\u00fcr die Wohnung \u2013 st\u00f6bern Sie im Laden oder hier auf unserer Webseite in der Rubrik \u201eProdukte\u201c.<\/p>\n<h2 style=\"text-align: center\"><\/h2>\n<p>&nbsp;<\/p>\n<h3><span style=\"color: #ff0000\">Wir freuen uns auf Ihren Besuch in unserem Weltladen<\/span><\/h3>\n<h3>Ihr Weltladen-Team<\/h3>\n<p>&nbsp;<\/p>\n<h4 style=\"text-align: center\"><\/h4>\n<p style=\"text-align: center\"><strong>\u00a0<\/strong><\/p>\n<p>[\/vc_column_text][vc_column_text][\/vc_column_text][vc_empty_space height=&#8220;30px&#8220;][\/vc_column][\/vc_row][vc_row][vc_column][\/vc_column][\/vc_row]<\/p>\n<\/div>","protected":false},"excerpt":{"rendered":"<p>[vc_row][vc_column][vc_empty_space height=&#8220;20px&#8220;][\/vc_column][\/vc_row][vc_row][vc_column][vc_column_text css=&#8220;&#8220;] Herzlich willkommen im Weltladen Br\u00fchl, sch\u00f6n dass Sie uns besuchen! Sie k\u00f6nnen zwar nicht die Welt retten, aber mit dem Kauf unserer fair gehandelten Produkte leisten Sie einen ganz konkreten Beitrag, um die Lebens- und Arbeitsbedingungen von Kleinb\u00e4uerinnen und -bauern und Handwerksbetrieben in den L\u00e4ndern des globalen S\u00fcdens zu verbessern. Unser ehrenamtliches&hellip;<\/p>\n","protected":false},"author":1,"featured_media":0,"parent":0,"menu_order":0,"comment_status":"closed","ping_status":"closed","template":"","meta":{"footnotes":""},"class_list":["post-20","page","type-page","status-publish","hentry","description-off"],"yoast_head":"<!-- This site is optimized with the Yoast SEO plugin v26.8 - https:\/\/yoast.com\/product\/yoast-seo-wordpress\/ -->\n<title>Weltladen Br\u00fchl - Weltladen Br\u00fchl<\/title>\n<meta name=\"robots\" content=\"index, follow, max-snippet:-1, max-image-preview:large, max-video-preview:-1\" \/>\n<link rel=\"canonical\" href=\"https:\/\/weltlaeden.de\/bruehl\/\" \/>\n<meta property=\"og:locale\" content=\"de_DE\" \/>\n<meta property=\"og:type\" content=\"article\" \/>\n<meta property=\"og:title\" content=\"Weltladen Br\u00fchl - Weltladen Br\u00fchl\" \/>\n<meta property=\"og:description\" content=\"[vc_row][vc_column][vc_empty_space height=&#8220;20px&#8220;][\/vc_column][\/vc_row][vc_row][vc_column][vc_column_text css=&#8220;&#8220;] Herzlich willkommen im Weltladen Br\u00fchl, sch\u00f6n dass Sie uns besuchen! Sie k\u00f6nnen zwar nicht die Welt retten, aber mit dem Kauf unserer fair gehandelten Produkte leisten Sie einen ganz konkreten Beitrag, um die Lebens- und Arbeitsbedingungen von Kleinb\u00e4uerinnen und -bauern und Handwerksbetrieben in den L\u00e4ndern des globalen S\u00fcdens zu verbessern. Unser ehrenamtliches&hellip;\" \/>\n<meta property=\"og:url\" content=\"https:\/\/weltlaeden.de\/bruehl\/\" \/>\n<meta property=\"og:site_name\" content=\"Weltladen Br\u00fchl\" \/>\n<meta property=\"article:modified_time\" content=\"2025-12-29T08:10:52+00:00\" \/>\n<meta property=\"og:image\" content=\"https:\/\/weltlaeden.de\/bruehl\/wp-content\/uploads\/sites\/77\/2024\/01\/02-Laden-Panorama-Rosel.jpg\" \/>\n\t<meta property=\"og:image:width\" content=\"1280\" \/>\n\t<meta property=\"og:image:height\" content=\"413\" \/>\n\t<meta property=\"og:image:type\" content=\"image\/jpeg\" \/>\n<meta name=\"twitter:card\" content=\"summary_large_image\" \/>\n<meta name=\"twitter:label1\" content=\"Gesch\u00e4tzte Lesezeit\" \/>\n\t<meta name=\"twitter:data1\" content=\"2\u00a0Minuten\" \/>\n<script type=\"application\/ld+json\" class=\"yoast-schema-graph\">{\"@context\":\"https:\/\/schema.org\",\"@graph\":[{\"@type\":\"WebPage\",\"@id\":\"https:\/\/weltlaeden.de\/bruehl\/\",\"url\":\"https:\/\/weltlaeden.de\/bruehl\/\",\"name\":\"Weltladen Br\u00fchl - Weltladen Br\u00fchl\",\"isPartOf\":{\"@id\":\"https:\/\/weltlaeden.de\/bruehl\/#website\"},\"primaryImageOfPage\":{\"@id\":\"https:\/\/weltlaeden.de\/bruehl\/#primaryimage\"},\"image\":{\"@id\":\"https:\/\/weltlaeden.de\/bruehl\/#primaryimage\"},\"thumbnailUrl\":\"https:\/\/weltlaeden.de\/bruehl\/wp-content\/uploads\/sites\/77\/2024\/01\/02-Laden-Panorama-Rosel-1024x330.jpg\",\"datePublished\":\"2016-10-14T07:05:21+00:00\",\"dateModified\":\"2025-12-29T08:10:52+00:00\",\"breadcrumb\":{\"@id\":\"https:\/\/weltlaeden.de\/bruehl\/#breadcrumb\"},\"inLanguage\":\"de\",\"potentialAction\":[{\"@type\":\"ReadAction\",\"target\":[\"https:\/\/weltlaeden.de\/bruehl\/\"]}]},{\"@type\":\"ImageObject\",\"inLanguage\":\"de\",\"@id\":\"https:\/\/weltlaeden.de\/bruehl\/#primaryimage\",\"url\":\"https:\/\/weltlaeden.de\/bruehl\/wp-content\/uploads\/sites\/77\/2024\/01\/02-Laden-Panorama-Rosel.jpg\",\"contentUrl\":\"https:\/\/weltlaeden.de\/bruehl\/wp-content\/uploads\/sites\/77\/2024\/01\/02-Laden-Panorama-Rosel.jpg\",\"width\":1280,\"height\":413},{\"@type\":\"BreadcrumbList\",\"@id\":\"https:\/\/weltlaeden.de\/bruehl\/#breadcrumb\",\"itemListElement\":[{\"@type\":\"ListItem\",\"position\":1,\"name\":\"Startseite\",\"item\":\"https:\/\/weltlaeden.de\/bruehl\/\"},{\"@type\":\"ListItem\",\"position\":2,\"name\":\"Weltladen Br\u00fchl\"}]},{\"@type\":\"WebSite\",\"@id\":\"https:\/\/weltlaeden.de\/bruehl\/#website\",\"url\":\"https:\/\/weltlaeden.de\/bruehl\/\",\"name\":\"Weltladen Br\u00fchl\",\"description\":\"Faire Produkte seit 1993\",\"potentialAction\":[{\"@type\":\"SearchAction\",\"target\":{\"@type\":\"EntryPoint\",\"urlTemplate\":\"https:\/\/weltlaeden.de\/bruehl\/?s={search_term_string}\"},\"query-input\":{\"@type\":\"PropertyValueSpecification\",\"valueRequired\":true,\"valueName\":\"search_term_string\"}}],\"inLanguage\":\"de\"}]}<\/script>\n<!-- \/ Yoast SEO plugin. -->","yoast_head_json":{"title":"Weltladen Br\u00fchl - Weltladen Br\u00fchl","robots":{"index":"index","follow":"follow","max-snippet":"max-snippet:-1","max-image-preview":"max-image-preview:large","max-video-preview":"max-video-preview:-1"},"canonical":"https:\/\/weltlaeden.de\/bruehl\/","og_locale":"de_DE","og_type":"article","og_title":"Weltladen Br\u00fchl - Weltladen Br\u00fchl","og_description":"[vc_row][vc_column][vc_empty_space height=&#8220;20px&#8220;][\/vc_column][\/vc_row][vc_row][vc_column][vc_column_text css=&#8220;&#8220;] Herzlich willkommen im Weltladen Br\u00fchl, sch\u00f6n dass Sie uns besuchen! Sie k\u00f6nnen zwar nicht die Welt retten, aber mit dem Kauf unserer fair gehandelten Produkte leisten Sie einen ganz konkreten Beitrag, um die Lebens- und Arbeitsbedingungen von Kleinb\u00e4uerinnen und -bauern und Handwerksbetrieben in den L\u00e4ndern des globalen S\u00fcdens zu verbessern. Unser ehrenamtliches&hellip;","og_url":"https:\/\/weltlaeden.de\/bruehl\/","og_site_name":"Weltladen Br\u00fchl","article_modified_time":"2025-12-29T08:10:52+00:00","og_image":[{"width":1280,"height":413,"url":"https:\/\/weltlaeden.de\/bruehl\/wp-content\/uploads\/sites\/77\/2024\/01\/02-Laden-Panorama-Rosel.jpg","type":"image\/jpeg"}],"twitter_card":"summary_large_image","twitter_misc":{"Gesch\u00e4tzte Lesezeit":"2\u00a0Minuten"},"schema":{"@context":"https:\/\/schema.org","@graph":[{"@type":"WebPage","@id":"https:\/\/weltlaeden.de\/bruehl\/","url":"https:\/\/weltlaeden.de\/bruehl\/","name":"Weltladen Br\u00fchl - Weltladen Br\u00fchl","isPartOf":{"@id":"https:\/\/weltlaeden.de\/bruehl\/#website"},"primaryImageOfPage":{"@id":"https:\/\/weltlaeden.de\/bruehl\/#primaryimage"},"image":{"@id":"https:\/\/weltlaeden.de\/bruehl\/#primaryimage"},"thumbnailUrl":"https:\/\/weltlaeden.de\/bruehl\/wp-content\/uploads\/sites\/77\/2024\/01\/02-Laden-Panorama-Rosel-1024x330.jpg","datePublished":"2016-10-14T07:05:21+00:00","dateModified":"2025-12-29T08:10:52+00:00","breadcrumb":{"@id":"https:\/\/weltlaeden.de\/bruehl\/#breadcrumb"},"inLanguage":"de","potentialAction":[{"@type":"ReadAction","target":["https:\/\/weltlaeden.de\/bruehl\/"]}]},{"@type":"ImageObject","inLanguage":"de","@id":"https:\/\/weltlaeden.de\/bruehl\/#primaryimage","url":"https:\/\/weltlaeden.de\/bruehl\/wp-content\/uploads\/sites\/77\/2024\/01\/02-Laden-Panorama-Rosel.jpg","contentUrl":"https:\/\/weltlaeden.de\/bruehl\/wp-content\/uploads\/sites\/77\/2024\/01\/02-Laden-Panorama-Rosel.jpg","width":1280,"height":413},{"@type":"BreadcrumbList","@id":"https:\/\/weltlaeden.de\/bruehl\/#breadcrumb","itemListElement":[{"@type":"ListItem","position":1,"name":"Startseite","item":"https:\/\/weltlaeden.de\/bruehl\/"},{"@type":"ListItem","position":2,"name":"Weltladen Br\u00fchl"}]},{"@type":"WebSite","@id":"https:\/\/weltlaeden.de\/bruehl\/#website","url":"https:\/\/weltlaeden.de\/bruehl\/","name":"Weltladen Br\u00fchl","description":"Faire Produkte seit 1993","potentialAction":[{"@type":"SearchAction","target":{"@type":"EntryPoint","urlTemplate":"https:\/\/weltlaeden.de\/bruehl\/?s={search_term_string}"},"query-input":{"@type":"PropertyValueSpecification","valueRequired":true,"valueName":"search_term_string"}}],"inLanguage":"de"}]}},"_links":{"self":[{"href":"https:\/\/weltlaeden.de\/bruehl\/wp-json\/wp\/v2\/pages\/20","targetHints":{"allow":["GET"]}}],"collection":[{"href":"https:\/\/weltlaeden.de\/bruehl\/wp-json\/wp\/v2\/pages"}],"about":[{"href":"https:\/\/weltlaeden.de\/bruehl\/wp-json\/wp\/v2\/types\/page"}],"author":[{"embeddable":true,"href":"https:\/\/weltlaeden.de\/bruehl\/wp-json\/wp\/v2\/users\/1"}],"replies":[{"embeddable":true,"href":"https:\/\/weltlaeden.de\/bruehl\/wp-json\/wp\/v2\/comments?post=20"}],"version-history":[{"count":99,"href":"https:\/\/weltlaeden.de\/bruehl\/wp-json\/wp\/v2\/pages\/20\/revisions"}],"predecessor-version":[{"id":950,"href":"https:\/\/weltlaeden.de\/bruehl\/wp-json\/wp\/v2\/pages\/20\/revisions\/950"}],"wp:attachment":[{"href":"https:\/\/weltlaeden.de\/bruehl\/wp-json\/wp\/v2\/media?parent=20"}],"curies":[{"name":"wp","href":"https:\/\/api.w.org\/{rel}","templated":true}]}}