{"id":4919,"date":"2025-09-04T17:35:21","date_gmt":"2025-09-04T15:35:31","guid":{"rendered":"https:\/\/weltlaeden.de\/bremerhaven\/?page_id=4919"},"modified":"2025-09-05T18:31:09","modified_gmt":"2025-09-05T16:31:09","slug":"vielfaeltigkeit-auf-der-sail-2025","status":"publish","type":"page","link":"https:\/\/weltlaeden.de\/bremerhaven\/vielfaeltigkeit-auf-der-sail-2025\/","title":{"rendered":"Vielf\u00e4ltigkeit auf der Sail 2025"},"content":{"rendered":"<div class=\"wpb-content-wrapper\"><p>[vc_row][vc_column][vc_column_text css=&#8220;&#8220;]<\/p>\n<h2><span style=\"color: #ff9900\">Sail 2025<\/span><\/h2>\n<p>Im August war wieder Sail in Bremerhaven, und der Weltladen Bremerhaven war dabei.<\/p>\n<p>Unser Weltladen steht f\u00fcr Vielf\u00e4ltigkeit und die Vielf\u00e4tigkeitsp\u00fcppchen zeigen spielerisch das Miteinander verschiedener Hautfarben, unterschiedlicher Religionen, k\u00f6rperlicher Einschr\u00e4nkungen, eben die gro\u00dfe menschliche Vielfalt.<\/p>\n<p>Margit und Pudo haben die P\u00fcppchen auf die Sail geschickt und sie fotografiert.<\/p>\n<p>[\/vc_column_text][\/vc_column][\/vc_row][vc_row][vc_column width=&#8220;1\/2&#8243;][vc_single_image image=&#8220;4936&#8243; img_size=&#8220;large&#8220; css=&#8220;&#8220;][\/vc_column][vc_column width=&#8220;1\/2&#8243;][vc_single_image image=&#8220;4935&#8243; img_size=&#8220;large&#8220; css=&#8220;&#8220;][\/vc_column][\/vc_row][vc_row][vc_column width=&#8220;1\/2&#8243;][vc_single_image image=&#8220;4934&#8243; img_size=&#8220;large&#8220; css=&#8220;&#8220;][\/vc_column][vc_column width=&#8220;1\/2&#8243;][vc_single_image image=&#8220;4932&#8243; img_size=&#8220;large&#8220; css=&#8220;&#8220;][\/vc_column][\/vc_row][vc_row][vc_column width=&#8220;1\/2&#8243;][vc_single_image image=&#8220;4933&#8243; img_size=&#8220;large&#8220; css=&#8220;&#8220;][\/vc_column][vc_column width=&#8220;1\/2&#8243;][vc_single_image image=&#8220;4931&#8243; img_size=&#8220;large&#8220; css=&#8220;&#8220;][\/vc_column][\/vc_row][vc_row][vc_column][vc_single_image image=&#8220;4930&#8243; img_size=&#8220;large&#8220; css=&#8220;&#8220;][\/vc_column][\/vc_row]<\/p>\n<\/div>","protected":false},"excerpt":{"rendered":"<p>[vc_row][vc_column][vc_column_text css=&#8220;&#8220;] Sail 2025 Im August war wieder Sail in Bremerhaven, und der Weltladen Bremerhaven war dabei. Unser Weltladen steht f\u00fcr Vielf\u00e4ltigkeit und die Vielf\u00e4tigkeitsp\u00fcppchen zeigen spielerisch das Miteinander verschiedener Hautfarben, unterschiedlicher Religionen, k\u00f6rperlicher Einschr\u00e4nkungen, eben die gro\u00dfe menschliche Vielfalt. Margit und Pudo haben die P\u00fcppchen auf die Sail geschickt und sie fotografiert. [\/vc_column_text][\/vc_column][\/vc_row][vc_row][vc_column width=&#8220;1\/2&#8243;][vc_single_image&hellip;<\/p>\n","protected":false},"author":55,"featured_media":0,"parent":0,"menu_order":0,"comment_status":"closed","ping_status":"closed","template":"","meta":{"footnotes":""},"class_list":["post-4919","page","type-page","status-publish","hentry","description-off"],"yoast_head":"<!-- This site is optimized with the Yoast SEO plugin v26.8 - https:\/\/yoast.com\/product\/yoast-seo-wordpress\/ -->\n<title>Vielf\u00e4ltigkeit auf der Sail 2025 - Weltladen Bremerhaven<\/title>\n<meta name=\"robots\" content=\"index, follow, max-snippet:-1, max-image-preview:large, max-video-preview:-1\" \/>\n<link rel=\"canonical\" href=\"https:\/\/weltlaeden.de\/bremerhaven\/vielfaeltigkeit-auf-der-sail-2025\/\" \/>\n<meta property=\"og:locale\" content=\"de_DE\" \/>\n<meta property=\"og:type\" content=\"article\" \/>\n<meta property=\"og:title\" content=\"Vielf\u00e4ltigkeit auf der Sail 2025 - Weltladen Bremerhaven\" \/>\n<meta property=\"og:description\" content=\"[vc_row][vc_column][vc_column_text css=&#8220;&#8220;] Sail 2025 Im August war wieder Sail in Bremerhaven, und der Weltladen Bremerhaven war dabei. Unser Weltladen steht f\u00fcr Vielf\u00e4ltigkeit und die Vielf\u00e4tigkeitsp\u00fcppchen zeigen spielerisch das Miteinander verschiedener Hautfarben, unterschiedlicher Religionen, k\u00f6rperlicher Einschr\u00e4nkungen, eben die gro\u00dfe menschliche Vielfalt. Margit und Pudo haben die P\u00fcppchen auf die Sail geschickt und sie fotografiert. [\/vc_column_text][\/vc_column][\/vc_row][vc_row][vc_column width=&#8220;1\/2&#8243;][vc_single_image&hellip;\" \/>\n<meta property=\"og:url\" content=\"https:\/\/weltlaeden.de\/bremerhaven\/vielfaeltigkeit-auf-der-sail-2025\/\" \/>\n<meta property=\"og:site_name\" content=\"Weltladen Bremerhaven\" \/>\n<meta property=\"article:modified_time\" content=\"2025-09-05T16:31:09+00:00\" \/>\n<meta name=\"twitter:card\" content=\"summary_large_image\" \/>\n<meta name=\"twitter:label1\" content=\"Gesch\u00e4tzte Lesezeit\" \/>\n\t<meta name=\"twitter:data1\" content=\"1\u00a0Minute\" \/>\n<script type=\"application\/ld+json\" class=\"yoast-schema-graph\">{\"@context\":\"https:\/\/schema.org\",\"@graph\":[{\"@type\":\"WebPage\",\"@id\":\"https:\/\/weltlaeden.de\/bremerhaven\/vielfaeltigkeit-auf-der-sail-2025\/\",\"url\":\"https:\/\/weltlaeden.de\/bremerhaven\/vielfaeltigkeit-auf-der-sail-2025\/\",\"name\":\"Vielf\u00e4ltigkeit auf der Sail 2025 - Weltladen Bremerhaven\",\"isPartOf\":{\"@id\":\"https:\/\/weltlaeden.de\/bremerhaven\/#website\"},\"datePublished\":\"2025-09-04T15:35:31+00:00\",\"dateModified\":\"2025-09-05T16:31:09+00:00\",\"breadcrumb\":{\"@id\":\"https:\/\/weltlaeden.de\/bremerhaven\/vielfaeltigkeit-auf-der-sail-2025\/#breadcrumb\"},\"inLanguage\":\"de\",\"potentialAction\":[{\"@type\":\"ReadAction\",\"target\":[\"https:\/\/weltlaeden.de\/bremerhaven\/vielfaeltigkeit-auf-der-sail-2025\/\"]}]},{\"@type\":\"BreadcrumbList\",\"@id\":\"https:\/\/weltlaeden.de\/bremerhaven\/vielfaeltigkeit-auf-der-sail-2025\/#breadcrumb\",\"itemListElement\":[{\"@type\":\"ListItem\",\"position\":1,\"name\":\"Startseite\",\"item\":\"https:\/\/weltlaeden.de\/bremerhaven\/\"},{\"@type\":\"ListItem\",\"position\":2,\"name\":\"Vielf\u00e4ltigkeit auf der Sail 2025\"}]},{\"@type\":\"WebSite\",\"@id\":\"https:\/\/weltlaeden.de\/bremerhaven\/#website\",\"url\":\"https:\/\/weltlaeden.de\/bremerhaven\/\",\"name\":\"Weltladen Bremerhaven\",\"description\":\"Faire Produkte seit 1990\",\"potentialAction\":[{\"@type\":\"SearchAction\",\"target\":{\"@type\":\"EntryPoint\",\"urlTemplate\":\"https:\/\/weltlaeden.de\/bremerhaven\/?s={search_term_string}\"},\"query-input\":{\"@type\":\"PropertyValueSpecification\",\"valueRequired\":true,\"valueName\":\"search_term_string\"}}],\"inLanguage\":\"de\"}]}<\/script>\n<!-- \/ Yoast SEO plugin. -->","yoast_head_json":{"title":"Vielf\u00e4ltigkeit auf der Sail 2025 - Weltladen Bremerhaven","robots":{"index":"index","follow":"follow","max-snippet":"max-snippet:-1","max-image-preview":"max-image-preview:large","max-video-preview":"max-video-preview:-1"},"canonical":"https:\/\/weltlaeden.de\/bremerhaven\/vielfaeltigkeit-auf-der-sail-2025\/","og_locale":"de_DE","og_type":"article","og_title":"Vielf\u00e4ltigkeit auf der Sail 2025 - Weltladen Bremerhaven","og_description":"[vc_row][vc_column][vc_column_text css=&#8220;&#8220;] Sail 2025 Im August war wieder Sail in Bremerhaven, und der Weltladen Bremerhaven war dabei. Unser Weltladen steht f\u00fcr Vielf\u00e4ltigkeit und die Vielf\u00e4tigkeitsp\u00fcppchen zeigen spielerisch das Miteinander verschiedener Hautfarben, unterschiedlicher Religionen, k\u00f6rperlicher Einschr\u00e4nkungen, eben die gro\u00dfe menschliche Vielfalt. Margit und Pudo haben die P\u00fcppchen auf die Sail geschickt und sie fotografiert. [\/vc_column_text][\/vc_column][\/vc_row][vc_row][vc_column width=&#8220;1\/2&#8243;][vc_single_image&hellip;","og_url":"https:\/\/weltlaeden.de\/bremerhaven\/vielfaeltigkeit-auf-der-sail-2025\/","og_site_name":"Weltladen Bremerhaven","article_modified_time":"2025-09-05T16:31:09+00:00","twitter_card":"summary_large_image","twitter_misc":{"Gesch\u00e4tzte Lesezeit":"1\u00a0Minute"},"schema":{"@context":"https:\/\/schema.org","@graph":[{"@type":"WebPage","@id":"https:\/\/weltlaeden.de\/bremerhaven\/vielfaeltigkeit-auf-der-sail-2025\/","url":"https:\/\/weltlaeden.de\/bremerhaven\/vielfaeltigkeit-auf-der-sail-2025\/","name":"Vielf\u00e4ltigkeit auf der Sail 2025 - Weltladen Bremerhaven","isPartOf":{"@id":"https:\/\/weltlaeden.de\/bremerhaven\/#website"},"datePublished":"2025-09-04T15:35:31+00:00","dateModified":"2025-09-05T16:31:09+00:00","breadcrumb":{"@id":"https:\/\/weltlaeden.de\/bremerhaven\/vielfaeltigkeit-auf-der-sail-2025\/#breadcrumb"},"inLanguage":"de","potentialAction":[{"@type":"ReadAction","target":["https:\/\/weltlaeden.de\/bremerhaven\/vielfaeltigkeit-auf-der-sail-2025\/"]}]},{"@type":"BreadcrumbList","@id":"https:\/\/weltlaeden.de\/bremerhaven\/vielfaeltigkeit-auf-der-sail-2025\/#breadcrumb","itemListElement":[{"@type":"ListItem","position":1,"name":"Startseite","item":"https:\/\/weltlaeden.de\/bremerhaven\/"},{"@type":"ListItem","position":2,"name":"Vielf\u00e4ltigkeit auf der Sail 2025"}]},{"@type":"WebSite","@id":"https:\/\/weltlaeden.de\/bremerhaven\/#website","url":"https:\/\/weltlaeden.de\/bremerhaven\/","name":"Weltladen Bremerhaven","description":"Faire Produkte seit 1990","potentialAction":[{"@type":"SearchAction","target":{"@type":"EntryPoint","urlTemplate":"https:\/\/weltlaeden.de\/bremerhaven\/?s={search_term_string}"},"query-input":{"@type":"PropertyValueSpecification","valueRequired":true,"valueName":"search_term_string"}}],"inLanguage":"de"}]}},"_links":{"self":[{"href":"https:\/\/weltlaeden.de\/bremerhaven\/wp-json\/wp\/v2\/pages\/4919","targetHints":{"allow":["GET"]}}],"collection":[{"href":"https:\/\/weltlaeden.de\/bremerhaven\/wp-json\/wp\/v2\/pages"}],"about":[{"href":"https:\/\/weltlaeden.de\/bremerhaven\/wp-json\/wp\/v2\/types\/page"}],"author":[{"embeddable":true,"href":"https:\/\/weltlaeden.de\/bremerhaven\/wp-json\/wp\/v2\/users\/55"}],"replies":[{"embeddable":true,"href":"https:\/\/weltlaeden.de\/bremerhaven\/wp-json\/wp\/v2\/comments?post=4919"}],"version-history":[{"count":11,"href":"https:\/\/weltlaeden.de\/bremerhaven\/wp-json\/wp\/v2\/pages\/4919\/revisions"}],"predecessor-version":[{"id":4965,"href":"https:\/\/weltlaeden.de\/bremerhaven\/wp-json\/wp\/v2\/pages\/4919\/revisions\/4965"}],"wp:attachment":[{"href":"https:\/\/weltlaeden.de\/bremerhaven\/wp-json\/wp\/v2\/media?parent=4919"}],"curies":[{"name":"wp","href":"https:\/\/api.w.org\/{rel}","templated":true}]}}