{"id":4507,"date":"2023-11-08T13:47:42","date_gmt":"2023-11-08T12:47:42","guid":{"rendered":"https:\/\/weltlaeden.de\/bremerhaven\/aktuelles-rund-um-den-fairen-handel-3\/"},"modified":"2024-04-18T17:46:44","modified_gmt":"2024-04-18T15:46:44","slug":"aktuelles-rund-um-den-fairen-handel-3","status":"publish","type":"page","link":"https:\/\/weltlaeden.de\/bremerhaven\/aktuelles-rund-um-den-fairen-handel-3\/","title":{"rendered":"Aktuelles rund um den Fairen Handel neu"},"content":{"rendered":"<div class=\"wpb-content-wrapper\"><p>[vc_row][vc_column][vc_column_text]<\/p>\n<h2 style=\"text-align: center\">Informationen und Institutionen<\/h2>\n<p>[\/vc_column_text][vc_column_text]<\/p>\n<ul>\n<li><a href=\"https:\/\/xn--nord-sd-forum-1ob.de\/\"><strong>Nord-S\u00fcd-Forum e. V.\u00a0<\/strong><\/a><br \/>\nist ein B\u00fcndnis verschiedener Gruppen, Organisationen und interessierter Einzelpersonen, die sich mit der Nord-S\u00fcd-Problematik, mit Menschenrechts- und Umweltfragen auseinandersetzen. Durch die Vernetzung werden Aktivit\u00e4ten geb\u00fcndelt und wirkungsvoller durchgef\u00fchrt. Nord-S\u00fcd-Foren arbeiten in vielen St\u00e4dten Europas. Den Ansto\u00df zu ihrer Bildung gab eine Initiative des Europarates im Jahre 1988. Das Nord-S\u00fcd-Forum in Bremerhaven besteht seit 1989.\u00a0 Au\u00dferdem ist der Verein Tr\u00e4ger des Eine-Welt-Zentrums und der Eine-Welt-Promotor*innen-Stelle in Bremerhaven.<\/li>\n<\/ul>\n<hr \/>\n<ul>\n<li><strong><a href=\"https:\/\/xn--nord-sd-forum-1ob.de\/eine-welt-zentrum\/\">Eine-Welt-Zentrum<\/a><br \/>\n<\/strong><strong>Das Eine-Welt-Zentrum wurde gegr\u00fcndet, um den im Nord-S\u00fcd-Forum organisierten Gruppen und Initiativen einen festen Raum bereitzustellen.<br \/>\n<\/strong><\/li>\n<\/ul>\n<hr \/>\n<ul>\n<li><strong><a href=\"https:\/\/www.fairtraderegionunterweser.de\/\">FAIRTRADEREGION UNTERWESER<\/a><br \/>\n<\/strong><strong>fair &#8211; regional &#8211; nachhaltig<\/strong><\/li>\n<\/ul>\n<p><strong>Die Fairtraderegion Unterweser wurde im Jahr<\/strong> 2017 durch die St\u00e4dte Brake (Unterweser), Bremerhaven, Geestland und die Gemeinden Hagen im Bremischen und Lemwerder gegr\u00fcndet. 2019 traten offiziell die Gemeinden Stadland und Beverstedt und der Landkreis Wesermarsch der Fairtraderegion Unterweser bei. Alle acht Kommunen haben das Strategiepapier unterzeichnet und verpflichten sich, mit ihren Steuerungsgruppen gemeinsam darauf hinzuwirken, den fairen Handel und die faire Beschaffung in der Region zu unterst\u00fctzen.<\/p>\n<p>Das gemeinsame Ziel der Fairtraderegion ist das Erreichen einer \u201eFairen Unterweser-Region\u201c und einer nachhaltigen Region, die sich auch dem regionalen Gedanken verpflichtet f\u00fchlt.<\/p>\n<hr \/>\n<ul>\n<li><strong><a href=\"https:\/\/www.fairtrade-deutschland.de\/\">Das Siegel f\u00fcr fairen Handel |\u00a0Fairtrade\u00a0&#8211; Deutschland<\/a><\/strong><\/li>\n<li><strong><a href=\"https:\/\/www.bmz.de\/de\/themen\/fairer_handel\/index.html?follow=adword\">BMZ-Fairer Handel<\/a><\/strong><\/li>\n<li><strong><a href=\"https:\/\/www.bmz.de\/de\/themen\/fairer_handel\/dokumente_links\/index.html\">Fairer Handel<\/a><br \/>\n<\/strong><\/li>\n<li><a href=\"https:\/\/www.bmz.de\/de\/themen\/fairer_handel\/dokumente_links\/index.html\"><strong>Weiterf\u00fchrende Informationen zum Thema Fairer Handel<\/strong><\/a><\/li>\n<\/ul>\n<hr \/>\n<p>[\/vc_column_text][\/vc_column][vc_column][\/vc_column][vc_column][\/vc_column][vc_column][\/vc_column][\/vc_row][vc_row][vc_column][vc_separator color=&#8220;orange&#8220; border_width=&#8220;3&#8243;][\/vc_column][\/vc_row]<\/p>\n<\/div>","protected":false},"excerpt":{"rendered":"<p>[vc_row][vc_column][vc_column_text] Informationen und Institutionen [\/vc_column_text][vc_column_text] Nord-S\u00fcd-Forum e. V.\u00a0 ist ein B\u00fcndnis verschiedener Gruppen, Organisationen und interessierter Einzelpersonen, die sich mit der Nord-S\u00fcd-Problematik, mit Menschenrechts- und Umweltfragen auseinandersetzen. Durch die Vernetzung werden Aktivit\u00e4ten geb\u00fcndelt und wirkungsvoller durchgef\u00fchrt. Nord-S\u00fcd-Foren arbeiten in vielen St\u00e4dten Europas. Den Ansto\u00df zu ihrer Bildung gab eine Initiative des Europarates im Jahre 1988.&hellip;<\/p>\n","protected":false},"author":55,"featured_media":0,"parent":0,"menu_order":14,"comment_status":"closed","ping_status":"closed","template":"","meta":{"footnotes":""},"class_list":["post-4507","page","type-page","status-publish","hentry","description-off"],"yoast_head":"<!-- This site is optimized with the Yoast SEO plugin v26.8 - https:\/\/yoast.com\/product\/yoast-seo-wordpress\/ -->\n<title>Aktuelles rund um den Fairen Handel neu - Weltladen Bremerhaven<\/title>\n<meta name=\"robots\" content=\"index, follow, max-snippet:-1, max-image-preview:large, max-video-preview:-1\" \/>\n<link rel=\"canonical\" href=\"https:\/\/weltlaeden.de\/bremerhaven\/aktuelles-rund-um-den-fairen-handel-3\/\" \/>\n<meta property=\"og:locale\" content=\"de_DE\" \/>\n<meta property=\"og:type\" content=\"article\" \/>\n<meta property=\"og:title\" content=\"Aktuelles rund um den Fairen Handel neu - Weltladen Bremerhaven\" \/>\n<meta property=\"og:description\" content=\"[vc_row][vc_column][vc_column_text] Informationen und Institutionen [\/vc_column_text][vc_column_text] Nord-S\u00fcd-Forum e. V.\u00a0 ist ein B\u00fcndnis verschiedener Gruppen, Organisationen und interessierter Einzelpersonen, die sich mit der Nord-S\u00fcd-Problematik, mit Menschenrechts- und Umweltfragen auseinandersetzen. Durch die Vernetzung werden Aktivit\u00e4ten geb\u00fcndelt und wirkungsvoller durchgef\u00fchrt. Nord-S\u00fcd-Foren arbeiten in vielen St\u00e4dten Europas. Den Ansto\u00df zu ihrer Bildung gab eine Initiative des Europarates im Jahre 1988.&hellip;\" \/>\n<meta property=\"og:url\" content=\"https:\/\/weltlaeden.de\/bremerhaven\/aktuelles-rund-um-den-fairen-handel-3\/\" \/>\n<meta property=\"og:site_name\" content=\"Weltladen Bremerhaven\" \/>\n<meta property=\"article:modified_time\" content=\"2024-04-18T15:46:44+00:00\" \/>\n<meta name=\"twitter:card\" content=\"summary_large_image\" \/>\n<meta name=\"twitter:label1\" content=\"Gesch\u00e4tzte Lesezeit\" \/>\n\t<meta name=\"twitter:data1\" content=\"2\u00a0Minuten\" \/>\n<script type=\"application\/ld+json\" class=\"yoast-schema-graph\">{\"@context\":\"https:\/\/schema.org\",\"@graph\":[{\"@type\":\"WebPage\",\"@id\":\"https:\/\/weltlaeden.de\/bremerhaven\/aktuelles-rund-um-den-fairen-handel-3\/\",\"url\":\"https:\/\/weltlaeden.de\/bremerhaven\/aktuelles-rund-um-den-fairen-handel-3\/\",\"name\":\"Aktuelles rund um den Fairen Handel neu - Weltladen Bremerhaven\",\"isPartOf\":{\"@id\":\"https:\/\/weltlaeden.de\/bremerhaven\/#website\"},\"datePublished\":\"2023-11-08T12:47:42+00:00\",\"dateModified\":\"2024-04-18T15:46:44+00:00\",\"breadcrumb\":{\"@id\":\"https:\/\/weltlaeden.de\/bremerhaven\/aktuelles-rund-um-den-fairen-handel-3\/#breadcrumb\"},\"inLanguage\":\"de\",\"potentialAction\":[{\"@type\":\"ReadAction\",\"target\":[\"https:\/\/weltlaeden.de\/bremerhaven\/aktuelles-rund-um-den-fairen-handel-3\/\"]}]},{\"@type\":\"BreadcrumbList\",\"@id\":\"https:\/\/weltlaeden.de\/bremerhaven\/aktuelles-rund-um-den-fairen-handel-3\/#breadcrumb\",\"itemListElement\":[{\"@type\":\"ListItem\",\"position\":1,\"name\":\"Startseite\",\"item\":\"https:\/\/weltlaeden.de\/bremerhaven\/\"},{\"@type\":\"ListItem\",\"position\":2,\"name\":\"Aktuelles rund um den Fairen Handel neu\"}]},{\"@type\":\"WebSite\",\"@id\":\"https:\/\/weltlaeden.de\/bremerhaven\/#website\",\"url\":\"https:\/\/weltlaeden.de\/bremerhaven\/\",\"name\":\"Weltladen Bremerhaven\",\"description\":\"Faire Produkte seit 1990\",\"potentialAction\":[{\"@type\":\"SearchAction\",\"target\":{\"@type\":\"EntryPoint\",\"urlTemplate\":\"https:\/\/weltlaeden.de\/bremerhaven\/?s={search_term_string}\"},\"query-input\":{\"@type\":\"PropertyValueSpecification\",\"valueRequired\":true,\"valueName\":\"search_term_string\"}}],\"inLanguage\":\"de\"}]}<\/script>\n<!-- \/ Yoast SEO plugin. -->","yoast_head_json":{"title":"Aktuelles rund um den Fairen Handel neu - Weltladen Bremerhaven","robots":{"index":"index","follow":"follow","max-snippet":"max-snippet:-1","max-image-preview":"max-image-preview:large","max-video-preview":"max-video-preview:-1"},"canonical":"https:\/\/weltlaeden.de\/bremerhaven\/aktuelles-rund-um-den-fairen-handel-3\/","og_locale":"de_DE","og_type":"article","og_title":"Aktuelles rund um den Fairen Handel neu - Weltladen Bremerhaven","og_description":"[vc_row][vc_column][vc_column_text] Informationen und Institutionen [\/vc_column_text][vc_column_text] Nord-S\u00fcd-Forum e. V.\u00a0 ist ein B\u00fcndnis verschiedener Gruppen, Organisationen und interessierter Einzelpersonen, die sich mit der Nord-S\u00fcd-Problematik, mit Menschenrechts- und Umweltfragen auseinandersetzen. Durch die Vernetzung werden Aktivit\u00e4ten geb\u00fcndelt und wirkungsvoller durchgef\u00fchrt. Nord-S\u00fcd-Foren arbeiten in vielen St\u00e4dten Europas. Den Ansto\u00df zu ihrer Bildung gab eine Initiative des Europarates im Jahre 1988.&hellip;","og_url":"https:\/\/weltlaeden.de\/bremerhaven\/aktuelles-rund-um-den-fairen-handel-3\/","og_site_name":"Weltladen Bremerhaven","article_modified_time":"2024-04-18T15:46:44+00:00","twitter_card":"summary_large_image","twitter_misc":{"Gesch\u00e4tzte Lesezeit":"2\u00a0Minuten"},"schema":{"@context":"https:\/\/schema.org","@graph":[{"@type":"WebPage","@id":"https:\/\/weltlaeden.de\/bremerhaven\/aktuelles-rund-um-den-fairen-handel-3\/","url":"https:\/\/weltlaeden.de\/bremerhaven\/aktuelles-rund-um-den-fairen-handel-3\/","name":"Aktuelles rund um den Fairen Handel neu - Weltladen Bremerhaven","isPartOf":{"@id":"https:\/\/weltlaeden.de\/bremerhaven\/#website"},"datePublished":"2023-11-08T12:47:42+00:00","dateModified":"2024-04-18T15:46:44+00:00","breadcrumb":{"@id":"https:\/\/weltlaeden.de\/bremerhaven\/aktuelles-rund-um-den-fairen-handel-3\/#breadcrumb"},"inLanguage":"de","potentialAction":[{"@type":"ReadAction","target":["https:\/\/weltlaeden.de\/bremerhaven\/aktuelles-rund-um-den-fairen-handel-3\/"]}]},{"@type":"BreadcrumbList","@id":"https:\/\/weltlaeden.de\/bremerhaven\/aktuelles-rund-um-den-fairen-handel-3\/#breadcrumb","itemListElement":[{"@type":"ListItem","position":1,"name":"Startseite","item":"https:\/\/weltlaeden.de\/bremerhaven\/"},{"@type":"ListItem","position":2,"name":"Aktuelles rund um den Fairen Handel neu"}]},{"@type":"WebSite","@id":"https:\/\/weltlaeden.de\/bremerhaven\/#website","url":"https:\/\/weltlaeden.de\/bremerhaven\/","name":"Weltladen Bremerhaven","description":"Faire Produkte seit 1990","potentialAction":[{"@type":"SearchAction","target":{"@type":"EntryPoint","urlTemplate":"https:\/\/weltlaeden.de\/bremerhaven\/?s={search_term_string}"},"query-input":{"@type":"PropertyValueSpecification","valueRequired":true,"valueName":"search_term_string"}}],"inLanguage":"de"}]}},"_links":{"self":[{"href":"https:\/\/weltlaeden.de\/bremerhaven\/wp-json\/wp\/v2\/pages\/4507","targetHints":{"allow":["GET"]}}],"collection":[{"href":"https:\/\/weltlaeden.de\/bremerhaven\/wp-json\/wp\/v2\/pages"}],"about":[{"href":"https:\/\/weltlaeden.de\/bremerhaven\/wp-json\/wp\/v2\/types\/page"}],"author":[{"embeddable":true,"href":"https:\/\/weltlaeden.de\/bremerhaven\/wp-json\/wp\/v2\/users\/55"}],"replies":[{"embeddable":true,"href":"https:\/\/weltlaeden.de\/bremerhaven\/wp-json\/wp\/v2\/comments?post=4507"}],"version-history":[{"count":8,"href":"https:\/\/weltlaeden.de\/bremerhaven\/wp-json\/wp\/v2\/pages\/4507\/revisions"}],"predecessor-version":[{"id":4770,"href":"https:\/\/weltlaeden.de\/bremerhaven\/wp-json\/wp\/v2\/pages\/4507\/revisions\/4770"}],"wp:attachment":[{"href":"https:\/\/weltlaeden.de\/bremerhaven\/wp-json\/wp\/v2\/media?parent=4507"}],"curies":[{"name":"wp","href":"https:\/\/api.w.org\/{rel}","templated":true}]}}