{"id":4385,"date":"2023-11-07T11:48:27","date_gmt":"2023-11-07T10:48:27","guid":{"rendered":"https:\/\/weltlaeden.de\/bremerhaven\/?page_id=4385"},"modified":"2023-11-10T09:53:45","modified_gmt":"2023-11-10T08:53:45","slug":"https-weltlaeden-de-bremerhaven-2","status":"publish","type":"page","link":"https:\/\/weltlaeden.de\/bremerhaven\/https-weltlaeden-de-bremerhaven-2\/","title":{"rendered":"Unser Laden"},"content":{"rendered":"<div class=\"wpb-content-wrapper\"><p>[vc_row][vc_column][vc_column_text]<\/p>\n<h2><strong>Was Sie auf dieser Website finden:<\/strong><\/h2>\n<p>[\/vc_column_text][vc_separator color=&#8220;orange&#8220; border_width=&#8220;4&#8243;][vc_empty_space height=&#8220;20px&#8220;][vc_row_inner][vc_column_inner width=&#8220;1\/4&#8243;]<div class=\"wl_einzelbild\"><p><\/p>\n<h3>Fairer Handel<\/h3>\n<p style=\"text-align: left\"><img loading=\"lazy\" decoding=\"async\" class=\"wp-image-2896 alignleft\" src=\"https:\/\/weltlaeden.de\/bremerhaven\/wp-content\/uploads\/sites\/33\/2021\/01\/20200222_101145-e1611141164467-261x300.jpg\" alt=\"\" width=\"150\" height=\"172\" srcset=\"https:\/\/weltlaeden.de\/bremerhaven\/wp-content\/uploads\/sites\/33\/2021\/01\/20200222_101145-e1611141164467-261x300.jpg 261w, https:\/\/weltlaeden.de\/bremerhaven\/wp-content\/uploads\/sites\/33\/2021\/01\/20200222_101145-e1611141164467-768x884.jpg 768w, https:\/\/weltlaeden.de\/bremerhaven\/wp-content\/uploads\/sites\/33\/2021\/01\/20200222_101145-e1611141164467-889x1024.jpg 889w, https:\/\/weltlaeden.de\/bremerhaven\/wp-content\/uploads\/sites\/33\/2021\/01\/20200222_101145-e1611141164467.jpg 1075w\" sizes=\"auto, (max-width: 150px) 100vw, 150px\" \/><\/p>\n<p>Was meint Fairer Handel \u00fcberhaupt? Welche Kriterien m\u00fcssen eingehalten werden und wer \u00fcberpr\u00fcft diese?<br \/>\n<a href=\"https:\/\/weltlaeden.de\/bremerhaven\/fairer-handel\/\">Erfahren Sie mehr &#8230;<\/a><\/p><\/div>[\/vc_column_inner][vc_column_inner width=&#8220;1\/4&#8243;]<div class=\"wl_einzelbild\"><p><\/p>\n<h3>Unser Sortiment<\/h3>\n<p><img loading=\"lazy\" decoding=\"async\" class=\"size-thumbnail wp-image-751 alignleft\" src=\"https:\/\/weltlaeden.de\/bremerhaven\/wp-content\/uploads\/sites\/33\/2016\/10\/20170816_103252-e1539092721745-150x150.jpg\" alt=\"\" width=\"150\" height=\"150\" \/>Unsere Produkte im Weltladen sind nat\u00fcrlich alle aus Fairem Handel, dennoch kommen sie von unterschiedlichen Fair-Handels-Importeuren. <a href=\"https:\/\/weltlaeden.de\/bremerhaven\/produkte\/\">Hier zeigen wir Ihnen unser Sortiment &#8230;<\/a><\/p><\/div>[\/vc_column_inner][vc_column_inner width=&#8220;1\/4&#8243;]<div class=\"wl_einzelbild\"><p><\/p>\n<h3>\u00dcber uns<\/h3>\n<p><img loading=\"lazy\" decoding=\"async\" class=\"alignleft size-thumbnail wp-image-nsm-3-16\" src=\"https:\/\/weltlaeden.de\/bremerhaven\/wp-content\/uploads\/sites\/3\/2016\/11\/ElPuente_Kakaobohnen_El-Ceibo_Bolivien-150x150.jpg\" alt=\"\" width=\"150\" height=\"150\" \/><\/p>\n<p>Wer wir sind, warum wir uns f\u00fcr Fairen Handel engagieren und wie man bei uns mitmachen kann.<br \/>\n<a href=\"https:\/\/weltlaeden.de\/bremerhaven\/ueber-uns\/\">Hier stellen wir uns vor &#8230;<\/a><\/p><\/div>[\/vc_column_inner][vc_column_inner width=&#8220;1\/4&#8243;]<div class=\"wl_einzelbild\"><p><\/p>\n<h3>Termine<\/h3>\n<p><img loading=\"lazy\" decoding=\"async\" class=\"alignleft size-thumbnail wp-image-nsm-3-19\" src=\"https:\/\/weltlaeden.de\/bremerhaven\/wp-content\/uploads\/sites\/3\/2016\/11\/Termine-150x150.jpg\" alt=\"\" width=\"150\" height=\"150\" \/>Bei uns ist immer etwas los! Wir treffen uns regelm\u00e4\u00dfig zu Teamsitzungen und Fortbildungen, organisieren aber auch immer einmal wieder Veranstaltungen zum Fairen Handel und zu verwandten Themen.<br \/>\n<a href=\"https:\/\/weltlaeden.de\/bremerhaven\/termine\/\">Hier erfahren Sie, was bei uns los ist \u2026<\/a><\/p><\/div>[\/vc_column_inner][\/vc_row_inner][vc_separator color=&#8220;orange&#8220; border_width=&#8220;3&#8243;][\/vc_column][vc_column][\/vc_column][\/vc_row][vc_row][vc_column][\/vc_column][\/vc_row][vc_row][vc_column][\/vc_column][\/vc_row]<\/p>\n<\/div>","protected":false},"excerpt":{"rendered":"<p>[vc_row][vc_column][vc_column_text] Was Sie auf dieser Website finden: [\/vc_column_text][vc_separator color=&#8220;orange&#8220; border_width=&#8220;4&#8243;][vc_empty_space height=&#8220;20px&#8220;][vc_row_inner][vc_column_inner width=&#8220;1\/4&#8243;][\/vc_column_inner][vc_column_inner width=&#8220;1\/4&#8243;][\/vc_column_inner][vc_column_inner width=&#8220;1\/4&#8243;][\/vc_column_inner][vc_column_inner width=&#8220;1\/4&#8243;][\/vc_column_inner][\/vc_row_inner][vc_separator color=&#8220;orange&#8220; border_width=&#8220;3&#8243;][\/vc_column][vc_column][\/vc_column][\/vc_row][vc_row][vc_column][\/vc_column][\/vc_row][vc_row][vc_column][\/vc_column][\/vc_row]<\/p>\n","protected":false},"author":55,"featured_media":0,"parent":0,"menu_order":1,"comment_status":"closed","ping_status":"closed","template":"","meta":{"footnotes":""},"class_list":["post-4385","page","type-page","status-publish","hentry","description-off"],"yoast_head":"<!-- This site is optimized with the Yoast SEO plugin v26.8 - https:\/\/yoast.com\/product\/yoast-seo-wordpress\/ -->\n<title>Unser Laden - Weltladen Bremerhaven<\/title>\n<meta name=\"robots\" content=\"index, follow, max-snippet:-1, max-image-preview:large, max-video-preview:-1\" \/>\n<link rel=\"canonical\" href=\"https:\/\/weltlaeden.de\/bremerhaven\/https-weltlaeden-de-bremerhaven-2\/\" \/>\n<meta property=\"og:locale\" content=\"de_DE\" \/>\n<meta property=\"og:type\" content=\"article\" \/>\n<meta property=\"og:title\" content=\"Unser Laden - Weltladen Bremerhaven\" \/>\n<meta property=\"og:description\" content=\"[vc_row][vc_column][vc_column_text] Was Sie auf dieser Website finden: [\/vc_column_text][vc_separator color=&#8220;orange&#8220; border_width=&#8220;4&#8243;][vc_empty_space height=&#8220;20px&#8220;][vc_row_inner][vc_column_inner width=&#8220;1\/4&#8243;][\/vc_column_inner][vc_column_inner width=&#8220;1\/4&#8243;][\/vc_column_inner][vc_column_inner width=&#8220;1\/4&#8243;][\/vc_column_inner][vc_column_inner width=&#8220;1\/4&#8243;][\/vc_column_inner][\/vc_row_inner][vc_separator color=&#8220;orange&#8220; border_width=&#8220;3&#8243;][\/vc_column][vc_column][\/vc_column][\/vc_row][vc_row][vc_column][\/vc_column][\/vc_row][vc_row][vc_column][\/vc_column][\/vc_row]\" \/>\n<meta property=\"og:url\" content=\"https:\/\/weltlaeden.de\/bremerhaven\/https-weltlaeden-de-bremerhaven-2\/\" \/>\n<meta property=\"og:site_name\" content=\"Weltladen Bremerhaven\" \/>\n<meta property=\"article:modified_time\" content=\"2023-11-10T08:53:45+00:00\" \/>\n<meta property=\"og:image\" content=\"https:\/\/weltlaeden.de\/bremerhaven\/wp-content\/uploads\/sites\/33\/2021\/01\/20200222_101145-e1611141164467-261x300.jpg\" \/>\n<meta name=\"twitter:card\" content=\"summary_large_image\" \/>\n<meta name=\"twitter:label1\" content=\"Gesch\u00e4tzte Lesezeit\" \/>\n\t<meta name=\"twitter:data1\" content=\"2\u00a0Minuten\" \/>\n<script type=\"application\/ld+json\" class=\"yoast-schema-graph\">{\"@context\":\"https:\/\/schema.org\",\"@graph\":[{\"@type\":\"WebPage\",\"@id\":\"https:\/\/weltlaeden.de\/bremerhaven\/https-weltlaeden-de-bremerhaven-2\/\",\"url\":\"https:\/\/weltlaeden.de\/bremerhaven\/https-weltlaeden-de-bremerhaven-2\/\",\"name\":\"Unser Laden - Weltladen Bremerhaven\",\"isPartOf\":{\"@id\":\"https:\/\/weltlaeden.de\/bremerhaven\/#website\"},\"primaryImageOfPage\":{\"@id\":\"https:\/\/weltlaeden.de\/bremerhaven\/https-weltlaeden-de-bremerhaven-2\/#primaryimage\"},\"image\":{\"@id\":\"https:\/\/weltlaeden.de\/bremerhaven\/https-weltlaeden-de-bremerhaven-2\/#primaryimage\"},\"thumbnailUrl\":\"https:\/\/weltlaeden.de\/bremerhaven\/wp-content\/uploads\/sites\/33\/2021\/01\/20200222_101145-e1611141164467-261x300.jpg\",\"datePublished\":\"2023-11-07T10:48:27+00:00\",\"dateModified\":\"2023-11-10T08:53:45+00:00\",\"breadcrumb\":{\"@id\":\"https:\/\/weltlaeden.de\/bremerhaven\/https-weltlaeden-de-bremerhaven-2\/#breadcrumb\"},\"inLanguage\":\"de\",\"potentialAction\":[{\"@type\":\"ReadAction\",\"target\":[\"https:\/\/weltlaeden.de\/bremerhaven\/https-weltlaeden-de-bremerhaven-2\/\"]}]},{\"@type\":\"ImageObject\",\"inLanguage\":\"de\",\"@id\":\"https:\/\/weltlaeden.de\/bremerhaven\/https-weltlaeden-de-bremerhaven-2\/#primaryimage\",\"url\":\"https:\/\/weltlaeden.de\/bremerhaven\/wp-content\/uploads\/sites\/33\/2021\/01\/20200222_101145-e1611141164467.jpg\",\"contentUrl\":\"https:\/\/weltlaeden.de\/bremerhaven\/wp-content\/uploads\/sites\/33\/2021\/01\/20200222_101145-e1611141164467.jpg\",\"width\":1075,\"height\":1238},{\"@type\":\"BreadcrumbList\",\"@id\":\"https:\/\/weltlaeden.de\/bremerhaven\/https-weltlaeden-de-bremerhaven-2\/#breadcrumb\",\"itemListElement\":[{\"@type\":\"ListItem\",\"position\":1,\"name\":\"Startseite\",\"item\":\"https:\/\/weltlaeden.de\/bremerhaven\/\"},{\"@type\":\"ListItem\",\"position\":2,\"name\":\"Unser Laden\"}]},{\"@type\":\"WebSite\",\"@id\":\"https:\/\/weltlaeden.de\/bremerhaven\/#website\",\"url\":\"https:\/\/weltlaeden.de\/bremerhaven\/\",\"name\":\"Weltladen Bremerhaven\",\"description\":\"Faire Produkte seit 1990\",\"potentialAction\":[{\"@type\":\"SearchAction\",\"target\":{\"@type\":\"EntryPoint\",\"urlTemplate\":\"https:\/\/weltlaeden.de\/bremerhaven\/?s={search_term_string}\"},\"query-input\":{\"@type\":\"PropertyValueSpecification\",\"valueRequired\":true,\"valueName\":\"search_term_string\"}}],\"inLanguage\":\"de\"}]}<\/script>\n<!-- \/ Yoast SEO plugin. -->","yoast_head_json":{"title":"Unser Laden - Weltladen Bremerhaven","robots":{"index":"index","follow":"follow","max-snippet":"max-snippet:-1","max-image-preview":"max-image-preview:large","max-video-preview":"max-video-preview:-1"},"canonical":"https:\/\/weltlaeden.de\/bremerhaven\/https-weltlaeden-de-bremerhaven-2\/","og_locale":"de_DE","og_type":"article","og_title":"Unser Laden - Weltladen Bremerhaven","og_description":"[vc_row][vc_column][vc_column_text] Was Sie auf dieser Website finden: [\/vc_column_text][vc_separator color=&#8220;orange&#8220; border_width=&#8220;4&#8243;][vc_empty_space height=&#8220;20px&#8220;][vc_row_inner][vc_column_inner width=&#8220;1\/4&#8243;][\/vc_column_inner][vc_column_inner width=&#8220;1\/4&#8243;][\/vc_column_inner][vc_column_inner width=&#8220;1\/4&#8243;][\/vc_column_inner][vc_column_inner width=&#8220;1\/4&#8243;][\/vc_column_inner][\/vc_row_inner][vc_separator color=&#8220;orange&#8220; border_width=&#8220;3&#8243;][\/vc_column][vc_column][\/vc_column][\/vc_row][vc_row][vc_column][\/vc_column][\/vc_row][vc_row][vc_column][\/vc_column][\/vc_row]","og_url":"https:\/\/weltlaeden.de\/bremerhaven\/https-weltlaeden-de-bremerhaven-2\/","og_site_name":"Weltladen Bremerhaven","article_modified_time":"2023-11-10T08:53:45+00:00","og_image":[{"url":"https:\/\/weltlaeden.de\/bremerhaven\/wp-content\/uploads\/sites\/33\/2021\/01\/20200222_101145-e1611141164467-261x300.jpg","type":"","width":"","height":""}],"twitter_card":"summary_large_image","twitter_misc":{"Gesch\u00e4tzte Lesezeit":"2\u00a0Minuten"},"schema":{"@context":"https:\/\/schema.org","@graph":[{"@type":"WebPage","@id":"https:\/\/weltlaeden.de\/bremerhaven\/https-weltlaeden-de-bremerhaven-2\/","url":"https:\/\/weltlaeden.de\/bremerhaven\/https-weltlaeden-de-bremerhaven-2\/","name":"Unser Laden - Weltladen Bremerhaven","isPartOf":{"@id":"https:\/\/weltlaeden.de\/bremerhaven\/#website"},"primaryImageOfPage":{"@id":"https:\/\/weltlaeden.de\/bremerhaven\/https-weltlaeden-de-bremerhaven-2\/#primaryimage"},"image":{"@id":"https:\/\/weltlaeden.de\/bremerhaven\/https-weltlaeden-de-bremerhaven-2\/#primaryimage"},"thumbnailUrl":"https:\/\/weltlaeden.de\/bremerhaven\/wp-content\/uploads\/sites\/33\/2021\/01\/20200222_101145-e1611141164467-261x300.jpg","datePublished":"2023-11-07T10:48:27+00:00","dateModified":"2023-11-10T08:53:45+00:00","breadcrumb":{"@id":"https:\/\/weltlaeden.de\/bremerhaven\/https-weltlaeden-de-bremerhaven-2\/#breadcrumb"},"inLanguage":"de","potentialAction":[{"@type":"ReadAction","target":["https:\/\/weltlaeden.de\/bremerhaven\/https-weltlaeden-de-bremerhaven-2\/"]}]},{"@type":"ImageObject","inLanguage":"de","@id":"https:\/\/weltlaeden.de\/bremerhaven\/https-weltlaeden-de-bremerhaven-2\/#primaryimage","url":"https:\/\/weltlaeden.de\/bremerhaven\/wp-content\/uploads\/sites\/33\/2021\/01\/20200222_101145-e1611141164467.jpg","contentUrl":"https:\/\/weltlaeden.de\/bremerhaven\/wp-content\/uploads\/sites\/33\/2021\/01\/20200222_101145-e1611141164467.jpg","width":1075,"height":1238},{"@type":"BreadcrumbList","@id":"https:\/\/weltlaeden.de\/bremerhaven\/https-weltlaeden-de-bremerhaven-2\/#breadcrumb","itemListElement":[{"@type":"ListItem","position":1,"name":"Startseite","item":"https:\/\/weltlaeden.de\/bremerhaven\/"},{"@type":"ListItem","position":2,"name":"Unser Laden"}]},{"@type":"WebSite","@id":"https:\/\/weltlaeden.de\/bremerhaven\/#website","url":"https:\/\/weltlaeden.de\/bremerhaven\/","name":"Weltladen Bremerhaven","description":"Faire Produkte seit 1990","potentialAction":[{"@type":"SearchAction","target":{"@type":"EntryPoint","urlTemplate":"https:\/\/weltlaeden.de\/bremerhaven\/?s={search_term_string}"},"query-input":{"@type":"PropertyValueSpecification","valueRequired":true,"valueName":"search_term_string"}}],"inLanguage":"de"}]}},"_links":{"self":[{"href":"https:\/\/weltlaeden.de\/bremerhaven\/wp-json\/wp\/v2\/pages\/4385","targetHints":{"allow":["GET"]}}],"collection":[{"href":"https:\/\/weltlaeden.de\/bremerhaven\/wp-json\/wp\/v2\/pages"}],"about":[{"href":"https:\/\/weltlaeden.de\/bremerhaven\/wp-json\/wp\/v2\/types\/page"}],"author":[{"embeddable":true,"href":"https:\/\/weltlaeden.de\/bremerhaven\/wp-json\/wp\/v2\/users\/55"}],"replies":[{"embeddable":true,"href":"https:\/\/weltlaeden.de\/bremerhaven\/wp-json\/wp\/v2\/comments?post=4385"}],"version-history":[{"count":2,"href":"https:\/\/weltlaeden.de\/bremerhaven\/wp-json\/wp\/v2\/pages\/4385\/revisions"}],"predecessor-version":[{"id":4639,"href":"https:\/\/weltlaeden.de\/bremerhaven\/wp-json\/wp\/v2\/pages\/4385\/revisions\/4639"}],"wp:attachment":[{"href":"https:\/\/weltlaeden.de\/bremerhaven\/wp-json\/wp\/v2\/media?parent=4385"}],"curies":[{"name":"wp","href":"https:\/\/api.w.org\/{rel}","templated":true}]}}