{"id":2562,"date":"2020-07-22T10:34:13","date_gmt":"2020-07-22T08:34:13","guid":{"rendered":"https:\/\/weltlaeden.de\/bremerhaven\/?page_id=2562"},"modified":"2024-04-08T13:44:27","modified_gmt":"2024-04-08T11:44:27","slug":"wein-und-sekt","status":"publish","type":"page","link":"https:\/\/weltlaeden.de\/bremerhaven\/produkte\/wein-und-sekt\/","title":{"rendered":"Wein und Sekt"},"content":{"rendered":"<div class=\"wpb-content-wrapper\"><p>[vc_row][vc_column][vc_column_text]<\/p>\n<h1 style=\"text-align: center\">Unsere Ros\u00e9weine<\/h1>\n<p>[\/vc_column_text][vc_separator color=&#8220;orange&#8220;][\/vc_column][\/vc_row][vc_row][vc_column width=&#8220;1\/2&#8243;][vc_single_image image=&#8220;4391&#8243; img_size=&#8220;medium&#8220;][vc_column_text]<strong>Koopmanskloof Pinotage Ros\u00e9, Ros\u00e9wein<\/strong><\/p>\n<p><strong>Rose aus S\u00fcdafrika &#8211; halbtrocken<\/strong><\/p>\n<p>vollmundig, weich mit einem ausgepr\u00e4gten Erdbeer- und Himbeeraroma passt der Wein gek\u00fchlt zu leichten Gerichten<\/p>\n<p>[\/vc_column_text][\/vc_column][vc_column width=&#8220;1\/2&#8243;][vc_single_image image=&#8220;4390&#8243; img_size=&#8220;medium&#8220;][vc_column_text]<strong>Goue Vallei Ros\u00e9wein<\/strong><\/p>\n<p><strong>Ros\u00e9wein aus S\u00fcdafrika &#8211; trocken<\/strong><\/p>\n<p>ein fruchtiger Wein mit dezenter Note von Stachelbeeren, Erdbeeren und roten Fr\u00fcchten. Genie\u00dfen Sie ihn zu leichten Vorspeisen, zu Gefl\u00fcgel und zu Salat[\/vc_column_text][\/vc_column][\/vc_row][vc_row][vc_column][vc_column_text]<\/p>\n<h1 style=\"text-align: center\">Unsere Rotweine<\/h1>\n<p>[\/vc_column_text][\/vc_column][\/vc_row][vc_row][vc_column width=&#8220;1\/2&#8243;][vc_single_image image=&#8220;4402&#8243; img_size=&#8220;medium&#8220;][vc_column_text]<strong>Bio Lautaro Cabernet Sauvignon<\/strong><\/p>\n<p><strong>Rotwein aus Chile &#8211; trocken<\/strong><\/p>\n<p>Fruchtiges Aroma mit Paprika-, Vanille- und Pfeffernoten und zeichnet sich durch seine rubinrote Farbe aus. Genie\u00dfen Sie ihn zu w\u00fcrzigen Gerichten, Fleisch und K\u00e4se. Damit er sein volles Bouquet entfalten kann, empfehlen wir, den Wein eine Stunde vorher zu dekantieren.[\/vc_column_text][\/vc_column][vc_column width=&#8220;1\/2&#8243;][vc_single_image image=&#8220;4403&#8243; img_size=&#8220;medium&#8220;][vc_column_text]<strong>Vida Organica Malbec<\/strong><\/p>\n<p><strong>Rotwein aus Argentinien &#8211; trocken<\/strong><\/p>\n<p>tiefes Purpur, vibrierende Aromen reifer Kirschen, Pflaumen und Himbeeren und einer leichten Ahnung zarter Gew\u00fcrze. Herrlich fruchtig mit kr\u00e4ftigem K\u00f6rper und \u00fcberzeugender Struktur; wundersch\u00f6ne Tannine langer Abgang<br \/>\nAnbaugebiet: Argentinien[\/vc_column_text][\/vc_column][\/vc_row][vc_row][vc_column][vc_column_text]<\/p>\n<h1 style=\"text-align: center\">Unsere Wei\u00dfweine<\/h1>\n<p>[\/vc_column_text][\/vc_column][\/vc_row][vc_row][vc_column width=&#8220;1\/3&#8243;][vc_single_image image=&#8220;4416&#8243; img_size=&#8220;medium&#8220;][vc_column_text]<strong>Kloopmanskloof<\/strong><\/p>\n<p><strong>Sauvignons Blanc \u2013 Wei\u00dfwein aus S\u00fcdafrika, trocken<\/strong><\/p>\n<p>trockener s\u00fcdafrikanischer Wei\u00dfwein mit einer besonderen Frische der Sauvignon Traube<\/p>\n<p>und passt wunderbar zu Fisch und Meeresfr\u00fcchten<\/p>\n<p>Die Rebsorte hat ihren Ursprung in Frankreich[\/vc_column_text][\/vc_column][vc_column width=&#8220;1\/3&#8243;][vc_empty_space height=&#8220;160&#8243;][vc_empty_space height=&#8220;160&#8243;][vc_column_text]<strong>Stellar Organic<\/strong><\/p>\n<p><strong>Sauvignons Blanc &#8211; Wei\u00dfwein aus S\u00fcdafrika, trocken<\/strong><\/p>\n<p>Endlich auch ein toller, fruchtiger Wei\u00dfwein ohne Schwefelzusatz! Der Zukauf und anschlie\u00dfende Ausbau des neuen Kellers bei Vredendal erm\u00f6glicht nochmals einen weiteren Qualit\u00e4tssprung und schafft auch neue Kapazit\u00e4t en f\u00fcr die schwefelfreie Vinifizierung von Wei\u00dfweinen. Gut trinkbar, frisch, leicht apfelig &#8211; gelungen! Nach dem \u00d6ffnen k\u00fchl lagern und bald austrinken.<\/p>\n<p>Die Rebsorte hat ihren Ursprung in Frankreich[\/vc_column_text][\/vc_column][vc_column width=&#8220;1\/3&#8243;][vc_single_image image=&#8220;4415&#8243; img_size=&#8220;medium&#8220;][vc_column_text]<strong>Kimche Chardonnay<\/strong><\/p>\n<p><strong>Chilenischer Wei\u00dfwein, Valle de Maule, trocken<\/strong><\/p>\n<p>Durch die ausgew\u00e4hlten chilenischen Trauben verstr\u00f6mt dieser Wein ein \u00fcppiges Fruchtaroma von Zitrone, Ananas und Honig. Frisch, mit feiner Akaziennote und einem Hauch Muskat.<br \/>\nDer Wei\u00dfwein l\u00e4sst sich am besten bei einer Temperatur von 10\u00b0 C zu Gerichten mit Parmesan oder Fisch genie\u00dfen.<\/p>\n<p>[\/vc_column_text][\/vc_column][\/vc_row]<\/p>\n<\/div>","protected":false},"excerpt":{"rendered":"<p>[vc_row][vc_column][vc_column_text] Unsere Ros\u00e9weine [\/vc_column_text][vc_separator color=&#8220;orange&#8220;][\/vc_column][\/vc_row][vc_row][vc_column width=&#8220;1\/2&#8243;][vc_single_image image=&#8220;4391&#8243; img_size=&#8220;medium&#8220;][vc_column_text]Koopmanskloof Pinotage Ros\u00e9, Ros\u00e9wein Rose aus S\u00fcdafrika &#8211; halbtrocken vollmundig, weich mit einem ausgepr\u00e4gten Erdbeer- und Himbeeraroma passt der Wein gek\u00fchlt zu leichten Gerichten [\/vc_column_text][\/vc_column][vc_column width=&#8220;1\/2&#8243;][vc_single_image image=&#8220;4390&#8243; img_size=&#8220;medium&#8220;][vc_column_text]Goue Vallei Ros\u00e9wein Ros\u00e9wein aus S\u00fcdafrika &#8211; trocken ein fruchtiger Wein mit dezenter Note von Stachelbeeren, Erdbeeren und roten Fr\u00fcchten. Genie\u00dfen&hellip;<\/p>\n","protected":false},"author":55,"featured_media":0,"parent":217,"menu_order":5,"comment_status":"closed","ping_status":"closed","template":"","meta":{"footnotes":""},"class_list":["post-2562","page","type-page","status-publish","hentry","description-off"],"yoast_head":"<!-- This site is optimized with the Yoast SEO plugin v26.8 - https:\/\/yoast.com\/product\/yoast-seo-wordpress\/ -->\n<title>Wein und Sekt - Weltladen Bremerhaven<\/title>\n<meta name=\"robots\" content=\"index, follow, max-snippet:-1, max-image-preview:large, max-video-preview:-1\" \/>\n<link rel=\"canonical\" href=\"https:\/\/weltlaeden.de\/bremerhaven\/produkte\/wein-und-sekt\/\" \/>\n<meta property=\"og:locale\" content=\"de_DE\" \/>\n<meta property=\"og:type\" content=\"article\" \/>\n<meta property=\"og:title\" content=\"Wein und Sekt - Weltladen Bremerhaven\" \/>\n<meta property=\"og:description\" content=\"[vc_row][vc_column][vc_column_text] Unsere Ros\u00e9weine [\/vc_column_text][vc_separator color=&#8220;orange&#8220;][\/vc_column][\/vc_row][vc_row][vc_column width=&#8220;1\/2&#8243;][vc_single_image image=&#8220;4391&#8243; img_size=&#8220;medium&#8220;][vc_column_text]Koopmanskloof Pinotage Ros\u00e9, Ros\u00e9wein Rose aus S\u00fcdafrika &#8211; halbtrocken vollmundig, weich mit einem ausgepr\u00e4gten Erdbeer- und Himbeeraroma passt der Wein gek\u00fchlt zu leichten Gerichten [\/vc_column_text][\/vc_column][vc_column width=&#8220;1\/2&#8243;][vc_single_image image=&#8220;4390&#8243; img_size=&#8220;medium&#8220;][vc_column_text]Goue Vallei Ros\u00e9wein Ros\u00e9wein aus S\u00fcdafrika &#8211; trocken ein fruchtiger Wein mit dezenter Note von Stachelbeeren, Erdbeeren und roten Fr\u00fcchten. Genie\u00dfen&hellip;\" \/>\n<meta property=\"og:url\" content=\"https:\/\/weltlaeden.de\/bremerhaven\/produkte\/wein-und-sekt\/\" \/>\n<meta property=\"og:site_name\" content=\"Weltladen Bremerhaven\" \/>\n<meta property=\"article:modified_time\" content=\"2024-04-08T11:44:27+00:00\" \/>\n<meta name=\"twitter:card\" content=\"summary_large_image\" \/>\n<meta name=\"twitter:label1\" content=\"Gesch\u00e4tzte Lesezeit\" \/>\n\t<meta name=\"twitter:data1\" content=\"2\u00a0Minuten\" \/>\n<script type=\"application\/ld+json\" class=\"yoast-schema-graph\">{\"@context\":\"https:\/\/schema.org\",\"@graph\":[{\"@type\":\"WebPage\",\"@id\":\"https:\/\/weltlaeden.de\/bremerhaven\/produkte\/wein-und-sekt\/\",\"url\":\"https:\/\/weltlaeden.de\/bremerhaven\/produkte\/wein-und-sekt\/\",\"name\":\"Wein und Sekt - Weltladen Bremerhaven\",\"isPartOf\":{\"@id\":\"https:\/\/weltlaeden.de\/bremerhaven\/#website\"},\"datePublished\":\"2020-07-22T08:34:13+00:00\",\"dateModified\":\"2024-04-08T11:44:27+00:00\",\"breadcrumb\":{\"@id\":\"https:\/\/weltlaeden.de\/bremerhaven\/produkte\/wein-und-sekt\/#breadcrumb\"},\"inLanguage\":\"de\",\"potentialAction\":[{\"@type\":\"ReadAction\",\"target\":[\"https:\/\/weltlaeden.de\/bremerhaven\/produkte\/wein-und-sekt\/\"]}]},{\"@type\":\"BreadcrumbList\",\"@id\":\"https:\/\/weltlaeden.de\/bremerhaven\/produkte\/wein-und-sekt\/#breadcrumb\",\"itemListElement\":[{\"@type\":\"ListItem\",\"position\":1,\"name\":\"Startseite\",\"item\":\"https:\/\/weltlaeden.de\/bremerhaven\/\"},{\"@type\":\"ListItem\",\"position\":2,\"name\":\"Unser Sortiment\",\"item\":\"https:\/\/weltlaeden.de\/bremerhaven\/produkte\/\"},{\"@type\":\"ListItem\",\"position\":3,\"name\":\"Wein und Sekt\"}]},{\"@type\":\"WebSite\",\"@id\":\"https:\/\/weltlaeden.de\/bremerhaven\/#website\",\"url\":\"https:\/\/weltlaeden.de\/bremerhaven\/\",\"name\":\"Weltladen Bremerhaven\",\"description\":\"Faire Produkte seit 1990\",\"potentialAction\":[{\"@type\":\"SearchAction\",\"target\":{\"@type\":\"EntryPoint\",\"urlTemplate\":\"https:\/\/weltlaeden.de\/bremerhaven\/?s={search_term_string}\"},\"query-input\":{\"@type\":\"PropertyValueSpecification\",\"valueRequired\":true,\"valueName\":\"search_term_string\"}}],\"inLanguage\":\"de\"}]}<\/script>\n<!-- \/ Yoast SEO plugin. -->","yoast_head_json":{"title":"Wein und Sekt - Weltladen Bremerhaven","robots":{"index":"index","follow":"follow","max-snippet":"max-snippet:-1","max-image-preview":"max-image-preview:large","max-video-preview":"max-video-preview:-1"},"canonical":"https:\/\/weltlaeden.de\/bremerhaven\/produkte\/wein-und-sekt\/","og_locale":"de_DE","og_type":"article","og_title":"Wein und Sekt - Weltladen Bremerhaven","og_description":"[vc_row][vc_column][vc_column_text] Unsere Ros\u00e9weine [\/vc_column_text][vc_separator color=&#8220;orange&#8220;][\/vc_column][\/vc_row][vc_row][vc_column width=&#8220;1\/2&#8243;][vc_single_image image=&#8220;4391&#8243; img_size=&#8220;medium&#8220;][vc_column_text]Koopmanskloof Pinotage Ros\u00e9, Ros\u00e9wein Rose aus S\u00fcdafrika &#8211; halbtrocken vollmundig, weich mit einem ausgepr\u00e4gten Erdbeer- und Himbeeraroma passt der Wein gek\u00fchlt zu leichten Gerichten [\/vc_column_text][\/vc_column][vc_column width=&#8220;1\/2&#8243;][vc_single_image image=&#8220;4390&#8243; img_size=&#8220;medium&#8220;][vc_column_text]Goue Vallei Ros\u00e9wein Ros\u00e9wein aus S\u00fcdafrika &#8211; trocken ein fruchtiger Wein mit dezenter Note von Stachelbeeren, Erdbeeren und roten Fr\u00fcchten. Genie\u00dfen&hellip;","og_url":"https:\/\/weltlaeden.de\/bremerhaven\/produkte\/wein-und-sekt\/","og_site_name":"Weltladen Bremerhaven","article_modified_time":"2024-04-08T11:44:27+00:00","twitter_card":"summary_large_image","twitter_misc":{"Gesch\u00e4tzte Lesezeit":"2\u00a0Minuten"},"schema":{"@context":"https:\/\/schema.org","@graph":[{"@type":"WebPage","@id":"https:\/\/weltlaeden.de\/bremerhaven\/produkte\/wein-und-sekt\/","url":"https:\/\/weltlaeden.de\/bremerhaven\/produkte\/wein-und-sekt\/","name":"Wein und Sekt - Weltladen Bremerhaven","isPartOf":{"@id":"https:\/\/weltlaeden.de\/bremerhaven\/#website"},"datePublished":"2020-07-22T08:34:13+00:00","dateModified":"2024-04-08T11:44:27+00:00","breadcrumb":{"@id":"https:\/\/weltlaeden.de\/bremerhaven\/produkte\/wein-und-sekt\/#breadcrumb"},"inLanguage":"de","potentialAction":[{"@type":"ReadAction","target":["https:\/\/weltlaeden.de\/bremerhaven\/produkte\/wein-und-sekt\/"]}]},{"@type":"BreadcrumbList","@id":"https:\/\/weltlaeden.de\/bremerhaven\/produkte\/wein-und-sekt\/#breadcrumb","itemListElement":[{"@type":"ListItem","position":1,"name":"Startseite","item":"https:\/\/weltlaeden.de\/bremerhaven\/"},{"@type":"ListItem","position":2,"name":"Unser Sortiment","item":"https:\/\/weltlaeden.de\/bremerhaven\/produkte\/"},{"@type":"ListItem","position":3,"name":"Wein und Sekt"}]},{"@type":"WebSite","@id":"https:\/\/weltlaeden.de\/bremerhaven\/#website","url":"https:\/\/weltlaeden.de\/bremerhaven\/","name":"Weltladen Bremerhaven","description":"Faire Produkte seit 1990","potentialAction":[{"@type":"SearchAction","target":{"@type":"EntryPoint","urlTemplate":"https:\/\/weltlaeden.de\/bremerhaven\/?s={search_term_string}"},"query-input":{"@type":"PropertyValueSpecification","valueRequired":true,"valueName":"search_term_string"}}],"inLanguage":"de"}]}},"_links":{"self":[{"href":"https:\/\/weltlaeden.de\/bremerhaven\/wp-json\/wp\/v2\/pages\/2562","targetHints":{"allow":["GET"]}}],"collection":[{"href":"https:\/\/weltlaeden.de\/bremerhaven\/wp-json\/wp\/v2\/pages"}],"about":[{"href":"https:\/\/weltlaeden.de\/bremerhaven\/wp-json\/wp\/v2\/types\/page"}],"author":[{"embeddable":true,"href":"https:\/\/weltlaeden.de\/bremerhaven\/wp-json\/wp\/v2\/users\/55"}],"replies":[{"embeddable":true,"href":"https:\/\/weltlaeden.de\/bremerhaven\/wp-json\/wp\/v2\/comments?post=2562"}],"version-history":[{"count":31,"href":"https:\/\/weltlaeden.de\/bremerhaven\/wp-json\/wp\/v2\/pages\/2562\/revisions"}],"predecessor-version":[{"id":4418,"href":"https:\/\/weltlaeden.de\/bremerhaven\/wp-json\/wp\/v2\/pages\/2562\/revisions\/4418"}],"up":[{"embeddable":true,"href":"https:\/\/weltlaeden.de\/bremerhaven\/wp-json\/wp\/v2\/pages\/217"}],"wp:attachment":[{"href":"https:\/\/weltlaeden.de\/bremerhaven\/wp-json\/wp\/v2\/media?parent=2562"}],"curies":[{"name":"wp","href":"https:\/\/api.w.org\/{rel}","templated":true}]}}