{"id":218,"date":"2016-10-28T13:34:47","date_gmt":"2016-10-28T11:34:47","guid":{"rendered":"https:\/\/wl.heimpixel.de\/vorlage\/fairer-handel\/"},"modified":"2024-04-18T17:39:35","modified_gmt":"2024-04-18T15:39:35","slug":"fairer-handel","status":"publish","type":"page","link":"https:\/\/weltlaeden.de\/bremerhaven\/fairer-handel\/","title":{"rendered":"Fairer Handel"},"content":{"rendered":"<div class=\"wpb-content-wrapper\"><p>[vc_row][vc_column]<div class=\"wl_einzelbild\"><p><img loading=\"lazy\" decoding=\"async\" class=\"alignnone size-full wp-image-nsm-3-15\" src=\"https:\/\/weltlaeden.de\/bremerhaven\/wp-content\/uploads\/sites\/3\/2016\/11\/FairerHandel_ElPuente_Fingerpuppen_EccoExe_Peru.jpg\" alt=\"\" width=\"1200\" height=\"519\" \/><\/p><\/div>[\/vc_column][\/vc_row][vc_row][vc_column][vc_empty_space][vc_column_text]<\/p>\n<h1>Fairer Handel bedeutet f\u00fcr Weltl\u00e4den..<\/h1>\n<p>[\/vc_column_text][vc_column_text]<\/p>\n<div class=\"wpb_text_column wpb_content_element \">\n<div class=\"wpb_wrapper\">\n<p><strong>Verkaufen: <\/strong>Weil der Verkauf fair gehandelter Produkte das Leben der Produzentinnen und Produzenten verbessert.<\/p>\n<p><strong>Informieren: <\/strong>Weil politische Kampagnen die Rahmenbedingungen f\u00fcr die Menschen im Globalen S\u00fcden ver\u00e4ndern k\u00f6nnen.<\/p>\n<p><strong>Lernen:<\/strong> Weil Mitarbeiterinnen und Mitarbeiter sowie Kundinnen und Kunden viel \u00fcber die globalisierte Welt wissen sollten, um zu verstehen, wie unser Konsum die Welt ver\u00e4ndert \u2013 zum Guten oder zum Schlechten.<\/p>\n<\/div>\n<\/div>\n<p>[\/vc_column_text][vc_empty_space height=&#8220;20px&#8220;]<div class=\"wl_einzelbild\"><p><\/p>\n<h4><span style=\"color: #808000\"><em><strong>Wie funktioniert&#8217;s?\u00a0 <\/strong><\/em><\/span><span style=\"color: #993300\"><a href=\"https:\/\/www.youtube.com\/watch?v=Wp6ihGeXGzk\" target=\"_blank\" rel=\"noopener\"><span style=\"color: #ff6600\">Der Faire Handel der Weltl\u00e4den<br \/>\n<\/span><\/a><\/span><span style=\"color: #808000\"><em><strong>Der Film erkl\u00e4rt, wie der Faire Handel der Weltl\u00e4den funktioniert und was ihn so besonders macht.<br \/>\n<\/strong><\/em><\/span><\/h4>\n<p style=\"padding-left: 90px\"><a href=\"https:\/\/www.youtube.com\/watch?v=T24rrtcdSb4\" target=\"_blank\" rel=\"noopener\"><img loading=\"lazy\" decoding=\"async\" class=\"alignnone wp-image-2207\" src=\"https:\/\/weltlaeden.de\/bremerhaven\/wp-content\/uploads\/sites\/33\/2020\/02\/FFH1-Was-ist-Fairer-Handel-300x184.jpg\" alt=\"\" width=\"286\" height=\"175\" srcset=\"https:\/\/weltlaeden.de\/bremerhaven\/wp-content\/uploads\/sites\/33\/2020\/02\/FFH1-Was-ist-Fairer-Handel-300x184.jpg 300w, https:\/\/weltlaeden.de\/bremerhaven\/wp-content\/uploads\/sites\/33\/2020\/02\/FFH1-Was-ist-Fairer-Handel-768x471.jpg 768w, https:\/\/weltlaeden.de\/bremerhaven\/wp-content\/uploads\/sites\/33\/2020\/02\/FFH1-Was-ist-Fairer-Handel.jpg 909w\" sizes=\"auto, (max-width: 286px) 100vw, 286px\" \/><\/a> <a href=\"https:\/\/www.youtube.com\/watch?v=U9iL85gRexk\" target=\"_blank\" rel=\"noopener\"><img loading=\"lazy\" decoding=\"async\" class=\"alignnone wp-image-2208\" src=\"https:\/\/weltlaeden.de\/bremerhaven\/wp-content\/uploads\/sites\/33\/2020\/02\/FFH2-Was-ist-ein-Fair-Handels-Unternehmen-300x173.jpg\" alt=\"\" width=\"316\" height=\"182\" srcset=\"https:\/\/weltlaeden.de\/bremerhaven\/wp-content\/uploads\/sites\/33\/2020\/02\/FFH2-Was-ist-ein-Fair-Handels-Unternehmen-300x173.jpg 300w, https:\/\/weltlaeden.de\/bremerhaven\/wp-content\/uploads\/sites\/33\/2020\/02\/FFH2-Was-ist-ein-Fair-Handels-Unternehmen-768x442.jpg 768w, https:\/\/weltlaeden.de\/bremerhaven\/wp-content\/uploads\/sites\/33\/2020\/02\/FFH2-Was-ist-ein-Fair-Handels-Unternehmen.jpg 944w\" sizes=\"auto, (max-width: 316px) 100vw, 316px\" \/><\/a><\/p>\n<p style=\"padding-left: 120px\"><a href=\"https:\/\/www.youtube.com\/watch?v=ApEU7WfZqW4\" target=\"_blank\" rel=\"noopener\"><img loading=\"lazy\" decoding=\"async\" class=\"alignnone wp-image-2209\" src=\"https:\/\/weltlaeden.de\/bremerhaven\/wp-content\/uploads\/sites\/33\/2020\/02\/FFH3-Wie-erkennst-du-fair-gehandelte-Produkte-300x198.jpg\" alt=\"\" width=\"265\" height=\"175\" srcset=\"https:\/\/weltlaeden.de\/bremerhaven\/wp-content\/uploads\/sites\/33\/2020\/02\/FFH3-Wie-erkennst-du-fair-gehandelte-Produkte-300x198.jpg 300w, https:\/\/weltlaeden.de\/bremerhaven\/wp-content\/uploads\/sites\/33\/2020\/02\/FFH3-Wie-erkennst-du-fair-gehandelte-Produkte-768x506.jpg 768w, https:\/\/weltlaeden.de\/bremerhaven\/wp-content\/uploads\/sites\/33\/2020\/02\/FFH3-Wie-erkennst-du-fair-gehandelte-Produkte.jpg 914w\" sizes=\"auto, (max-width: 265px) 100vw, 265px\" \/><\/a> <a href=\"https:\/\/www.youtube.com\/watch?v=HIULHgATyDE\" target=\"_blank\" rel=\"noopener\"><img loading=\"lazy\" decoding=\"async\" class=\"alignnone wp-image-2210\" src=\"https:\/\/weltlaeden.de\/bremerhaven\/wp-content\/uploads\/sites\/33\/2020\/02\/FFH4-Warum-gibt-es-fair-gehandelte-Produkte-aus-dem-Globalen-Norden-300x180.jpg\" alt=\"\" width=\"292\" height=\"175\" srcset=\"https:\/\/weltlaeden.de\/bremerhaven\/wp-content\/uploads\/sites\/33\/2020\/02\/FFH4-Warum-gibt-es-fair-gehandelte-Produkte-aus-dem-Globalen-Norden-300x180.jpg 300w, https:\/\/weltlaeden.de\/bremerhaven\/wp-content\/uploads\/sites\/33\/2020\/02\/FFH4-Warum-gibt-es-fair-gehandelte-Produkte-aus-dem-Globalen-Norden-768x460.jpg 768w, https:\/\/weltlaeden.de\/bremerhaven\/wp-content\/uploads\/sites\/33\/2020\/02\/FFH4-Warum-gibt-es-fair-gehandelte-Produkte-aus-dem-Globalen-Norden.jpg 938w\" sizes=\"auto, (max-width: 292px) 100vw, 292px\" \/><\/a><\/p>\n<p><\/p><\/div>[\/vc_column][\/vc_row][vc_row][vc_column][vc_empty_space][vc_column_text]<\/p>\n<h1>Kriterien des Fairen Handels<\/h1>\n<p>[\/vc_column_text][vc_column_text]<\/p>\n<div class=\"wpb_text_column wpb_content_element \">\n<div class=\"wpb_wrapper\">\n<p><span class=\"normal\"><strong>Die Konvention der Weltl\u00e4den<\/strong> ist das Grundsatzpapier f\u00fcr den Fairen Handel der Weltl\u00e4den und Fair-Handels-Gruppen. Sie wurde in einem jahrelangen Dialog gemeinsam entwickelt und erstmals 1997 von der Mitgliederversammlung des Weltladen-Dachverbandes beschlossen. Die Kriterien der Konvention der Weltl\u00e4den in der aktuellen Version decken sich mit den zehn Prinzipien der World Fair Trade Organization (<a href=\"http:\/\/www.wfto.com\">WFTO<\/a>).<br \/>\n<\/span><\/p>\n<p><span class=\"normal\">Fairer Handel, wie ihn die Weltl\u00e4den betreiben, strebt eine gleichberechtigte Partnerschaft des Nordens mit dem S\u00fcden an. Daher wendet die Konvention die Kriterien auf alle wesentlichen Akteure im Fairen Handel an: auf Produzent\/innen, Importeure sowie Weltl\u00e4den und Fair-Handels-Gruppen.<\/span><\/p>\n<\/div>\n<\/div>\n<p>[\/vc_column_text][vc_column_text]<span class=\"normal\"><strong>Grundkriterien der <a href=\"https:\/\/www.weltladen.de\/#kriterien-fuer-fairen-handel-menu-3376\">Konvention:<\/a><\/strong><\/span><\/p>\n<ul>\n<li>Handelspraktiken<\/li>\n<li>Arbeitsbedingungen<\/li>\n<li>Transparenz<\/li>\n<li>Bildungs- und Informationsarbeit<\/li>\n<li>\u00d6ffentlichkeitsarbeit<\/li>\n<li>Umweltschutz<\/li>\n<li>Erg\u00e4nzungsprodukte (z. B. regionale Produkte)<\/li>\n<\/ul>\n<p>[\/vc_column_text][\/vc_column][\/vc_row][vc_row][vc_column][vc_empty_space][vc_column_text]<\/p>\n<h1>Links zu Akteuren des Fairen Handels<\/h1>\n<p>[\/vc_column_text][vc_column_text]<\/p>\n<div class=\"wpb_text_column wpb_content_element \">\n<div class=\"wpb_wrapper\">\n<p><strong>Weltl\u00e4den<\/strong><\/p>\n<ul>\n<li><a href=\"http:\/\/www.weltladen.de\" target=\"_blank\" rel=\"noopener\">Weltladen-Dachverband<\/a><\/li>\n<\/ul>\n<p><strong>Importorganisationen (Auswahl)<br \/>\n<\/strong><\/p>\n<ul>\n<li><a href=\"http:\/\/www.banafair.de\" target=\"_blank\" rel=\"noopener\">BanaFair<\/a><\/li>\n<li><a href=\"http:\/\/www.dwp-rv.de\" target=\"_blank\" rel=\"noopener\">dwp<\/a><\/li>\n<li><a href=\"http:\/\/www.el-puente.de\" target=\"_blank\" rel=\"noopener\">El Puente<\/a><\/li>\n<li><a href=\"http:\/\/www.gepa.de\/\" target=\"_blank\" rel=\"noopener\">GEPA \u2013 The Fair Trade Company<\/a><\/li>\n<li><a href=\"https:\/\/www.globo-fairtrade.com\/\" target=\"_blank\" rel=\"noopener\">GLOBO<\/a><\/li>\n<\/ul>\n<p><strong>Netzwerke und Infos \u00fcber Produzent\/innen<br \/>\n<\/strong><\/p>\n<ul>\n<li><a href=\"http:\/\/www.forum-fairer-handel.de\" target=\"_blank\" rel=\"noopener\">Forum Fairer Handel<\/a><\/li>\n<li><a href=\"https:\/\/www.fair-band.de\" target=\"_blank\" rel=\"noopener\">FAIR BAND<\/a><\/li>\n<li><a href=\"http:\/\/www.wfto.com\/\" target=\"_blank\" rel=\"noopener\">World Fair Trade Organization\u00a0(WFTO)<\/a><\/li>\n<li><a href=\"http:\/\/fairtrade.de\">fairtrade.de<\/a><\/li>\n<\/ul>\n<p><strong>Siegelorganisationen<\/strong><\/p>\n<ul>\n<li><a href=\"http:\/\/www.naturland.de\/index.php?option=com_content&amp;view=category&amp;layout=blog&amp;id=148&amp;Itemid=888&amp;lang=de\">Naturland Fair<\/a><\/li>\n<li><a href=\"http:\/\/www.fairtrade-deutschland.de\" target=\"_blank\" rel=\"noopener\">Fairtrade Deutschland<\/a><\/li>\n<li><a href=\"http:\/\/www.fairtrade.net\" target=\"_blank\" rel=\"noopener\">Fairtrade International<\/a><\/li>\n<\/ul>\n<p><strong>Faire Kakaopreise<\/strong><\/p>\n<ul>\n<li><a href=\"https:\/\/www.inkota.de\/faire-kakaopreise\" target=\"_blank\" rel=\"noopener\">Faire Preise<\/a><\/li>\n<\/ul>\n<\/div>\n<\/div>\n<p>[\/vc_column_text][\/vc_column][\/vc_row][vc_row][vc_column][\/vc_column][\/vc_row]<\/p>\n<\/div>","protected":false},"excerpt":{"rendered":"<p>[vc_row][vc_column][\/vc_column][\/vc_row][vc_row][vc_column][vc_empty_space][vc_column_text] Fairer Handel bedeutet f\u00fcr Weltl\u00e4den.. [\/vc_column_text][vc_column_text] Verkaufen: Weil der Verkauf fair gehandelter Produkte das Leben der Produzentinnen und Produzenten verbessert. Informieren: Weil politische Kampagnen die Rahmenbedingungen f\u00fcr die Menschen im Globalen S\u00fcden ver\u00e4ndern k\u00f6nnen. Lernen: Weil Mitarbeiterinnen und Mitarbeiter sowie Kundinnen und Kunden viel \u00fcber die globalisierte Welt wissen sollten, um zu verstehen, wie&hellip;<\/p>\n","protected":false},"author":1,"featured_media":0,"parent":0,"menu_order":11,"comment_status":"closed","ping_status":"closed","template":"","meta":{"footnotes":""},"class_list":["post-218","page","type-page","status-publish","hentry","description-off"],"yoast_head":"<!-- This site is optimized with the Yoast SEO plugin v26.8 - https:\/\/yoast.com\/product\/yoast-seo-wordpress\/ -->\n<title>Fairer Handel - Weltladen Bremerhaven<\/title>\n<meta name=\"robots\" content=\"index, follow, max-snippet:-1, max-image-preview:large, max-video-preview:-1\" \/>\n<link rel=\"canonical\" href=\"https:\/\/weltlaeden.de\/bremerhaven\/fairer-handel\/\" \/>\n<meta property=\"og:locale\" content=\"de_DE\" \/>\n<meta property=\"og:type\" content=\"article\" \/>\n<meta property=\"og:title\" content=\"Fairer Handel - Weltladen Bremerhaven\" \/>\n<meta property=\"og:description\" content=\"[vc_row][vc_column][\/vc_column][\/vc_row][vc_row][vc_column][vc_empty_space][vc_column_text] Fairer Handel bedeutet f\u00fcr Weltl\u00e4den.. [\/vc_column_text][vc_column_text] Verkaufen: Weil der Verkauf fair gehandelter Produkte das Leben der Produzentinnen und Produzenten verbessert. Informieren: Weil politische Kampagnen die Rahmenbedingungen f\u00fcr die Menschen im Globalen S\u00fcden ver\u00e4ndern k\u00f6nnen. Lernen: Weil Mitarbeiterinnen und Mitarbeiter sowie Kundinnen und Kunden viel \u00fcber die globalisierte Welt wissen sollten, um zu verstehen, wie&hellip;\" \/>\n<meta property=\"og:url\" content=\"https:\/\/weltlaeden.de\/bremerhaven\/fairer-handel\/\" \/>\n<meta property=\"og:site_name\" content=\"Weltladen Bremerhaven\" \/>\n<meta property=\"article:modified_time\" content=\"2024-04-18T15:39:35+00:00\" \/>\n<meta property=\"og:image\" content=\"https:\/\/weltlaeden.de\/bremerhaven\/wp-content\/uploads\/sites\/3\/2016\/11\/FairerHandel_ElPuente_Fingerpuppen_EccoExe_Peru.jpg\" \/>\n<meta name=\"twitter:card\" content=\"summary_large_image\" \/>\n<meta name=\"twitter:label1\" content=\"Gesch\u00e4tzte Lesezeit\" \/>\n\t<meta name=\"twitter:data1\" content=\"3\u00a0Minuten\" \/>\n<script type=\"application\/ld+json\" class=\"yoast-schema-graph\">{\"@context\":\"https:\/\/schema.org\",\"@graph\":[{\"@type\":\"WebPage\",\"@id\":\"https:\/\/weltlaeden.de\/bremerhaven\/fairer-handel\/\",\"url\":\"https:\/\/weltlaeden.de\/bremerhaven\/fairer-handel\/\",\"name\":\"Fairer Handel - Weltladen Bremerhaven\",\"isPartOf\":{\"@id\":\"https:\/\/weltlaeden.de\/bremerhaven\/#website\"},\"primaryImageOfPage\":{\"@id\":\"https:\/\/weltlaeden.de\/bremerhaven\/fairer-handel\/#primaryimage\"},\"image\":{\"@id\":\"https:\/\/weltlaeden.de\/bremerhaven\/fairer-handel\/#primaryimage\"},\"thumbnailUrl\":\"https:\/\/weltlaeden.de\/bremerhaven\/wp-content\/uploads\/sites\/3\/2016\/11\/FairerHandel_ElPuente_Fingerpuppen_EccoExe_Peru.jpg\",\"datePublished\":\"2016-10-28T11:34:47+00:00\",\"dateModified\":\"2024-04-18T15:39:35+00:00\",\"breadcrumb\":{\"@id\":\"https:\/\/weltlaeden.de\/bremerhaven\/fairer-handel\/#breadcrumb\"},\"inLanguage\":\"de\",\"potentialAction\":[{\"@type\":\"ReadAction\",\"target\":[\"https:\/\/weltlaeden.de\/bremerhaven\/fairer-handel\/\"]}]},{\"@type\":\"ImageObject\",\"inLanguage\":\"de\",\"@id\":\"https:\/\/weltlaeden.de\/bremerhaven\/fairer-handel\/#primaryimage\",\"url\":\"https:\/\/weltlaeden.de\/bremerhaven\/wp-content\/uploads\/sites\/3\/2016\/11\/FairerHandel_ElPuente_Fingerpuppen_EccoExe_Peru.jpg\",\"contentUrl\":\"https:\/\/weltlaeden.de\/bremerhaven\/wp-content\/uploads\/sites\/3\/2016\/11\/FairerHandel_ElPuente_Fingerpuppen_EccoExe_Peru.jpg\"},{\"@type\":\"BreadcrumbList\",\"@id\":\"https:\/\/weltlaeden.de\/bremerhaven\/fairer-handel\/#breadcrumb\",\"itemListElement\":[{\"@type\":\"ListItem\",\"position\":1,\"name\":\"Startseite\",\"item\":\"https:\/\/weltlaeden.de\/bremerhaven\/\"},{\"@type\":\"ListItem\",\"position\":2,\"name\":\"Fairer Handel\"}]},{\"@type\":\"WebSite\",\"@id\":\"https:\/\/weltlaeden.de\/bremerhaven\/#website\",\"url\":\"https:\/\/weltlaeden.de\/bremerhaven\/\",\"name\":\"Weltladen Bremerhaven\",\"description\":\"Faire Produkte seit 1990\",\"potentialAction\":[{\"@type\":\"SearchAction\",\"target\":{\"@type\":\"EntryPoint\",\"urlTemplate\":\"https:\/\/weltlaeden.de\/bremerhaven\/?s={search_term_string}\"},\"query-input\":{\"@type\":\"PropertyValueSpecification\",\"valueRequired\":true,\"valueName\":\"search_term_string\"}}],\"inLanguage\":\"de\"}]}<\/script>\n<!-- \/ Yoast SEO plugin. -->","yoast_head_json":{"title":"Fairer Handel - Weltladen Bremerhaven","robots":{"index":"index","follow":"follow","max-snippet":"max-snippet:-1","max-image-preview":"max-image-preview:large","max-video-preview":"max-video-preview:-1"},"canonical":"https:\/\/weltlaeden.de\/bremerhaven\/fairer-handel\/","og_locale":"de_DE","og_type":"article","og_title":"Fairer Handel - Weltladen Bremerhaven","og_description":"[vc_row][vc_column][\/vc_column][\/vc_row][vc_row][vc_column][vc_empty_space][vc_column_text] Fairer Handel bedeutet f\u00fcr Weltl\u00e4den.. [\/vc_column_text][vc_column_text] Verkaufen: Weil der Verkauf fair gehandelter Produkte das Leben der Produzentinnen und Produzenten verbessert. Informieren: Weil politische Kampagnen die Rahmenbedingungen f\u00fcr die Menschen im Globalen S\u00fcden ver\u00e4ndern k\u00f6nnen. Lernen: Weil Mitarbeiterinnen und Mitarbeiter sowie Kundinnen und Kunden viel \u00fcber die globalisierte Welt wissen sollten, um zu verstehen, wie&hellip;","og_url":"https:\/\/weltlaeden.de\/bremerhaven\/fairer-handel\/","og_site_name":"Weltladen Bremerhaven","article_modified_time":"2024-04-18T15:39:35+00:00","og_image":[{"url":"https:\/\/weltlaeden.de\/bremerhaven\/wp-content\/uploads\/sites\/3\/2016\/11\/FairerHandel_ElPuente_Fingerpuppen_EccoExe_Peru.jpg","type":"","width":"","height":""}],"twitter_card":"summary_large_image","twitter_misc":{"Gesch\u00e4tzte Lesezeit":"3\u00a0Minuten"},"schema":{"@context":"https:\/\/schema.org","@graph":[{"@type":"WebPage","@id":"https:\/\/weltlaeden.de\/bremerhaven\/fairer-handel\/","url":"https:\/\/weltlaeden.de\/bremerhaven\/fairer-handel\/","name":"Fairer Handel - Weltladen Bremerhaven","isPartOf":{"@id":"https:\/\/weltlaeden.de\/bremerhaven\/#website"},"primaryImageOfPage":{"@id":"https:\/\/weltlaeden.de\/bremerhaven\/fairer-handel\/#primaryimage"},"image":{"@id":"https:\/\/weltlaeden.de\/bremerhaven\/fairer-handel\/#primaryimage"},"thumbnailUrl":"https:\/\/weltlaeden.de\/bremerhaven\/wp-content\/uploads\/sites\/3\/2016\/11\/FairerHandel_ElPuente_Fingerpuppen_EccoExe_Peru.jpg","datePublished":"2016-10-28T11:34:47+00:00","dateModified":"2024-04-18T15:39:35+00:00","breadcrumb":{"@id":"https:\/\/weltlaeden.de\/bremerhaven\/fairer-handel\/#breadcrumb"},"inLanguage":"de","potentialAction":[{"@type":"ReadAction","target":["https:\/\/weltlaeden.de\/bremerhaven\/fairer-handel\/"]}]},{"@type":"ImageObject","inLanguage":"de","@id":"https:\/\/weltlaeden.de\/bremerhaven\/fairer-handel\/#primaryimage","url":"https:\/\/weltlaeden.de\/bremerhaven\/wp-content\/uploads\/sites\/3\/2016\/11\/FairerHandel_ElPuente_Fingerpuppen_EccoExe_Peru.jpg","contentUrl":"https:\/\/weltlaeden.de\/bremerhaven\/wp-content\/uploads\/sites\/3\/2016\/11\/FairerHandel_ElPuente_Fingerpuppen_EccoExe_Peru.jpg"},{"@type":"BreadcrumbList","@id":"https:\/\/weltlaeden.de\/bremerhaven\/fairer-handel\/#breadcrumb","itemListElement":[{"@type":"ListItem","position":1,"name":"Startseite","item":"https:\/\/weltlaeden.de\/bremerhaven\/"},{"@type":"ListItem","position":2,"name":"Fairer Handel"}]},{"@type":"WebSite","@id":"https:\/\/weltlaeden.de\/bremerhaven\/#website","url":"https:\/\/weltlaeden.de\/bremerhaven\/","name":"Weltladen Bremerhaven","description":"Faire Produkte seit 1990","potentialAction":[{"@type":"SearchAction","target":{"@type":"EntryPoint","urlTemplate":"https:\/\/weltlaeden.de\/bremerhaven\/?s={search_term_string}"},"query-input":{"@type":"PropertyValueSpecification","valueRequired":true,"valueName":"search_term_string"}}],"inLanguage":"de"}]}},"_links":{"self":[{"href":"https:\/\/weltlaeden.de\/bremerhaven\/wp-json\/wp\/v2\/pages\/218","targetHints":{"allow":["GET"]}}],"collection":[{"href":"https:\/\/weltlaeden.de\/bremerhaven\/wp-json\/wp\/v2\/pages"}],"about":[{"href":"https:\/\/weltlaeden.de\/bremerhaven\/wp-json\/wp\/v2\/types\/page"}],"author":[{"embeddable":true,"href":"https:\/\/weltlaeden.de\/bremerhaven\/wp-json\/wp\/v2\/users\/1"}],"replies":[{"embeddable":true,"href":"https:\/\/weltlaeden.de\/bremerhaven\/wp-json\/wp\/v2\/comments?post=218"}],"version-history":[{"count":37,"href":"https:\/\/weltlaeden.de\/bremerhaven\/wp-json\/wp\/v2\/pages\/218\/revisions"}],"predecessor-version":[{"id":4769,"href":"https:\/\/weltlaeden.de\/bremerhaven\/wp-json\/wp\/v2\/pages\/218\/revisions\/4769"}],"wp:attachment":[{"href":"https:\/\/weltlaeden.de\/bremerhaven\/wp-json\/wp\/v2\/media?parent=218"}],"curies":[{"name":"wp","href":"https:\/\/api.w.org\/{rel}","templated":true}]}}