{"id":20,"date":"2021-04-24T00:00:21","date_gmt":"2021-04-23T22:00:21","guid":{"rendered":"https:\/\/wl.heimpixel.de\/vorlage\/weltladen-musterdorf\/"},"modified":"2024-11-28T11:39:48","modified_gmt":"2024-11-28T10:39:48","slug":"https-weltlaeden-de-bremerhaven","status":"publish","type":"page","link":"https:\/\/weltlaeden.de\/bremerhaven\/","title":{"rendered":"Weltladen Bremerhaven"},"content":{"rendered":"<div class=\"wpb-content-wrapper\"><p>[vc_row][vc_column]<div class=\"wl_einzelbild\"><p><img loading=\"lazy\" decoding=\"async\" class=\"alignnone wp-image-1394 aligncenter\" src=\"https:\/\/weltlaeden.de\/bremerhaven\/wp-content\/uploads\/sites\/33\/2016\/10\/Panorama-WL-300x103.jpg\" alt=\"\" width=\"772\" height=\"265\" srcset=\"https:\/\/weltlaeden.de\/bremerhaven\/wp-content\/uploads\/sites\/33\/2016\/10\/Panorama-WL-300x103.jpg 300w, https:\/\/weltlaeden.de\/bremerhaven\/wp-content\/uploads\/sites\/33\/2016\/10\/Panorama-WL-768x264.jpg 768w, https:\/\/weltlaeden.de\/bremerhaven\/wp-content\/uploads\/sites\/33\/2016\/10\/Panorama-WL-1024x351.jpg 1024w\" sizes=\"auto, (max-width: 772px) 100vw, 772px\" \/><\/p><\/div>[vc_empty_space height=&#8220;40px&#8220;][\/vc_column][\/vc_row][vc_row][vc_column][vc_column_text]<\/p>\n<h1 style=\"text-align: center\"><strong>Willkommen im Weltladen Bremerhaven!<\/strong><\/h1>\n<p>[\/vc_column_text][vc_column_text]<\/p>\n<p class=\"normal\" style=\"text-align: center\"><span class=\"gross\">Gehen Sie in unserem Weltladen auf eine ganz besondere Entdeckungsreise <\/span><span class=\"gross\">und<br \/>\ngeben dem Welthandel <\/span><span class=\"gross\">die Chance, gerechter zu werden.<\/span><br \/>\nNeben verschiedenen Lebensmitteln &#8211; von exotischen Knabbereien \u00fcber Gew\u00fcrze<br \/>\nbis hin zu Kaffee, Tee und Wein &#8211; <span style=\"text-align: center\">gibt es besondere Geschenkartikel und<br \/>\n<\/span><span style=\"text-align: center\">Schmuck sowie Gebrauchsgegenst\u00e4nde und vieles mehr zu entdecken.<\/span><\/p>\n<p class=\"normal\" style=\"text-align: center\"><strong>Besuchen Sie uns, <\/strong><strong>treten Sie ein und st\u00f6bern Sie!<\/strong><\/p>\n<p>[\/vc_column_text][vc_empty_space height=&#8220;20px&#8220;][vc_column_text]<strong>AKTUELLES<\/strong>[\/vc_column_text][vc_separator color=&#8220;orange&#8220; border_width=&#8220;4&#8243;]<section class=\"items-grid wf-container\"><div class=\"wf-cell wf-1-2\"><article class=\"post-format-standard\"><div class=\"mini-post-img\"><a class=\"alignleft post-rollover no-avatar\" href=\"https:\/\/weltlaeden.de\/bremerhaven\/weltladenpost-maerz-2026\/\"  style=\"width:60px; height: 60px;\" aria-label=\"Post image\"><\/a><\/div><div class=\"post-content\"><a href=\"https:\/\/weltlaeden.de\/bremerhaven\/weltladenpost-maerz-2026\/\">Weltladenpost M\u00e4rz 2026<\/a><br \/><time class=\"text-secondary\" datetime=\"2026-03-05T10:11:41+01:00\">5. M\u00e4rz 2026<\/time><\/div><\/article><\/div><div class=\"wf-cell wf-1-2\"><article class=\"post-format-standard\"><div class=\"mini-post-img\"><a class=\"alignleft post-rollover no-avatar\" href=\"https:\/\/weltlaeden.de\/bremerhaven\/weltladen-post-dezember\/\"  style=\"width:60px; height: 60px;\" aria-label=\"Post image\"><\/a><\/div><div class=\"post-content\"><a href=\"https:\/\/weltlaeden.de\/bremerhaven\/weltladen-post-dezember\/\">Weltladen Post Dezember NEU<\/a><br \/><time class=\"text-secondary\" datetime=\"2025-11-30T17:24:35+01:00\">30. November 2025<\/time><\/div><\/article><\/div><div class=\"wf-cell wf-1-2\"><article class=\"post-format-standard\"><div class=\"mini-post-img\"><a class=\"alignleft post-rollover no-avatar\" href=\"https:\/\/weltlaeden.de\/bremerhaven\/weltladenpost-september\/\"  style=\"width:60px; height: 60px;\" aria-label=\"Post image\"><\/a><\/div><div class=\"post-content\"><a href=\"https:\/\/weltlaeden.de\/bremerhaven\/weltladenpost-september\/\">Weltladenpost September<\/a><br \/><time class=\"text-secondary\" datetime=\"2025-09-01T12:25:40+02:00\">1. September 2025<\/time><\/div><\/article><\/div><\/section>[\/vc_column][\/vc_row][vc_row][vc_column][vc_separator color=&#8220;orange&#8220; border_width=&#8220;4&#8243;][vc_column_text]<\/p>\n<p style=\"text-align: center\"><span style=\"color: #ff6600\"><strong><a style=\"color: #ff6600\" href=\"https:\/\/www.weltladen.de\/ueber-weltlaeden\/die-weltladen-bewegung\/gruende-fuer-den-weltladen\/?suche=warum%20in%20den%20weltladen\" target=\"_blank\" rel=\"noopener\"><em>Waru<\/em><em>m in den Weltladen?<\/em><\/a><em> \u00a0\u00a0 <\/em><em><a style=\"color: #ff6600\" href=\"https:\/\/www.weltladen.de\/ueber-weltlaeden\/die-weltladen-bewegung\/ansatz\/\" target=\"_blank\" rel=\"noopener\">Weltl\u00e4den arbeiten ganzheitlich!<\/a> \u00a0\u00a0 <\/em><\/strong><a style=\"color: #ff6600\" href=\"https:\/\/www.weltladen.de\/ueber-weltlaeden\/die-weltladen-bewegung\/mitmachen\/\" target=\"_blank\" rel=\"noopener\"><strong><em>Weltl\u00e4den laden zum Mitmachen ein!<\/em><\/strong><\/a><\/span><\/p>\n<p>[\/vc_column_text][\/vc_column][\/vc_row]<\/p>\n<\/div>","protected":false},"excerpt":{"rendered":"<p>[vc_row][vc_column][vc_empty_space height=&#8220;40px&#8220;][\/vc_column][\/vc_row][vc_row][vc_column][vc_column_text] Willkommen im Weltladen Bremerhaven! [\/vc_column_text][vc_column_text] Gehen Sie in unserem Weltladen auf eine ganz besondere Entdeckungsreise und geben dem Welthandel die Chance, gerechter zu werden. Neben verschiedenen Lebensmitteln &#8211; von exotischen Knabbereien \u00fcber Gew\u00fcrze bis hin zu Kaffee, Tee und Wein &#8211; gibt es besondere Geschenkartikel und Schmuck sowie Gebrauchsgegenst\u00e4nde und vieles mehr zu&hellip;<\/p>\n","protected":false},"author":1,"featured_media":0,"parent":0,"menu_order":0,"comment_status":"closed","ping_status":"closed","template":"","meta":{"footnotes":""},"class_list":["post-20","page","type-page","status-publish","hentry","description-off"],"yoast_head":"<!-- This site is optimized with the Yoast SEO plugin v26.8 - https:\/\/yoast.com\/product\/yoast-seo-wordpress\/ -->\n<title>Weltladen Bremerhaven - Weltladen Bremerhaven<\/title>\n<meta name=\"robots\" content=\"index, follow, max-snippet:-1, max-image-preview:large, max-video-preview:-1\" \/>\n<link rel=\"canonical\" href=\"https:\/\/weltlaeden.de\/bremerhaven\/\" \/>\n<meta property=\"og:locale\" content=\"de_DE\" \/>\n<meta property=\"og:type\" content=\"article\" \/>\n<meta property=\"og:title\" content=\"Weltladen Bremerhaven - Weltladen Bremerhaven\" \/>\n<meta property=\"og:description\" content=\"[vc_row][vc_column][vc_empty_space height=&#8220;40px&#8220;][\/vc_column][\/vc_row][vc_row][vc_column][vc_column_text] Willkommen im Weltladen Bremerhaven! [\/vc_column_text][vc_column_text] Gehen Sie in unserem Weltladen auf eine ganz besondere Entdeckungsreise und geben dem Welthandel die Chance, gerechter zu werden. Neben verschiedenen Lebensmitteln &#8211; von exotischen Knabbereien \u00fcber Gew\u00fcrze bis hin zu Kaffee, Tee und Wein &#8211; gibt es besondere Geschenkartikel und Schmuck sowie Gebrauchsgegenst\u00e4nde und vieles mehr zu&hellip;\" \/>\n<meta property=\"og:url\" content=\"https:\/\/weltlaeden.de\/bremerhaven\/\" \/>\n<meta property=\"og:site_name\" content=\"Weltladen Bremerhaven\" \/>\n<meta property=\"article:modified_time\" content=\"2024-11-28T10:39:48+00:00\" \/>\n<meta property=\"og:image\" content=\"https:\/\/weltlaeden.de\/bremerhaven\/wp-content\/uploads\/sites\/33\/2016\/10\/Panorama-WL-1024x351.jpg\" \/>\n\t<meta property=\"og:image:width\" content=\"1024\" \/>\n\t<meta property=\"og:image:height\" content=\"351\" \/>\n\t<meta property=\"og:image:type\" content=\"image\/jpeg\" \/>\n<meta name=\"twitter:card\" content=\"summary_large_image\" \/>\n<meta name=\"twitter:label1\" content=\"Gesch\u00e4tzte Lesezeit\" \/>\n\t<meta name=\"twitter:data1\" content=\"1\u00a0Minute\" \/>\n<script type=\"application\/ld+json\" class=\"yoast-schema-graph\">{\"@context\":\"https:\/\/schema.org\",\"@graph\":[{\"@type\":\"WebPage\",\"@id\":\"https:\/\/weltlaeden.de\/bremerhaven\/\",\"url\":\"https:\/\/weltlaeden.de\/bremerhaven\/\",\"name\":\"Weltladen Bremerhaven - Weltladen Bremerhaven\",\"isPartOf\":{\"@id\":\"https:\/\/weltlaeden.de\/bremerhaven\/#website\"},\"primaryImageOfPage\":{\"@id\":\"https:\/\/weltlaeden.de\/bremerhaven\/#primaryimage\"},\"image\":{\"@id\":\"https:\/\/weltlaeden.de\/bremerhaven\/#primaryimage\"},\"thumbnailUrl\":\"https:\/\/weltlaeden.de\/bremerhaven\/wp-content\/uploads\/sites\/33\/2016\/10\/Panorama-WL-300x103.jpg\",\"datePublished\":\"2021-04-23T22:00:21+00:00\",\"dateModified\":\"2024-11-28T10:39:48+00:00\",\"breadcrumb\":{\"@id\":\"https:\/\/weltlaeden.de\/bremerhaven\/#breadcrumb\"},\"inLanguage\":\"de\",\"potentialAction\":[{\"@type\":\"ReadAction\",\"target\":[\"https:\/\/weltlaeden.de\/bremerhaven\/\"]}]},{\"@type\":\"ImageObject\",\"inLanguage\":\"de\",\"@id\":\"https:\/\/weltlaeden.de\/bremerhaven\/#primaryimage\",\"url\":\"https:\/\/weltlaeden.de\/bremerhaven\/wp-content\/uploads\/sites\/33\/2016\/10\/Panorama-WL.jpg\",\"contentUrl\":\"https:\/\/weltlaeden.de\/bremerhaven\/wp-content\/uploads\/sites\/33\/2016\/10\/Panorama-WL.jpg\",\"width\":5968,\"height\":2048},{\"@type\":\"BreadcrumbList\",\"@id\":\"https:\/\/weltlaeden.de\/bremerhaven\/#breadcrumb\",\"itemListElement\":[{\"@type\":\"ListItem\",\"position\":1,\"name\":\"Startseite\",\"item\":\"https:\/\/weltlaeden.de\/bremerhaven\/\"},{\"@type\":\"ListItem\",\"position\":2,\"name\":\"Weltladen Bremerhaven\"}]},{\"@type\":\"WebSite\",\"@id\":\"https:\/\/weltlaeden.de\/bremerhaven\/#website\",\"url\":\"https:\/\/weltlaeden.de\/bremerhaven\/\",\"name\":\"Weltladen Bremerhaven\",\"description\":\"Faire Produkte seit 1990\",\"potentialAction\":[{\"@type\":\"SearchAction\",\"target\":{\"@type\":\"EntryPoint\",\"urlTemplate\":\"https:\/\/weltlaeden.de\/bremerhaven\/?s={search_term_string}\"},\"query-input\":{\"@type\":\"PropertyValueSpecification\",\"valueRequired\":true,\"valueName\":\"search_term_string\"}}],\"inLanguage\":\"de\"}]}<\/script>\n<!-- \/ Yoast SEO plugin. -->","yoast_head_json":{"title":"Weltladen Bremerhaven - Weltladen Bremerhaven","robots":{"index":"index","follow":"follow","max-snippet":"max-snippet:-1","max-image-preview":"max-image-preview:large","max-video-preview":"max-video-preview:-1"},"canonical":"https:\/\/weltlaeden.de\/bremerhaven\/","og_locale":"de_DE","og_type":"article","og_title":"Weltladen Bremerhaven - Weltladen Bremerhaven","og_description":"[vc_row][vc_column][vc_empty_space height=&#8220;40px&#8220;][\/vc_column][\/vc_row][vc_row][vc_column][vc_column_text] Willkommen im Weltladen Bremerhaven! [\/vc_column_text][vc_column_text] Gehen Sie in unserem Weltladen auf eine ganz besondere Entdeckungsreise und geben dem Welthandel die Chance, gerechter zu werden. Neben verschiedenen Lebensmitteln &#8211; von exotischen Knabbereien \u00fcber Gew\u00fcrze bis hin zu Kaffee, Tee und Wein &#8211; gibt es besondere Geschenkartikel und Schmuck sowie Gebrauchsgegenst\u00e4nde und vieles mehr zu&hellip;","og_url":"https:\/\/weltlaeden.de\/bremerhaven\/","og_site_name":"Weltladen Bremerhaven","article_modified_time":"2024-11-28T10:39:48+00:00","og_image":[{"width":1024,"height":351,"url":"https:\/\/weltlaeden.de\/bremerhaven\/wp-content\/uploads\/sites\/33\/2016\/10\/Panorama-WL-1024x351.jpg","type":"image\/jpeg"}],"twitter_card":"summary_large_image","twitter_misc":{"Gesch\u00e4tzte Lesezeit":"1\u00a0Minute"},"schema":{"@context":"https:\/\/schema.org","@graph":[{"@type":"WebPage","@id":"https:\/\/weltlaeden.de\/bremerhaven\/","url":"https:\/\/weltlaeden.de\/bremerhaven\/","name":"Weltladen Bremerhaven - Weltladen Bremerhaven","isPartOf":{"@id":"https:\/\/weltlaeden.de\/bremerhaven\/#website"},"primaryImageOfPage":{"@id":"https:\/\/weltlaeden.de\/bremerhaven\/#primaryimage"},"image":{"@id":"https:\/\/weltlaeden.de\/bremerhaven\/#primaryimage"},"thumbnailUrl":"https:\/\/weltlaeden.de\/bremerhaven\/wp-content\/uploads\/sites\/33\/2016\/10\/Panorama-WL-300x103.jpg","datePublished":"2021-04-23T22:00:21+00:00","dateModified":"2024-11-28T10:39:48+00:00","breadcrumb":{"@id":"https:\/\/weltlaeden.de\/bremerhaven\/#breadcrumb"},"inLanguage":"de","potentialAction":[{"@type":"ReadAction","target":["https:\/\/weltlaeden.de\/bremerhaven\/"]}]},{"@type":"ImageObject","inLanguage":"de","@id":"https:\/\/weltlaeden.de\/bremerhaven\/#primaryimage","url":"https:\/\/weltlaeden.de\/bremerhaven\/wp-content\/uploads\/sites\/33\/2016\/10\/Panorama-WL.jpg","contentUrl":"https:\/\/weltlaeden.de\/bremerhaven\/wp-content\/uploads\/sites\/33\/2016\/10\/Panorama-WL.jpg","width":5968,"height":2048},{"@type":"BreadcrumbList","@id":"https:\/\/weltlaeden.de\/bremerhaven\/#breadcrumb","itemListElement":[{"@type":"ListItem","position":1,"name":"Startseite","item":"https:\/\/weltlaeden.de\/bremerhaven\/"},{"@type":"ListItem","position":2,"name":"Weltladen Bremerhaven"}]},{"@type":"WebSite","@id":"https:\/\/weltlaeden.de\/bremerhaven\/#website","url":"https:\/\/weltlaeden.de\/bremerhaven\/","name":"Weltladen Bremerhaven","description":"Faire Produkte seit 1990","potentialAction":[{"@type":"SearchAction","target":{"@type":"EntryPoint","urlTemplate":"https:\/\/weltlaeden.de\/bremerhaven\/?s={search_term_string}"},"query-input":{"@type":"PropertyValueSpecification","valueRequired":true,"valueName":"search_term_string"}}],"inLanguage":"de"}]}},"_links":{"self":[{"href":"https:\/\/weltlaeden.de\/bremerhaven\/wp-json\/wp\/v2\/pages\/20","targetHints":{"allow":["GET"]}}],"collection":[{"href":"https:\/\/weltlaeden.de\/bremerhaven\/wp-json\/wp\/v2\/pages"}],"about":[{"href":"https:\/\/weltlaeden.de\/bremerhaven\/wp-json\/wp\/v2\/types\/page"}],"author":[{"embeddable":true,"href":"https:\/\/weltlaeden.de\/bremerhaven\/wp-json\/wp\/v2\/users\/1"}],"replies":[{"embeddable":true,"href":"https:\/\/weltlaeden.de\/bremerhaven\/wp-json\/wp\/v2\/comments?post=20"}],"version-history":[{"count":503,"href":"https:\/\/weltlaeden.de\/bremerhaven\/wp-json\/wp\/v2\/pages\/20\/revisions"}],"predecessor-version":[{"id":4813,"href":"https:\/\/weltlaeden.de\/bremerhaven\/wp-json\/wp\/v2\/pages\/20\/revisions\/4813"}],"wp:attachment":[{"href":"https:\/\/weltlaeden.de\/bremerhaven\/wp-json\/wp\/v2\/media?parent=20"}],"curies":[{"name":"wp","href":"https:\/\/api.w.org\/{rel}","templated":true}]}}