{"id":1364,"date":"2019-03-10T14:09:22","date_gmt":"2019-03-10T13:09:18","guid":{"rendered":"https:\/\/weltlaeden.de\/bremerhaven\/?page_id=1364"},"modified":"2024-04-08T13:44:28","modified_gmt":"2024-04-08T11:44:28","slug":"ergaenzungsprodukte","status":"publish","type":"page","link":"https:\/\/weltlaeden.de\/bremerhaven\/produkte\/ergaenzungsprodukte\/","title":{"rendered":"Geschenke und Praktisches"},"content":{"rendered":"<div class=\"wpb-content-wrapper\"><p>[vc_row][vc_column width=&#8220;1\/2&#8243;][vc_column_text]<\/p>\n<p style=\"text-align: center\"><img loading=\"lazy\" decoding=\"async\" class=\"wp-image-1386 aligncenter\" src=\"https:\/\/weltlaeden.de\/bremerhaven\/wp-content\/uploads\/sites\/33\/2019\/03\/20190312_151705-300x169.jpg\" alt=\"\" width=\"315\" height=\"178\" srcset=\"https:\/\/weltlaeden.de\/bremerhaven\/wp-content\/uploads\/sites\/33\/2019\/03\/20190312_151705-300x169.jpg 300w, https:\/\/weltlaeden.de\/bremerhaven\/wp-content\/uploads\/sites\/33\/2019\/03\/20190312_151705-768x432.jpg 768w, https:\/\/weltlaeden.de\/bremerhaven\/wp-content\/uploads\/sites\/33\/2019\/03\/20190312_151705-1024x576.jpg 1024w\" sizes=\"auto, (max-width: 315px) 100vw, 315px\" \/><\/p>\n<p style=\"text-align: center\"><strong>\u00a0<\/strong><\/p>\n<p>[\/vc_column_text][vc_column_text]<\/p>\n<h3><span style=\"color: #ff6600\">Und wir haben noch viel mehr in unserem Sortiment<\/span><\/h3>\n<p>[\/vc_column_text][\/vc_column][\/vc_row][vc_row][vc_column width=&#8220;1\/3&#8243;][vc_column_text]<\/p>\n<ul>\n<li>Unicef-Karten<\/li>\n<li>Postkarten<\/li>\n<li>Geschenkpapier<\/li>\n<li>Streichh\u00f6lzer<\/li>\n<\/ul>\n<p>[\/vc_column_text][\/vc_column][vc_column width=&#8220;1\/3&#8243;][vc_column_text]<\/p>\n<ul>\n<li>Kugelschreiber<\/li>\n<li>Bleistifte<\/li>\n<li>Heft-Mappen<\/li>\n<li>Radiergummi<\/li>\n<\/ul>\n<p>[\/vc_column_text][\/vc_column][vc_column width=&#8220;1\/3&#8243;][vc_column_text]<\/p>\n<ul>\n<li>Pr\u00e4sentk\u00f6rbe aus Wellpappe (viereckig und sechseckig)<\/li>\n<li>Servietten<\/li>\n<li>saisonabh\u00e4ngige Geschenkartikel &#8230;<\/li>\n<\/ul>\n<p>[\/vc_column_text][\/vc_column][\/vc_row][vc_row][vc_column width=&#8220;1\/2&#8243;][vc_single_image image=&#8220;4494&#8243; img_size=&#8220;medium&#8220;][\/vc_column][vc_column width=&#8220;1\/2&#8243;][vc_single_image image=&#8220;4493&#8243; img_size=&#8220;medium&#8220;][\/vc_column][\/vc_row]<\/p>\n<\/div>","protected":false},"excerpt":{"rendered":"<p>[vc_row][vc_column width=&#8220;1\/2&#8243;][vc_column_text] \u00a0 [\/vc_column_text][vc_column_text] Und wir haben noch viel mehr in unserem Sortiment [\/vc_column_text][\/vc_column][\/vc_row][vc_row][vc_column width=&#8220;1\/3&#8243;][vc_column_text] Unicef-Karten Postkarten Geschenkpapier Streichh\u00f6lzer [\/vc_column_text][\/vc_column][vc_column width=&#8220;1\/3&#8243;][vc_column_text] Kugelschreiber Bleistifte Heft-Mappen Radiergummi [\/vc_column_text][\/vc_column][vc_column width=&#8220;1\/3&#8243;][vc_column_text] Pr\u00e4sentk\u00f6rbe aus Wellpappe (viereckig und sechseckig) Servietten saisonabh\u00e4ngige Geschenkartikel &#8230; [\/vc_column_text][\/vc_column][\/vc_row][vc_row][vc_column width=&#8220;1\/2&#8243;][vc_single_image image=&#8220;4494&#8243; img_size=&#8220;medium&#8220;][\/vc_column][vc_column width=&#8220;1\/2&#8243;][vc_single_image image=&#8220;4493&#8243; img_size=&#8220;medium&#8220;][\/vc_column][\/vc_row]<\/p>\n","protected":false},"author":55,"featured_media":0,"parent":217,"menu_order":8,"comment_status":"closed","ping_status":"closed","template":"","meta":{"footnotes":""},"class_list":["post-1364","page","type-page","status-publish","hentry","description-off"],"yoast_head":"<!-- This site is optimized with the Yoast SEO plugin v26.8 - https:\/\/yoast.com\/product\/yoast-seo-wordpress\/ -->\n<title>Geschenke und Praktisches - Weltladen Bremerhaven<\/title>\n<meta name=\"robots\" content=\"index, follow, max-snippet:-1, max-image-preview:large, max-video-preview:-1\" \/>\n<link rel=\"canonical\" href=\"https:\/\/weltlaeden.de\/bremerhaven\/produkte\/ergaenzungsprodukte\/\" \/>\n<meta property=\"og:locale\" content=\"de_DE\" \/>\n<meta property=\"og:type\" content=\"article\" \/>\n<meta property=\"og:title\" content=\"Geschenke und Praktisches - Weltladen Bremerhaven\" \/>\n<meta property=\"og:description\" content=\"[vc_row][vc_column width=&#8220;1\/2&#8243;][vc_column_text] \u00a0 [\/vc_column_text][vc_column_text] Und wir haben noch viel mehr in unserem Sortiment [\/vc_column_text][\/vc_column][\/vc_row][vc_row][vc_column width=&#8220;1\/3&#8243;][vc_column_text] Unicef-Karten Postkarten Geschenkpapier Streichh\u00f6lzer [\/vc_column_text][\/vc_column][vc_column width=&#8220;1\/3&#8243;][vc_column_text] Kugelschreiber Bleistifte Heft-Mappen Radiergummi [\/vc_column_text][\/vc_column][vc_column width=&#8220;1\/3&#8243;][vc_column_text] Pr\u00e4sentk\u00f6rbe aus Wellpappe (viereckig und sechseckig) Servietten saisonabh\u00e4ngige Geschenkartikel &#8230; [\/vc_column_text][\/vc_column][\/vc_row][vc_row][vc_column width=&#8220;1\/2&#8243;][vc_single_image image=&#8220;4494&#8243; img_size=&#8220;medium&#8220;][\/vc_column][vc_column width=&#8220;1\/2&#8243;][vc_single_image image=&#8220;4493&#8243; img_size=&#8220;medium&#8220;][\/vc_column][\/vc_row]\" \/>\n<meta property=\"og:url\" content=\"https:\/\/weltlaeden.de\/bremerhaven\/produkte\/ergaenzungsprodukte\/\" \/>\n<meta property=\"og:site_name\" content=\"Weltladen Bremerhaven\" \/>\n<meta property=\"article:modified_time\" content=\"2024-04-08T11:44:28+00:00\" \/>\n<meta property=\"og:image\" content=\"https:\/\/weltlaeden.de\/bremerhaven\/wp-content\/uploads\/sites\/33\/2019\/03\/20190312_151705-300x169.jpg\" \/>\n<meta name=\"twitter:card\" content=\"summary_large_image\" \/>\n<meta name=\"twitter:label1\" content=\"Gesch\u00e4tzte Lesezeit\" \/>\n\t<meta name=\"twitter:data1\" content=\"1\u00a0Minute\" \/>\n<script type=\"application\/ld+json\" class=\"yoast-schema-graph\">{\"@context\":\"https:\/\/schema.org\",\"@graph\":[{\"@type\":\"WebPage\",\"@id\":\"https:\/\/weltlaeden.de\/bremerhaven\/produkte\/ergaenzungsprodukte\/\",\"url\":\"https:\/\/weltlaeden.de\/bremerhaven\/produkte\/ergaenzungsprodukte\/\",\"name\":\"Geschenke und Praktisches - Weltladen Bremerhaven\",\"isPartOf\":{\"@id\":\"https:\/\/weltlaeden.de\/bremerhaven\/#website\"},\"primaryImageOfPage\":{\"@id\":\"https:\/\/weltlaeden.de\/bremerhaven\/produkte\/ergaenzungsprodukte\/#primaryimage\"},\"image\":{\"@id\":\"https:\/\/weltlaeden.de\/bremerhaven\/produkte\/ergaenzungsprodukte\/#primaryimage\"},\"thumbnailUrl\":\"https:\/\/weltlaeden.de\/bremerhaven\/wp-content\/uploads\/sites\/33\/2019\/03\/20190312_151705-300x169.jpg\",\"datePublished\":\"2019-03-10T13:09:18+00:00\",\"dateModified\":\"2024-04-08T11:44:28+00:00\",\"breadcrumb\":{\"@id\":\"https:\/\/weltlaeden.de\/bremerhaven\/produkte\/ergaenzungsprodukte\/#breadcrumb\"},\"inLanguage\":\"de\",\"potentialAction\":[{\"@type\":\"ReadAction\",\"target\":[\"https:\/\/weltlaeden.de\/bremerhaven\/produkte\/ergaenzungsprodukte\/\"]}]},{\"@type\":\"ImageObject\",\"inLanguage\":\"de\",\"@id\":\"https:\/\/weltlaeden.de\/bremerhaven\/produkte\/ergaenzungsprodukte\/#primaryimage\",\"url\":\"https:\/\/weltlaeden.de\/bremerhaven\/wp-content\/uploads\/sites\/33\/2019\/03\/20190312_151705.jpg\",\"contentUrl\":\"https:\/\/weltlaeden.de\/bremerhaven\/wp-content\/uploads\/sites\/33\/2019\/03\/20190312_151705.jpg\",\"width\":4032,\"height\":2268},{\"@type\":\"BreadcrumbList\",\"@id\":\"https:\/\/weltlaeden.de\/bremerhaven\/produkte\/ergaenzungsprodukte\/#breadcrumb\",\"itemListElement\":[{\"@type\":\"ListItem\",\"position\":1,\"name\":\"Startseite\",\"item\":\"https:\/\/weltlaeden.de\/bremerhaven\/\"},{\"@type\":\"ListItem\",\"position\":2,\"name\":\"Unser Sortiment\",\"item\":\"https:\/\/weltlaeden.de\/bremerhaven\/produkte\/\"},{\"@type\":\"ListItem\",\"position\":3,\"name\":\"Geschenke und Praktisches\"}]},{\"@type\":\"WebSite\",\"@id\":\"https:\/\/weltlaeden.de\/bremerhaven\/#website\",\"url\":\"https:\/\/weltlaeden.de\/bremerhaven\/\",\"name\":\"Weltladen Bremerhaven\",\"description\":\"Faire Produkte seit 1990\",\"potentialAction\":[{\"@type\":\"SearchAction\",\"target\":{\"@type\":\"EntryPoint\",\"urlTemplate\":\"https:\/\/weltlaeden.de\/bremerhaven\/?s={search_term_string}\"},\"query-input\":{\"@type\":\"PropertyValueSpecification\",\"valueRequired\":true,\"valueName\":\"search_term_string\"}}],\"inLanguage\":\"de\"}]}<\/script>\n<!-- \/ Yoast SEO plugin. -->","yoast_head_json":{"title":"Geschenke und Praktisches - Weltladen Bremerhaven","robots":{"index":"index","follow":"follow","max-snippet":"max-snippet:-1","max-image-preview":"max-image-preview:large","max-video-preview":"max-video-preview:-1"},"canonical":"https:\/\/weltlaeden.de\/bremerhaven\/produkte\/ergaenzungsprodukte\/","og_locale":"de_DE","og_type":"article","og_title":"Geschenke und Praktisches - Weltladen Bremerhaven","og_description":"[vc_row][vc_column width=&#8220;1\/2&#8243;][vc_column_text] \u00a0 [\/vc_column_text][vc_column_text] Und wir haben noch viel mehr in unserem Sortiment [\/vc_column_text][\/vc_column][\/vc_row][vc_row][vc_column width=&#8220;1\/3&#8243;][vc_column_text] Unicef-Karten Postkarten Geschenkpapier Streichh\u00f6lzer [\/vc_column_text][\/vc_column][vc_column width=&#8220;1\/3&#8243;][vc_column_text] Kugelschreiber Bleistifte Heft-Mappen Radiergummi [\/vc_column_text][\/vc_column][vc_column width=&#8220;1\/3&#8243;][vc_column_text] Pr\u00e4sentk\u00f6rbe aus Wellpappe (viereckig und sechseckig) Servietten saisonabh\u00e4ngige Geschenkartikel &#8230; [\/vc_column_text][\/vc_column][\/vc_row][vc_row][vc_column width=&#8220;1\/2&#8243;][vc_single_image image=&#8220;4494&#8243; img_size=&#8220;medium&#8220;][\/vc_column][vc_column width=&#8220;1\/2&#8243;][vc_single_image image=&#8220;4493&#8243; img_size=&#8220;medium&#8220;][\/vc_column][\/vc_row]","og_url":"https:\/\/weltlaeden.de\/bremerhaven\/produkte\/ergaenzungsprodukte\/","og_site_name":"Weltladen Bremerhaven","article_modified_time":"2024-04-08T11:44:28+00:00","og_image":[{"url":"https:\/\/weltlaeden.de\/bremerhaven\/wp-content\/uploads\/sites\/33\/2019\/03\/20190312_151705-300x169.jpg","type":"","width":"","height":""}],"twitter_card":"summary_large_image","twitter_misc":{"Gesch\u00e4tzte Lesezeit":"1\u00a0Minute"},"schema":{"@context":"https:\/\/schema.org","@graph":[{"@type":"WebPage","@id":"https:\/\/weltlaeden.de\/bremerhaven\/produkte\/ergaenzungsprodukte\/","url":"https:\/\/weltlaeden.de\/bremerhaven\/produkte\/ergaenzungsprodukte\/","name":"Geschenke und Praktisches - Weltladen Bremerhaven","isPartOf":{"@id":"https:\/\/weltlaeden.de\/bremerhaven\/#website"},"primaryImageOfPage":{"@id":"https:\/\/weltlaeden.de\/bremerhaven\/produkte\/ergaenzungsprodukte\/#primaryimage"},"image":{"@id":"https:\/\/weltlaeden.de\/bremerhaven\/produkte\/ergaenzungsprodukte\/#primaryimage"},"thumbnailUrl":"https:\/\/weltlaeden.de\/bremerhaven\/wp-content\/uploads\/sites\/33\/2019\/03\/20190312_151705-300x169.jpg","datePublished":"2019-03-10T13:09:18+00:00","dateModified":"2024-04-08T11:44:28+00:00","breadcrumb":{"@id":"https:\/\/weltlaeden.de\/bremerhaven\/produkte\/ergaenzungsprodukte\/#breadcrumb"},"inLanguage":"de","potentialAction":[{"@type":"ReadAction","target":["https:\/\/weltlaeden.de\/bremerhaven\/produkte\/ergaenzungsprodukte\/"]}]},{"@type":"ImageObject","inLanguage":"de","@id":"https:\/\/weltlaeden.de\/bremerhaven\/produkte\/ergaenzungsprodukte\/#primaryimage","url":"https:\/\/weltlaeden.de\/bremerhaven\/wp-content\/uploads\/sites\/33\/2019\/03\/20190312_151705.jpg","contentUrl":"https:\/\/weltlaeden.de\/bremerhaven\/wp-content\/uploads\/sites\/33\/2019\/03\/20190312_151705.jpg","width":4032,"height":2268},{"@type":"BreadcrumbList","@id":"https:\/\/weltlaeden.de\/bremerhaven\/produkte\/ergaenzungsprodukte\/#breadcrumb","itemListElement":[{"@type":"ListItem","position":1,"name":"Startseite","item":"https:\/\/weltlaeden.de\/bremerhaven\/"},{"@type":"ListItem","position":2,"name":"Unser Sortiment","item":"https:\/\/weltlaeden.de\/bremerhaven\/produkte\/"},{"@type":"ListItem","position":3,"name":"Geschenke und Praktisches"}]},{"@type":"WebSite","@id":"https:\/\/weltlaeden.de\/bremerhaven\/#website","url":"https:\/\/weltlaeden.de\/bremerhaven\/","name":"Weltladen Bremerhaven","description":"Faire Produkte seit 1990","potentialAction":[{"@type":"SearchAction","target":{"@type":"EntryPoint","urlTemplate":"https:\/\/weltlaeden.de\/bremerhaven\/?s={search_term_string}"},"query-input":{"@type":"PropertyValueSpecification","valueRequired":true,"valueName":"search_term_string"}}],"inLanguage":"de"}]}},"_links":{"self":[{"href":"https:\/\/weltlaeden.de\/bremerhaven\/wp-json\/wp\/v2\/pages\/1364","targetHints":{"allow":["GET"]}}],"collection":[{"href":"https:\/\/weltlaeden.de\/bremerhaven\/wp-json\/wp\/v2\/pages"}],"about":[{"href":"https:\/\/weltlaeden.de\/bremerhaven\/wp-json\/wp\/v2\/types\/page"}],"author":[{"embeddable":true,"href":"https:\/\/weltlaeden.de\/bremerhaven\/wp-json\/wp\/v2\/users\/55"}],"replies":[{"embeddable":true,"href":"https:\/\/weltlaeden.de\/bremerhaven\/wp-json\/wp\/v2\/comments?post=1364"}],"version-history":[{"count":25,"href":"https:\/\/weltlaeden.de\/bremerhaven\/wp-json\/wp\/v2\/pages\/1364\/revisions"}],"predecessor-version":[{"id":1369,"href":"https:\/\/weltlaeden.de\/bremerhaven\/wp-json\/wp\/v2\/pages\/1364\/revisions\/1369"}],"up":[{"embeddable":true,"href":"https:\/\/weltlaeden.de\/bremerhaven\/wp-json\/wp\/v2\/pages\/217"}],"wp:attachment":[{"href":"https:\/\/weltlaeden.de\/bremerhaven\/wp-json\/wp\/v2\/media?parent=1364"}],"curies":[{"name":"wp","href":"https:\/\/api.w.org\/{rel}","templated":true}]}}