{"id":1302,"date":"2019-01-22T09:16:21","date_gmt":"2019-01-22T08:16:06","guid":{"rendered":"https:\/\/weltlaeden.de\/bremerhaven\/?page_id=1302"},"modified":"2024-04-08T13:44:30","modified_gmt":"2024-04-08T11:44:30","slug":"weltladen-bremerhaven-aktuell-2019","status":"publish","type":"page","link":"https:\/\/weltlaeden.de\/bremerhaven\/ueber-uns\/weltladen-bremerhaven-aktuell-2019\/","title":{"rendered":"Weltladen Bremerhaven aktuell"},"content":{"rendered":"<div class=\"wpb-content-wrapper\"><p>[vc_row][vc_column][vc_column_text]<\/p>\n<h2 style=\"text-align: center\"><span style=\"color: #ff6600\"><strong>Weltladen Bremerhaven &#8211; Einblicke<\/strong><\/span><\/h2>\n<h4 style=\"text-align: center\">Unser Sortiment ist vielf\u00e4ltig und umfangreich und umfasst nur fair gehandelte Produkte.<br \/>\nProdukte, die nachhaltig und sozial- und umweltvertr\u00e4glich produziert werden,<br \/>\nerg\u00e4nzen unser Sortiment als &#8222;Erg\u00e4nzungsprodukte in Weltl\u00e4den&#8220;<br \/>\n(nach <em><a href=\"http:\/\/www.bmz.de\/de\/themen\/fairer_handel\/standards\/WFTO\/\" target=\"_blank\" rel=\"noopener\">Definition der WFTO<\/a> <\/em>und der <a href=\"http:\/\/www.bmz.de\/de\/themen\/fairer_handel\/standards\/weltlaeden\/index.html\" target=\"_blank\" rel=\"noopener\"><em>Konvention der Weltl\u00e4den<\/em><\/a>).<\/h4>\n<p>[\/vc_column_text][\/vc_column][\/vc_row][vc_row][vc_column width=&#8220;1\/3&#8243;][vc_separator color=&#8220;orange&#8220; border_width=&#8220;3&#8243;][vc_column_text]<\/p>\n<p style=\"text-align: center\"><img loading=\"lazy\" decoding=\"async\" class=\"alignnone wp-image-2148\" src=\"https:\/\/weltlaeden.de\/bremerhaven\/wp-content\/uploads\/sites\/33\/2020\/02\/20200201_102317-300x169.jpg\" alt=\"\" width=\"178\" height=\"100\" srcset=\"https:\/\/weltlaeden.de\/bremerhaven\/wp-content\/uploads\/sites\/33\/2020\/02\/20200201_102317-300x169.jpg 300w, https:\/\/weltlaeden.de\/bremerhaven\/wp-content\/uploads\/sites\/33\/2020\/02\/20200201_102317-768x432.jpg 768w, https:\/\/weltlaeden.de\/bremerhaven\/wp-content\/uploads\/sites\/33\/2020\/02\/20200201_102317-1024x576.jpg 1024w, https:\/\/weltlaeden.de\/bremerhaven\/wp-content\/uploads\/sites\/33\/2020\/02\/20200201_102317.jpg 1920w\" sizes=\"auto, (max-width: 178px) 100vw, 178px\" \/><br \/>\n<a href=\"https:\/\/weltlaeden.de\/bremerhaven\/wp-content\/uploads\/sites\/33\/2020\/02\/HAUSHALT_1280x720.mp4\" target=\"_blank\" rel=\"noopener\"><strong>Haushalt<\/strong><\/a><\/p>\n<p>[\/vc_column_text][\/vc_column][vc_column width=&#8220;1\/3&#8243;][vc_separator color=&#8220;orange&#8220; border_width=&#8220;3&#8243;][vc_column_text]<\/p>\n<p style=\"text-align: center\"><img loading=\"lazy\" decoding=\"async\" class=\"alignnone wp-image-2151 aligncenter\" src=\"https:\/\/weltlaeden.de\/bremerhaven\/wp-content\/uploads\/sites\/33\/2020\/02\/20200128_151121-300x169.jpg\" alt=\"\" width=\"178\" height=\"100\" srcset=\"https:\/\/weltlaeden.de\/bremerhaven\/wp-content\/uploads\/sites\/33\/2020\/02\/20200128_151121-300x169.jpg 300w, https:\/\/weltlaeden.de\/bremerhaven\/wp-content\/uploads\/sites\/33\/2020\/02\/20200128_151121-768x432.jpg 768w, https:\/\/weltlaeden.de\/bremerhaven\/wp-content\/uploads\/sites\/33\/2020\/02\/20200128_151121-1024x576.jpg 1024w, https:\/\/weltlaeden.de\/bremerhaven\/wp-content\/uploads\/sites\/33\/2020\/02\/20200128_151121.jpg 1920w\" sizes=\"auto, (max-width: 178px) 100vw, 178px\" \/><a href=\"https:\/\/weltlaeden.de\/bremerhaven\/wp-content\/uploads\/sites\/33\/2020\/02\/WELLNESS_1280x720.mp4\" target=\"_blank\" rel=\"noopener\"><strong>Wellness<\/strong><\/a><\/p>\n<p>[\/vc_column_text][\/vc_column][vc_column width=&#8220;1\/3&#8243;][vc_separator color=&#8220;orange&#8220; border_width=&#8220;3&#8243;][vc_column_text]<\/p>\n<p style=\"text-align: center\"><img loading=\"lazy\" decoding=\"async\" class=\"alignnone wp-image-2153 aligncenter\" src=\"https:\/\/weltlaeden.de\/bremerhaven\/wp-content\/uploads\/sites\/33\/2020\/02\/20200128_150646-300x169.jpg\" alt=\"\" width=\"178\" height=\"100\" srcset=\"https:\/\/weltlaeden.de\/bremerhaven\/wp-content\/uploads\/sites\/33\/2020\/02\/20200128_150646-300x169.jpg 300w, https:\/\/weltlaeden.de\/bremerhaven\/wp-content\/uploads\/sites\/33\/2020\/02\/20200128_150646-768x432.jpg 768w, https:\/\/weltlaeden.de\/bremerhaven\/wp-content\/uploads\/sites\/33\/2020\/02\/20200128_150646-1024x576.jpg 1024w, https:\/\/weltlaeden.de\/bremerhaven\/wp-content\/uploads\/sites\/33\/2020\/02\/20200128_150646.jpg 1920w\" sizes=\"auto, (max-width: 178px) 100vw, 178px\" \/><a href=\"https:\/\/weltlaeden.de\/bremerhaven\/wp-content\/uploads\/sites\/33\/2020\/02\/TASCHEN-K\u00d6RBE_1280x720.mp4\" target=\"_blank\" rel=\"noopener\"><strong>Taschen und K\u00f6rbe<\/strong><\/a><\/p>\n<p>[\/vc_column_text][\/vc_column][\/vc_row][vc_row][vc_column width=&#8220;1\/2&#8243;][vc_column_text]<\/p>\n<h2 style=\"text-align: center\"><a href=\"https:\/\/weltlaeden.de\/bremerhaven\/wp-content\/uploads\/sites\/33\/2021\/11\/Faire-Mode.mp4.mp4\"><img loading=\"lazy\" decoding=\"async\" class=\"alignnone wp-image-2550\" src=\"https:\/\/weltlaeden.de\/bremerhaven\/wp-content\/uploads\/sites\/33\/2020\/07\/VIDEO-SYMBOL-300x300.jpg\" alt=\"\" width=\"43\" height=\"43\" \/><strong><span style=\"color: #ff6600\">NEU: FAIRE MODE<\/span><\/strong><\/a><\/h2>\n<p><img loading=\"lazy\" decoding=\"async\" class=\"alignnone size-medium wp-image-3505 aligncenter\" src=\"https:\/\/weltlaeden.de\/bremerhaven\/wp-content\/uploads\/sites\/33\/2021\/11\/Faire-Mode-179x300.jpg\" alt=\"\" width=\"179\" height=\"300\" srcset=\"https:\/\/weltlaeden.de\/bremerhaven\/wp-content\/uploads\/sites\/33\/2021\/11\/Faire-Mode-179x300.jpg 179w, https:\/\/weltlaeden.de\/bremerhaven\/wp-content\/uploads\/sites\/33\/2021\/11\/Faire-Mode-768x1288.jpg 768w, https:\/\/weltlaeden.de\/bremerhaven\/wp-content\/uploads\/sites\/33\/2021\/11\/Faire-Mode-610x1024.jpg 610w, https:\/\/weltlaeden.de\/bremerhaven\/wp-content\/uploads\/sites\/33\/2021\/11\/Faire-Mode.jpg 1079w\" sizes=\"auto, (max-width: 179px) 100vw, 179px\" \/>[\/vc_column_text][\/vc_column][vc_column width=&#8220;1\/2&#8243;][vc_column_text]<strong>Liebe Kundinnen und Kunden,<\/strong><\/p>\n<p><strong>gern bestellen wir f\u00fcr Sie auch <span style=\"color: #ff6600\">LEBENSMITTEL<\/span> und Artikel aus den Bereichen <span style=\"color: #ff6600\">KUNSTHANDWERK, SCHMUCK, GESCHENKARTIKEL etc.<\/span>, die Sie zurzeit nicht im Angebot unseres Sortiments finden.<\/strong><\/p>\n<p><strong>Bitte sprechen Sie einfach unseren Ladendienst an und fragen Sie nach.<\/strong><br \/>\n<strong>Wir helfen Ihnen ganz sicher weiter.<\/strong><\/p>\n<p><strong><em>\u00a0\u00a0\u00a0\u00a0\u00a0\u00a0\u00a0\u00a0\u00a0\u00a0\u00a0\u00a0\u00a0\u00a0\u00a0\u00a0\u00a0\u00a0\u00a0\u00a0\u00a0\u00a0\u00a0\u00a0\u00a0\u00a0\u00a0\u00a0\u00a0\u00a0\u00a0\u00a0\u00a0\u00a0\u00a0\u00a0\u00a0\u00a0\u00a0\u00a0\u00a0\u00a0\u00a0\u00a0\u00a0\u00a0\u00a0 Ihr Weltladen-Team<\/em><\/strong>[\/vc_column_text][\/vc_column][\/vc_row][vc_row][vc_column][vc_separator color=&#8220;orange&#8220; border_width=&#8220;3&#8243;][\/vc_column][\/vc_row]<\/p>\n<\/div>","protected":false},"excerpt":{"rendered":"<p>[vc_row][vc_column][vc_column_text] Weltladen Bremerhaven &#8211; Einblicke Unser Sortiment ist vielf\u00e4ltig und umfangreich und umfasst nur fair gehandelte Produkte. Produkte, die nachhaltig und sozial- und umweltvertr\u00e4glich produziert werden, erg\u00e4nzen unser Sortiment als &#8222;Erg\u00e4nzungsprodukte in Weltl\u00e4den&#8220; (nach Definition der WFTO und der Konvention der Weltl\u00e4den). [\/vc_column_text][\/vc_column][\/vc_row][vc_row][vc_column width=&#8220;1\/3&#8243;][vc_separator color=&#8220;orange&#8220; border_width=&#8220;3&#8243;][vc_column_text] Haushalt [\/vc_column_text][\/vc_column][vc_column width=&#8220;1\/3&#8243;][vc_separator color=&#8220;orange&#8220; border_width=&#8220;3&#8243;][vc_column_text] Wellness [\/vc_column_text][\/vc_column][vc_column width=&#8220;1\/3&#8243;][vc_separator color=&#8220;orange&#8220;&hellip;<\/p>\n","protected":false},"author":55,"featured_media":0,"parent":219,"menu_order":19,"comment_status":"closed","ping_status":"closed","template":"","meta":{"footnotes":""},"class_list":["post-1302","page","type-page","status-publish","hentry","description-off"],"yoast_head":"<!-- This site is optimized with the Yoast SEO plugin v26.8 - https:\/\/yoast.com\/product\/yoast-seo-wordpress\/ -->\n<title>Weltladen Bremerhaven aktuell - Weltladen Bremerhaven<\/title>\n<meta name=\"robots\" content=\"index, follow, max-snippet:-1, max-image-preview:large, max-video-preview:-1\" \/>\n<link rel=\"canonical\" href=\"https:\/\/weltlaeden.de\/bremerhaven\/ueber-uns\/weltladen-bremerhaven-aktuell-2019\/\" \/>\n<meta property=\"og:locale\" content=\"de_DE\" \/>\n<meta property=\"og:type\" content=\"article\" \/>\n<meta property=\"og:title\" content=\"Weltladen Bremerhaven aktuell - Weltladen Bremerhaven\" \/>\n<meta property=\"og:description\" content=\"[vc_row][vc_column][vc_column_text] Weltladen Bremerhaven &#8211; Einblicke Unser Sortiment ist vielf\u00e4ltig und umfangreich und umfasst nur fair gehandelte Produkte. Produkte, die nachhaltig und sozial- und umweltvertr\u00e4glich produziert werden, erg\u00e4nzen unser Sortiment als &#8222;Erg\u00e4nzungsprodukte in Weltl\u00e4den&#8220; (nach Definition der WFTO und der Konvention der Weltl\u00e4den). [\/vc_column_text][\/vc_column][\/vc_row][vc_row][vc_column width=&#8220;1\/3&#8243;][vc_separator color=&#8220;orange&#8220; border_width=&#8220;3&#8243;][vc_column_text] Haushalt [\/vc_column_text][\/vc_column][vc_column width=&#8220;1\/3&#8243;][vc_separator color=&#8220;orange&#8220; border_width=&#8220;3&#8243;][vc_column_text] Wellness [\/vc_column_text][\/vc_column][vc_column width=&#8220;1\/3&#8243;][vc_separator color=&#8220;orange&#8220;&hellip;\" \/>\n<meta property=\"og:url\" content=\"https:\/\/weltlaeden.de\/bremerhaven\/ueber-uns\/weltladen-bremerhaven-aktuell-2019\/\" \/>\n<meta property=\"og:site_name\" content=\"Weltladen Bremerhaven\" \/>\n<meta property=\"article:modified_time\" content=\"2024-04-08T11:44:30+00:00\" \/>\n<meta property=\"og:image\" content=\"https:\/\/weltlaeden.de\/bremerhaven\/wp-content\/uploads\/sites\/33\/2020\/02\/20200201_102317-300x169.jpg\" \/>\n<meta name=\"twitter:card\" content=\"summary_large_image\" \/>\n<meta name=\"twitter:label1\" content=\"Gesch\u00e4tzte Lesezeit\" \/>\n\t<meta name=\"twitter:data1\" content=\"2\u00a0Minuten\" \/>\n<script type=\"application\/ld+json\" class=\"yoast-schema-graph\">{\"@context\":\"https:\/\/schema.org\",\"@graph\":[{\"@type\":\"WebPage\",\"@id\":\"https:\/\/weltlaeden.de\/bremerhaven\/ueber-uns\/weltladen-bremerhaven-aktuell-2019\/\",\"url\":\"https:\/\/weltlaeden.de\/bremerhaven\/ueber-uns\/weltladen-bremerhaven-aktuell-2019\/\",\"name\":\"Weltladen Bremerhaven aktuell - Weltladen Bremerhaven\",\"isPartOf\":{\"@id\":\"https:\/\/weltlaeden.de\/bremerhaven\/#website\"},\"primaryImageOfPage\":{\"@id\":\"https:\/\/weltlaeden.de\/bremerhaven\/ueber-uns\/weltladen-bremerhaven-aktuell-2019\/#primaryimage\"},\"image\":{\"@id\":\"https:\/\/weltlaeden.de\/bremerhaven\/ueber-uns\/weltladen-bremerhaven-aktuell-2019\/#primaryimage\"},\"thumbnailUrl\":\"https:\/\/weltlaeden.de\/bremerhaven\/wp-content\/uploads\/sites\/33\/2020\/02\/20200201_102317-300x169.jpg\",\"datePublished\":\"2019-01-22T08:16:06+00:00\",\"dateModified\":\"2024-04-08T11:44:30+00:00\",\"breadcrumb\":{\"@id\":\"https:\/\/weltlaeden.de\/bremerhaven\/ueber-uns\/weltladen-bremerhaven-aktuell-2019\/#breadcrumb\"},\"inLanguage\":\"de\",\"potentialAction\":[{\"@type\":\"ReadAction\",\"target\":[\"https:\/\/weltlaeden.de\/bremerhaven\/ueber-uns\/weltladen-bremerhaven-aktuell-2019\/\"]}]},{\"@type\":\"ImageObject\",\"inLanguage\":\"de\",\"@id\":\"https:\/\/weltlaeden.de\/bremerhaven\/ueber-uns\/weltladen-bremerhaven-aktuell-2019\/#primaryimage\",\"url\":\"https:\/\/weltlaeden.de\/bremerhaven\/wp-content\/uploads\/sites\/33\/2020\/02\/20200201_102317.jpg\",\"contentUrl\":\"https:\/\/weltlaeden.de\/bremerhaven\/wp-content\/uploads\/sites\/33\/2020\/02\/20200201_102317.jpg\",\"width\":1920,\"height\":1080},{\"@type\":\"BreadcrumbList\",\"@id\":\"https:\/\/weltlaeden.de\/bremerhaven\/ueber-uns\/weltladen-bremerhaven-aktuell-2019\/#breadcrumb\",\"itemListElement\":[{\"@type\":\"ListItem\",\"position\":1,\"name\":\"Startseite\",\"item\":\"https:\/\/weltlaeden.de\/bremerhaven\/\"},{\"@type\":\"ListItem\",\"position\":2,\"name\":\"\u00dcber uns\",\"item\":\"https:\/\/weltlaeden.de\/bremerhaven\/ueber-uns\/\"},{\"@type\":\"ListItem\",\"position\":3,\"name\":\"Weltladen Bremerhaven aktuell\"}]},{\"@type\":\"WebSite\",\"@id\":\"https:\/\/weltlaeden.de\/bremerhaven\/#website\",\"url\":\"https:\/\/weltlaeden.de\/bremerhaven\/\",\"name\":\"Weltladen Bremerhaven\",\"description\":\"Faire Produkte seit 1990\",\"potentialAction\":[{\"@type\":\"SearchAction\",\"target\":{\"@type\":\"EntryPoint\",\"urlTemplate\":\"https:\/\/weltlaeden.de\/bremerhaven\/?s={search_term_string}\"},\"query-input\":{\"@type\":\"PropertyValueSpecification\",\"valueRequired\":true,\"valueName\":\"search_term_string\"}}],\"inLanguage\":\"de\"}]}<\/script>\n<!-- \/ Yoast SEO plugin. -->","yoast_head_json":{"title":"Weltladen Bremerhaven aktuell - Weltladen Bremerhaven","robots":{"index":"index","follow":"follow","max-snippet":"max-snippet:-1","max-image-preview":"max-image-preview:large","max-video-preview":"max-video-preview:-1"},"canonical":"https:\/\/weltlaeden.de\/bremerhaven\/ueber-uns\/weltladen-bremerhaven-aktuell-2019\/","og_locale":"de_DE","og_type":"article","og_title":"Weltladen Bremerhaven aktuell - Weltladen Bremerhaven","og_description":"[vc_row][vc_column][vc_column_text] Weltladen Bremerhaven &#8211; Einblicke Unser Sortiment ist vielf\u00e4ltig und umfangreich und umfasst nur fair gehandelte Produkte. Produkte, die nachhaltig und sozial- und umweltvertr\u00e4glich produziert werden, erg\u00e4nzen unser Sortiment als &#8222;Erg\u00e4nzungsprodukte in Weltl\u00e4den&#8220; (nach Definition der WFTO und der Konvention der Weltl\u00e4den). [\/vc_column_text][\/vc_column][\/vc_row][vc_row][vc_column width=&#8220;1\/3&#8243;][vc_separator color=&#8220;orange&#8220; border_width=&#8220;3&#8243;][vc_column_text] Haushalt [\/vc_column_text][\/vc_column][vc_column width=&#8220;1\/3&#8243;][vc_separator color=&#8220;orange&#8220; border_width=&#8220;3&#8243;][vc_column_text] Wellness [\/vc_column_text][\/vc_column][vc_column width=&#8220;1\/3&#8243;][vc_separator color=&#8220;orange&#8220;&hellip;","og_url":"https:\/\/weltlaeden.de\/bremerhaven\/ueber-uns\/weltladen-bremerhaven-aktuell-2019\/","og_site_name":"Weltladen Bremerhaven","article_modified_time":"2024-04-08T11:44:30+00:00","og_image":[{"url":"https:\/\/weltlaeden.de\/bremerhaven\/wp-content\/uploads\/sites\/33\/2020\/02\/20200201_102317-300x169.jpg","type":"","width":"","height":""}],"twitter_card":"summary_large_image","twitter_misc":{"Gesch\u00e4tzte Lesezeit":"2\u00a0Minuten"},"schema":{"@context":"https:\/\/schema.org","@graph":[{"@type":"WebPage","@id":"https:\/\/weltlaeden.de\/bremerhaven\/ueber-uns\/weltladen-bremerhaven-aktuell-2019\/","url":"https:\/\/weltlaeden.de\/bremerhaven\/ueber-uns\/weltladen-bremerhaven-aktuell-2019\/","name":"Weltladen Bremerhaven aktuell - Weltladen Bremerhaven","isPartOf":{"@id":"https:\/\/weltlaeden.de\/bremerhaven\/#website"},"primaryImageOfPage":{"@id":"https:\/\/weltlaeden.de\/bremerhaven\/ueber-uns\/weltladen-bremerhaven-aktuell-2019\/#primaryimage"},"image":{"@id":"https:\/\/weltlaeden.de\/bremerhaven\/ueber-uns\/weltladen-bremerhaven-aktuell-2019\/#primaryimage"},"thumbnailUrl":"https:\/\/weltlaeden.de\/bremerhaven\/wp-content\/uploads\/sites\/33\/2020\/02\/20200201_102317-300x169.jpg","datePublished":"2019-01-22T08:16:06+00:00","dateModified":"2024-04-08T11:44:30+00:00","breadcrumb":{"@id":"https:\/\/weltlaeden.de\/bremerhaven\/ueber-uns\/weltladen-bremerhaven-aktuell-2019\/#breadcrumb"},"inLanguage":"de","potentialAction":[{"@type":"ReadAction","target":["https:\/\/weltlaeden.de\/bremerhaven\/ueber-uns\/weltladen-bremerhaven-aktuell-2019\/"]}]},{"@type":"ImageObject","inLanguage":"de","@id":"https:\/\/weltlaeden.de\/bremerhaven\/ueber-uns\/weltladen-bremerhaven-aktuell-2019\/#primaryimage","url":"https:\/\/weltlaeden.de\/bremerhaven\/wp-content\/uploads\/sites\/33\/2020\/02\/20200201_102317.jpg","contentUrl":"https:\/\/weltlaeden.de\/bremerhaven\/wp-content\/uploads\/sites\/33\/2020\/02\/20200201_102317.jpg","width":1920,"height":1080},{"@type":"BreadcrumbList","@id":"https:\/\/weltlaeden.de\/bremerhaven\/ueber-uns\/weltladen-bremerhaven-aktuell-2019\/#breadcrumb","itemListElement":[{"@type":"ListItem","position":1,"name":"Startseite","item":"https:\/\/weltlaeden.de\/bremerhaven\/"},{"@type":"ListItem","position":2,"name":"\u00dcber uns","item":"https:\/\/weltlaeden.de\/bremerhaven\/ueber-uns\/"},{"@type":"ListItem","position":3,"name":"Weltladen Bremerhaven aktuell"}]},{"@type":"WebSite","@id":"https:\/\/weltlaeden.de\/bremerhaven\/#website","url":"https:\/\/weltlaeden.de\/bremerhaven\/","name":"Weltladen Bremerhaven","description":"Faire Produkte seit 1990","potentialAction":[{"@type":"SearchAction","target":{"@type":"EntryPoint","urlTemplate":"https:\/\/weltlaeden.de\/bremerhaven\/?s={search_term_string}"},"query-input":{"@type":"PropertyValueSpecification","valueRequired":true,"valueName":"search_term_string"}}],"inLanguage":"de"}]}},"_links":{"self":[{"href":"https:\/\/weltlaeden.de\/bremerhaven\/wp-json\/wp\/v2\/pages\/1302","targetHints":{"allow":["GET"]}}],"collection":[{"href":"https:\/\/weltlaeden.de\/bremerhaven\/wp-json\/wp\/v2\/pages"}],"about":[{"href":"https:\/\/weltlaeden.de\/bremerhaven\/wp-json\/wp\/v2\/types\/page"}],"author":[{"embeddable":true,"href":"https:\/\/weltlaeden.de\/bremerhaven\/wp-json\/wp\/v2\/users\/55"}],"replies":[{"embeddable":true,"href":"https:\/\/weltlaeden.de\/bremerhaven\/wp-json\/wp\/v2\/comments?post=1302"}],"version-history":[{"count":44,"href":"https:\/\/weltlaeden.de\/bremerhaven\/wp-json\/wp\/v2\/pages\/1302\/revisions"}],"predecessor-version":[{"id":3507,"href":"https:\/\/weltlaeden.de\/bremerhaven\/wp-json\/wp\/v2\/pages\/1302\/revisions\/3507"}],"up":[{"embeddable":true,"href":"https:\/\/weltlaeden.de\/bremerhaven\/wp-json\/wp\/v2\/pages\/219"}],"wp:attachment":[{"href":"https:\/\/weltlaeden.de\/bremerhaven\/wp-json\/wp\/v2\/media?parent=1302"}],"curies":[{"name":"wp","href":"https:\/\/api.w.org\/{rel}","templated":true}]}}