{"id":868,"date":"2019-11-19T17:22:39","date_gmt":"2019-11-19T16:22:39","guid":{"rendered":"https:\/\/weltlaeden.de\/bremen\/?page_id=868"},"modified":"2025-05-08T17:27:30","modified_gmt":"2025-05-08T15:27:30","slug":"kampagnen","status":"publish","type":"page","link":"https:\/\/weltlaeden.de\/bremen\/kampagnen\/","title":{"rendered":"Kampagnen"},"content":{"rendered":"<div class=\"wpb-content-wrapper\"><p>[vc_row][vc_column][vc_column_text]<\/p>\n<h1>Kampagnen<\/h1>\n<p>[\/vc_column_text][vc_row_inner][vc_column_inner]<div class=\"wl_einzelbild\"><p><img loading=\"lazy\" decoding=\"async\" class=\"alignnone wp-image-2353 size-full\" src=\"https:\/\/weltlaeden.de\/bremen\/wp-content\/uploads\/sites\/92\/2025\/05\/weltladentag_2025_webbanner_3000x1000.2500x0.jpg\" alt=\"\" width=\"700\" height=\"233\" srcset=\"https:\/\/weltlaeden.de\/bremen\/wp-content\/uploads\/sites\/92\/2025\/05\/weltladentag_2025_webbanner_3000x1000.2500x0.jpg 700w, https:\/\/weltlaeden.de\/bremen\/wp-content\/uploads\/sites\/92\/2025\/05\/weltladentag_2025_webbanner_3000x1000.2500x0-300x100.jpg 300w\" sizes=\"auto, (max-width: 700px) 100vw, 700px\" \/><\/p><\/div>[\/vc_column_inner][\/vc_row_inner][vc_row_inner][vc_column_inner][vc_column_text css=&#8220;&#8220;]<\/p>\n<h3><strong>Weltladentag 2025 \u2013 Schoki f\u00fcr&#8217;s Klima? Kauf ich Euch ab!<\/strong><\/h3>\n<p><strong>Am Weltladentag* fordern Weltl\u00e4den in ganz Deutschland faire Preise f\u00fcr Schokolade und zeigen, welchen Unterschied der Faire Handel machen kann.<br \/>\n<\/strong><br \/>\nHaben Sie in letzter Zeit auch gezuckt, als Sie vor dem Schokoladenregal standen? Kann und will ich das noch bezahlen? Kund:innen fragen nach den Gr\u00fcnden f\u00fcr die Preissteigerungen.<br \/>\nDie Antwort ist: Es hat mit dem Klima zu tun. Es hat mit Spekulation zu tun. Es hat mit kolonialen Strukturen zu tun, mit Profitdenken und Ungerechtigkeit. Eine never ending story, trotz jahrzehntealter Versprechen der Schokoladenindustrie zur Besserung.<br \/>\nDie Kakaopreise sind zuletzt astromisch gestiegen, aber die Kakaob\u00e4uer:innen haben meist nichts davon.<\/p>\n<p><strong>Wer nichts zu ernten hat, hat keine Einnahmen. Kakaoanbau unter Druck<\/strong><\/p>\n<p>In den letzten Jahren haben ver\u00e4nderte Klimaverh\u00e4ltnisse gro\u00dfe Teile der Kakaoernten zerst\u00f6rt. D\u00fcrren, heftige St\u00fcrme, aber besonders vermehrter Sch\u00e4dlings- und Pilzbefall durch zu viel Regen zur falschen Zeit, stellen die Kakaob\u00e4uerinnen und Bauern vor enorme Herausforderungen, insbesondere in Westafrika, der weltweit wichtigsten Region f\u00fcr den Kakaoanbau. In C\u00f4te d\u2019Ivoire und Ghana, die zusammen \u00fcber 60\u00a0% des globalen Kakaobedarfes decken, sind die Ertr\u00e4ge zuletzt bis zu 40 oder 50 % zur\u00fcckgegangen. Der Kakaomangel treibt den Weltmarktpreis in nie dagewesene H\u00f6hen, f\u00fcr die Kakaob\u00e4uer:innen bedeuten die geringen Ernten jedoch drastische Einkommensverluste.<br \/>\nDie Zukunftsaussichten sind noch beunruhigender: Sch\u00e4tzungen zufolge k\u00f6nnten in den n\u00e4chsten 30 Jahren weite Teile der Kakaoregionen aufgrund des Klimawandels unbewirtschaftbar werden. Dies stellt insbesondere kleine Familienbetriebe vor existenzielle Probleme, da sie weder \u00fcber die finanziellen Mittel noch \u00fcber die Ressourcen verf\u00fcgen, um auf alternative Anbauverfahren oder andere Einkommensquellen umzusteigen. Ohne gezielte Unterst\u00fctzung droht vielen dieser Betriebe das wirtschaftliche Aus.<\/p>\n<p><strong>Investitionen in die Zukunft erm\u00f6glichen &#8211; Faire Preise machen den Unterschied\u00a0<\/strong><\/p>\n<p>Ein fairer und gerechter Kakaoanbau erfordert Preise, die den Kakaob\u00e4uer:innen ein stabiles, verl\u00e4ssliches und vor allem existenzsicherndes Einkommen garantieren &#8211; unabh\u00e4ngig von Preisschwankungen auf dem Weltmarkt. Nur so k\u00f6nnen diese Produzent:innen in eine nachhaltige Zukunft investieren.<\/p>\n<p>Die anerkannten Lieferanten der Weltl\u00e4den mit ihren langfristigen Partnerschaften sind Vorreiter. So wird die n\u00f6tige Erneuerung der \u00fcberalterten Plantagen und der Umbau in nachhaltige Anbaumethoden wie Agroforst-Systeme \u00fcberhaupt erst m\u00f6glich.<br \/>\nDer Kakao-Anbau wird hierdurch resilienter gegen die Klimakrise und die Ernte weiterer Fr\u00fcchte macht unabh\u00e4ngiger. Ja, sogar CO2 wird im Boden gespeichert.<br \/>\nInvestitionen in Bildung, Gesundheit und Infrastruktur st\u00e4rken die gesamte Gemeinschaft und schaffen Perspektiven f\u00fcr die n\u00e4chste Generation. Solche nachhaltigen Ans\u00e4tze zeigen, dass der Faire Handel nicht nur ein ethisches Ziel ist, sondern langfristig auch \u00f6konomisch und \u00f6kologisch sinnvoll.<\/p>\n<p>Revolutionen kommen manchmal ganz leise daher \u2013 zumindest der Anfang von etwas Neuem. Es ist manchmal nur eine Kaufentscheidung, die den Unterschied macht. Warten wir nicht auf den ganz gro\u00dfen Wurf, sondern tun das N\u00e4chstliegende.<br \/>\nSchoki f\u00fcr\u2019s Klima? Kauf ich Euch ab.<\/p>\n<p><strong>Petition \u201eMake Chocolate Fair! 2025\u201c unterschreiben!<\/strong><br \/>\n<strong>Faire Kakao-Preise jetzt!<\/strong><\/p>\n<p>Faire Schokolade kaufen ist das eine &#8211; dar\u00fcber hinaus m\u00f6chten wir als Weltl\u00e4den und Fairer Handel aber auch, dass sich grundlegend etwas \u00e4ndert. Daher unterst\u00fctzen wir die Kampagne \u201eMake Chocolate Fair\u201c von INKOTA und fordern die gro\u00dfen Schokoladenplayer dazu auf, endlich existenzsichernde Kakaopreise zu bezahlen. <a href=\"https:\/\/makechocolatefair.org\/inkota-osteraktion-2025-faire-kakaopreise-jetzt\">Hier<\/a> k\u00f6nnen sie an der Online-Petition teilnehmen.<\/p>\n<p>&nbsp;<\/p>\n<p>&nbsp;<\/p>\n<p>&nbsp;<\/p>\n<p>[\/vc_column_text][vc_empty_space][\/vc_column_inner][\/vc_row_inner][vc_separator][vc_empty_space][vc_row_inner][vc_column_inner][\/vc_column_inner][\/vc_row_inner][\/vc_column][\/vc_row]<\/p>\n<\/div>","protected":false},"excerpt":{"rendered":"<p>[vc_row][vc_column][vc_column_text] Kampagnen [\/vc_column_text][vc_row_inner][vc_column_inner][\/vc_column_inner][\/vc_row_inner][vc_row_inner][vc_column_inner][vc_column_text css=&#8220;&#8220;] Weltladentag 2025 \u2013 Schoki f\u00fcr&#8217;s Klima? Kauf ich Euch ab! Am Weltladentag* fordern Weltl\u00e4den in ganz Deutschland faire Preise f\u00fcr Schokolade und zeigen, welchen Unterschied der Faire Handel machen kann. Haben Sie in letzter Zeit auch gezuckt, als Sie vor dem Schokoladenregal standen? Kann und will ich das noch bezahlen? Kund:innen&hellip;<\/p>\n","protected":false},"author":138,"featured_media":0,"parent":0,"menu_order":0,"comment_status":"closed","ping_status":"closed","template":"","meta":{"footnotes":""},"class_list":["post-868","page","type-page","status-publish","hentry","description-off"],"yoast_head":"<!-- This site is optimized with the Yoast SEO plugin v26.8 - https:\/\/yoast.com\/product\/yoast-seo-wordpress\/ -->\n<title>Kampagnen - Weltladen Bremen<\/title>\n<meta name=\"robots\" content=\"index, follow, max-snippet:-1, max-image-preview:large, max-video-preview:-1\" \/>\n<link rel=\"canonical\" href=\"https:\/\/weltlaeden.de\/bremen\/kampagnen\/\" \/>\n<meta property=\"og:locale\" content=\"de_DE\" \/>\n<meta property=\"og:type\" content=\"article\" \/>\n<meta property=\"og:title\" content=\"Kampagnen - Weltladen Bremen\" \/>\n<meta property=\"og:description\" content=\"[vc_row][vc_column][vc_column_text] Kampagnen [\/vc_column_text][vc_row_inner][vc_column_inner][\/vc_column_inner][\/vc_row_inner][vc_row_inner][vc_column_inner][vc_column_text css=&#8220;&#8220;] Weltladentag 2025 \u2013 Schoki f\u00fcr&#8217;s Klima? Kauf ich Euch ab! Am Weltladentag* fordern Weltl\u00e4den in ganz Deutschland faire Preise f\u00fcr Schokolade und zeigen, welchen Unterschied der Faire Handel machen kann. Haben Sie in letzter Zeit auch gezuckt, als Sie vor dem Schokoladenregal standen? Kann und will ich das noch bezahlen? Kund:innen&hellip;\" \/>\n<meta property=\"og:url\" content=\"https:\/\/weltlaeden.de\/bremen\/kampagnen\/\" \/>\n<meta property=\"og:site_name\" content=\"Weltladen Bremen\" \/>\n<meta property=\"article:modified_time\" content=\"2025-05-08T15:27:30+00:00\" \/>\n<meta property=\"og:image\" content=\"https:\/\/weltlaeden.de\/bremen\/wp-content\/uploads\/sites\/92\/2025\/05\/weltladentag_2025_webbanner_3000x1000.2500x0.jpg\" \/>\n\t<meta property=\"og:image:width\" content=\"700\" \/>\n\t<meta property=\"og:image:height\" content=\"233\" \/>\n\t<meta property=\"og:image:type\" content=\"image\/jpeg\" \/>\n<meta name=\"twitter:card\" content=\"summary_large_image\" \/>\n<meta name=\"twitter:label1\" content=\"Gesch\u00e4tzte Lesezeit\" \/>\n\t<meta name=\"twitter:data1\" content=\"4\u00a0Minuten\" \/>\n<script type=\"application\/ld+json\" class=\"yoast-schema-graph\">{\"@context\":\"https:\/\/schema.org\",\"@graph\":[{\"@type\":\"WebPage\",\"@id\":\"https:\/\/weltlaeden.de\/bremen\/kampagnen\/\",\"url\":\"https:\/\/weltlaeden.de\/bremen\/kampagnen\/\",\"name\":\"Kampagnen - Weltladen Bremen\",\"isPartOf\":{\"@id\":\"https:\/\/weltlaeden.de\/bremen\/#website\"},\"primaryImageOfPage\":{\"@id\":\"https:\/\/weltlaeden.de\/bremen\/kampagnen\/#primaryimage\"},\"image\":{\"@id\":\"https:\/\/weltlaeden.de\/bremen\/kampagnen\/#primaryimage\"},\"thumbnailUrl\":\"https:\/\/weltlaeden.de\/bremen\/wp-content\/uploads\/sites\/92\/2025\/05\/weltladentag_2025_webbanner_3000x1000.2500x0.jpg\",\"datePublished\":\"2019-11-19T16:22:39+00:00\",\"dateModified\":\"2025-05-08T15:27:30+00:00\",\"breadcrumb\":{\"@id\":\"https:\/\/weltlaeden.de\/bremen\/kampagnen\/#breadcrumb\"},\"inLanguage\":\"de\",\"potentialAction\":[{\"@type\":\"ReadAction\",\"target\":[\"https:\/\/weltlaeden.de\/bremen\/kampagnen\/\"]}]},{\"@type\":\"ImageObject\",\"inLanguage\":\"de\",\"@id\":\"https:\/\/weltlaeden.de\/bremen\/kampagnen\/#primaryimage\",\"url\":\"https:\/\/weltlaeden.de\/bremen\/wp-content\/uploads\/sites\/92\/2025\/05\/weltladentag_2025_webbanner_3000x1000.2500x0.jpg\",\"contentUrl\":\"https:\/\/weltlaeden.de\/bremen\/wp-content\/uploads\/sites\/92\/2025\/05\/weltladentag_2025_webbanner_3000x1000.2500x0.jpg\",\"width\":700,\"height\":233},{\"@type\":\"BreadcrumbList\",\"@id\":\"https:\/\/weltlaeden.de\/bremen\/kampagnen\/#breadcrumb\",\"itemListElement\":[{\"@type\":\"ListItem\",\"position\":1,\"name\":\"Startseite\",\"item\":\"https:\/\/weltlaeden.de\/bremen\/\"},{\"@type\":\"ListItem\",\"position\":2,\"name\":\"Kampagnen\"}]},{\"@type\":\"WebSite\",\"@id\":\"https:\/\/weltlaeden.de\/bremen\/#website\",\"url\":\"https:\/\/weltlaeden.de\/bremen\/\",\"name\":\"Weltladen Bremen\",\"description\":\"Die ganze Welt des Fairen Handels im Viertel\",\"potentialAction\":[{\"@type\":\"SearchAction\",\"target\":{\"@type\":\"EntryPoint\",\"urlTemplate\":\"https:\/\/weltlaeden.de\/bremen\/?s={search_term_string}\"},\"query-input\":{\"@type\":\"PropertyValueSpecification\",\"valueRequired\":true,\"valueName\":\"search_term_string\"}}],\"inLanguage\":\"de\"}]}<\/script>\n<!-- \/ Yoast SEO plugin. -->","yoast_head_json":{"title":"Kampagnen - Weltladen Bremen","robots":{"index":"index","follow":"follow","max-snippet":"max-snippet:-1","max-image-preview":"max-image-preview:large","max-video-preview":"max-video-preview:-1"},"canonical":"https:\/\/weltlaeden.de\/bremen\/kampagnen\/","og_locale":"de_DE","og_type":"article","og_title":"Kampagnen - Weltladen Bremen","og_description":"[vc_row][vc_column][vc_column_text] Kampagnen [\/vc_column_text][vc_row_inner][vc_column_inner][\/vc_column_inner][\/vc_row_inner][vc_row_inner][vc_column_inner][vc_column_text css=&#8220;&#8220;] Weltladentag 2025 \u2013 Schoki f\u00fcr&#8217;s Klima? Kauf ich Euch ab! Am Weltladentag* fordern Weltl\u00e4den in ganz Deutschland faire Preise f\u00fcr Schokolade und zeigen, welchen Unterschied der Faire Handel machen kann. Haben Sie in letzter Zeit auch gezuckt, als Sie vor dem Schokoladenregal standen? Kann und will ich das noch bezahlen? Kund:innen&hellip;","og_url":"https:\/\/weltlaeden.de\/bremen\/kampagnen\/","og_site_name":"Weltladen Bremen","article_modified_time":"2025-05-08T15:27:30+00:00","og_image":[{"width":700,"height":233,"url":"https:\/\/weltlaeden.de\/bremen\/wp-content\/uploads\/sites\/92\/2025\/05\/weltladentag_2025_webbanner_3000x1000.2500x0.jpg","type":"image\/jpeg"}],"twitter_card":"summary_large_image","twitter_misc":{"Gesch\u00e4tzte Lesezeit":"4\u00a0Minuten"},"schema":{"@context":"https:\/\/schema.org","@graph":[{"@type":"WebPage","@id":"https:\/\/weltlaeden.de\/bremen\/kampagnen\/","url":"https:\/\/weltlaeden.de\/bremen\/kampagnen\/","name":"Kampagnen - Weltladen Bremen","isPartOf":{"@id":"https:\/\/weltlaeden.de\/bremen\/#website"},"primaryImageOfPage":{"@id":"https:\/\/weltlaeden.de\/bremen\/kampagnen\/#primaryimage"},"image":{"@id":"https:\/\/weltlaeden.de\/bremen\/kampagnen\/#primaryimage"},"thumbnailUrl":"https:\/\/weltlaeden.de\/bremen\/wp-content\/uploads\/sites\/92\/2025\/05\/weltladentag_2025_webbanner_3000x1000.2500x0.jpg","datePublished":"2019-11-19T16:22:39+00:00","dateModified":"2025-05-08T15:27:30+00:00","breadcrumb":{"@id":"https:\/\/weltlaeden.de\/bremen\/kampagnen\/#breadcrumb"},"inLanguage":"de","potentialAction":[{"@type":"ReadAction","target":["https:\/\/weltlaeden.de\/bremen\/kampagnen\/"]}]},{"@type":"ImageObject","inLanguage":"de","@id":"https:\/\/weltlaeden.de\/bremen\/kampagnen\/#primaryimage","url":"https:\/\/weltlaeden.de\/bremen\/wp-content\/uploads\/sites\/92\/2025\/05\/weltladentag_2025_webbanner_3000x1000.2500x0.jpg","contentUrl":"https:\/\/weltlaeden.de\/bremen\/wp-content\/uploads\/sites\/92\/2025\/05\/weltladentag_2025_webbanner_3000x1000.2500x0.jpg","width":700,"height":233},{"@type":"BreadcrumbList","@id":"https:\/\/weltlaeden.de\/bremen\/kampagnen\/#breadcrumb","itemListElement":[{"@type":"ListItem","position":1,"name":"Startseite","item":"https:\/\/weltlaeden.de\/bremen\/"},{"@type":"ListItem","position":2,"name":"Kampagnen"}]},{"@type":"WebSite","@id":"https:\/\/weltlaeden.de\/bremen\/#website","url":"https:\/\/weltlaeden.de\/bremen\/","name":"Weltladen Bremen","description":"Die ganze Welt des Fairen Handels im Viertel","potentialAction":[{"@type":"SearchAction","target":{"@type":"EntryPoint","urlTemplate":"https:\/\/weltlaeden.de\/bremen\/?s={search_term_string}"},"query-input":{"@type":"PropertyValueSpecification","valueRequired":true,"valueName":"search_term_string"}}],"inLanguage":"de"}]}},"_links":{"self":[{"href":"https:\/\/weltlaeden.de\/bremen\/wp-json\/wp\/v2\/pages\/868","targetHints":{"allow":["GET"]}}],"collection":[{"href":"https:\/\/weltlaeden.de\/bremen\/wp-json\/wp\/v2\/pages"}],"about":[{"href":"https:\/\/weltlaeden.de\/bremen\/wp-json\/wp\/v2\/types\/page"}],"author":[{"embeddable":true,"href":"https:\/\/weltlaeden.de\/bremen\/wp-json\/wp\/v2\/users\/138"}],"replies":[{"embeddable":true,"href":"https:\/\/weltlaeden.de\/bremen\/wp-json\/wp\/v2\/comments?post=868"}],"version-history":[{"count":22,"href":"https:\/\/weltlaeden.de\/bremen\/wp-json\/wp\/v2\/pages\/868\/revisions"}],"predecessor-version":[{"id":2361,"href":"https:\/\/weltlaeden.de\/bremen\/wp-json\/wp\/v2\/pages\/868\/revisions\/2361"}],"wp:attachment":[{"href":"https:\/\/weltlaeden.de\/bremen\/wp-json\/wp\/v2\/media?parent=868"}],"curies":[{"name":"wp","href":"https:\/\/api.w.org\/{rel}","templated":true}]}}