{"id":219,"date":"2016-10-28T13:34:47","date_gmt":"2016-10-28T11:34:47","guid":{"rendered":"https:\/\/wl.heimpixel.de\/vorlage\/ueber-uns\/"},"modified":"2023-05-04T16:47:35","modified_gmt":"2023-05-04T14:47:35","slug":"ueber-uns","status":"publish","type":"page","link":"https:\/\/weltlaeden.de\/bremen\/ueber-uns\/","title":{"rendered":"\u00dcber uns"},"content":{"rendered":"<div class=\"wpb-content-wrapper\"><p>[vc_row][vc_column]<div class=\"wl_einzelbild\"><p><img loading=\"lazy\" decoding=\"async\" class=\"alignnone wp-image-2048\" src=\"https:\/\/weltlaeden.de\/bremen\/wp-content\/uploads\/sites\/92\/2023\/05\/20221125_150306-e1683211579579-300x183.jpg\" alt=\"\" width=\"700\" height=\"427\" srcset=\"https:\/\/weltlaeden.de\/bremen\/wp-content\/uploads\/sites\/92\/2023\/05\/20221125_150306-e1683211579579-300x183.jpg 300w, https:\/\/weltlaeden.de\/bremen\/wp-content\/uploads\/sites\/92\/2023\/05\/20221125_150306-e1683211579579-1024x625.jpg 1024w, https:\/\/weltlaeden.de\/bremen\/wp-content\/uploads\/sites\/92\/2023\/05\/20221125_150306-e1683211579579-768x468.jpg 768w, https:\/\/weltlaeden.de\/bremen\/wp-content\/uploads\/sites\/92\/2023\/05\/20221125_150306-e1683211579579-1536x937.jpg 1536w, https:\/\/weltlaeden.de\/bremen\/wp-content\/uploads\/sites\/92\/2023\/05\/20221125_150306-e1683211579579.jpg 1818w\" sizes=\"auto, (max-width: 700px) 100vw, 700px\" \/><\/p><\/div>[vc_column_text]<\/p>\n<h1>Der Weltladen Bremen<\/h1>\n<p>[\/vc_column_text][vc_column_text]<\/p>\n<h2><img loading=\"lazy\" decoding=\"async\" class=\"wp-image-490 alignright\" src=\"https:\/\/weltlaeden.de\/bremen\/wp-content\/uploads\/sites\/92\/2019\/05\/Stadtmusi-ganz_versuch-201x300.jpg\" alt=\"\" width=\"146\" height=\"218\" \/>Fairb\u00fcndet<\/h2>\n<p><strong>Unser Markenzeichen, die\u00a0Bremer Weltmusikanten aus Afrika, S\u00fcdamerika und Asien stehen f\u00fcr entschlossenes gemeinsames Handeln und f\u00fcr unser Engagement f\u00fcr mehr Gerechtigkeit durch Fairen Handel.<\/strong><\/p>\n<h2>Seit 1997 im Viertel&#8230;<\/h2>\n<p>Der Weltladen Bremen befindet sich in attraktiver Lage\u00a0im Ostertorsteinweg, in guter\u00a0Nachbarschaft\u00a0zu vielen kleinen Einzelhandelsgesch\u00e4ften, Kneipen, Boutiquen und\u00a0Sta\u00dfencaf\u00e9s im &#8222;Viertel&#8220;. Mit der Neuer\u00f6ffnung 1997 wurde aus dem Vorl\u00e4uferladen in der &#8222;Buchte&#8220; (Buchtstra\u00dfe) der Weltladen im wahrsten Sinne aus der\u00a0Nische geholt.\u00a0Heute geh\u00f6rt er zu einem der gro\u00dfen Weltl\u00e4den im norddeutschen Raum, nat\u00fcrlich mit durchgehenden \u00d6ffnungszeiten und einem\u00a0gro\u00dfen Sortiment.<\/p>\n<p>Als<strong> Mitglied beim Weltladen-Dachverband <\/strong>sind wir mit\u00a0etwa 450 Weltl\u00e4den verbunden und verpflichten uns die Konvention der Weltl\u00e4den einzuhalten: <a href=\"http:\/\/www.weltladen.de\">www.weltladen.de<\/a><\/p>\n<h2>Mehr als Verkauf&#8230;<\/h2>\n<p>Gemeinsam mit anderen Akteuren in Bremen setzen wir uns \u00fcber den <strong>&#8222;Verein Eine Welt e.V.&#8220;<\/strong> als Tr\u00e4ger der Bildungsarbeit daf\u00fcr ein, den Fairen Handel in Bremen bekannter zu machen, zum Beispiel im Koordinierungskreis zur Vorbereitung der Fairen Woche in Bremen.[\/vc_column_text][\/vc_column][vc_column][\/vc_column][\/vc_row][vc_row][vc_column][vc_empty_space][\/vc_column][\/vc_row][vc_row][vc_column][\/vc_column][\/vc_row]<\/p>\n<\/div>","protected":false},"excerpt":{"rendered":"<p>[vc_row][vc_column][vc_column_text] Der Weltladen Bremen [\/vc_column_text][vc_column_text] Fairb\u00fcndet Unser Markenzeichen, die\u00a0Bremer Weltmusikanten aus Afrika, S\u00fcdamerika und Asien stehen f\u00fcr entschlossenes gemeinsames Handeln und f\u00fcr unser Engagement f\u00fcr mehr Gerechtigkeit durch Fairen Handel. Seit 1997 im Viertel&#8230; Der Weltladen Bremen befindet sich in attraktiver Lage\u00a0im Ostertorsteinweg, in guter\u00a0Nachbarschaft\u00a0zu vielen kleinen Einzelhandelsgesch\u00e4ften, Kneipen, Boutiquen und\u00a0Sta\u00dfencaf\u00e9s im &#8222;Viertel&#8220;. Mit der&hellip;<\/p>\n","protected":false},"author":1,"featured_media":0,"parent":0,"menu_order":4,"comment_status":"closed","ping_status":"closed","template":"","meta":{"footnotes":""},"class_list":["post-219","page","type-page","status-publish","hentry","description-off"],"yoast_head":"<!-- This site is optimized with the Yoast SEO plugin v26.8 - https:\/\/yoast.com\/product\/yoast-seo-wordpress\/ -->\n<title>\u00dcber uns - Weltladen Bremen<\/title>\n<meta name=\"robots\" content=\"index, follow, max-snippet:-1, max-image-preview:large, max-video-preview:-1\" \/>\n<link rel=\"canonical\" href=\"https:\/\/weltlaeden.de\/bremen\/ueber-uns\/\" \/>\n<meta property=\"og:locale\" content=\"de_DE\" \/>\n<meta property=\"og:type\" content=\"article\" \/>\n<meta property=\"og:title\" content=\"\u00dcber uns - Weltladen Bremen\" \/>\n<meta property=\"og:description\" content=\"[vc_row][vc_column][vc_column_text] Der Weltladen Bremen [\/vc_column_text][vc_column_text] Fairb\u00fcndet Unser Markenzeichen, die\u00a0Bremer Weltmusikanten aus Afrika, S\u00fcdamerika und Asien stehen f\u00fcr entschlossenes gemeinsames Handeln und f\u00fcr unser Engagement f\u00fcr mehr Gerechtigkeit durch Fairen Handel. Seit 1997 im Viertel&#8230; Der Weltladen Bremen befindet sich in attraktiver Lage\u00a0im Ostertorsteinweg, in guter\u00a0Nachbarschaft\u00a0zu vielen kleinen Einzelhandelsgesch\u00e4ften, Kneipen, Boutiquen und\u00a0Sta\u00dfencaf\u00e9s im &#8222;Viertel&#8220;. Mit der&hellip;\" \/>\n<meta property=\"og:url\" content=\"https:\/\/weltlaeden.de\/bremen\/ueber-uns\/\" \/>\n<meta property=\"og:site_name\" content=\"Weltladen Bremen\" \/>\n<meta property=\"article:modified_time\" content=\"2023-05-04T14:47:35+00:00\" \/>\n<meta property=\"og:image\" content=\"https:\/\/weltlaeden.de\/bremen\/wp-content\/uploads\/sites\/92\/2023\/05\/20221125_150306-e1683211579579-300x183.jpg\" \/>\n<meta name=\"twitter:card\" content=\"summary_large_image\" \/>\n<meta name=\"twitter:label1\" content=\"Gesch\u00e4tzte Lesezeit\" \/>\n\t<meta name=\"twitter:data1\" content=\"2\u00a0Minuten\" \/>\n<script type=\"application\/ld+json\" class=\"yoast-schema-graph\">{\"@context\":\"https:\/\/schema.org\",\"@graph\":[{\"@type\":\"WebPage\",\"@id\":\"https:\/\/weltlaeden.de\/bremen\/ueber-uns\/\",\"url\":\"https:\/\/weltlaeden.de\/bremen\/ueber-uns\/\",\"name\":\"\u00dcber uns - Weltladen Bremen\",\"isPartOf\":{\"@id\":\"https:\/\/weltlaeden.de\/bremen\/#website\"},\"primaryImageOfPage\":{\"@id\":\"https:\/\/weltlaeden.de\/bremen\/ueber-uns\/#primaryimage\"},\"image\":{\"@id\":\"https:\/\/weltlaeden.de\/bremen\/ueber-uns\/#primaryimage\"},\"thumbnailUrl\":\"https:\/\/weltlaeden.de\/bremen\/wp-content\/uploads\/sites\/92\/2023\/05\/20221125_150306-e1683211579579-300x183.jpg\",\"datePublished\":\"2016-10-28T11:34:47+00:00\",\"dateModified\":\"2023-05-04T14:47:35+00:00\",\"breadcrumb\":{\"@id\":\"https:\/\/weltlaeden.de\/bremen\/ueber-uns\/#breadcrumb\"},\"inLanguage\":\"de\",\"potentialAction\":[{\"@type\":\"ReadAction\",\"target\":[\"https:\/\/weltlaeden.de\/bremen\/ueber-uns\/\"]}]},{\"@type\":\"ImageObject\",\"inLanguage\":\"de\",\"@id\":\"https:\/\/weltlaeden.de\/bremen\/ueber-uns\/#primaryimage\",\"url\":\"https:\/\/weltlaeden.de\/bremen\/wp-content\/uploads\/sites\/92\/2023\/05\/20221125_150306-e1683211579579.jpg\",\"contentUrl\":\"https:\/\/weltlaeden.de\/bremen\/wp-content\/uploads\/sites\/92\/2023\/05\/20221125_150306-e1683211579579.jpg\",\"width\":1818,\"height\":1109},{\"@type\":\"BreadcrumbList\",\"@id\":\"https:\/\/weltlaeden.de\/bremen\/ueber-uns\/#breadcrumb\",\"itemListElement\":[{\"@type\":\"ListItem\",\"position\":1,\"name\":\"Startseite\",\"item\":\"https:\/\/weltlaeden.de\/bremen\/\"},{\"@type\":\"ListItem\",\"position\":2,\"name\":\"\u00dcber uns\"}]},{\"@type\":\"WebSite\",\"@id\":\"https:\/\/weltlaeden.de\/bremen\/#website\",\"url\":\"https:\/\/weltlaeden.de\/bremen\/\",\"name\":\"Weltladen Bremen\",\"description\":\"Die ganze Welt des Fairen Handels im Viertel\",\"potentialAction\":[{\"@type\":\"SearchAction\",\"target\":{\"@type\":\"EntryPoint\",\"urlTemplate\":\"https:\/\/weltlaeden.de\/bremen\/?s={search_term_string}\"},\"query-input\":{\"@type\":\"PropertyValueSpecification\",\"valueRequired\":true,\"valueName\":\"search_term_string\"}}],\"inLanguage\":\"de\"}]}<\/script>\n<!-- \/ Yoast SEO plugin. -->","yoast_head_json":{"title":"\u00dcber uns - Weltladen Bremen","robots":{"index":"index","follow":"follow","max-snippet":"max-snippet:-1","max-image-preview":"max-image-preview:large","max-video-preview":"max-video-preview:-1"},"canonical":"https:\/\/weltlaeden.de\/bremen\/ueber-uns\/","og_locale":"de_DE","og_type":"article","og_title":"\u00dcber uns - Weltladen Bremen","og_description":"[vc_row][vc_column][vc_column_text] Der Weltladen Bremen [\/vc_column_text][vc_column_text] Fairb\u00fcndet Unser Markenzeichen, die\u00a0Bremer Weltmusikanten aus Afrika, S\u00fcdamerika und Asien stehen f\u00fcr entschlossenes gemeinsames Handeln und f\u00fcr unser Engagement f\u00fcr mehr Gerechtigkeit durch Fairen Handel. Seit 1997 im Viertel&#8230; Der Weltladen Bremen befindet sich in attraktiver Lage\u00a0im Ostertorsteinweg, in guter\u00a0Nachbarschaft\u00a0zu vielen kleinen Einzelhandelsgesch\u00e4ften, Kneipen, Boutiquen und\u00a0Sta\u00dfencaf\u00e9s im &#8222;Viertel&#8220;. Mit der&hellip;","og_url":"https:\/\/weltlaeden.de\/bremen\/ueber-uns\/","og_site_name":"Weltladen Bremen","article_modified_time":"2023-05-04T14:47:35+00:00","og_image":[{"url":"https:\/\/weltlaeden.de\/bremen\/wp-content\/uploads\/sites\/92\/2023\/05\/20221125_150306-e1683211579579-300x183.jpg","type":"","width":"","height":""}],"twitter_card":"summary_large_image","twitter_misc":{"Gesch\u00e4tzte Lesezeit":"2\u00a0Minuten"},"schema":{"@context":"https:\/\/schema.org","@graph":[{"@type":"WebPage","@id":"https:\/\/weltlaeden.de\/bremen\/ueber-uns\/","url":"https:\/\/weltlaeden.de\/bremen\/ueber-uns\/","name":"\u00dcber uns - Weltladen Bremen","isPartOf":{"@id":"https:\/\/weltlaeden.de\/bremen\/#website"},"primaryImageOfPage":{"@id":"https:\/\/weltlaeden.de\/bremen\/ueber-uns\/#primaryimage"},"image":{"@id":"https:\/\/weltlaeden.de\/bremen\/ueber-uns\/#primaryimage"},"thumbnailUrl":"https:\/\/weltlaeden.de\/bremen\/wp-content\/uploads\/sites\/92\/2023\/05\/20221125_150306-e1683211579579-300x183.jpg","datePublished":"2016-10-28T11:34:47+00:00","dateModified":"2023-05-04T14:47:35+00:00","breadcrumb":{"@id":"https:\/\/weltlaeden.de\/bremen\/ueber-uns\/#breadcrumb"},"inLanguage":"de","potentialAction":[{"@type":"ReadAction","target":["https:\/\/weltlaeden.de\/bremen\/ueber-uns\/"]}]},{"@type":"ImageObject","inLanguage":"de","@id":"https:\/\/weltlaeden.de\/bremen\/ueber-uns\/#primaryimage","url":"https:\/\/weltlaeden.de\/bremen\/wp-content\/uploads\/sites\/92\/2023\/05\/20221125_150306-e1683211579579.jpg","contentUrl":"https:\/\/weltlaeden.de\/bremen\/wp-content\/uploads\/sites\/92\/2023\/05\/20221125_150306-e1683211579579.jpg","width":1818,"height":1109},{"@type":"BreadcrumbList","@id":"https:\/\/weltlaeden.de\/bremen\/ueber-uns\/#breadcrumb","itemListElement":[{"@type":"ListItem","position":1,"name":"Startseite","item":"https:\/\/weltlaeden.de\/bremen\/"},{"@type":"ListItem","position":2,"name":"\u00dcber uns"}]},{"@type":"WebSite","@id":"https:\/\/weltlaeden.de\/bremen\/#website","url":"https:\/\/weltlaeden.de\/bremen\/","name":"Weltladen Bremen","description":"Die ganze Welt des Fairen Handels im Viertel","potentialAction":[{"@type":"SearchAction","target":{"@type":"EntryPoint","urlTemplate":"https:\/\/weltlaeden.de\/bremen\/?s={search_term_string}"},"query-input":{"@type":"PropertyValueSpecification","valueRequired":true,"valueName":"search_term_string"}}],"inLanguage":"de"}]}},"_links":{"self":[{"href":"https:\/\/weltlaeden.de\/bremen\/wp-json\/wp\/v2\/pages\/219","targetHints":{"allow":["GET"]}}],"collection":[{"href":"https:\/\/weltlaeden.de\/bremen\/wp-json\/wp\/v2\/pages"}],"about":[{"href":"https:\/\/weltlaeden.de\/bremen\/wp-json\/wp\/v2\/types\/page"}],"author":[{"embeddable":true,"href":"https:\/\/weltlaeden.de\/bremen\/wp-json\/wp\/v2\/users\/1"}],"replies":[{"embeddable":true,"href":"https:\/\/weltlaeden.de\/bremen\/wp-json\/wp\/v2\/comments?post=219"}],"version-history":[{"count":55,"href":"https:\/\/weltlaeden.de\/bremen\/wp-json\/wp\/v2\/pages\/219\/revisions"}],"predecessor-version":[{"id":2049,"href":"https:\/\/weltlaeden.de\/bremen\/wp-json\/wp\/v2\/pages\/219\/revisions\/2049"}],"wp:attachment":[{"href":"https:\/\/weltlaeden.de\/bremen\/wp-json\/wp\/v2\/media?parent=219"}],"curies":[{"name":"wp","href":"https:\/\/api.w.org\/{rel}","templated":true}]}}