{"id":1150,"date":"2020-03-31T11:53:57","date_gmt":"2020-03-31T09:53:57","guid":{"rendered":"https:\/\/weltlaeden.de\/bremen\/?page_id=1150"},"modified":"2026-01-26T13:45:44","modified_gmt":"2026-01-26T12:45:44","slug":"lebensmittel","status":"publish","type":"page","link":"https:\/\/weltlaeden.de\/bremen\/lebensmittel\/","title":{"rendered":"Lebensmittel"},"content":{"rendered":"<div class=\"wpb-content-wrapper\"><p>[vc_row][vc_column]<div class=\"wl_einzelbild\"><p><img loading=\"lazy\" decoding=\"async\" class=\"alignnone wp-image-2301 size-large\" src=\"https:\/\/weltlaeden.de\/bremen\/wp-content\/uploads\/sites\/92\/2024\/11\/20240912_202303-scaled-e1769431503282-1024x529.jpg\" alt=\"\" width=\"1024\" height=\"529\" srcset=\"https:\/\/weltlaeden.de\/bremen\/wp-content\/uploads\/sites\/92\/2024\/11\/20240912_202303-scaled-e1769431503282-1024x529.jpg 1024w, https:\/\/weltlaeden.de\/bremen\/wp-content\/uploads\/sites\/92\/2024\/11\/20240912_202303-scaled-e1769431503282-300x155.jpg 300w, https:\/\/weltlaeden.de\/bremen\/wp-content\/uploads\/sites\/92\/2024\/11\/20240912_202303-scaled-e1769431503282-768x396.jpg 768w, https:\/\/weltlaeden.de\/bremen\/wp-content\/uploads\/sites\/92\/2024\/11\/20240912_202303-scaled-e1769431503282-1536x793.jpg 1536w, https:\/\/weltlaeden.de\/bremen\/wp-content\/uploads\/sites\/92\/2024\/11\/20240912_202303-scaled-e1769431503282-2048x1057.jpg 2048w\" sizes=\"auto, (max-width: 1024px) 100vw, 1024px\" \/><\/p><\/div>[\/vc_column][\/vc_row][vc_row][vc_column][vc_column_text]<\/p>\n<h1>Aus dem Lebensmittel-Sortiment<\/h1>\n<p>[\/vc_column_text][\/vc_column][\/vc_row][vc_row][vc_column][vc_column_text]<\/p>\n<h3>Fairer Handel hat mehr als Kaffee und Schokolade&#8230;<\/h3>\n<p><strong>Zu Trinken: <\/strong>Kaffee,Tee, Kakao, Saft, Limo, Cola, Wein, Rum, Lik\u00f6re \u2026 und der legend\u00e4re Mangosirup<\/p>\n<p><strong>Zum W\u00fcrzen und Kochen: <\/strong>Gew\u00fcrze, Saucen, Chutneys, Kokosmilch \u2026 und feinstes Oliven\u00f6l<\/p>\n<p><strong>Zum Kochen und Sattessen:<\/strong> Reis, Quinoa, H\u00fclsenfr\u00fcchte \u2026 und frische Bananen<\/p>\n<p><strong>Zum Backen und Knabbern: <\/strong>Zucker, Honig, Aufstriche,\u00a0N\u00fcsse, Trockenfr\u00fcchte \u2026 und leckere Chips<\/p>\n<p><strong>Und viel S\u00fc\u00dfes: <\/strong>Schokolade, Weingummi, Nuss- und Fruchtriegel \u2026 und verf\u00fchrerische Tartufi<\/p>\n<p>Die meisten Lebensmittel sind bio-zertifiziert, viele auch vegan (achten Sie auf den pinken Punkt am Regal!).[\/vc_column_text][vc_empty_space][\/vc_column][\/vc_row][vc_row][vc_column][vc_column_text][\/vc_column_text][vc_empty_space height=&#8220;12px&#8220;][\/vc_column][\/vc_row][vc_row][vc_column][vc_column_text][\/vc_column_text][\/vc_column][\/vc_row]<\/p>\n<\/div>","protected":false},"excerpt":{"rendered":"<p>[vc_row][vc_column][\/vc_column][\/vc_row][vc_row][vc_column][vc_column_text] Aus dem Lebensmittel-Sortiment [\/vc_column_text][\/vc_column][\/vc_row][vc_row][vc_column][vc_column_text] Fairer Handel hat mehr als Kaffee und Schokolade&#8230; Zu Trinken: Kaffee,Tee, Kakao, Saft, Limo, Cola, Wein, Rum, Lik\u00f6re \u2026 und der legend\u00e4re Mangosirup Zum W\u00fcrzen und Kochen: Gew\u00fcrze, Saucen, Chutneys, Kokosmilch \u2026 und feinstes Oliven\u00f6l Zum Kochen und Sattessen: Reis, Quinoa, H\u00fclsenfr\u00fcchte \u2026 und frische Bananen Zum Backen und Knabbern:&hellip;<\/p>\n","protected":false},"author":138,"featured_media":0,"parent":0,"menu_order":0,"comment_status":"closed","ping_status":"closed","template":"","meta":{"footnotes":""},"class_list":["post-1150","page","type-page","status-publish","hentry","description-off"],"yoast_head":"<!-- This site is optimized with the Yoast SEO plugin v26.8 - https:\/\/yoast.com\/product\/yoast-seo-wordpress\/ -->\n<title>Lebensmittel - Weltladen Bremen<\/title>\n<meta name=\"robots\" content=\"index, follow, max-snippet:-1, max-image-preview:large, max-video-preview:-1\" \/>\n<link rel=\"canonical\" href=\"https:\/\/weltlaeden.de\/bremen\/lebensmittel\/\" \/>\n<meta property=\"og:locale\" content=\"de_DE\" \/>\n<meta property=\"og:type\" content=\"article\" \/>\n<meta property=\"og:title\" content=\"Lebensmittel - Weltladen Bremen\" \/>\n<meta property=\"og:description\" content=\"[vc_row][vc_column][\/vc_column][\/vc_row][vc_row][vc_column][vc_column_text] Aus dem Lebensmittel-Sortiment [\/vc_column_text][\/vc_column][\/vc_row][vc_row][vc_column][vc_column_text] Fairer Handel hat mehr als Kaffee und Schokolade&#8230; Zu Trinken: Kaffee,Tee, Kakao, Saft, Limo, Cola, Wein, Rum, Lik\u00f6re \u2026 und der legend\u00e4re Mangosirup Zum W\u00fcrzen und Kochen: Gew\u00fcrze, Saucen, Chutneys, Kokosmilch \u2026 und feinstes Oliven\u00f6l Zum Kochen und Sattessen: Reis, Quinoa, H\u00fclsenfr\u00fcchte \u2026 und frische Bananen Zum Backen und Knabbern:&hellip;\" \/>\n<meta property=\"og:url\" content=\"https:\/\/weltlaeden.de\/bremen\/lebensmittel\/\" \/>\n<meta property=\"og:site_name\" content=\"Weltladen Bremen\" \/>\n<meta property=\"article:modified_time\" content=\"2026-01-26T12:45:44+00:00\" \/>\n<meta property=\"og:image\" content=\"https:\/\/weltlaeden.de\/bremen\/wp-content\/uploads\/sites\/92\/2024\/11\/20240912_202303-scaled-e1769431503282.jpg\" \/>\n\t<meta property=\"og:image:width\" content=\"2325\" \/>\n\t<meta property=\"og:image:height\" content=\"1200\" \/>\n\t<meta property=\"og:image:type\" content=\"image\/jpeg\" \/>\n<meta name=\"twitter:card\" content=\"summary_large_image\" \/>\n<meta name=\"twitter:label1\" content=\"Gesch\u00e4tzte Lesezeit\" \/>\n\t<meta name=\"twitter:data1\" content=\"1\u00a0Minute\" \/>\n<script type=\"application\/ld+json\" class=\"yoast-schema-graph\">{\"@context\":\"https:\/\/schema.org\",\"@graph\":[{\"@type\":\"WebPage\",\"@id\":\"https:\/\/weltlaeden.de\/bremen\/lebensmittel\/\",\"url\":\"https:\/\/weltlaeden.de\/bremen\/lebensmittel\/\",\"name\":\"Lebensmittel - Weltladen Bremen\",\"isPartOf\":{\"@id\":\"https:\/\/weltlaeden.de\/bremen\/#website\"},\"primaryImageOfPage\":{\"@id\":\"https:\/\/weltlaeden.de\/bremen\/lebensmittel\/#primaryimage\"},\"image\":{\"@id\":\"https:\/\/weltlaeden.de\/bremen\/lebensmittel\/#primaryimage\"},\"thumbnailUrl\":\"https:\/\/weltlaeden.de\/bremen\/wp-content\/uploads\/sites\/92\/2024\/11\/20240912_202303-scaled-e1769431503282-1024x529.jpg\",\"datePublished\":\"2020-03-31T09:53:57+00:00\",\"dateModified\":\"2026-01-26T12:45:44+00:00\",\"breadcrumb\":{\"@id\":\"https:\/\/weltlaeden.de\/bremen\/lebensmittel\/#breadcrumb\"},\"inLanguage\":\"de\",\"potentialAction\":[{\"@type\":\"ReadAction\",\"target\":[\"https:\/\/weltlaeden.de\/bremen\/lebensmittel\/\"]}]},{\"@type\":\"ImageObject\",\"inLanguage\":\"de\",\"@id\":\"https:\/\/weltlaeden.de\/bremen\/lebensmittel\/#primaryimage\",\"url\":\"https:\/\/weltlaeden.de\/bremen\/wp-content\/uploads\/sites\/92\/2024\/11\/20240912_202303-scaled-e1769431503282.jpg\",\"contentUrl\":\"https:\/\/weltlaeden.de\/bremen\/wp-content\/uploads\/sites\/92\/2024\/11\/20240912_202303-scaled-e1769431503282.jpg\",\"width\":2325,\"height\":1200},{\"@type\":\"BreadcrumbList\",\"@id\":\"https:\/\/weltlaeden.de\/bremen\/lebensmittel\/#breadcrumb\",\"itemListElement\":[{\"@type\":\"ListItem\",\"position\":1,\"name\":\"Startseite\",\"item\":\"https:\/\/weltlaeden.de\/bremen\/\"},{\"@type\":\"ListItem\",\"position\":2,\"name\":\"Lebensmittel\"}]},{\"@type\":\"WebSite\",\"@id\":\"https:\/\/weltlaeden.de\/bremen\/#website\",\"url\":\"https:\/\/weltlaeden.de\/bremen\/\",\"name\":\"Weltladen Bremen\",\"description\":\"Die ganze Welt des Fairen Handels im Viertel\",\"potentialAction\":[{\"@type\":\"SearchAction\",\"target\":{\"@type\":\"EntryPoint\",\"urlTemplate\":\"https:\/\/weltlaeden.de\/bremen\/?s={search_term_string}\"},\"query-input\":{\"@type\":\"PropertyValueSpecification\",\"valueRequired\":true,\"valueName\":\"search_term_string\"}}],\"inLanguage\":\"de\"}]}<\/script>\n<!-- \/ Yoast SEO plugin. -->","yoast_head_json":{"title":"Lebensmittel - Weltladen Bremen","robots":{"index":"index","follow":"follow","max-snippet":"max-snippet:-1","max-image-preview":"max-image-preview:large","max-video-preview":"max-video-preview:-1"},"canonical":"https:\/\/weltlaeden.de\/bremen\/lebensmittel\/","og_locale":"de_DE","og_type":"article","og_title":"Lebensmittel - Weltladen Bremen","og_description":"[vc_row][vc_column][\/vc_column][\/vc_row][vc_row][vc_column][vc_column_text] Aus dem Lebensmittel-Sortiment [\/vc_column_text][\/vc_column][\/vc_row][vc_row][vc_column][vc_column_text] Fairer Handel hat mehr als Kaffee und Schokolade&#8230; Zu Trinken: Kaffee,Tee, Kakao, Saft, Limo, Cola, Wein, Rum, Lik\u00f6re \u2026 und der legend\u00e4re Mangosirup Zum W\u00fcrzen und Kochen: Gew\u00fcrze, Saucen, Chutneys, Kokosmilch \u2026 und feinstes Oliven\u00f6l Zum Kochen und Sattessen: Reis, Quinoa, H\u00fclsenfr\u00fcchte \u2026 und frische Bananen Zum Backen und Knabbern:&hellip;","og_url":"https:\/\/weltlaeden.de\/bremen\/lebensmittel\/","og_site_name":"Weltladen Bremen","article_modified_time":"2026-01-26T12:45:44+00:00","og_image":[{"width":2325,"height":1200,"url":"https:\/\/weltlaeden.de\/bremen\/wp-content\/uploads\/sites\/92\/2024\/11\/20240912_202303-scaled-e1769431503282.jpg","type":"image\/jpeg"}],"twitter_card":"summary_large_image","twitter_misc":{"Gesch\u00e4tzte Lesezeit":"1\u00a0Minute"},"schema":{"@context":"https:\/\/schema.org","@graph":[{"@type":"WebPage","@id":"https:\/\/weltlaeden.de\/bremen\/lebensmittel\/","url":"https:\/\/weltlaeden.de\/bremen\/lebensmittel\/","name":"Lebensmittel - Weltladen Bremen","isPartOf":{"@id":"https:\/\/weltlaeden.de\/bremen\/#website"},"primaryImageOfPage":{"@id":"https:\/\/weltlaeden.de\/bremen\/lebensmittel\/#primaryimage"},"image":{"@id":"https:\/\/weltlaeden.de\/bremen\/lebensmittel\/#primaryimage"},"thumbnailUrl":"https:\/\/weltlaeden.de\/bremen\/wp-content\/uploads\/sites\/92\/2024\/11\/20240912_202303-scaled-e1769431503282-1024x529.jpg","datePublished":"2020-03-31T09:53:57+00:00","dateModified":"2026-01-26T12:45:44+00:00","breadcrumb":{"@id":"https:\/\/weltlaeden.de\/bremen\/lebensmittel\/#breadcrumb"},"inLanguage":"de","potentialAction":[{"@type":"ReadAction","target":["https:\/\/weltlaeden.de\/bremen\/lebensmittel\/"]}]},{"@type":"ImageObject","inLanguage":"de","@id":"https:\/\/weltlaeden.de\/bremen\/lebensmittel\/#primaryimage","url":"https:\/\/weltlaeden.de\/bremen\/wp-content\/uploads\/sites\/92\/2024\/11\/20240912_202303-scaled-e1769431503282.jpg","contentUrl":"https:\/\/weltlaeden.de\/bremen\/wp-content\/uploads\/sites\/92\/2024\/11\/20240912_202303-scaled-e1769431503282.jpg","width":2325,"height":1200},{"@type":"BreadcrumbList","@id":"https:\/\/weltlaeden.de\/bremen\/lebensmittel\/#breadcrumb","itemListElement":[{"@type":"ListItem","position":1,"name":"Startseite","item":"https:\/\/weltlaeden.de\/bremen\/"},{"@type":"ListItem","position":2,"name":"Lebensmittel"}]},{"@type":"WebSite","@id":"https:\/\/weltlaeden.de\/bremen\/#website","url":"https:\/\/weltlaeden.de\/bremen\/","name":"Weltladen Bremen","description":"Die ganze Welt des Fairen Handels im Viertel","potentialAction":[{"@type":"SearchAction","target":{"@type":"EntryPoint","urlTemplate":"https:\/\/weltlaeden.de\/bremen\/?s={search_term_string}"},"query-input":{"@type":"PropertyValueSpecification","valueRequired":true,"valueName":"search_term_string"}}],"inLanguage":"de"}]}},"_links":{"self":[{"href":"https:\/\/weltlaeden.de\/bremen\/wp-json\/wp\/v2\/pages\/1150","targetHints":{"allow":["GET"]}}],"collection":[{"href":"https:\/\/weltlaeden.de\/bremen\/wp-json\/wp\/v2\/pages"}],"about":[{"href":"https:\/\/weltlaeden.de\/bremen\/wp-json\/wp\/v2\/types\/page"}],"author":[{"embeddable":true,"href":"https:\/\/weltlaeden.de\/bremen\/wp-json\/wp\/v2\/users\/138"}],"replies":[{"embeddable":true,"href":"https:\/\/weltlaeden.de\/bremen\/wp-json\/wp\/v2\/comments?post=1150"}],"version-history":[{"count":59,"href":"https:\/\/weltlaeden.de\/bremen\/wp-json\/wp\/v2\/pages\/1150\/revisions"}],"predecessor-version":[{"id":2415,"href":"https:\/\/weltlaeden.de\/bremen\/wp-json\/wp\/v2\/pages\/1150\/revisions\/2415"}],"wp:attachment":[{"href":"https:\/\/weltlaeden.de\/bremen\/wp-json\/wp\/v2\/media?parent=1150"}],"curies":[{"name":"wp","href":"https:\/\/api.w.org\/{rel}","templated":true}]}}