{"id":928,"date":"2022-11-21T10:29:55","date_gmt":"2022-11-21T09:29:55","guid":{"rendered":"https:\/\/weltlaeden.de\/bramsche\/?page_id=928"},"modified":"2023-10-07T13:21:02","modified_gmt":"2023-10-07T11:21:02","slug":"bilder-und-aktionen","status":"publish","type":"page","link":"https:\/\/weltlaeden.de\/bramsche\/bilder-und-aktionen\/","title":{"rendered":"BILDER und AKTIONEN"},"content":{"rendered":"<div class=\"wpb-content-wrapper\"><p>[vc_row][vc_column][vc_column_text]<\/p>\n<ul>\n<li><span style=\"color: #ff6600\"><strong>Bilder und Berichten aus dem Weltladen.<\/strong><\/span><\/li>\n<\/ul>\n<div id=\"attachment_931\" style=\"width: 160px\" class=\"wp-caption alignleft\"><img loading=\"lazy\" decoding=\"async\" aria-describedby=\"caption-attachment-931\" class=\"size-thumbnail wp-image-931\" src=\"https:\/\/weltlaeden.de\/bramsche\/wp-content\/uploads\/sites\/100\/2019\/10\/Affe2-150x147.jpg\" alt=\"\" width=\"150\" height=\"147\" \/><p id=\"caption-attachment-931\" class=\"wp-caption-text\"><span style=\"color: #ff0000\"><strong>&#8222;FAIRY&#8220;<\/strong><\/span><\/p><\/div>\n<h1><\/h1>\n<h1><span style=\"color: #ff0000\">Ich bin &#8222;FAIRY&#8220;. <\/span><\/h1>\n<p><span style=\"color: #0000ff\">&#8222;Fan des Weltladens und verantwortlich f\u00fcr alle hier gezeigten Bilder und Beitr\u00e4ge! Wie Sie sehen, ist dieses kein leichtes Unterfangen, aber ich gebe mir M\u00fche!&#8220; \u00a0<\/span><\/p>\n<p><a href=\"https:\/\/weltlaeden.de\/bramsche\/\">Zur\u00fcck zur Startseite&#8230;<\/a>[\/vc_column_text][vc_column_text]<\/p>\n<h3><strong><span style=\"color: #ff0000\">Hier finden Sie neue Bilder und Berichten &#8230;<\/span><\/strong><\/h3>\n<p>[\/vc_column_text][\/vc_column][\/vc_row][vc_row][vc_column][vc_column_text]<\/p>\n<h1 style=\"text-align: center\"><span style=\"color: #ff6600\">Neu in Sortiment<\/span><\/h1>\n<h3 style=\"text-align: center\"><span style=\"color: #008000\">Giraffe, ein Handwerk der Superlative aus \u201eHOLZ GESCHNITZT\u201c<\/span><img loading=\"lazy\" decoding=\"async\" class=\"size-large wp-image-1875 aligncenter\" src=\"https:\/\/weltlaeden.de\/bramsche\/wp-content\/uploads\/sites\/100\/2022\/07\/Giraffe-10-767x1024.jpg\" alt=\"\" width=\"767\" height=\"1024\" srcset=\"https:\/\/weltlaeden.de\/bramsche\/wp-content\/uploads\/sites\/100\/2022\/07\/Giraffe-10-767x1024.jpg 767w, https:\/\/weltlaeden.de\/bramsche\/wp-content\/uploads\/sites\/100\/2022\/07\/Giraffe-10-225x300.jpg 225w, https:\/\/weltlaeden.de\/bramsche\/wp-content\/uploads\/sites\/100\/2022\/07\/Giraffe-10-768x1025.jpg 768w, https:\/\/weltlaeden.de\/bramsche\/wp-content\/uploads\/sites\/100\/2022\/07\/Giraffe-10-1151x1536.jpg 1151w, https:\/\/weltlaeden.de\/bramsche\/wp-content\/uploads\/sites\/100\/2022\/07\/Giraffe-10-1534x2048.jpg 1534w, https:\/\/weltlaeden.de\/bramsche\/wp-content\/uploads\/sites\/100\/2022\/07\/Giraffe-10-scaled.jpg 1438w\" sizes=\"auto, (max-width: 767px) 100vw, 767px\" \/><\/h3>\n<h1><\/h1>\n<h1 style=\"text-align: center\"><span style=\"color: #ff6600\"><b>EIN PUSCHENPROJEKT IM RUM\u00c4NISCHEN PROBSTDORF<\/b><\/span><\/h1>\n<h3 class=\"sehrgross\"><span style=\"color: #0000ff\"><strong>Julia und Erich helfen Dorfbewohnern im transsilvanischen Probstdorf\u00a0<img loading=\"lazy\" decoding=\"async\" class=\"alignleft size-thumbnail wp-image-1005\" src=\"https:\/\/weltlaeden.de\/bramsche\/wp-content\/uploads\/sites\/100\/2019\/11\/Probstdorf-1-150x150.jpg\" alt=\"\" width=\"150\" height=\"150\" \/><\/strong><\/span><\/h3>\n<p>Julia (in Evinghausen aufgewachsen) und Erich Kr\u00e4mer haben sich einen Traum erf\u00fcllt und sind in das im rum\u00e4nischen Siebenb\u00fcrgen gelegene\u00a0Dorf Probstdorf\u00a0umgesiedelt. 1800 km von Bramsche entfernt steht hier die Zeit noch still. Hauptverkehrsmittel ist die Pferdekarre und die Bewohner sind\u00a0noch Selbstversorger. Eier, Brot, Butter, Fleisch\u00a0f\u00fcr die t\u00e4gliche Ern\u00e4hrung\u00a0und vieles\u00a0anderes, muss\u00a0man selber mittels eigener Viehzucht und Feldarbeit heranziehen. Einkauf im Supermarkt ist eher eine Seltsamkeit.<\/p>\n<p>Als Julia und Erich sich die Situation im Dorf genauer angesehen hatten, kam ihnen die Idee, den Lebensstandard der Bewohner durch ein &#8222;Puschenprojekt&#8220; <span style=\"color: #ff0000\"><em><strong>(Hausschuhe aus Filz, die Sie im Weltladen kaufen k\u00f6nnen)<\/strong><\/em><\/span>\u00a0zu verbessern. Schnell fanden sich einige Frauen aus dem Dorf zusammen, die am Projekt interessiert waren.<\/p>\n<p><img loading=\"lazy\" decoding=\"async\" class=\"alignleft size-thumbnail wp-image-1004\" src=\"https:\/\/weltlaeden.de\/bramsche\/wp-content\/uploads\/sites\/100\/2019\/11\/Pprobstdorf-43-150x150.jpg\" alt=\"\" width=\"150\" height=\"150\" \/><img loading=\"lazy\" decoding=\"async\" class=\"alignleft size-thumbnail wp-image-1003\" src=\"https:\/\/weltlaeden.de\/bramsche\/wp-content\/uploads\/sites\/100\/2019\/11\/Pprobstdorf-5-150x150.jpg\" alt=\"\" width=\"150\" height=\"150\" \/><\/p>\n<p>&nbsp;<\/p>\n<p>&nbsp;<\/p>\n<p>&nbsp;<\/p>\n<p>&nbsp;<\/p>\n<p>&nbsp;<\/p>\n<p>[\/vc_column_text][vc_column_text][\/vc_column_text][\/vc_column][\/vc_row]<\/p>\n<\/div>","protected":false},"excerpt":{"rendered":"<p>[vc_row][vc_column][vc_column_text] Bilder und Berichten aus dem Weltladen. Ich bin &#8222;FAIRY&#8220;. &#8222;Fan des Weltladens und verantwortlich f\u00fcr alle hier gezeigten Bilder und Beitr\u00e4ge! Wie Sie sehen, ist dieses kein leichtes Unterfangen, aber ich gebe mir M\u00fche!&#8220; \u00a0 Zur\u00fcck zur Startseite&#8230;[\/vc_column_text][vc_column_text] Hier finden Sie neue Bilder und Berichten &#8230; [\/vc_column_text][\/vc_column][\/vc_row][vc_row][vc_column][vc_column_text] Neu in Sortiment Giraffe, ein Handwerk der&hellip;<\/p>\n","protected":false},"author":155,"featured_media":0,"parent":0,"menu_order":10,"comment_status":"closed","ping_status":"closed","template":"","meta":{"footnotes":""},"class_list":["post-928","page","type-page","status-publish","hentry","description-off"],"yoast_head":"<!-- This site is optimized with the Yoast SEO plugin v26.8 - https:\/\/yoast.com\/product\/yoast-seo-wordpress\/ -->\n<title>BILDER und AKTIONEN - Weltladen Bramsche<\/title>\n<meta name=\"robots\" content=\"index, follow, max-snippet:-1, max-image-preview:large, max-video-preview:-1\" \/>\n<link rel=\"canonical\" href=\"https:\/\/weltlaeden.de\/bramsche\/bilder-und-aktionen\/\" \/>\n<meta property=\"og:locale\" content=\"de_DE\" \/>\n<meta property=\"og:type\" content=\"article\" \/>\n<meta property=\"og:title\" content=\"BILDER und AKTIONEN - Weltladen Bramsche\" \/>\n<meta property=\"og:description\" content=\"[vc_row][vc_column][vc_column_text] Bilder und Berichten aus dem Weltladen. Ich bin &#8222;FAIRY&#8220;. &#8222;Fan des Weltladens und verantwortlich f\u00fcr alle hier gezeigten Bilder und Beitr\u00e4ge! Wie Sie sehen, ist dieses kein leichtes Unterfangen, aber ich gebe mir M\u00fche!&#8220; \u00a0 Zur\u00fcck zur Startseite&#8230;[\/vc_column_text][vc_column_text] Hier finden Sie neue Bilder und Berichten &#8230; [\/vc_column_text][\/vc_column][\/vc_row][vc_row][vc_column][vc_column_text] Neu in Sortiment Giraffe, ein Handwerk der&hellip;\" \/>\n<meta property=\"og:url\" content=\"https:\/\/weltlaeden.de\/bramsche\/bilder-und-aktionen\/\" \/>\n<meta property=\"og:site_name\" content=\"Weltladen Bramsche\" \/>\n<meta property=\"article:modified_time\" content=\"2023-10-07T11:21:02+00:00\" \/>\n<meta property=\"og:image\" content=\"https:\/\/weltlaeden.de\/bramsche\/wp-content\/uploads\/sites\/100\/2019\/10\/Affe2-150x147.jpg\" \/>\n<meta name=\"twitter:card\" content=\"summary_large_image\" \/>\n<meta name=\"twitter:label1\" content=\"Gesch\u00e4tzte Lesezeit\" \/>\n\t<meta name=\"twitter:data1\" content=\"3\u00a0Minuten\" \/>\n<script type=\"application\/ld+json\" class=\"yoast-schema-graph\">{\"@context\":\"https:\/\/schema.org\",\"@graph\":[{\"@type\":\"WebPage\",\"@id\":\"https:\/\/weltlaeden.de\/bramsche\/bilder-und-aktionen\/\",\"url\":\"https:\/\/weltlaeden.de\/bramsche\/bilder-und-aktionen\/\",\"name\":\"BILDER und AKTIONEN - Weltladen Bramsche\",\"isPartOf\":{\"@id\":\"https:\/\/weltlaeden.de\/bramsche\/#website\"},\"primaryImageOfPage\":{\"@id\":\"https:\/\/weltlaeden.de\/bramsche\/bilder-und-aktionen\/#primaryimage\"},\"image\":{\"@id\":\"https:\/\/weltlaeden.de\/bramsche\/bilder-und-aktionen\/#primaryimage\"},\"thumbnailUrl\":\"https:\/\/weltlaeden.de\/bramsche\/wp-content\/uploads\/sites\/100\/2019\/10\/Affe2-150x147.jpg\",\"datePublished\":\"2022-11-21T09:29:55+00:00\",\"dateModified\":\"2023-10-07T11:21:02+00:00\",\"breadcrumb\":{\"@id\":\"https:\/\/weltlaeden.de\/bramsche\/bilder-und-aktionen\/#breadcrumb\"},\"inLanguage\":\"de\",\"potentialAction\":[{\"@type\":\"ReadAction\",\"target\":[\"https:\/\/weltlaeden.de\/bramsche\/bilder-und-aktionen\/\"]}]},{\"@type\":\"ImageObject\",\"inLanguage\":\"de\",\"@id\":\"https:\/\/weltlaeden.de\/bramsche\/bilder-und-aktionen\/#primaryimage\",\"url\":\"https:\/\/weltlaeden.de\/bramsche\/wp-content\/uploads\/sites\/100\/2019\/10\/Affe2.jpg\",\"contentUrl\":\"https:\/\/weltlaeden.de\/bramsche\/wp-content\/uploads\/sites\/100\/2019\/10\/Affe2.jpg\",\"width\":184,\"height\":147,\"caption\":\"\\\"FAIRY\\\"\"},{\"@type\":\"BreadcrumbList\",\"@id\":\"https:\/\/weltlaeden.de\/bramsche\/bilder-und-aktionen\/#breadcrumb\",\"itemListElement\":[{\"@type\":\"ListItem\",\"position\":1,\"name\":\"Startseite\",\"item\":\"https:\/\/weltlaeden.de\/bramsche\/\"},{\"@type\":\"ListItem\",\"position\":2,\"name\":\"BILDER und AKTIONEN\"}]},{\"@type\":\"WebSite\",\"@id\":\"https:\/\/weltlaeden.de\/bramsche\/#website\",\"url\":\"https:\/\/weltlaeden.de\/bramsche\/\",\"name\":\"Weltladen Bramsche\",\"description\":\"Faire Produkte seit 1990. der Weltladenbetrieb wird ausschlie\u00dflich durch Ehrenamtliche Mittglieder Aufrechterhalten.\",\"publisher\":{\"@id\":\"https:\/\/weltlaeden.de\/bramsche\/#organization\"},\"potentialAction\":[{\"@type\":\"SearchAction\",\"target\":{\"@type\":\"EntryPoint\",\"urlTemplate\":\"https:\/\/weltlaeden.de\/bramsche\/?s={search_term_string}\"},\"query-input\":{\"@type\":\"PropertyValueSpecification\",\"valueRequired\":true,\"valueName\":\"search_term_string\"}}],\"inLanguage\":\"de\"},{\"@type\":\"Organization\",\"@id\":\"https:\/\/weltlaeden.de\/bramsche\/#organization\",\"name\":\"Weltladen Bramsche\",\"url\":\"https:\/\/weltlaeden.de\/bramsche\/\",\"logo\":{\"@type\":\"ImageObject\",\"inLanguage\":\"de\",\"@id\":\"https:\/\/weltlaeden.de\/bramsche\/#\/schema\/logo\/image\/\",\"url\":\"https:\/\/weltlaeden.de\/bramsche\/wp-content\/uploads\/sites\/100\/2016\/10\/logo-1-e1476811775797.png\",\"contentUrl\":\"https:\/\/weltlaeden.de\/bramsche\/wp-content\/uploads\/sites\/100\/2016\/10\/logo-1-e1476811775797.png\",\"width\":150,\"height\":85,\"caption\":\"Weltladen Bramsche\"},\"image\":{\"@id\":\"https:\/\/weltlaeden.de\/bramsche\/#\/schema\/logo\/image\/\"}}]}<\/script>\n<!-- \/ Yoast SEO plugin. -->","yoast_head_json":{"title":"BILDER und AKTIONEN - Weltladen Bramsche","robots":{"index":"index","follow":"follow","max-snippet":"max-snippet:-1","max-image-preview":"max-image-preview:large","max-video-preview":"max-video-preview:-1"},"canonical":"https:\/\/weltlaeden.de\/bramsche\/bilder-und-aktionen\/","og_locale":"de_DE","og_type":"article","og_title":"BILDER und AKTIONEN - Weltladen Bramsche","og_description":"[vc_row][vc_column][vc_column_text] Bilder und Berichten aus dem Weltladen. Ich bin &#8222;FAIRY&#8220;. &#8222;Fan des Weltladens und verantwortlich f\u00fcr alle hier gezeigten Bilder und Beitr\u00e4ge! Wie Sie sehen, ist dieses kein leichtes Unterfangen, aber ich gebe mir M\u00fche!&#8220; \u00a0 Zur\u00fcck zur Startseite&#8230;[\/vc_column_text][vc_column_text] Hier finden Sie neue Bilder und Berichten &#8230; [\/vc_column_text][\/vc_column][\/vc_row][vc_row][vc_column][vc_column_text] Neu in Sortiment Giraffe, ein Handwerk der&hellip;","og_url":"https:\/\/weltlaeden.de\/bramsche\/bilder-und-aktionen\/","og_site_name":"Weltladen Bramsche","article_modified_time":"2023-10-07T11:21:02+00:00","og_image":[{"url":"https:\/\/weltlaeden.de\/bramsche\/wp-content\/uploads\/sites\/100\/2019\/10\/Affe2-150x147.jpg","type":"","width":"","height":""}],"twitter_card":"summary_large_image","twitter_misc":{"Gesch\u00e4tzte Lesezeit":"3\u00a0Minuten"},"schema":{"@context":"https:\/\/schema.org","@graph":[{"@type":"WebPage","@id":"https:\/\/weltlaeden.de\/bramsche\/bilder-und-aktionen\/","url":"https:\/\/weltlaeden.de\/bramsche\/bilder-und-aktionen\/","name":"BILDER und AKTIONEN - Weltladen Bramsche","isPartOf":{"@id":"https:\/\/weltlaeden.de\/bramsche\/#website"},"primaryImageOfPage":{"@id":"https:\/\/weltlaeden.de\/bramsche\/bilder-und-aktionen\/#primaryimage"},"image":{"@id":"https:\/\/weltlaeden.de\/bramsche\/bilder-und-aktionen\/#primaryimage"},"thumbnailUrl":"https:\/\/weltlaeden.de\/bramsche\/wp-content\/uploads\/sites\/100\/2019\/10\/Affe2-150x147.jpg","datePublished":"2022-11-21T09:29:55+00:00","dateModified":"2023-10-07T11:21:02+00:00","breadcrumb":{"@id":"https:\/\/weltlaeden.de\/bramsche\/bilder-und-aktionen\/#breadcrumb"},"inLanguage":"de","potentialAction":[{"@type":"ReadAction","target":["https:\/\/weltlaeden.de\/bramsche\/bilder-und-aktionen\/"]}]},{"@type":"ImageObject","inLanguage":"de","@id":"https:\/\/weltlaeden.de\/bramsche\/bilder-und-aktionen\/#primaryimage","url":"https:\/\/weltlaeden.de\/bramsche\/wp-content\/uploads\/sites\/100\/2019\/10\/Affe2.jpg","contentUrl":"https:\/\/weltlaeden.de\/bramsche\/wp-content\/uploads\/sites\/100\/2019\/10\/Affe2.jpg","width":184,"height":147,"caption":"\"FAIRY\""},{"@type":"BreadcrumbList","@id":"https:\/\/weltlaeden.de\/bramsche\/bilder-und-aktionen\/#breadcrumb","itemListElement":[{"@type":"ListItem","position":1,"name":"Startseite","item":"https:\/\/weltlaeden.de\/bramsche\/"},{"@type":"ListItem","position":2,"name":"BILDER und AKTIONEN"}]},{"@type":"WebSite","@id":"https:\/\/weltlaeden.de\/bramsche\/#website","url":"https:\/\/weltlaeden.de\/bramsche\/","name":"Weltladen Bramsche","description":"Faire Produkte seit 1990. der Weltladenbetrieb wird ausschlie\u00dflich durch Ehrenamtliche Mittglieder Aufrechterhalten.","publisher":{"@id":"https:\/\/weltlaeden.de\/bramsche\/#organization"},"potentialAction":[{"@type":"SearchAction","target":{"@type":"EntryPoint","urlTemplate":"https:\/\/weltlaeden.de\/bramsche\/?s={search_term_string}"},"query-input":{"@type":"PropertyValueSpecification","valueRequired":true,"valueName":"search_term_string"}}],"inLanguage":"de"},{"@type":"Organization","@id":"https:\/\/weltlaeden.de\/bramsche\/#organization","name":"Weltladen Bramsche","url":"https:\/\/weltlaeden.de\/bramsche\/","logo":{"@type":"ImageObject","inLanguage":"de","@id":"https:\/\/weltlaeden.de\/bramsche\/#\/schema\/logo\/image\/","url":"https:\/\/weltlaeden.de\/bramsche\/wp-content\/uploads\/sites\/100\/2016\/10\/logo-1-e1476811775797.png","contentUrl":"https:\/\/weltlaeden.de\/bramsche\/wp-content\/uploads\/sites\/100\/2016\/10\/logo-1-e1476811775797.png","width":150,"height":85,"caption":"Weltladen Bramsche"},"image":{"@id":"https:\/\/weltlaeden.de\/bramsche\/#\/schema\/logo\/image\/"}}]}},"_links":{"self":[{"href":"https:\/\/weltlaeden.de\/bramsche\/wp-json\/wp\/v2\/pages\/928","targetHints":{"allow":["GET"]}}],"collection":[{"href":"https:\/\/weltlaeden.de\/bramsche\/wp-json\/wp\/v2\/pages"}],"about":[{"href":"https:\/\/weltlaeden.de\/bramsche\/wp-json\/wp\/v2\/types\/page"}],"author":[{"embeddable":true,"href":"https:\/\/weltlaeden.de\/bramsche\/wp-json\/wp\/v2\/users\/155"}],"replies":[{"embeddable":true,"href":"https:\/\/weltlaeden.de\/bramsche\/wp-json\/wp\/v2\/comments?post=928"}],"version-history":[{"count":53,"href":"https:\/\/weltlaeden.de\/bramsche\/wp-json\/wp\/v2\/pages\/928\/revisions"}],"predecessor-version":[{"id":1944,"href":"https:\/\/weltlaeden.de\/bramsche\/wp-json\/wp\/v2\/pages\/928\/revisions\/1944"}],"wp:attachment":[{"href":"https:\/\/weltlaeden.de\/bramsche\/wp-json\/wp\/v2\/media?parent=928"}],"curies":[{"name":"wp","href":"https:\/\/api.w.org\/{rel}","templated":true}]}}