{"id":438,"date":"2019-10-17T09:16:38","date_gmt":"2019-10-17T07:16:38","guid":{"rendered":"https:\/\/weltlaeden.de\/bramsche\/?page_id=438"},"modified":"2025-06-23T11:19:19","modified_gmt":"2025-06-23T09:19:19","slug":"ueber-uns","status":"publish","type":"page","link":"https:\/\/weltlaeden.de\/bramsche\/ueber-uns\/","title":{"rendered":"\u00dcBER UNS&#8230;"},"content":{"rendered":"<p style=\"text-align: center\">\n<p style=\"text-align: center\"><a href=\"https:\/\/weltlaeden.de\/bramsche\/\">Zur\u00fcck zur Startseite&#8230;<\/a><\/p>\n<p>&nbsp;<\/p>\n<h1 style=\"text-align: center\"><span style=\"color: #ff6600\">Willkommen im Weltladen Bramsche<\/span><\/h1>\n<h1 style=\"text-align: center\"><span style=\"color: #ff6600\">&#8222;Neue Erde&#8220; e.V.<\/span><\/h1>\n<p class=\"groesser\" style=\"text-align: justify\">Der Weltladen Bramsche wurde in einem angemieteten ehemaligen &#8222;Kolonialwarenladen\u201c in der M\u00fcnsterstra\u00dfe am 1. Dezember 1989 er\u00f6ffnet. Initiatoren waren Mitarbeiterinnen und Mitarbeiter der Evangelischen und Katholischen Jugend Bramsche, angeregt durch den sogenannten &#8222;Konziliaren Prozess&#8220; der Kirchen f\u00fcr Gerechtigkeit, Frieden und Bewahrung der Sch\u00f6pfung. Im Juni 1990 \u00fcbernahm dann der neu gegr\u00fcndete Verein Projekt &#8222;Neue Erde&#8220; e. V. die Tr\u00e4gerschaft des Ladens.<\/p>\n<p class=\"groesser\" style=\"text-align: justify\">Neben dem Verkauf von fair gehandelten Waren machte es sich der Verein auch zur Aufgabe, im angegliederten &#8222;Cafe Forum&#8220; Vortr\u00e4ge und Diskussionen anzubieten. Das Warenangebot im Laden war zun\u00e4chst nur gering, auch lief der Verkauf sehr schleppend an, doch nach einem Jahr waren die gr\u00f6\u00dften Schwierigkeiten \u00fcberwunden. Der Verein hatte mittlerweile etwa 70 Mitglieder, 30 Mitarbeiterinnen und Mitarbeiter machten im Laden und Caf\u00e9 Dienst, darunter (anf\u00e4nglich) viele Jugendliche. (Jetzt haupts\u00e4chlich \u00e4ltere Personen im Seniorenalter. Die &#8222;Bramscher Nachrichten&#8220; berichteten in ihrer Ausgabe vom 7. November 1990: &#8222;Die Schwangerschaft war kompliziert und schwierig. Jetzt aber ist das Kind da und bereit, sich zu behaupten.&#8220;<\/p>\n<p class=\"groesser\" style=\"text-align: justify\">Im Oktober 2004 erfolgte der Umzug des Ladens zum Br\u00fcckenort, der dann mit einem &#8222;Tag der offenen T\u00fcr&#8220; am 30. Oktober 2004 mit vielen G\u00e4sten und Kunden neu er\u00f6ffnet wurde.<\/p>\n<p class=\"groesser\" style=\"text-align: justify\">Auf der Jahreshauptversammlung am 26. M\u00e4rz 2007 w\u00e4hlten die Mitglieder des Vereins Volker Rohmann zum 1. Vorsitzenden. Er l\u00f6ste damit Pastor Reiner Bretzigheimer ab, der von den Anf\u00e4ngen bis dahin dem &#8222;Projekt Neue Erde&#8220; e. V. vorgestanden hatte.<\/p>\n<p class=\"groesser\" style=\"text-align: justify\"><strong>Mit einem Empfang im Weltladen wurde im 2015 das <span style=\"color: #ff0000\">25 j\u00e4hrige Jubil\u00e4um<\/span> gefeiert.<span style=\"color: #005500\"> Am 19. Juli 2020 waren es dann schon 30 erfolgreiche Jahre!\u00a0<\/span><\/strong><\/p>\n<p>Die Corona-Pandemie verhindert der Feier zur 30 j\u00e4hrigen bestehen in 2020.<\/p>\n<p><em>Quelle: u.a. &#8222;www.reinerbre.de&#8220; \u00a0 Website von Pastor Reiner Bretzigheimer\u00a0<a href=\"http:\/\/www.reinerbre.de\" target=\"_blank\" rel=\"noopener\">Hier geht es zur Website<\/a><\/em><\/p>\n<h1><span style=\"color: #ff6600\">Der Vorstand<\/span><\/h1>\n<div id=\"attachment_505\" style=\"width: 166px\" class=\"wp-caption alignleft\"><img loading=\"lazy\" decoding=\"async\" aria-describedby=\"caption-attachment-505\" class=\"wp-image-505\" src=\"https:\/\/weltlaeden.de\/bramsche\/wp-content\/uploads\/sites\/100\/2019\/08\/Vorstand-Portret200-Volker-e1565858070746.jpg\" alt=\"\" width=\"156\" height=\"165\" \/><p id=\"caption-attachment-505\" class=\"wp-caption-text\">1. Vorsitzender<br \/>Volker Rohmann<\/p><\/div>\n<div id=\"attachment_506\" style=\"width: 140px\" class=\"wp-caption alignleft\"><img loading=\"lazy\" decoding=\"async\" aria-describedby=\"caption-attachment-506\" class=\"wp-image-506\" src=\"https:\/\/weltlaeden.de\/bramsche\/wp-content\/uploads\/sites\/100\/2019\/08\/Claudia-237x300.jpg\" alt=\"\" width=\"130\" height=\"165\" srcset=\"https:\/\/weltlaeden.de\/bramsche\/wp-content\/uploads\/sites\/100\/2019\/08\/Claudia-237x300.jpg 237w, https:\/\/weltlaeden.de\/bramsche\/wp-content\/uploads\/sites\/100\/2019\/08\/Claudia.jpg 586w\" sizes=\"auto, (max-width: 130px) 100vw, 130px\" \/><p id=\"caption-attachment-506\" class=\"wp-caption-text\">2. Vorsitzende<br \/>Claudia Bruning<\/p><\/div>\n<div id=\"attachment_507\" style=\"width: 136px\" class=\"wp-caption alignleft\"><img loading=\"lazy\" decoding=\"async\" aria-describedby=\"caption-attachment-507\" class=\"wp-image-507\" src=\"https:\/\/weltlaeden.de\/bramsche\/wp-content\/uploads\/sites\/100\/2019\/08\/ulrike-230x300.jpg\" alt=\"\" width=\"126\" height=\"165\" srcset=\"https:\/\/weltlaeden.de\/bramsche\/wp-content\/uploads\/sites\/100\/2019\/08\/ulrike-230x300.jpg 230w, https:\/\/weltlaeden.de\/bramsche\/wp-content\/uploads\/sites\/100\/2019\/08\/ulrike-768x1002.jpg 768w, https:\/\/weltlaeden.de\/bramsche\/wp-content\/uploads\/sites\/100\/2019\/08\/ulrike-785x1024.jpg 785w, https:\/\/weltlaeden.de\/bramsche\/wp-content\/uploads\/sites\/100\/2019\/08\/ulrike.jpg 1652w\" sizes=\"auto, (max-width: 126px) 100vw, 126px\" \/><p id=\"caption-attachment-507\" class=\"wp-caption-text\">Kassenwart<br \/>Ulrike Karbe<\/p><\/div>\n<p>&nbsp;<\/p>\n<p>&nbsp;<\/p>\n<p>&nbsp;<\/p>\n<p>&nbsp;<\/p>\n<p>&nbsp;<\/p>\n<p>&nbsp;<\/p>\n<p>&nbsp;<\/p>\n<p>&nbsp;<\/p>\n<hr \/>\n<p>&nbsp;<\/p>\n<h1><span style=\"color: #ff6600\">Was bieten wir an?<\/span><\/h1>\n<p class=\"gross\"><img loading=\"lazy\" decoding=\"async\" class=\"alignleft wp-image-904 size-thumbnail\" src=\"https:\/\/weltlaeden.de\/bramsche\/wp-content\/uploads\/sites\/100\/2019\/10\/Kosmetik-150x150.jpg\" alt=\"\" width=\"150\" height=\"150\" \/>Die Produktpalette im Weltladen ist unglaublich vielf\u00e4ltig; sie reicht vom aromatischen Kaffee, Tee, S\u00fc\u00dfwaren \u00fcber\u00a0au\u00dfergew\u00f6hnliche Geschenkartikel und Schmuck bis hin zu fairer Kleidung und Drogerie-Artikeln. Dabei haben alle Produkte etwas gemein: Sie sind von besonderer Qualit\u00e4t und zugleich ein kleines St\u00fcck Weltpolitik. Denn sie stammen alle aus\u00a0Fairem Handel. \u00a0<a href=\"https:\/\/weltlaeden.de\/bramsche\/produkte\/\">Hier geht es zum Produktangebot&#8230;<\/a><\/p>\n<h1><\/h1>\n<p>&nbsp;<\/p>\n<hr \/>\n<h2 style=\"text-align: center\"><span style=\"color: #ff6600\">Der Weltladen sucht neue Mitarbeiter*Innen<\/span><br \/>\n<span style=\"color: #ff6600\">\u00a0Verein Projekt &#8222;Neue Erde&#8220; e.V.<\/span><\/h2>\n<p>Wir (die ehrenamtliche Helfer*Innen des Weltladens) feierten in 2020 trotz Corona 30 Jahre Bramscher Weltladen. Wobei das Wort \u201eLaden\u201c eigentlich eine Untertreibung ist \u2013 \u201eBewegung\u201c w\u00e4re wohl sehr viel passender! Schlie\u00dflich ist der Weltladen in Bramsche aus einer kirchlichen Bewegung von Pastor Emeritus, Rainer Bretzigheimer hervorgegangen und setzt seit \u00fcber drei Jahrzehnten jede Menge in Bewegung!<\/p>\n<p>In unserem Einsatz f\u00fcr Frieden, Gerechtigkeit und Bewahrung der Sch\u00f6pfung k\u00f6nnen Sie uns unterst\u00fctzen:<\/p>\n<ul>\n<li>durch Ihren Einkauf im Weltladen<\/li>\n<li>indem Sie uns weiter bekannt machen<\/li>\n<li>durch Ihre Mitgliedschaft im Verein <span style=\"color: #ff6600\">Projekt &#8222;Neue Erde&#8220; e. V.\u00a0<span style=\"color: #000000\">(etwa 80 Mitglieder)<\/span><\/span><\/li>\n<li>durch Spende (KSK Bersenbr\u00fcck &#8211; IBAN: DE09 2655 1540 0015 9107 55)<\/li>\n<li><span style=\"color: #ff0000\"><strong>durch Ihre ehrenamtliche Mitarbeit im Laden\u00a0<\/strong><\/span><\/li>\n<\/ul>\n<p>N\u00e4here Auskunft erteilen die Mitarbeiterinnen und Mitarbeiter im Laden, sowie Volker Rohmann, 1. Vorsitzender (Tel.: 05495-952078) oder Claudia Bruning, 2. Vorsitzende (Tel.: 05468-1013)<\/p>\n<p>&nbsp;<\/p>\n<hr \/>\n<h1 style=\"text-align: center\"><span style=\"color: #ff6600\"><strong>Beitrittserkl\u00e4rung:<\/strong><\/span><\/h1>\n<h3 style=\"text-align: center\">An den Verein\u00a0<em><span style=\"color: #ff6600\">Projekt &#8222;Neue Erde&#8220; e. V.\u00a0<\/span> \u00a0&#8211;\u00a0 \u00a0<\/em>Br\u00fcckenort 17, 49565 Bramsche<\/h3>\n<p>Hiermit erkl\u00e4re ich meinen Beitritt zum Verein Projekt &#8222;Neue Erde&#8220; e. V.<br \/>\nDer durch die Mitgliederversammlung jeweils festgelegten Mitgliedsbeitrag (derzeit j\u00e4hrlich 15,- \u20ac, f\u00fcr Sch\u00fcler und Studenten 6,- \u20ac, Familienbeitrag 25,- \u20ac) kann von mein Konto eingezogen werden.<\/p>\n<p>Name:\u00a0 \u00a0_____________________________________________ Geburtsdatum:\u00a0 ____.____.____<\/p>\n<p>Anschrift: ______________________________________________________________________<\/p>\n<p>Telefon: _______________________\u00a0 \u00a0 e-mail: ________________________________________<\/p>\n<p>IBAN.: _____________________________________ Kreditinstitut:________________________<\/p>\n<p>Datum:_______________________\u00a0 \u00a0 \u00a0 Unterschrift: ____________________________________<\/p>\n<h6>Die gespeicherte Daten werden nur zum Zwecke der Mitgliederinformation verwendet und nicht an Dritte weitergegeben.<\/h6>\n<p>Ausdrucken, ausf\u00fcllen und abschicken oder im Weltladen abgeben!<\/p>\n<hr \/>\n<h1><span style=\"color: #ff6600\">Forum Fairer Handel? Ein echte Alternative!<\/span><\/h1>\n<p class=\"gross\"><img loading=\"lazy\" decoding=\"async\" class=\"alignleft size-thumbnail wp-image-846\" src=\"https:\/\/weltlaeden.de\/bramsche\/wp-content\/uploads\/sites\/100\/2019\/10\/aberso-150x150.jpg\" alt=\"\" width=\"150\" height=\"150\" \/>Das bedeutet in aller K\u00fcrze: Unsere Erzeuger\/innen erhalten faire Preise. Das ist gar nicht so selbstverst\u00e4ndlich, wie es klingen mag \u2014 die Erl\u00f6se f\u00fcr viele Produkte aus dem globalen S\u00fcden sind im freien Welthandel so niedrig, dass Kleinproduzent\/innen kaum davon leben k\u00f6nnen; eine Zukunftssicherung ist so unm\u00f6glich.<\/p>\n<p><a href=\"https:\/\/weltlaeden.de\/bramsche\/fairer-handel\/\">Hier geht es zu der Seite &#8222;Forum Faire Handel&#8220; &#8230;<\/a><\/p>\n<p>&nbsp;<\/p>\n<h2>Inhalt:<br \/>\nDankschreiben Forum Faire Handel an Weltladen<br \/>\nBedeutung der Faire Handel<br \/>\nKriterien des Fairen Handels<br \/>\nLink zur Webseiten<\/h2>\n<hr \/>\n<p>&nbsp;<\/p>\n<p class=\"gross\"><strong><img loading=\"lazy\" decoding=\"async\" class=\"alignleft size-thumbnail wp-image-848\" src=\"https:\/\/weltlaeden.de\/bramsche\/wp-content\/uploads\/sites\/100\/2019\/10\/Baobab-2-150x150.jpg\" alt=\"\" width=\"150\" height=\"150\" \/>Weltl\u00e4den wollen das \u00e4ndern.<\/strong> Deshalb bieten wir Ihnen ein breites Angebot attraktiver Produkte, die dazu beitragen, die Existenz der Erzeuger\/innen zu sichern. Sie sind alle fair gehandelt und der Gro\u00dfteil stammt aus \u00f6kologischer Produktion. Wir m\u00f6chten zeigen, dass die Idee der \u00bbnachhaltigen Entwicklung\u00ab und die Sicherung der Lebensgrundlage f\u00fcr k\u00fcnftige Generationen nicht nur etwas f\u00fcr die Weltpolitik ist \u2014 sondern auch f\u00fcr den Fr\u00fchst\u00fcckstisch.<\/p>\n","protected":false},"excerpt":{"rendered":"<p>Zur\u00fcck zur Startseite&#8230; &nbsp; Willkommen im Weltladen Bramsche &#8222;Neue Erde&#8220; e.V. Der Weltladen Bramsche wurde in einem angemieteten ehemaligen &#8222;Kolonialwarenladen\u201c in der M\u00fcnsterstra\u00dfe am 1. Dezember 1989 er\u00f6ffnet. Initiatoren waren Mitarbeiterinnen und Mitarbeiter der Evangelischen und Katholischen Jugend Bramsche, angeregt durch den sogenannten &#8222;Konziliaren Prozess&#8220; der Kirchen f\u00fcr Gerechtigkeit, Frieden und Bewahrung der Sch\u00f6pfung. Im&hellip;<\/p>\n","protected":false},"author":1,"featured_media":0,"parent":0,"menu_order":5,"comment_status":"closed","ping_status":"closed","template":"","meta":{"footnotes":""},"class_list":["post-438","page","type-page","status-publish","hentry","description-off"],"yoast_head":"<!-- This site is optimized with the Yoast SEO plugin v26.8 - https:\/\/yoast.com\/product\/yoast-seo-wordpress\/ -->\n<title>\u00dcBER UNS... - Weltladen Bramsche<\/title>\n<meta name=\"robots\" content=\"index, follow, max-snippet:-1, max-image-preview:large, max-video-preview:-1\" \/>\n<link rel=\"canonical\" href=\"https:\/\/weltlaeden.de\/bramsche\/ueber-uns\/\" \/>\n<meta property=\"og:locale\" content=\"de_DE\" \/>\n<meta property=\"og:type\" content=\"article\" \/>\n<meta property=\"og:title\" content=\"\u00dcBER UNS... - Weltladen Bramsche\" \/>\n<meta property=\"og:description\" content=\"Zur\u00fcck zur Startseite&#8230; &nbsp; Willkommen im Weltladen Bramsche &#8222;Neue Erde&#8220; e.V. Der Weltladen Bramsche wurde in einem angemieteten ehemaligen &#8222;Kolonialwarenladen\u201c in der M\u00fcnsterstra\u00dfe am 1. Dezember 1989 er\u00f6ffnet. Initiatoren waren Mitarbeiterinnen und Mitarbeiter der Evangelischen und Katholischen Jugend Bramsche, angeregt durch den sogenannten &#8222;Konziliaren Prozess&#8220; der Kirchen f\u00fcr Gerechtigkeit, Frieden und Bewahrung der Sch\u00f6pfung. Im&hellip;\" \/>\n<meta property=\"og:url\" content=\"https:\/\/weltlaeden.de\/bramsche\/ueber-uns\/\" \/>\n<meta property=\"og:site_name\" content=\"Weltladen Bramsche\" \/>\n<meta property=\"article:modified_time\" content=\"2025-06-23T09:19:19+00:00\" \/>\n<meta property=\"og:image\" content=\"https:\/\/weltlaeden.de\/bramsche\/wp-content\/uploads\/sites\/100\/2019\/08\/Vorstand-Portret200-Volker-e1565858070746.jpg\" \/>\n\t<meta property=\"og:image:width\" content=\"200\" \/>\n\t<meta property=\"og:image:height\" content=\"211\" \/>\n\t<meta property=\"og:image:type\" content=\"image\/jpeg\" \/>\n<meta name=\"twitter:card\" content=\"summary_large_image\" \/>\n<meta name=\"twitter:label1\" content=\"Gesch\u00e4tzte Lesezeit\" \/>\n\t<meta name=\"twitter:data1\" content=\"6\u00a0Minuten\" \/>\n<script type=\"application\/ld+json\" class=\"yoast-schema-graph\">{\"@context\":\"https:\/\/schema.org\",\"@graph\":[{\"@type\":\"WebPage\",\"@id\":\"https:\/\/weltlaeden.de\/bramsche\/ueber-uns\/\",\"url\":\"https:\/\/weltlaeden.de\/bramsche\/ueber-uns\/\",\"name\":\"\u00dcBER UNS... - Weltladen Bramsche\",\"isPartOf\":{\"@id\":\"https:\/\/weltlaeden.de\/bramsche\/#website\"},\"primaryImageOfPage\":{\"@id\":\"https:\/\/weltlaeden.de\/bramsche\/ueber-uns\/#primaryimage\"},\"image\":{\"@id\":\"https:\/\/weltlaeden.de\/bramsche\/ueber-uns\/#primaryimage\"},\"thumbnailUrl\":\"https:\/\/weltlaeden.de\/bramsche\/wp-content\/uploads\/sites\/100\/2019\/08\/Vorstand-Portret200-Volker-e1565858070746.jpg\",\"datePublished\":\"2019-10-17T07:16:38+00:00\",\"dateModified\":\"2025-06-23T09:19:19+00:00\",\"breadcrumb\":{\"@id\":\"https:\/\/weltlaeden.de\/bramsche\/ueber-uns\/#breadcrumb\"},\"inLanguage\":\"de\",\"potentialAction\":[{\"@type\":\"ReadAction\",\"target\":[\"https:\/\/weltlaeden.de\/bramsche\/ueber-uns\/\"]}]},{\"@type\":\"ImageObject\",\"inLanguage\":\"de\",\"@id\":\"https:\/\/weltlaeden.de\/bramsche\/ueber-uns\/#primaryimage\",\"url\":\"https:\/\/weltlaeden.de\/bramsche\/wp-content\/uploads\/sites\/100\/2019\/08\/Vorstand-Portret200-Volker-e1565858070746.jpg\",\"contentUrl\":\"https:\/\/weltlaeden.de\/bramsche\/wp-content\/uploads\/sites\/100\/2019\/08\/Vorstand-Portret200-Volker-e1565858070746.jpg\",\"width\":200,\"height\":211,\"caption\":\"1. Vorsitzender Volker Rohmann\"},{\"@type\":\"BreadcrumbList\",\"@id\":\"https:\/\/weltlaeden.de\/bramsche\/ueber-uns\/#breadcrumb\",\"itemListElement\":[{\"@type\":\"ListItem\",\"position\":1,\"name\":\"Startseite\",\"item\":\"https:\/\/weltlaeden.de\/bramsche\/\"},{\"@type\":\"ListItem\",\"position\":2,\"name\":\"\u00dcBER UNS&#8230;\"}]},{\"@type\":\"WebSite\",\"@id\":\"https:\/\/weltlaeden.de\/bramsche\/#website\",\"url\":\"https:\/\/weltlaeden.de\/bramsche\/\",\"name\":\"Weltladen Bramsche\",\"description\":\"Faire Produkte seit 1990. der Weltladenbetrieb wird ausschlie\u00dflich durch Ehrenamtliche Mittglieder Aufrechterhalten.\",\"publisher\":{\"@id\":\"https:\/\/weltlaeden.de\/bramsche\/#organization\"},\"potentialAction\":[{\"@type\":\"SearchAction\",\"target\":{\"@type\":\"EntryPoint\",\"urlTemplate\":\"https:\/\/weltlaeden.de\/bramsche\/?s={search_term_string}\"},\"query-input\":{\"@type\":\"PropertyValueSpecification\",\"valueRequired\":true,\"valueName\":\"search_term_string\"}}],\"inLanguage\":\"de\"},{\"@type\":\"Organization\",\"@id\":\"https:\/\/weltlaeden.de\/bramsche\/#organization\",\"name\":\"Weltladen Bramsche\",\"url\":\"https:\/\/weltlaeden.de\/bramsche\/\",\"logo\":{\"@type\":\"ImageObject\",\"inLanguage\":\"de\",\"@id\":\"https:\/\/weltlaeden.de\/bramsche\/#\/schema\/logo\/image\/\",\"url\":\"https:\/\/weltlaeden.de\/bramsche\/wp-content\/uploads\/sites\/100\/2016\/10\/logo-1-e1476811775797.png\",\"contentUrl\":\"https:\/\/weltlaeden.de\/bramsche\/wp-content\/uploads\/sites\/100\/2016\/10\/logo-1-e1476811775797.png\",\"width\":150,\"height\":85,\"caption\":\"Weltladen Bramsche\"},\"image\":{\"@id\":\"https:\/\/weltlaeden.de\/bramsche\/#\/schema\/logo\/image\/\"}}]}<\/script>\n<!-- \/ Yoast SEO plugin. -->","yoast_head_json":{"title":"\u00dcBER UNS... - Weltladen Bramsche","robots":{"index":"index","follow":"follow","max-snippet":"max-snippet:-1","max-image-preview":"max-image-preview:large","max-video-preview":"max-video-preview:-1"},"canonical":"https:\/\/weltlaeden.de\/bramsche\/ueber-uns\/","og_locale":"de_DE","og_type":"article","og_title":"\u00dcBER UNS... - Weltladen Bramsche","og_description":"Zur\u00fcck zur Startseite&#8230; &nbsp; Willkommen im Weltladen Bramsche &#8222;Neue Erde&#8220; e.V. Der Weltladen Bramsche wurde in einem angemieteten ehemaligen &#8222;Kolonialwarenladen\u201c in der M\u00fcnsterstra\u00dfe am 1. Dezember 1989 er\u00f6ffnet. Initiatoren waren Mitarbeiterinnen und Mitarbeiter der Evangelischen und Katholischen Jugend Bramsche, angeregt durch den sogenannten &#8222;Konziliaren Prozess&#8220; der Kirchen f\u00fcr Gerechtigkeit, Frieden und Bewahrung der Sch\u00f6pfung. Im&hellip;","og_url":"https:\/\/weltlaeden.de\/bramsche\/ueber-uns\/","og_site_name":"Weltladen Bramsche","article_modified_time":"2025-06-23T09:19:19+00:00","og_image":[{"width":200,"height":211,"url":"https:\/\/weltlaeden.de\/bramsche\/wp-content\/uploads\/sites\/100\/2019\/08\/Vorstand-Portret200-Volker-e1565858070746.jpg","type":"image\/jpeg"}],"twitter_card":"summary_large_image","twitter_misc":{"Gesch\u00e4tzte Lesezeit":"6\u00a0Minuten"},"schema":{"@context":"https:\/\/schema.org","@graph":[{"@type":"WebPage","@id":"https:\/\/weltlaeden.de\/bramsche\/ueber-uns\/","url":"https:\/\/weltlaeden.de\/bramsche\/ueber-uns\/","name":"\u00dcBER UNS... - Weltladen Bramsche","isPartOf":{"@id":"https:\/\/weltlaeden.de\/bramsche\/#website"},"primaryImageOfPage":{"@id":"https:\/\/weltlaeden.de\/bramsche\/ueber-uns\/#primaryimage"},"image":{"@id":"https:\/\/weltlaeden.de\/bramsche\/ueber-uns\/#primaryimage"},"thumbnailUrl":"https:\/\/weltlaeden.de\/bramsche\/wp-content\/uploads\/sites\/100\/2019\/08\/Vorstand-Portret200-Volker-e1565858070746.jpg","datePublished":"2019-10-17T07:16:38+00:00","dateModified":"2025-06-23T09:19:19+00:00","breadcrumb":{"@id":"https:\/\/weltlaeden.de\/bramsche\/ueber-uns\/#breadcrumb"},"inLanguage":"de","potentialAction":[{"@type":"ReadAction","target":["https:\/\/weltlaeden.de\/bramsche\/ueber-uns\/"]}]},{"@type":"ImageObject","inLanguage":"de","@id":"https:\/\/weltlaeden.de\/bramsche\/ueber-uns\/#primaryimage","url":"https:\/\/weltlaeden.de\/bramsche\/wp-content\/uploads\/sites\/100\/2019\/08\/Vorstand-Portret200-Volker-e1565858070746.jpg","contentUrl":"https:\/\/weltlaeden.de\/bramsche\/wp-content\/uploads\/sites\/100\/2019\/08\/Vorstand-Portret200-Volker-e1565858070746.jpg","width":200,"height":211,"caption":"1. Vorsitzender Volker Rohmann"},{"@type":"BreadcrumbList","@id":"https:\/\/weltlaeden.de\/bramsche\/ueber-uns\/#breadcrumb","itemListElement":[{"@type":"ListItem","position":1,"name":"Startseite","item":"https:\/\/weltlaeden.de\/bramsche\/"},{"@type":"ListItem","position":2,"name":"\u00dcBER UNS&#8230;"}]},{"@type":"WebSite","@id":"https:\/\/weltlaeden.de\/bramsche\/#website","url":"https:\/\/weltlaeden.de\/bramsche\/","name":"Weltladen Bramsche","description":"Faire Produkte seit 1990. der Weltladenbetrieb wird ausschlie\u00dflich durch Ehrenamtliche Mittglieder Aufrechterhalten.","publisher":{"@id":"https:\/\/weltlaeden.de\/bramsche\/#organization"},"potentialAction":[{"@type":"SearchAction","target":{"@type":"EntryPoint","urlTemplate":"https:\/\/weltlaeden.de\/bramsche\/?s={search_term_string}"},"query-input":{"@type":"PropertyValueSpecification","valueRequired":true,"valueName":"search_term_string"}}],"inLanguage":"de"},{"@type":"Organization","@id":"https:\/\/weltlaeden.de\/bramsche\/#organization","name":"Weltladen Bramsche","url":"https:\/\/weltlaeden.de\/bramsche\/","logo":{"@type":"ImageObject","inLanguage":"de","@id":"https:\/\/weltlaeden.de\/bramsche\/#\/schema\/logo\/image\/","url":"https:\/\/weltlaeden.de\/bramsche\/wp-content\/uploads\/sites\/100\/2016\/10\/logo-1-e1476811775797.png","contentUrl":"https:\/\/weltlaeden.de\/bramsche\/wp-content\/uploads\/sites\/100\/2016\/10\/logo-1-e1476811775797.png","width":150,"height":85,"caption":"Weltladen Bramsche"},"image":{"@id":"https:\/\/weltlaeden.de\/bramsche\/#\/schema\/logo\/image\/"}}]}},"_links":{"self":[{"href":"https:\/\/weltlaeden.de\/bramsche\/wp-json\/wp\/v2\/pages\/438","targetHints":{"allow":["GET"]}}],"collection":[{"href":"https:\/\/weltlaeden.de\/bramsche\/wp-json\/wp\/v2\/pages"}],"about":[{"href":"https:\/\/weltlaeden.de\/bramsche\/wp-json\/wp\/v2\/types\/page"}],"author":[{"embeddable":true,"href":"https:\/\/weltlaeden.de\/bramsche\/wp-json\/wp\/v2\/users\/1"}],"replies":[{"embeddable":true,"href":"https:\/\/weltlaeden.de\/bramsche\/wp-json\/wp\/v2\/comments?post=438"}],"version-history":[{"count":35,"href":"https:\/\/weltlaeden.de\/bramsche\/wp-json\/wp\/v2\/pages\/438\/revisions"}],"predecessor-version":[{"id":2165,"href":"https:\/\/weltlaeden.de\/bramsche\/wp-json\/wp\/v2\/pages\/438\/revisions\/2165"}],"wp:attachment":[{"href":"https:\/\/weltlaeden.de\/bramsche\/wp-json\/wp\/v2\/media?parent=438"}],"curies":[{"name":"wp","href":"https:\/\/api.w.org\/{rel}","templated":true}]}}