{"id":2242,"date":"2026-04-20T15:58:01","date_gmt":"2026-04-20T13:58:01","guid":{"rendered":"https:\/\/weltlaeden.de\/bramsche\/?page_id=2242"},"modified":"2026-04-20T15:59:58","modified_gmt":"2026-04-20T13:59:58","slug":"anzeige-claudia-bruning","status":"publish","type":"page","link":"https:\/\/weltlaeden.de\/bramsche\/anzeige-claudia-bruning\/","title":{"rendered":"ANZEIGE CLAUDIA BRUNING"},"content":{"rendered":"<h1>Liebe Mitglieder, Freunde und Unterst\u00fctzer des Weltladens Neue Erde,<\/h1>\n<div>\n<div>\n<blockquote>\n<div dir=\"ltr\">\n<p>Am vergangenen Wochenende ist pl\u00f6tzlich und v\u00f6llig unerwartet unsere Mitarbeiterin, Freundin und Weggef\u00e4hrtin Claudia Bruning gestorben. Claudia war seit 1991 die zweite Vorsitzende des Vereins, hat in den 35 Jahren durch ihre stets freundliche, interessierte, den Menschen zugewandte Art die Geschicke des Weltladens mit geleitet und gepr\u00e4gt. Wir haben in den Jahren unz\u00e4hlige Veranstaltungen geplant und gestaltet, sie hat mit ihren Ideen und ihrer Tatkraft immer wieder den Weltladen und den Fairen Handel in Bramsche vorangebracht. Ihr Ladendienst am Freitagmorgen war ein Fixpunkt in den Woche, f\u00fcr uns Mitarbeitende und auch \u00fcber den Laden hinaus. Sie hinterl\u00e4sst eine gro\u00dfe L\u00fccke.<\/p>\n<div id=\"attachment_506\" style=\"width: 596px\" class=\"wp-caption aligncenter\"><img loading=\"lazy\" decoding=\"async\" aria-describedby=\"caption-attachment-506\" class=\"size-full wp-image-506\" src=\"https:\/\/weltlaeden.de\/bramsche\/wp-content\/uploads\/sites\/100\/2019\/08\/Claudia.jpg\" alt=\"\" width=\"586\" height=\"742\" srcset=\"https:\/\/weltlaeden.de\/bramsche\/wp-content\/uploads\/sites\/100\/2019\/08\/Claudia.jpg 586w, https:\/\/weltlaeden.de\/bramsche\/wp-content\/uploads\/sites\/100\/2019\/08\/Claudia-237x300.jpg 237w\" sizes=\"auto, (max-width: 586px) 100vw, 586px\" \/><p id=\"caption-attachment-506\" class=\"wp-caption-text\">Claudia Bruning<\/p><\/div>\n<p>Die Trauerfeier findet <span dir=\"ltr\">am Freitag, den 24.04.26 um 14 Uhr<\/span> in der St. Johannis Kirche in Engter statt.<\/p>\n<p>Volker Rohmann<\/p>\n<\/div>\n<\/blockquote>\n<\/div>\n<\/div>\n","protected":false},"excerpt":{"rendered":"<p>Liebe Mitglieder, Freunde und Unterst\u00fctzer des Weltladens Neue Erde, Am vergangenen Wochenende ist pl\u00f6tzlich und v\u00f6llig unerwartet unsere Mitarbeiterin, Freundin und Weggef\u00e4hrtin Claudia Bruning gestorben. Claudia war seit 1991 die zweite Vorsitzende des Vereins, hat in den 35 Jahren durch ihre stets freundliche, interessierte, den Menschen zugewandte Art die Geschicke des Weltladens mit geleitet und&hellip;<\/p>\n","protected":false},"author":155,"featured_media":0,"parent":0,"menu_order":0,"comment_status":"closed","ping_status":"closed","template":"","meta":{"footnotes":""},"class_list":["post-2242","page","type-page","status-publish","hentry","description-off"],"yoast_head":"<!-- This site is optimized with the Yoast SEO plugin v26.8 - https:\/\/yoast.com\/product\/yoast-seo-wordpress\/ -->\n<title>ANZEIGE CLAUDIA BRUNING - Weltladen Bramsche<\/title>\n<meta name=\"robots\" content=\"index, follow, max-snippet:-1, max-image-preview:large, max-video-preview:-1\" \/>\n<link rel=\"canonical\" href=\"https:\/\/weltlaeden.de\/bramsche\/anzeige-claudia-bruning\/\" \/>\n<meta property=\"og:locale\" content=\"de_DE\" \/>\n<meta property=\"og:type\" content=\"article\" \/>\n<meta property=\"og:title\" content=\"ANZEIGE CLAUDIA BRUNING - Weltladen Bramsche\" \/>\n<meta property=\"og:description\" content=\"Liebe Mitglieder, Freunde und Unterst\u00fctzer des Weltladens Neue Erde, Am vergangenen Wochenende ist pl\u00f6tzlich und v\u00f6llig unerwartet unsere Mitarbeiterin, Freundin und Weggef\u00e4hrtin Claudia Bruning gestorben. Claudia war seit 1991 die zweite Vorsitzende des Vereins, hat in den 35 Jahren durch ihre stets freundliche, interessierte, den Menschen zugewandte Art die Geschicke des Weltladens mit geleitet und&hellip;\" \/>\n<meta property=\"og:url\" content=\"https:\/\/weltlaeden.de\/bramsche\/anzeige-claudia-bruning\/\" \/>\n<meta property=\"og:site_name\" content=\"Weltladen Bramsche\" \/>\n<meta property=\"article:modified_time\" content=\"2026-04-20T13:59:58+00:00\" \/>\n<meta property=\"og:image\" content=\"https:\/\/weltlaeden.de\/bramsche\/wp-content\/uploads\/sites\/100\/2019\/08\/Claudia.jpg\" \/>\n\t<meta property=\"og:image:width\" content=\"586\" \/>\n\t<meta property=\"og:image:height\" content=\"742\" \/>\n\t<meta property=\"og:image:type\" content=\"image\/jpeg\" \/>\n<meta name=\"twitter:card\" content=\"summary_large_image\" \/>\n<meta name=\"twitter:label1\" content=\"Gesch\u00e4tzte Lesezeit\" \/>\n\t<meta name=\"twitter:data1\" content=\"1\u00a0Minute\" \/>\n<script type=\"application\/ld+json\" class=\"yoast-schema-graph\">{\"@context\":\"https:\/\/schema.org\",\"@graph\":[{\"@type\":\"WebPage\",\"@id\":\"https:\/\/weltlaeden.de\/bramsche\/anzeige-claudia-bruning\/\",\"url\":\"https:\/\/weltlaeden.de\/bramsche\/anzeige-claudia-bruning\/\",\"name\":\"ANZEIGE CLAUDIA BRUNING - Weltladen Bramsche\",\"isPartOf\":{\"@id\":\"https:\/\/weltlaeden.de\/bramsche\/#website\"},\"primaryImageOfPage\":{\"@id\":\"https:\/\/weltlaeden.de\/bramsche\/anzeige-claudia-bruning\/#primaryimage\"},\"image\":{\"@id\":\"https:\/\/weltlaeden.de\/bramsche\/anzeige-claudia-bruning\/#primaryimage\"},\"thumbnailUrl\":\"https:\/\/weltlaeden.de\/bramsche\/wp-content\/uploads\/sites\/100\/2019\/08\/Claudia.jpg\",\"datePublished\":\"2026-04-20T13:58:01+00:00\",\"dateModified\":\"2026-04-20T13:59:58+00:00\",\"breadcrumb\":{\"@id\":\"https:\/\/weltlaeden.de\/bramsche\/anzeige-claudia-bruning\/#breadcrumb\"},\"inLanguage\":\"de\",\"potentialAction\":[{\"@type\":\"ReadAction\",\"target\":[\"https:\/\/weltlaeden.de\/bramsche\/anzeige-claudia-bruning\/\"]}]},{\"@type\":\"ImageObject\",\"inLanguage\":\"de\",\"@id\":\"https:\/\/weltlaeden.de\/bramsche\/anzeige-claudia-bruning\/#primaryimage\",\"url\":\"https:\/\/weltlaeden.de\/bramsche\/wp-content\/uploads\/sites\/100\/2019\/08\/Claudia.jpg\",\"contentUrl\":\"https:\/\/weltlaeden.de\/bramsche\/wp-content\/uploads\/sites\/100\/2019\/08\/Claudia.jpg\",\"width\":586,\"height\":742,\"caption\":\"2. Vorsitzende Claudia Bruning\"},{\"@type\":\"BreadcrumbList\",\"@id\":\"https:\/\/weltlaeden.de\/bramsche\/anzeige-claudia-bruning\/#breadcrumb\",\"itemListElement\":[{\"@type\":\"ListItem\",\"position\":1,\"name\":\"Startseite\",\"item\":\"https:\/\/weltlaeden.de\/bramsche\/\"},{\"@type\":\"ListItem\",\"position\":2,\"name\":\"ANZEIGE CLAUDIA BRUNING\"}]},{\"@type\":\"WebSite\",\"@id\":\"https:\/\/weltlaeden.de\/bramsche\/#website\",\"url\":\"https:\/\/weltlaeden.de\/bramsche\/\",\"name\":\"Weltladen Bramsche\",\"description\":\"Faire Produkte seit 1990. der Weltladenbetrieb wird ausschlie\u00dflich durch Ehrenamtliche Mittglieder Aufrechterhalten.\",\"publisher\":{\"@id\":\"https:\/\/weltlaeden.de\/bramsche\/#organization\"},\"potentialAction\":[{\"@type\":\"SearchAction\",\"target\":{\"@type\":\"EntryPoint\",\"urlTemplate\":\"https:\/\/weltlaeden.de\/bramsche\/?s={search_term_string}\"},\"query-input\":{\"@type\":\"PropertyValueSpecification\",\"valueRequired\":true,\"valueName\":\"search_term_string\"}}],\"inLanguage\":\"de\"},{\"@type\":\"Organization\",\"@id\":\"https:\/\/weltlaeden.de\/bramsche\/#organization\",\"name\":\"Weltladen Bramsche\",\"url\":\"https:\/\/weltlaeden.de\/bramsche\/\",\"logo\":{\"@type\":\"ImageObject\",\"inLanguage\":\"de\",\"@id\":\"https:\/\/weltlaeden.de\/bramsche\/#\/schema\/logo\/image\/\",\"url\":\"https:\/\/weltlaeden.de\/bramsche\/wp-content\/uploads\/sites\/100\/2016\/10\/logo-1-e1476811775797.png\",\"contentUrl\":\"https:\/\/weltlaeden.de\/bramsche\/wp-content\/uploads\/sites\/100\/2016\/10\/logo-1-e1476811775797.png\",\"width\":150,\"height\":85,\"caption\":\"Weltladen Bramsche\"},\"image\":{\"@id\":\"https:\/\/weltlaeden.de\/bramsche\/#\/schema\/logo\/image\/\"}}]}<\/script>\n<!-- \/ Yoast SEO plugin. -->","yoast_head_json":{"title":"ANZEIGE CLAUDIA BRUNING - Weltladen Bramsche","robots":{"index":"index","follow":"follow","max-snippet":"max-snippet:-1","max-image-preview":"max-image-preview:large","max-video-preview":"max-video-preview:-1"},"canonical":"https:\/\/weltlaeden.de\/bramsche\/anzeige-claudia-bruning\/","og_locale":"de_DE","og_type":"article","og_title":"ANZEIGE CLAUDIA BRUNING - Weltladen Bramsche","og_description":"Liebe Mitglieder, Freunde und Unterst\u00fctzer des Weltladens Neue Erde, Am vergangenen Wochenende ist pl\u00f6tzlich und v\u00f6llig unerwartet unsere Mitarbeiterin, Freundin und Weggef\u00e4hrtin Claudia Bruning gestorben. Claudia war seit 1991 die zweite Vorsitzende des Vereins, hat in den 35 Jahren durch ihre stets freundliche, interessierte, den Menschen zugewandte Art die Geschicke des Weltladens mit geleitet und&hellip;","og_url":"https:\/\/weltlaeden.de\/bramsche\/anzeige-claudia-bruning\/","og_site_name":"Weltladen Bramsche","article_modified_time":"2026-04-20T13:59:58+00:00","og_image":[{"width":586,"height":742,"url":"https:\/\/weltlaeden.de\/bramsche\/wp-content\/uploads\/sites\/100\/2019\/08\/Claudia.jpg","type":"image\/jpeg"}],"twitter_card":"summary_large_image","twitter_misc":{"Gesch\u00e4tzte Lesezeit":"1\u00a0Minute"},"schema":{"@context":"https:\/\/schema.org","@graph":[{"@type":"WebPage","@id":"https:\/\/weltlaeden.de\/bramsche\/anzeige-claudia-bruning\/","url":"https:\/\/weltlaeden.de\/bramsche\/anzeige-claudia-bruning\/","name":"ANZEIGE CLAUDIA BRUNING - Weltladen Bramsche","isPartOf":{"@id":"https:\/\/weltlaeden.de\/bramsche\/#website"},"primaryImageOfPage":{"@id":"https:\/\/weltlaeden.de\/bramsche\/anzeige-claudia-bruning\/#primaryimage"},"image":{"@id":"https:\/\/weltlaeden.de\/bramsche\/anzeige-claudia-bruning\/#primaryimage"},"thumbnailUrl":"https:\/\/weltlaeden.de\/bramsche\/wp-content\/uploads\/sites\/100\/2019\/08\/Claudia.jpg","datePublished":"2026-04-20T13:58:01+00:00","dateModified":"2026-04-20T13:59:58+00:00","breadcrumb":{"@id":"https:\/\/weltlaeden.de\/bramsche\/anzeige-claudia-bruning\/#breadcrumb"},"inLanguage":"de","potentialAction":[{"@type":"ReadAction","target":["https:\/\/weltlaeden.de\/bramsche\/anzeige-claudia-bruning\/"]}]},{"@type":"ImageObject","inLanguage":"de","@id":"https:\/\/weltlaeden.de\/bramsche\/anzeige-claudia-bruning\/#primaryimage","url":"https:\/\/weltlaeden.de\/bramsche\/wp-content\/uploads\/sites\/100\/2019\/08\/Claudia.jpg","contentUrl":"https:\/\/weltlaeden.de\/bramsche\/wp-content\/uploads\/sites\/100\/2019\/08\/Claudia.jpg","width":586,"height":742,"caption":"2. Vorsitzende Claudia Bruning"},{"@type":"BreadcrumbList","@id":"https:\/\/weltlaeden.de\/bramsche\/anzeige-claudia-bruning\/#breadcrumb","itemListElement":[{"@type":"ListItem","position":1,"name":"Startseite","item":"https:\/\/weltlaeden.de\/bramsche\/"},{"@type":"ListItem","position":2,"name":"ANZEIGE CLAUDIA BRUNING"}]},{"@type":"WebSite","@id":"https:\/\/weltlaeden.de\/bramsche\/#website","url":"https:\/\/weltlaeden.de\/bramsche\/","name":"Weltladen Bramsche","description":"Faire Produkte seit 1990. der Weltladenbetrieb wird ausschlie\u00dflich durch Ehrenamtliche Mittglieder Aufrechterhalten.","publisher":{"@id":"https:\/\/weltlaeden.de\/bramsche\/#organization"},"potentialAction":[{"@type":"SearchAction","target":{"@type":"EntryPoint","urlTemplate":"https:\/\/weltlaeden.de\/bramsche\/?s={search_term_string}"},"query-input":{"@type":"PropertyValueSpecification","valueRequired":true,"valueName":"search_term_string"}}],"inLanguage":"de"},{"@type":"Organization","@id":"https:\/\/weltlaeden.de\/bramsche\/#organization","name":"Weltladen Bramsche","url":"https:\/\/weltlaeden.de\/bramsche\/","logo":{"@type":"ImageObject","inLanguage":"de","@id":"https:\/\/weltlaeden.de\/bramsche\/#\/schema\/logo\/image\/","url":"https:\/\/weltlaeden.de\/bramsche\/wp-content\/uploads\/sites\/100\/2016\/10\/logo-1-e1476811775797.png","contentUrl":"https:\/\/weltlaeden.de\/bramsche\/wp-content\/uploads\/sites\/100\/2016\/10\/logo-1-e1476811775797.png","width":150,"height":85,"caption":"Weltladen Bramsche"},"image":{"@id":"https:\/\/weltlaeden.de\/bramsche\/#\/schema\/logo\/image\/"}}]}},"_links":{"self":[{"href":"https:\/\/weltlaeden.de\/bramsche\/wp-json\/wp\/v2\/pages\/2242","targetHints":{"allow":["GET"]}}],"collection":[{"href":"https:\/\/weltlaeden.de\/bramsche\/wp-json\/wp\/v2\/pages"}],"about":[{"href":"https:\/\/weltlaeden.de\/bramsche\/wp-json\/wp\/v2\/types\/page"}],"author":[{"embeddable":true,"href":"https:\/\/weltlaeden.de\/bramsche\/wp-json\/wp\/v2\/users\/155"}],"replies":[{"embeddable":true,"href":"https:\/\/weltlaeden.de\/bramsche\/wp-json\/wp\/v2\/comments?post=2242"}],"version-history":[{"count":3,"href":"https:\/\/weltlaeden.de\/bramsche\/wp-json\/wp\/v2\/pages\/2242\/revisions"}],"predecessor-version":[{"id":2244,"href":"https:\/\/weltlaeden.de\/bramsche\/wp-json\/wp\/v2\/pages\/2242\/revisions\/2244"}],"wp:attachment":[{"href":"https:\/\/weltlaeden.de\/bramsche\/wp-json\/wp\/v2\/media?parent=2242"}],"curies":[{"name":"wp","href":"https:\/\/api.w.org\/{rel}","templated":true}]}}