{"id":218,"date":"2016-10-28T13:34:47","date_gmt":"2016-10-28T11:34:47","guid":{"rendered":"https:\/\/wl.heimpixel.de\/vorlage\/fairer-handel\/"},"modified":"2024-06-02T13:04:34","modified_gmt":"2024-06-02T11:04:34","slug":"fairer-handel","status":"publish","type":"page","link":"https:\/\/weltlaeden.de\/bramsche\/fairer-handel\/","title":{"rendered":"FORUM FAIRER HANDEL"},"content":{"rendered":"<h2><strong><span style=\"color: #ff6600\">Ein &#8222;DANKE&#8220; von &#8222;Forum Faire Handel&#8220; an alle Mitarbeiter*Innen im Weltladen.<\/span><\/strong><\/h2>\n<p>&nbsp;<\/p>\n<p><img loading=\"lazy\" decoding=\"async\" class=\"size-full wp-image-996 aligncenter\" src=\"https:\/\/weltlaeden.de\/bramsche\/wp-content\/uploads\/sites\/100\/2019\/11\/Kaffee.jpg\" alt=\"\" width=\"700\" height=\"465\" srcset=\"https:\/\/weltlaeden.de\/bramsche\/wp-content\/uploads\/sites\/100\/2019\/11\/Kaffee.jpg 700w, https:\/\/weltlaeden.de\/bramsche\/wp-content\/uploads\/sites\/100\/2019\/11\/Kaffee-300x199.jpg 300w\" sizes=\"auto, (max-width: 700px) 100vw, 700px\" \/><\/p>\n<h1>Fairer Handel bedeutet f\u00fcr Weltl\u00e4den&#8230;<\/h1>\n<p><a href=\"https:\/\/weltlaeden.de\/bramsche\/\">Zur\u00fcck zur Startseite&#8230;<\/a><\/p>\n<div class=\"wpb_text_column wpb_content_element \">\n<div class=\"wpb_wrapper\">\n<p><b>Wir Verkaufen: <\/b>Weil der Verkauf fair gehandelter Produkte das Leben f\u00fcr die Produzent\/innen verbessert.<\/p>\n<p><b>Wir Informieren: <\/b>Weil politische Kampagnen die Rahmenbedingungen f\u00fcr die Menschen im S\u00fcden ver\u00e4ndern k\u00f6nnen.<\/p>\n<\/div>\n<\/div>\n<h1>Kriterien des Fairen Handels<\/h1>\n<p>Die\u00a0<strong><a href=\"https:\/\/weltlaeden.de\/bilderpool\/wp-content\/uploads\/sites\/3\/2019\/09\/Konvention_der_Weltl\u00e4den.pdf\" target=\"_blank\" rel=\"noopener\">Konvention der Weltl\u00e4den<\/a><\/strong> ist das Grundsatzpapier f\u00fcr den Fairen Handel der Weltl\u00e4den und Fair-Handels-Gruppen. Sie wurde in einem jahrelangen Dialog gemeinsam entwickelt und erstmals 1997 von der Mitgliederversammlung des Weltladen-Dachverbandes beschlossen. Die Kriterien der Konvention der Weltl\u00e4den in der aktuellen Version decken sich mit den zehn Prinzipien der World Fair Trade Organization (<a href=\"http:\/\/www.wfto.com\" target=\"_blank\" rel=\"noopener\">WFTO<\/a>).<\/p>\n<div class=\"wpb_text_column wpb_content_element \">\n<div class=\"wpb_wrapper\">\n<p><span class=\"normal\">Fairer Handel, wie ihn die Weltl\u00e4den betreiben, strebt eine gleichberechtigte Partnerschaft des Nordens mit dem S\u00fcden an. Daher wendet die Konvention die Kriterien auf alle wesentlichen Akteure im Fairen Handel an: auf Produzent\/innen, Importeure sowie Weltl\u00e4den und Fair-Handels-Gruppen.<\/span><\/p>\n<\/div>\n<p><a href=\"https:\/\/weltlaeden.de\/bramsche\/\">Zur\u00fcck zur Startseite&#8230;<\/a><\/p>\n<\/div>\n<p><span class=\"normal\"><strong>Grundkriterien der Konvention:<\/strong><\/span><\/p>\n<ul>\n<li>Handelspraktiken<\/li>\n<li>Arbeitsbedingungen<\/li>\n<li>Transparenz<\/li>\n<li>Bildungs- und Informationsarbeit<\/li>\n<li>\u00d6ffentlichkeitsarbeit<\/li>\n<li>Umweltschutz<\/li>\n<li>Erg\u00e4nzungsprodukte (z.B. regionale Produkte)<\/li>\n<\/ul>\n<h1>Links zu Akteuren des Fairen Handels<\/h1>\n<p><strong>Weltl\u00e4den<\/strong><\/p>\n<div class=\"wpb_text_column wpb_content_element \">\n<div class=\"wpb_wrapper\">\n<ul>\n<li><a href=\"http:\/\/www.weltladen.de\" target=\"_blank\" rel=\"noopener\">Weltladen-Dachverband<\/a><\/li>\n<\/ul>\n<p><strong>Importorganisationen (Auswahl)<br \/>\n<\/strong><\/p>\n<ul>\n<li><a href=\"http:\/\/www.banafair.de\" target=\"_blank\" rel=\"noopener\">BanaFair<\/a><\/li>\n<li><a href=\"http:\/\/www.dwp-rv.de\" target=\"_blank\" rel=\"noopener\">dwp<\/a><\/li>\n<li><a href=\"http:\/\/www.el-puente.de\" target=\"_blank\" rel=\"noopener\">El Puente<\/a><\/li>\n<li><a href=\"http:\/\/www.gepa.de\/\" target=\"_blank\" rel=\"noopener\">GEPA \u2013 The Fair Trade Company<\/a><\/li>\n<li><a href=\"https:\/\/www.globo-fairtrade.com\/\" target=\"_blank\" rel=\"noopener\">GLOBO<\/a><\/li>\n<\/ul>\n<p><strong>Netzwerke und Infos \u00fcber Produzent\/innen<br \/>\n<\/strong><\/p>\n<ul>\n<li><a href=\"http:\/\/www.forum-fairer-handel.de\" target=\"_blank\" rel=\"noopener\">Forum Fairer Handel<\/a><\/li>\n<li><a href=\"https:\/\/www.fair-band.de\" target=\"_blank\" rel=\"noopener\">FAIR BAND<\/a><\/li>\n<li><a href=\"http:\/\/www.wfto.com\/\" target=\"_blank\" rel=\"noopener\">World Fair Trade Organization\u00a0(WFTO)<\/a><\/li>\n<li><a href=\"http:\/\/fairtrade.de\">fairtrade.de<\/a><\/li>\n<\/ul>\n<p><strong>Siegelorganisationen<\/strong><\/p>\n<ul>\n<li><a href=\"http:\/\/www.naturland.de\/index.php?option=com_content&amp;view=category&amp;layout=blog&amp;id=148&amp;Itemid=888&amp;lang=de\">Naturland Fair<\/a><\/li>\n<li><a href=\"http:\/\/www.fairtrade-deutschland.de\" target=\"_blank\" rel=\"noopener\">Fairtrade Deutschland<\/a><\/li>\n<li><a href=\"http:\/\/www.fairtrade.net\" target=\"_blank\" rel=\"noopener\">Fairtrade International<\/a><\/li>\n<\/ul>\n<\/div>\n<\/div>\n","protected":false},"excerpt":{"rendered":"<p>Ein &#8222;DANKE&#8220; von &#8222;Forum Faire Handel&#8220; an alle Mitarbeiter*Innen im Weltladen. &nbsp; Fairer Handel bedeutet f\u00fcr Weltl\u00e4den&#8230; Zur\u00fcck zur Startseite&#8230; Wir Verkaufen: Weil der Verkauf fair gehandelter Produkte das Leben f\u00fcr die Produzent\/innen verbessert. Wir Informieren: Weil politische Kampagnen die Rahmenbedingungen f\u00fcr die Menschen im S\u00fcden ver\u00e4ndern k\u00f6nnen. Kriterien des Fairen Handels Die\u00a0Konvention der Weltl\u00e4den&hellip;<\/p>\n","protected":false},"author":1,"featured_media":0,"parent":0,"menu_order":9,"comment_status":"closed","ping_status":"closed","template":"","meta":{"footnotes":""},"class_list":["post-218","page","type-page","status-publish","hentry","description-off"],"yoast_head":"<!-- This site is optimized with the Yoast SEO plugin v26.8 - https:\/\/yoast.com\/product\/yoast-seo-wordpress\/ -->\n<title>FORUM FAIRER HANDEL - Weltladen Bramsche<\/title>\n<meta name=\"robots\" content=\"index, follow, max-snippet:-1, max-image-preview:large, max-video-preview:-1\" \/>\n<link rel=\"canonical\" href=\"https:\/\/weltlaeden.de\/bramsche\/fairer-handel\/\" \/>\n<meta property=\"og:locale\" content=\"de_DE\" \/>\n<meta property=\"og:type\" content=\"article\" \/>\n<meta property=\"og:title\" content=\"FORUM FAIRER HANDEL - Weltladen Bramsche\" \/>\n<meta property=\"og:description\" content=\"Ein &#8222;DANKE&#8220; von &#8222;Forum Faire Handel&#8220; an alle Mitarbeiter*Innen im Weltladen. &nbsp; Fairer Handel bedeutet f\u00fcr Weltl\u00e4den&#8230; Zur\u00fcck zur Startseite&#8230; Wir Verkaufen: Weil der Verkauf fair gehandelter Produkte das Leben f\u00fcr die Produzent\/innen verbessert. Wir Informieren: Weil politische Kampagnen die Rahmenbedingungen f\u00fcr die Menschen im S\u00fcden ver\u00e4ndern k\u00f6nnen. Kriterien des Fairen Handels Die\u00a0Konvention der Weltl\u00e4den&hellip;\" \/>\n<meta property=\"og:url\" content=\"https:\/\/weltlaeden.de\/bramsche\/fairer-handel\/\" \/>\n<meta property=\"og:site_name\" content=\"Weltladen Bramsche\" \/>\n<meta property=\"article:modified_time\" content=\"2024-06-02T11:04:34+00:00\" \/>\n<meta property=\"og:image\" content=\"https:\/\/weltlaeden.de\/bramsche\/wp-content\/uploads\/sites\/100\/2019\/11\/Kaffee.jpg\" \/>\n<meta name=\"twitter:card\" content=\"summary_large_image\" \/>\n<meta name=\"twitter:label1\" content=\"Gesch\u00e4tzte Lesezeit\" \/>\n\t<meta name=\"twitter:data1\" content=\"2\u00a0Minuten\" \/>\n<script type=\"application\/ld+json\" class=\"yoast-schema-graph\">{\"@context\":\"https:\/\/schema.org\",\"@graph\":[{\"@type\":\"WebPage\",\"@id\":\"https:\/\/weltlaeden.de\/bramsche\/fairer-handel\/\",\"url\":\"https:\/\/weltlaeden.de\/bramsche\/fairer-handel\/\",\"name\":\"FORUM FAIRER HANDEL - Weltladen Bramsche\",\"isPartOf\":{\"@id\":\"https:\/\/weltlaeden.de\/bramsche\/#website\"},\"primaryImageOfPage\":{\"@id\":\"https:\/\/weltlaeden.de\/bramsche\/fairer-handel\/#primaryimage\"},\"image\":{\"@id\":\"https:\/\/weltlaeden.de\/bramsche\/fairer-handel\/#primaryimage\"},\"thumbnailUrl\":\"https:\/\/weltlaeden.de\/bramsche\/wp-content\/uploads\/sites\/100\/2019\/11\/Kaffee.jpg\",\"datePublished\":\"2016-10-28T11:34:47+00:00\",\"dateModified\":\"2024-06-02T11:04:34+00:00\",\"breadcrumb\":{\"@id\":\"https:\/\/weltlaeden.de\/bramsche\/fairer-handel\/#breadcrumb\"},\"inLanguage\":\"de\",\"potentialAction\":[{\"@type\":\"ReadAction\",\"target\":[\"https:\/\/weltlaeden.de\/bramsche\/fairer-handel\/\"]}]},{\"@type\":\"ImageObject\",\"inLanguage\":\"de\",\"@id\":\"https:\/\/weltlaeden.de\/bramsche\/fairer-handel\/#primaryimage\",\"url\":\"https:\/\/weltlaeden.de\/bramsche\/wp-content\/uploads\/sites\/100\/2019\/11\/Kaffee.jpg\",\"contentUrl\":\"https:\/\/weltlaeden.de\/bramsche\/wp-content\/uploads\/sites\/100\/2019\/11\/Kaffee.jpg\",\"width\":700,\"height\":465},{\"@type\":\"BreadcrumbList\",\"@id\":\"https:\/\/weltlaeden.de\/bramsche\/fairer-handel\/#breadcrumb\",\"itemListElement\":[{\"@type\":\"ListItem\",\"position\":1,\"name\":\"Startseite\",\"item\":\"https:\/\/weltlaeden.de\/bramsche\/\"},{\"@type\":\"ListItem\",\"position\":2,\"name\":\"FORUM FAIRER HANDEL\"}]},{\"@type\":\"WebSite\",\"@id\":\"https:\/\/weltlaeden.de\/bramsche\/#website\",\"url\":\"https:\/\/weltlaeden.de\/bramsche\/\",\"name\":\"Weltladen Bramsche\",\"description\":\"Faire Produkte seit 1990. der Weltladenbetrieb wird ausschlie\u00dflich durch Ehrenamtliche Mittglieder Aufrechterhalten.\",\"publisher\":{\"@id\":\"https:\/\/weltlaeden.de\/bramsche\/#organization\"},\"potentialAction\":[{\"@type\":\"SearchAction\",\"target\":{\"@type\":\"EntryPoint\",\"urlTemplate\":\"https:\/\/weltlaeden.de\/bramsche\/?s={search_term_string}\"},\"query-input\":{\"@type\":\"PropertyValueSpecification\",\"valueRequired\":true,\"valueName\":\"search_term_string\"}}],\"inLanguage\":\"de\"},{\"@type\":\"Organization\",\"@id\":\"https:\/\/weltlaeden.de\/bramsche\/#organization\",\"name\":\"Weltladen Bramsche\",\"url\":\"https:\/\/weltlaeden.de\/bramsche\/\",\"logo\":{\"@type\":\"ImageObject\",\"inLanguage\":\"de\",\"@id\":\"https:\/\/weltlaeden.de\/bramsche\/#\/schema\/logo\/image\/\",\"url\":\"https:\/\/weltlaeden.de\/bramsche\/wp-content\/uploads\/sites\/100\/2016\/10\/logo-1-e1476811775797.png\",\"contentUrl\":\"https:\/\/weltlaeden.de\/bramsche\/wp-content\/uploads\/sites\/100\/2016\/10\/logo-1-e1476811775797.png\",\"width\":150,\"height\":85,\"caption\":\"Weltladen Bramsche\"},\"image\":{\"@id\":\"https:\/\/weltlaeden.de\/bramsche\/#\/schema\/logo\/image\/\"}}]}<\/script>\n<!-- \/ Yoast SEO plugin. -->","yoast_head_json":{"title":"FORUM FAIRER HANDEL - Weltladen Bramsche","robots":{"index":"index","follow":"follow","max-snippet":"max-snippet:-1","max-image-preview":"max-image-preview:large","max-video-preview":"max-video-preview:-1"},"canonical":"https:\/\/weltlaeden.de\/bramsche\/fairer-handel\/","og_locale":"de_DE","og_type":"article","og_title":"FORUM FAIRER HANDEL - Weltladen Bramsche","og_description":"Ein &#8222;DANKE&#8220; von &#8222;Forum Faire Handel&#8220; an alle Mitarbeiter*Innen im Weltladen. &nbsp; Fairer Handel bedeutet f\u00fcr Weltl\u00e4den&#8230; Zur\u00fcck zur Startseite&#8230; Wir Verkaufen: Weil der Verkauf fair gehandelter Produkte das Leben f\u00fcr die Produzent\/innen verbessert. Wir Informieren: Weil politische Kampagnen die Rahmenbedingungen f\u00fcr die Menschen im S\u00fcden ver\u00e4ndern k\u00f6nnen. Kriterien des Fairen Handels Die\u00a0Konvention der Weltl\u00e4den&hellip;","og_url":"https:\/\/weltlaeden.de\/bramsche\/fairer-handel\/","og_site_name":"Weltladen Bramsche","article_modified_time":"2024-06-02T11:04:34+00:00","og_image":[{"url":"https:\/\/weltlaeden.de\/bramsche\/wp-content\/uploads\/sites\/100\/2019\/11\/Kaffee.jpg","type":"","width":"","height":""}],"twitter_card":"summary_large_image","twitter_misc":{"Gesch\u00e4tzte Lesezeit":"2\u00a0Minuten"},"schema":{"@context":"https:\/\/schema.org","@graph":[{"@type":"WebPage","@id":"https:\/\/weltlaeden.de\/bramsche\/fairer-handel\/","url":"https:\/\/weltlaeden.de\/bramsche\/fairer-handel\/","name":"FORUM FAIRER HANDEL - Weltladen Bramsche","isPartOf":{"@id":"https:\/\/weltlaeden.de\/bramsche\/#website"},"primaryImageOfPage":{"@id":"https:\/\/weltlaeden.de\/bramsche\/fairer-handel\/#primaryimage"},"image":{"@id":"https:\/\/weltlaeden.de\/bramsche\/fairer-handel\/#primaryimage"},"thumbnailUrl":"https:\/\/weltlaeden.de\/bramsche\/wp-content\/uploads\/sites\/100\/2019\/11\/Kaffee.jpg","datePublished":"2016-10-28T11:34:47+00:00","dateModified":"2024-06-02T11:04:34+00:00","breadcrumb":{"@id":"https:\/\/weltlaeden.de\/bramsche\/fairer-handel\/#breadcrumb"},"inLanguage":"de","potentialAction":[{"@type":"ReadAction","target":["https:\/\/weltlaeden.de\/bramsche\/fairer-handel\/"]}]},{"@type":"ImageObject","inLanguage":"de","@id":"https:\/\/weltlaeden.de\/bramsche\/fairer-handel\/#primaryimage","url":"https:\/\/weltlaeden.de\/bramsche\/wp-content\/uploads\/sites\/100\/2019\/11\/Kaffee.jpg","contentUrl":"https:\/\/weltlaeden.de\/bramsche\/wp-content\/uploads\/sites\/100\/2019\/11\/Kaffee.jpg","width":700,"height":465},{"@type":"BreadcrumbList","@id":"https:\/\/weltlaeden.de\/bramsche\/fairer-handel\/#breadcrumb","itemListElement":[{"@type":"ListItem","position":1,"name":"Startseite","item":"https:\/\/weltlaeden.de\/bramsche\/"},{"@type":"ListItem","position":2,"name":"FORUM FAIRER HANDEL"}]},{"@type":"WebSite","@id":"https:\/\/weltlaeden.de\/bramsche\/#website","url":"https:\/\/weltlaeden.de\/bramsche\/","name":"Weltladen Bramsche","description":"Faire Produkte seit 1990. der Weltladenbetrieb wird ausschlie\u00dflich durch Ehrenamtliche Mittglieder Aufrechterhalten.","publisher":{"@id":"https:\/\/weltlaeden.de\/bramsche\/#organization"},"potentialAction":[{"@type":"SearchAction","target":{"@type":"EntryPoint","urlTemplate":"https:\/\/weltlaeden.de\/bramsche\/?s={search_term_string}"},"query-input":{"@type":"PropertyValueSpecification","valueRequired":true,"valueName":"search_term_string"}}],"inLanguage":"de"},{"@type":"Organization","@id":"https:\/\/weltlaeden.de\/bramsche\/#organization","name":"Weltladen Bramsche","url":"https:\/\/weltlaeden.de\/bramsche\/","logo":{"@type":"ImageObject","inLanguage":"de","@id":"https:\/\/weltlaeden.de\/bramsche\/#\/schema\/logo\/image\/","url":"https:\/\/weltlaeden.de\/bramsche\/wp-content\/uploads\/sites\/100\/2016\/10\/logo-1-e1476811775797.png","contentUrl":"https:\/\/weltlaeden.de\/bramsche\/wp-content\/uploads\/sites\/100\/2016\/10\/logo-1-e1476811775797.png","width":150,"height":85,"caption":"Weltladen Bramsche"},"image":{"@id":"https:\/\/weltlaeden.de\/bramsche\/#\/schema\/logo\/image\/"}}]}},"_links":{"self":[{"href":"https:\/\/weltlaeden.de\/bramsche\/wp-json\/wp\/v2\/pages\/218","targetHints":{"allow":["GET"]}}],"collection":[{"href":"https:\/\/weltlaeden.de\/bramsche\/wp-json\/wp\/v2\/pages"}],"about":[{"href":"https:\/\/weltlaeden.de\/bramsche\/wp-json\/wp\/v2\/types\/page"}],"author":[{"embeddable":true,"href":"https:\/\/weltlaeden.de\/bramsche\/wp-json\/wp\/v2\/users\/1"}],"replies":[{"embeddable":true,"href":"https:\/\/weltlaeden.de\/bramsche\/wp-json\/wp\/v2\/comments?post=218"}],"version-history":[{"count":32,"href":"https:\/\/weltlaeden.de\/bramsche\/wp-json\/wp\/v2\/pages\/218\/revisions"}],"predecessor-version":[{"id":2100,"href":"https:\/\/weltlaeden.de\/bramsche\/wp-json\/wp\/v2\/pages\/218\/revisions\/2100"}],"wp:attachment":[{"href":"https:\/\/weltlaeden.de\/bramsche\/wp-json\/wp\/v2\/media?parent=218"}],"curies":[{"name":"wp","href":"https:\/\/api.w.org\/{rel}","templated":true}]}}