{"id":1987,"date":"2023-05-20T13:17:28","date_gmt":"2023-05-20T11:17:28","guid":{"rendered":"https:\/\/weltlaeden.de\/bramsche\/?page_id=1987"},"modified":"2025-06-20T11:32:31","modified_gmt":"2025-06-20T09:32:31","slug":"weltladentag-2023","status":"publish","type":"page","link":"https:\/\/weltlaeden.de\/bramsche\/weltladentag-2023\/","title":{"rendered":"SONDERANGEBOT!!!! MELAWEAR SNEAKERS"},"content":{"rendered":"<h1 style=\"text-align: center\"><span style=\"color: #ff0000\">MELAWEAR SNEAKERS<\/span><\/h1>\n<h2 style=\"text-align: center\"><u>SONDERANGEBOT, JETZT ZUGREIFEN<\/u><\/h2>\n<h2 style=\"text-align: center\">ALLE SCHUHE REDUZIERT VON 89,90 EURO<\/h2>\n<h2 style=\"text-align: center\">AUF\u00a0 NUR 29,50 EURO!<\/h2>\n<h2 style=\"text-align: center\"><span style=\"color: #ff6600\">gro\u00dfe Auswahl f\u00fcr Frauen, M\u00e4nner und Kindern<\/span><\/h2>\n<p><img loading=\"lazy\" decoding=\"async\" class=\"size-full wp-image-1091 aligncenter\" src=\"https:\/\/weltlaeden.de\/bramsche\/wp-content\/uploads\/sites\/100\/2019\/11\/Melawear-Frauen-Small.jpg\" alt=\"\" width=\"477\" height=\"376\" srcset=\"https:\/\/weltlaeden.de\/bramsche\/wp-content\/uploads\/sites\/100\/2019\/11\/Melawear-Frauen-Small.jpg 477w, https:\/\/weltlaeden.de\/bramsche\/wp-content\/uploads\/sites\/100\/2019\/11\/Melawear-Frauen-Small-300x236.jpg 300w\" sizes=\"auto, (max-width: 477px) 100vw, 477px\" \/><\/p>\n<p>&nbsp;<\/p>\n<h4>Melawear ist ein Modelabel, das die konventionelle Textilindustrie kritisch hinterfragt und neue Wege geht, um mit Innovationen und Engagement nachhaltige Produkte zu kreieren.<\/h4>\n<h4>Melawear produziert zeitlose Rucks\u00e4cke und Sneakers sowie eine Textilkollektion bestehend aus Basics und Essentials. Das ganze Sortiment ist mit dem Fairtrade Cotton Standard und dem Global Organic Textile Standard (GOTS) zertifiziert. W\u00e4hrend von der Notwendigkeit geredet wird, die Welt zu verbessern, ergreift Melawear die Initiative: Als weltweit erstes Unternehmen ist es Melawear gelungen, Rucks\u00e4cke und Sneakers herzustellen, die die Siegel Fairtrade Cotton und GOTS tragen d\u00fcrfen.<\/h4>\n<h4>Melawear verfolgt einen ganzheitlichen Nachhaltigkeitsansatz. Das bedeutet, dass Melawear nicht nur eindimensional agiert, sondern nach den drei S\u00e4ulen der Nachhaltigkeit: \u00f6konomisch, sozial und \u00f6kologisch. Die S\u00e4ulen stehen bei Melawear in einem ausgewogenen Dreiklang und werden im unternehmerischen Handeln entsprechend repr\u00e4sentiert.<\/h4>\n","protected":false},"excerpt":{"rendered":"<p>MELAWEAR SNEAKERS SONDERANGEBOT, JETZT ZUGREIFEN ALLE SCHUHE REDUZIERT VON 89,90 EURO AUF\u00a0 NUR 29,50 EURO! gro\u00dfe Auswahl f\u00fcr Frauen, M\u00e4nner und Kindern &nbsp; Melawear ist ein Modelabel, das die konventionelle Textilindustrie kritisch hinterfragt und neue Wege geht, um mit Innovationen und Engagement nachhaltige Produkte zu kreieren. Melawear produziert zeitlose Rucks\u00e4cke und Sneakers sowie eine Textilkollektion&hellip;<\/p>\n","protected":false},"author":155,"featured_media":0,"parent":0,"menu_order":4,"comment_status":"closed","ping_status":"closed","template":"","meta":{"footnotes":""},"class_list":["post-1987","page","type-page","status-publish","hentry","description-off"],"yoast_head":"<!-- This site is optimized with the Yoast SEO plugin v26.8 - https:\/\/yoast.com\/product\/yoast-seo-wordpress\/ -->\n<title>SONDERANGEBOT!!!! MELAWEAR SNEAKERS - Weltladen Bramsche<\/title>\n<meta name=\"robots\" content=\"index, follow, max-snippet:-1, max-image-preview:large, max-video-preview:-1\" \/>\n<link rel=\"canonical\" href=\"https:\/\/weltlaeden.de\/bramsche\/weltladentag-2023\/\" \/>\n<meta property=\"og:locale\" content=\"de_DE\" \/>\n<meta property=\"og:type\" content=\"article\" \/>\n<meta property=\"og:title\" content=\"SONDERANGEBOT!!!! MELAWEAR SNEAKERS - Weltladen Bramsche\" \/>\n<meta property=\"og:description\" content=\"MELAWEAR SNEAKERS SONDERANGEBOT, JETZT ZUGREIFEN ALLE SCHUHE REDUZIERT VON 89,90 EURO AUF\u00a0 NUR 29,50 EURO! gro\u00dfe Auswahl f\u00fcr Frauen, M\u00e4nner und Kindern &nbsp; Melawear ist ein Modelabel, das die konventionelle Textilindustrie kritisch hinterfragt und neue Wege geht, um mit Innovationen und Engagement nachhaltige Produkte zu kreieren. Melawear produziert zeitlose Rucks\u00e4cke und Sneakers sowie eine Textilkollektion&hellip;\" \/>\n<meta property=\"og:url\" content=\"https:\/\/weltlaeden.de\/bramsche\/weltladentag-2023\/\" \/>\n<meta property=\"og:site_name\" content=\"Weltladen Bramsche\" \/>\n<meta property=\"article:modified_time\" content=\"2025-06-20T09:32:31+00:00\" \/>\n<meta property=\"og:image\" content=\"https:\/\/weltlaeden.de\/bramsche\/wp-content\/uploads\/sites\/100\/2019\/11\/Melawear-Frauen-Small.jpg\" \/>\n\t<meta property=\"og:image:width\" content=\"477\" \/>\n\t<meta property=\"og:image:height\" content=\"376\" \/>\n\t<meta property=\"og:image:type\" content=\"image\/jpeg\" \/>\n<meta name=\"twitter:card\" content=\"summary_large_image\" \/>\n<meta name=\"twitter:label1\" content=\"Gesch\u00e4tzte Lesezeit\" \/>\n\t<meta name=\"twitter:data1\" content=\"2\u00a0Minuten\" \/>\n<script type=\"application\/ld+json\" class=\"yoast-schema-graph\">{\"@context\":\"https:\/\/schema.org\",\"@graph\":[{\"@type\":\"WebPage\",\"@id\":\"https:\/\/weltlaeden.de\/bramsche\/weltladentag-2023\/\",\"url\":\"https:\/\/weltlaeden.de\/bramsche\/weltladentag-2023\/\",\"name\":\"SONDERANGEBOT!!!! MELAWEAR SNEAKERS - Weltladen Bramsche\",\"isPartOf\":{\"@id\":\"https:\/\/weltlaeden.de\/bramsche\/#website\"},\"primaryImageOfPage\":{\"@id\":\"https:\/\/weltlaeden.de\/bramsche\/weltladentag-2023\/#primaryimage\"},\"image\":{\"@id\":\"https:\/\/weltlaeden.de\/bramsche\/weltladentag-2023\/#primaryimage\"},\"thumbnailUrl\":\"https:\/\/weltlaeden.de\/bramsche\/wp-content\/uploads\/sites\/100\/2019\/11\/Melawear-Frauen-Small.jpg\",\"datePublished\":\"2023-05-20T11:17:28+00:00\",\"dateModified\":\"2025-06-20T09:32:31+00:00\",\"breadcrumb\":{\"@id\":\"https:\/\/weltlaeden.de\/bramsche\/weltladentag-2023\/#breadcrumb\"},\"inLanguage\":\"de\",\"potentialAction\":[{\"@type\":\"ReadAction\",\"target\":[\"https:\/\/weltlaeden.de\/bramsche\/weltladentag-2023\/\"]}]},{\"@type\":\"ImageObject\",\"inLanguage\":\"de\",\"@id\":\"https:\/\/weltlaeden.de\/bramsche\/weltladentag-2023\/#primaryimage\",\"url\":\"https:\/\/weltlaeden.de\/bramsche\/wp-content\/uploads\/sites\/100\/2019\/11\/Melawear-Frauen-Small.jpg\",\"contentUrl\":\"https:\/\/weltlaeden.de\/bramsche\/wp-content\/uploads\/sites\/100\/2019\/11\/Melawear-Frauen-Small.jpg\",\"width\":477,\"height\":376},{\"@type\":\"BreadcrumbList\",\"@id\":\"https:\/\/weltlaeden.de\/bramsche\/weltladentag-2023\/#breadcrumb\",\"itemListElement\":[{\"@type\":\"ListItem\",\"position\":1,\"name\":\"Startseite\",\"item\":\"https:\/\/weltlaeden.de\/bramsche\/\"},{\"@type\":\"ListItem\",\"position\":2,\"name\":\"SONDERANGEBOT!!!! MELAWEAR SNEAKERS\"}]},{\"@type\":\"WebSite\",\"@id\":\"https:\/\/weltlaeden.de\/bramsche\/#website\",\"url\":\"https:\/\/weltlaeden.de\/bramsche\/\",\"name\":\"Weltladen Bramsche\",\"description\":\"Faire Produkte seit 1990. der Weltladenbetrieb wird ausschlie\u00dflich durch Ehrenamtliche Mittglieder Aufrechterhalten.\",\"publisher\":{\"@id\":\"https:\/\/weltlaeden.de\/bramsche\/#organization\"},\"potentialAction\":[{\"@type\":\"SearchAction\",\"target\":{\"@type\":\"EntryPoint\",\"urlTemplate\":\"https:\/\/weltlaeden.de\/bramsche\/?s={search_term_string}\"},\"query-input\":{\"@type\":\"PropertyValueSpecification\",\"valueRequired\":true,\"valueName\":\"search_term_string\"}}],\"inLanguage\":\"de\"},{\"@type\":\"Organization\",\"@id\":\"https:\/\/weltlaeden.de\/bramsche\/#organization\",\"name\":\"Weltladen Bramsche\",\"url\":\"https:\/\/weltlaeden.de\/bramsche\/\",\"logo\":{\"@type\":\"ImageObject\",\"inLanguage\":\"de\",\"@id\":\"https:\/\/weltlaeden.de\/bramsche\/#\/schema\/logo\/image\/\",\"url\":\"https:\/\/weltlaeden.de\/bramsche\/wp-content\/uploads\/sites\/100\/2016\/10\/logo-1-e1476811775797.png\",\"contentUrl\":\"https:\/\/weltlaeden.de\/bramsche\/wp-content\/uploads\/sites\/100\/2016\/10\/logo-1-e1476811775797.png\",\"width\":150,\"height\":85,\"caption\":\"Weltladen Bramsche\"},\"image\":{\"@id\":\"https:\/\/weltlaeden.de\/bramsche\/#\/schema\/logo\/image\/\"}}]}<\/script>\n<!-- \/ Yoast SEO plugin. -->","yoast_head_json":{"title":"SONDERANGEBOT!!!! MELAWEAR SNEAKERS - Weltladen Bramsche","robots":{"index":"index","follow":"follow","max-snippet":"max-snippet:-1","max-image-preview":"max-image-preview:large","max-video-preview":"max-video-preview:-1"},"canonical":"https:\/\/weltlaeden.de\/bramsche\/weltladentag-2023\/","og_locale":"de_DE","og_type":"article","og_title":"SONDERANGEBOT!!!! MELAWEAR SNEAKERS - Weltladen Bramsche","og_description":"MELAWEAR SNEAKERS SONDERANGEBOT, JETZT ZUGREIFEN ALLE SCHUHE REDUZIERT VON 89,90 EURO AUF\u00a0 NUR 29,50 EURO! gro\u00dfe Auswahl f\u00fcr Frauen, M\u00e4nner und Kindern &nbsp; Melawear ist ein Modelabel, das die konventionelle Textilindustrie kritisch hinterfragt und neue Wege geht, um mit Innovationen und Engagement nachhaltige Produkte zu kreieren. Melawear produziert zeitlose Rucks\u00e4cke und Sneakers sowie eine Textilkollektion&hellip;","og_url":"https:\/\/weltlaeden.de\/bramsche\/weltladentag-2023\/","og_site_name":"Weltladen Bramsche","article_modified_time":"2025-06-20T09:32:31+00:00","og_image":[{"width":477,"height":376,"url":"https:\/\/weltlaeden.de\/bramsche\/wp-content\/uploads\/sites\/100\/2019\/11\/Melawear-Frauen-Small.jpg","type":"image\/jpeg"}],"twitter_card":"summary_large_image","twitter_misc":{"Gesch\u00e4tzte Lesezeit":"2\u00a0Minuten"},"schema":{"@context":"https:\/\/schema.org","@graph":[{"@type":"WebPage","@id":"https:\/\/weltlaeden.de\/bramsche\/weltladentag-2023\/","url":"https:\/\/weltlaeden.de\/bramsche\/weltladentag-2023\/","name":"SONDERANGEBOT!!!! MELAWEAR SNEAKERS - Weltladen Bramsche","isPartOf":{"@id":"https:\/\/weltlaeden.de\/bramsche\/#website"},"primaryImageOfPage":{"@id":"https:\/\/weltlaeden.de\/bramsche\/weltladentag-2023\/#primaryimage"},"image":{"@id":"https:\/\/weltlaeden.de\/bramsche\/weltladentag-2023\/#primaryimage"},"thumbnailUrl":"https:\/\/weltlaeden.de\/bramsche\/wp-content\/uploads\/sites\/100\/2019\/11\/Melawear-Frauen-Small.jpg","datePublished":"2023-05-20T11:17:28+00:00","dateModified":"2025-06-20T09:32:31+00:00","breadcrumb":{"@id":"https:\/\/weltlaeden.de\/bramsche\/weltladentag-2023\/#breadcrumb"},"inLanguage":"de","potentialAction":[{"@type":"ReadAction","target":["https:\/\/weltlaeden.de\/bramsche\/weltladentag-2023\/"]}]},{"@type":"ImageObject","inLanguage":"de","@id":"https:\/\/weltlaeden.de\/bramsche\/weltladentag-2023\/#primaryimage","url":"https:\/\/weltlaeden.de\/bramsche\/wp-content\/uploads\/sites\/100\/2019\/11\/Melawear-Frauen-Small.jpg","contentUrl":"https:\/\/weltlaeden.de\/bramsche\/wp-content\/uploads\/sites\/100\/2019\/11\/Melawear-Frauen-Small.jpg","width":477,"height":376},{"@type":"BreadcrumbList","@id":"https:\/\/weltlaeden.de\/bramsche\/weltladentag-2023\/#breadcrumb","itemListElement":[{"@type":"ListItem","position":1,"name":"Startseite","item":"https:\/\/weltlaeden.de\/bramsche\/"},{"@type":"ListItem","position":2,"name":"SONDERANGEBOT!!!! MELAWEAR SNEAKERS"}]},{"@type":"WebSite","@id":"https:\/\/weltlaeden.de\/bramsche\/#website","url":"https:\/\/weltlaeden.de\/bramsche\/","name":"Weltladen Bramsche","description":"Faire Produkte seit 1990. der Weltladenbetrieb wird ausschlie\u00dflich durch Ehrenamtliche Mittglieder Aufrechterhalten.","publisher":{"@id":"https:\/\/weltlaeden.de\/bramsche\/#organization"},"potentialAction":[{"@type":"SearchAction","target":{"@type":"EntryPoint","urlTemplate":"https:\/\/weltlaeden.de\/bramsche\/?s={search_term_string}"},"query-input":{"@type":"PropertyValueSpecification","valueRequired":true,"valueName":"search_term_string"}}],"inLanguage":"de"},{"@type":"Organization","@id":"https:\/\/weltlaeden.de\/bramsche\/#organization","name":"Weltladen Bramsche","url":"https:\/\/weltlaeden.de\/bramsche\/","logo":{"@type":"ImageObject","inLanguage":"de","@id":"https:\/\/weltlaeden.de\/bramsche\/#\/schema\/logo\/image\/","url":"https:\/\/weltlaeden.de\/bramsche\/wp-content\/uploads\/sites\/100\/2016\/10\/logo-1-e1476811775797.png","contentUrl":"https:\/\/weltlaeden.de\/bramsche\/wp-content\/uploads\/sites\/100\/2016\/10\/logo-1-e1476811775797.png","width":150,"height":85,"caption":"Weltladen Bramsche"},"image":{"@id":"https:\/\/weltlaeden.de\/bramsche\/#\/schema\/logo\/image\/"}}]}},"_links":{"self":[{"href":"https:\/\/weltlaeden.de\/bramsche\/wp-json\/wp\/v2\/pages\/1987","targetHints":{"allow":["GET"]}}],"collection":[{"href":"https:\/\/weltlaeden.de\/bramsche\/wp-json\/wp\/v2\/pages"}],"about":[{"href":"https:\/\/weltlaeden.de\/bramsche\/wp-json\/wp\/v2\/types\/page"}],"author":[{"embeddable":true,"href":"https:\/\/weltlaeden.de\/bramsche\/wp-json\/wp\/v2\/users\/155"}],"replies":[{"embeddable":true,"href":"https:\/\/weltlaeden.de\/bramsche\/wp-json\/wp\/v2\/comments?post=1987"}],"version-history":[{"count":9,"href":"https:\/\/weltlaeden.de\/bramsche\/wp-json\/wp\/v2\/pages\/1987\/revisions"}],"predecessor-version":[{"id":2159,"href":"https:\/\/weltlaeden.de\/bramsche\/wp-json\/wp\/v2\/pages\/1987\/revisions\/2159"}],"wp:attachment":[{"href":"https:\/\/weltlaeden.de\/bramsche\/wp-json\/wp\/v2\/media?parent=1987"}],"curies":[{"name":"wp","href":"https:\/\/api.w.org\/{rel}","templated":true}]}}