{"id":1935,"date":"2022-11-20T15:09:06","date_gmt":"2022-11-20T14:09:06","guid":{"rendered":"https:\/\/weltlaeden.de\/bramsche\/?page_id=1935"},"modified":"2023-10-07T13:21:03","modified_gmt":"2023-10-07T11:21:03","slug":"emissionsfreie-schokolade","status":"publish","type":"page","link":"https:\/\/weltlaeden.de\/bramsche\/produkte\/emissionsfreie-schokolade\/","title":{"rendered":"EMISSIONSFREIE SCHOKOLADE"},"content":{"rendered":"<h2><strong><span style=\"color: #993366\">Emissionsfreie Schokolade<\/span><\/strong><\/h2>\n<p><img loading=\"lazy\" decoding=\"async\" class=\"wp-image-1936 alignright\" src=\"https:\/\/weltlaeden.de\/bramsche\/wp-content\/uploads\/sites\/100\/2022\/11\/Choko-repen.jpg\" alt=\"\" width=\"208\" height=\"125\" \/>Zum f\u00fcnften Mal gibt es wieder geradelte Schokolade in Bramsche. Garantiert emissionsfrei ist die Schokolade, die jetzt bei uns im Weltladen erh\u00e4ltlich ist. Nach der \u00dcberfahrt im Segelschiff wurde sie von Bramscher Klimaaktivisten per Rad aus Amsterdam geholt. Eine Initiative von Peter Gronemann, der diesmal nicht pers\u00f6nlich teilnehmen konnte, aber die Organisation der Tour auf sich genommen hatte.<\/p>\n<p>&nbsp;<\/p>\n<p><img loading=\"lazy\" decoding=\"async\" class=\"alignleft wp-image-1937\" src=\"https:\/\/weltlaeden.de\/bramsche\/wp-content\/uploads\/sites\/100\/2022\/11\/Chokotour-22IMG_4496.jpg\" alt=\"\" width=\"283\" height=\"212\" srcset=\"https:\/\/weltlaeden.de\/bramsche\/wp-content\/uploads\/sites\/100\/2022\/11\/Chokotour-22IMG_4496.jpg 480w, https:\/\/weltlaeden.de\/bramsche\/wp-content\/uploads\/sites\/100\/2022\/11\/Chokotour-22IMG_4496-300x225.jpg 300w\" sizes=\"auto, (max-width: 283px) 100vw, 283px\" \/>Es machten sich Ansgar Sch\u00fcrmann, Christian Kahlmeier und Edzard Dirks mit 2 E-Bikes und dem st\u00e4dtischen Fahrradgep\u00e4ckanh\u00e4nger auf den Weg, um an der bundesweiten \u201eSchokofahrt-Initiative\u201c teilzunehmen. Bei dieser ehrenamtlichen Aktion m\u00f6chten Radler auf nachhaltige Mobilit\u00e4t gegen Co2 und neutralen Transport mit dem Fahrrad aufmerksam machen. Der Kakao f\u00fcr die Schokolade ist den Angaben zufolge unter biologischen und fairen Bedingungen angebaut und gehandelt. Au\u00dferdem hat er den Weg nach Europa emissionsfrei per Segelschiff zur\u00fcckgelegt. In der Amsterdamer Manufaktur der Chocolatemakers wird der Kakao zu Schokolade verarbeitet, so dass \u201cnicht nur ihre Geschichte, sondern auch ihr Geschmack wirklich etwas besonderes ist\u201c, hei\u00dft es in einer Pressemitteilung der Initiatoren. Die Emissionsfreiheit, die durch den Segelschifftransport gew\u00e4hrleistet ist, wird dann durch die Fahrradtour bis zum Endverbraucher umgesetzt. Diese Aktion gibt es seit einigen Jahren. Inzwischen machen \u00fcber 40 St\u00e4dte in Deutschland mit. Die Fahrradgruppen kommunizieren \u00fcber das Netzwerk\u00a0 <a href=\"http:\/\/schokofahrt.de\">http:\/\/schokofahrt.de<\/a>\u00a0 und verabreden sich zu Sternfahrten. F\u00fcr 2023 sind zwei Touren im April und im September geplant. Dann treffen sich wieder circa 200 Radfahrer bei den Chocolatemakers in Amsterdam.<\/p>\n<p>Bei der jetzigen im Oktober 2022, der f\u00fcnften Bramscher Schokofahrt, nahmen sich Dirks und Sch\u00fcrmann jeweils drei Tage f\u00fcr Hin und R\u00fcckweg Zeit. Bei der Chocolatemakers in Amsterdam trafen Sie dann auf Christian Kahlmeier, der die Strecke von Bramsche nach Amsterdam in einem einzigen Tag zur\u00fccklegte!<\/p>\n<p>\u00dcber den Weltladen in Bramsche werden Bestellungen gesammelt und die Verteilung von 100 kg Schokolade abgewickelt. Au\u00dfer in unserem Weltladen kann man die Schokolade nun im Biolandhof Kruse kaufen, beim Friseurgesch\u00e4ft \u201ePerfect Hair\u201c am Markt in Bramsche, in Wallenhorst im Laden an der Windm\u00fchle und im Fahrradgesch\u00e4ft Sprenger und Br\u00f6nnike in Wallenhorst.<\/p>\n","protected":false},"excerpt":{"rendered":"<p>Emissionsfreie Schokolade Zum f\u00fcnften Mal gibt es wieder geradelte Schokolade in Bramsche. Garantiert emissionsfrei ist die Schokolade, die jetzt bei uns im Weltladen erh\u00e4ltlich ist. Nach der \u00dcberfahrt im Segelschiff wurde sie von Bramscher Klimaaktivisten per Rad aus Amsterdam geholt. Eine Initiative von Peter Gronemann, der diesmal nicht pers\u00f6nlich teilnehmen konnte, aber die Organisation der&hellip;<\/p>\n","protected":false},"author":155,"featured_media":0,"parent":770,"menu_order":0,"comment_status":"closed","ping_status":"closed","template":"","meta":{"footnotes":""},"class_list":["post-1935","page","type-page","status-publish","hentry","description-off"],"yoast_head":"<!-- This site is optimized with the Yoast SEO plugin v26.8 - https:\/\/yoast.com\/product\/yoast-seo-wordpress\/ -->\n<title>EMISSIONSFREIE SCHOKOLADE - Weltladen Bramsche<\/title>\n<meta name=\"robots\" content=\"index, follow, max-snippet:-1, max-image-preview:large, max-video-preview:-1\" \/>\n<link rel=\"canonical\" href=\"https:\/\/weltlaeden.de\/bramsche\/produkte\/emissionsfreie-schokolade\/\" \/>\n<meta property=\"og:locale\" content=\"de_DE\" \/>\n<meta property=\"og:type\" content=\"article\" \/>\n<meta property=\"og:title\" content=\"EMISSIONSFREIE SCHOKOLADE - Weltladen Bramsche\" \/>\n<meta property=\"og:description\" content=\"Emissionsfreie Schokolade Zum f\u00fcnften Mal gibt es wieder geradelte Schokolade in Bramsche. Garantiert emissionsfrei ist die Schokolade, die jetzt bei uns im Weltladen erh\u00e4ltlich ist. Nach der \u00dcberfahrt im Segelschiff wurde sie von Bramscher Klimaaktivisten per Rad aus Amsterdam geholt. Eine Initiative von Peter Gronemann, der diesmal nicht pers\u00f6nlich teilnehmen konnte, aber die Organisation der&hellip;\" \/>\n<meta property=\"og:url\" content=\"https:\/\/weltlaeden.de\/bramsche\/produkte\/emissionsfreie-schokolade\/\" \/>\n<meta property=\"og:site_name\" content=\"Weltladen Bramsche\" \/>\n<meta property=\"article:modified_time\" content=\"2023-10-07T11:21:03+00:00\" \/>\n<meta property=\"og:image\" content=\"https:\/\/weltlaeden.de\/bramsche\/wp-content\/uploads\/sites\/100\/2022\/11\/Choko-repen.jpg\" \/>\n<meta name=\"twitter:card\" content=\"summary_large_image\" \/>\n<meta name=\"twitter:label1\" content=\"Gesch\u00e4tzte Lesezeit\" \/>\n\t<meta name=\"twitter:data1\" content=\"3\u00a0Minuten\" \/>\n<script type=\"application\/ld+json\" class=\"yoast-schema-graph\">{\"@context\":\"https:\/\/schema.org\",\"@graph\":[{\"@type\":\"WebPage\",\"@id\":\"https:\/\/weltlaeden.de\/bramsche\/produkte\/emissionsfreie-schokolade\/\",\"url\":\"https:\/\/weltlaeden.de\/bramsche\/produkte\/emissionsfreie-schokolade\/\",\"name\":\"EMISSIONSFREIE SCHOKOLADE - Weltladen Bramsche\",\"isPartOf\":{\"@id\":\"https:\/\/weltlaeden.de\/bramsche\/#website\"},\"primaryImageOfPage\":{\"@id\":\"https:\/\/weltlaeden.de\/bramsche\/produkte\/emissionsfreie-schokolade\/#primaryimage\"},\"image\":{\"@id\":\"https:\/\/weltlaeden.de\/bramsche\/produkte\/emissionsfreie-schokolade\/#primaryimage\"},\"thumbnailUrl\":\"https:\/\/weltlaeden.de\/bramsche\/wp-content\/uploads\/sites\/100\/2022\/11\/Choko-repen.jpg\",\"datePublished\":\"2022-11-20T14:09:06+00:00\",\"dateModified\":\"2023-10-07T11:21:03+00:00\",\"breadcrumb\":{\"@id\":\"https:\/\/weltlaeden.de\/bramsche\/produkte\/emissionsfreie-schokolade\/#breadcrumb\"},\"inLanguage\":\"de\",\"potentialAction\":[{\"@type\":\"ReadAction\",\"target\":[\"https:\/\/weltlaeden.de\/bramsche\/produkte\/emissionsfreie-schokolade\/\"]}]},{\"@type\":\"ImageObject\",\"inLanguage\":\"de\",\"@id\":\"https:\/\/weltlaeden.de\/bramsche\/produkte\/emissionsfreie-schokolade\/#primaryimage\",\"url\":\"https:\/\/weltlaeden.de\/bramsche\/wp-content\/uploads\/sites\/100\/2022\/11\/Choko-repen.jpg\",\"contentUrl\":\"https:\/\/weltlaeden.de\/bramsche\/wp-content\/uploads\/sites\/100\/2022\/11\/Choko-repen.jpg\",\"width\":290,\"height\":174},{\"@type\":\"BreadcrumbList\",\"@id\":\"https:\/\/weltlaeden.de\/bramsche\/produkte\/emissionsfreie-schokolade\/#breadcrumb\",\"itemListElement\":[{\"@type\":\"ListItem\",\"position\":1,\"name\":\"Startseite\",\"item\":\"https:\/\/weltlaeden.de\/bramsche\/\"},{\"@type\":\"ListItem\",\"position\":2,\"name\":\"PRODUKTE\",\"item\":\"https:\/\/weltlaeden.de\/bramsche\/produkte\/\"},{\"@type\":\"ListItem\",\"position\":3,\"name\":\"EMISSIONSFREIE SCHOKOLADE\"}]},{\"@type\":\"WebSite\",\"@id\":\"https:\/\/weltlaeden.de\/bramsche\/#website\",\"url\":\"https:\/\/weltlaeden.de\/bramsche\/\",\"name\":\"Weltladen Bramsche\",\"description\":\"Faire Produkte seit 1990. der Weltladenbetrieb wird ausschlie\u00dflich durch Ehrenamtliche Mittglieder Aufrechterhalten.\",\"publisher\":{\"@id\":\"https:\/\/weltlaeden.de\/bramsche\/#organization\"},\"potentialAction\":[{\"@type\":\"SearchAction\",\"target\":{\"@type\":\"EntryPoint\",\"urlTemplate\":\"https:\/\/weltlaeden.de\/bramsche\/?s={search_term_string}\"},\"query-input\":{\"@type\":\"PropertyValueSpecification\",\"valueRequired\":true,\"valueName\":\"search_term_string\"}}],\"inLanguage\":\"de\"},{\"@type\":\"Organization\",\"@id\":\"https:\/\/weltlaeden.de\/bramsche\/#organization\",\"name\":\"Weltladen Bramsche\",\"url\":\"https:\/\/weltlaeden.de\/bramsche\/\",\"logo\":{\"@type\":\"ImageObject\",\"inLanguage\":\"de\",\"@id\":\"https:\/\/weltlaeden.de\/bramsche\/#\/schema\/logo\/image\/\",\"url\":\"https:\/\/weltlaeden.de\/bramsche\/wp-content\/uploads\/sites\/100\/2016\/10\/logo-1-e1476811775797.png\",\"contentUrl\":\"https:\/\/weltlaeden.de\/bramsche\/wp-content\/uploads\/sites\/100\/2016\/10\/logo-1-e1476811775797.png\",\"width\":150,\"height\":85,\"caption\":\"Weltladen Bramsche\"},\"image\":{\"@id\":\"https:\/\/weltlaeden.de\/bramsche\/#\/schema\/logo\/image\/\"}}]}<\/script>\n<!-- \/ Yoast SEO plugin. -->","yoast_head_json":{"title":"EMISSIONSFREIE SCHOKOLADE - Weltladen Bramsche","robots":{"index":"index","follow":"follow","max-snippet":"max-snippet:-1","max-image-preview":"max-image-preview:large","max-video-preview":"max-video-preview:-1"},"canonical":"https:\/\/weltlaeden.de\/bramsche\/produkte\/emissionsfreie-schokolade\/","og_locale":"de_DE","og_type":"article","og_title":"EMISSIONSFREIE SCHOKOLADE - Weltladen Bramsche","og_description":"Emissionsfreie Schokolade Zum f\u00fcnften Mal gibt es wieder geradelte Schokolade in Bramsche. Garantiert emissionsfrei ist die Schokolade, die jetzt bei uns im Weltladen erh\u00e4ltlich ist. Nach der \u00dcberfahrt im Segelschiff wurde sie von Bramscher Klimaaktivisten per Rad aus Amsterdam geholt. Eine Initiative von Peter Gronemann, der diesmal nicht pers\u00f6nlich teilnehmen konnte, aber die Organisation der&hellip;","og_url":"https:\/\/weltlaeden.de\/bramsche\/produkte\/emissionsfreie-schokolade\/","og_site_name":"Weltladen Bramsche","article_modified_time":"2023-10-07T11:21:03+00:00","og_image":[{"url":"https:\/\/weltlaeden.de\/bramsche\/wp-content\/uploads\/sites\/100\/2022\/11\/Choko-repen.jpg","type":"","width":"","height":""}],"twitter_card":"summary_large_image","twitter_misc":{"Gesch\u00e4tzte Lesezeit":"3\u00a0Minuten"},"schema":{"@context":"https:\/\/schema.org","@graph":[{"@type":"WebPage","@id":"https:\/\/weltlaeden.de\/bramsche\/produkte\/emissionsfreie-schokolade\/","url":"https:\/\/weltlaeden.de\/bramsche\/produkte\/emissionsfreie-schokolade\/","name":"EMISSIONSFREIE SCHOKOLADE - Weltladen Bramsche","isPartOf":{"@id":"https:\/\/weltlaeden.de\/bramsche\/#website"},"primaryImageOfPage":{"@id":"https:\/\/weltlaeden.de\/bramsche\/produkte\/emissionsfreie-schokolade\/#primaryimage"},"image":{"@id":"https:\/\/weltlaeden.de\/bramsche\/produkte\/emissionsfreie-schokolade\/#primaryimage"},"thumbnailUrl":"https:\/\/weltlaeden.de\/bramsche\/wp-content\/uploads\/sites\/100\/2022\/11\/Choko-repen.jpg","datePublished":"2022-11-20T14:09:06+00:00","dateModified":"2023-10-07T11:21:03+00:00","breadcrumb":{"@id":"https:\/\/weltlaeden.de\/bramsche\/produkte\/emissionsfreie-schokolade\/#breadcrumb"},"inLanguage":"de","potentialAction":[{"@type":"ReadAction","target":["https:\/\/weltlaeden.de\/bramsche\/produkte\/emissionsfreie-schokolade\/"]}]},{"@type":"ImageObject","inLanguage":"de","@id":"https:\/\/weltlaeden.de\/bramsche\/produkte\/emissionsfreie-schokolade\/#primaryimage","url":"https:\/\/weltlaeden.de\/bramsche\/wp-content\/uploads\/sites\/100\/2022\/11\/Choko-repen.jpg","contentUrl":"https:\/\/weltlaeden.de\/bramsche\/wp-content\/uploads\/sites\/100\/2022\/11\/Choko-repen.jpg","width":290,"height":174},{"@type":"BreadcrumbList","@id":"https:\/\/weltlaeden.de\/bramsche\/produkte\/emissionsfreie-schokolade\/#breadcrumb","itemListElement":[{"@type":"ListItem","position":1,"name":"Startseite","item":"https:\/\/weltlaeden.de\/bramsche\/"},{"@type":"ListItem","position":2,"name":"PRODUKTE","item":"https:\/\/weltlaeden.de\/bramsche\/produkte\/"},{"@type":"ListItem","position":3,"name":"EMISSIONSFREIE SCHOKOLADE"}]},{"@type":"WebSite","@id":"https:\/\/weltlaeden.de\/bramsche\/#website","url":"https:\/\/weltlaeden.de\/bramsche\/","name":"Weltladen Bramsche","description":"Faire Produkte seit 1990. der Weltladenbetrieb wird ausschlie\u00dflich durch Ehrenamtliche Mittglieder Aufrechterhalten.","publisher":{"@id":"https:\/\/weltlaeden.de\/bramsche\/#organization"},"potentialAction":[{"@type":"SearchAction","target":{"@type":"EntryPoint","urlTemplate":"https:\/\/weltlaeden.de\/bramsche\/?s={search_term_string}"},"query-input":{"@type":"PropertyValueSpecification","valueRequired":true,"valueName":"search_term_string"}}],"inLanguage":"de"},{"@type":"Organization","@id":"https:\/\/weltlaeden.de\/bramsche\/#organization","name":"Weltladen Bramsche","url":"https:\/\/weltlaeden.de\/bramsche\/","logo":{"@type":"ImageObject","inLanguage":"de","@id":"https:\/\/weltlaeden.de\/bramsche\/#\/schema\/logo\/image\/","url":"https:\/\/weltlaeden.de\/bramsche\/wp-content\/uploads\/sites\/100\/2016\/10\/logo-1-e1476811775797.png","contentUrl":"https:\/\/weltlaeden.de\/bramsche\/wp-content\/uploads\/sites\/100\/2016\/10\/logo-1-e1476811775797.png","width":150,"height":85,"caption":"Weltladen Bramsche"},"image":{"@id":"https:\/\/weltlaeden.de\/bramsche\/#\/schema\/logo\/image\/"}}]}},"_links":{"self":[{"href":"https:\/\/weltlaeden.de\/bramsche\/wp-json\/wp\/v2\/pages\/1935","targetHints":{"allow":["GET"]}}],"collection":[{"href":"https:\/\/weltlaeden.de\/bramsche\/wp-json\/wp\/v2\/pages"}],"about":[{"href":"https:\/\/weltlaeden.de\/bramsche\/wp-json\/wp\/v2\/types\/page"}],"author":[{"embeddable":true,"href":"https:\/\/weltlaeden.de\/bramsche\/wp-json\/wp\/v2\/users\/155"}],"replies":[{"embeddable":true,"href":"https:\/\/weltlaeden.de\/bramsche\/wp-json\/wp\/v2\/comments?post=1935"}],"version-history":[{"count":1,"href":"https:\/\/weltlaeden.de\/bramsche\/wp-json\/wp\/v2\/pages\/1935\/revisions"}],"predecessor-version":[{"id":1938,"href":"https:\/\/weltlaeden.de\/bramsche\/wp-json\/wp\/v2\/pages\/1935\/revisions\/1938"}],"up":[{"embeddable":true,"href":"https:\/\/weltlaeden.de\/bramsche\/wp-json\/wp\/v2\/pages\/770"}],"wp:attachment":[{"href":"https:\/\/weltlaeden.de\/bramsche\/wp-json\/wp\/v2\/media?parent=1935"}],"curies":[{"name":"wp","href":"https:\/\/api.w.org\/{rel}","templated":true}]}}