{"id":219,"date":"2016-10-28T13:34:47","date_gmt":"2016-10-28T11:34:47","guid":{"rendered":"https:\/\/wl.heimpixel.de\/vorlage\/ueber-uns\/"},"modified":"2024-09-04T10:50:39","modified_gmt":"2024-09-04T08:50:39","slug":"ueber-uns","status":"publish","type":"page","link":"https:\/\/weltlaeden.de\/bitz\/ueber-uns\/","title":{"rendered":"\u00dcber uns"},"content":{"rendered":"<div class=\"wpb-content-wrapper\"><p>[vc_row][vc_column]<div class=\"wl_einzelbild\"><p><img loading=\"lazy\" decoding=\"async\" class=\"aligncenter size-full wp-image-448\" src=\"https:\/\/weltlaeden.de\/bitz\/wp-content\/uploads\/sites\/203\/2019\/04\/board-game-challenge-chess-209728_1200x519-e1555324787982.png\" alt=\"\" width=\"787\" height=\"340\" \/><\/p><\/div>[vc_empty_space][vc_column_text]<\/p>\n<h1>\u00dcber den Weltladen Bitz<\/h1>\n<p>[\/vc_column_text][vc_column_text]Der Weltladen Bitz ist einer von sieben Weltl\u00e4den des Freundeskreis Eine Welt e.V. auf der &#8222;rauhen&#8220; Schw\u00e4bischen Alb.<\/p>\n<p>Wir sind ein kleiner Weltladen mit einer sehr treuen Kundschaft. Besonders am Donnerstag, wenn vor dem Rathaus Wochenmarkt ist, treffen sich die Eink\u00e4ufer bei uns zu einer gem\u00fctlichen Tasse Kaffee oder Tee. Da bieten wir Ihnen dann auch neue Produkte zum Versuchen an.[\/vc_column_text][\/vc_column][\/vc_row][vc_row][vc_column][vc_empty_space][vc_empty_space][vc_column_text]<\/p>\n<h1>Unser Team<\/h1>\n<p>[\/vc_column_text][vc_column_text]Unser Team besteht aktuell aus 12 ehrenamtlich t\u00e4tigen Frauen im Alter von Anfang 30 bis Mitte 80. Wir alle sind mit Spa\u00df bei der Arbeit und freuen uns an dem regen Austausch mit unserer Kundschaft.[\/vc_column_text][\/vc_column][\/vc_row][vc_row][vc_column][vc_empty_space][vc_empty_space][vc_column_text css=&#8220;&#8220;]<\/p>\n<h1>Unser Spendenprojekt<\/h1>\n<p>[\/vc_column_text][vc_column_text css=&#8220;&#8220;]<\/p>\n<div class=\"fusion-text fusion-text-1\">\n<p><span data-darkreader-inline-color=\"\">Entwicklung und Perspektiven f\u00fcr Menschen wachsen im wertsch\u00e4tzenden und w\u00fcrdevollen Umgang miteinander. Auf \u00f6konomischer Ebene bietet der \u201eFaire Handel\u201c daf\u00fcr ein gutes Fundament. Durch den Betrieb unseres Weltladens unterst\u00fctzen wir Menschen und Gruppen nachhaltig in ihrer \u00f6konomischen Entwicklung.<\/span><\/p>\n<\/div>\n<div class=\"fusion-text fusion-text-2\">\n<p><span data-darkreader-inline-color=\"\">Der Freundeskreis unterst\u00fctzt Entwicklungsprojekte in den L\u00e4ndern des S\u00fcdens auch mit den ihm zur Verf\u00fcgung stehenden (Geld-)Mitteln. Daf\u00fcr suchen sich die sechs Ladengruppen ein oder mehrere Entwicklungsprojekte aus, die dann nach Beschlusslage des Vereinsausschusses Geldspenden erhalten.<\/span><\/p>\n<p>Der Weltladen Bitz unterst\u00fctzt seit 2024 die Kinderhilfe Sansibar. Die Gr\u00fcnderin Nicole H\u00e4ffner f\u00fchrt vor Ort lebensrettende Operationen bei Kindern mit angeborenen Herzfehlern durch. Mit den Spendengeldern sorgt sie dar\u00fcber hinaus f\u00fcr wichtige Medikamente sowie die medizinisch notwendige Infrastruktur. Mehr erfahren Sie auf der Homepage des Vereins: <a href=\"https:\/\/kinderhilfesansibar.de\/\">https:\/\/kinderhilfesansibar.de\/<\/a><\/p>\n<\/div>\n<p>[\/vc_column_text]<div class=\"wl_einzelbild\"><p><img loading=\"lazy\" decoding=\"async\" class=\"alignnone size-medium wp-image-712\" src=\"https:\/\/weltlaeden.de\/bitz\/wp-content\/uploads\/sites\/203\/2024\/09\/IMG-20240824-WA0001-169x300.jpg\" alt=\"\" width=\"169\" height=\"300\" srcset=\"https:\/\/weltlaeden.de\/bitz\/wp-content\/uploads\/sites\/203\/2024\/09\/IMG-20240824-WA0001-169x300.jpg 169w, https:\/\/weltlaeden.de\/bitz\/wp-content\/uploads\/sites\/203\/2024\/09\/IMG-20240824-WA0001-576x1024.jpg 576w, https:\/\/weltlaeden.de\/bitz\/wp-content\/uploads\/sites\/203\/2024\/09\/IMG-20240824-WA0001-768x1365.jpg 768w, https:\/\/weltlaeden.de\/bitz\/wp-content\/uploads\/sites\/203\/2024\/09\/IMG-20240824-WA0001-864x1536.jpg 864w, https:\/\/weltlaeden.de\/bitz\/wp-content\/uploads\/sites\/203\/2024\/09\/IMG-20240824-WA0001.jpg 900w\" sizes=\"auto, (max-width: 169px) 100vw, 169px\" \/><\/p>\n<p><img loading=\"lazy\" decoding=\"async\" class=\"alignnone size-medium wp-image-710\" src=\"https:\/\/weltlaeden.de\/bitz\/wp-content\/uploads\/sites\/203\/2024\/09\/IMG-20240824-WA0003-300x169.jpg\" alt=\"\" width=\"300\" height=\"169\" srcset=\"https:\/\/weltlaeden.de\/bitz\/wp-content\/uploads\/sites\/203\/2024\/09\/IMG-20240824-WA0003-300x169.jpg 300w, https:\/\/weltlaeden.de\/bitz\/wp-content\/uploads\/sites\/203\/2024\/09\/IMG-20240824-WA0003-1024x576.jpg 1024w, https:\/\/weltlaeden.de\/bitz\/wp-content\/uploads\/sites\/203\/2024\/09\/IMG-20240824-WA0003-768x432.jpg 768w, https:\/\/weltlaeden.de\/bitz\/wp-content\/uploads\/sites\/203\/2024\/09\/IMG-20240824-WA0003-1536x864.jpg 1536w, https:\/\/weltlaeden.de\/bitz\/wp-content\/uploads\/sites\/203\/2024\/09\/IMG-20240824-WA0003.jpg 1600w\" sizes=\"auto, (max-width: 300px) 100vw, 300px\" \/><\/p>\n<p><img loading=\"lazy\" decoding=\"async\" class=\"alignnone size-medium wp-image-711\" src=\"https:\/\/weltlaeden.de\/bitz\/wp-content\/uploads\/sites\/203\/2024\/09\/IMG-20240824-WA0002-169x300.jpg\" alt=\"\" width=\"169\" height=\"300\" srcset=\"https:\/\/weltlaeden.de\/bitz\/wp-content\/uploads\/sites\/203\/2024\/09\/IMG-20240824-WA0002-169x300.jpg 169w, https:\/\/weltlaeden.de\/bitz\/wp-content\/uploads\/sites\/203\/2024\/09\/IMG-20240824-WA0002-576x1024.jpg 576w, https:\/\/weltlaeden.de\/bitz\/wp-content\/uploads\/sites\/203\/2024\/09\/IMG-20240824-WA0002-768x1365.jpg 768w, https:\/\/weltlaeden.de\/bitz\/wp-content\/uploads\/sites\/203\/2024\/09\/IMG-20240824-WA0002-864x1536.jpg 864w, https:\/\/weltlaeden.de\/bitz\/wp-content\/uploads\/sites\/203\/2024\/09\/IMG-20240824-WA0002.jpg 900w\" sizes=\"auto, (max-width: 169px) 100vw, 169px\" \/><\/p>\n<p><img loading=\"lazy\" decoding=\"async\" class=\"alignnone size-medium wp-image-709\" src=\"https:\/\/weltlaeden.de\/bitz\/wp-content\/uploads\/sites\/203\/2024\/09\/IMG-20240824-WA0004-169x300.jpg\" alt=\"\" width=\"169\" height=\"300\" srcset=\"https:\/\/weltlaeden.de\/bitz\/wp-content\/uploads\/sites\/203\/2024\/09\/IMG-20240824-WA0004-169x300.jpg 169w, https:\/\/weltlaeden.de\/bitz\/wp-content\/uploads\/sites\/203\/2024\/09\/IMG-20240824-WA0004-576x1024.jpg 576w, https:\/\/weltlaeden.de\/bitz\/wp-content\/uploads\/sites\/203\/2024\/09\/IMG-20240824-WA0004-768x1365.jpg 768w, https:\/\/weltlaeden.de\/bitz\/wp-content\/uploads\/sites\/203\/2024\/09\/IMG-20240824-WA0004-864x1536.jpg 864w, https:\/\/weltlaeden.de\/bitz\/wp-content\/uploads\/sites\/203\/2024\/09\/IMG-20240824-WA0004.jpg 900w\" sizes=\"auto, (max-width: 169px) 100vw, 169px\" \/><\/p><\/div>[\/vc_column][\/vc_row]<\/p>\n<\/div>","protected":false},"excerpt":{"rendered":"<p>[vc_row][vc_column][vc_empty_space][vc_column_text] \u00dcber den Weltladen Bitz [\/vc_column_text][vc_column_text]Der Weltladen Bitz ist einer von sieben Weltl\u00e4den des Freundeskreis Eine Welt e.V. auf der &#8222;rauhen&#8220; Schw\u00e4bischen Alb. Wir sind ein kleiner Weltladen mit einer sehr treuen Kundschaft. Besonders am Donnerstag, wenn vor dem Rathaus Wochenmarkt ist, treffen sich die Eink\u00e4ufer bei uns zu einer gem\u00fctlichen Tasse Kaffee oder Tee.&hellip;<\/p>\n","protected":false},"author":1,"featured_media":0,"parent":0,"menu_order":6,"comment_status":"closed","ping_status":"closed","template":"","meta":{"footnotes":""},"class_list":["post-219","page","type-page","status-publish","hentry","description-off"],"yoast_head":"<!-- This site is optimized with the Yoast SEO plugin v26.8 - https:\/\/yoast.com\/product\/yoast-seo-wordpress\/ -->\n<title>\u00dcber uns - Weltladen Bitz<\/title>\n<meta name=\"robots\" content=\"index, follow, max-snippet:-1, max-image-preview:large, max-video-preview:-1\" \/>\n<link rel=\"canonical\" href=\"https:\/\/weltlaeden.de\/bitz\/ueber-uns\/\" \/>\n<meta property=\"og:locale\" content=\"de_DE\" \/>\n<meta property=\"og:type\" content=\"article\" \/>\n<meta property=\"og:title\" content=\"\u00dcber uns - Weltladen Bitz\" \/>\n<meta property=\"og:description\" content=\"[vc_row][vc_column][vc_empty_space][vc_column_text] \u00dcber den Weltladen Bitz [\/vc_column_text][vc_column_text]Der Weltladen Bitz ist einer von sieben Weltl\u00e4den des Freundeskreis Eine Welt e.V. auf der &#8222;rauhen&#8220; Schw\u00e4bischen Alb. Wir sind ein kleiner Weltladen mit einer sehr treuen Kundschaft. Besonders am Donnerstag, wenn vor dem Rathaus Wochenmarkt ist, treffen sich die Eink\u00e4ufer bei uns zu einer gem\u00fctlichen Tasse Kaffee oder Tee.&hellip;\" \/>\n<meta property=\"og:url\" content=\"https:\/\/weltlaeden.de\/bitz\/ueber-uns\/\" \/>\n<meta property=\"og:site_name\" content=\"Weltladen Bitz\" \/>\n<meta property=\"article:modified_time\" content=\"2024-09-04T08:50:39+00:00\" \/>\n<meta property=\"og:image\" content=\"https:\/\/weltlaeden.de\/bitz\/wp-content\/uploads\/sites\/203\/2019\/04\/board-game-challenge-chess-209728_1200x519-e1555324787982.png\" \/>\n<meta name=\"twitter:card\" content=\"summary_large_image\" \/>\n<meta name=\"twitter:label1\" content=\"Gesch\u00e4tzte Lesezeit\" \/>\n\t<meta name=\"twitter:data1\" content=\"3\u00a0Minuten\" \/>\n<script type=\"application\/ld+json\" class=\"yoast-schema-graph\">{\"@context\":\"https:\/\/schema.org\",\"@graph\":[{\"@type\":\"WebPage\",\"@id\":\"https:\/\/weltlaeden.de\/bitz\/ueber-uns\/\",\"url\":\"https:\/\/weltlaeden.de\/bitz\/ueber-uns\/\",\"name\":\"\u00dcber uns - Weltladen Bitz\",\"isPartOf\":{\"@id\":\"https:\/\/weltlaeden.de\/bitz\/#website\"},\"primaryImageOfPage\":{\"@id\":\"https:\/\/weltlaeden.de\/bitz\/ueber-uns\/#primaryimage\"},\"image\":{\"@id\":\"https:\/\/weltlaeden.de\/bitz\/ueber-uns\/#primaryimage\"},\"thumbnailUrl\":\"https:\/\/weltlaeden.de\/bitz\/wp-content\/uploads\/sites\/203\/2019\/04\/board-game-challenge-chess-209728_1200x519-e1555324787982.png\",\"datePublished\":\"2016-10-28T11:34:47+00:00\",\"dateModified\":\"2024-09-04T08:50:39+00:00\",\"breadcrumb\":{\"@id\":\"https:\/\/weltlaeden.de\/bitz\/ueber-uns\/#breadcrumb\"},\"inLanguage\":\"de\",\"potentialAction\":[{\"@type\":\"ReadAction\",\"target\":[\"https:\/\/weltlaeden.de\/bitz\/ueber-uns\/\"]}]},{\"@type\":\"ImageObject\",\"inLanguage\":\"de\",\"@id\":\"https:\/\/weltlaeden.de\/bitz\/ueber-uns\/#primaryimage\",\"url\":\"https:\/\/weltlaeden.de\/bitz\/wp-content\/uploads\/sites\/203\/2019\/04\/board-game-challenge-chess-209728_1200x519-e1555324787982.png\",\"contentUrl\":\"https:\/\/weltlaeden.de\/bitz\/wp-content\/uploads\/sites\/203\/2019\/04\/board-game-challenge-chess-209728_1200x519-e1555324787982.png\",\"width\":787,\"height\":340},{\"@type\":\"BreadcrumbList\",\"@id\":\"https:\/\/weltlaeden.de\/bitz\/ueber-uns\/#breadcrumb\",\"itemListElement\":[{\"@type\":\"ListItem\",\"position\":1,\"name\":\"Startseite\",\"item\":\"https:\/\/weltlaeden.de\/bitz\/\"},{\"@type\":\"ListItem\",\"position\":2,\"name\":\"\u00dcber uns\"}]},{\"@type\":\"WebSite\",\"@id\":\"https:\/\/weltlaeden.de\/bitz\/#website\",\"url\":\"https:\/\/weltlaeden.de\/bitz\/\",\"name\":\"Weltladen Bitz\",\"description\":\"Faire Produkte seit 1990\",\"potentialAction\":[{\"@type\":\"SearchAction\",\"target\":{\"@type\":\"EntryPoint\",\"urlTemplate\":\"https:\/\/weltlaeden.de\/bitz\/?s={search_term_string}\"},\"query-input\":{\"@type\":\"PropertyValueSpecification\",\"valueRequired\":true,\"valueName\":\"search_term_string\"}}],\"inLanguage\":\"de\"}]}<\/script>\n<!-- \/ Yoast SEO plugin. -->","yoast_head_json":{"title":"\u00dcber uns - Weltladen Bitz","robots":{"index":"index","follow":"follow","max-snippet":"max-snippet:-1","max-image-preview":"max-image-preview:large","max-video-preview":"max-video-preview:-1"},"canonical":"https:\/\/weltlaeden.de\/bitz\/ueber-uns\/","og_locale":"de_DE","og_type":"article","og_title":"\u00dcber uns - Weltladen Bitz","og_description":"[vc_row][vc_column][vc_empty_space][vc_column_text] \u00dcber den Weltladen Bitz [\/vc_column_text][vc_column_text]Der Weltladen Bitz ist einer von sieben Weltl\u00e4den des Freundeskreis Eine Welt e.V. auf der &#8222;rauhen&#8220; Schw\u00e4bischen Alb. Wir sind ein kleiner Weltladen mit einer sehr treuen Kundschaft. Besonders am Donnerstag, wenn vor dem Rathaus Wochenmarkt ist, treffen sich die Eink\u00e4ufer bei uns zu einer gem\u00fctlichen Tasse Kaffee oder Tee.&hellip;","og_url":"https:\/\/weltlaeden.de\/bitz\/ueber-uns\/","og_site_name":"Weltladen Bitz","article_modified_time":"2024-09-04T08:50:39+00:00","og_image":[{"url":"https:\/\/weltlaeden.de\/bitz\/wp-content\/uploads\/sites\/203\/2019\/04\/board-game-challenge-chess-209728_1200x519-e1555324787982.png","type":"","width":"","height":""}],"twitter_card":"summary_large_image","twitter_misc":{"Gesch\u00e4tzte Lesezeit":"3\u00a0Minuten"},"schema":{"@context":"https:\/\/schema.org","@graph":[{"@type":"WebPage","@id":"https:\/\/weltlaeden.de\/bitz\/ueber-uns\/","url":"https:\/\/weltlaeden.de\/bitz\/ueber-uns\/","name":"\u00dcber uns - Weltladen Bitz","isPartOf":{"@id":"https:\/\/weltlaeden.de\/bitz\/#website"},"primaryImageOfPage":{"@id":"https:\/\/weltlaeden.de\/bitz\/ueber-uns\/#primaryimage"},"image":{"@id":"https:\/\/weltlaeden.de\/bitz\/ueber-uns\/#primaryimage"},"thumbnailUrl":"https:\/\/weltlaeden.de\/bitz\/wp-content\/uploads\/sites\/203\/2019\/04\/board-game-challenge-chess-209728_1200x519-e1555324787982.png","datePublished":"2016-10-28T11:34:47+00:00","dateModified":"2024-09-04T08:50:39+00:00","breadcrumb":{"@id":"https:\/\/weltlaeden.de\/bitz\/ueber-uns\/#breadcrumb"},"inLanguage":"de","potentialAction":[{"@type":"ReadAction","target":["https:\/\/weltlaeden.de\/bitz\/ueber-uns\/"]}]},{"@type":"ImageObject","inLanguage":"de","@id":"https:\/\/weltlaeden.de\/bitz\/ueber-uns\/#primaryimage","url":"https:\/\/weltlaeden.de\/bitz\/wp-content\/uploads\/sites\/203\/2019\/04\/board-game-challenge-chess-209728_1200x519-e1555324787982.png","contentUrl":"https:\/\/weltlaeden.de\/bitz\/wp-content\/uploads\/sites\/203\/2019\/04\/board-game-challenge-chess-209728_1200x519-e1555324787982.png","width":787,"height":340},{"@type":"BreadcrumbList","@id":"https:\/\/weltlaeden.de\/bitz\/ueber-uns\/#breadcrumb","itemListElement":[{"@type":"ListItem","position":1,"name":"Startseite","item":"https:\/\/weltlaeden.de\/bitz\/"},{"@type":"ListItem","position":2,"name":"\u00dcber uns"}]},{"@type":"WebSite","@id":"https:\/\/weltlaeden.de\/bitz\/#website","url":"https:\/\/weltlaeden.de\/bitz\/","name":"Weltladen Bitz","description":"Faire Produkte seit 1990","potentialAction":[{"@type":"SearchAction","target":{"@type":"EntryPoint","urlTemplate":"https:\/\/weltlaeden.de\/bitz\/?s={search_term_string}"},"query-input":{"@type":"PropertyValueSpecification","valueRequired":true,"valueName":"search_term_string"}}],"inLanguage":"de"}]}},"_links":{"self":[{"href":"https:\/\/weltlaeden.de\/bitz\/wp-json\/wp\/v2\/pages\/219","targetHints":{"allow":["GET"]}}],"collection":[{"href":"https:\/\/weltlaeden.de\/bitz\/wp-json\/wp\/v2\/pages"}],"about":[{"href":"https:\/\/weltlaeden.de\/bitz\/wp-json\/wp\/v2\/types\/page"}],"author":[{"embeddable":true,"href":"https:\/\/weltlaeden.de\/bitz\/wp-json\/wp\/v2\/users\/1"}],"replies":[{"embeddable":true,"href":"https:\/\/weltlaeden.de\/bitz\/wp-json\/wp\/v2\/comments?post=219"}],"version-history":[{"count":13,"href":"https:\/\/weltlaeden.de\/bitz\/wp-json\/wp\/v2\/pages\/219\/revisions"}],"predecessor-version":[{"id":713,"href":"https:\/\/weltlaeden.de\/bitz\/wp-json\/wp\/v2\/pages\/219\/revisions\/713"}],"wp:attachment":[{"href":"https:\/\/weltlaeden.de\/bitz\/wp-json\/wp\/v2\/media?parent=219"}],"curies":[{"name":"wp","href":"https:\/\/api.w.org\/{rel}","templated":true}]}}