{"id":217,"date":"2016-10-28T13:34:47","date_gmt":"2016-10-28T11:34:47","guid":{"rendered":"https:\/\/wl.heimpixel.de\/vorlage\/produkte\/"},"modified":"2023-09-18T20:48:01","modified_gmt":"2023-09-18T18:48:01","slug":"produkte","status":"publish","type":"page","link":"https:\/\/weltlaeden.de\/bitz\/produkte\/","title":{"rendered":"Produkte"},"content":{"rendered":"<div class=\"wpb-content-wrapper\"><p>[vc_row][vc_column]<div class=\"wl_einzelbild\"><p><\/p><\/div>[vc_empty_space][vc_column_text]<\/p>\n<h1>Unser Sortiment<\/h1>\n<p>[\/vc_column_text][vc_column_text]Im Weltladen Bitz finden Sie viele Grundnahrungsmittel wie Reis und Nudeln, kleine K\u00f6stlichkeiten wie Kekse und Schokolade, sowie Wein, Kaffee und Tee f\u00fcr harmonische Stunden. Fair und sch\u00f6n sind auch Schmuck, K\u00f6rbe und Deko.<\/p>\n<p>Sehr gerne stellen wir Ihnen auch einen individuellen Geschenkkorb zusammen, den wir liebevoll f\u00fcr Sie verpacken.<\/p>\n<p>Und noch eine weitere Besonderheit bieten wir unseren Kunden an: Sie d\u00fcrfen sich jederzeit aus unseren verschiedenen Katalogen Ihr fair gehandeltes Wunschobjekt aussuchen, das wir f\u00fcr Sie bestellen.[\/vc_column_text][vc_empty_space][vc_row_inner][vc_column_inner width=&#8220;1\/2&#8243;][vc_column_text]<\/p>\n<h2>Lebensmittel<\/h2>\n<p>[\/vc_column_text]<div class=\"wl_einzelbild\"><p><img loading=\"lazy\" decoding=\"async\" class=\"aligncenter wp-image-618\" src=\"https:\/\/weltlaeden.de\/bitz\/wp-content\/uploads\/sites\/203\/2023\/08\/IMG_20230813_203028-300x200.jpg\" alt=\"\" width=\"900\" height=\"600\" srcset=\"https:\/\/weltlaeden.de\/bitz\/wp-content\/uploads\/sites\/203\/2023\/08\/IMG_20230813_203028-300x200.jpg 300w, https:\/\/weltlaeden.de\/bitz\/wp-content\/uploads\/sites\/203\/2023\/08\/IMG_20230813_203028-1024x683.jpg 1024w, https:\/\/weltlaeden.de\/bitz\/wp-content\/uploads\/sites\/203\/2023\/08\/IMG_20230813_203028-768x512.jpg 768w, https:\/\/weltlaeden.de\/bitz\/wp-content\/uploads\/sites\/203\/2023\/08\/IMG_20230813_203028.jpg 1080w\" sizes=\"auto, (max-width: 900px) 100vw, 900px\" \/><\/p><\/div>[vc_column_text]Zu unserem fairen und h\u00e4ufig \u00f6kologischen Lebensmittel-Sortiment geh\u00f6ren:<\/p>\n<ul>\n<li>Kaffee<\/li>\n<li>Tee<\/li>\n<li>Schokolade<\/li>\n<li>Kekse<\/li>\n<li>Riegel<\/li>\n<li>Honig<\/li>\n<li>Saft<\/li>\n<li>Wein<\/li>\n<li>Sekt<\/li>\n<li>Trockenfr\u00fcchte<\/li>\n<li>N\u00fcsse<\/li>\n<li>Gew\u00fcrze<\/li>\n<li>Zucker<\/li>\n<li>\u00d6l<\/li>\n<li>Saucen<\/li>\n<li>Nudeln<\/li>\n<li>Reis<\/li>\n<li>Bananen<\/li>\n<li>und vieles mehr&#8230;<\/li>\n<\/ul>\n<p>[\/vc_column_text][\/vc_column_inner][vc_column_inner width=&#8220;1\/2&#8243;][vc_column_text]<\/p>\n<h2>Kunsthandwerk &amp; Textilien<\/h2>\n<p>[\/vc_column_text]<div class=\"wl_einzelbild\"><p><img loading=\"lazy\" decoding=\"async\" class=\"aligncenter wp-image-609\" src=\"https:\/\/weltlaeden.de\/bitz\/wp-content\/uploads\/sites\/203\/2023\/08\/IMG-20230708-WA0026-1024x684.jpg\" alt=\"\" width=\"898\" height=\"600\" srcset=\"https:\/\/weltlaeden.de\/bitz\/wp-content\/uploads\/sites\/203\/2023\/08\/IMG-20230708-WA0026-1024x684.jpg 1024w, https:\/\/weltlaeden.de\/bitz\/wp-content\/uploads\/sites\/203\/2023\/08\/IMG-20230708-WA0026-300x200.jpg 300w, https:\/\/weltlaeden.de\/bitz\/wp-content\/uploads\/sites\/203\/2023\/08\/IMG-20230708-WA0026-768x513.jpg 768w, https:\/\/weltlaeden.de\/bitz\/wp-content\/uploads\/sites\/203\/2023\/08\/IMG-20230708-WA0026-1536x1027.jpg 1536w, https:\/\/weltlaeden.de\/bitz\/wp-content\/uploads\/sites\/203\/2023\/08\/IMG-20230708-WA0026.jpg 1616w\" sizes=\"auto, (max-width: 898px) 100vw, 898px\" \/><\/p><\/div>[vc_column_text]Dar\u00fcber hinaus f\u00fchren wir Kunsthandwerk und Geschenke:<\/p>\n<ul>\n<li>Seife<\/li>\n<li>Zahnb\u00fcrsten<\/li>\n<li>K\u00f6rbe<\/li>\n<li>Schmuck<\/li>\n<li>Schals und T\u00fccher<\/li>\n<li>Gru\u00dfkarten<\/li>\n<li>eine feine Auswahl an Kleidungsst\u00fccken<\/li>\n<li>und was das Herz noch begehrt&#8230;<\/li>\n<\/ul>\n<p>[\/vc_column_text][\/vc_column_inner][\/vc_row_inner][\/vc_column][\/vc_row][vc_row][vc_column][vc_empty_space][vc_separator][vc_empty_space][vc_column_text]<\/p>\n<h2>Weitere Impressionen unseres Produktsortiments<\/h2>\n<p>[\/vc_column_text][vc_single_image image=&#8220;640&#8243; img_size=&#8220;full&#8220;][vc_single_image image=&#8220;643&#8243; img_size=&#8220;full&#8220;][vc_single_image image=&#8220;642&#8243; img_size=&#8220;full&#8220;][vc_single_image image=&#8220;639&#8243; img_size=&#8220;full&#8220;][vc_single_image image=&#8220;638&#8243; img_size=&#8220;full&#8220;][vc_single_image image=&#8220;637&#8243; img_size=&#8220;full&#8220;][\/vc_column][\/vc_row]<\/p>\n<\/div>","protected":false},"excerpt":{"rendered":"<p>[vc_row][vc_column][vc_empty_space][vc_column_text] Unser Sortiment [\/vc_column_text][vc_column_text]Im Weltladen Bitz finden Sie viele Grundnahrungsmittel wie Reis und Nudeln, kleine K\u00f6stlichkeiten wie Kekse und Schokolade, sowie Wein, Kaffee und Tee f\u00fcr harmonische Stunden. Fair und sch\u00f6n sind auch Schmuck, K\u00f6rbe und Deko. Sehr gerne stellen wir Ihnen auch einen individuellen Geschenkkorb zusammen, den wir liebevoll f\u00fcr Sie verpacken. Und noch&hellip;<\/p>\n","protected":false},"author":1,"featured_media":0,"parent":0,"menu_order":5,"comment_status":"closed","ping_status":"closed","template":"","meta":{"footnotes":""},"class_list":["post-217","page","type-page","status-publish","hentry","description-off"],"yoast_head":"<!-- This site is optimized with the Yoast SEO plugin v26.8 - https:\/\/yoast.com\/product\/yoast-seo-wordpress\/ -->\n<title>Produkte - Weltladen Bitz<\/title>\n<meta name=\"robots\" content=\"index, follow, max-snippet:-1, max-image-preview:large, max-video-preview:-1\" \/>\n<link rel=\"canonical\" href=\"https:\/\/weltlaeden.de\/bitz\/produkte\/\" \/>\n<meta property=\"og:locale\" content=\"de_DE\" \/>\n<meta property=\"og:type\" content=\"article\" \/>\n<meta property=\"og:title\" content=\"Produkte - Weltladen Bitz\" \/>\n<meta property=\"og:description\" content=\"[vc_row][vc_column][vc_empty_space][vc_column_text] Unser Sortiment [\/vc_column_text][vc_column_text]Im Weltladen Bitz finden Sie viele Grundnahrungsmittel wie Reis und Nudeln, kleine K\u00f6stlichkeiten wie Kekse und Schokolade, sowie Wein, Kaffee und Tee f\u00fcr harmonische Stunden. Fair und sch\u00f6n sind auch Schmuck, K\u00f6rbe und Deko. Sehr gerne stellen wir Ihnen auch einen individuellen Geschenkkorb zusammen, den wir liebevoll f\u00fcr Sie verpacken. Und noch&hellip;\" \/>\n<meta property=\"og:url\" content=\"https:\/\/weltlaeden.de\/bitz\/produkte\/\" \/>\n<meta property=\"og:site_name\" content=\"Weltladen Bitz\" \/>\n<meta property=\"article:modified_time\" content=\"2023-09-18T18:48:01+00:00\" \/>\n<meta property=\"og:image\" content=\"https:\/\/weltlaeden.de\/bitz\/wp-content\/uploads\/sites\/203\/2023\/08\/IMG_20230813_203028-300x200.jpg\" \/>\n<meta name=\"twitter:card\" content=\"summary_large_image\" \/>\n<meta name=\"twitter:label1\" content=\"Gesch\u00e4tzte Lesezeit\" \/>\n\t<meta name=\"twitter:data1\" content=\"2\u00a0Minuten\" \/>\n<script type=\"application\/ld+json\" class=\"yoast-schema-graph\">{\"@context\":\"https:\/\/schema.org\",\"@graph\":[{\"@type\":\"WebPage\",\"@id\":\"https:\/\/weltlaeden.de\/bitz\/produkte\/\",\"url\":\"https:\/\/weltlaeden.de\/bitz\/produkte\/\",\"name\":\"Produkte - Weltladen Bitz\",\"isPartOf\":{\"@id\":\"https:\/\/weltlaeden.de\/bitz\/#website\"},\"primaryImageOfPage\":{\"@id\":\"https:\/\/weltlaeden.de\/bitz\/produkte\/#primaryimage\"},\"image\":{\"@id\":\"https:\/\/weltlaeden.de\/bitz\/produkte\/#primaryimage\"},\"thumbnailUrl\":\"https:\/\/weltlaeden.de\/bitz\/wp-content\/uploads\/sites\/203\/2023\/08\/IMG_20230813_203028-300x200.jpg\",\"datePublished\":\"2016-10-28T11:34:47+00:00\",\"dateModified\":\"2023-09-18T18:48:01+00:00\",\"breadcrumb\":{\"@id\":\"https:\/\/weltlaeden.de\/bitz\/produkte\/#breadcrumb\"},\"inLanguage\":\"de\",\"potentialAction\":[{\"@type\":\"ReadAction\",\"target\":[\"https:\/\/weltlaeden.de\/bitz\/produkte\/\"]}]},{\"@type\":\"ImageObject\",\"inLanguage\":\"de\",\"@id\":\"https:\/\/weltlaeden.de\/bitz\/produkte\/#primaryimage\",\"url\":\"https:\/\/weltlaeden.de\/bitz\/wp-content\/uploads\/sites\/203\/2023\/08\/IMG_20230813_203028.jpg\",\"contentUrl\":\"https:\/\/weltlaeden.de\/bitz\/wp-content\/uploads\/sites\/203\/2023\/08\/IMG_20230813_203028.jpg\",\"width\":1080,\"height\":720},{\"@type\":\"BreadcrumbList\",\"@id\":\"https:\/\/weltlaeden.de\/bitz\/produkte\/#breadcrumb\",\"itemListElement\":[{\"@type\":\"ListItem\",\"position\":1,\"name\":\"Startseite\",\"item\":\"https:\/\/weltlaeden.de\/bitz\/\"},{\"@type\":\"ListItem\",\"position\":2,\"name\":\"Produkte\"}]},{\"@type\":\"WebSite\",\"@id\":\"https:\/\/weltlaeden.de\/bitz\/#website\",\"url\":\"https:\/\/weltlaeden.de\/bitz\/\",\"name\":\"Weltladen Bitz\",\"description\":\"Faire Produkte seit 1990\",\"potentialAction\":[{\"@type\":\"SearchAction\",\"target\":{\"@type\":\"EntryPoint\",\"urlTemplate\":\"https:\/\/weltlaeden.de\/bitz\/?s={search_term_string}\"},\"query-input\":{\"@type\":\"PropertyValueSpecification\",\"valueRequired\":true,\"valueName\":\"search_term_string\"}}],\"inLanguage\":\"de\"}]}<\/script>\n<!-- \/ Yoast SEO plugin. -->","yoast_head_json":{"title":"Produkte - Weltladen Bitz","robots":{"index":"index","follow":"follow","max-snippet":"max-snippet:-1","max-image-preview":"max-image-preview:large","max-video-preview":"max-video-preview:-1"},"canonical":"https:\/\/weltlaeden.de\/bitz\/produkte\/","og_locale":"de_DE","og_type":"article","og_title":"Produkte - Weltladen Bitz","og_description":"[vc_row][vc_column][vc_empty_space][vc_column_text] Unser Sortiment [\/vc_column_text][vc_column_text]Im Weltladen Bitz finden Sie viele Grundnahrungsmittel wie Reis und Nudeln, kleine K\u00f6stlichkeiten wie Kekse und Schokolade, sowie Wein, Kaffee und Tee f\u00fcr harmonische Stunden. Fair und sch\u00f6n sind auch Schmuck, K\u00f6rbe und Deko. Sehr gerne stellen wir Ihnen auch einen individuellen Geschenkkorb zusammen, den wir liebevoll f\u00fcr Sie verpacken. Und noch&hellip;","og_url":"https:\/\/weltlaeden.de\/bitz\/produkte\/","og_site_name":"Weltladen Bitz","article_modified_time":"2023-09-18T18:48:01+00:00","og_image":[{"url":"https:\/\/weltlaeden.de\/bitz\/wp-content\/uploads\/sites\/203\/2023\/08\/IMG_20230813_203028-300x200.jpg","type":"","width":"","height":""}],"twitter_card":"summary_large_image","twitter_misc":{"Gesch\u00e4tzte Lesezeit":"2\u00a0Minuten"},"schema":{"@context":"https:\/\/schema.org","@graph":[{"@type":"WebPage","@id":"https:\/\/weltlaeden.de\/bitz\/produkte\/","url":"https:\/\/weltlaeden.de\/bitz\/produkte\/","name":"Produkte - Weltladen Bitz","isPartOf":{"@id":"https:\/\/weltlaeden.de\/bitz\/#website"},"primaryImageOfPage":{"@id":"https:\/\/weltlaeden.de\/bitz\/produkte\/#primaryimage"},"image":{"@id":"https:\/\/weltlaeden.de\/bitz\/produkte\/#primaryimage"},"thumbnailUrl":"https:\/\/weltlaeden.de\/bitz\/wp-content\/uploads\/sites\/203\/2023\/08\/IMG_20230813_203028-300x200.jpg","datePublished":"2016-10-28T11:34:47+00:00","dateModified":"2023-09-18T18:48:01+00:00","breadcrumb":{"@id":"https:\/\/weltlaeden.de\/bitz\/produkte\/#breadcrumb"},"inLanguage":"de","potentialAction":[{"@type":"ReadAction","target":["https:\/\/weltlaeden.de\/bitz\/produkte\/"]}]},{"@type":"ImageObject","inLanguage":"de","@id":"https:\/\/weltlaeden.de\/bitz\/produkte\/#primaryimage","url":"https:\/\/weltlaeden.de\/bitz\/wp-content\/uploads\/sites\/203\/2023\/08\/IMG_20230813_203028.jpg","contentUrl":"https:\/\/weltlaeden.de\/bitz\/wp-content\/uploads\/sites\/203\/2023\/08\/IMG_20230813_203028.jpg","width":1080,"height":720},{"@type":"BreadcrumbList","@id":"https:\/\/weltlaeden.de\/bitz\/produkte\/#breadcrumb","itemListElement":[{"@type":"ListItem","position":1,"name":"Startseite","item":"https:\/\/weltlaeden.de\/bitz\/"},{"@type":"ListItem","position":2,"name":"Produkte"}]},{"@type":"WebSite","@id":"https:\/\/weltlaeden.de\/bitz\/#website","url":"https:\/\/weltlaeden.de\/bitz\/","name":"Weltladen Bitz","description":"Faire Produkte seit 1990","potentialAction":[{"@type":"SearchAction","target":{"@type":"EntryPoint","urlTemplate":"https:\/\/weltlaeden.de\/bitz\/?s={search_term_string}"},"query-input":{"@type":"PropertyValueSpecification","valueRequired":true,"valueName":"search_term_string"}}],"inLanguage":"de"}]}},"_links":{"self":[{"href":"https:\/\/weltlaeden.de\/bitz\/wp-json\/wp\/v2\/pages\/217","targetHints":{"allow":["GET"]}}],"collection":[{"href":"https:\/\/weltlaeden.de\/bitz\/wp-json\/wp\/v2\/pages"}],"about":[{"href":"https:\/\/weltlaeden.de\/bitz\/wp-json\/wp\/v2\/types\/page"}],"author":[{"embeddable":true,"href":"https:\/\/weltlaeden.de\/bitz\/wp-json\/wp\/v2\/users\/1"}],"replies":[{"embeddable":true,"href":"https:\/\/weltlaeden.de\/bitz\/wp-json\/wp\/v2\/comments?post=217"}],"version-history":[{"count":21,"href":"https:\/\/weltlaeden.de\/bitz\/wp-json\/wp\/v2\/pages\/217\/revisions"}],"predecessor-version":[{"id":647,"href":"https:\/\/weltlaeden.de\/bitz\/wp-json\/wp\/v2\/pages\/217\/revisions\/647"}],"wp:attachment":[{"href":"https:\/\/weltlaeden.de\/bitz\/wp-json\/wp\/v2\/media?parent=217"}],"curies":[{"name":"wp","href":"https:\/\/api.w.org\/{rel}","templated":true}]}}