{"id":662,"date":"2024-06-26T23:05:38","date_gmt":"2024-06-26T21:05:38","guid":{"rendered":"https:\/\/weltlaeden.de\/biberach\/ueber-uns-2-2\/"},"modified":"2024-07-17T22:57:57","modified_gmt":"2024-07-17T20:57:57","slug":"ueber-uns-2-2","status":"publish","type":"page","link":"https:\/\/weltlaeden.de\/biberach\/ueber-uns-2-2\/","title":{"rendered":"Fairtrade-Stadt Biberach"},"content":{"rendered":"<div class=\"wpb-content-wrapper\"><p>[vc_row][vc_column][vc_empty_space height=&#8220;20px&#8220;][vc_column_text css=&#8220;&#8220;]<\/p>\n<h1>Fairtrade Stadt Biberach<\/h1>\n<p>[\/vc_column_text][vc_empty_space height=&#8220;20px&#8220;]<div class=\"wl_einzelbild\"><p><\/p>\n<h2><a href=\"https:\/\/weltlaeden.de\/biberach\/wp-content\/uploads\/sites\/49\/2024\/06\/FAIR_einkaufen_-_Guide.pdf\">FAIR einkaufen &#8211; Guide der Stadt Biberach<\/a><\/h2>\n<p><\/p><\/div>[vc_empty_space height=&#8220;20px&#8220;][vc_column_text css=&#8220;&#8220;]<\/p>\n<div>\n<p>Bereits seit Oktober 2012 darf sich Biberach \u201eFairtrade-Stadt\u201c nennen. Zuletzt wurde die Stadt 2018 erneut zertifiziert. Alle f\u00fcnf Kriterien der Fairtrade-Towns-Kampagne werden weiterhin erf\u00fcllt. Die Mitglieder der AG \u00d6ffentlichkeitsarbeit und gleichzeitig der Steuerungsgruppe Fairtrade-Stadt Biberach waren f\u00fcr die Verl\u00e4ngerung der Auszeichnung verantwortlich. Die Projekt-Steuerungsgruppe koordiniert alle Aktivit\u00e4ten. Im Rathaus wird die \u201eBiber-Bohne\u201c, ein fair gehandelter Kaffee, getrunken. In Lebensmittelgesch\u00e4ften und Gastronomiebetrieben werden Fairtrade-Produkte angeboten. Sowohl verschiedene Schulen als auch Kirchen und Vereine engagieren sich in der Sache. \u00dcber eine gezielte \u00d6ffentlichkeitsarbeit wird regelm\u00e4\u00dfig Werbung f\u00fcr den fairen Handel gemacht. Gemeinsames Ziel ist es, dass m\u00f6glichst viele B\u00fcrgerinnen und B\u00fcrger der Stadt Produkte aus fairem Handel konsumieren. Dar\u00fcber hinaus soll das Bewusstsein f\u00fcr Fair-Trade verst\u00e4rkt ausgepr\u00e4gt werden. Die Fairtrade-Towns Kampagne bietet der Stadt Biberach auch konkrete Handlungsoptionen zur Umsetzung der nachhaltigen Entwicklungsziele der Vereinten Nation (Sustainable Development Goals \u2013 SDGs), die 2015 verabschiedet wurden. Unter dem Motto \u201eglobal denken, lokal handeln\u201c leistet die Stadt mit ihrem Engagement dazu einen Beitrag.<\/p>\n<\/div>\n<p>[\/vc_column_text][vc_empty_space height=&#8220;20px&#8220;][vc_column_text css=&#8220;&#8220;]Fairtrade-Stadt zu werden bedeutet, ein konkretes Zeichen f\u00fcr eine gerechtere Welt zu setzen. Produzenten in Lateinamerika, Afrika und Asien sollen einen besseren, fairen Preis f\u00fcr ihre Produkte bekommen, damit sie mit ihren Familien ein menschenw\u00fcrdiges Leben f\u00fchren k\u00f6nnen. Die Abwanderung der Kleinbauern und ihrer Familien in die Slums der gro\u00dfen St\u00e4dte und ihre Verelendung kann verhindert werden, denn der faire Handel f\u00f6rdert gezielt die besonders benachteiligten kleinb\u00e4uerlichen Familien und deren Selbsthilfe-Initiativen. Die Betriebe und Plantagen verpflichten sich zur Einhaltung von sozialen und \u00f6kologischen Mindeststandards. Sozialprojekte wie Schulen, Gemeinschaftsr\u00e4ume, Brunnen, Apotheken und vieles mehr k\u00f6nnen durch das zus\u00e4tzliche Einkommen finanziert werden. F\u00fcr den Endverbraucher macht sich das oft nur in einem geringf\u00fcgigen Mehrpreis bemerkbar.[\/vc_column_text][vc_empty_space height=&#8220;20px&#8220;][vc_column_text css=&#8220;&#8220;]<\/p>\n<h2>Infos \u00fcber die Fairtrade-Towns gibt es unter <a class=\"csslink_extern\" title=\"Externer Link\" href=\"http:\/\/www.fairtrade-towns.de\" target=\"_blank\" rel=\"noopener\">www.fairtrade-towns.de<\/a><\/h2>\n<p>[\/vc_column_text][vc_empty_space height=&#8220;20px&#8220;][\/vc_column][\/vc_row][vc_row][vc_column][\/vc_column][\/vc_row][vc_row][vc_column][\/vc_column][\/vc_row]<\/p>\n<\/div>","protected":false},"excerpt":{"rendered":"<p>[vc_row][vc_column][vc_empty_space height=&#8220;20px&#8220;][vc_column_text css=&#8220;&#8220;] Fairtrade Stadt Biberach [\/vc_column_text][vc_empty_space height=&#8220;20px&#8220;][vc_empty_space height=&#8220;20px&#8220;][vc_column_text css=&#8220;&#8220;] Bereits seit Oktober 2012 darf sich Biberach \u201eFairtrade-Stadt\u201c nennen. Zuletzt wurde die Stadt 2018 erneut zertifiziert. Alle f\u00fcnf Kriterien der Fairtrade-Towns-Kampagne werden weiterhin erf\u00fcllt. Die Mitglieder der AG \u00d6ffentlichkeitsarbeit und gleichzeitig der Steuerungsgruppe Fairtrade-Stadt Biberach waren f\u00fcr die Verl\u00e4ngerung der Auszeichnung verantwortlich. Die Projekt-Steuerungsgruppe koordiniert&hellip;<\/p>\n","protected":false},"author":14,"featured_media":0,"parent":0,"menu_order":6,"comment_status":"closed","ping_status":"closed","template":"","meta":{"footnotes":""},"class_list":["post-662","page","type-page","status-publish","hentry","description-off"],"yoast_head":"<!-- This site is optimized with the Yoast SEO plugin v26.8 - https:\/\/yoast.com\/product\/yoast-seo-wordpress\/ -->\n<title>Fairtrade-Stadt Biberach - Weltladen Biberach<\/title>\n<meta name=\"robots\" content=\"index, follow, max-snippet:-1, max-image-preview:large, max-video-preview:-1\" \/>\n<link rel=\"canonical\" href=\"https:\/\/weltlaeden.de\/biberach\/ueber-uns-2-2\/\" \/>\n<meta property=\"og:locale\" content=\"de_DE\" \/>\n<meta property=\"og:type\" content=\"article\" \/>\n<meta property=\"og:title\" content=\"Fairtrade-Stadt Biberach - Weltladen Biberach\" \/>\n<meta property=\"og:description\" content=\"[vc_row][vc_column][vc_empty_space height=&#8220;20px&#8220;][vc_column_text css=&#8220;&#8220;] Fairtrade Stadt Biberach [\/vc_column_text][vc_empty_space height=&#8220;20px&#8220;][vc_empty_space height=&#8220;20px&#8220;][vc_column_text css=&#8220;&#8220;] Bereits seit Oktober 2012 darf sich Biberach \u201eFairtrade-Stadt\u201c nennen. Zuletzt wurde die Stadt 2018 erneut zertifiziert. Alle f\u00fcnf Kriterien der Fairtrade-Towns-Kampagne werden weiterhin erf\u00fcllt. Die Mitglieder der AG \u00d6ffentlichkeitsarbeit und gleichzeitig der Steuerungsgruppe Fairtrade-Stadt Biberach waren f\u00fcr die Verl\u00e4ngerung der Auszeichnung verantwortlich. Die Projekt-Steuerungsgruppe koordiniert&hellip;\" \/>\n<meta property=\"og:url\" content=\"https:\/\/weltlaeden.de\/biberach\/ueber-uns-2-2\/\" \/>\n<meta property=\"og:site_name\" content=\"Weltladen Biberach\" \/>\n<meta property=\"article:modified_time\" content=\"2024-07-17T20:57:57+00:00\" \/>\n<meta name=\"twitter:card\" content=\"summary_large_image\" \/>\n<meta name=\"twitter:label1\" content=\"Gesch\u00e4tzte Lesezeit\" \/>\n\t<meta name=\"twitter:data1\" content=\"2\u00a0Minuten\" \/>\n<script type=\"application\/ld+json\" class=\"yoast-schema-graph\">{\"@context\":\"https:\/\/schema.org\",\"@graph\":[{\"@type\":\"WebPage\",\"@id\":\"https:\/\/weltlaeden.de\/biberach\/ueber-uns-2-2\/\",\"url\":\"https:\/\/weltlaeden.de\/biberach\/ueber-uns-2-2\/\",\"name\":\"Fairtrade-Stadt Biberach - Weltladen Biberach\",\"isPartOf\":{\"@id\":\"https:\/\/weltlaeden.de\/biberach\/#website\"},\"datePublished\":\"2024-06-26T21:05:38+00:00\",\"dateModified\":\"2024-07-17T20:57:57+00:00\",\"breadcrumb\":{\"@id\":\"https:\/\/weltlaeden.de\/biberach\/ueber-uns-2-2\/#breadcrumb\"},\"inLanguage\":\"de\",\"potentialAction\":[{\"@type\":\"ReadAction\",\"target\":[\"https:\/\/weltlaeden.de\/biberach\/ueber-uns-2-2\/\"]}]},{\"@type\":\"BreadcrumbList\",\"@id\":\"https:\/\/weltlaeden.de\/biberach\/ueber-uns-2-2\/#breadcrumb\",\"itemListElement\":[{\"@type\":\"ListItem\",\"position\":1,\"name\":\"Startseite\",\"item\":\"https:\/\/weltlaeden.de\/biberach\/\"},{\"@type\":\"ListItem\",\"position\":2,\"name\":\"Fairtrade-Stadt Biberach\"}]},{\"@type\":\"WebSite\",\"@id\":\"https:\/\/weltlaeden.de\/biberach\/#website\",\"url\":\"https:\/\/weltlaeden.de\/biberach\/\",\"name\":\"Vorlage\",\"description\":\"Faire Produkte seit 1981\",\"potentialAction\":[{\"@type\":\"SearchAction\",\"target\":{\"@type\":\"EntryPoint\",\"urlTemplate\":\"https:\/\/weltlaeden.de\/biberach\/?s={search_term_string}\"},\"query-input\":{\"@type\":\"PropertyValueSpecification\",\"valueRequired\":true,\"valueName\":\"search_term_string\"}}],\"inLanguage\":\"de\"}]}<\/script>\n<!-- \/ Yoast SEO plugin. -->","yoast_head_json":{"title":"Fairtrade-Stadt Biberach - Weltladen Biberach","robots":{"index":"index","follow":"follow","max-snippet":"max-snippet:-1","max-image-preview":"max-image-preview:large","max-video-preview":"max-video-preview:-1"},"canonical":"https:\/\/weltlaeden.de\/biberach\/ueber-uns-2-2\/","og_locale":"de_DE","og_type":"article","og_title":"Fairtrade-Stadt Biberach - Weltladen Biberach","og_description":"[vc_row][vc_column][vc_empty_space height=&#8220;20px&#8220;][vc_column_text css=&#8220;&#8220;] Fairtrade Stadt Biberach [\/vc_column_text][vc_empty_space height=&#8220;20px&#8220;][vc_empty_space height=&#8220;20px&#8220;][vc_column_text css=&#8220;&#8220;] Bereits seit Oktober 2012 darf sich Biberach \u201eFairtrade-Stadt\u201c nennen. Zuletzt wurde die Stadt 2018 erneut zertifiziert. Alle f\u00fcnf Kriterien der Fairtrade-Towns-Kampagne werden weiterhin erf\u00fcllt. Die Mitglieder der AG \u00d6ffentlichkeitsarbeit und gleichzeitig der Steuerungsgruppe Fairtrade-Stadt Biberach waren f\u00fcr die Verl\u00e4ngerung der Auszeichnung verantwortlich. Die Projekt-Steuerungsgruppe koordiniert&hellip;","og_url":"https:\/\/weltlaeden.de\/biberach\/ueber-uns-2-2\/","og_site_name":"Weltladen Biberach","article_modified_time":"2024-07-17T20:57:57+00:00","twitter_card":"summary_large_image","twitter_misc":{"Gesch\u00e4tzte Lesezeit":"2\u00a0Minuten"},"schema":{"@context":"https:\/\/schema.org","@graph":[{"@type":"WebPage","@id":"https:\/\/weltlaeden.de\/biberach\/ueber-uns-2-2\/","url":"https:\/\/weltlaeden.de\/biberach\/ueber-uns-2-2\/","name":"Fairtrade-Stadt Biberach - Weltladen Biberach","isPartOf":{"@id":"https:\/\/weltlaeden.de\/biberach\/#website"},"datePublished":"2024-06-26T21:05:38+00:00","dateModified":"2024-07-17T20:57:57+00:00","breadcrumb":{"@id":"https:\/\/weltlaeden.de\/biberach\/ueber-uns-2-2\/#breadcrumb"},"inLanguage":"de","potentialAction":[{"@type":"ReadAction","target":["https:\/\/weltlaeden.de\/biberach\/ueber-uns-2-2\/"]}]},{"@type":"BreadcrumbList","@id":"https:\/\/weltlaeden.de\/biberach\/ueber-uns-2-2\/#breadcrumb","itemListElement":[{"@type":"ListItem","position":1,"name":"Startseite","item":"https:\/\/weltlaeden.de\/biberach\/"},{"@type":"ListItem","position":2,"name":"Fairtrade-Stadt Biberach"}]},{"@type":"WebSite","@id":"https:\/\/weltlaeden.de\/biberach\/#website","url":"https:\/\/weltlaeden.de\/biberach\/","name":"Vorlage","description":"Faire Produkte seit 1981","potentialAction":[{"@type":"SearchAction","target":{"@type":"EntryPoint","urlTemplate":"https:\/\/weltlaeden.de\/biberach\/?s={search_term_string}"},"query-input":{"@type":"PropertyValueSpecification","valueRequired":true,"valueName":"search_term_string"}}],"inLanguage":"de"}]}},"_links":{"self":[{"href":"https:\/\/weltlaeden.de\/biberach\/wp-json\/wp\/v2\/pages\/662","targetHints":{"allow":["GET"]}}],"collection":[{"href":"https:\/\/weltlaeden.de\/biberach\/wp-json\/wp\/v2\/pages"}],"about":[{"href":"https:\/\/weltlaeden.de\/biberach\/wp-json\/wp\/v2\/types\/page"}],"author":[{"embeddable":true,"href":"https:\/\/weltlaeden.de\/biberach\/wp-json\/wp\/v2\/users\/14"}],"replies":[{"embeddable":true,"href":"https:\/\/weltlaeden.de\/biberach\/wp-json\/wp\/v2\/comments?post=662"}],"version-history":[{"count":16,"href":"https:\/\/weltlaeden.de\/biberach\/wp-json\/wp\/v2\/pages\/662\/revisions"}],"predecessor-version":[{"id":807,"href":"https:\/\/weltlaeden.de\/biberach\/wp-json\/wp\/v2\/pages\/662\/revisions\/807"}],"wp:attachment":[{"href":"https:\/\/weltlaeden.de\/biberach\/wp-json\/wp\/v2\/media?parent=662"}],"curies":[{"name":"wp","href":"https:\/\/api.w.org\/{rel}","templated":true}]}}