{"id":611,"date":"2024-06-19T12:05:42","date_gmt":"2024-06-19T10:05:42","guid":{"rendered":"https:\/\/weltlaeden.de\/biberach\/?page_id=611"},"modified":"2024-07-17T22:38:38","modified_gmt":"2024-07-17T20:38:38","slug":"handelspartner-portrait-fairafric","status":"publish","type":"page","link":"https:\/\/weltlaeden.de\/biberach\/portraits-von-handelspartnern\/handelspartner-portrait-fairafric\/","title":{"rendered":"Handelspartner-Portrait: fairafric"},"content":{"rendered":"<div class=\"wpb-content-wrapper\"><p>[vc_row][vc_column]<div class=\"wl_einzelbild\"><p><img loading=\"lazy\" decoding=\"async\" class=\"aligncenter size-full wp-image-nsm-3-99\" src=\"https:\/\/weltlaeden.de\/vorlagensammlung\/wp-content\/uploads\/sites\/3\/2021\/02\/fairafric-1_Team-Schokotisch_Quelle_fairafric_1200x500.jpg\" alt=\"\" width=\"1200\" height=\"500\" \/><\/p><\/div>[vc_empty_space][\/vc_column][\/vc_row][vc_row][vc_column][vc_column_text]<span style=\"color: #808080\"><strong><em>Handelspartner-Portrait<\/em><\/strong><\/span><\/p>\n<h1>fairafric: Schokolade made in Ghana<\/h1>\n<p>Hendrik Reimers, Gr\u00fcnder und Gesch\u00e4ftsf\u00fchrer von fairafric, hat einen ambitionierten Plan: Er will den Fairen Handel weiterdenken und faire Schokolade direkt in Afrika herstellen. Ziel ist es, die Wertsch\u00f6pfung in die Ursprungsl\u00e4nder der Rohstoffe zu verlagern. Von der Kakaobohne \u00fcber die Verarbeitung bis zur fertig verpackten Schokolade soll der gesamte Produktionsprozess im Anbauland stattfinden.[\/vc_column_text][vc_empty_space height=&#8220;20px&#8220;][vc_column_text]<\/p>\n<h2><span style=\"color: #f39800\"><strong>Bio-Kakaobohnen von Kleinb\u00e4uer*innen<\/strong><\/span><\/h2>\n<p>fairafric bezieht Bio-Kakaobohnen von Yayra Glover, einem sozial engagierten Unternehmer und ghanaischen Biokakao-Pionier. Der H\u00e4ndler setzt sich f\u00fcr die Verbesserung der Lebensverh\u00e4ltnisse bei den Kakaoproduzent*innen und gegen Kinderarbeit ein. Er kauft Kakaobohnen von 1400 Kleinb\u00e4uer*innen, die Kakao in Mischwirtschaft anbauen, und organisiert Schulungen im Bio-Anbau. Durch den Verzicht auf Pestizide verbessert sich auch die gesundheitliche Situation der B\u00e4uer*innen. Sie erlernen neue Anbaumethoden, um die Auswirkungen des Klimawandels abzumildern. Statt der klassischen Fair Trade Pr\u00e4mie zahlt fairafric den B\u00e4uer*innen zus\u00e4tzlich zum Preis f\u00fcr die Kakaobohnen eine Bio-Pr\u00e4mie von 600 US$ pro Tonne, wodurch sie ihr Haushaltseinkommen erheblich steigern k\u00f6nnen. Die Pr\u00e4mie erm\u00f6glicht den Produzent*innen, mehr in die Ausbildung ihrer Kinder zu investieren und Zukunftsperspektiven zu entwickeln.[\/vc_column_text][\/vc_column][\/vc_row][vc_row][vc_column][vc_empty_space height=&#8220;20px&#8220;]<div class=\"wl_einzelbild\"><p><\/p>\n<div style=\"width: 710px\" class=\"wp-caption aligncenter\"><img loading=\"lazy\" decoding=\"async\" src=\"https:\/\/weltlaeden.de\/vorlagensammlung\/wp-content\/uploads\/sites\/3\/2021\/02\/fairafric-2_Fabrikgeb\u00e4ude_Quelle_fairafric_700x346.jpg\" alt=\"\" width=\"700\" height=\"346\" \/><p class=\"wp-caption-text\">Schokoladenfabrik in Suhum, Ghana<\/p><\/div>\n<p><\/p><\/div>[vc_empty_space height=&#8220;20px&#8220;][vc_column_text css=&#8220;&#8220;]<\/p>\n<h2><span style=\"color: #f39800\"><strong>Lokale Wertsch\u00f6pfung schafft neue Arbeitspl\u00e4tze<\/strong><\/span><\/h2>\n<p>fairafric nimmt aber vor allem die weiterf\u00fchrende Verarbeitung in den Blick. Denn durch die Produktion von Schokolade bleibt mehr Geld im Land als beim Export von Rohstoffen. Nachdem einige Jahre lang ein lokaler Verarbeiter die fairafric-Schokolade mitproduziert hat, wird nun die Vision von der rundum nachhaltigen Schokoladenproduktion Realit\u00e4t: In der eigenen solarbetriebenen Fabrik in Suhum k\u00f6nnen bis zu 100.000 Tafeln t\u00e4glich \u00fcber das Band laufen. Geleitet wird die Fabrik von einem rein ghanaischen Team. So entsteht nicht nur leckere Schokolade, sondern es werden qualifizierte Arbeitspl\u00e4tze mit L\u00f6hnen deutlich \u00fcber dem ghanaischen Mindestlohn geschaffen. Ein gro\u00dfer Teil des Kaufpreises der Schokolade bleibt im Ursprungsland.[\/vc_column_text][vc_empty_space height=&#8220;15px&#8220;]<blockquote class=\"text-big shortcode-blockquote\"><h2>\u201eDas kurbelt die Wirtschaft an! Die Schokoladenfabrik ist die Grundlage f\u00fcr eine positive Kettenreaktion. Neue Gesch\u00e4ftszweige werden entstehen. Das bedeutet, dass das Geld sechs- oder siebenmal in der Community rotiert. Das f\u00fchrt zu mehr Wohlstand.\u201c<\/h2>\n<p style=\"text-align: right\">(Yayra Glover, Bio-Kakaoh\u00e4ndler)<\/p>\n<\/blockquote>[\/vc_column][\/vc_row][vc_row][vc_column][vc_empty_space height=&#8220;20px&#8220;][\/vc_column][\/vc_row][vc_row][vc_column][vc_column_text css=&#8220;&#8220;]<\/p>\n<h2><span style=\"color: #f39800\"><strong>Transparente Betriebsabl\u00e4ufe<\/strong><\/span><\/h2>\n<p>Sobald Reisen wieder m\u00f6glich sind, k\u00f6nnen Besucher*innen auch direkt vor Ort Einblicke in die Betriebsabl\u00e4ufe in der Fabrik gewinnen und Farmer*innen treffen. Weitere Informationen finden Sie hier: <a href=\"http:\/\/www.fairafric.com\" target=\"_blank\" rel=\"noopener\">www.fairafric.com<\/a><\/p>\n<p>Der Film <em>Decolonize Chocolate<\/em> (fairafric 2019) zeigt Hintergr\u00fcnde und Herausforderungen der Schokoladenproduktion bei fairafric:[\/vc_column_text][\/vc_column][\/vc_row][vc_row][vc_column][vc_empty_space height=&#8220;20px&#8220;][vc_video link=&#8220;https:\/\/www.youtube.com\/watch?v=o5Z8QiCefZs&#8220; css=&#8220;&#8220;][vc_empty_space][vc_separator border_width=&#8220;2&#8243;][\/vc_column][\/vc_row][vc_row][vc_column][vc_column_text]<em>Bildnachweise f\u00fcr diese Seite: <\/em><em>fairafric<br \/>\n<\/em><\/p>\n<p><em>Quellenangaben:<\/em> <em><a href=\"http:\/\/www.fairafric.com\" target=\"_blank\" rel=\"noopener\">fairafric GmbH<\/a>, <a href=\"https:\/\/www.claro.ch\/de\/\" target=\"_blank\" rel=\"noopener\">claro fair trade AG<\/a>, <a href=\"https:\/\/www.yayraglover.com\/\" target=\"_blank\" rel=\"noopener\">Yayra Glover Ltd.<\/a><\/em>[\/vc_column_text][\/vc_column][\/vc_row]<\/p>\n<\/div>","protected":false},"excerpt":{"rendered":"<p>[vc_row][vc_column][vc_empty_space][\/vc_column][\/vc_row][vc_row][vc_column][vc_column_text]Handelspartner-Portrait fairafric: Schokolade made in Ghana Hendrik Reimers, Gr\u00fcnder und Gesch\u00e4ftsf\u00fchrer von fairafric, hat einen ambitionierten Plan: Er will den Fairen Handel weiterdenken und faire Schokolade direkt in Afrika herstellen. Ziel ist es, die Wertsch\u00f6pfung in die Ursprungsl\u00e4nder der Rohstoffe zu verlagern. Von der Kakaobohne \u00fcber die Verarbeitung bis zur fertig verpackten Schokolade soll der&hellip;<\/p>\n","protected":false},"author":75,"featured_media":0,"parent":559,"menu_order":2,"comment_status":"closed","ping_status":"closed","template":"","meta":{"footnotes":""},"class_list":["post-611","page","type-page","status-publish","hentry","description-off"],"yoast_head":"<!-- This site is optimized with the Yoast SEO plugin v26.8 - https:\/\/yoast.com\/product\/yoast-seo-wordpress\/ -->\n<title>Handelspartner-Portrait: fairafric - Weltladen Biberach<\/title>\n<meta name=\"robots\" content=\"index, follow, max-snippet:-1, max-image-preview:large, max-video-preview:-1\" \/>\n<link rel=\"canonical\" href=\"https:\/\/weltlaeden.de\/biberach\/portraits-von-handelspartnern\/handelspartner-portrait-fairafric\/\" \/>\n<meta property=\"og:locale\" content=\"de_DE\" \/>\n<meta property=\"og:type\" content=\"article\" \/>\n<meta property=\"og:title\" content=\"Handelspartner-Portrait: fairafric - Weltladen Biberach\" \/>\n<meta property=\"og:description\" content=\"[vc_row][vc_column][vc_empty_space][\/vc_column][\/vc_row][vc_row][vc_column][vc_column_text]Handelspartner-Portrait fairafric: Schokolade made in Ghana Hendrik Reimers, Gr\u00fcnder und Gesch\u00e4ftsf\u00fchrer von fairafric, hat einen ambitionierten Plan: Er will den Fairen Handel weiterdenken und faire Schokolade direkt in Afrika herstellen. Ziel ist es, die Wertsch\u00f6pfung in die Ursprungsl\u00e4nder der Rohstoffe zu verlagern. Von der Kakaobohne \u00fcber die Verarbeitung bis zur fertig verpackten Schokolade soll der&hellip;\" \/>\n<meta property=\"og:url\" content=\"https:\/\/weltlaeden.de\/biberach\/portraits-von-handelspartnern\/handelspartner-portrait-fairafric\/\" \/>\n<meta property=\"og:site_name\" content=\"Weltladen Biberach\" \/>\n<meta property=\"article:modified_time\" content=\"2024-07-17T20:38:38+00:00\" \/>\n<meta property=\"og:image\" content=\"https:\/\/weltlaeden.de\/vorlagensammlung\/wp-content\/uploads\/sites\/3\/2021\/02\/fairafric-1_Team-Schokotisch_Quelle_fairafric_1200x500.jpg\" \/>\n<meta name=\"twitter:card\" content=\"summary_large_image\" \/>\n<meta name=\"twitter:label1\" content=\"Gesch\u00e4tzte Lesezeit\" \/>\n\t<meta name=\"twitter:data1\" content=\"3\u00a0Minuten\" \/>\n<script type=\"application\/ld+json\" class=\"yoast-schema-graph\">{\"@context\":\"https:\/\/schema.org\",\"@graph\":[{\"@type\":\"WebPage\",\"@id\":\"https:\/\/weltlaeden.de\/biberach\/portraits-von-handelspartnern\/handelspartner-portrait-fairafric\/\",\"url\":\"https:\/\/weltlaeden.de\/biberach\/portraits-von-handelspartnern\/handelspartner-portrait-fairafric\/\",\"name\":\"Handelspartner-Portrait: fairafric - Weltladen Biberach\",\"isPartOf\":{\"@id\":\"https:\/\/weltlaeden.de\/biberach\/#website\"},\"primaryImageOfPage\":{\"@id\":\"https:\/\/weltlaeden.de\/biberach\/portraits-von-handelspartnern\/handelspartner-portrait-fairafric\/#primaryimage\"},\"image\":{\"@id\":\"https:\/\/weltlaeden.de\/biberach\/portraits-von-handelspartnern\/handelspartner-portrait-fairafric\/#primaryimage\"},\"thumbnailUrl\":\"https:\/\/weltlaeden.de\/vorlagensammlung\/wp-content\/uploads\/sites\/3\/2021\/02\/fairafric-1_Team-Schokotisch_Quelle_fairafric_1200x500.jpg\",\"datePublished\":\"2024-06-19T10:05:42+00:00\",\"dateModified\":\"2024-07-17T20:38:38+00:00\",\"breadcrumb\":{\"@id\":\"https:\/\/weltlaeden.de\/biberach\/portraits-von-handelspartnern\/handelspartner-portrait-fairafric\/#breadcrumb\"},\"inLanguage\":\"de\",\"potentialAction\":[{\"@type\":\"ReadAction\",\"target\":[\"https:\/\/weltlaeden.de\/biberach\/portraits-von-handelspartnern\/handelspartner-portrait-fairafric\/\"]}]},{\"@type\":\"ImageObject\",\"inLanguage\":\"de\",\"@id\":\"https:\/\/weltlaeden.de\/biberach\/portraits-von-handelspartnern\/handelspartner-portrait-fairafric\/#primaryimage\",\"url\":\"https:\/\/weltlaeden.de\/vorlagensammlung\/wp-content\/uploads\/sites\/3\/2021\/02\/fairafric-1_Team-Schokotisch_Quelle_fairafric_1200x500.jpg\",\"contentUrl\":\"https:\/\/weltlaeden.de\/vorlagensammlung\/wp-content\/uploads\/sites\/3\/2021\/02\/fairafric-1_Team-Schokotisch_Quelle_fairafric_1200x500.jpg\"},{\"@type\":\"BreadcrumbList\",\"@id\":\"https:\/\/weltlaeden.de\/biberach\/portraits-von-handelspartnern\/handelspartner-portrait-fairafric\/#breadcrumb\",\"itemListElement\":[{\"@type\":\"ListItem\",\"position\":1,\"name\":\"Startseite\",\"item\":\"https:\/\/weltlaeden.de\/biberach\/\"},{\"@type\":\"ListItem\",\"position\":2,\"name\":\"Portraits von Handelspartnern\",\"item\":\"https:\/\/weltlaeden.de\/biberach\/portraits-von-handelspartnern\/\"},{\"@type\":\"ListItem\",\"position\":3,\"name\":\"Handelspartner-Portrait: fairafric\"}]},{\"@type\":\"WebSite\",\"@id\":\"https:\/\/weltlaeden.de\/biberach\/#website\",\"url\":\"https:\/\/weltlaeden.de\/biberach\/\",\"name\":\"Vorlage\",\"description\":\"Faire Produkte seit 1981\",\"potentialAction\":[{\"@type\":\"SearchAction\",\"target\":{\"@type\":\"EntryPoint\",\"urlTemplate\":\"https:\/\/weltlaeden.de\/biberach\/?s={search_term_string}\"},\"query-input\":{\"@type\":\"PropertyValueSpecification\",\"valueRequired\":true,\"valueName\":\"search_term_string\"}}],\"inLanguage\":\"de\"}]}<\/script>\n<!-- \/ Yoast SEO plugin. -->","yoast_head_json":{"title":"Handelspartner-Portrait: fairafric - Weltladen Biberach","robots":{"index":"index","follow":"follow","max-snippet":"max-snippet:-1","max-image-preview":"max-image-preview:large","max-video-preview":"max-video-preview:-1"},"canonical":"https:\/\/weltlaeden.de\/biberach\/portraits-von-handelspartnern\/handelspartner-portrait-fairafric\/","og_locale":"de_DE","og_type":"article","og_title":"Handelspartner-Portrait: fairafric - Weltladen Biberach","og_description":"[vc_row][vc_column][vc_empty_space][\/vc_column][\/vc_row][vc_row][vc_column][vc_column_text]Handelspartner-Portrait fairafric: Schokolade made in Ghana Hendrik Reimers, Gr\u00fcnder und Gesch\u00e4ftsf\u00fchrer von fairafric, hat einen ambitionierten Plan: Er will den Fairen Handel weiterdenken und faire Schokolade direkt in Afrika herstellen. Ziel ist es, die Wertsch\u00f6pfung in die Ursprungsl\u00e4nder der Rohstoffe zu verlagern. Von der Kakaobohne \u00fcber die Verarbeitung bis zur fertig verpackten Schokolade soll der&hellip;","og_url":"https:\/\/weltlaeden.de\/biberach\/portraits-von-handelspartnern\/handelspartner-portrait-fairafric\/","og_site_name":"Weltladen Biberach","article_modified_time":"2024-07-17T20:38:38+00:00","og_image":[{"url":"https:\/\/weltlaeden.de\/vorlagensammlung\/wp-content\/uploads\/sites\/3\/2021\/02\/fairafric-1_Team-Schokotisch_Quelle_fairafric_1200x500.jpg","type":"","width":"","height":""}],"twitter_card":"summary_large_image","twitter_misc":{"Gesch\u00e4tzte Lesezeit":"3\u00a0Minuten"},"schema":{"@context":"https:\/\/schema.org","@graph":[{"@type":"WebPage","@id":"https:\/\/weltlaeden.de\/biberach\/portraits-von-handelspartnern\/handelspartner-portrait-fairafric\/","url":"https:\/\/weltlaeden.de\/biberach\/portraits-von-handelspartnern\/handelspartner-portrait-fairafric\/","name":"Handelspartner-Portrait: fairafric - Weltladen Biberach","isPartOf":{"@id":"https:\/\/weltlaeden.de\/biberach\/#website"},"primaryImageOfPage":{"@id":"https:\/\/weltlaeden.de\/biberach\/portraits-von-handelspartnern\/handelspartner-portrait-fairafric\/#primaryimage"},"image":{"@id":"https:\/\/weltlaeden.de\/biberach\/portraits-von-handelspartnern\/handelspartner-portrait-fairafric\/#primaryimage"},"thumbnailUrl":"https:\/\/weltlaeden.de\/vorlagensammlung\/wp-content\/uploads\/sites\/3\/2021\/02\/fairafric-1_Team-Schokotisch_Quelle_fairafric_1200x500.jpg","datePublished":"2024-06-19T10:05:42+00:00","dateModified":"2024-07-17T20:38:38+00:00","breadcrumb":{"@id":"https:\/\/weltlaeden.de\/biberach\/portraits-von-handelspartnern\/handelspartner-portrait-fairafric\/#breadcrumb"},"inLanguage":"de","potentialAction":[{"@type":"ReadAction","target":["https:\/\/weltlaeden.de\/biberach\/portraits-von-handelspartnern\/handelspartner-portrait-fairafric\/"]}]},{"@type":"ImageObject","inLanguage":"de","@id":"https:\/\/weltlaeden.de\/biberach\/portraits-von-handelspartnern\/handelspartner-portrait-fairafric\/#primaryimage","url":"https:\/\/weltlaeden.de\/vorlagensammlung\/wp-content\/uploads\/sites\/3\/2021\/02\/fairafric-1_Team-Schokotisch_Quelle_fairafric_1200x500.jpg","contentUrl":"https:\/\/weltlaeden.de\/vorlagensammlung\/wp-content\/uploads\/sites\/3\/2021\/02\/fairafric-1_Team-Schokotisch_Quelle_fairafric_1200x500.jpg"},{"@type":"BreadcrumbList","@id":"https:\/\/weltlaeden.de\/biberach\/portraits-von-handelspartnern\/handelspartner-portrait-fairafric\/#breadcrumb","itemListElement":[{"@type":"ListItem","position":1,"name":"Startseite","item":"https:\/\/weltlaeden.de\/biberach\/"},{"@type":"ListItem","position":2,"name":"Portraits von Handelspartnern","item":"https:\/\/weltlaeden.de\/biberach\/portraits-von-handelspartnern\/"},{"@type":"ListItem","position":3,"name":"Handelspartner-Portrait: fairafric"}]},{"@type":"WebSite","@id":"https:\/\/weltlaeden.de\/biberach\/#website","url":"https:\/\/weltlaeden.de\/biberach\/","name":"Vorlage","description":"Faire Produkte seit 1981","potentialAction":[{"@type":"SearchAction","target":{"@type":"EntryPoint","urlTemplate":"https:\/\/weltlaeden.de\/biberach\/?s={search_term_string}"},"query-input":{"@type":"PropertyValueSpecification","valueRequired":true,"valueName":"search_term_string"}}],"inLanguage":"de"}]}},"_links":{"self":[{"href":"https:\/\/weltlaeden.de\/biberach\/wp-json\/wp\/v2\/pages\/611","targetHints":{"allow":["GET"]}}],"collection":[{"href":"https:\/\/weltlaeden.de\/biberach\/wp-json\/wp\/v2\/pages"}],"about":[{"href":"https:\/\/weltlaeden.de\/biberach\/wp-json\/wp\/v2\/types\/page"}],"author":[{"embeddable":true,"href":"https:\/\/weltlaeden.de\/biberach\/wp-json\/wp\/v2\/users\/75"}],"replies":[{"embeddable":true,"href":"https:\/\/weltlaeden.de\/biberach\/wp-json\/wp\/v2\/comments?post=611"}],"version-history":[{"count":3,"href":"https:\/\/weltlaeden.de\/biberach\/wp-json\/wp\/v2\/pages\/611\/revisions"}],"predecessor-version":[{"id":635,"href":"https:\/\/weltlaeden.de\/biberach\/wp-json\/wp\/v2\/pages\/611\/revisions\/635"}],"up":[{"embeddable":true,"href":"https:\/\/weltlaeden.de\/biberach\/wp-json\/wp\/v2\/pages\/559"}],"wp:attachment":[{"href":"https:\/\/weltlaeden.de\/biberach\/wp-json\/wp\/v2\/media?parent=611"}],"curies":[{"name":"wp","href":"https:\/\/api.w.org\/{rel}","templated":true}]}}