{"id":512,"date":"2024-06-18T18:09:18","date_gmt":"2024-06-18T16:09:18","guid":{"rendered":"https:\/\/weltlaeden.de\/biberach\/?page_id=512"},"modified":"2024-07-01T22:41:48","modified_gmt":"2024-07-01T20:41:48","slug":"fairtont-der-weltladen-podcast-2","status":"publish","type":"page","link":"https:\/\/weltlaeden.de\/biberach\/fairtont-der-weltladen-podcast-2\/","title":{"rendered":"fairtont. Der Weltladen-Podcast"},"content":{"rendered":"<div class=\"wpb-content-wrapper\"><p>[vc_row][vc_column]<div class=\"wl_einzelbild\"><p><img loading=\"lazy\" decoding=\"async\" class=\"aligncenter size-full wp-image-nsm-3-121\" src=\"https:\/\/weltlaeden.de\/vorlagensammlung\/wp-content\/uploads\/sites\/3\/2021\/12\/fairtont-der-weltladen-podcast_1200x500.png\" alt=\"\" width=\"1200\" height=\"500\" \/><\/p><\/div>[\/vc_column][\/vc_row][vc_row][vc_column][vc_empty_space height=&#8220;20px&#8220;][\/vc_column][\/vc_row][vc_row][vc_column][vc_column_text]<\/p>\n<h1>fairtont. Der Weltladen-Podcast<\/h1>\n<p>Fair was?! \u2013 fairtont. Also Fairer Handel f\u00fcr die Ohren. Weltl\u00e4den sind Fachgesch\u00e4fte f\u00fcr Fairen Handel und haben viel zu bieten. Davon erz\u00e4hlen euch Laura und Solveig in diesem Podcast.<\/p>\n<p>Podcast-Liebhaber*innen und interessierte Menschen erwarten spannende Themen aus der Weltladen-Welt. Laura und Solveig sprechen \u00fcber Kaffee aus Fairem Handel, Textilien und Fair Fashion, die Klimakrise und weitere interessante Themen. Au\u00dferdem gibt es Interviews mit spannenden G\u00e4sten.<\/p>\n<p>Zurzeit macht fairtont. eine Pause &#8211; ab Mitte 2022 gibt es dann neue Folgen. Derweil h\u00f6rt rein&#8230;<\/p>\n<p>Die bisherigen Folgen findet ihr auch auf allen \u00fcblichen Podcast-Apps: <a href=\"https:\/\/open.spotify.com\/show\/56fjwxwxkRtWm0bdHDL2n8\" target=\"_blank\" rel=\"noopener\">Spotify<\/a>, <a href=\"https:\/\/podcasts.apple.com\/de\/podcast\/fairtont-der-weltladen-podcast\/id1544866448\" target=\"_blank\" rel=\"noopener\">Apple Podcast<\/a>, <a href=\"https:\/\/www.google.com\/podcasts?feed=aHR0cHM6Ly9hbmNob3IuZm0vcy80MzUwNzYyOC9wb2RjYXN0L3Jzcw==\" target=\"_blank\" rel=\"noopener\">Google Podcast<\/a>, <a href=\"https:\/\/www.deezer.com\/de\/show\/2149182\" target=\"_blank\" rel=\"noopener\">Deezer<\/a> \u2026 und nat\u00fcrlich auf <a href=\"https:\/\/www.weltladen.de\/fairtont\" target=\"_blank\" rel=\"noopener\">www.weltladen.de\/fairtont<\/a>.[\/vc_column_text][\/vc_column][\/vc_row][vc_row][vc_column][vc_empty_space height=&#8220;20px&#8220;][\/vc_column][\/vc_row][vc_row][vc_column][vc_raw_html]JTNDaWZyYW1lJTIwc3JjJTNEJTIyaHR0cHMlM0ElMkYlMkZhbmNob3IuZm0lMkZmYWlydG9udCUyRmVtYmVkJTJGZXBpc29kZXMlMkYxMi1Qcm9kdXplbnRpbm5lbi1pbS1GYWlyZW4tSGFuZGVsLXVuZC1kaWUtS2xpbWFrcmlzZS0tLUludGVydmlldy1taXQtQW5kcmVhLUZ0dGVyZXItZTFibWg0ayUyMiUyMGhlaWdodCUzRCUyMjE3MHB4JTIyJTIwd2lkdGglM0QlMjIxMDAlMjUlMjIlMjBmcmFtZWJvcmRlciUzRCUyMjAlMjIlMjBzY3JvbGxpbmclM0QlMjJubyUyMiUzRSUzQyUyRmlmcmFtZSUzRQ==[\/vc_raw_html][vc_raw_html]JTNDaWZyYW1lJTIwc3JjJTNEJTIyaHR0cHMlM0ElMkYlMkZhbmNob3IuZm0lMkZmYWlydG9udCUyRmVtYmVkJTJGZXBpc29kZXMlMkYxMS1LbGltYXdhbmRlbC0tS2xpbWFnZXJlY2h0aWdrZWl0LXVuZC1kZXItRmFpcmUtSGFuZGVsLWUxYTF2ZW0lMjIlMjBoZWlnaHQlM0QlMjIxNzBweCUyMiUyMHdpZHRoJTNEJTIyMTAwJTI1JTIyJTIwZnJhbWVib3JkZXIlM0QlMjIwJTIyJTIwc2Nyb2xsaW5nJTNEJTIybm8lMjIlM0UlM0MlMkZpZnJhbWUlM0U=[\/vc_raw_html][vc_raw_html]JTNDaWZyYW1lJTIwc3JjJTNEJTIyaHR0cHMlM0ElMkYlMkZhbmNob3IuZm0lMkZmYWlydG9udCUyRmVtYmVkJTJGZXBpc29kZXMlMkYxMC1Wb24tQ2FzaGV3cy11bmQtZmFpcmVuLUxpZWZlcmtldHRlbi0tLUludGVydmlldy1taXQtSXNhYmVsLXVuZC1Pa2V5LXZvbi1mYWlyZm9vZC1GcmVpYnVyZy1lMThwOGtwJTIyJTIwaGVpZ2h0JTNEJTIyMTcwcHglMjIlMjB3aWR0aCUzRCUyMjEwMCUyNSUyMiUyMGZyYW1lYm9yZGVyJTNEJTIyMCUyMiUyMHNjcm9sbGluZyUzRCUyMm5vJTIyJTNFJTNDJTJGaWZyYW1lJTNF[\/vc_raw_html][vc_raw_html]JTNDaWZyYW1lJTIwc3JjJTNEJTIyaHR0cHMlM0ElMkYlMkZhbmNob3IuZm0lMkZmYWlydG9udCUyRmVtYmVkJTJGZXBpc29kZXMlMkY5LUZhaXJlLVdvY2hlLS0tWnVrdW5mdC1mYWlyLWdlc3RhbHRlbi0tZmFpcmhhbmRlbG4tZnItTWVuc2NoZW5yZWNodGUtd2VsdHdlaXQtZTE3NGJmNCUyMiUyMGhlaWdodCUzRCUyMjE3MHB4JTIyJTIwd2lkdGglM0QlMjIxMDAlMjUlMjIlMjBmcmFtZWJvcmRlciUzRCUyMjAlMjIlMjBzY3JvbGxpbmclM0QlMjJubyUyMiUzRSUzQyUyRmlmcmFtZSUzRQ==[\/vc_raw_html][vc_raw_html]JTNDaWZyYW1lJTIwc3JjJTNEJTIyaHR0cHMlM0ElMkYlMkZhbmNob3IuZm0lMkZmYWlydG9udCUyRmVtYmVkJTJGZXBpc29kZXMlMkY4LVZvbS1nZXNjaGVua3Rlbi1UaXNjaGx1ZmVyLXp1bS1GYWlyLUhhbmRlbHMtVW50ZXJuZWhtZW4tLUludGVydmlldy1taXQtUHJvbWlzZS1LbGllYmUtZTE1czVvbSUyMiUyMGhlaWdodCUzRCUyMjE3MHB4JTIyJTIwd2lkdGglM0QlMjIxMDAlMjUlMjIlMjBmcmFtZWJvcmRlciUzRCUyMjAlMjIlMjBzY3JvbGxpbmclM0QlMjJubyUyMiUzRSUzQyUyRmlmcmFtZSUzRQ==[\/vc_raw_html][vc_raw_html]JTNDaWZyYW1lJTIwc3JjJTNEJTIyaHR0cHMlM0ElMkYlMkZhbmNob3IuZm0lMkZmYWlydG9udCUyRmVtYmVkJTJGZXBpc29kZXMlMkY3LUZhc3QtRmFzaGlvbi12cy0tRmFpci1GYXNoaW9uLS1IaWVyLWdlaHRzLXVtLW1laHItYWxzLU1vZGUtZTE0ZHZyciUyMiUyMGhlaWdodCUzRCUyMjE3MHB4JTIyJTIwd2lkdGglM0QlMjIxMDAlMjUlMjIlMjBmcmFtZWJvcmRlciUzRCUyMjAlMjIlMjBzY3JvbGxpbmclM0QlMjJubyUyMiUzRSUzQyUyRmlmcmFtZSUzRQ==[\/vc_raw_html][vc_raw_html]JTNDaWZyYW1lJTIwc3JjJTNEJTIyaHR0cHMlM0ElMkYlMkZhbmNob3IuZm0lMkZmYWlydG9udCUyRmVtYmVkJTJGZXBpc29kZXMlMkY2LUVpbi1ndXRlcy1MZWJlbi1mci1hbGxlLWR1cmNoLWVpbmUtc296aWFsLWtvbG9naXNjaGUtVHJhbnNmb3JtYXRpb24tLS0tSW50ZXJ2aWV3LW1pdC1Sb25qYS1Nb3JnZW50aGFsZXItZTEybzZoZSUyMiUyMGhlaWdodCUzRCUyMjE3MHB4JTIyJTIwd2lkdGglM0QlMjIxMDAlMjUlMjIlMjBmcmFtZWJvcmRlciUzRCUyMjAlMjIlMjBzY3JvbGxpbmclM0QlMjJubyUyMiUzRSUzQyUyRmlmcmFtZSUzRQ==[\/vc_raw_html][vc_raw_html]JTNDaWZyYW1lJTIwc3JjJTNEJTIyaHR0cHMlM0ElMkYlMkZhbmNob3IuZm0lMkZmYWlydG9udCUyRmVtYmVkJTJGZXBpc29kZXMlMkY1LVdlbHRsYWRlbnRhZy0tLURpZS1XZWx0LWJyYXVjaHQtZWluZW4tVGFwZXRlbndlY2hzZWwtR25uRGlyV2FuZGVsLWUxMGRzMmQlMjIlMjBoZWlnaHQlM0QlMjIxNzBweCUyMiUyMHdpZHRoJTNEJTIyMTAwJTI1JTIyJTIwZnJhbWVib3JkZXIlM0QlMjIwJTIyJTIwc2Nyb2xsaW5nJTNEJTIybm8lMjIlM0UlM0MlMkZpZnJhbWUlM0U=[\/vc_raw_html][vc_raw_html]JTNDaWZyYW1lJTIwc3JjJTNEJTIyaHR0cHMlM0ElMkYlMkZhbmNob3IuZm0lMkZmYWlydG9udCUyRmVtYmVkJTJGZXBpc29kZXMlMkY0LU1vcml0ei0td2FzLWhhdC1IdW1vci1taXQtRmFpcmVtLUhhbmRlbC16dS10dW4tLS0tSW50ZXJ2aWV3LW1pdC1TdGFuZC1VcC1Db21lZGlhbi1Nb3JpdHotTmV1bWVpZXItZXVzZm1tJTIyJTIwaGVpZ2h0JTNEJTIyMTcwcHglMjIlMjB3aWR0aCUzRCUyMjEwMCUyNSUyMiUyMGZyYW1lYm9yZGVyJTNEJTIyMCUyMiUyMHNjcm9sbGluZyUzRCUyMm5vJTIyJTNFJTNDJTJGaWZyYW1lJTNF[\/vc_raw_html][vc_raw_html]JTNDaWZyYW1lJTIwc3JjJTNEJTIyaHR0cHMlM0ElMkYlMkZhbmNob3IuZm0lMkZmYWlydG9udCUyRmVtYmVkJTJGZXBpc29kZXMlMkYzLUVpbi1CZXN1Y2gtaW0tV2VsdGxhZGVuLWVzYzV2MiUyMiUyMGhlaWdodCUzRCUyMjE3MHB4JTIyJTIwd2lkdGglM0QlMjIxMDAlMjUlMjIlMjBmcmFtZWJvcmRlciUzRCUyMjAlMjIlMjBzY3JvbGxpbmclM0QlMjJubyUyMiUzRSUzQyUyRmlmcmFtZSUzRQ==[\/vc_raw_html][vc_raw_html]JTNDaWZyYW1lJTIwc3JjJTNEJTIyaHR0cHMlM0ElMkYlMkZhbmNob3IuZm0lMkZmYWlydG9udCUyRmVtYmVkJTJGZXBpc29kZXMlMkYyLVNlZ2VsZnJhY2h0ZXItLUVpbmUtQWx0ZXJuYXRpdmUtenVtLUNvbnRhaW5lcnNjaGlmZi0tSW50ZXJ2aWV3LW1pdC1KZW5zLXZvbi1DYWYtQ2hhdmFsby1lcWE1c2glMjIlMjBoZWlnaHQlM0QlMjIxNzBweCUyMiUyMHdpZHRoJTNEJTIyMTAwJTI1JTIyJTIwZnJhbWVib3JkZXIlM0QlMjIwJTIyJTIwc2Nyb2xsaW5nJTNEJTIybm8lMjIlM0UlM0MlMkZpZnJhbWUlM0U=[\/vc_raw_html][vc_raw_html]JTNDaWZyYW1lJTIwc3JjJTNEJTIyaHR0cHMlM0ElMkYlMkZhbmNob3IuZm0lMkZmYWlydG9udCUyRmVtYmVkJTJGZXBpc29kZXMlMkYxLUthZmZlZS11bmQtZGllLUdlc2NoaWNodGUtZGVzLUZhaXJlbi1IYW5kZWxzLWVvdXJ0ZyUyMiUyMGhlaWdodCUzRCUyMjE3MHB4JTIyJTIwd2lkdGglM0QlMjIxMDAlMjUlMjIlMjBmcmFtZWJvcmRlciUzRCUyMjAlMjIlMjBzY3JvbGxpbmclM0QlMjJubyUyMiUzRSUzQyUyRmlmcmFtZSUzRQ==[\/vc_raw_html][vc_raw_html]JTNDaWZyYW1lJTIwc3JjJTNEJTIyaHR0cHMlM0ElMkYlMkZhbmNob3IuZm0lMkZmYWlydG9udCUyRmVtYmVkJTJGZXBpc29kZXMlMkYwLVRyYWlsZXItLS1mYWlydG9udC0tRGVyLVdlbHRsYWRlbi1Qb2RjYXN0LWVucGZuOSUyMiUyMGhlaWdodCUzRCUyMjE3MHB4JTIyJTIwd2lkdGglM0QlMjIxMDAlMjUlMjIlMjBmcmFtZWJvcmRlciUzRCUyMjAlMjIlMjBzY3JvbGxpbmclM0QlMjJubyUyMiUzRSUzQyUyRmlmcmFtZSUzRQ==[\/vc_raw_html][vc_empty_space height=&#8220;20px&#8220;][\/vc_column][\/vc_row]<\/p>\n<\/div>","protected":false},"excerpt":{"rendered":"<p>[vc_row][vc_column][\/vc_column][\/vc_row][vc_row][vc_column][vc_empty_space height=&#8220;20px&#8220;][\/vc_column][\/vc_row][vc_row][vc_column][vc_column_text] fairtont. Der Weltladen-Podcast Fair was?! \u2013 fairtont. Also Fairer Handel f\u00fcr die Ohren. Weltl\u00e4den sind Fachgesch\u00e4fte f\u00fcr Fairen Handel und haben viel zu bieten. Davon erz\u00e4hlen euch Laura und Solveig in diesem Podcast. Podcast-Liebhaber*innen und interessierte Menschen erwarten spannende Themen aus der Weltladen-Welt. Laura und Solveig sprechen \u00fcber Kaffee aus Fairem Handel, Textilien&hellip;<\/p>\n","protected":false},"author":75,"featured_media":0,"parent":0,"menu_order":8,"comment_status":"closed","ping_status":"closed","template":"","meta":{"footnotes":""},"class_list":["post-512","page","type-page","status-publish","hentry","description-off"],"yoast_head":"<!-- This site is optimized with the Yoast SEO plugin v26.8 - https:\/\/yoast.com\/product\/yoast-seo-wordpress\/ -->\n<title>fairtont. Der Weltladen-Podcast - Weltladen Biberach<\/title>\n<meta name=\"robots\" content=\"index, follow, max-snippet:-1, max-image-preview:large, max-video-preview:-1\" \/>\n<link rel=\"canonical\" href=\"https:\/\/weltlaeden.de\/biberach\/fairtont-der-weltladen-podcast-2\/\" \/>\n<meta property=\"og:locale\" content=\"de_DE\" \/>\n<meta property=\"og:type\" content=\"article\" \/>\n<meta property=\"og:title\" content=\"fairtont. Der Weltladen-Podcast - Weltladen Biberach\" \/>\n<meta property=\"og:description\" content=\"[vc_row][vc_column][\/vc_column][\/vc_row][vc_row][vc_column][vc_empty_space height=&#8220;20px&#8220;][\/vc_column][\/vc_row][vc_row][vc_column][vc_column_text] fairtont. Der Weltladen-Podcast Fair was?! \u2013 fairtont. Also Fairer Handel f\u00fcr die Ohren. Weltl\u00e4den sind Fachgesch\u00e4fte f\u00fcr Fairen Handel und haben viel zu bieten. Davon erz\u00e4hlen euch Laura und Solveig in diesem Podcast. Podcast-Liebhaber*innen und interessierte Menschen erwarten spannende Themen aus der Weltladen-Welt. Laura und Solveig sprechen \u00fcber Kaffee aus Fairem Handel, Textilien&hellip;\" \/>\n<meta property=\"og:url\" content=\"https:\/\/weltlaeden.de\/biberach\/fairtont-der-weltladen-podcast-2\/\" \/>\n<meta property=\"og:site_name\" content=\"Weltladen Biberach\" \/>\n<meta property=\"article:modified_time\" content=\"2024-07-01T20:41:48+00:00\" \/>\n<meta property=\"og:image\" content=\"https:\/\/weltlaeden.de\/vorlagensammlung\/wp-content\/uploads\/sites\/3\/2021\/12\/fairtont-der-weltladen-podcast_1200x500.png\" \/>\n<meta name=\"twitter:card\" content=\"summary_large_image\" \/>\n<meta name=\"twitter:label1\" content=\"Gesch\u00e4tzte Lesezeit\" \/>\n\t<meta name=\"twitter:data1\" content=\"1\u00a0Minute\" \/>\n<script type=\"application\/ld+json\" class=\"yoast-schema-graph\">{\"@context\":\"https:\/\/schema.org\",\"@graph\":[{\"@type\":\"WebPage\",\"@id\":\"https:\/\/weltlaeden.de\/biberach\/fairtont-der-weltladen-podcast-2\/\",\"url\":\"https:\/\/weltlaeden.de\/biberach\/fairtont-der-weltladen-podcast-2\/\",\"name\":\"fairtont. Der Weltladen-Podcast - Weltladen Biberach\",\"isPartOf\":{\"@id\":\"https:\/\/weltlaeden.de\/biberach\/#website\"},\"primaryImageOfPage\":{\"@id\":\"https:\/\/weltlaeden.de\/biberach\/fairtont-der-weltladen-podcast-2\/#primaryimage\"},\"image\":{\"@id\":\"https:\/\/weltlaeden.de\/biberach\/fairtont-der-weltladen-podcast-2\/#primaryimage\"},\"thumbnailUrl\":\"https:\/\/weltlaeden.de\/vorlagensammlung\/wp-content\/uploads\/sites\/3\/2021\/12\/fairtont-der-weltladen-podcast_1200x500.png\",\"datePublished\":\"2024-06-18T16:09:18+00:00\",\"dateModified\":\"2024-07-01T20:41:48+00:00\",\"breadcrumb\":{\"@id\":\"https:\/\/weltlaeden.de\/biberach\/fairtont-der-weltladen-podcast-2\/#breadcrumb\"},\"inLanguage\":\"de\",\"potentialAction\":[{\"@type\":\"ReadAction\",\"target\":[\"https:\/\/weltlaeden.de\/biberach\/fairtont-der-weltladen-podcast-2\/\"]}]},{\"@type\":\"ImageObject\",\"inLanguage\":\"de\",\"@id\":\"https:\/\/weltlaeden.de\/biberach\/fairtont-der-weltladen-podcast-2\/#primaryimage\",\"url\":\"https:\/\/weltlaeden.de\/vorlagensammlung\/wp-content\/uploads\/sites\/3\/2021\/12\/fairtont-der-weltladen-podcast_1200x500.png\",\"contentUrl\":\"https:\/\/weltlaeden.de\/vorlagensammlung\/wp-content\/uploads\/sites\/3\/2021\/12\/fairtont-der-weltladen-podcast_1200x500.png\"},{\"@type\":\"BreadcrumbList\",\"@id\":\"https:\/\/weltlaeden.de\/biberach\/fairtont-der-weltladen-podcast-2\/#breadcrumb\",\"itemListElement\":[{\"@type\":\"ListItem\",\"position\":1,\"name\":\"Startseite\",\"item\":\"https:\/\/weltlaeden.de\/biberach\/\"},{\"@type\":\"ListItem\",\"position\":2,\"name\":\"fairtont. Der Weltladen-Podcast\"}]},{\"@type\":\"WebSite\",\"@id\":\"https:\/\/weltlaeden.de\/biberach\/#website\",\"url\":\"https:\/\/weltlaeden.de\/biberach\/\",\"name\":\"Vorlage\",\"description\":\"Faire Produkte seit 1981\",\"potentialAction\":[{\"@type\":\"SearchAction\",\"target\":{\"@type\":\"EntryPoint\",\"urlTemplate\":\"https:\/\/weltlaeden.de\/biberach\/?s={search_term_string}\"},\"query-input\":{\"@type\":\"PropertyValueSpecification\",\"valueRequired\":true,\"valueName\":\"search_term_string\"}}],\"inLanguage\":\"de\"}]}<\/script>\n<!-- \/ Yoast SEO plugin. -->","yoast_head_json":{"title":"fairtont. Der Weltladen-Podcast - Weltladen Biberach","robots":{"index":"index","follow":"follow","max-snippet":"max-snippet:-1","max-image-preview":"max-image-preview:large","max-video-preview":"max-video-preview:-1"},"canonical":"https:\/\/weltlaeden.de\/biberach\/fairtont-der-weltladen-podcast-2\/","og_locale":"de_DE","og_type":"article","og_title":"fairtont. Der Weltladen-Podcast - Weltladen Biberach","og_description":"[vc_row][vc_column][\/vc_column][\/vc_row][vc_row][vc_column][vc_empty_space height=&#8220;20px&#8220;][\/vc_column][\/vc_row][vc_row][vc_column][vc_column_text] fairtont. Der Weltladen-Podcast Fair was?! \u2013 fairtont. Also Fairer Handel f\u00fcr die Ohren. Weltl\u00e4den sind Fachgesch\u00e4fte f\u00fcr Fairen Handel und haben viel zu bieten. Davon erz\u00e4hlen euch Laura und Solveig in diesem Podcast. Podcast-Liebhaber*innen und interessierte Menschen erwarten spannende Themen aus der Weltladen-Welt. Laura und Solveig sprechen \u00fcber Kaffee aus Fairem Handel, Textilien&hellip;","og_url":"https:\/\/weltlaeden.de\/biberach\/fairtont-der-weltladen-podcast-2\/","og_site_name":"Weltladen Biberach","article_modified_time":"2024-07-01T20:41:48+00:00","og_image":[{"url":"https:\/\/weltlaeden.de\/vorlagensammlung\/wp-content\/uploads\/sites\/3\/2021\/12\/fairtont-der-weltladen-podcast_1200x500.png","type":"","width":"","height":""}],"twitter_card":"summary_large_image","twitter_misc":{"Gesch\u00e4tzte Lesezeit":"1\u00a0Minute"},"schema":{"@context":"https:\/\/schema.org","@graph":[{"@type":"WebPage","@id":"https:\/\/weltlaeden.de\/biberach\/fairtont-der-weltladen-podcast-2\/","url":"https:\/\/weltlaeden.de\/biberach\/fairtont-der-weltladen-podcast-2\/","name":"fairtont. Der Weltladen-Podcast - Weltladen Biberach","isPartOf":{"@id":"https:\/\/weltlaeden.de\/biberach\/#website"},"primaryImageOfPage":{"@id":"https:\/\/weltlaeden.de\/biberach\/fairtont-der-weltladen-podcast-2\/#primaryimage"},"image":{"@id":"https:\/\/weltlaeden.de\/biberach\/fairtont-der-weltladen-podcast-2\/#primaryimage"},"thumbnailUrl":"https:\/\/weltlaeden.de\/vorlagensammlung\/wp-content\/uploads\/sites\/3\/2021\/12\/fairtont-der-weltladen-podcast_1200x500.png","datePublished":"2024-06-18T16:09:18+00:00","dateModified":"2024-07-01T20:41:48+00:00","breadcrumb":{"@id":"https:\/\/weltlaeden.de\/biberach\/fairtont-der-weltladen-podcast-2\/#breadcrumb"},"inLanguage":"de","potentialAction":[{"@type":"ReadAction","target":["https:\/\/weltlaeden.de\/biberach\/fairtont-der-weltladen-podcast-2\/"]}]},{"@type":"ImageObject","inLanguage":"de","@id":"https:\/\/weltlaeden.de\/biberach\/fairtont-der-weltladen-podcast-2\/#primaryimage","url":"https:\/\/weltlaeden.de\/vorlagensammlung\/wp-content\/uploads\/sites\/3\/2021\/12\/fairtont-der-weltladen-podcast_1200x500.png","contentUrl":"https:\/\/weltlaeden.de\/vorlagensammlung\/wp-content\/uploads\/sites\/3\/2021\/12\/fairtont-der-weltladen-podcast_1200x500.png"},{"@type":"BreadcrumbList","@id":"https:\/\/weltlaeden.de\/biberach\/fairtont-der-weltladen-podcast-2\/#breadcrumb","itemListElement":[{"@type":"ListItem","position":1,"name":"Startseite","item":"https:\/\/weltlaeden.de\/biberach\/"},{"@type":"ListItem","position":2,"name":"fairtont. Der Weltladen-Podcast"}]},{"@type":"WebSite","@id":"https:\/\/weltlaeden.de\/biberach\/#website","url":"https:\/\/weltlaeden.de\/biberach\/","name":"Vorlage","description":"Faire Produkte seit 1981","potentialAction":[{"@type":"SearchAction","target":{"@type":"EntryPoint","urlTemplate":"https:\/\/weltlaeden.de\/biberach\/?s={search_term_string}"},"query-input":{"@type":"PropertyValueSpecification","valueRequired":true,"valueName":"search_term_string"}}],"inLanguage":"de"}]}},"_links":{"self":[{"href":"https:\/\/weltlaeden.de\/biberach\/wp-json\/wp\/v2\/pages\/512","targetHints":{"allow":["GET"]}}],"collection":[{"href":"https:\/\/weltlaeden.de\/biberach\/wp-json\/wp\/v2\/pages"}],"about":[{"href":"https:\/\/weltlaeden.de\/biberach\/wp-json\/wp\/v2\/types\/page"}],"author":[{"embeddable":true,"href":"https:\/\/weltlaeden.de\/biberach\/wp-json\/wp\/v2\/users\/75"}],"replies":[{"embeddable":true,"href":"https:\/\/weltlaeden.de\/biberach\/wp-json\/wp\/v2\/comments?post=512"}],"version-history":[{"count":2,"href":"https:\/\/weltlaeden.de\/biberach\/wp-json\/wp\/v2\/pages\/512\/revisions"}],"predecessor-version":[{"id":695,"href":"https:\/\/weltlaeden.de\/biberach\/wp-json\/wp\/v2\/pages\/512\/revisions\/695"}],"wp:attachment":[{"href":"https:\/\/weltlaeden.de\/biberach\/wp-json\/wp\/v2\/media?parent=512"}],"curies":[{"name":"wp","href":"https:\/\/api.w.org\/{rel}","templated":true}]}}