{"id":361,"date":"2018-04-05T09:52:53","date_gmt":"2018-04-05T07:52:53","guid":{"rendered":"https:\/\/weltlaeden.de\/biberach\/?page_id=361"},"modified":"2025-04-14T22:43:50","modified_gmt":"2025-04-14T20:43:50","slug":"presse","status":"publish","type":"page","link":"https:\/\/weltlaeden.de\/biberach\/presse\/","title":{"rendered":"Presse"},"content":{"rendered":"<div class=\"wpb-content-wrapper\"><p>[vc_row][vc_column][vc_column_text css=&#8220;&#8220;]<\/p>\n<h1>Presse<\/h1>\n<p>[\/vc_column_text][vc_empty_space height=&#8220;20px&#8220;][vc_column_text css=&#8220;&#8220;]<\/p>\n<h2>Biberach Kommunal Heft Nummer 14\/2025<\/h2>\n<p>[\/vc_column_text][vc_empty_space height=&#8220;20px&#8220;]<div class=\"wl_einzelbild\"><p><a href=\"https:\/\/weltlaeden.de\/biberach\/wp-content\/uploads\/sites\/49\/2025\/04\/Biko-Heft-Nummer-14-2025-scaled.jpg\"><img loading=\"lazy\" decoding=\"async\" class=\"alignnone wp-image-851 \" src=\"https:\/\/weltlaeden.de\/biberach\/wp-content\/uploads\/sites\/49\/2025\/04\/Biko-Heft-Nummer-14-2025-267x300.jpg\" alt=\"\" width=\"825\" height=\"927\" srcset=\"https:\/\/weltlaeden.de\/biberach\/wp-content\/uploads\/sites\/49\/2025\/04\/Biko-Heft-Nummer-14-2025-267x300.jpg 267w, https:\/\/weltlaeden.de\/biberach\/wp-content\/uploads\/sites\/49\/2025\/04\/Biko-Heft-Nummer-14-2025-910x1024.jpg 910w, https:\/\/weltlaeden.de\/biberach\/wp-content\/uploads\/sites\/49\/2025\/04\/Biko-Heft-Nummer-14-2025-768x864.jpg 768w, https:\/\/weltlaeden.de\/biberach\/wp-content\/uploads\/sites\/49\/2025\/04\/Biko-Heft-Nummer-14-2025-1365x1536.jpg 1365w, https:\/\/weltlaeden.de\/biberach\/wp-content\/uploads\/sites\/49\/2025\/04\/Biko-Heft-Nummer-14-2025-1821x2048.jpg 1821w\" sizes=\"auto, (max-width: 825px) 100vw, 825px\" \/><\/a><\/p><\/div>[vc_empty_space height=&#8220;20px&#8220;][vc_column_text css=&#8220;&#8220;]<\/p>\n<h2>Bericht in der Schw\u00e4bischen Zeitung vom 13.06.2024 \u00fcber die Fairen B\u00e4lle im Weltladen Biberach<\/h2>\n<p>[\/vc_column_text][vc_empty_space height=&#8220;20px&#8220;]<div class=\"wl_einzelbild\"><p><img loading=\"lazy\" decoding=\"async\" class=\"alignnone wp-image-618\" src=\"https:\/\/weltlaeden.de\/biberach\/wp-content\/uploads\/sites\/49\/2024\/06\/IMG-20240619-WA0004-262x300.jpg\" alt=\"\" width=\"801\" height=\"917\" srcset=\"https:\/\/weltlaeden.de\/biberach\/wp-content\/uploads\/sites\/49\/2024\/06\/IMG-20240619-WA0004-262x300.jpg 262w, https:\/\/weltlaeden.de\/biberach\/wp-content\/uploads\/sites\/49\/2024\/06\/IMG-20240619-WA0004-895x1024.jpg 895w, https:\/\/weltlaeden.de\/biberach\/wp-content\/uploads\/sites\/49\/2024\/06\/IMG-20240619-WA0004-768x879.jpg 768w, https:\/\/weltlaeden.de\/biberach\/wp-content\/uploads\/sites\/49\/2024\/06\/IMG-20240619-WA0004-1342x1536.jpg 1342w, https:\/\/weltlaeden.de\/biberach\/wp-content\/uploads\/sites\/49\/2024\/06\/IMG-20240619-WA0004.jpg 1458w\" sizes=\"auto, (max-width: 801px) 100vw, 801px\" \/><\/p><\/div>[vc_empty_space height=&#8220;20px&#8220;][\/vc_column][\/vc_row]<\/p>\n<\/div>","protected":false},"excerpt":{"rendered":"<p>[vc_row][vc_column][vc_column_text css=&#8220;&#8220;] Presse [\/vc_column_text][vc_empty_space height=&#8220;20px&#8220;][vc_column_text css=&#8220;&#8220;] Biberach Kommunal Heft Nummer 14\/2025 [\/vc_column_text][vc_empty_space height=&#8220;20px&#8220;][vc_empty_space height=&#8220;20px&#8220;][vc_column_text css=&#8220;&#8220;] Bericht in der Schw\u00e4bischen Zeitung vom 13.06.2024 \u00fcber die Fairen B\u00e4lle im Weltladen Biberach [\/vc_column_text][vc_empty_space height=&#8220;20px&#8220;][vc_empty_space height=&#8220;20px&#8220;][\/vc_column][\/vc_row]<\/p>\n","protected":false},"author":1,"featured_media":0,"parent":0,"menu_order":9,"comment_status":"closed","ping_status":"closed","template":"","meta":{"footnotes":""},"class_list":["post-361","page","type-page","status-publish","hentry","description-off"],"yoast_head":"<!-- This site is optimized with the Yoast SEO plugin v26.8 - https:\/\/yoast.com\/product\/yoast-seo-wordpress\/ -->\n<title>Presse - Weltladen Biberach<\/title>\n<meta name=\"robots\" content=\"index, follow, max-snippet:-1, max-image-preview:large, max-video-preview:-1\" \/>\n<link rel=\"canonical\" href=\"https:\/\/weltlaeden.de\/biberach\/presse\/\" \/>\n<meta property=\"og:locale\" content=\"de_DE\" \/>\n<meta property=\"og:type\" content=\"article\" \/>\n<meta property=\"og:title\" content=\"Presse - Weltladen Biberach\" \/>\n<meta property=\"og:description\" content=\"[vc_row][vc_column][vc_column_text css=&#8220;&#8220;] Presse [\/vc_column_text][vc_empty_space height=&#8220;20px&#8220;][vc_column_text css=&#8220;&#8220;] Biberach Kommunal Heft Nummer 14\/2025 [\/vc_column_text][vc_empty_space height=&#8220;20px&#8220;][vc_empty_space height=&#8220;20px&#8220;][vc_column_text css=&#8220;&#8220;] Bericht in der Schw\u00e4bischen Zeitung vom 13.06.2024 \u00fcber die Fairen B\u00e4lle im Weltladen Biberach [\/vc_column_text][vc_empty_space height=&#8220;20px&#8220;][vc_empty_space height=&#8220;20px&#8220;][\/vc_column][\/vc_row]\" \/>\n<meta property=\"og:url\" content=\"https:\/\/weltlaeden.de\/biberach\/presse\/\" \/>\n<meta property=\"og:site_name\" content=\"Weltladen Biberach\" \/>\n<meta property=\"article:modified_time\" content=\"2025-04-14T20:43:50+00:00\" \/>\n<meta property=\"og:image\" content=\"https:\/\/weltlaeden.de\/biberach\/wp-content\/uploads\/sites\/49\/2025\/04\/Biko-Heft-Nummer-14-2025-scaled.jpg\" \/>\n\t<meta property=\"og:image:width\" content=\"2276\" \/>\n\t<meta property=\"og:image:height\" content=\"2560\" \/>\n\t<meta property=\"og:image:type\" content=\"image\/jpeg\" \/>\n<meta name=\"twitter:card\" content=\"summary_large_image\" \/>\n<meta name=\"twitter:label1\" content=\"Gesch\u00e4tzte Lesezeit\" \/>\n\t<meta name=\"twitter:data1\" content=\"1\u00a0Minute\" \/>\n<script type=\"application\/ld+json\" class=\"yoast-schema-graph\">{\"@context\":\"https:\/\/schema.org\",\"@graph\":[{\"@type\":\"WebPage\",\"@id\":\"https:\/\/weltlaeden.de\/biberach\/presse\/\",\"url\":\"https:\/\/weltlaeden.de\/biberach\/presse\/\",\"name\":\"Presse - Weltladen Biberach\",\"isPartOf\":{\"@id\":\"https:\/\/weltlaeden.de\/biberach\/#website\"},\"primaryImageOfPage\":{\"@id\":\"https:\/\/weltlaeden.de\/biberach\/presse\/#primaryimage\"},\"image\":{\"@id\":\"https:\/\/weltlaeden.de\/biberach\/presse\/#primaryimage\"},\"thumbnailUrl\":\"https:\/\/weltlaeden.de\/biberach\/wp-content\/uploads\/sites\/49\/2025\/04\/Biko-Heft-Nummer-14-2025-267x300.jpg\",\"datePublished\":\"2018-04-05T07:52:53+00:00\",\"dateModified\":\"2025-04-14T20:43:50+00:00\",\"breadcrumb\":{\"@id\":\"https:\/\/weltlaeden.de\/biberach\/presse\/#breadcrumb\"},\"inLanguage\":\"de\",\"potentialAction\":[{\"@type\":\"ReadAction\",\"target\":[\"https:\/\/weltlaeden.de\/biberach\/presse\/\"]}]},{\"@type\":\"ImageObject\",\"inLanguage\":\"de\",\"@id\":\"https:\/\/weltlaeden.de\/biberach\/presse\/#primaryimage\",\"url\":\"https:\/\/weltlaeden.de\/biberach\/wp-content\/uploads\/sites\/49\/2025\/04\/Biko-Heft-Nummer-14-2025-scaled.jpg\",\"contentUrl\":\"https:\/\/weltlaeden.de\/biberach\/wp-content\/uploads\/sites\/49\/2025\/04\/Biko-Heft-Nummer-14-2025-scaled.jpg\",\"width\":2276,\"height\":2560},{\"@type\":\"BreadcrumbList\",\"@id\":\"https:\/\/weltlaeden.de\/biberach\/presse\/#breadcrumb\",\"itemListElement\":[{\"@type\":\"ListItem\",\"position\":1,\"name\":\"Startseite\",\"item\":\"https:\/\/weltlaeden.de\/biberach\/\"},{\"@type\":\"ListItem\",\"position\":2,\"name\":\"Presse\"}]},{\"@type\":\"WebSite\",\"@id\":\"https:\/\/weltlaeden.de\/biberach\/#website\",\"url\":\"https:\/\/weltlaeden.de\/biberach\/\",\"name\":\"Vorlage\",\"description\":\"Faire Produkte seit 1981\",\"potentialAction\":[{\"@type\":\"SearchAction\",\"target\":{\"@type\":\"EntryPoint\",\"urlTemplate\":\"https:\/\/weltlaeden.de\/biberach\/?s={search_term_string}\"},\"query-input\":{\"@type\":\"PropertyValueSpecification\",\"valueRequired\":true,\"valueName\":\"search_term_string\"}}],\"inLanguage\":\"de\"}]}<\/script>\n<!-- \/ Yoast SEO plugin. -->","yoast_head_json":{"title":"Presse - Weltladen Biberach","robots":{"index":"index","follow":"follow","max-snippet":"max-snippet:-1","max-image-preview":"max-image-preview:large","max-video-preview":"max-video-preview:-1"},"canonical":"https:\/\/weltlaeden.de\/biberach\/presse\/","og_locale":"de_DE","og_type":"article","og_title":"Presse - Weltladen Biberach","og_description":"[vc_row][vc_column][vc_column_text css=&#8220;&#8220;] Presse [\/vc_column_text][vc_empty_space height=&#8220;20px&#8220;][vc_column_text css=&#8220;&#8220;] Biberach Kommunal Heft Nummer 14\/2025 [\/vc_column_text][vc_empty_space height=&#8220;20px&#8220;][vc_empty_space height=&#8220;20px&#8220;][vc_column_text css=&#8220;&#8220;] Bericht in der Schw\u00e4bischen Zeitung vom 13.06.2024 \u00fcber die Fairen B\u00e4lle im Weltladen Biberach [\/vc_column_text][vc_empty_space height=&#8220;20px&#8220;][vc_empty_space height=&#8220;20px&#8220;][\/vc_column][\/vc_row]","og_url":"https:\/\/weltlaeden.de\/biberach\/presse\/","og_site_name":"Weltladen Biberach","article_modified_time":"2025-04-14T20:43:50+00:00","og_image":[{"width":2276,"height":2560,"url":"https:\/\/weltlaeden.de\/biberach\/wp-content\/uploads\/sites\/49\/2025\/04\/Biko-Heft-Nummer-14-2025-scaled.jpg","type":"image\/jpeg"}],"twitter_card":"summary_large_image","twitter_misc":{"Gesch\u00e4tzte Lesezeit":"1\u00a0Minute"},"schema":{"@context":"https:\/\/schema.org","@graph":[{"@type":"WebPage","@id":"https:\/\/weltlaeden.de\/biberach\/presse\/","url":"https:\/\/weltlaeden.de\/biberach\/presse\/","name":"Presse - Weltladen Biberach","isPartOf":{"@id":"https:\/\/weltlaeden.de\/biberach\/#website"},"primaryImageOfPage":{"@id":"https:\/\/weltlaeden.de\/biberach\/presse\/#primaryimage"},"image":{"@id":"https:\/\/weltlaeden.de\/biberach\/presse\/#primaryimage"},"thumbnailUrl":"https:\/\/weltlaeden.de\/biberach\/wp-content\/uploads\/sites\/49\/2025\/04\/Biko-Heft-Nummer-14-2025-267x300.jpg","datePublished":"2018-04-05T07:52:53+00:00","dateModified":"2025-04-14T20:43:50+00:00","breadcrumb":{"@id":"https:\/\/weltlaeden.de\/biberach\/presse\/#breadcrumb"},"inLanguage":"de","potentialAction":[{"@type":"ReadAction","target":["https:\/\/weltlaeden.de\/biberach\/presse\/"]}]},{"@type":"ImageObject","inLanguage":"de","@id":"https:\/\/weltlaeden.de\/biberach\/presse\/#primaryimage","url":"https:\/\/weltlaeden.de\/biberach\/wp-content\/uploads\/sites\/49\/2025\/04\/Biko-Heft-Nummer-14-2025-scaled.jpg","contentUrl":"https:\/\/weltlaeden.de\/biberach\/wp-content\/uploads\/sites\/49\/2025\/04\/Biko-Heft-Nummer-14-2025-scaled.jpg","width":2276,"height":2560},{"@type":"BreadcrumbList","@id":"https:\/\/weltlaeden.de\/biberach\/presse\/#breadcrumb","itemListElement":[{"@type":"ListItem","position":1,"name":"Startseite","item":"https:\/\/weltlaeden.de\/biberach\/"},{"@type":"ListItem","position":2,"name":"Presse"}]},{"@type":"WebSite","@id":"https:\/\/weltlaeden.de\/biberach\/#website","url":"https:\/\/weltlaeden.de\/biberach\/","name":"Vorlage","description":"Faire Produkte seit 1981","potentialAction":[{"@type":"SearchAction","target":{"@type":"EntryPoint","urlTemplate":"https:\/\/weltlaeden.de\/biberach\/?s={search_term_string}"},"query-input":{"@type":"PropertyValueSpecification","valueRequired":true,"valueName":"search_term_string"}}],"inLanguage":"de"}]}},"_links":{"self":[{"href":"https:\/\/weltlaeden.de\/biberach\/wp-json\/wp\/v2\/pages\/361","targetHints":{"allow":["GET"]}}],"collection":[{"href":"https:\/\/weltlaeden.de\/biberach\/wp-json\/wp\/v2\/pages"}],"about":[{"href":"https:\/\/weltlaeden.de\/biberach\/wp-json\/wp\/v2\/types\/page"}],"author":[{"embeddable":true,"href":"https:\/\/weltlaeden.de\/biberach\/wp-json\/wp\/v2\/users\/1"}],"replies":[{"embeddable":true,"href":"https:\/\/weltlaeden.de\/biberach\/wp-json\/wp\/v2\/comments?post=361"}],"version-history":[{"count":19,"href":"https:\/\/weltlaeden.de\/biberach\/wp-json\/wp\/v2\/pages\/361\/revisions"}],"predecessor-version":[{"id":852,"href":"https:\/\/weltlaeden.de\/biberach\/wp-json\/wp\/v2\/pages\/361\/revisions\/852"}],"wp:attachment":[{"href":"https:\/\/weltlaeden.de\/biberach\/wp-json\/wp\/v2\/media?parent=361"}],"curies":[{"name":"wp","href":"https:\/\/api.w.org\/{rel}","templated":true}]}}