{"id":23,"date":"2016-10-14T09:05:21","date_gmt":"2016-10-14T07:05:21","guid":{"rendered":"https:\/\/wl.heimpixel.de\/vorlage\/termine\/"},"modified":"2024-07-01T22:38:22","modified_gmt":"2024-07-01T20:38:22","slug":"termine","status":"publish","type":"page","link":"https:\/\/weltlaeden.de\/biberach\/termine\/","title":{"rendered":"Termine"},"content":{"rendered":"<div class=\"wpb-content-wrapper\"><p>[vc_row][vc_column]<div class=\"wl_einzelbild\"><p><img loading=\"lazy\" decoding=\"async\" class=\"alignnone wp-image-630\" src=\"https:\/\/weltlaeden.de\/biberach\/wp-content\/uploads\/sites\/49\/2024\/06\/Holstentoruhr-1-258x300-1.jpg\" alt=\"\" width=\"417\" height=\"485\" \/><\/p><\/div>[vc_empty_space height=&#8220;20px&#8220;][vc_column_text]<\/p>\n<h1>Termine<\/h1>\n<h4><\/h4>\n<p>[\/vc_column_text][vc_empty_space height=&#8220;20px&#8220;][\/vc_column][\/vc_row][vc_row][vc_column width=&#8220;2\/3&#8243;][vc_column_text]<\/p>\n<h2>Kommende Termine<\/h2>\n<p>[\/vc_column_text]<ul class=\"termine-page current aktuell\">[vc_empty_space height=&#8220;20px&#8220;][vc_column_text]<\/p>\n<h2>Vergangene Termine<\/h2>\n<p>[\/vc_column_text]<ul class=\"termine-page past vergangen\"><li><h5 class=\"termine-titel\"><a href=\"https:\/\/weltlaeden.de\/biberach\/termin\/kakao-und-schokolade-im-fairen-handel-am-13-02-2026-19-bis-21-uhr-im-weltladen-biberach\/\">Kakao und Schokolade im fairen Handel am 13.02.2026 19 bis 21 Uhr im Weltladen Biberach<\/a><\/h5><p class=\"termine-date\">Fr., 13.02.2026, 19:00 bis 13.02.2026, 21:00<\/p><p class=\"termine-auszug\"><p style=\"text-align: left\">Die Welt des Kakaos entdecken und Schokolade genie\u00dfen. Das bietet das Seminar \u201eKakao und Schokolade im fairen Handel\u201c am Freitag, 13.02.2026 von 19 bis 21 Uhr im Weltladen Biberach. Die Teilnehmer verkosten rund zehn verschiedene Schokoladensorten, darunter auch Schokolade die direkt in Afrika hergestellt wurde sowie eine w\u00fcrzige Trinkschokolade nach traditioneller Azteken-Art. Neben dem sinnlichen Erlebnis steht laut Ank\u00fcndigung des Veranstalters auch der informative Aspekt im Vordergrund. Die Referentin gibt es Einblicke in die Urspr\u00fcnge des Kakaos, erl\u00e4utert die aktuelle Situation der Kakaobauern in den wichtigsten Anbaugebieten und beleuchtet die Bedeutung des fairen Handels. \u00a0Zudem erfahren die Teilnehmer, wie bewusster Konsum dazu beitragen kann, die Lebens-und Arbeitsbedingungen der Menschen vor Ort zu verbessern. Ein genussvoller Abend, der Geschmack und Wissen verbindet.<\/p> <p style=\"text-align: left\">Anmeldung unter www. vhs-biberach.de, per Mail an vhs@biberach.de oder Telefon 07351 51 338<\/p><p class=termine-ort\"><small>Ort: <i>Weltladen Biberach<\/i><\/small><\/p><\/li><li><h5 class=\"termine-titel\"><a href=\"https:\/\/weltlaeden.de\/biberach\/termin\/film-make-the-world-a-better-place-im-gemeindehaus-st-martin-kirchplatz-3-kleiner-saal\/\">Film &#8222;MAKE THE WORLD A BETTER PLACE&#8220; im Gemeindehaus St. Martin, Kirchplatz 3, Kleiner Saal<\/a><\/h5><p class=\"termine-date\">Do., 25.09.2025, 19:00 bis 25.09.2025, 23:00<\/p><p class=\"termine-auszug\">Am 25.09.2025 19:00 Uhr findet im Gemeindehaus St. Martin, Kirchplatz 3 im kleinen Saal eine Filmvorf\u00fchrung zusammen mit der Lokalen Agenda Biberach statt. Gezeigt wird der Film \"MAKE THE WORLD A BETTER PLACE\" \u00fcber die UN-Nachhaltigheits-Ziele und den Fairen Handel. &nbsp;<p class=termine-ort\"><small>Ort: <i>Gemeindehaus St. Martin<\/i><\/small><\/p><\/li><li><h5 class=\"termine-titel\"><a href=\"https:\/\/weltlaeden.de\/biberach\/termin\/schokoladen-verkostung-im-weltladen\/\">Schokoladen-Verkostung im Weltladen<\/a><\/h5><p class=\"termine-date\">Sa., 13.09.2025, 09:00 bis 13.09.2025, 23:00<\/p><p class=\"termine-auszug\">Am 13.09.2025 findet von 9 bis 13 Uhr eine Schokoladen Verkostung im Rahmen der Fairen Woche der Weltl\u00e4den bei uns im Laden statt.<p class=termine-ort\"><small>Ort: <i>Weltladen Biberach e.V.<\/i><\/small><\/p><\/li><li><h5 class=\"termine-titel\"><a href=\"https:\/\/weltlaeden.de\/biberach\/termin\/mango-verkauf-im-weltladen-biberach\/\">Mango Verkauf im Weltladen Biberach<\/a><\/h5><p class=\"termine-date\">Fr., 16.05.2025 bis 24.05.2025<\/p><p class=\"termine-auszug\">Vorrausichtlich ab Freitag den 16.05.2025 gibt es wieder k\u00f6stliche Mangos aus Burkina Faso bei uns im Weltladen. Der Termin ist nat\u00fcrlich wie jedes Jahr flexibel und kann sich wegen dem weiten Weg der Anreise der Mangos nach hinten schieben. Wer auf Nummer sicher gehen m\u00f6chte, der kann sich ab sofort telefonisch (BC 13920) oder vor Ort im Laden Mangos reservieren lassen.<p class=termine-ort\"><small>Ort: <i>Weltladen Biberach e.V.<\/i><\/small><\/p><\/li><li><h5 class=\"termine-titel\"><a href=\"https:\/\/weltlaeden.de\/biberach\/termin\/1\/\">STADTRADELN 2025 &#8211; Radeln f\u00fcr ein gutes Klima<\/a><\/h5><p class=\"termine-date\">Di., 13.05.2025 bis 02.06.2025<\/p><p class=\"termine-auszug\"><p class=\"text-center mb-30 mt-10\">Der Weltladen macht mit beim STADTRADELN vom 13.05. bis 02.06.2025<\/p><p class=termine-ort\"><small>Ort: <i>Biberach<\/i><\/small><\/p><\/li><li><h5 class=\"termine-titel\"><a href=\"https:\/\/weltlaeden.de\/biberach\/termin\/europaeischer-weltladentag-am-samstag-10-05-2025\/\">Europ\u00e4ischer Weltladentag am Samstag 10.05.2025<\/a><\/h5><p class=\"termine-date\">Sa., 10.05.2025 bis 10.05.2025<\/p><p class=\"termine-auszug\"><p class=termine-ort\"><small>Ort: <i>Weltladen Biberach e.V.<\/i><\/small><\/p><\/li><li><h5 class=\"termine-titel\"><a href=\"https:\/\/weltlaeden.de\/biberach\/termin\/beispieltermin\/\">Der Weg eines Smartphones<\/a><\/h5><p class=\"termine-date\">Fr., 28.06.2024, 19:30 bis 28.06.2024<\/p><p class=\"termine-auszug\"><p style=\"text-align: left\"><\/p> <p style=\"text-align: left\">Vortrag am Freitag 28.06.2024 19:30 Uhr im Ratssaal des Rathaus Biberach<\/p> <p style=\"text-align: left\">und Ausstellung im Rathaus Biberach vom 24.06. bis 05.07.2024<\/p><p class=termine-ort\"><small>Ort: <i>Stadt Biberach Rathaus<\/i><\/small><\/p><\/li><li><h5 class=\"termine-titel\"><a href=\"https:\/\/weltlaeden.de\/biberach\/termin\/stadtradeln-radeln-fuer-ein-gutes-klima\/\">STADTRADELN Radeln f\u00fcr ein gutes Klima<\/a><\/h5><p class=\"termine-date\">Mi., 12.06.2024 bis 02.07.2024<\/p><p class=\"termine-auszug\">Der Weltladen macht mit beim Stadtradeln vom 12.06. bis 02.07.2024<p class=termine-ort\"><small>Ort: <i>Stadt Biberach<\/i><\/small><\/p><\/li><li><h5 class=\"termine-titel\"><a href=\"https:\/\/weltlaeden.de\/biberach\/termin\/mangos-im-weltladen\/\">Mangos im Weltladen<\/a><\/h5><p class=\"termine-date\">Fr., 19.04.2024 bis 18.06.2024<\/p><p class=\"termine-auszug\">Es ist soweit: n\u00e4chste Woche kommen die beliebten (Flug-) MANGOS bei uns an. Der Verkauf startet am Freitag, den 19. April 24 im Weltladen Biberach. Wer auf Nummer sicher gehen m\u00f6chte, der kann sich ab sofort telefonisch (BC 13920) oder vor Ort im Laden Mangos reservieren lassen.<p class=termine-ort\"><small>Ort: <i>Weltladen<\/i><\/small><\/p><\/li><\/ul>[vc_empty_space height=&#8220;20px&#8220;][\/vc_column][\/vc_row]<\/p>\n<\/div>","protected":false},"excerpt":{"rendered":"<p>[vc_row][vc_column][vc_empty_space height=&#8220;20px&#8220;][vc_column_text] Termine [\/vc_column_text][vc_empty_space height=&#8220;20px&#8220;][\/vc_column][\/vc_row][vc_row][vc_column width=&#8220;2\/3&#8243;][vc_column_text] Kommende Termine [\/vc_column_text][vc_empty_space height=&#8220;20px&#8220;][vc_column_text] Vergangene Termine [\/vc_column_text][vc_empty_space height=&#8220;20px&#8220;][\/vc_column][\/vc_row]<\/p>\n","protected":false},"author":1,"featured_media":0,"parent":0,"menu_order":5,"comment_status":"closed","ping_status":"closed","template":"","meta":{"footnotes":""},"class_list":["post-23","page","type-page","status-publish","hentry","description-off"],"yoast_head":"<!-- This site is optimized with the Yoast SEO plugin v26.8 - https:\/\/yoast.com\/product\/yoast-seo-wordpress\/ -->\n<title>Termine - Weltladen Biberach<\/title>\n<meta name=\"robots\" content=\"index, follow, max-snippet:-1, max-image-preview:large, max-video-preview:-1\" \/>\n<link rel=\"canonical\" href=\"https:\/\/weltlaeden.de\/biberach\/termine\/\" \/>\n<meta property=\"og:locale\" content=\"de_DE\" \/>\n<meta property=\"og:type\" content=\"article\" \/>\n<meta property=\"og:title\" content=\"Termine - Weltladen Biberach\" \/>\n<meta property=\"og:description\" content=\"[vc_row][vc_column][vc_empty_space height=&#8220;20px&#8220;][vc_column_text] Termine [\/vc_column_text][vc_empty_space height=&#8220;20px&#8220;][\/vc_column][\/vc_row][vc_row][vc_column width=&#8220;2\/3&#8243;][vc_column_text] Kommende Termine [\/vc_column_text][vc_empty_space height=&#8220;20px&#8220;][vc_column_text] Vergangene Termine [\/vc_column_text][vc_empty_space height=&#8220;20px&#8220;][\/vc_column][\/vc_row]\" \/>\n<meta property=\"og:url\" content=\"https:\/\/weltlaeden.de\/biberach\/termine\/\" \/>\n<meta property=\"og:site_name\" content=\"Weltladen Biberach\" \/>\n<meta property=\"article:modified_time\" content=\"2024-07-01T20:38:22+00:00\" \/>\n<meta property=\"og:image\" content=\"https:\/\/weltlaeden.de\/biberach\/wp-content\/uploads\/sites\/49\/2024\/06\/Holstentoruhr-1-258x300-1.jpg\" \/>\n<meta name=\"twitter:card\" content=\"summary_large_image\" \/>\n<meta name=\"twitter:label1\" content=\"Gesch\u00e4tzte Lesezeit\" \/>\n\t<meta name=\"twitter:data1\" content=\"1\u00a0Minute\" \/>\n<script type=\"application\/ld+json\" class=\"yoast-schema-graph\">{\"@context\":\"https:\/\/schema.org\",\"@graph\":[{\"@type\":\"WebPage\",\"@id\":\"https:\/\/weltlaeden.de\/biberach\/termine\/\",\"url\":\"https:\/\/weltlaeden.de\/biberach\/termine\/\",\"name\":\"Termine - Weltladen Biberach\",\"isPartOf\":{\"@id\":\"https:\/\/weltlaeden.de\/biberach\/#website\"},\"primaryImageOfPage\":{\"@id\":\"https:\/\/weltlaeden.de\/biberach\/termine\/#primaryimage\"},\"image\":{\"@id\":\"https:\/\/weltlaeden.de\/biberach\/termine\/#primaryimage\"},\"thumbnailUrl\":\"https:\/\/weltlaeden.de\/biberach\/wp-content\/uploads\/sites\/49\/2024\/06\/Holstentoruhr-1-258x300-1.jpg\",\"datePublished\":\"2016-10-14T07:05:21+00:00\",\"dateModified\":\"2024-07-01T20:38:22+00:00\",\"breadcrumb\":{\"@id\":\"https:\/\/weltlaeden.de\/biberach\/termine\/#breadcrumb\"},\"inLanguage\":\"de\",\"potentialAction\":[{\"@type\":\"ReadAction\",\"target\":[\"https:\/\/weltlaeden.de\/biberach\/termine\/\"]}]},{\"@type\":\"ImageObject\",\"inLanguage\":\"de\",\"@id\":\"https:\/\/weltlaeden.de\/biberach\/termine\/#primaryimage\",\"url\":\"https:\/\/weltlaeden.de\/biberach\/wp-content\/uploads\/sites\/49\/2024\/06\/Holstentoruhr-1-258x300-1.jpg\",\"contentUrl\":\"https:\/\/weltlaeden.de\/biberach\/wp-content\/uploads\/sites\/49\/2024\/06\/Holstentoruhr-1-258x300-1.jpg\",\"width\":258,\"height\":300},{\"@type\":\"BreadcrumbList\",\"@id\":\"https:\/\/weltlaeden.de\/biberach\/termine\/#breadcrumb\",\"itemListElement\":[{\"@type\":\"ListItem\",\"position\":1,\"name\":\"Startseite\",\"item\":\"https:\/\/weltlaeden.de\/biberach\/\"},{\"@type\":\"ListItem\",\"position\":2,\"name\":\"Termine\"}]},{\"@type\":\"WebSite\",\"@id\":\"https:\/\/weltlaeden.de\/biberach\/#website\",\"url\":\"https:\/\/weltlaeden.de\/biberach\/\",\"name\":\"Vorlage\",\"description\":\"Faire Produkte seit 1981\",\"potentialAction\":[{\"@type\":\"SearchAction\",\"target\":{\"@type\":\"EntryPoint\",\"urlTemplate\":\"https:\/\/weltlaeden.de\/biberach\/?s={search_term_string}\"},\"query-input\":{\"@type\":\"PropertyValueSpecification\",\"valueRequired\":true,\"valueName\":\"search_term_string\"}}],\"inLanguage\":\"de\"}]}<\/script>\n<!-- \/ Yoast SEO plugin. -->","yoast_head_json":{"title":"Termine - Weltladen Biberach","robots":{"index":"index","follow":"follow","max-snippet":"max-snippet:-1","max-image-preview":"max-image-preview:large","max-video-preview":"max-video-preview:-1"},"canonical":"https:\/\/weltlaeden.de\/biberach\/termine\/","og_locale":"de_DE","og_type":"article","og_title":"Termine - Weltladen Biberach","og_description":"[vc_row][vc_column][vc_empty_space height=&#8220;20px&#8220;][vc_column_text] Termine [\/vc_column_text][vc_empty_space height=&#8220;20px&#8220;][\/vc_column][\/vc_row][vc_row][vc_column width=&#8220;2\/3&#8243;][vc_column_text] Kommende Termine [\/vc_column_text][vc_empty_space height=&#8220;20px&#8220;][vc_column_text] Vergangene Termine [\/vc_column_text][vc_empty_space height=&#8220;20px&#8220;][\/vc_column][\/vc_row]","og_url":"https:\/\/weltlaeden.de\/biberach\/termine\/","og_site_name":"Weltladen Biberach","article_modified_time":"2024-07-01T20:38:22+00:00","og_image":[{"url":"https:\/\/weltlaeden.de\/biberach\/wp-content\/uploads\/sites\/49\/2024\/06\/Holstentoruhr-1-258x300-1.jpg","type":"","width":"","height":""}],"twitter_card":"summary_large_image","twitter_misc":{"Gesch\u00e4tzte Lesezeit":"1\u00a0Minute"},"schema":{"@context":"https:\/\/schema.org","@graph":[{"@type":"WebPage","@id":"https:\/\/weltlaeden.de\/biberach\/termine\/","url":"https:\/\/weltlaeden.de\/biberach\/termine\/","name":"Termine - Weltladen Biberach","isPartOf":{"@id":"https:\/\/weltlaeden.de\/biberach\/#website"},"primaryImageOfPage":{"@id":"https:\/\/weltlaeden.de\/biberach\/termine\/#primaryimage"},"image":{"@id":"https:\/\/weltlaeden.de\/biberach\/termine\/#primaryimage"},"thumbnailUrl":"https:\/\/weltlaeden.de\/biberach\/wp-content\/uploads\/sites\/49\/2024\/06\/Holstentoruhr-1-258x300-1.jpg","datePublished":"2016-10-14T07:05:21+00:00","dateModified":"2024-07-01T20:38:22+00:00","breadcrumb":{"@id":"https:\/\/weltlaeden.de\/biberach\/termine\/#breadcrumb"},"inLanguage":"de","potentialAction":[{"@type":"ReadAction","target":["https:\/\/weltlaeden.de\/biberach\/termine\/"]}]},{"@type":"ImageObject","inLanguage":"de","@id":"https:\/\/weltlaeden.de\/biberach\/termine\/#primaryimage","url":"https:\/\/weltlaeden.de\/biberach\/wp-content\/uploads\/sites\/49\/2024\/06\/Holstentoruhr-1-258x300-1.jpg","contentUrl":"https:\/\/weltlaeden.de\/biberach\/wp-content\/uploads\/sites\/49\/2024\/06\/Holstentoruhr-1-258x300-1.jpg","width":258,"height":300},{"@type":"BreadcrumbList","@id":"https:\/\/weltlaeden.de\/biberach\/termine\/#breadcrumb","itemListElement":[{"@type":"ListItem","position":1,"name":"Startseite","item":"https:\/\/weltlaeden.de\/biberach\/"},{"@type":"ListItem","position":2,"name":"Termine"}]},{"@type":"WebSite","@id":"https:\/\/weltlaeden.de\/biberach\/#website","url":"https:\/\/weltlaeden.de\/biberach\/","name":"Vorlage","description":"Faire Produkte seit 1981","potentialAction":[{"@type":"SearchAction","target":{"@type":"EntryPoint","urlTemplate":"https:\/\/weltlaeden.de\/biberach\/?s={search_term_string}"},"query-input":{"@type":"PropertyValueSpecification","valueRequired":true,"valueName":"search_term_string"}}],"inLanguage":"de"}]}},"_links":{"self":[{"href":"https:\/\/weltlaeden.de\/biberach\/wp-json\/wp\/v2\/pages\/23","targetHints":{"allow":["GET"]}}],"collection":[{"href":"https:\/\/weltlaeden.de\/biberach\/wp-json\/wp\/v2\/pages"}],"about":[{"href":"https:\/\/weltlaeden.de\/biberach\/wp-json\/wp\/v2\/types\/page"}],"author":[{"embeddable":true,"href":"https:\/\/weltlaeden.de\/biberach\/wp-json\/wp\/v2\/users\/1"}],"replies":[{"embeddable":true,"href":"https:\/\/weltlaeden.de\/biberach\/wp-json\/wp\/v2\/comments?post=23"}],"version-history":[{"count":15,"href":"https:\/\/weltlaeden.de\/biberach\/wp-json\/wp\/v2\/pages\/23\/revisions"}],"predecessor-version":[{"id":691,"href":"https:\/\/weltlaeden.de\/biberach\/wp-json\/wp\/v2\/pages\/23\/revisions\/691"}],"wp:attachment":[{"href":"https:\/\/weltlaeden.de\/biberach\/wp-json\/wp\/v2\/media?parent=23"}],"curies":[{"name":"wp","href":"https:\/\/api.w.org\/{rel}","templated":true}]}}