{"id":20,"date":"2024-06-17T22:00:21","date_gmt":"2024-06-17T20:00:21","guid":{"rendered":"https:\/\/wl.heimpixel.de\/vorlage\/weltladen-musterdorf\/"},"modified":"2024-08-05T23:04:13","modified_gmt":"2024-08-05T21:04:13","slug":"weltladen-musterdorf","status":"publish","type":"page","link":"https:\/\/weltlaeden.de\/biberach\/","title":{"rendered":"Weltladen Biberach"},"content":{"rendered":"<div class=\"wpb-content-wrapper\"><p>[vc_row][vc_column][vc_empty_space height=&#8220;20px&#8220;][vc_column_text css_animation=&#8220;none&#8220; css=&#8220;&#8220;]<\/p>\n<h1>Lassen Sie sich FAIRzaubern und FAIRf\u00fchren<\/h1>\n<p>[\/vc_column_text][vc_empty_space height=&#8220;20px&#8220;]<div class=\"wl_einzelbild\"><p><img loading=\"lazy\" decoding=\"async\" class=\"alignnone wp-image-747\" src=\"https:\/\/weltlaeden.de\/biberach\/wp-content\/uploads\/sites\/49\/2024\/07\/20240626_105550-300x164.jpg\" alt=\"\" width=\"678\" height=\"371\" srcset=\"https:\/\/weltlaeden.de\/biberach\/wp-content\/uploads\/sites\/49\/2024\/07\/20240626_105550-300x164.jpg 300w, https:\/\/weltlaeden.de\/biberach\/wp-content\/uploads\/sites\/49\/2024\/07\/20240626_105550-1024x559.jpg 1024w, https:\/\/weltlaeden.de\/biberach\/wp-content\/uploads\/sites\/49\/2024\/07\/20240626_105550-768x419.jpg 768w, https:\/\/weltlaeden.de\/biberach\/wp-content\/uploads\/sites\/49\/2024\/07\/20240626_105550-1536x839.jpg 1536w, https:\/\/weltlaeden.de\/biberach\/wp-content\/uploads\/sites\/49\/2024\/07\/20240626_105550.jpg 2048w\" sizes=\"auto, (max-width: 678px) 100vw, 678px\" \/><\/p><\/div>[\/vc_column][\/vc_row][vc_row][vc_column][vc_column_text css=&#8220;&#8220;]<\/p>\n<h1 style=\"text-align: left\">Willkommen im Weltladen Biberach<\/h1>\n<p>[\/vc_column_text][vc_empty_space height=&#8220;20px&#8220;][vc_column_text css=&#8220;&#8220;]<\/p>\n<p style=\"text-align: center\"><strong>Unser Ziel ist Gerechtigkeit statt Mitleid<\/strong><\/p>\n<p style=\"text-align: center\">Mit unserer Arbeit wollen wir Wege aus der Verarmung erm\u00f6glichen und die wirtschaftlichen Zusammenh\u00e4nge der ungleichen Entwicklung aufzeigen. Wir wollen Existenzm\u00f6glichkeiten f\u00fcr die Menschen in den L\u00e4ndern Afrikas, Asiens und Latainamerikas sichern helfen, denn die Probleme der L\u00e4nder des S\u00fcdens lassen sich auf Dauer nicht einfach mit Spendenaktionen l\u00f6sen.<\/p>\n<p>&nbsp;<\/p>\n<p style=\"text-align: center\"><strong>Fairer Handel hei\u00dft<\/strong><\/p>\n<p style=\"margin: 0cm;text-align: center\" align=\"center\">Menschenw\u00fcrdige Arbeitsbedingungen<\/p>\n<p style=\"margin: 0cm;text-align: center\" align=\"center\">keine Kinderarbeit<\/p>\n<p style=\"margin: 0cm;text-align: center\" align=\"center\">gerechte L\u00f6hne<br \/>\nMindespreisgarantien<br \/>\nlangfristige Liefervertr\u00e4ge<br \/>\nF\u00f6rderung traditioneller Handwerkskunst<br \/>\nm\u00f6glichst umweltfreundliche Produktion<br \/>\nUnterst\u00fctzung von Ausbildungsarbeit<br \/>\nund Gesundheitsversorgung<\/p>\n<p>&nbsp;<\/p>\n<p style=\"text-align: center\"><strong>Unser Weg<\/strong><\/p>\n<p style=\"text-align: center\">Wir tun etwas gegen die Ursachen der Verarmung<br \/>\nund dem ungerechten Handel zwischen dem Norden und dem S\u00fcden.<br \/>\nWir kaufen und verkaufen Produkte landwirtschaftlicher und handwerklicher Genossenschaften<br \/>\nzu fairen Bedingungen.<\/p>\n<p>[\/vc_column_text][vc_empty_space height=&#8220;20px&#8220;][\/vc_column][\/vc_row][vc_row][vc_column][vc_column_text]<\/p>\n<h2>Was Sie auf dieser Website finden:<\/h2>\n<p>[\/vc_column_text][vc_empty_space height=&#8220;20px&#8220;][vc_row_inner][vc_column_inner width=&#8220;1\/4&#8243;]<div class=\"wl_einzelbild\"><p><img loading=\"lazy\" decoding=\"async\" class=\"alignleft size-thumbnail wp-image-nsm-3-15\" src=\"https:\/\/weltlaeden.de\/biberach\/wp-content\/uploads\/sites\/3\/2016\/11\/FairerHandel_ElPuente_Fingerpuppen_EccoExe_Peru-150x150.jpg\" alt=\"\" width=\"150\" height=\"150\" \/><\/p><\/div>[\/vc_column_inner][vc_column_inner width=&#8220;3\/4&#8243;][vc_column_text]<\/p>\n<h3>Fairer Handel<\/h3>\n<p>Was meint Fairer Handel \u00fcberhaupt? Welche Kriterien m\u00fcssen eingehalten werden und wer \u00fcberpr\u00fcft diese? <a href=\"https:\/\/weltlaeden.de\/biberach\/fairer-handel\/\">Erfahren Sie mehr &#8230;<\/a>[\/vc_column_text][\/vc_column_inner][\/vc_row_inner][vc_separator][vc_row_inner][vc_column_inner width=&#8220;1\/4&#8243;]<div class=\"wl_einzelbild\"><p><img loading=\"lazy\" decoding=\"async\" class=\"alignnone size-medium wp-image-769\" src=\"https:\/\/weltlaeden.de\/biberach\/wp-content\/uploads\/sites\/49\/2024\/07\/20240618_125933-300x248.jpg\" alt=\"\" width=\"300\" height=\"248\" srcset=\"https:\/\/weltlaeden.de\/biberach\/wp-content\/uploads\/sites\/49\/2024\/07\/20240618_125933-300x248.jpg 300w, https:\/\/weltlaeden.de\/biberach\/wp-content\/uploads\/sites\/49\/2024\/07\/20240618_125933-1024x847.jpg 1024w, https:\/\/weltlaeden.de\/biberach\/wp-content\/uploads\/sites\/49\/2024\/07\/20240618_125933-768x635.jpg 768w, https:\/\/weltlaeden.de\/biberach\/wp-content\/uploads\/sites\/49\/2024\/07\/20240618_125933-1536x1270.jpg 1536w, https:\/\/weltlaeden.de\/biberach\/wp-content\/uploads\/sites\/49\/2024\/07\/20240618_125933.jpg 2048w\" sizes=\"auto, (max-width: 300px) 100vw, 300px\" \/><\/p><\/div>[\/vc_column_inner][vc_column_inner width=&#8220;3\/4&#8243;][vc_column_text css=&#8220;&#8220;]<\/p>\n<h3>Food<\/h3>\n<p>Unsere Produkte im Weltladen sind nat\u00fcrlich alle aus Fairem Handel, dennoch kommen sie von unterschiedlichen Fair-Handels-Importeuren. <a href=\"https:\/\/weltlaeden.de\/biberach\/food\/\">Hier zeigen wir Ihnen unser Sortiment &#8230;<\/a>[\/vc_column_text][\/vc_column_inner][\/vc_row_inner][vc_row_inner][vc_column_inner width=&#8220;1\/4&#8243;]<div class=\"wl_einzelbild\"><p><img loading=\"lazy\" decoding=\"async\" class=\"alignnone size-medium wp-image-495\" src=\"https:\/\/weltlaeden.de\/biberach\/wp-content\/uploads\/sites\/49\/2024\/06\/20240618_125312-300x225.jpg\" alt=\"\" width=\"300\" height=\"225\" srcset=\"https:\/\/weltlaeden.de\/biberach\/wp-content\/uploads\/sites\/49\/2024\/06\/20240618_125312-300x225.jpg 300w, https:\/\/weltlaeden.de\/biberach\/wp-content\/uploads\/sites\/49\/2024\/06\/20240618_125312-1024x768.jpg 1024w, https:\/\/weltlaeden.de\/biberach\/wp-content\/uploads\/sites\/49\/2024\/06\/20240618_125312-768x576.jpg 768w, https:\/\/weltlaeden.de\/biberach\/wp-content\/uploads\/sites\/49\/2024\/06\/20240618_125312-1536x1152.jpg 1536w, https:\/\/weltlaeden.de\/biberach\/wp-content\/uploads\/sites\/49\/2024\/06\/20240618_125312.jpg 2048w\" sizes=\"auto, (max-width: 300px) 100vw, 300px\" \/><\/p><\/div>[\/vc_column_inner][vc_column_inner width=&#8220;3\/4&#8243;][vc_column_text css=&#8220;&#8220;]<\/p>\n<h3>Non Food<\/h3>\n<p>Unsere Produkte im Weltladen sind nat\u00fcrlich alle aus Fairem Handel, dennoch kommen sie von unterschiedlichen Fair-Handels-Importeuren.<a href=\"https:\/\/weltlaeden.de\/biberach\/non-food\/\"> Hier zeigen wir Ihnen unser Sortiment &#8230;<\/a>[\/vc_column_text][\/vc_column_inner][\/vc_row_inner][vc_separator][vc_row_inner][vc_column_inner width=&#8220;1\/4&#8243;]<div class=\"wl_einzelbild\"><p><img loading=\"lazy\" decoding=\"async\" class=\"alignnone size-medium wp-image-454\" src=\"https:\/\/weltlaeden.de\/biberach\/wp-content\/uploads\/sites\/49\/2024\/06\/20240618_124333-300x155.jpg\" alt=\"\" width=\"300\" height=\"155\" srcset=\"https:\/\/weltlaeden.de\/biberach\/wp-content\/uploads\/sites\/49\/2024\/06\/20240618_124333-300x155.jpg 300w, https:\/\/weltlaeden.de\/biberach\/wp-content\/uploads\/sites\/49\/2024\/06\/20240618_124333-1024x528.jpg 1024w, https:\/\/weltlaeden.de\/biberach\/wp-content\/uploads\/sites\/49\/2024\/06\/20240618_124333-768x396.jpg 768w, https:\/\/weltlaeden.de\/biberach\/wp-content\/uploads\/sites\/49\/2024\/06\/20240618_124333-1536x792.jpg 1536w, https:\/\/weltlaeden.de\/biberach\/wp-content\/uploads\/sites\/49\/2024\/06\/20240618_124333.jpg 2048w\" sizes=\"auto, (max-width: 300px) 100vw, 300px\" \/><\/p><\/div>[\/vc_column_inner][vc_column_inner width=&#8220;3\/4&#8243;][vc_column_text]<\/p>\n<h3>\u00dcber uns<\/h3>\n<p>Wer wir sind, warum wir uns f\u00fcr Fairen Handel engagieren und wie man bei uns mitmachen kann &#8211; <a href=\"https:\/\/weltlaeden.de\/biberach\/ueber-uns\/\">hier stellen wir uns vor &#8230;<\/a>[\/vc_column_text][\/vc_column_inner][\/vc_row_inner][vc_separator][vc_row_inner][vc_column_inner width=&#8220;1\/4&#8243;]<div class=\"wl_einzelbild\"><p><img loading=\"lazy\" decoding=\"async\" class=\"alignnone wp-image-630\" src=\"https:\/\/weltlaeden.de\/biberach\/wp-content\/uploads\/sites\/49\/2024\/06\/Holstentoruhr-1-258x300-1.jpg\" alt=\"\" width=\"276\" height=\"321\" \/><\/p><\/div>[\/vc_column_inner][vc_column_inner width=&#8220;3\/4&#8243;][vc_column_text]<\/p>\n<h3>Termine<\/h3>\n<p>Bei uns ist immer etwas los! Wir treffen uns regelm\u00e4\u00dfig zu Teamsitzungen und Fortbildungen, organisieren aber auch immer mal wieder eine Veranstaltung zum Fairen Handel und verwandten Themen. <a href=\"https:\/\/weltlaeden.de\/biberach\/termine\/\">Hier erfahren Sie was bei uns los ist \u2026<\/a><br \/>\n[\/vc_column_text][\/vc_column_inner][\/vc_row_inner][vc_separator][vc_empty_space height=&#8220;20px&#8220;][\/vc_column][\/vc_row][vc_row][vc_column][\/vc_column][\/vc_row]<\/p>\n<\/div>","protected":false},"excerpt":{"rendered":"<p>[vc_row][vc_column][vc_empty_space height=&#8220;20px&#8220;][vc_column_text css_animation=&#8220;none&#8220; css=&#8220;&#8220;] Lassen Sie sich FAIRzaubern und FAIRf\u00fchren [\/vc_column_text][vc_empty_space height=&#8220;20px&#8220;][\/vc_column][\/vc_row][vc_row][vc_column][vc_column_text css=&#8220;&#8220;] Willkommen im Weltladen Biberach [\/vc_column_text][vc_empty_space height=&#8220;20px&#8220;][vc_column_text css=&#8220;&#8220;] Unser Ziel ist Gerechtigkeit statt Mitleid Mit unserer Arbeit wollen wir Wege aus der Verarmung erm\u00f6glichen und die wirtschaftlichen Zusammenh\u00e4nge der ungleichen Entwicklung aufzeigen. Wir wollen Existenzm\u00f6glichkeiten f\u00fcr die Menschen in den L\u00e4ndern Afrikas, Asiens&hellip;<\/p>\n","protected":false},"author":1,"featured_media":0,"parent":0,"menu_order":0,"comment_status":"closed","ping_status":"closed","template":"","meta":{"footnotes":""},"class_list":["post-20","page","type-page","status-publish","hentry","description-off"],"yoast_head":"<!-- This site is optimized with the Yoast SEO plugin v26.8 - https:\/\/yoast.com\/product\/yoast-seo-wordpress\/ -->\n<title>Weltladen Biberach - Weltladen Biberach<\/title>\n<meta name=\"robots\" content=\"index, follow, max-snippet:-1, max-image-preview:large, max-video-preview:-1\" \/>\n<link rel=\"canonical\" href=\"https:\/\/weltlaeden.de\/biberach\/\" \/>\n<meta property=\"og:locale\" content=\"de_DE\" \/>\n<meta property=\"og:type\" content=\"article\" \/>\n<meta property=\"og:title\" content=\"Weltladen Biberach - Weltladen Biberach\" \/>\n<meta property=\"og:description\" content=\"[vc_row][vc_column][vc_empty_space height=&#8220;20px&#8220;][vc_column_text css_animation=&#8220;none&#8220; css=&#8220;&#8220;] Lassen Sie sich FAIRzaubern und FAIRf\u00fchren [\/vc_column_text][vc_empty_space height=&#8220;20px&#8220;][\/vc_column][\/vc_row][vc_row][vc_column][vc_column_text css=&#8220;&#8220;] Willkommen im Weltladen Biberach [\/vc_column_text][vc_empty_space height=&#8220;20px&#8220;][vc_column_text css=&#8220;&#8220;] Unser Ziel ist Gerechtigkeit statt Mitleid Mit unserer Arbeit wollen wir Wege aus der Verarmung erm\u00f6glichen und die wirtschaftlichen Zusammenh\u00e4nge der ungleichen Entwicklung aufzeigen. Wir wollen Existenzm\u00f6glichkeiten f\u00fcr die Menschen in den L\u00e4ndern Afrikas, Asiens&hellip;\" \/>\n<meta property=\"og:url\" content=\"https:\/\/weltlaeden.de\/biberach\/\" \/>\n<meta property=\"og:site_name\" content=\"Weltladen Biberach\" \/>\n<meta property=\"article:modified_time\" content=\"2024-08-05T21:04:13+00:00\" \/>\n<meta property=\"og:image\" content=\"https:\/\/weltlaeden.de\/biberach\/wp-content\/uploads\/sites\/49\/2024\/07\/20240626_105550-300x164.jpg\" \/>\n<meta name=\"twitter:card\" content=\"summary_large_image\" \/>\n<meta name=\"twitter:label1\" content=\"Gesch\u00e4tzte Lesezeit\" \/>\n\t<meta name=\"twitter:data1\" content=\"3\u00a0Minuten\" \/>\n<script type=\"application\/ld+json\" class=\"yoast-schema-graph\">{\"@context\":\"https:\/\/schema.org\",\"@graph\":[{\"@type\":\"WebPage\",\"@id\":\"https:\/\/weltlaeden.de\/biberach\/\",\"url\":\"https:\/\/weltlaeden.de\/biberach\/\",\"name\":\"Weltladen Biberach - Weltladen Biberach\",\"isPartOf\":{\"@id\":\"https:\/\/weltlaeden.de\/biberach\/#website\"},\"primaryImageOfPage\":{\"@id\":\"https:\/\/weltlaeden.de\/biberach\/#primaryimage\"},\"image\":{\"@id\":\"https:\/\/weltlaeden.de\/biberach\/#primaryimage\"},\"thumbnailUrl\":\"https:\/\/weltlaeden.de\/biberach\/wp-content\/uploads\/sites\/49\/2024\/07\/20240626_105550-300x164.jpg\",\"datePublished\":\"2024-06-17T20:00:21+00:00\",\"dateModified\":\"2024-08-05T21:04:13+00:00\",\"breadcrumb\":{\"@id\":\"https:\/\/weltlaeden.de\/biberach\/#breadcrumb\"},\"inLanguage\":\"de\",\"potentialAction\":[{\"@type\":\"ReadAction\",\"target\":[\"https:\/\/weltlaeden.de\/biberach\/\"]}]},{\"@type\":\"ImageObject\",\"inLanguage\":\"de\",\"@id\":\"https:\/\/weltlaeden.de\/biberach\/#primaryimage\",\"url\":\"https:\/\/weltlaeden.de\/biberach\/wp-content\/uploads\/sites\/49\/2024\/07\/20240626_105550.jpg\",\"contentUrl\":\"https:\/\/weltlaeden.de\/biberach\/wp-content\/uploads\/sites\/49\/2024\/07\/20240626_105550.jpg\",\"width\":2048,\"height\":1118},{\"@type\":\"BreadcrumbList\",\"@id\":\"https:\/\/weltlaeden.de\/biberach\/#breadcrumb\",\"itemListElement\":[{\"@type\":\"ListItem\",\"position\":1,\"name\":\"Startseite\",\"item\":\"https:\/\/weltlaeden.de\/biberach\/\"},{\"@type\":\"ListItem\",\"position\":2,\"name\":\"Weltladen Biberach\"}]},{\"@type\":\"WebSite\",\"@id\":\"https:\/\/weltlaeden.de\/biberach\/#website\",\"url\":\"https:\/\/weltlaeden.de\/biberach\/\",\"name\":\"Vorlage\",\"description\":\"Faire Produkte seit 1981\",\"potentialAction\":[{\"@type\":\"SearchAction\",\"target\":{\"@type\":\"EntryPoint\",\"urlTemplate\":\"https:\/\/weltlaeden.de\/biberach\/?s={search_term_string}\"},\"query-input\":{\"@type\":\"PropertyValueSpecification\",\"valueRequired\":true,\"valueName\":\"search_term_string\"}}],\"inLanguage\":\"de\"}]}<\/script>\n<!-- \/ Yoast SEO plugin. -->","yoast_head_json":{"title":"Weltladen Biberach - Weltladen Biberach","robots":{"index":"index","follow":"follow","max-snippet":"max-snippet:-1","max-image-preview":"max-image-preview:large","max-video-preview":"max-video-preview:-1"},"canonical":"https:\/\/weltlaeden.de\/biberach\/","og_locale":"de_DE","og_type":"article","og_title":"Weltladen Biberach - Weltladen Biberach","og_description":"[vc_row][vc_column][vc_empty_space height=&#8220;20px&#8220;][vc_column_text css_animation=&#8220;none&#8220; css=&#8220;&#8220;] Lassen Sie sich FAIRzaubern und FAIRf\u00fchren [\/vc_column_text][vc_empty_space height=&#8220;20px&#8220;][\/vc_column][\/vc_row][vc_row][vc_column][vc_column_text css=&#8220;&#8220;] Willkommen im Weltladen Biberach [\/vc_column_text][vc_empty_space height=&#8220;20px&#8220;][vc_column_text css=&#8220;&#8220;] Unser Ziel ist Gerechtigkeit statt Mitleid Mit unserer Arbeit wollen wir Wege aus der Verarmung erm\u00f6glichen und die wirtschaftlichen Zusammenh\u00e4nge der ungleichen Entwicklung aufzeigen. Wir wollen Existenzm\u00f6glichkeiten f\u00fcr die Menschen in den L\u00e4ndern Afrikas, Asiens&hellip;","og_url":"https:\/\/weltlaeden.de\/biberach\/","og_site_name":"Weltladen Biberach","article_modified_time":"2024-08-05T21:04:13+00:00","og_image":[{"url":"https:\/\/weltlaeden.de\/biberach\/wp-content\/uploads\/sites\/49\/2024\/07\/20240626_105550-300x164.jpg","type":"","width":"","height":""}],"twitter_card":"summary_large_image","twitter_misc":{"Gesch\u00e4tzte Lesezeit":"3\u00a0Minuten"},"schema":{"@context":"https:\/\/schema.org","@graph":[{"@type":"WebPage","@id":"https:\/\/weltlaeden.de\/biberach\/","url":"https:\/\/weltlaeden.de\/biberach\/","name":"Weltladen Biberach - Weltladen Biberach","isPartOf":{"@id":"https:\/\/weltlaeden.de\/biberach\/#website"},"primaryImageOfPage":{"@id":"https:\/\/weltlaeden.de\/biberach\/#primaryimage"},"image":{"@id":"https:\/\/weltlaeden.de\/biberach\/#primaryimage"},"thumbnailUrl":"https:\/\/weltlaeden.de\/biberach\/wp-content\/uploads\/sites\/49\/2024\/07\/20240626_105550-300x164.jpg","datePublished":"2024-06-17T20:00:21+00:00","dateModified":"2024-08-05T21:04:13+00:00","breadcrumb":{"@id":"https:\/\/weltlaeden.de\/biberach\/#breadcrumb"},"inLanguage":"de","potentialAction":[{"@type":"ReadAction","target":["https:\/\/weltlaeden.de\/biberach\/"]}]},{"@type":"ImageObject","inLanguage":"de","@id":"https:\/\/weltlaeden.de\/biberach\/#primaryimage","url":"https:\/\/weltlaeden.de\/biberach\/wp-content\/uploads\/sites\/49\/2024\/07\/20240626_105550.jpg","contentUrl":"https:\/\/weltlaeden.de\/biberach\/wp-content\/uploads\/sites\/49\/2024\/07\/20240626_105550.jpg","width":2048,"height":1118},{"@type":"BreadcrumbList","@id":"https:\/\/weltlaeden.de\/biberach\/#breadcrumb","itemListElement":[{"@type":"ListItem","position":1,"name":"Startseite","item":"https:\/\/weltlaeden.de\/biberach\/"},{"@type":"ListItem","position":2,"name":"Weltladen Biberach"}]},{"@type":"WebSite","@id":"https:\/\/weltlaeden.de\/biberach\/#website","url":"https:\/\/weltlaeden.de\/biberach\/","name":"Vorlage","description":"Faire Produkte seit 1981","potentialAction":[{"@type":"SearchAction","target":{"@type":"EntryPoint","urlTemplate":"https:\/\/weltlaeden.de\/biberach\/?s={search_term_string}"},"query-input":{"@type":"PropertyValueSpecification","valueRequired":true,"valueName":"search_term_string"}}],"inLanguage":"de"}]}},"_links":{"self":[{"href":"https:\/\/weltlaeden.de\/biberach\/wp-json\/wp\/v2\/pages\/20","targetHints":{"allow":["GET"]}}],"collection":[{"href":"https:\/\/weltlaeden.de\/biberach\/wp-json\/wp\/v2\/pages"}],"about":[{"href":"https:\/\/weltlaeden.de\/biberach\/wp-json\/wp\/v2\/types\/page"}],"author":[{"embeddable":true,"href":"https:\/\/weltlaeden.de\/biberach\/wp-json\/wp\/v2\/users\/1"}],"replies":[{"embeddable":true,"href":"https:\/\/weltlaeden.de\/biberach\/wp-json\/wp\/v2\/comments?post=20"}],"version-history":[{"count":84,"href":"https:\/\/weltlaeden.de\/biberach\/wp-json\/wp\/v2\/pages\/20\/revisions"}],"predecessor-version":[{"id":823,"href":"https:\/\/weltlaeden.de\/biberach\/wp-json\/wp\/v2\/pages\/20\/revisions\/823"}],"wp:attachment":[{"href":"https:\/\/weltlaeden.de\/biberach\/wp-json\/wp\/v2\/media?parent=20"}],"curies":[{"name":"wp","href":"https:\/\/api.w.org\/{rel}","templated":true}]}}