{"id":930,"date":"2022-02-09T09:12:17","date_gmt":"2022-02-09T08:12:17","guid":{"rendered":"https:\/\/weltlaeden.de\/betzdorf\/?page_id=930"},"modified":"2022-02-23T22:57:16","modified_gmt":"2022-02-23T21:57:16","slug":"schokolade","status":"publish","type":"page","link":"https:\/\/weltlaeden.de\/betzdorf\/schokolade\/","title":{"rendered":"Schokolade"},"content":{"rendered":"<div class=\"wpb-content-wrapper\"><p>[vc_row][vc_column]<div class=\"wl_einzelbild\"><p><img loading=\"lazy\" decoding=\"async\" class=\"alignnone wp-image-707\" src=\"https:\/\/weltlaeden.de\/betzdorf\/wp-content\/uploads\/sites\/176\/2022\/02\/LadenschokoschnittsonyDSC06977-300x200.jpg\" alt=\"\" width=\"773\" height=\"515\" srcset=\"https:\/\/weltlaeden.de\/betzdorf\/wp-content\/uploads\/sites\/176\/2022\/02\/LadenschokoschnittsonyDSC06977-300x200.jpg 300w, https:\/\/weltlaeden.de\/betzdorf\/wp-content\/uploads\/sites\/176\/2022\/02\/LadenschokoschnittsonyDSC06977-768x511.jpg 768w, https:\/\/weltlaeden.de\/betzdorf\/wp-content\/uploads\/sites\/176\/2022\/02\/LadenschokoschnittsonyDSC06977.jpg 787w\" sizes=\"auto, (max-width: 773px) 100vw, 773px\" \/><\/p>\n<p>&nbsp;<\/p>\n<p><\/p><\/div>[\/vc_column][\/vc_row][vc_row][vc_column][vc_column_text]<\/p>\n<h1>Schokolade &#8211; Geschenk der G\u00f6tter<strong><br \/>\n<\/strong><\/h1>\n<h2>Eine Vielfalt an Sorten mit manchen \u00dcberraschungen im Angebot<\/h2>\n<p>&nbsp;<\/p>\n<p>Auch bei der Schokolade beziehen wir die meisten Produkte \u00fcber die GEPA, die selbst zu ihren Schokoladen schreibt: \u201eAls \u201eGeschenk der G\u00f6tter\u201c, genauer gesagt des Gottes Quetzalcoatl, sahen die Olmeken vor \u00fcber 3000 Jahren die Kakaobohnen. Heute ist keine andere S\u00fc\u00dfigkeit so beliebt wie Schokolade, die zartschmelzende Versuchung aus Kakao.<\/p>\n<p>Ob vegan, Pralin\u00e9 oder Zartbitter Schokolade \u2013 Feinschmecker und Schokoladen-Liebhaber erleben bei dem Gepa-Angebot ganz neue Kreationen. Wie w\u00e4re es zum Beispiel mit der Bio Schokolade Cardamom oder einer veganen Haselnuss Schokolade?\u201c<\/p>\n<p>Auch hier, wie beim Kaffee der GEPA, b\u00fcrgt das Angebot f\u00fcr Qualit\u00e4t, Produkten oft aus Bioanbau, es gibt einen hohen fairen Handelsanteil sowie umweltfreundliche Verpackungen:<\/p>\n<p><strong>Qualit\u00e4t:<\/strong> Kleinbauern ernten Kakao und andere Rohwaren in Spitzenqualit\u00e4t. Mittelst\u00e4ndische Verarbeiter kreieren daraus mit Sorgfalt und qualit\u00e4tsgepr\u00fcft k\u00f6stliche Schokoladen-Kreationen ohne Fremdfett.<\/p>\n<p><strong>Hoher Fair Handelsanteil:<\/strong> Faire Bio-Alpenmilch und in F\u00fcllungen faires Bio-Palmfett sorgen f\u00fcr Fair Handelsanteile bis zu 100 Prozent Handelsanteil in Schokoladen und Riegeln. Gekauft werden Kakaobohnen und -butter in Lateinamerika und Westafrika direkt bei Kleinbauerngenossenschaften. Diese Rohware gelangt \u00fcber mittelst\u00e4ndischen Verarbeiter in die Produkte. Die transparente Lieferkette ist f\u00fcr die Gepa auch ein wichtiger Baustein im Kampf\u00a0 gegen ausbeuterische Kinderarbeit.<\/p>\n<p><strong>Verpackung:<\/strong> GEPA-Schokoladentafeln und Schokoriegel sind ohne Aluminium verpackt. Ihr Innenwickel besteht zu \u00fcber 90 Prozent aus nachwachsenden Rohstoffen. Auch die anderen Verpackungen sind \u00fcberwiegend aluminiumfrei.<\/p>\n<p><strong>Bio:<\/strong> Die meisten der Gepa-Schokoladen stammen aus \u00f6kologischem Anbau mit EU-Bio-Siegel oder zus\u00e4tzlich dem Naturland Zeichen.[\/vc_column_text][\/vc_column][\/vc_row]<\/p>\n<\/div>","protected":false},"excerpt":{"rendered":"<p>[vc_row][vc_column][\/vc_column][\/vc_row][vc_row][vc_column][vc_column_text] Schokolade &#8211; Geschenk der G\u00f6tter Eine Vielfalt an Sorten mit manchen \u00dcberraschungen im Angebot &nbsp; Auch bei der Schokolade beziehen wir die meisten Produkte \u00fcber die GEPA, die selbst zu ihren Schokoladen schreibt: \u201eAls \u201eGeschenk der G\u00f6tter\u201c, genauer gesagt des Gottes Quetzalcoatl, sahen die Olmeken vor \u00fcber 3000 Jahren die Kakaobohnen. Heute ist keine&hellip;<\/p>\n","protected":false},"author":262,"featured_media":0,"parent":0,"menu_order":0,"comment_status":"closed","ping_status":"closed","template":"","meta":{"footnotes":""},"class_list":["post-930","page","type-page","status-publish","hentry","description-off"],"yoast_head":"<!-- This site is optimized with the Yoast SEO plugin v26.8 - https:\/\/yoast.com\/product\/yoast-seo-wordpress\/ -->\n<title>Schokolade - Weltladen Betzdorf<\/title>\n<meta name=\"robots\" content=\"index, follow, max-snippet:-1, max-image-preview:large, max-video-preview:-1\" \/>\n<link rel=\"canonical\" href=\"https:\/\/weltlaeden.de\/betzdorf\/schokolade\/\" \/>\n<meta property=\"og:locale\" content=\"de_DE\" \/>\n<meta property=\"og:type\" content=\"article\" \/>\n<meta property=\"og:title\" content=\"Schokolade - Weltladen Betzdorf\" \/>\n<meta property=\"og:description\" content=\"[vc_row][vc_column][\/vc_column][\/vc_row][vc_row][vc_column][vc_column_text] Schokolade &#8211; Geschenk der G\u00f6tter Eine Vielfalt an Sorten mit manchen \u00dcberraschungen im Angebot &nbsp; Auch bei der Schokolade beziehen wir die meisten Produkte \u00fcber die GEPA, die selbst zu ihren Schokoladen schreibt: \u201eAls \u201eGeschenk der G\u00f6tter\u201c, genauer gesagt des Gottes Quetzalcoatl, sahen die Olmeken vor \u00fcber 3000 Jahren die Kakaobohnen. Heute ist keine&hellip;\" \/>\n<meta property=\"og:url\" content=\"https:\/\/weltlaeden.de\/betzdorf\/schokolade\/\" \/>\n<meta property=\"og:site_name\" content=\"Weltladen Betzdorf\" \/>\n<meta property=\"article:modified_time\" content=\"2022-02-23T21:57:16+00:00\" \/>\n<meta property=\"og:image\" content=\"https:\/\/weltlaeden.de\/betzdorf\/wp-content\/uploads\/sites\/176\/2022\/02\/LadenschokoschnittsonyDSC06977-300x200.jpg\" \/>\n<meta name=\"twitter:card\" content=\"summary_large_image\" \/>\n<meta name=\"twitter:label1\" content=\"Gesch\u00e4tzte Lesezeit\" \/>\n\t<meta name=\"twitter:data1\" content=\"2\u00a0Minuten\" \/>\n<script type=\"application\/ld+json\" class=\"yoast-schema-graph\">{\"@context\":\"https:\/\/schema.org\",\"@graph\":[{\"@type\":\"WebPage\",\"@id\":\"https:\/\/weltlaeden.de\/betzdorf\/schokolade\/\",\"url\":\"https:\/\/weltlaeden.de\/betzdorf\/schokolade\/\",\"name\":\"Schokolade - Weltladen Betzdorf\",\"isPartOf\":{\"@id\":\"https:\/\/weltlaeden.de\/betzdorf\/#website\"},\"primaryImageOfPage\":{\"@id\":\"https:\/\/weltlaeden.de\/betzdorf\/schokolade\/#primaryimage\"},\"image\":{\"@id\":\"https:\/\/weltlaeden.de\/betzdorf\/schokolade\/#primaryimage\"},\"thumbnailUrl\":\"https:\/\/weltlaeden.de\/betzdorf\/wp-content\/uploads\/sites\/176\/2022\/02\/LadenschokoschnittsonyDSC06977-300x200.jpg\",\"datePublished\":\"2022-02-09T08:12:17+00:00\",\"dateModified\":\"2022-02-23T21:57:16+00:00\",\"breadcrumb\":{\"@id\":\"https:\/\/weltlaeden.de\/betzdorf\/schokolade\/#breadcrumb\"},\"inLanguage\":\"de\",\"potentialAction\":[{\"@type\":\"ReadAction\",\"target\":[\"https:\/\/weltlaeden.de\/betzdorf\/schokolade\/\"]}]},{\"@type\":\"ImageObject\",\"inLanguage\":\"de\",\"@id\":\"https:\/\/weltlaeden.de\/betzdorf\/schokolade\/#primaryimage\",\"url\":\"https:\/\/weltlaeden.de\/betzdorf\/wp-content\/uploads\/sites\/176\/2022\/02\/LadenschokoschnittsonyDSC06977.jpg\",\"contentUrl\":\"https:\/\/weltlaeden.de\/betzdorf\/wp-content\/uploads\/sites\/176\/2022\/02\/LadenschokoschnittsonyDSC06977.jpg\",\"width\":787,\"height\":524},{\"@type\":\"BreadcrumbList\",\"@id\":\"https:\/\/weltlaeden.de\/betzdorf\/schokolade\/#breadcrumb\",\"itemListElement\":[{\"@type\":\"ListItem\",\"position\":1,\"name\":\"Startseite\",\"item\":\"https:\/\/weltlaeden.de\/betzdorf\/\"},{\"@type\":\"ListItem\",\"position\":2,\"name\":\"Schokolade\"}]},{\"@type\":\"WebSite\",\"@id\":\"https:\/\/weltlaeden.de\/betzdorf\/#website\",\"url\":\"https:\/\/weltlaeden.de\/betzdorf\/\",\"name\":\"Weltladen Betzdorf\",\"description\":\"Ein St\u00fcck Welt von morgen\",\"potentialAction\":[{\"@type\":\"SearchAction\",\"target\":{\"@type\":\"EntryPoint\",\"urlTemplate\":\"https:\/\/weltlaeden.de\/betzdorf\/?s={search_term_string}\"},\"query-input\":{\"@type\":\"PropertyValueSpecification\",\"valueRequired\":true,\"valueName\":\"search_term_string\"}}],\"inLanguage\":\"de\"}]}<\/script>\n<!-- \/ Yoast SEO plugin. -->","yoast_head_json":{"title":"Schokolade - Weltladen Betzdorf","robots":{"index":"index","follow":"follow","max-snippet":"max-snippet:-1","max-image-preview":"max-image-preview:large","max-video-preview":"max-video-preview:-1"},"canonical":"https:\/\/weltlaeden.de\/betzdorf\/schokolade\/","og_locale":"de_DE","og_type":"article","og_title":"Schokolade - Weltladen Betzdorf","og_description":"[vc_row][vc_column][\/vc_column][\/vc_row][vc_row][vc_column][vc_column_text] Schokolade &#8211; Geschenk der G\u00f6tter Eine Vielfalt an Sorten mit manchen \u00dcberraschungen im Angebot &nbsp; Auch bei der Schokolade beziehen wir die meisten Produkte \u00fcber die GEPA, die selbst zu ihren Schokoladen schreibt: \u201eAls \u201eGeschenk der G\u00f6tter\u201c, genauer gesagt des Gottes Quetzalcoatl, sahen die Olmeken vor \u00fcber 3000 Jahren die Kakaobohnen. Heute ist keine&hellip;","og_url":"https:\/\/weltlaeden.de\/betzdorf\/schokolade\/","og_site_name":"Weltladen Betzdorf","article_modified_time":"2022-02-23T21:57:16+00:00","og_image":[{"url":"https:\/\/weltlaeden.de\/betzdorf\/wp-content\/uploads\/sites\/176\/2022\/02\/LadenschokoschnittsonyDSC06977-300x200.jpg","type":"","width":"","height":""}],"twitter_card":"summary_large_image","twitter_misc":{"Gesch\u00e4tzte Lesezeit":"2\u00a0Minuten"},"schema":{"@context":"https:\/\/schema.org","@graph":[{"@type":"WebPage","@id":"https:\/\/weltlaeden.de\/betzdorf\/schokolade\/","url":"https:\/\/weltlaeden.de\/betzdorf\/schokolade\/","name":"Schokolade - Weltladen Betzdorf","isPartOf":{"@id":"https:\/\/weltlaeden.de\/betzdorf\/#website"},"primaryImageOfPage":{"@id":"https:\/\/weltlaeden.de\/betzdorf\/schokolade\/#primaryimage"},"image":{"@id":"https:\/\/weltlaeden.de\/betzdorf\/schokolade\/#primaryimage"},"thumbnailUrl":"https:\/\/weltlaeden.de\/betzdorf\/wp-content\/uploads\/sites\/176\/2022\/02\/LadenschokoschnittsonyDSC06977-300x200.jpg","datePublished":"2022-02-09T08:12:17+00:00","dateModified":"2022-02-23T21:57:16+00:00","breadcrumb":{"@id":"https:\/\/weltlaeden.de\/betzdorf\/schokolade\/#breadcrumb"},"inLanguage":"de","potentialAction":[{"@type":"ReadAction","target":["https:\/\/weltlaeden.de\/betzdorf\/schokolade\/"]}]},{"@type":"ImageObject","inLanguage":"de","@id":"https:\/\/weltlaeden.de\/betzdorf\/schokolade\/#primaryimage","url":"https:\/\/weltlaeden.de\/betzdorf\/wp-content\/uploads\/sites\/176\/2022\/02\/LadenschokoschnittsonyDSC06977.jpg","contentUrl":"https:\/\/weltlaeden.de\/betzdorf\/wp-content\/uploads\/sites\/176\/2022\/02\/LadenschokoschnittsonyDSC06977.jpg","width":787,"height":524},{"@type":"BreadcrumbList","@id":"https:\/\/weltlaeden.de\/betzdorf\/schokolade\/#breadcrumb","itemListElement":[{"@type":"ListItem","position":1,"name":"Startseite","item":"https:\/\/weltlaeden.de\/betzdorf\/"},{"@type":"ListItem","position":2,"name":"Schokolade"}]},{"@type":"WebSite","@id":"https:\/\/weltlaeden.de\/betzdorf\/#website","url":"https:\/\/weltlaeden.de\/betzdorf\/","name":"Weltladen Betzdorf","description":"Ein St\u00fcck Welt von morgen","potentialAction":[{"@type":"SearchAction","target":{"@type":"EntryPoint","urlTemplate":"https:\/\/weltlaeden.de\/betzdorf\/?s={search_term_string}"},"query-input":{"@type":"PropertyValueSpecification","valueRequired":true,"valueName":"search_term_string"}}],"inLanguage":"de"}]}},"_links":{"self":[{"href":"https:\/\/weltlaeden.de\/betzdorf\/wp-json\/wp\/v2\/pages\/930","targetHints":{"allow":["GET"]}}],"collection":[{"href":"https:\/\/weltlaeden.de\/betzdorf\/wp-json\/wp\/v2\/pages"}],"about":[{"href":"https:\/\/weltlaeden.de\/betzdorf\/wp-json\/wp\/v2\/types\/page"}],"author":[{"embeddable":true,"href":"https:\/\/weltlaeden.de\/betzdorf\/wp-json\/wp\/v2\/users\/262"}],"replies":[{"embeddable":true,"href":"https:\/\/weltlaeden.de\/betzdorf\/wp-json\/wp\/v2\/comments?post=930"}],"version-history":[{"count":8,"href":"https:\/\/weltlaeden.de\/betzdorf\/wp-json\/wp\/v2\/pages\/930\/revisions"}],"predecessor-version":[{"id":1207,"href":"https:\/\/weltlaeden.de\/betzdorf\/wp-json\/wp\/v2\/pages\/930\/revisions\/1207"}],"wp:attachment":[{"href":"https:\/\/weltlaeden.de\/betzdorf\/wp-json\/wp\/v2\/media?parent=930"}],"curies":[{"name":"wp","href":"https:\/\/api.w.org\/{rel}","templated":true}]}}