{"id":922,"date":"2022-02-09T08:52:06","date_gmt":"2022-02-09T07:52:06","guid":{"rendered":"https:\/\/weltlaeden.de\/betzdorf\/?page_id=922"},"modified":"2022-02-23T23:07:51","modified_gmt":"2022-02-23T22:07:51","slug":"schals-aus-indien","status":"publish","type":"page","link":"https:\/\/weltlaeden.de\/betzdorf\/schals-aus-indien\/","title":{"rendered":"Schals aus Indien"},"content":{"rendered":"<div class=\"wpb-content-wrapper\"><p>[vc_row][vc_column]<div class=\"wl_einzelbild\"><p><img loading=\"lazy\" decoding=\"async\" class=\"alignnone wp-image-704\" src=\"https:\/\/weltlaeden.de\/betzdorf\/wp-content\/uploads\/sites\/176\/2022\/02\/LadenschalschnittDSC06970-300x200.jpg\" alt=\"\" width=\"773\" height=\"515\" srcset=\"https:\/\/weltlaeden.de\/betzdorf\/wp-content\/uploads\/sites\/176\/2022\/02\/LadenschalschnittDSC06970-300x200.jpg 300w, https:\/\/weltlaeden.de\/betzdorf\/wp-content\/uploads\/sites\/176\/2022\/02\/LadenschalschnittDSC06970-768x511.jpg 768w, https:\/\/weltlaeden.de\/betzdorf\/wp-content\/uploads\/sites\/176\/2022\/02\/LadenschalschnittDSC06970.jpg 787w\" sizes=\"auto, (max-width: 773px) 100vw, 773px\" \/><\/p>\n<p>&nbsp;<\/p>\n<p><\/p><\/div>[\/vc_column][\/vc_row][vc_row][vc_column][vc_column_text]<\/p>\n<h1>Schals aus Indien<\/h1>\n<h2>MANJEEN unterst\u00fctzt Menschen durch Designs, Motivation und Ausbildung<\/h2>\n<p>&nbsp;<\/p>\n<p>Mit dem ehrenamtlichen Engagement f\u00fcr einige Frauen im benachbarten Slum in Delhi begann die Geschichte des Handelspartners der GEPA. Jaishree, die bei TARA Projects in Delhi gearbeitet hat, wollte damals nur den Handwerkerinnen mit Designs und aktuellen Markttrends bei der Vermarktung ihres Schmuckes helfen. Zun\u00e4chst hatten die Frauen ihren neuen Schmuck kommerziellen H\u00e4ndlern im Inland angeboten. Sie hatten aber ziemlich gro\u00dfe Probleme, zum Beispiel f\u00fcr ihre Ware rechtzeitig bezahlt zu werden. Im Jahr 2000 hat sich Jaishree mit MANJEEN (Marginalised Artinsans&#8216; Network &amp; Joint Endeavour) in Neu-Delhi selbstst\u00e4ndig gemacht und den Kontakt zum Fairen Handel gesucht. Sp\u00e4ter kamen weitere Handwerksgruppen mit Schals, Keramik und Holzartikeln dazu. MANJEEN unterst\u00fctzt sie haupts\u00e4chlich durch Designs, Motivation und Ausbildung.<\/p>\n<p>MANJEEN arbeitet derzeit mit Handwerkerinnen und Handwerkern zusammen, die sich sowohl in der Hauptstadt Neu-Delhi als auch in den Bundesstaaten Uttar Pradesh, Rajasthan und Bihar befinden. Sie arbeiten haupts\u00e4chlich in Familienbetrieben, Selbsthilfegruppen und einer Webereikooperative. Die Gruppen in Neu-Delhi bestehen aus Produzentinnen und Produzenten, die vom Land in die Slums der Hauptstadt gezogen sind. Aufgrund der gro\u00dfen Probleme mit der Strom- und Wasserversorgung in den Slums, arbeiten sie teilweise in den R\u00e4umen von MANJEEN in Neu-Delhi.<\/p>\n<p><a href=\"https:\/\/www.gepa.de\/produzenten\/produzent\/produzenten\/pdf\/manjeen.html\">Mehr zum Projekt<\/a>[\/vc_column_text][\/vc_column][\/vc_row]<\/p>\n<\/div>","protected":false},"excerpt":{"rendered":"<p>[vc_row][vc_column][\/vc_column][\/vc_row][vc_row][vc_column][vc_column_text] Schals aus Indien MANJEEN unterst\u00fctzt Menschen durch Designs, Motivation und Ausbildung &nbsp; Mit dem ehrenamtlichen Engagement f\u00fcr einige Frauen im benachbarten Slum in Delhi begann die Geschichte des Handelspartners der GEPA. Jaishree, die bei TARA Projects in Delhi gearbeitet hat, wollte damals nur den Handwerkerinnen mit Designs und aktuellen Markttrends bei der Vermarktung ihres&hellip;<\/p>\n","protected":false},"author":262,"featured_media":0,"parent":0,"menu_order":0,"comment_status":"closed","ping_status":"closed","template":"","meta":{"footnotes":""},"class_list":["post-922","page","type-page","status-publish","hentry","description-off"],"yoast_head":"<!-- This site is optimized with the Yoast SEO plugin v26.8 - https:\/\/yoast.com\/product\/yoast-seo-wordpress\/ -->\n<title>Schals aus Indien - Weltladen Betzdorf<\/title>\n<meta name=\"robots\" content=\"index, follow, max-snippet:-1, max-image-preview:large, max-video-preview:-1\" \/>\n<link rel=\"canonical\" href=\"https:\/\/weltlaeden.de\/betzdorf\/schals-aus-indien\/\" \/>\n<meta property=\"og:locale\" content=\"de_DE\" \/>\n<meta property=\"og:type\" content=\"article\" \/>\n<meta property=\"og:title\" content=\"Schals aus Indien - Weltladen Betzdorf\" \/>\n<meta property=\"og:description\" content=\"[vc_row][vc_column][\/vc_column][\/vc_row][vc_row][vc_column][vc_column_text] Schals aus Indien MANJEEN unterst\u00fctzt Menschen durch Designs, Motivation und Ausbildung &nbsp; Mit dem ehrenamtlichen Engagement f\u00fcr einige Frauen im benachbarten Slum in Delhi begann die Geschichte des Handelspartners der GEPA. Jaishree, die bei TARA Projects in Delhi gearbeitet hat, wollte damals nur den Handwerkerinnen mit Designs und aktuellen Markttrends bei der Vermarktung ihres&hellip;\" \/>\n<meta property=\"og:url\" content=\"https:\/\/weltlaeden.de\/betzdorf\/schals-aus-indien\/\" \/>\n<meta property=\"og:site_name\" content=\"Weltladen Betzdorf\" \/>\n<meta property=\"article:modified_time\" content=\"2022-02-23T22:07:51+00:00\" \/>\n<meta property=\"og:image\" content=\"https:\/\/weltlaeden.de\/betzdorf\/wp-content\/uploads\/sites\/176\/2022\/02\/LadenschalschnittDSC06970-300x200.jpg\" \/>\n<meta name=\"twitter:card\" content=\"summary_large_image\" \/>\n<meta name=\"twitter:label1\" content=\"Gesch\u00e4tzte Lesezeit\" \/>\n\t<meta name=\"twitter:data1\" content=\"2\u00a0Minuten\" \/>\n<script type=\"application\/ld+json\" class=\"yoast-schema-graph\">{\"@context\":\"https:\/\/schema.org\",\"@graph\":[{\"@type\":\"WebPage\",\"@id\":\"https:\/\/weltlaeden.de\/betzdorf\/schals-aus-indien\/\",\"url\":\"https:\/\/weltlaeden.de\/betzdorf\/schals-aus-indien\/\",\"name\":\"Schals aus Indien - Weltladen Betzdorf\",\"isPartOf\":{\"@id\":\"https:\/\/weltlaeden.de\/betzdorf\/#website\"},\"primaryImageOfPage\":{\"@id\":\"https:\/\/weltlaeden.de\/betzdorf\/schals-aus-indien\/#primaryimage\"},\"image\":{\"@id\":\"https:\/\/weltlaeden.de\/betzdorf\/schals-aus-indien\/#primaryimage\"},\"thumbnailUrl\":\"https:\/\/weltlaeden.de\/betzdorf\/wp-content\/uploads\/sites\/176\/2022\/02\/LadenschalschnittDSC06970-300x200.jpg\",\"datePublished\":\"2022-02-09T07:52:06+00:00\",\"dateModified\":\"2022-02-23T22:07:51+00:00\",\"breadcrumb\":{\"@id\":\"https:\/\/weltlaeden.de\/betzdorf\/schals-aus-indien\/#breadcrumb\"},\"inLanguage\":\"de\",\"potentialAction\":[{\"@type\":\"ReadAction\",\"target\":[\"https:\/\/weltlaeden.de\/betzdorf\/schals-aus-indien\/\"]}]},{\"@type\":\"ImageObject\",\"inLanguage\":\"de\",\"@id\":\"https:\/\/weltlaeden.de\/betzdorf\/schals-aus-indien\/#primaryimage\",\"url\":\"https:\/\/weltlaeden.de\/betzdorf\/wp-content\/uploads\/sites\/176\/2022\/02\/LadenschalschnittDSC06970.jpg\",\"contentUrl\":\"https:\/\/weltlaeden.de\/betzdorf\/wp-content\/uploads\/sites\/176\/2022\/02\/LadenschalschnittDSC06970.jpg\",\"width\":787,\"height\":524},{\"@type\":\"BreadcrumbList\",\"@id\":\"https:\/\/weltlaeden.de\/betzdorf\/schals-aus-indien\/#breadcrumb\",\"itemListElement\":[{\"@type\":\"ListItem\",\"position\":1,\"name\":\"Startseite\",\"item\":\"https:\/\/weltlaeden.de\/betzdorf\/\"},{\"@type\":\"ListItem\",\"position\":2,\"name\":\"Schals aus Indien\"}]},{\"@type\":\"WebSite\",\"@id\":\"https:\/\/weltlaeden.de\/betzdorf\/#website\",\"url\":\"https:\/\/weltlaeden.de\/betzdorf\/\",\"name\":\"Weltladen Betzdorf\",\"description\":\"Ein St\u00fcck Welt von morgen\",\"potentialAction\":[{\"@type\":\"SearchAction\",\"target\":{\"@type\":\"EntryPoint\",\"urlTemplate\":\"https:\/\/weltlaeden.de\/betzdorf\/?s={search_term_string}\"},\"query-input\":{\"@type\":\"PropertyValueSpecification\",\"valueRequired\":true,\"valueName\":\"search_term_string\"}}],\"inLanguage\":\"de\"}]}<\/script>\n<!-- \/ Yoast SEO plugin. -->","yoast_head_json":{"title":"Schals aus Indien - Weltladen Betzdorf","robots":{"index":"index","follow":"follow","max-snippet":"max-snippet:-1","max-image-preview":"max-image-preview:large","max-video-preview":"max-video-preview:-1"},"canonical":"https:\/\/weltlaeden.de\/betzdorf\/schals-aus-indien\/","og_locale":"de_DE","og_type":"article","og_title":"Schals aus Indien - Weltladen Betzdorf","og_description":"[vc_row][vc_column][\/vc_column][\/vc_row][vc_row][vc_column][vc_column_text] Schals aus Indien MANJEEN unterst\u00fctzt Menschen durch Designs, Motivation und Ausbildung &nbsp; Mit dem ehrenamtlichen Engagement f\u00fcr einige Frauen im benachbarten Slum in Delhi begann die Geschichte des Handelspartners der GEPA. Jaishree, die bei TARA Projects in Delhi gearbeitet hat, wollte damals nur den Handwerkerinnen mit Designs und aktuellen Markttrends bei der Vermarktung ihres&hellip;","og_url":"https:\/\/weltlaeden.de\/betzdorf\/schals-aus-indien\/","og_site_name":"Weltladen Betzdorf","article_modified_time":"2022-02-23T22:07:51+00:00","og_image":[{"url":"https:\/\/weltlaeden.de\/betzdorf\/wp-content\/uploads\/sites\/176\/2022\/02\/LadenschalschnittDSC06970-300x200.jpg","type":"","width":"","height":""}],"twitter_card":"summary_large_image","twitter_misc":{"Gesch\u00e4tzte Lesezeit":"2\u00a0Minuten"},"schema":{"@context":"https:\/\/schema.org","@graph":[{"@type":"WebPage","@id":"https:\/\/weltlaeden.de\/betzdorf\/schals-aus-indien\/","url":"https:\/\/weltlaeden.de\/betzdorf\/schals-aus-indien\/","name":"Schals aus Indien - Weltladen Betzdorf","isPartOf":{"@id":"https:\/\/weltlaeden.de\/betzdorf\/#website"},"primaryImageOfPage":{"@id":"https:\/\/weltlaeden.de\/betzdorf\/schals-aus-indien\/#primaryimage"},"image":{"@id":"https:\/\/weltlaeden.de\/betzdorf\/schals-aus-indien\/#primaryimage"},"thumbnailUrl":"https:\/\/weltlaeden.de\/betzdorf\/wp-content\/uploads\/sites\/176\/2022\/02\/LadenschalschnittDSC06970-300x200.jpg","datePublished":"2022-02-09T07:52:06+00:00","dateModified":"2022-02-23T22:07:51+00:00","breadcrumb":{"@id":"https:\/\/weltlaeden.de\/betzdorf\/schals-aus-indien\/#breadcrumb"},"inLanguage":"de","potentialAction":[{"@type":"ReadAction","target":["https:\/\/weltlaeden.de\/betzdorf\/schals-aus-indien\/"]}]},{"@type":"ImageObject","inLanguage":"de","@id":"https:\/\/weltlaeden.de\/betzdorf\/schals-aus-indien\/#primaryimage","url":"https:\/\/weltlaeden.de\/betzdorf\/wp-content\/uploads\/sites\/176\/2022\/02\/LadenschalschnittDSC06970.jpg","contentUrl":"https:\/\/weltlaeden.de\/betzdorf\/wp-content\/uploads\/sites\/176\/2022\/02\/LadenschalschnittDSC06970.jpg","width":787,"height":524},{"@type":"BreadcrumbList","@id":"https:\/\/weltlaeden.de\/betzdorf\/schals-aus-indien\/#breadcrumb","itemListElement":[{"@type":"ListItem","position":1,"name":"Startseite","item":"https:\/\/weltlaeden.de\/betzdorf\/"},{"@type":"ListItem","position":2,"name":"Schals aus Indien"}]},{"@type":"WebSite","@id":"https:\/\/weltlaeden.de\/betzdorf\/#website","url":"https:\/\/weltlaeden.de\/betzdorf\/","name":"Weltladen Betzdorf","description":"Ein St\u00fcck Welt von morgen","potentialAction":[{"@type":"SearchAction","target":{"@type":"EntryPoint","urlTemplate":"https:\/\/weltlaeden.de\/betzdorf\/?s={search_term_string}"},"query-input":{"@type":"PropertyValueSpecification","valueRequired":true,"valueName":"search_term_string"}}],"inLanguage":"de"}]}},"_links":{"self":[{"href":"https:\/\/weltlaeden.de\/betzdorf\/wp-json\/wp\/v2\/pages\/922","targetHints":{"allow":["GET"]}}],"collection":[{"href":"https:\/\/weltlaeden.de\/betzdorf\/wp-json\/wp\/v2\/pages"}],"about":[{"href":"https:\/\/weltlaeden.de\/betzdorf\/wp-json\/wp\/v2\/types\/page"}],"author":[{"embeddable":true,"href":"https:\/\/weltlaeden.de\/betzdorf\/wp-json\/wp\/v2\/users\/262"}],"replies":[{"embeddable":true,"href":"https:\/\/weltlaeden.de\/betzdorf\/wp-json\/wp\/v2\/comments?post=922"}],"version-history":[{"count":8,"href":"https:\/\/weltlaeden.de\/betzdorf\/wp-json\/wp\/v2\/pages\/922\/revisions"}],"predecessor-version":[{"id":1214,"href":"https:\/\/weltlaeden.de\/betzdorf\/wp-json\/wp\/v2\/pages\/922\/revisions\/1214"}],"wp:attachment":[{"href":"https:\/\/weltlaeden.de\/betzdorf\/wp-json\/wp\/v2\/media?parent=922"}],"curies":[{"name":"wp","href":"https:\/\/api.w.org\/{rel}","templated":true}]}}