{"id":855,"date":"2022-02-06T15:26:43","date_gmt":"2022-02-06T14:26:43","guid":{"rendered":"https:\/\/weltlaeden.de\/betzdorf\/?page_id=855"},"modified":"2024-03-26T20:15:52","modified_gmt":"2024-03-26T19:15:52","slug":"suessigkeiten","status":"publish","type":"page","link":"https:\/\/weltlaeden.de\/betzdorf\/suessigkeiten\/","title":{"rendered":"S\u00fc\u00dfigkeiten"},"content":{"rendered":"<div class=\"wpb-content-wrapper\"><p>[vc_row][vc_column]<div class=\"wl_einzelbild\"><p><\/p>\n<p data-wp-editing=\"1\"><img loading=\"lazy\" decoding=\"async\" class=\"alignnone size-medium wp-image-1445\" src=\"https:\/\/weltlaeden.de\/betzdorf\/wp-content\/uploads\/sites\/176\/2022\/02\/WL-Riegel2-IMG_7194-002-300x193.jpg\" alt=\"\" width=\"300\" height=\"193\" srcset=\"https:\/\/weltlaeden.de\/betzdorf\/wp-content\/uploads\/sites\/176\/2022\/02\/WL-Riegel2-IMG_7194-002-300x193.jpg 300w, https:\/\/weltlaeden.de\/betzdorf\/wp-content\/uploads\/sites\/176\/2022\/02\/WL-Riegel2-IMG_7194-002-1024x659.jpg 1024w, https:\/\/weltlaeden.de\/betzdorf\/wp-content\/uploads\/sites\/176\/2022\/02\/WL-Riegel2-IMG_7194-002-768x494.jpg 768w, https:\/\/weltlaeden.de\/betzdorf\/wp-content\/uploads\/sites\/176\/2022\/02\/WL-Riegel2-IMG_7194-002-1536x989.jpg 1536w, https:\/\/weltlaeden.de\/betzdorf\/wp-content\/uploads\/sites\/176\/2022\/02\/WL-Riegel2-IMG_7194-002-scaled.jpg 2048w\" sizes=\"auto, (max-width: 300px) 100vw, 300px\" \/><\/p>\n<p>\u00a0<\/p><\/div>[\/vc_column][\/vc_row][vc_row][vc_column][vc_column_text]<\/p>\n<h1>Mehr als ein Snack f\u00fcr den s\u00fc\u00dfen Zahn<\/h1>\n<h2 class=\"category-cms\">Fair Trade Schokoriegel von der GEPA und Bio-Fruchtriegel von weltpartner<\/h2>\n<p>&nbsp;<\/p>\n<h3 class=\"category-cms\">Schokoriegel:<\/h3>\n<div class=\"category-cms\">Ein GEPA Fair Trade Schokoriegel ist mehr als nur ein Snack f\u00fcr den s\u00fc\u00dfen Zahn: Der Gro\u00dfteil der GEPA-Schokoriegel tr\u00e4gt das Bio-Siegel. Vom Kids-Riegel mit Milchcremef\u00fcllung \u00fcber den veganen Kokos-Riegel bis hin zum exotischen Quinua-Crisp-Riegel ist f\u00fcr jeden Geschmack der passende Fair Trade Schokoriegel dabei.<\/div>\n<div><\/div>\n<div>\n<div class=\"csc-textpic-text\">\n<header class=\"csc-header csc-header-n4\"><strong>fair+:<\/strong> Pionierleistung: Mit <a href=\"https:\/\/www.gepa.de\/produzenten\/partner\/milchwerke-berchtesgadener-land.html\">fairer Bio-Milch<\/a> aus dem Berchtesgardener Land und fairem Bio-Palmfett erh\u00f6ht die GEPA den Fair-Handelsanteil in Schokoladen und Riegeln auf bis zu 100 Prozent! Wir kaufen Kakaobohnen und -butter in Lateinamerika und Westafrika direkt bei Kleinbauerngenossenschaften. Genau diese Rohware gelangt \u00fcber unsere mittelst\u00e4ndischen Verarbeiter in unsere Produkte. Die transparente Lieferkette ist ein wichtiger Baustein im Kampf\u00a0 gegen ausbeuterische Kinderarbeit.<\/header>\n<\/div>\n<\/div>\n<p>&nbsp;<\/p>\n<hr \/>\n<p><strong>\u00a0<\/strong><\/p>\n<h3><strong>Bio-Fruchtriegel:<\/strong><\/h3>\n<p class=\"cs95E872D0\">Von <a href=\"https:\/\/www.weltpartner.de\/de\">weltpartner<\/a> erh\u00e4lt der Weltladen Betzdorf leckere Bio-Fruchtriegel.<span class=\"csA16174BA\">Sie passen in jede Tasche, helfen gegen den kleinen Hunger und schmecken einfach klasse: Die Bio-Fruchtriegel Emma, Lotte und Oskar. Die fairen Zutaten in unseren Riegeln stammen unter anderem von unseren Partnern aus der T\u00fcrkei, aus Tunesien und Burkina Faso.<\/span><\/p>\n<div class=\"desc\">\n<p class=\"cs95E872D0\"><span class=\"csA16174BA\"><strong>Fruchtriegel Lotte, Dattel-Limette:<\/strong> Frech und spritzig durch die Kombination mit der Zitrusfrische sonnengereifter Limette.<\/span><\/p>\n<\/div>\n<div class=\"example2\">\n<div class=\"tabs_show\">\n<div class=\"responsive-tabs-wrapper\">\n<div class=\"responsive-tabs responsive-tabs--enabled\">\n<div id=\"tablist1-panel1\" class=\"responsive-tabs__panel responsive-tabs__panel--active\" role=\"tabpanel\" aria-hidden=\"false\" aria-labelledby=\"tablist1-tab1\">\n<div id=\"product_description\" class=\"bitstab\">\n<div class=\"desc\">\n<p class=\"cs95E872D0\"><span class=\"csA16174BA\"><strong>Fruchtriegel Oskar, Apfel-Feige:<\/strong> F\u00fcr Apfel-Fans ein milder Fruchtgenuss, der vor allem auch den J\u00fcngsten super schmeckt.<\/span><\/p>\n<\/div>\n<\/div>\n<\/div>\n<\/div>\n<\/div>\n<\/div>\n<\/div>\n<div class=\"title\"><strong>Kokosriegel mit Vollmilch-Schokolade \u00fcberzogen:<\/strong> 56 Kleinbauernfamilien aus zwei Kooperativen bauen Kokosn\u00fcsse auf ihrem eigenen Land f\u00fcr MAL Organic in Sri Lanka an. Der Name MAL bedeutet \u201eReinheit der Blume\u201c. Die Anbauweise in Mischkultur sorgt f\u00fcr ganzj\u00e4hrige Erntem\u00f6glichkeiten, h\u00f6here Erntesicherheit, nat\u00fcrlichen D\u00fcnger und tr\u00e4gt zu einer erh\u00f6hten Bodenfruchtbarkeit bei.\u00a0 Die \u00dcbers\u00e4uerung der B\u00f6den \u2013 ein typisches Problem im Kokosanbau \u2013 wird so erfolgreich verhindert.<\/div>\n<div class=\"example2\">\n<div class=\"tabs_show\">\n<div class=\"responsive-tabs-wrapper\">\n<div class=\"responsive-tabs responsive-tabs--enabled\">\n<div id=\"tablist1-panel1\" class=\"responsive-tabs__panel responsive-tabs__panel--active\" role=\"tabpanel\" aria-hidden=\"false\" aria-labelledby=\"tablist1-tab1\">\n<div id=\"manufacturer_description\" class=\"bitstab\">\n<div id=\"description\">\n<p>Die Kokosnusserzeugnisse werden ausschlie\u00dflich f\u00fcr den Export hergestellt. Die ebenfalls angebauten Bio-Produkte wie Papaya, Ananas, Bananen und Heilkr\u00e4uter werden gr\u00f6\u00dftenteils f\u00fcr den lokalen Verkauf und zur Selbstversorgung erzeugt und sind eine zus\u00e4tzliche Einkommensquelle f\u00fcr die Kleinbauern. Die teilnehmenden Kleinbauern erhalten faire Erzeugerpreise und h\u00f6here L\u00f6hne als markt\u00fcblich.<\/p>\n<p>Durch die Fair Trade Pr\u00e4mie und durch die gezielte Investition von 1 Prozent des Umsatzes k\u00f6nnen drei angestellte Lehrerinnen in einem Kindergarten und in einer Montessori-Schule finanziert werden.<\/p>\n<\/div>\n<\/div>\n<\/div>\n<\/div>\n<\/div>\n<\/div>\n<\/div>\n<p>[\/vc_column_text][\/vc_column][\/vc_row]<\/p>\n<\/div>","protected":false},"excerpt":{"rendered":"<p>[vc_row][vc_column][\/vc_column][\/vc_row][vc_row][vc_column][vc_column_text] Mehr als ein Snack f\u00fcr den s\u00fc\u00dfen Zahn Fair Trade Schokoriegel von der GEPA und Bio-Fruchtriegel von weltpartner &nbsp; Schokoriegel: Ein GEPA Fair Trade Schokoriegel ist mehr als nur ein Snack f\u00fcr den s\u00fc\u00dfen Zahn: Der Gro\u00dfteil der GEPA-Schokoriegel tr\u00e4gt das Bio-Siegel. Vom Kids-Riegel mit Milchcremef\u00fcllung \u00fcber den veganen Kokos-Riegel bis hin zum exotischen&hellip;<\/p>\n","protected":false},"author":262,"featured_media":0,"parent":0,"menu_order":0,"comment_status":"closed","ping_status":"closed","template":"","meta":{"footnotes":""},"class_list":["post-855","page","type-page","status-publish","hentry","description-off"],"yoast_head":"<!-- This site is optimized with the Yoast SEO plugin v26.8 - https:\/\/yoast.com\/product\/yoast-seo-wordpress\/ -->\n<title>S\u00fc\u00dfigkeiten - Weltladen Betzdorf<\/title>\n<meta name=\"robots\" content=\"index, follow, max-snippet:-1, max-image-preview:large, max-video-preview:-1\" \/>\n<link rel=\"canonical\" href=\"https:\/\/weltlaeden.de\/betzdorf\/suessigkeiten\/\" \/>\n<meta property=\"og:locale\" content=\"de_DE\" \/>\n<meta property=\"og:type\" content=\"article\" \/>\n<meta property=\"og:title\" content=\"S\u00fc\u00dfigkeiten - Weltladen Betzdorf\" \/>\n<meta property=\"og:description\" content=\"[vc_row][vc_column][\/vc_column][\/vc_row][vc_row][vc_column][vc_column_text] Mehr als ein Snack f\u00fcr den s\u00fc\u00dfen Zahn Fair Trade Schokoriegel von der GEPA und Bio-Fruchtriegel von weltpartner &nbsp; Schokoriegel: Ein GEPA Fair Trade Schokoriegel ist mehr als nur ein Snack f\u00fcr den s\u00fc\u00dfen Zahn: Der Gro\u00dfteil der GEPA-Schokoriegel tr\u00e4gt das Bio-Siegel. Vom Kids-Riegel mit Milchcremef\u00fcllung \u00fcber den veganen Kokos-Riegel bis hin zum exotischen&hellip;\" \/>\n<meta property=\"og:url\" content=\"https:\/\/weltlaeden.de\/betzdorf\/suessigkeiten\/\" \/>\n<meta property=\"og:site_name\" content=\"Weltladen Betzdorf\" \/>\n<meta property=\"article:modified_time\" content=\"2024-03-26T19:15:52+00:00\" \/>\n<meta property=\"og:image\" content=\"https:\/\/weltlaeden.de\/betzdorf\/wp-content\/uploads\/sites\/176\/2022\/02\/WL-Riegel2-IMG_7194-002-300x193.jpg\" \/>\n<meta name=\"twitter:card\" content=\"summary_large_image\" \/>\n<meta name=\"twitter:label1\" content=\"Gesch\u00e4tzte Lesezeit\" \/>\n\t<meta name=\"twitter:data1\" content=\"3\u00a0Minuten\" \/>\n<script type=\"application\/ld+json\" class=\"yoast-schema-graph\">{\"@context\":\"https:\/\/schema.org\",\"@graph\":[{\"@type\":\"WebPage\",\"@id\":\"https:\/\/weltlaeden.de\/betzdorf\/suessigkeiten\/\",\"url\":\"https:\/\/weltlaeden.de\/betzdorf\/suessigkeiten\/\",\"name\":\"S\u00fc\u00dfigkeiten - Weltladen Betzdorf\",\"isPartOf\":{\"@id\":\"https:\/\/weltlaeden.de\/betzdorf\/#website\"},\"primaryImageOfPage\":{\"@id\":\"https:\/\/weltlaeden.de\/betzdorf\/suessigkeiten\/#primaryimage\"},\"image\":{\"@id\":\"https:\/\/weltlaeden.de\/betzdorf\/suessigkeiten\/#primaryimage\"},\"thumbnailUrl\":\"https:\/\/weltlaeden.de\/betzdorf\/wp-content\/uploads\/sites\/176\/2022\/02\/WL-Riegel2-IMG_7194-002-300x193.jpg\",\"datePublished\":\"2022-02-06T14:26:43+00:00\",\"dateModified\":\"2024-03-26T19:15:52+00:00\",\"breadcrumb\":{\"@id\":\"https:\/\/weltlaeden.de\/betzdorf\/suessigkeiten\/#breadcrumb\"},\"inLanguage\":\"de\",\"potentialAction\":[{\"@type\":\"ReadAction\",\"target\":[\"https:\/\/weltlaeden.de\/betzdorf\/suessigkeiten\/\"]}]},{\"@type\":\"ImageObject\",\"inLanguage\":\"de\",\"@id\":\"https:\/\/weltlaeden.de\/betzdorf\/suessigkeiten\/#primaryimage\",\"url\":\"https:\/\/weltlaeden.de\/betzdorf\/wp-content\/uploads\/sites\/176\/2022\/02\/WL-Riegel2-IMG_7194-002.jpg\",\"contentUrl\":\"https:\/\/weltlaeden.de\/betzdorf\/wp-content\/uploads\/sites\/176\/2022\/02\/WL-Riegel2-IMG_7194-002.jpg\",\"width\":2048,\"height\":1318},{\"@type\":\"BreadcrumbList\",\"@id\":\"https:\/\/weltlaeden.de\/betzdorf\/suessigkeiten\/#breadcrumb\",\"itemListElement\":[{\"@type\":\"ListItem\",\"position\":1,\"name\":\"Startseite\",\"item\":\"https:\/\/weltlaeden.de\/betzdorf\/\"},{\"@type\":\"ListItem\",\"position\":2,\"name\":\"S\u00fc\u00dfigkeiten\"}]},{\"@type\":\"WebSite\",\"@id\":\"https:\/\/weltlaeden.de\/betzdorf\/#website\",\"url\":\"https:\/\/weltlaeden.de\/betzdorf\/\",\"name\":\"Weltladen Betzdorf\",\"description\":\"Ein St\u00fcck Welt von morgen\",\"potentialAction\":[{\"@type\":\"SearchAction\",\"target\":{\"@type\":\"EntryPoint\",\"urlTemplate\":\"https:\/\/weltlaeden.de\/betzdorf\/?s={search_term_string}\"},\"query-input\":{\"@type\":\"PropertyValueSpecification\",\"valueRequired\":true,\"valueName\":\"search_term_string\"}}],\"inLanguage\":\"de\"}]}<\/script>\n<!-- \/ Yoast SEO plugin. -->","yoast_head_json":{"title":"S\u00fc\u00dfigkeiten - Weltladen Betzdorf","robots":{"index":"index","follow":"follow","max-snippet":"max-snippet:-1","max-image-preview":"max-image-preview:large","max-video-preview":"max-video-preview:-1"},"canonical":"https:\/\/weltlaeden.de\/betzdorf\/suessigkeiten\/","og_locale":"de_DE","og_type":"article","og_title":"S\u00fc\u00dfigkeiten - Weltladen Betzdorf","og_description":"[vc_row][vc_column][\/vc_column][\/vc_row][vc_row][vc_column][vc_column_text] Mehr als ein Snack f\u00fcr den s\u00fc\u00dfen Zahn Fair Trade Schokoriegel von der GEPA und Bio-Fruchtriegel von weltpartner &nbsp; Schokoriegel: Ein GEPA Fair Trade Schokoriegel ist mehr als nur ein Snack f\u00fcr den s\u00fc\u00dfen Zahn: Der Gro\u00dfteil der GEPA-Schokoriegel tr\u00e4gt das Bio-Siegel. Vom Kids-Riegel mit Milchcremef\u00fcllung \u00fcber den veganen Kokos-Riegel bis hin zum exotischen&hellip;","og_url":"https:\/\/weltlaeden.de\/betzdorf\/suessigkeiten\/","og_site_name":"Weltladen Betzdorf","article_modified_time":"2024-03-26T19:15:52+00:00","og_image":[{"url":"https:\/\/weltlaeden.de\/betzdorf\/wp-content\/uploads\/sites\/176\/2022\/02\/WL-Riegel2-IMG_7194-002-300x193.jpg","type":"","width":"","height":""}],"twitter_card":"summary_large_image","twitter_misc":{"Gesch\u00e4tzte Lesezeit":"3\u00a0Minuten"},"schema":{"@context":"https:\/\/schema.org","@graph":[{"@type":"WebPage","@id":"https:\/\/weltlaeden.de\/betzdorf\/suessigkeiten\/","url":"https:\/\/weltlaeden.de\/betzdorf\/suessigkeiten\/","name":"S\u00fc\u00dfigkeiten - Weltladen Betzdorf","isPartOf":{"@id":"https:\/\/weltlaeden.de\/betzdorf\/#website"},"primaryImageOfPage":{"@id":"https:\/\/weltlaeden.de\/betzdorf\/suessigkeiten\/#primaryimage"},"image":{"@id":"https:\/\/weltlaeden.de\/betzdorf\/suessigkeiten\/#primaryimage"},"thumbnailUrl":"https:\/\/weltlaeden.de\/betzdorf\/wp-content\/uploads\/sites\/176\/2022\/02\/WL-Riegel2-IMG_7194-002-300x193.jpg","datePublished":"2022-02-06T14:26:43+00:00","dateModified":"2024-03-26T19:15:52+00:00","breadcrumb":{"@id":"https:\/\/weltlaeden.de\/betzdorf\/suessigkeiten\/#breadcrumb"},"inLanguage":"de","potentialAction":[{"@type":"ReadAction","target":["https:\/\/weltlaeden.de\/betzdorf\/suessigkeiten\/"]}]},{"@type":"ImageObject","inLanguage":"de","@id":"https:\/\/weltlaeden.de\/betzdorf\/suessigkeiten\/#primaryimage","url":"https:\/\/weltlaeden.de\/betzdorf\/wp-content\/uploads\/sites\/176\/2022\/02\/WL-Riegel2-IMG_7194-002.jpg","contentUrl":"https:\/\/weltlaeden.de\/betzdorf\/wp-content\/uploads\/sites\/176\/2022\/02\/WL-Riegel2-IMG_7194-002.jpg","width":2048,"height":1318},{"@type":"BreadcrumbList","@id":"https:\/\/weltlaeden.de\/betzdorf\/suessigkeiten\/#breadcrumb","itemListElement":[{"@type":"ListItem","position":1,"name":"Startseite","item":"https:\/\/weltlaeden.de\/betzdorf\/"},{"@type":"ListItem","position":2,"name":"S\u00fc\u00dfigkeiten"}]},{"@type":"WebSite","@id":"https:\/\/weltlaeden.de\/betzdorf\/#website","url":"https:\/\/weltlaeden.de\/betzdorf\/","name":"Weltladen Betzdorf","description":"Ein St\u00fcck Welt von morgen","potentialAction":[{"@type":"SearchAction","target":{"@type":"EntryPoint","urlTemplate":"https:\/\/weltlaeden.de\/betzdorf\/?s={search_term_string}"},"query-input":{"@type":"PropertyValueSpecification","valueRequired":true,"valueName":"search_term_string"}}],"inLanguage":"de"}]}},"_links":{"self":[{"href":"https:\/\/weltlaeden.de\/betzdorf\/wp-json\/wp\/v2\/pages\/855","targetHints":{"allow":["GET"]}}],"collection":[{"href":"https:\/\/weltlaeden.de\/betzdorf\/wp-json\/wp\/v2\/pages"}],"about":[{"href":"https:\/\/weltlaeden.de\/betzdorf\/wp-json\/wp\/v2\/types\/page"}],"author":[{"embeddable":true,"href":"https:\/\/weltlaeden.de\/betzdorf\/wp-json\/wp\/v2\/users\/262"}],"replies":[{"embeddable":true,"href":"https:\/\/weltlaeden.de\/betzdorf\/wp-json\/wp\/v2\/comments?post=855"}],"version-history":[{"count":16,"href":"https:\/\/weltlaeden.de\/betzdorf\/wp-json\/wp\/v2\/pages\/855\/revisions"}],"predecessor-version":[{"id":1450,"href":"https:\/\/weltlaeden.de\/betzdorf\/wp-json\/wp\/v2\/pages\/855\/revisions\/1450"}],"wp:attachment":[{"href":"https:\/\/weltlaeden.de\/betzdorf\/wp-json\/wp\/v2\/media?parent=855"}],"curies":[{"name":"wp","href":"https:\/\/api.w.org\/{rel}","templated":true}]}}