{"id":853,"date":"2022-02-06T15:23:23","date_gmt":"2022-02-06T14:23:23","guid":{"rendered":"https:\/\/weltlaeden.de\/betzdorf\/?page_id=853"},"modified":"2022-02-23T22:56:28","modified_gmt":"2022-02-23T21:56:28","slug":"mangos","status":"publish","type":"page","link":"https:\/\/weltlaeden.de\/betzdorf\/mangos\/","title":{"rendered":"Mangos"},"content":{"rendered":"<div class=\"wpb-content-wrapper\"><p>[vc_row][vc_column]<div class=\"wl_einzelbild\"><p><img loading=\"lazy\" decoding=\"async\" class=\" wp-image-864 aligncenter\" src=\"https:\/\/weltlaeden.de\/betzdorf\/wp-content\/uploads\/sites\/176\/2022\/02\/MangosHesseDSC06365-Kopie-300x200.jpg\" alt=\"\" width=\"776\" height=\"517\" srcset=\"https:\/\/weltlaeden.de\/betzdorf\/wp-content\/uploads\/sites\/176\/2022\/02\/MangosHesseDSC06365-Kopie-300x200.jpg 300w, https:\/\/weltlaeden.de\/betzdorf\/wp-content\/uploads\/sites\/176\/2022\/02\/MangosHesseDSC06365-Kopie-768x511.jpg 768w, https:\/\/weltlaeden.de\/betzdorf\/wp-content\/uploads\/sites\/176\/2022\/02\/MangosHesseDSC06365-Kopie.jpg 787w\" sizes=\"auto, (max-width: 776px) 100vw, 776px\" \/><\/p>\n<p>&nbsp;<\/p>\n<p><\/p><\/div>[\/vc_column][\/vc_row][vc_row][vc_column][vc_column_text]<\/p>\n<h1>Mangos<\/h1>\n<h2>Im Einsatz f\u00fcr die Kinderschutzorganisation Preda<\/h2>\n<p>&nbsp;<\/p>\n<p>\u00dcber WeltPartner eG aus Ravensburg beziehen wir seit Jahren Mangoprodukte.<\/p>\n<p><strong>Mangos f\u00fcr Kinderrechte:<\/strong> Die Kinderschutzorganisation Preda wurde 1974 von Menschenrechtspreistr\u00e4ger Pater Shay Cullen auf den Philippinen gegr\u00fcndet. Bis heute ist die Stiftung Anlaufstelle und Therapiezentrum f\u00fcr sexuell missbrauchte sowie ehemals inhaftierte Kinder.\u00a0 Mit dem Kauf der Fair Trade Mango-Produkte bewirken K\u00e4ufer 3x Gutes:<\/p>\n<p><strong>Fair zu Kleinbauern &#8211; Ausweg aus der Armut:<\/strong> Das Fair Trade Mango-Projekt von Preda und WeltPartner verschafft \u00fcber 500 Kleinbauernfamilien auf den Philippinen eine Perspektive. Dadurch wird Landflucht verhindert und ein Armutskreislauf durchbrochen, der oftmals die Kinder am schlimmsten trifft.<\/p>\n<p><strong>Unterst\u00fctzung f\u00fcr Preda:<\/strong> 10% des Verkaufspreises unserer WeltPartner-Mango-Produkte verbleiben bei Preda. Damit f\u00f6rdern wir den Ausbau der Therapie-Arbeit und st\u00e4rken die Kinderrechte vor Ort.<\/p>\n<p><strong>Leckerer, exotischer Genuss:<\/strong> Exotisch-fruchtige Mango-Produkte warten auf Sie. Unser Bestseller, die getrockneten &#8222;Schutzengel-Mangos&#8220;, wurden inzwischen \u00fcber 5 Millionen Mal verkauft. Wann probieren Sie?<\/p>\n<p>&nbsp;<\/p>\n<p>Mehr Infos, Bilder und Videos zum Projekt gibt es auf unsere Aktionsseite<\/p>\n<p><a href=\"http:\/\/www.mangos-f\u00fcr-kinderrechte.de\"> www.mangos-f\u00fcr-kinderrechte.de<\/a><\/p>\n<p><a href=\"http:\/\/www.weltpartner.de\">www.weltpartner.de<\/a><\/p>\n<p>&nbsp;<\/p>\n<hr \/>\n<p>&nbsp;<\/p>\n<h2><strong>\u00dcber PREDA<\/strong><\/h2>\n<p>&nbsp;<\/p>\n<p>Die Preda-Stiftung ist weltweit f\u00fcr den Einsatz f\u00fcr Kinderrechte bekannt. Die zahlreichen Erfolge im jahrzehntelangen Kampf gegen Kinderprostitution und andere Menschenrechtsverletzungen, die Preda immer wieder internationale Aufmerksamkeit und Anerkennung verschaffen, basieren auf einem umfassenden Gesamtkonzept, mit dem der Leiter Shay Cullen und sein Team die Ursachen dieser Missst\u00e4nde bek\u00e4mpfen. Neben \u00f6ffentlichkeitswirksamen Kampagnen, der juristischen Verfolgung von T\u00e4tern oder therapeutischen Hilfen f\u00fcr die Opfer sexuellen Missbrauchs setzt Preda dabei vor allem auf den Fairen Handel als Pr\u00e4ventionsstrategie. Denn Pr\u00e4vention ist besser als Heilung.<\/p>\n<p>Nach Untersuchungen von UNICEF gibt es auf den Philippinen sch\u00e4tzungsweise 100.000 Kinderprostituierte, weltweit \u00fcber eine Million. F\u00fcr Preda ist die weit verbreitete Armut der philippinischen Bev\u00f6lkerung die Hauptursache f\u00fcr die sexuelle Ausbeutung von Kindern. Der Kinderhandel ist perfekt organisiert und nutzt die Armut und die oftmals ausweglos erscheinende Lage der Kleinbauern schamlos aus.<\/p>\n<p>&nbsp;<\/p>\n<h3>Fairer Handel mit Mangos<\/h3>\n<p>Der Faire Handel mit Mangos bietet in dieser Situation einen erfolgreichen Ausweg. Mit den kontinuierlichen Mehrpreiszahlungen f\u00fcr ihre Mangofr\u00fcchte k\u00f6nnen bereits tausende Familien einen gesicherten Lebensunterhalt erwirtschaften. Dies schafft die Voraussetzung f\u00fcr ein beh\u00fctetes und sicheres Zuhause f\u00fcr die Kinder. Mit dem Erl\u00f6s eines gro\u00dfen Mangobaumes k\u00f6nnen z.B. die kompletten Schulkosten f\u00fcr zwei Kinder f\u00fcr ein Jahr gedeckt werden.<\/p>\n<p>&nbsp;<\/p>\n<p>Alle Informationen zum fairen Handel mit Mangos, zu Anbau, Ernte und Verarbeitung und den Kinderrechtskampagnen von Preda und WeltPartner finden Sie unter:<\/p>\n<p><a href=\"http:\/\/www.mangos-f\u00fcr-kinderrechte.de\">www.mangos-f\u00fcr-kinderrechte.de<\/a>[\/vc_column_text][\/vc_column][\/vc_row]<\/p>\n<\/div>","protected":false},"excerpt":{"rendered":"<p>[vc_row][vc_column][\/vc_column][\/vc_row][vc_row][vc_column][vc_column_text] Mangos Im Einsatz f\u00fcr die Kinderschutzorganisation Preda &nbsp; \u00dcber WeltPartner eG aus Ravensburg beziehen wir seit Jahren Mangoprodukte. Mangos f\u00fcr Kinderrechte: Die Kinderschutzorganisation Preda wurde 1974 von Menschenrechtspreistr\u00e4ger Pater Shay Cullen auf den Philippinen gegr\u00fcndet. Bis heute ist die Stiftung Anlaufstelle und Therapiezentrum f\u00fcr sexuell missbrauchte sowie ehemals inhaftierte Kinder.\u00a0 Mit dem Kauf der&hellip;<\/p>\n","protected":false},"author":262,"featured_media":0,"parent":0,"menu_order":0,"comment_status":"closed","ping_status":"closed","template":"","meta":{"footnotes":""},"class_list":["post-853","page","type-page","status-publish","hentry","description-off"],"yoast_head":"<!-- This site is optimized with the Yoast SEO plugin v26.8 - https:\/\/yoast.com\/product\/yoast-seo-wordpress\/ -->\n<title>Mangos - Weltladen Betzdorf<\/title>\n<meta name=\"robots\" content=\"index, follow, max-snippet:-1, max-image-preview:large, max-video-preview:-1\" \/>\n<link rel=\"canonical\" href=\"https:\/\/weltlaeden.de\/betzdorf\/mangos\/\" \/>\n<meta property=\"og:locale\" content=\"de_DE\" \/>\n<meta property=\"og:type\" content=\"article\" \/>\n<meta property=\"og:title\" content=\"Mangos - Weltladen Betzdorf\" \/>\n<meta property=\"og:description\" content=\"[vc_row][vc_column][\/vc_column][\/vc_row][vc_row][vc_column][vc_column_text] Mangos Im Einsatz f\u00fcr die Kinderschutzorganisation Preda &nbsp; \u00dcber WeltPartner eG aus Ravensburg beziehen wir seit Jahren Mangoprodukte. Mangos f\u00fcr Kinderrechte: Die Kinderschutzorganisation Preda wurde 1974 von Menschenrechtspreistr\u00e4ger Pater Shay Cullen auf den Philippinen gegr\u00fcndet. Bis heute ist die Stiftung Anlaufstelle und Therapiezentrum f\u00fcr sexuell missbrauchte sowie ehemals inhaftierte Kinder.\u00a0 Mit dem Kauf der&hellip;\" \/>\n<meta property=\"og:url\" content=\"https:\/\/weltlaeden.de\/betzdorf\/mangos\/\" \/>\n<meta property=\"og:site_name\" content=\"Weltladen Betzdorf\" \/>\n<meta property=\"article:modified_time\" content=\"2022-02-23T21:56:28+00:00\" \/>\n<meta property=\"og:image\" content=\"https:\/\/weltlaeden.de\/betzdorf\/wp-content\/uploads\/sites\/176\/2022\/02\/MangosHesseDSC06365-Kopie-300x200.jpg\" \/>\n<meta name=\"twitter:card\" content=\"summary_large_image\" \/>\n<meta name=\"twitter:label1\" content=\"Gesch\u00e4tzte Lesezeit\" \/>\n\t<meta name=\"twitter:data1\" content=\"3\u00a0Minuten\" \/>\n<script type=\"application\/ld+json\" class=\"yoast-schema-graph\">{\"@context\":\"https:\/\/schema.org\",\"@graph\":[{\"@type\":\"WebPage\",\"@id\":\"https:\/\/weltlaeden.de\/betzdorf\/mangos\/\",\"url\":\"https:\/\/weltlaeden.de\/betzdorf\/mangos\/\",\"name\":\"Mangos - Weltladen Betzdorf\",\"isPartOf\":{\"@id\":\"https:\/\/weltlaeden.de\/betzdorf\/#website\"},\"primaryImageOfPage\":{\"@id\":\"https:\/\/weltlaeden.de\/betzdorf\/mangos\/#primaryimage\"},\"image\":{\"@id\":\"https:\/\/weltlaeden.de\/betzdorf\/mangos\/#primaryimage\"},\"thumbnailUrl\":\"https:\/\/weltlaeden.de\/betzdorf\/wp-content\/uploads\/sites\/176\/2022\/02\/MangosHesseDSC06365-Kopie-300x200.jpg\",\"datePublished\":\"2022-02-06T14:23:23+00:00\",\"dateModified\":\"2022-02-23T21:56:28+00:00\",\"breadcrumb\":{\"@id\":\"https:\/\/weltlaeden.de\/betzdorf\/mangos\/#breadcrumb\"},\"inLanguage\":\"de\",\"potentialAction\":[{\"@type\":\"ReadAction\",\"target\":[\"https:\/\/weltlaeden.de\/betzdorf\/mangos\/\"]}]},{\"@type\":\"ImageObject\",\"inLanguage\":\"de\",\"@id\":\"https:\/\/weltlaeden.de\/betzdorf\/mangos\/#primaryimage\",\"url\":\"https:\/\/weltlaeden.de\/betzdorf\/wp-content\/uploads\/sites\/176\/2022\/02\/MangosHesseDSC06365-Kopie.jpg\",\"contentUrl\":\"https:\/\/weltlaeden.de\/betzdorf\/wp-content\/uploads\/sites\/176\/2022\/02\/MangosHesseDSC06365-Kopie.jpg\",\"width\":787,\"height\":524},{\"@type\":\"BreadcrumbList\",\"@id\":\"https:\/\/weltlaeden.de\/betzdorf\/mangos\/#breadcrumb\",\"itemListElement\":[{\"@type\":\"ListItem\",\"position\":1,\"name\":\"Startseite\",\"item\":\"https:\/\/weltlaeden.de\/betzdorf\/\"},{\"@type\":\"ListItem\",\"position\":2,\"name\":\"Mangos\"}]},{\"@type\":\"WebSite\",\"@id\":\"https:\/\/weltlaeden.de\/betzdorf\/#website\",\"url\":\"https:\/\/weltlaeden.de\/betzdorf\/\",\"name\":\"Weltladen Betzdorf\",\"description\":\"Ein St\u00fcck Welt von morgen\",\"potentialAction\":[{\"@type\":\"SearchAction\",\"target\":{\"@type\":\"EntryPoint\",\"urlTemplate\":\"https:\/\/weltlaeden.de\/betzdorf\/?s={search_term_string}\"},\"query-input\":{\"@type\":\"PropertyValueSpecification\",\"valueRequired\":true,\"valueName\":\"search_term_string\"}}],\"inLanguage\":\"de\"}]}<\/script>\n<!-- \/ Yoast SEO plugin. -->","yoast_head_json":{"title":"Mangos - Weltladen Betzdorf","robots":{"index":"index","follow":"follow","max-snippet":"max-snippet:-1","max-image-preview":"max-image-preview:large","max-video-preview":"max-video-preview:-1"},"canonical":"https:\/\/weltlaeden.de\/betzdorf\/mangos\/","og_locale":"de_DE","og_type":"article","og_title":"Mangos - Weltladen Betzdorf","og_description":"[vc_row][vc_column][\/vc_column][\/vc_row][vc_row][vc_column][vc_column_text] Mangos Im Einsatz f\u00fcr die Kinderschutzorganisation Preda &nbsp; \u00dcber WeltPartner eG aus Ravensburg beziehen wir seit Jahren Mangoprodukte. Mangos f\u00fcr Kinderrechte: Die Kinderschutzorganisation Preda wurde 1974 von Menschenrechtspreistr\u00e4ger Pater Shay Cullen auf den Philippinen gegr\u00fcndet. Bis heute ist die Stiftung Anlaufstelle und Therapiezentrum f\u00fcr sexuell missbrauchte sowie ehemals inhaftierte Kinder.\u00a0 Mit dem Kauf der&hellip;","og_url":"https:\/\/weltlaeden.de\/betzdorf\/mangos\/","og_site_name":"Weltladen Betzdorf","article_modified_time":"2022-02-23T21:56:28+00:00","og_image":[{"url":"https:\/\/weltlaeden.de\/betzdorf\/wp-content\/uploads\/sites\/176\/2022\/02\/MangosHesseDSC06365-Kopie-300x200.jpg","type":"","width":"","height":""}],"twitter_card":"summary_large_image","twitter_misc":{"Gesch\u00e4tzte Lesezeit":"3\u00a0Minuten"},"schema":{"@context":"https:\/\/schema.org","@graph":[{"@type":"WebPage","@id":"https:\/\/weltlaeden.de\/betzdorf\/mangos\/","url":"https:\/\/weltlaeden.de\/betzdorf\/mangos\/","name":"Mangos - Weltladen Betzdorf","isPartOf":{"@id":"https:\/\/weltlaeden.de\/betzdorf\/#website"},"primaryImageOfPage":{"@id":"https:\/\/weltlaeden.de\/betzdorf\/mangos\/#primaryimage"},"image":{"@id":"https:\/\/weltlaeden.de\/betzdorf\/mangos\/#primaryimage"},"thumbnailUrl":"https:\/\/weltlaeden.de\/betzdorf\/wp-content\/uploads\/sites\/176\/2022\/02\/MangosHesseDSC06365-Kopie-300x200.jpg","datePublished":"2022-02-06T14:23:23+00:00","dateModified":"2022-02-23T21:56:28+00:00","breadcrumb":{"@id":"https:\/\/weltlaeden.de\/betzdorf\/mangos\/#breadcrumb"},"inLanguage":"de","potentialAction":[{"@type":"ReadAction","target":["https:\/\/weltlaeden.de\/betzdorf\/mangos\/"]}]},{"@type":"ImageObject","inLanguage":"de","@id":"https:\/\/weltlaeden.de\/betzdorf\/mangos\/#primaryimage","url":"https:\/\/weltlaeden.de\/betzdorf\/wp-content\/uploads\/sites\/176\/2022\/02\/MangosHesseDSC06365-Kopie.jpg","contentUrl":"https:\/\/weltlaeden.de\/betzdorf\/wp-content\/uploads\/sites\/176\/2022\/02\/MangosHesseDSC06365-Kopie.jpg","width":787,"height":524},{"@type":"BreadcrumbList","@id":"https:\/\/weltlaeden.de\/betzdorf\/mangos\/#breadcrumb","itemListElement":[{"@type":"ListItem","position":1,"name":"Startseite","item":"https:\/\/weltlaeden.de\/betzdorf\/"},{"@type":"ListItem","position":2,"name":"Mangos"}]},{"@type":"WebSite","@id":"https:\/\/weltlaeden.de\/betzdorf\/#website","url":"https:\/\/weltlaeden.de\/betzdorf\/","name":"Weltladen Betzdorf","description":"Ein St\u00fcck Welt von morgen","potentialAction":[{"@type":"SearchAction","target":{"@type":"EntryPoint","urlTemplate":"https:\/\/weltlaeden.de\/betzdorf\/?s={search_term_string}"},"query-input":{"@type":"PropertyValueSpecification","valueRequired":true,"valueName":"search_term_string"}}],"inLanguage":"de"}]}},"_links":{"self":[{"href":"https:\/\/weltlaeden.de\/betzdorf\/wp-json\/wp\/v2\/pages\/853","targetHints":{"allow":["GET"]}}],"collection":[{"href":"https:\/\/weltlaeden.de\/betzdorf\/wp-json\/wp\/v2\/pages"}],"about":[{"href":"https:\/\/weltlaeden.de\/betzdorf\/wp-json\/wp\/v2\/types\/page"}],"author":[{"embeddable":true,"href":"https:\/\/weltlaeden.de\/betzdorf\/wp-json\/wp\/v2\/users\/262"}],"replies":[{"embeddable":true,"href":"https:\/\/weltlaeden.de\/betzdorf\/wp-json\/wp\/v2\/comments?post=853"}],"version-history":[{"count":10,"href":"https:\/\/weltlaeden.de\/betzdorf\/wp-json\/wp\/v2\/pages\/853\/revisions"}],"predecessor-version":[{"id":1206,"href":"https:\/\/weltlaeden.de\/betzdorf\/wp-json\/wp\/v2\/pages\/853\/revisions\/1206"}],"wp:attachment":[{"href":"https:\/\/weltlaeden.de\/betzdorf\/wp-json\/wp\/v2\/media?parent=853"}],"curies":[{"name":"wp","href":"https:\/\/api.w.org\/{rel}","templated":true}]}}