{"id":794,"date":"2022-02-05T12:44:03","date_gmt":"2022-02-05T11:44:03","guid":{"rendered":"https:\/\/weltlaeden.de\/betzdorf\/?page_id=794"},"modified":"2022-02-24T11:05:59","modified_gmt":"2022-02-24T10:05:59","slug":"seifen-und-oele","status":"publish","type":"page","link":"https:\/\/weltlaeden.de\/betzdorf\/seifen-und-oele\/","title":{"rendered":"Seifen und \u00d6le"},"content":{"rendered":"<div class=\"wpb-content-wrapper\"><p>[vc_row][vc_column]<div class=\"wl_einzelbild\"><p><img loading=\"lazy\" decoding=\"async\" class=\"alignnone wp-image-708\" src=\"https:\/\/weltlaeden.de\/betzdorf\/wp-content\/uploads\/sites\/176\/2022\/02\/LadenseifeoelschnittDSC06989-300x200.jpg\" alt=\"\" width=\"778\" height=\"518\" srcset=\"https:\/\/weltlaeden.de\/betzdorf\/wp-content\/uploads\/sites\/176\/2022\/02\/LadenseifeoelschnittDSC06989-300x200.jpg 300w, https:\/\/weltlaeden.de\/betzdorf\/wp-content\/uploads\/sites\/176\/2022\/02\/LadenseifeoelschnittDSC06989-768x511.jpg 768w, https:\/\/weltlaeden.de\/betzdorf\/wp-content\/uploads\/sites\/176\/2022\/02\/LadenseifeoelschnittDSC06989.jpg 787w\" sizes=\"auto, (max-width: 778px) 100vw, 778px\" \/><\/p>\n<p>&nbsp;<\/p>\n<p><\/p><\/div>[\/vc_column][\/vc_row][vc_row][vc_column][vc_column_text]<\/p>\n<h1>Seifen und \u00d6le<\/h1>\n<h2>Wertvolle Pflegestoffe aus dem Fairen Handel<\/h2>\n<p>&nbsp;<\/p>\n<p>Die Seifen beziehen wir \u00fcber die GEPA, die \u00d6le \u00fcber den Regenwaldladen.<\/p>\n<p>&nbsp;<\/p>\n<h3><strong>Seifen:<\/strong><\/h3>\n<p><span id=\"page3R_mcid2\" class=\"markedContent\"><span dir=\"ltr\" role=\"presentation\">Die Seifen der GEPA werden im Palam Rural Centre (Indien)<\/span> hergestellt. Es sind <\/span><span id=\"page3R_mcid4\" class=\"markedContent\"><span dir=\"ltr\" role=\"presentation\">Seifen aus hochwertigen Pflanzen\u00f6len in den Sorten <\/span><\/span><span id=\"page3R_mcid5\" class=\"markedContent\"><span dir=\"ltr\" role=\"presentation\">Niem, Rose, Orange, Lavendel, Sandelholz und Kokos<\/span><\/span><span id=\"page3R_mcid6\" class=\"markedContent\"><\/span><span id=\"page3R_mcid7\" class=\"markedContent\"><\/span><span id=\"page3R_mcid8\" class=\"markedContent\"><\/span><span id=\"page3R_mcid9\" class=\"markedContent\"><\/span><span id=\"page3R_mcid10\" class=\"markedContent\"><\/span><span id=\"page3R_mcid11\" class=\"markedContent\"><\/span><span id=\"page3R_mcid12\" class=\"markedContent\">.<\/span><\/p>\n<p><span id=\"page3R_mcid12\" class=\"markedContent\"><br role=\"presentation\" \/><span dir=\"ltr\" role=\"presentation\">Bei den Seifen handelt es<\/span> <span dir=\"ltr\" role=\"presentation\">sich um nat\u00fcrliche Pflanzenseifen aus wertvollen Pflegestoffen wie Kokosnuss- und<\/span> <span dir=\"ltr\" role=\"presentation\">Mohua\u00f6l (auch Mohuabutter genannt) sowie dem nat\u00fcrlichen Glyzerin, erg\u00e4nzt mit<\/span> <span dir=\"ltr\" role=\"presentation\">pflegenden und duftenden \u00e4therischen \u00d6len. Mohua\u00f6l wird aus dem indischen But<\/span> <span dir=\"ltr\" role=\"presentation\">terbaum (Madhuca indica) gewonnen.<\/span><\/span><span id=\"page3R_mcid13\" class=\"markedContent\"><\/span><span id=\"page3R_mcid14\" class=\"markedContent\"><br role=\"presentation\" \/><span dir=\"ltr\" role=\"presentation\">Die Seifen sind in sechs verschiedenen Sorten erh\u00e4ltlich: Niem, Rose, Orange, La-<\/span><br role=\"presentation\" \/><span dir=\"ltr\" role=\"presentation\">vendel, Sandelholz und Kokos.<\/span><\/span><span id=\"page3R_mcid15\" class=\"markedContent\"><\/span><span id=\"page3R_mcid16\" class=\"markedContent\"><br role=\"presentation\" \/><span dir=\"ltr\" role=\"presentation\">Die zart duftenden, rein pflanzlichen Seifen eignen sich f\u00fcr die Reinigung von Ge<\/span><span dir=\"ltr\" role=\"presentation\">sicht, H\u00e4nden und K\u00f6rper. Milde Waschsubstanzen bewirken bei diesen hochwerti<\/span><span dir=\"ltr\" role=\"presentation\">gen Pflanzenseifen eine sanfte Reinigung und wirken zudem r\u00fcckfettend.<\/span><\/span><span id=\"page3R_mcid17\" class=\"markedContent\"><\/span><span id=\"page3R_mcid18\" class=\"markedContent\"> <span dir=\"ltr\" role=\"presentation\">Die Seifen enthalten noch den nat\u00fcrlichen Glyzeringehalt der jeweiligen verwendeten<\/span> <span dir=\"ltr\" role=\"presentation\">\u00d6le. Das Glyzerin ist durch seine hydroskopische Eigenschaft (wasserbindend) ein<\/span> <span dir=\"ltr\" role=\"presentation\">wertvoller Inhaltsstoff unserer Seifen. Der Feuchtigkeitshaushalt der Haut wird positiv<\/span> <span dir=\"ltr\" role=\"presentation\">beeinflusst und die Haut trocknet nicht aus.<\/span><\/span><span id=\"page3R_mcid19\" class=\"markedContent\"><\/span><span id=\"page3R_mcid20\" class=\"markedContent\"><br role=\"presentation\" \/><span dir=\"ltr\" role=\"presentation\">Bei kommerziell gefertigten Seifen wird das wertvolle Glyzerin von der Seife getrennt<\/span><br role=\"presentation\" \/><span dir=\"ltr\" role=\"presentation\">und als Inhaltsstoff f\u00fcr viele andere, industriell gefertigte Produkte weiterverkauft. <\/span><\/span><span id=\"page3R_mcid21\" class=\"markedContent\"><span dir=\"ltr\" role=\"presentation\">Au\u00dferdem werden die herk\u00f6mmlichen Toiletten- oder Feinseifen heute in der Regel<\/span> <span dir=\"ltr\" role=\"presentation\">aus 75 &#8211; 85 % Rindertalg &#8211; eine vergleichsweise billige Substanz- hergestellt und nur<\/span><br role=\"presentation\" \/><span dir=\"ltr\" role=\"presentation\">zu etwa 15 &#8211; 25 % aus Kokosnuss\u00f6l.<\/span><\/span><\/p>\n<p><span id=\"page3R_mcid22\" class=\"markedContent\"> Weitere Infos zu den Seifen der GEPA gibt es in diesem <a href=\"https:\/\/www.gepa-wug.de\/wug\/download\/info_non_food\/712%20Palam_Seife%20aus%20hochwertigen%20Pflanzenoelen.pdf\">Infoblatt<\/a><\/span><\/p>\n<p>&nbsp;<\/p>\n<hr \/>\n<h3><\/h3>\n<p>&nbsp;<\/p>\n<h3><strong>\u00d6le:<\/strong><\/h3>\n<p>Ein Gro\u00dfteil der kosmetischen und medizinischen Sch\u00e4tze Amazoniens verbirgt sich in den Fr\u00fcchten und Samen der unerme\u00dflichen Pflanzenvielfalt. Von traditionellen Waldbewohnern (Caboclos, Gummizapferfamilien) waldschonend gesammelt, sind sie die Grundlage f\u00fcr die Produktlinie &#8222;Sementes&#8220;\u00a0 und gleichzeitig eine wichtige Einkommensquelle f\u00fcr die Menschen.<\/p>\n<p><strong>Qualit\u00e4t:<\/strong> Die K\u00f6rperpflegemittel &#8211; Haut\u00f6le, Hautcreme aus der Tube, K\u00f6rperbutter, Lippenpflegestift, Massage\u00f6le, Fl\u00fcssigseife und Seifen sind von einer hervorragenden Qualit\u00e4t, wunderbar mild-pflegend mit angenehmen, v\u00f6llig neuen, sinnlichen D\u00fcften aus dem Regenwald Amazoniens.<\/p>\n<p><strong>\u00a0Herkunft:<\/strong> Die Rohstoffe (Samen, \u00d6le, Fr\u00fcchte) stammen zu einem gro\u00dfen Teil aus Wildsammlungen von der Insel Maraj\u00f3 und\/oder aus kleinen Hausg\u00e4rten bzw. Agroforstfl\u00e4chen kleiner Produzenten in brasiliansichen Bundesstaat Rondonia.<\/p>\n<p>Maraj\u00f3, die gr\u00f6\u00dfte Flu\u00dfinsel der Welt ist gr\u00f6\u00dfer als die Schweiz und liegt im M\u00fcndungsdelta des Amazonas im brasilianischen Bundesstaat Par\u00e1. Sie ist nach dreist\u00fcndiger (!) Schifffahrt von Bel\u00e9m aus zu erreichen. Die Insel ist d\u00fcnn besiedelt, seine Bewohner leben sehr karg vom Fischfang, von den Ertr\u00e4gen ihrer Hausg\u00e4rten und von kleinen Agroforstinitiativen. Auf Maraj\u00f3 gibt es 15 Dorfgemeinschaften, von denen acht f\u00fcr unsere Partnerfirma sammeln. In diesen acht Dorfgemeinschaften leben knapp 2000 Familien, die einen Gro\u00dfteil der Rohstoffe f\u00fcr die Haut- und K\u00f6rperpflegeprodukte sammeln, welche wir Ihnen im Rahmen des Regenwaldladens anbieten. Auf Maraj\u00f3 werden in erster Linie die Samen des Andirobabaumes, die des Paranussbaumes sowie die Wurzeln von Piprioka, einer auf Maraj\u00f3 endemischen, d.h. weltweit nur dort wachsenden Grasart gesammelt. Diese enthalten ein aromatisches \u00d6l, das vor allem in der lokalen und regionalen Parf\u00fcmherstellung verwendet wird. Wichtig f\u00fcr die Menschen ist die Tatsache, dass sie die Samen immer verkaufen k\u00f6nnen. Sie haben eine Abnahmegarantie und erwirtschaften sich so ein Einkommen, auf das sie sich verlassen k\u00f6nnen.<\/p>\n<p><strong>Lohn:<\/strong> Die Familien werden f\u00fcr Ihre Sammelleistung abh\u00e4ngig von der Art des Sammelproduktes und seiner Verf\u00fcgbarkeit \u00fcberdurchschnittlich entlohnt. So erhalten sie beispielsweise f\u00fcr ein Kilo Andirobasamen 18 Centavos, was ca. 8 Cent entspricht &#8211; f\u00fcr ein Kilo Pipriokawurzeln, deren Extraktion mit einem wesentlich h\u00f6herem Aufwand verbunden ist, werden zwei Real (!) &#8211; ca. 80 Cent &#8211; f\u00fcr das Kilo bezahlt.<\/p>\n<p><strong>Weiterverarbeitung:<\/strong> Die Weiterverarbeitung erfolgt von einer kleinen Firma, gegr\u00fcndet von drei Chemie-Studenten aus der Universit\u00e4t Par\u00e1. Die Firma ist mittlerweile auch von staatlichen Beh\u00f6rden mehrfach f\u00fcr ihren Einsatz auf dem Gebiet der nachhaltigen Entwicklung ausgezeichnet. Die Rohstoffe werden ausschliesslich von Familien und Kooperativen gekauft, die den Regenwald, ihre Lebensgrundlage, waldschonend nutzen. Die Weiterverarbeitung in der Stadt schafft weitere Arbeitspl\u00e4tze und sichert Einkommen auch f\u00fcr st\u00e4dtische Bev\u00f6lkerungsgruppen. Das tr\u00e4gt auch dazu bei, den \u00e4u\u00dferen Druck auf die W\u00e4lder zu reduzieren.<\/p>\n<p>&nbsp;<\/p>\n<p>Die Pflege\u00f6le beziehen wir \u00fcber den <a href=\"https:\/\/www.regenwaldladen.de\/de\/info\/Ueber-uns.html\">Regenwaldladen<\/a>[\/vc_column_text][\/vc_column][\/vc_row]<\/p>\n<\/div>","protected":false},"excerpt":{"rendered":"<p>[vc_row][vc_column][\/vc_column][\/vc_row][vc_row][vc_column][vc_column_text] Seifen und \u00d6le Wertvolle Pflegestoffe aus dem Fairen Handel &nbsp; Die Seifen beziehen wir \u00fcber die GEPA, die \u00d6le \u00fcber den Regenwaldladen. &nbsp; Seifen: Die Seifen der GEPA werden im Palam Rural Centre (Indien) hergestellt. Es sind Seifen aus hochwertigen Pflanzen\u00f6len in den Sorten Niem, Rose, Orange, Lavendel, Sandelholz und Kokos. Bei den Seifen&hellip;<\/p>\n","protected":false},"author":262,"featured_media":0,"parent":0,"menu_order":0,"comment_status":"closed","ping_status":"closed","template":"","meta":{"footnotes":""},"class_list":["post-794","page","type-page","status-publish","hentry","description-off"],"yoast_head":"<!-- This site is optimized with the Yoast SEO plugin v26.8 - https:\/\/yoast.com\/product\/yoast-seo-wordpress\/ -->\n<title>Seifen und \u00d6le - Weltladen Betzdorf<\/title>\n<meta name=\"robots\" content=\"index, follow, max-snippet:-1, max-image-preview:large, max-video-preview:-1\" \/>\n<link rel=\"canonical\" href=\"https:\/\/weltlaeden.de\/betzdorf\/seifen-und-oele\/\" \/>\n<meta property=\"og:locale\" content=\"de_DE\" \/>\n<meta property=\"og:type\" content=\"article\" \/>\n<meta property=\"og:title\" content=\"Seifen und \u00d6le - Weltladen Betzdorf\" \/>\n<meta property=\"og:description\" content=\"[vc_row][vc_column][\/vc_column][\/vc_row][vc_row][vc_column][vc_column_text] Seifen und \u00d6le Wertvolle Pflegestoffe aus dem Fairen Handel &nbsp; Die Seifen beziehen wir \u00fcber die GEPA, die \u00d6le \u00fcber den Regenwaldladen. &nbsp; Seifen: Die Seifen der GEPA werden im Palam Rural Centre (Indien) hergestellt. Es sind Seifen aus hochwertigen Pflanzen\u00f6len in den Sorten Niem, Rose, Orange, Lavendel, Sandelholz und Kokos. Bei den Seifen&hellip;\" \/>\n<meta property=\"og:url\" content=\"https:\/\/weltlaeden.de\/betzdorf\/seifen-und-oele\/\" \/>\n<meta property=\"og:site_name\" content=\"Weltladen Betzdorf\" \/>\n<meta property=\"article:modified_time\" content=\"2022-02-24T10:05:59+00:00\" \/>\n<meta property=\"og:image\" content=\"https:\/\/weltlaeden.de\/betzdorf\/wp-content\/uploads\/sites\/176\/2022\/02\/LadenseifeoelschnittDSC06989-300x200.jpg\" \/>\n<meta name=\"twitter:card\" content=\"summary_large_image\" \/>\n<meta name=\"twitter:label1\" content=\"Gesch\u00e4tzte Lesezeit\" \/>\n\t<meta name=\"twitter:data1\" content=\"4\u00a0Minuten\" \/>\n<script type=\"application\/ld+json\" class=\"yoast-schema-graph\">{\"@context\":\"https:\/\/schema.org\",\"@graph\":[{\"@type\":\"WebPage\",\"@id\":\"https:\/\/weltlaeden.de\/betzdorf\/seifen-und-oele\/\",\"url\":\"https:\/\/weltlaeden.de\/betzdorf\/seifen-und-oele\/\",\"name\":\"Seifen und \u00d6le - Weltladen Betzdorf\",\"isPartOf\":{\"@id\":\"https:\/\/weltlaeden.de\/betzdorf\/#website\"},\"primaryImageOfPage\":{\"@id\":\"https:\/\/weltlaeden.de\/betzdorf\/seifen-und-oele\/#primaryimage\"},\"image\":{\"@id\":\"https:\/\/weltlaeden.de\/betzdorf\/seifen-und-oele\/#primaryimage\"},\"thumbnailUrl\":\"https:\/\/weltlaeden.de\/betzdorf\/wp-content\/uploads\/sites\/176\/2022\/02\/LadenseifeoelschnittDSC06989-300x200.jpg\",\"datePublished\":\"2022-02-05T11:44:03+00:00\",\"dateModified\":\"2022-02-24T10:05:59+00:00\",\"breadcrumb\":{\"@id\":\"https:\/\/weltlaeden.de\/betzdorf\/seifen-und-oele\/#breadcrumb\"},\"inLanguage\":\"de\",\"potentialAction\":[{\"@type\":\"ReadAction\",\"target\":[\"https:\/\/weltlaeden.de\/betzdorf\/seifen-und-oele\/\"]}]},{\"@type\":\"ImageObject\",\"inLanguage\":\"de\",\"@id\":\"https:\/\/weltlaeden.de\/betzdorf\/seifen-und-oele\/#primaryimage\",\"url\":\"https:\/\/weltlaeden.de\/betzdorf\/wp-content\/uploads\/sites\/176\/2022\/02\/LadenseifeoelschnittDSC06989.jpg\",\"contentUrl\":\"https:\/\/weltlaeden.de\/betzdorf\/wp-content\/uploads\/sites\/176\/2022\/02\/LadenseifeoelschnittDSC06989.jpg\",\"width\":787,\"height\":524},{\"@type\":\"BreadcrumbList\",\"@id\":\"https:\/\/weltlaeden.de\/betzdorf\/seifen-und-oele\/#breadcrumb\",\"itemListElement\":[{\"@type\":\"ListItem\",\"position\":1,\"name\":\"Startseite\",\"item\":\"https:\/\/weltlaeden.de\/betzdorf\/\"},{\"@type\":\"ListItem\",\"position\":2,\"name\":\"Seifen und \u00d6le\"}]},{\"@type\":\"WebSite\",\"@id\":\"https:\/\/weltlaeden.de\/betzdorf\/#website\",\"url\":\"https:\/\/weltlaeden.de\/betzdorf\/\",\"name\":\"Weltladen Betzdorf\",\"description\":\"Ein St\u00fcck Welt von morgen\",\"potentialAction\":[{\"@type\":\"SearchAction\",\"target\":{\"@type\":\"EntryPoint\",\"urlTemplate\":\"https:\/\/weltlaeden.de\/betzdorf\/?s={search_term_string}\"},\"query-input\":{\"@type\":\"PropertyValueSpecification\",\"valueRequired\":true,\"valueName\":\"search_term_string\"}}],\"inLanguage\":\"de\"}]}<\/script>\n<!-- \/ Yoast SEO plugin. -->","yoast_head_json":{"title":"Seifen und \u00d6le - Weltladen Betzdorf","robots":{"index":"index","follow":"follow","max-snippet":"max-snippet:-1","max-image-preview":"max-image-preview:large","max-video-preview":"max-video-preview:-1"},"canonical":"https:\/\/weltlaeden.de\/betzdorf\/seifen-und-oele\/","og_locale":"de_DE","og_type":"article","og_title":"Seifen und \u00d6le - Weltladen Betzdorf","og_description":"[vc_row][vc_column][\/vc_column][\/vc_row][vc_row][vc_column][vc_column_text] Seifen und \u00d6le Wertvolle Pflegestoffe aus dem Fairen Handel &nbsp; Die Seifen beziehen wir \u00fcber die GEPA, die \u00d6le \u00fcber den Regenwaldladen. &nbsp; Seifen: Die Seifen der GEPA werden im Palam Rural Centre (Indien) hergestellt. Es sind Seifen aus hochwertigen Pflanzen\u00f6len in den Sorten Niem, Rose, Orange, Lavendel, Sandelholz und Kokos. Bei den Seifen&hellip;","og_url":"https:\/\/weltlaeden.de\/betzdorf\/seifen-und-oele\/","og_site_name":"Weltladen Betzdorf","article_modified_time":"2022-02-24T10:05:59+00:00","og_image":[{"url":"https:\/\/weltlaeden.de\/betzdorf\/wp-content\/uploads\/sites\/176\/2022\/02\/LadenseifeoelschnittDSC06989-300x200.jpg","type":"","width":"","height":""}],"twitter_card":"summary_large_image","twitter_misc":{"Gesch\u00e4tzte Lesezeit":"4\u00a0Minuten"},"schema":{"@context":"https:\/\/schema.org","@graph":[{"@type":"WebPage","@id":"https:\/\/weltlaeden.de\/betzdorf\/seifen-und-oele\/","url":"https:\/\/weltlaeden.de\/betzdorf\/seifen-und-oele\/","name":"Seifen und \u00d6le - Weltladen Betzdorf","isPartOf":{"@id":"https:\/\/weltlaeden.de\/betzdorf\/#website"},"primaryImageOfPage":{"@id":"https:\/\/weltlaeden.de\/betzdorf\/seifen-und-oele\/#primaryimage"},"image":{"@id":"https:\/\/weltlaeden.de\/betzdorf\/seifen-und-oele\/#primaryimage"},"thumbnailUrl":"https:\/\/weltlaeden.de\/betzdorf\/wp-content\/uploads\/sites\/176\/2022\/02\/LadenseifeoelschnittDSC06989-300x200.jpg","datePublished":"2022-02-05T11:44:03+00:00","dateModified":"2022-02-24T10:05:59+00:00","breadcrumb":{"@id":"https:\/\/weltlaeden.de\/betzdorf\/seifen-und-oele\/#breadcrumb"},"inLanguage":"de","potentialAction":[{"@type":"ReadAction","target":["https:\/\/weltlaeden.de\/betzdorf\/seifen-und-oele\/"]}]},{"@type":"ImageObject","inLanguage":"de","@id":"https:\/\/weltlaeden.de\/betzdorf\/seifen-und-oele\/#primaryimage","url":"https:\/\/weltlaeden.de\/betzdorf\/wp-content\/uploads\/sites\/176\/2022\/02\/LadenseifeoelschnittDSC06989.jpg","contentUrl":"https:\/\/weltlaeden.de\/betzdorf\/wp-content\/uploads\/sites\/176\/2022\/02\/LadenseifeoelschnittDSC06989.jpg","width":787,"height":524},{"@type":"BreadcrumbList","@id":"https:\/\/weltlaeden.de\/betzdorf\/seifen-und-oele\/#breadcrumb","itemListElement":[{"@type":"ListItem","position":1,"name":"Startseite","item":"https:\/\/weltlaeden.de\/betzdorf\/"},{"@type":"ListItem","position":2,"name":"Seifen und \u00d6le"}]},{"@type":"WebSite","@id":"https:\/\/weltlaeden.de\/betzdorf\/#website","url":"https:\/\/weltlaeden.de\/betzdorf\/","name":"Weltladen Betzdorf","description":"Ein St\u00fcck Welt von morgen","potentialAction":[{"@type":"SearchAction","target":{"@type":"EntryPoint","urlTemplate":"https:\/\/weltlaeden.de\/betzdorf\/?s={search_term_string}"},"query-input":{"@type":"PropertyValueSpecification","valueRequired":true,"valueName":"search_term_string"}}],"inLanguage":"de"}]}},"_links":{"self":[{"href":"https:\/\/weltlaeden.de\/betzdorf\/wp-json\/wp\/v2\/pages\/794","targetHints":{"allow":["GET"]}}],"collection":[{"href":"https:\/\/weltlaeden.de\/betzdorf\/wp-json\/wp\/v2\/pages"}],"about":[{"href":"https:\/\/weltlaeden.de\/betzdorf\/wp-json\/wp\/v2\/types\/page"}],"author":[{"embeddable":true,"href":"https:\/\/weltlaeden.de\/betzdorf\/wp-json\/wp\/v2\/users\/262"}],"replies":[{"embeddable":true,"href":"https:\/\/weltlaeden.de\/betzdorf\/wp-json\/wp\/v2\/comments?post=794"}],"version-history":[{"count":10,"href":"https:\/\/weltlaeden.de\/betzdorf\/wp-json\/wp\/v2\/pages\/794\/revisions"}],"predecessor-version":[{"id":1224,"href":"https:\/\/weltlaeden.de\/betzdorf\/wp-json\/wp\/v2\/pages\/794\/revisions\/1224"}],"wp:attachment":[{"href":"https:\/\/weltlaeden.de\/betzdorf\/wp-json\/wp\/v2\/media?parent=794"}],"curies":[{"name":"wp","href":"https:\/\/api.w.org\/{rel}","templated":true}]}}